{"id":12591,"date":"2025-04-25T16:00:39","date_gmt":"2025-04-25T16:00:39","guid":{"rendered":"https:\/\/www.cinesouk.ma\/?post_type=product&#038;p=12591"},"modified":"2025-05-11T13:15:29","modified_gmt":"2025-05-11T13:15:29","slug":"accu-stand-pro-event-table-2","status":"publish","type":"product","link":"https:\/\/www.cinesouk.ma\/fr\/produit\/accu-stand-pro-event-table-2\/","title":{"rendered":"Accu Stand Pro Event Table 2"},"content":{"rendered":"<p class=\"\" data-start=\"131\" data-end=\"429\">L'Accu Stand Pro Event Table 2 est une table professionnelle et portable con\u00e7ue pour les DJ, les techniciens audio et les organisateurs d'\u00e9v\u00e9nements. Cette table polyvalente offre une configuration \u00e9l\u00e9gante et fonctionnelle pour divers \u00e9v\u00e9nements, fournissant une surface stable pour l'\u00e9quipement tout en assurant un transport et un stockage faciles.<\/p>\n<ul data-start=\"454\" data-end=\"1248\">\n<li class=\"\" data-start=\"956\" data-end=\"1031\">\n<h3 class=\"\" data-start=\"112\" data-end=\"133\"><strong data-start=\"116\" data-end=\"133\">Caract\u00e9ristiques principales :<\/strong><\/h3>\n<ul data-start=\"135\" data-end=\"827\">\n<li class=\"\" data-start=\"135\" data-end=\"258\">\n<p class=\"\" data-start=\"137\" data-end=\"258\"><strong data-start=\"137\" data-end=\"170\">Design portable et pliable :<\/strong> Facile \u00e0 installer et \u00e0 ranger, parfait pour les DJ, les techniciens et les organisateurs d'\u00e9v\u00e9nements en d\u00e9placement.<\/p>\n<\/li>\n<li class=\"\" data-start=\"259\" data-end=\"361\">\n<p class=\"\" data-start=\"261\" data-end=\"361\"><strong data-start=\"261\" data-end=\"290\">Panneau avant personnalisable :<\/strong> La surface blanche permet de personnaliser le marquage avec des logos ou des graphiques.<\/p>\n<\/li>\n<li class=\"\" data-start=\"362\" data-end=\"484\">\n<p class=\"\" data-start=\"364\" data-end=\"484\"><strong data-start=\"364\" data-end=\"389\">Construction durable :<\/strong> Structure l\u00e9g\u00e8re en aluminium avec plateau en contreplaqu\u00e9 recouvert de moquette noire pour une finition professionnelle.<\/p>\n<\/li>\n<li class=\"\" data-start=\"485\" data-end=\"578\">\n<p class=\"\" data-start=\"487\" data-end=\"578\"><strong data-start=\"487\" data-end=\"510\">Capacit\u00e9 de charge \u00e9lev\u00e9e :<\/strong> Peut supporter jusqu'\u00e0 30 kg, assurant la stabilit\u00e9 de toute une s\u00e9rie d'\u00e9quipements.<\/p>\n<\/li>\n<li class=\"\" data-start=\"579\" data-end=\"702\">\n<p class=\"\" data-start=\"581\" data-end=\"702\"><strong data-start=\"581\" data-end=\"604\">Large compatibilit\u00e9 :<\/strong> Fonctionne avec divers accessoires, notamment des sacs de transport, des grilles et des barres lumineuses, pour une utilisation polyvalente.<\/p>\n<\/li>\n<li class=\"\" data-start=\"703\" data-end=\"827\">\n<p class=\"\" data-start=\"705\" data-end=\"827\"><strong data-start=\"705\" data-end=\"729\">Finition professionnelle :<\/strong> Le plateau en moquette noire et le panneau personnalisable garantissent un aspect professionnel et soign\u00e9 pour tout \u00e9v\u00e9nement.<\/p>\n<\/li>\n<\/ul>\n<h3 class=\"\" data-start=\"834\" data-end=\"857\"><strong data-start=\"838\" data-end=\"857\">Sp\u00e9cifications :<\/strong><\/h3>\n<ul data-start=\"859\" data-end=\"1465\">\n<li class=\"\" data-start=\"859\" data-end=\"904\">\n<p class=\"\" data-start=\"861\" data-end=\"904\"><strong data-start=\"861\" data-end=\"883\">Dimensions (ouvertes) :<\/strong> 1270 x 610 x 1155 mm<\/p>\n<\/li>\n<li class=\"\" data-start=\"905\" data-end=\"938\">\n<p class=\"\" data-start=\"907\" data-end=\"938\"><strong data-start=\"907\" data-end=\"918\">Poids :<\/strong> Environ 18 kg<\/p>\n<\/li>\n<li class=\"\" data-start=\"939\" data-end=\"980\">\n<p class=\"\" data-start=\"941\" data-end=\"980\"><strong data-start=\"941\" data-end=\"966\">Taille de la surface de travail :<\/strong> 1220 x 600 mm<\/p>\n<\/li>\n<li class=\"\" data-start=\"981\" data-end=\"1001\">\n<p class=\"\" data-start=\"983\" data-end=\"1001\"><strong data-start=\"983\" data-end=\"994\">Hauteur :<\/strong> 890 mm<\/p>\n<\/li>\n<li class=\"\" data-start=\"1002\" data-end=\"1071\">\n<p class=\"\" data-start=\"1004\" data-end=\"1071\"><strong data-start=\"1004\" data-end=\"1017\">Mat\u00e9riau :<\/strong> Cadre en aluminium, plateau en contreplaqu\u00e9 recouvert de moquette noire<\/p>\n<\/li>\n<li class=\"\" data-start=\"1072\" data-end=\"1102\">\n<p class=\"\" data-start=\"1074\" data-end=\"1102\"><strong data-start=\"1074\" data-end=\"1096\">Capacit\u00e9 de charge maximale :<\/strong> 30 kg<\/p>\n<\/li>\n<li class=\"\" data-start=\"1103\" data-end=\"1156\">\n<p class=\"\" data-start=\"1105\" data-end=\"1156\"><strong data-start=\"1105\" data-end=\"1126\">Taille du panneau avant :<\/strong> 635 x 571,5 mm (personnalisable)<\/p>\n<\/li>\n<li class=\"\" data-start=\"1157\" data-end=\"1191\">\n<p class=\"\" data-start=\"1159\" data-end=\"1191\"><strong data-start=\"1159\" data-end=\"1185\">Diam\u00e8tre du tube de support :<\/strong> 32 mm<\/p>\n<\/li>\n<li class=\"\" data-start=\"1192\" data-end=\"1246\">\n<p class=\"\" data-start=\"1194\" data-end=\"1246\"><strong data-start=\"1194\" data-end=\"1207\">Pliable :<\/strong> Oui, pour un transport et un stockage compacts<\/p>\n<\/li>\n<\/ul>\n<\/li>\n<\/ul>\n<p>L'Accu Stand Pro Event Table 2 allie portabilit\u00e9, durabilit\u00e9 et design \u00e9l\u00e9gant, ce qui en fait un excellent choix pour les professionnels des secteurs du divertissement et de l'\u00e9v\u00e9nementiel. Sa conception pliable assure un transport facile, tandis que la surface personnalisable permet des opportunit\u00e9s de marquage, fournissant une solution fiable et pratique pour une vari\u00e9t\u00e9 d'\u00e9v\u00e9nements.<\/p>\n<p>Louez-le maintenant sur <a href=\"https:\/\/www.cinesouk.ma\/fr\">CINESOUK<\/a> - une marque de <a href=\"https:\/\/www.broadway.ma\/\">BROADWAY PRODUCTIONS SARL.<\/a><\/p>","protected":false},"excerpt":{"rendered":"<p><strong>Sp\u00e9cifications :<\/strong><\/p>\n<ul data-start=\"859\" data-end=\"1465\">\n<li class=\"\" data-start=\"859\" data-end=\"904\">\n<p class=\"\" data-start=\"861\" data-end=\"904\"><strong data-start=\"861\" data-end=\"883\">Dimensions (ouvertes) :<\/strong> 1270 x 610 x 1155 mm<\/p>\n<\/li>\n<li class=\"\" data-start=\"905\" data-end=\"938\">\n<p class=\"\" data-start=\"907\" data-end=\"938\"><strong data-start=\"907\" data-end=\"918\">Poids :<\/strong> Environ 18 kg<\/p>\n<\/li>\n<li class=\"\" data-start=\"939\" data-end=\"980\">\n<p class=\"\" data-start=\"941\" data-end=\"980\"><strong data-start=\"941\" data-end=\"966\">Taille de la surface de travail :<\/strong> 1220 x 600 mm<\/p>\n<\/li>\n<li class=\"\" data-start=\"981\" data-end=\"1001\">\n<p class=\"\" data-start=\"983\" data-end=\"1001\"><strong data-start=\"983\" data-end=\"994\">Hauteur :<\/strong> 890 mm<\/p>\n<\/li>\n<li class=\"\" data-start=\"1002\" data-end=\"1071\">\n<p class=\"\" data-start=\"1004\" data-end=\"1071\"><strong data-start=\"1004\" data-end=\"1017\">Mat\u00e9riau :<\/strong> Cadre en aluminium, plateau en contreplaqu\u00e9 recouvert de moquette noire<\/p>\n<\/li>\n<li class=\"\" data-start=\"1072\" data-end=\"1102\">\n<p class=\"\" data-start=\"1074\" data-end=\"1102\"><strong data-start=\"1074\" data-end=\"1096\">Capacit\u00e9 de charge maximale :<\/strong> 30 kg<\/p>\n<\/li>\n<li class=\"\" data-start=\"1103\" data-end=\"1156\">\n<p class=\"\" data-start=\"1105\" data-end=\"1156\"><strong data-start=\"1105\" data-end=\"1126\">Taille du panneau avant :<\/strong> 635 x 571,5 mm (personnalisable)<\/p>\n<\/li>\n<li class=\"\" data-start=\"1157\" data-end=\"1191\">\n<p class=\"\" data-start=\"1159\" data-end=\"1191\"><strong data-start=\"1159\" data-end=\"1185\">Diam\u00e8tre du tube de support :<\/strong> 32 mm<\/p>\n<\/li>\n<li class=\"\" data-start=\"1192\" data-end=\"1246\">\n<p class=\"\" data-start=\"1194\" data-end=\"1246\"><strong data-start=\"1194\" data-end=\"1207\">Pliable :<\/strong> Oui, pour un transport et un stockage compacts<\/p>\n<\/li>\n<\/ul>","protected":false},"featured_media":12602,"template":"","meta":{"om_disable_all_campaigns":false,"_monsterinsights_skip_tracking":false,"_monsterinsights_sitenote_active":false,"_monsterinsights_sitenote_note":"","_monsterinsights_sitenote_category":0,"_uf_show_specific_survey":0,"_uf_disable_surveys":false},"product_brand":[],"product_cat":[90,35],"product_tag":[],"class_list":{"0":"post-12591","1":"product","2":"type-product","3":"status-publish","4":"has-post-thumbnail","6":"product_cat-djparty-cinesouk","7":"product_cat-sound-cinesouk","9":"entry","10":"has-media","12":"first","13":"instock","14":"taxable","15":"shipping-taxable","16":"purchasable","17":"product-type-variable","18":"has-product-nav","19":"col","20":"span_1_of_3","21":"owp-content-center","22":"owp-thumbs-layout-horizontal","23":"owp-btn-normal","24":"owp-tabs-layout-horizontal","25":"has-no-thumbnails"},"yoast_head":"<!-- This site is optimized with the Yoast SEO Premium plugin v26.0 (Yoast SEO v26.0) - https:\/\/yoast.com\/wordpress\/plugins\/seo\/ -->\n<title>Accu Stand Pro Event Table 2 - CineSouk - CineSouk - Marrakech | Morocco - For rent<\/title>\n<meta name=\"description\" content=\"The Accu Stand Pro Event Table 2 is a portable, professional table with a customizable surface, designed for DJs and technicians. It offers durability, easy transport, and compatibility with various accessories.\" \/>\n<meta name=\"robots\" content=\"index, follow, max-snippet:-1, max-image-preview:large, max-video-preview:-1\" \/>\n<link rel=\"canonical\" href=\"https:\/\/www.cinesouk.ma\/fr\/produit\/accu-stand-pro-event-table-2\/\" \/>\n<meta property=\"og:locale\" content=\"fr_FR\" \/>\n<meta property=\"og:type\" content=\"article\" \/>\n<meta property=\"og:title\" content=\"Accu Stand Pro Event Table 2\" \/>\n<meta property=\"og:description\" content=\"The Accu Stand Pro Event Table 2 is a portable, professional table with a customizable surface, designed for DJs and technicians. It offers durability, easy transport, and compatibility with various accessories.\" \/>\n<meta property=\"og:url\" content=\"https:\/\/www.cinesouk.ma\/fr\/produit\/accu-stand-pro-event-table-2\/\" \/>\n<meta property=\"og:site_name\" content=\"CineSouk\" \/>\n<meta property=\"article:modified_time\" content=\"2025-05-11T13:15:29+00:00\" \/>\n<meta property=\"og:image\" content=\"https:\/\/www.cinesouk.ma\/wp-content\/uploads\/2025\/04\/Accu-Stand-Pro-Event-Table-2.jpg\" \/>\n\t<meta property=\"og:image:width\" content=\"300\" \/>\n\t<meta property=\"og:image:height\" content=\"238\" \/>\n\t<meta property=\"og:image:type\" content=\"image\/jpeg\" \/>\n<meta name=\"twitter:card\" content=\"summary_large_image\" \/>\n<meta name=\"twitter:description\" content=\"The Accu Stand Pro Event Table 2 is a portable, professional table with a customizable surface, designed for DJs and technicians. It offers durability, easy transport, and compatibility with various accessories.\" \/>\n<meta name=\"twitter:label1\" content=\"Dur\u00e9e de lecture estim\u00e9e\" \/>\n\t<meta name=\"twitter:data1\" content=\"2 minutes\" \/>\n<script type=\"application\/ld+json\" class=\"yoast-schema-graph\">{\"@context\":\"https:\/\/schema.org\",\"@graph\":[{\"@type\":\"WebPage\",\"@id\":\"https:\/\/www.cinesouk.ma\/product\/accu-stand-pro-event-table-2\/\",\"url\":\"https:\/\/www.cinesouk.ma\/product\/accu-stand-pro-event-table-2\/\",\"name\":\"Accu Stand Pro Event Table 2 - CineSouk - CineSouk - Marrakech | Morocco - For rent\",\"isPartOf\":{\"@id\":\"https:\/\/www.cinesouk.ma\/#website\"},\"primaryImageOfPage\":{\"@id\":\"https:\/\/www.cinesouk.ma\/product\/accu-stand-pro-event-table-2\/#primaryimage\"},\"image\":{\"@id\":\"https:\/\/www.cinesouk.ma\/product\/accu-stand-pro-event-table-2\/#primaryimage\"},\"thumbnailUrl\":\"https:\/\/www.cinesouk.ma\/wp-content\/uploads\/2025\/04\/Accu-Stand-Pro-Event-Table-2.jpg\",\"datePublished\":\"2025-04-25T16:00:39+00:00\",\"dateModified\":\"2025-05-11T13:15:29+00:00\",\"description\":\"The Accu Stand Pro Event Table 2 is a portable, professional table with a customizable surface, designed for DJs and technicians. It offers durability, easy transport, and compatibility with various accessories.\",\"breadcrumb\":{\"@id\":\"https:\/\/www.cinesouk.ma\/product\/accu-stand-pro-event-table-2\/#breadcrumb\"},\"inLanguage\":\"fr-FR\",\"potentialAction\":[{\"@type\":\"ReadAction\",\"target\":[\"https:\/\/www.cinesouk.ma\/product\/accu-stand-pro-event-table-2\/\"]}]},{\"@type\":\"ImageObject\",\"inLanguage\":\"fr-FR\",\"@id\":\"https:\/\/www.cinesouk.ma\/product\/accu-stand-pro-event-table-2\/#primaryimage\",\"url\":\"https:\/\/www.cinesouk.ma\/wp-content\/uploads\/2025\/04\/Accu-Stand-Pro-Event-Table-2.jpg\",\"contentUrl\":\"https:\/\/www.cinesouk.ma\/wp-content\/uploads\/2025\/04\/Accu-Stand-Pro-Event-Table-2.jpg\",\"width\":300,\"height\":238,\"caption\":\"Accu Stand Pro Event Table 2\"},{\"@type\":\"BreadcrumbList\",\"@id\":\"https:\/\/www.cinesouk.ma\/product\/accu-stand-pro-event-table-2\/#breadcrumb\",\"itemListElement\":[{\"@type\":\"ListItem\",\"position\":1,\"name\":\"Home\",\"item\":\"https:\/\/www.cinesouk.ma\/\"},{\"@type\":\"ListItem\",\"position\":2,\"name\":\"Shop\",\"item\":\"https:\/\/www.cinesouk.ma\/shop\/\"},{\"@type\":\"ListItem\",\"position\":3,\"name\":\"Accu Stand Pro Event Table 2\"}]},{\"@type\":\"WebSite\",\"@id\":\"https:\/\/www.cinesouk.ma\/#website\",\"url\":\"https:\/\/www.cinesouk.ma\/\",\"name\":\"CineSouk\",\"description\":\"\",\"publisher\":{\"@id\":\"https:\/\/www.cinesouk.ma\/#organization\"},\"potentialAction\":[{\"@type\":\"SearchAction\",\"target\":{\"@type\":\"EntryPoint\",\"urlTemplate\":\"https:\/\/www.cinesouk.ma\/?s={search_term_string}\"},\"query-input\":{\"@type\":\"PropertyValueSpecification\",\"valueRequired\":true,\"valueName\":\"search_term_string\"}}],\"inLanguage\":\"fr-FR\"},{\"@type\":\"Organization\",\"@id\":\"https:\/\/www.cinesouk.ma\/#organization\",\"name\":\"CineSouk\",\"url\":\"https:\/\/www.cinesouk.ma\/\",\"logo\":{\"@type\":\"ImageObject\",\"inLanguage\":\"fr-FR\",\"@id\":\"https:\/\/www.cinesouk.ma\/#\/schema\/logo\/image\/\",\"url\":\"https:\/\/www.cinesouk.ma\/wp-content\/uploads\/2024\/01\/CineSouk-logo-v01-alpha-alligned-left.png\",\"contentUrl\":\"https:\/\/www.cinesouk.ma\/wp-content\/uploads\/2024\/01\/CineSouk-logo-v01-alpha-alligned-left.png\",\"width\":3204,\"height\":889,\"caption\":\"CineSouk\"},\"image\":{\"@id\":\"https:\/\/www.cinesouk.ma\/#\/schema\/logo\/image\/\"}}]}<\/script>\n<!-- \/ Yoast SEO Premium plugin. -->","yoast_head_json":{"title":"Accu Stand Pro Event Table 2 - CineSouk - CineSouk - Marrakech | Morocco - For rent","description":"The Accu Stand Pro Event Table 2 is a portable, professional table with a customizable surface, designed for DJs and technicians. It offers durability, easy transport, and compatibility with various accessories.","robots":{"index":"index","follow":"follow","max-snippet":"max-snippet:-1","max-image-preview":"max-image-preview:large","max-video-preview":"max-video-preview:-1"},"canonical":"https:\/\/www.cinesouk.ma\/fr\/produit\/accu-stand-pro-event-table-2\/","og_locale":"fr_FR","og_type":"article","og_title":"Accu Stand Pro Event Table 2","og_description":"The Accu Stand Pro Event Table 2 is a portable, professional table with a customizable surface, designed for DJs and technicians. It offers durability, easy transport, and compatibility with various accessories.","og_url":"https:\/\/www.cinesouk.ma\/fr\/produit\/accu-stand-pro-event-table-2\/","og_site_name":"CineSouk","article_modified_time":"2025-05-11T13:15:29+00:00","og_image":[{"width":300,"height":238,"url":"https:\/\/www.cinesouk.ma\/wp-content\/uploads\/2025\/04\/Accu-Stand-Pro-Event-Table-2.jpg","type":"image\/jpeg"}],"twitter_card":"summary_large_image","twitter_description":"The Accu Stand Pro Event Table 2 is a portable, professional table with a customizable surface, designed for DJs and technicians. It offers durability, easy transport, and compatibility with various accessories.","twitter_misc":{"Dur\u00e9e de lecture estim\u00e9e":"2 minutes"},"schema":{"@context":"https:\/\/schema.org","@graph":[{"@type":"WebPage","@id":"https:\/\/www.cinesouk.ma\/product\/accu-stand-pro-event-table-2\/","url":"https:\/\/www.cinesouk.ma\/product\/accu-stand-pro-event-table-2\/","name":"Accu Stand Pro Event Table 2 - CineSouk - CineSouk - Marrakech | Morocco - For rent","isPartOf":{"@id":"https:\/\/www.cinesouk.ma\/#website"},"primaryImageOfPage":{"@id":"https:\/\/www.cinesouk.ma\/product\/accu-stand-pro-event-table-2\/#primaryimage"},"image":{"@id":"https:\/\/www.cinesouk.ma\/product\/accu-stand-pro-event-table-2\/#primaryimage"},"thumbnailUrl":"https:\/\/www.cinesouk.ma\/wp-content\/uploads\/2025\/04\/Accu-Stand-Pro-Event-Table-2.jpg","datePublished":"2025-04-25T16:00:39+00:00","dateModified":"2025-05-11T13:15:29+00:00","description":"The Accu Stand Pro Event Table 2 is a portable, professional table with a customizable surface, designed for DJs and technicians. It offers durability, easy transport, and compatibility with various accessories.","breadcrumb":{"@id":"https:\/\/www.cinesouk.ma\/product\/accu-stand-pro-event-table-2\/#breadcrumb"},"inLanguage":"fr-FR","potentialAction":[{"@type":"ReadAction","target":["https:\/\/www.cinesouk.ma\/product\/accu-stand-pro-event-table-2\/"]}]},{"@type":"ImageObject","inLanguage":"fr-FR","@id":"https:\/\/www.cinesouk.ma\/product\/accu-stand-pro-event-table-2\/#primaryimage","url":"https:\/\/www.cinesouk.ma\/wp-content\/uploads\/2025\/04\/Accu-Stand-Pro-Event-Table-2.jpg","contentUrl":"https:\/\/www.cinesouk.ma\/wp-content\/uploads\/2025\/04\/Accu-Stand-Pro-Event-Table-2.jpg","width":300,"height":238,"caption":"Accu Stand Pro Event Table 2"},{"@type":"BreadcrumbList","@id":"https:\/\/www.cinesouk.ma\/product\/accu-stand-pro-event-table-2\/#breadcrumb","itemListElement":[{"@type":"ListItem","position":1,"name":"Home","item":"https:\/\/www.cinesouk.ma\/"},{"@type":"ListItem","position":2,"name":"Shop","item":"https:\/\/www.cinesouk.ma\/shop\/"},{"@type":"ListItem","position":3,"name":"Accu Stand Pro Event Table 2"}]},{"@type":"WebSite","@id":"https:\/\/www.cinesouk.ma\/#website","url":"https:\/\/www.cinesouk.ma\/","name":"CineSouk","description":"","publisher":{"@id":"https:\/\/www.cinesouk.ma\/#organization"},"potentialAction":[{"@type":"SearchAction","target":{"@type":"EntryPoint","urlTemplate":"https:\/\/www.cinesouk.ma\/?s={search_term_string}"},"query-input":{"@type":"PropertyValueSpecification","valueRequired":true,"valueName":"search_term_string"}}],"inLanguage":"fr-FR"},{"@type":"Organization","@id":"https:\/\/www.cinesouk.ma\/#organization","name":"CineSouk","url":"https:\/\/www.cinesouk.ma\/","logo":{"@type":"ImageObject","inLanguage":"fr-FR","@id":"https:\/\/www.cinesouk.ma\/#\/schema\/logo\/image\/","url":"https:\/\/www.cinesouk.ma\/wp-content\/uploads\/2024\/01\/CineSouk-logo-v01-alpha-alligned-left.png","contentUrl":"https:\/\/www.cinesouk.ma\/wp-content\/uploads\/2024\/01\/CineSouk-logo-v01-alpha-alligned-left.png","width":3204,"height":889,"caption":"CineSouk"},"image":{"@id":"https:\/\/www.cinesouk.ma\/#\/schema\/logo\/image\/"}}]}},"_links":{"self":[{"href":"https:\/\/www.cinesouk.ma\/fr\/wp-json\/wp\/v2\/product\/12591","targetHints":{"allow":["GET"]}}],"collection":[{"href":"https:\/\/www.cinesouk.ma\/fr\/wp-json\/wp\/v2\/product"}],"about":[{"href":"https:\/\/www.cinesouk.ma\/fr\/wp-json\/wp\/v2\/types\/product"}],"wp:featuredmedia":[{"embeddable":true,"href":"https:\/\/www.cinesouk.ma\/fr\/wp-json\/wp\/v2\/media\/12602"}],"wp:attachment":[{"href":"https:\/\/www.cinesouk.ma\/fr\/wp-json\/wp\/v2\/media?parent=12591"}],"wp:term":[{"taxonomy":"product_brand","embeddable":true,"href":"https:\/\/www.cinesouk.ma\/fr\/wp-json\/wp\/v2\/product_brand?post=12591"},{"taxonomy":"product_cat","embeddable":true,"href":"https:\/\/www.cinesouk.ma\/fr\/wp-json\/wp\/v2\/product_cat?post=12591"},{"taxonomy":"product_tag","embeddable":true,"href":"https:\/\/www.cinesouk.ma\/fr\/wp-json\/wp\/v2\/product_tag?post=12591"}],"curies":[{"name":"wp","href":"https:\/\/api.w.org\/{rel}","templated":true}]}}