{"id":12615,"date":"2025-04-26T09:05:35","date_gmt":"2025-04-26T09:05:35","guid":{"rendered":"https:\/\/www.cinesouk.ma\/?post_type=product&#038;p=12615"},"modified":"2025-05-11T13:15:10","modified_gmt":"2025-05-11T13:15:10","slug":"accu-stand-pro-event-table-scrim-blk","status":"publish","type":"product","link":"https:\/\/www.cinesouk.ma\/fr\/produit\/accu-stand-pro-event-table-scrim-blk\/","title":{"rendered":"Accu Stand PRO Event Table Scrim BLK"},"content":{"rendered":"<p class=\"\" data-start=\"139\" data-end=\"393\">L'Accu Stand PRO Event Table Scrim BLK est une housse en tissu noir de haute qualit\u00e9, con\u00e7ue sp\u00e9cifiquement pour l'Accu Stand Pro Event Table. Elle rehausse l'aspect de la table et offre des avantages pratiques, tels que la dissimulation des c\u00e2bles et de l'\u00e9quipement en dessous.<\/p>\n<h3 class=\"\" data-start=\"395\" data-end=\"416\"><strong data-start=\"399\" data-end=\"416\">Caract\u00e9ristiques principales :<\/strong><\/h3>\n<ul data-start=\"418\" data-end=\"1009\">\n<li class=\"\" data-start=\"418\" data-end=\"552\">\n<p class=\"\" data-start=\"420\" data-end=\"552\"><strong data-start=\"420\" data-end=\"448\">Apparence professionnelle :<\/strong> Cette grille noire donne \u00e0 votre table un aspect \u00e9pur\u00e9, id\u00e9al pour les \u00e9v\u00e9nements, les salons et les spectacles.<\/p>\n<\/li>\n<li class=\"\" data-start=\"553\" data-end=\"668\">\n<p class=\"\" data-start=\"555\" data-end=\"668\"><strong data-start=\"555\" data-end=\"576\">Gestion des c\u00e2bles :<\/strong> Il dissimule efficacement les c\u00e2bles et l'\u00e9quipement sous la table, ce qui permet d'organiser votre installation.<\/p>\n<\/li>\n<li class=\"\" data-start=\"669\" data-end=\"802\">\n<p class=\"\" data-start=\"671\" data-end=\"802\"><strong data-start=\"671\" data-end=\"703\">Tissu durable et extensible :<\/strong> La grille est fabriqu\u00e9e \u00e0 partir d'un mat\u00e9riau durable qui s'ajuste parfaitement, offrant une finition lisse et sans plis.<\/p>\n<\/li>\n<li class=\"\" data-start=\"803\" data-end=\"901\">\n<p class=\"\" data-start=\"805\" data-end=\"901\"><strong data-start=\"805\" data-end=\"825\">Facile \u00e0 installer :<\/strong> Fixez facilement la grille \u00e0 la table. Cela permet une mise en place et un retrait rapides.<\/p>\n<\/li>\n<li class=\"\" data-start=\"902\" data-end=\"1009\">\n<p class=\"\" data-start=\"904\" data-end=\"1009\"><strong data-start=\"904\" data-end=\"933\">Portable et l\u00e9ger :<\/strong> Le grillage est l\u00e9ger, ce qui le rend facile \u00e0 transporter pour les \u00e9v\u00e9nements en d\u00e9placement.<\/p>\n<\/li>\n<\/ul>\n<h3 class=\"\" data-start=\"1011\" data-end=\"1034\"><strong data-start=\"1015\" data-end=\"1034\">Sp\u00e9cifications :<\/strong><\/h3>\n<ul data-start=\"1036\" data-end=\"1262\">\n<li class=\"\" data-start=\"1036\" data-end=\"1079\">\n<p class=\"\" data-start=\"1038\" data-end=\"1079\"><strong data-start=\"1038\" data-end=\"1051\">Mat\u00e9riau :<\/strong> Tissu extensible de haute qualit\u00e9<\/p>\n<\/li>\n<li class=\"\" data-start=\"1080\" data-end=\"1098\">\n<p class=\"\" data-start=\"1082\" data-end=\"1098\"><strong data-start=\"1082\" data-end=\"1092\">Couleur :<\/strong> Noir<\/p>\n<\/li>\n<li class=\"\" data-start=\"1099\" data-end=\"1159\">\n<p class=\"\" data-start=\"1101\" data-end=\"1159\"><strong data-start=\"1101\" data-end=\"1119\">Compatibilit\u00e9 :<\/strong> Convient \u00e0 la <strong data-start=\"1129\" data-end=\"1159\">Table d'\u00e9v\u00e9nement Accu Stand Pro<\/strong><\/p>\n<\/li>\n<li class=\"\" data-start=\"1160\" data-end=\"1218\">\n<p class=\"\" data-start=\"1162\" data-end=\"1218\"><strong data-start=\"1162\" data-end=\"1177\">Dimensions :<\/strong> Con\u00e7u pour des tables de 1270 x 610 x 1155 mm<\/p>\n<\/li>\n<li class=\"\" data-start=\"1219\" data-end=\"1262\">\n<p class=\"\" data-start=\"1221\" data-end=\"1262\"><strong data-start=\"1221\" data-end=\"1232\">Poids :<\/strong> L\u00e9ger pour une manipulation ais\u00e9e<\/p>\n<\/li>\n<\/ul>\n<p class=\"\" data-start=\"1285\" data-end=\"1505\">L'Accu Stand PRO Event Table Scrim BLK am\u00e9liore l'apparence de la table et offre des fonctions de gestion des c\u00e2bles. Il s'agit d'un outil essentiel pour ceux qui recherchent une installation propre et professionnelle, que ce soit pour des \u00e9v\u00e9nements ou des salons.<\/p>\n<p>Louez-le maintenant sur <a href=\"https:\/\/www.cinesouk.ma\/fr\">CINESOUK<\/a> - une marque de <a href=\"https:\/\/www.broadway.ma\/\">BROADWAY PRODUCTIONS SARL.<\/a><\/p>","protected":false},"excerpt":{"rendered":"<p><strong>Sp\u00e9cifications :<\/strong><\/p>\n<ul data-start=\"1136\" data-end=\"1379\">\n<li class=\"\" data-start=\"1136\" data-end=\"1179\">\n<p class=\"\" data-start=\"1138\" data-end=\"1179\"><strong data-start=\"1138\" data-end=\"1151\">Mat\u00e9riau :<\/strong> Tissu extensible de haute qualit\u00e9<\/p>\n<\/li>\n<li class=\"\" data-start=\"1180\" data-end=\"1198\">\n<p class=\"\" data-start=\"1182\" data-end=\"1198\"><strong data-start=\"1182\" data-end=\"1192\">Couleur :<\/strong> Noir<\/p>\n<\/li>\n<li class=\"\" data-start=\"1199\" data-end=\"1259\">\n<p class=\"\" data-start=\"1201\" data-end=\"1259\"><strong data-start=\"1201\" data-end=\"1219\">Compatibilit\u00e9 :<\/strong> Convient \u00e0 la <strong data-start=\"1229\" data-end=\"1259\">Table d'\u00e9v\u00e9nement Accu Stand Pro<\/strong><\/p>\n<\/li>\n<li class=\"\" data-start=\"1260\" data-end=\"1321\">\n<p class=\"\" data-start=\"1262\" data-end=\"1321\"><strong data-start=\"1262\" data-end=\"1277\">Dimensions :<\/strong> Con\u00e7u pour s'adapter aux tables de 1270 x 610 x 1155 mm<\/p>\n<\/li>\n<li class=\"\" data-start=\"1322\" data-end=\"1379\">\n<p class=\"\" data-start=\"1324\" data-end=\"1379\"><strong data-start=\"1324\" data-end=\"1335\">Poids :<\/strong> L\u00e9ger pour une manipulation et un transport faciles<\/p>\n<\/li>\n<\/ul>","protected":false},"featured_media":12626,"template":"","meta":{"om_disable_all_campaigns":false,"_monsterinsights_skip_tracking":false,"_monsterinsights_sitenote_active":false,"_monsterinsights_sitenote_note":"","_monsterinsights_sitenote_category":0,"_uf_show_specific_survey":0,"_uf_disable_surveys":false},"product_brand":[],"product_cat":[90,35],"product_tag":[],"class_list":{"0":"post-12615","1":"product","2":"type-product","3":"status-publish","4":"has-post-thumbnail","6":"product_cat-djparty-cinesouk","7":"product_cat-sound-cinesouk","9":"entry","10":"has-media","12":"first","13":"instock","14":"taxable","15":"shipping-taxable","16":"purchasable","17":"product-type-variable","18":"has-product-nav","19":"col","20":"span_1_of_3","21":"owp-content-center","22":"owp-thumbs-layout-horizontal","23":"owp-btn-normal","24":"owp-tabs-layout-horizontal","25":"has-no-thumbnails"},"yoast_head":"<!-- This site is optimized with the Yoast SEO Premium plugin v26.0 (Yoast SEO v26.0) - https:\/\/yoast.com\/wordpress\/plugins\/seo\/ -->\n<title>Accu Stand PRO Event Table Scrim BLK - CineSouk - CineSouk - Marrakech<\/title>\n<meta name=\"description\" content=\"The Accu Stand PRO Event Table Scrim BLK is a black stretchable cover designed for the Accu Stand Pro Event Table, offering a clean and professional look while concealing cables and equipment for a tidy setup.\" \/>\n<meta name=\"robots\" content=\"index, follow, max-snippet:-1, max-image-preview:large, max-video-preview:-1\" \/>\n<link rel=\"canonical\" href=\"https:\/\/www.cinesouk.ma\/fr\/produit\/accu-stand-pro-event-table-scrim-blk\/\" \/>\n<meta property=\"og:locale\" content=\"fr_FR\" \/>\n<meta property=\"og:type\" content=\"article\" \/>\n<meta property=\"og:title\" content=\"Accu Stand PRO Event Table Scrim BLK\" \/>\n<meta property=\"og:description\" content=\"The Accu Stand PRO Event Table Scrim BLK is a black stretchable cover designed for the Accu Stand Pro Event Table, offering a clean and professional look while concealing cables and equipment for a tidy setup.\" \/>\n<meta property=\"og:url\" content=\"https:\/\/www.cinesouk.ma\/fr\/produit\/accu-stand-pro-event-table-scrim-blk\/\" \/>\n<meta property=\"og:site_name\" content=\"CineSouk\" \/>\n<meta property=\"article:modified_time\" content=\"2025-05-11T13:15:10+00:00\" \/>\n<meta property=\"og:image\" content=\"https:\/\/www.cinesouk.ma\/wp-content\/uploads\/2025\/04\/Accu-Stand-PRO-Event-Table-Scrim-BLK.jpg\" \/>\n\t<meta property=\"og:image:width\" content=\"300\" \/>\n\t<meta property=\"og:image:height\" content=\"238\" \/>\n\t<meta property=\"og:image:type\" content=\"image\/jpeg\" \/>\n<meta name=\"twitter:card\" content=\"summary_large_image\" \/>\n<meta name=\"twitter:description\" content=\"The Accu Stand PRO Event Table Scrim BLK is a black stretchable cover designed for the Accu Stand Pro Event Table, offering a clean and professional look while concealing cables and equipment for a tidy setup.\" \/>\n<meta name=\"twitter:label1\" content=\"Dur\u00e9e de lecture estim\u00e9e\" \/>\n\t<meta name=\"twitter:data1\" content=\"2 minutes\" \/>\n<script type=\"application\/ld+json\" class=\"yoast-schema-graph\">{\"@context\":\"https:\/\/schema.org\",\"@graph\":[{\"@type\":\"WebPage\",\"@id\":\"https:\/\/www.cinesouk.ma\/product\/accu-stand-pro-event-table-scrim-blk\/\",\"url\":\"https:\/\/www.cinesouk.ma\/product\/accu-stand-pro-event-table-scrim-blk\/\",\"name\":\"Accu Stand PRO Event Table Scrim BLK - CineSouk - CineSouk - Marrakech\",\"isPartOf\":{\"@id\":\"https:\/\/www.cinesouk.ma\/#website\"},\"primaryImageOfPage\":{\"@id\":\"https:\/\/www.cinesouk.ma\/product\/accu-stand-pro-event-table-scrim-blk\/#primaryimage\"},\"image\":{\"@id\":\"https:\/\/www.cinesouk.ma\/product\/accu-stand-pro-event-table-scrim-blk\/#primaryimage\"},\"thumbnailUrl\":\"https:\/\/www.cinesouk.ma\/wp-content\/uploads\/2025\/04\/Accu-Stand-PRO-Event-Table-Scrim-BLK.jpg\",\"datePublished\":\"2025-04-26T09:05:35+00:00\",\"dateModified\":\"2025-05-11T13:15:10+00:00\",\"description\":\"The Accu Stand PRO Event Table Scrim BLK is a black stretchable cover designed for the Accu Stand Pro Event Table, offering a clean and professional look while concealing cables and equipment for a tidy setup.\",\"breadcrumb\":{\"@id\":\"https:\/\/www.cinesouk.ma\/product\/accu-stand-pro-event-table-scrim-blk\/#breadcrumb\"},\"inLanguage\":\"fr-FR\",\"potentialAction\":[{\"@type\":\"ReadAction\",\"target\":[\"https:\/\/www.cinesouk.ma\/product\/accu-stand-pro-event-table-scrim-blk\/\"]}]},{\"@type\":\"ImageObject\",\"inLanguage\":\"fr-FR\",\"@id\":\"https:\/\/www.cinesouk.ma\/product\/accu-stand-pro-event-table-scrim-blk\/#primaryimage\",\"url\":\"https:\/\/www.cinesouk.ma\/wp-content\/uploads\/2025\/04\/Accu-Stand-PRO-Event-Table-Scrim-BLK.jpg\",\"contentUrl\":\"https:\/\/www.cinesouk.ma\/wp-content\/uploads\/2025\/04\/Accu-Stand-PRO-Event-Table-Scrim-BLK.jpg\",\"width\":300,\"height\":238,\"caption\":\"Accu Stand PRO Event Table Scrim BLK\"},{\"@type\":\"BreadcrumbList\",\"@id\":\"https:\/\/www.cinesouk.ma\/product\/accu-stand-pro-event-table-scrim-blk\/#breadcrumb\",\"itemListElement\":[{\"@type\":\"ListItem\",\"position\":1,\"name\":\"Home\",\"item\":\"https:\/\/www.cinesouk.ma\/\"},{\"@type\":\"ListItem\",\"position\":2,\"name\":\"Shop\",\"item\":\"https:\/\/www.cinesouk.ma\/shop\/\"},{\"@type\":\"ListItem\",\"position\":3,\"name\":\"Accu Stand PRO Event Table Scrim BLK\"}]},{\"@type\":\"WebSite\",\"@id\":\"https:\/\/www.cinesouk.ma\/#website\",\"url\":\"https:\/\/www.cinesouk.ma\/\",\"name\":\"CineSouk\",\"description\":\"\",\"publisher\":{\"@id\":\"https:\/\/www.cinesouk.ma\/#organization\"},\"potentialAction\":[{\"@type\":\"SearchAction\",\"target\":{\"@type\":\"EntryPoint\",\"urlTemplate\":\"https:\/\/www.cinesouk.ma\/?s={search_term_string}\"},\"query-input\":{\"@type\":\"PropertyValueSpecification\",\"valueRequired\":true,\"valueName\":\"search_term_string\"}}],\"inLanguage\":\"fr-FR\"},{\"@type\":\"Organization\",\"@id\":\"https:\/\/www.cinesouk.ma\/#organization\",\"name\":\"CineSouk\",\"url\":\"https:\/\/www.cinesouk.ma\/\",\"logo\":{\"@type\":\"ImageObject\",\"inLanguage\":\"fr-FR\",\"@id\":\"https:\/\/www.cinesouk.ma\/#\/schema\/logo\/image\/\",\"url\":\"https:\/\/www.cinesouk.ma\/wp-content\/uploads\/2024\/01\/CineSouk-logo-v01-alpha-alligned-left.png\",\"contentUrl\":\"https:\/\/www.cinesouk.ma\/wp-content\/uploads\/2024\/01\/CineSouk-logo-v01-alpha-alligned-left.png\",\"width\":3204,\"height\":889,\"caption\":\"CineSouk\"},\"image\":{\"@id\":\"https:\/\/www.cinesouk.ma\/#\/schema\/logo\/image\/\"}}]}<\/script>\n<!-- \/ Yoast SEO Premium plugin. -->","yoast_head_json":{"title":"Accu Stand PRO Event Table Scrim BLK - CineSouk - CineSouk - Marrakech","description":"The Accu Stand PRO Event Table Scrim BLK is a black stretchable cover designed for the Accu Stand Pro Event Table, offering a clean and professional look while concealing cables and equipment for a tidy setup.","robots":{"index":"index","follow":"follow","max-snippet":"max-snippet:-1","max-image-preview":"max-image-preview:large","max-video-preview":"max-video-preview:-1"},"canonical":"https:\/\/www.cinesouk.ma\/fr\/produit\/accu-stand-pro-event-table-scrim-blk\/","og_locale":"fr_FR","og_type":"article","og_title":"Accu Stand PRO Event Table Scrim BLK","og_description":"The Accu Stand PRO Event Table Scrim BLK is a black stretchable cover designed for the Accu Stand Pro Event Table, offering a clean and professional look while concealing cables and equipment for a tidy setup.","og_url":"https:\/\/www.cinesouk.ma\/fr\/produit\/accu-stand-pro-event-table-scrim-blk\/","og_site_name":"CineSouk","article_modified_time":"2025-05-11T13:15:10+00:00","og_image":[{"width":300,"height":238,"url":"https:\/\/www.cinesouk.ma\/wp-content\/uploads\/2025\/04\/Accu-Stand-PRO-Event-Table-Scrim-BLK.jpg","type":"image\/jpeg"}],"twitter_card":"summary_large_image","twitter_description":"The Accu Stand PRO Event Table Scrim BLK is a black stretchable cover designed for the Accu Stand Pro Event Table, offering a clean and professional look while concealing cables and equipment for a tidy setup.","twitter_misc":{"Dur\u00e9e de lecture estim\u00e9e":"2 minutes"},"schema":{"@context":"https:\/\/schema.org","@graph":[{"@type":"WebPage","@id":"https:\/\/www.cinesouk.ma\/product\/accu-stand-pro-event-table-scrim-blk\/","url":"https:\/\/www.cinesouk.ma\/product\/accu-stand-pro-event-table-scrim-blk\/","name":"Accu Stand PRO Event Table Scrim BLK - CineSouk - CineSouk - Marrakech","isPartOf":{"@id":"https:\/\/www.cinesouk.ma\/#website"},"primaryImageOfPage":{"@id":"https:\/\/www.cinesouk.ma\/product\/accu-stand-pro-event-table-scrim-blk\/#primaryimage"},"image":{"@id":"https:\/\/www.cinesouk.ma\/product\/accu-stand-pro-event-table-scrim-blk\/#primaryimage"},"thumbnailUrl":"https:\/\/www.cinesouk.ma\/wp-content\/uploads\/2025\/04\/Accu-Stand-PRO-Event-Table-Scrim-BLK.jpg","datePublished":"2025-04-26T09:05:35+00:00","dateModified":"2025-05-11T13:15:10+00:00","description":"The Accu Stand PRO Event Table Scrim BLK is a black stretchable cover designed for the Accu Stand Pro Event Table, offering a clean and professional look while concealing cables and equipment for a tidy setup.","breadcrumb":{"@id":"https:\/\/www.cinesouk.ma\/product\/accu-stand-pro-event-table-scrim-blk\/#breadcrumb"},"inLanguage":"fr-FR","potentialAction":[{"@type":"ReadAction","target":["https:\/\/www.cinesouk.ma\/product\/accu-stand-pro-event-table-scrim-blk\/"]}]},{"@type":"ImageObject","inLanguage":"fr-FR","@id":"https:\/\/www.cinesouk.ma\/product\/accu-stand-pro-event-table-scrim-blk\/#primaryimage","url":"https:\/\/www.cinesouk.ma\/wp-content\/uploads\/2025\/04\/Accu-Stand-PRO-Event-Table-Scrim-BLK.jpg","contentUrl":"https:\/\/www.cinesouk.ma\/wp-content\/uploads\/2025\/04\/Accu-Stand-PRO-Event-Table-Scrim-BLK.jpg","width":300,"height":238,"caption":"Accu Stand PRO Event Table Scrim BLK"},{"@type":"BreadcrumbList","@id":"https:\/\/www.cinesouk.ma\/product\/accu-stand-pro-event-table-scrim-blk\/#breadcrumb","itemListElement":[{"@type":"ListItem","position":1,"name":"Home","item":"https:\/\/www.cinesouk.ma\/"},{"@type":"ListItem","position":2,"name":"Shop","item":"https:\/\/www.cinesouk.ma\/shop\/"},{"@type":"ListItem","position":3,"name":"Accu Stand PRO Event Table Scrim BLK"}]},{"@type":"WebSite","@id":"https:\/\/www.cinesouk.ma\/#website","url":"https:\/\/www.cinesouk.ma\/","name":"CineSouk","description":"","publisher":{"@id":"https:\/\/www.cinesouk.ma\/#organization"},"potentialAction":[{"@type":"SearchAction","target":{"@type":"EntryPoint","urlTemplate":"https:\/\/www.cinesouk.ma\/?s={search_term_string}"},"query-input":{"@type":"PropertyValueSpecification","valueRequired":true,"valueName":"search_term_string"}}],"inLanguage":"fr-FR"},{"@type":"Organization","@id":"https:\/\/www.cinesouk.ma\/#organization","name":"CineSouk","url":"https:\/\/www.cinesouk.ma\/","logo":{"@type":"ImageObject","inLanguage":"fr-FR","@id":"https:\/\/www.cinesouk.ma\/#\/schema\/logo\/image\/","url":"https:\/\/www.cinesouk.ma\/wp-content\/uploads\/2024\/01\/CineSouk-logo-v01-alpha-alligned-left.png","contentUrl":"https:\/\/www.cinesouk.ma\/wp-content\/uploads\/2024\/01\/CineSouk-logo-v01-alpha-alligned-left.png","width":3204,"height":889,"caption":"CineSouk"},"image":{"@id":"https:\/\/www.cinesouk.ma\/#\/schema\/logo\/image\/"}}]}},"_links":{"self":[{"href":"https:\/\/www.cinesouk.ma\/fr\/wp-json\/wp\/v2\/product\/12615","targetHints":{"allow":["GET"]}}],"collection":[{"href":"https:\/\/www.cinesouk.ma\/fr\/wp-json\/wp\/v2\/product"}],"about":[{"href":"https:\/\/www.cinesouk.ma\/fr\/wp-json\/wp\/v2\/types\/product"}],"wp:featuredmedia":[{"embeddable":true,"href":"https:\/\/www.cinesouk.ma\/fr\/wp-json\/wp\/v2\/media\/12626"}],"wp:attachment":[{"href":"https:\/\/www.cinesouk.ma\/fr\/wp-json\/wp\/v2\/media?parent=12615"}],"wp:term":[{"taxonomy":"product_brand","embeddable":true,"href":"https:\/\/www.cinesouk.ma\/fr\/wp-json\/wp\/v2\/product_brand?post=12615"},{"taxonomy":"product_cat","embeddable":true,"href":"https:\/\/www.cinesouk.ma\/fr\/wp-json\/wp\/v2\/product_cat?post=12615"},{"taxonomy":"product_tag","embeddable":true,"href":"https:\/\/www.cinesouk.ma\/fr\/wp-json\/wp\/v2\/product_tag?post=12615"}],"curies":[{"name":"wp","href":"https:\/\/api.w.org\/{rel}","templated":true}]}}