{"id":12627,"date":"2025-04-26T09:20:10","date_gmt":"2025-04-26T09:20:10","guid":{"rendered":"https:\/\/www.cinesouk.ma\/?post_type=product&#038;p=12627"},"modified":"2025-05-11T13:15:01","modified_gmt":"2025-05-11T13:15:01","slug":"accu-stand-pro-event-table-scrim-wh","status":"publish","type":"product","link":"https:\/\/www.cinesouk.ma\/fr\/produit\/accu-stand-pro-event-table-scrim-wh\/","title":{"rendered":"Accu Stand PRO Event Table Scrim WH"},"content":{"rendered":"<p class=\"\" data-start=\"45\" data-end=\"328\">L'Accu Stand PRO Event Table Scrim WH est une housse en tissu blanc de haute qualit\u00e9 con\u00e7ue sp\u00e9cifiquement pour l'Accu Stand Pro Event Table. Cette toile donne un aspect \u00e9l\u00e9gant et professionnel tout en offrant des avantages pratiques, tels que la dissimulation des c\u00e2bles et de l'\u00e9quipement stock\u00e9s en dessous.<\/p>\n<h3 class=\"\" data-start=\"330\" data-end=\"351\"><strong data-start=\"334\" data-end=\"351\">Caract\u00e9ristiques principales :<\/strong><\/h3>\n<ul data-start=\"353\" data-end=\"1008\">\n<li class=\"\" data-start=\"353\" data-end=\"487\">\n<p class=\"\" data-start=\"355\" data-end=\"487\"><strong data-start=\"355\" data-end=\"377\">Look professionnel :<\/strong> Le tissu blanc rehausse l'apparence de votre table, ce qui la rend id\u00e9ale pour les \u00e9v\u00e9nements, les salons et les spectacles.<\/p>\n<\/li>\n<li class=\"\" data-start=\"488\" data-end=\"602\">\n<p class=\"\" data-start=\"490\" data-end=\"602\"><strong data-start=\"490\" data-end=\"511\">Gestion des c\u00e2bles :<\/strong> Elle permet d'organiser votre installation en dissimulant les c\u00e2bles et autres \u00e9quipements sous la table.<\/p>\n<\/li>\n<li class=\"\" data-start=\"603\" data-end=\"761\">\n<p class=\"\" data-start=\"605\" data-end=\"761\"><strong data-start=\"605\" data-end=\"637\">Tissu durable et extensible :<\/strong> Fabriqu\u00e9e dans un mat\u00e9riau durable et extensible, la toile s'adapte parfaitement \u00e0 la table et offre une finition lisse et sans plis.<\/p>\n<\/li>\n<li class=\"\" data-start=\"762\" data-end=\"889\">\n<p class=\"\" data-start=\"764\" data-end=\"889\"><strong data-start=\"764\" data-end=\"786\">Installation facile :<\/strong> La grille se fixe facilement sur le <strong data-start=\"820\" data-end=\"850\">Table d'\u00e9v\u00e9nement Accu Stand Pro<\/strong>permettant une mise en place et un retrait rapides.<\/p>\n<\/li>\n<li class=\"\" data-start=\"890\" data-end=\"1008\">\n<p class=\"\" data-start=\"892\" data-end=\"1008\"><strong data-start=\"892\" data-end=\"921\">Portable et l\u00e9ger :<\/strong> L\u00e9g\u00e8re et compacte, cette grille est facile \u00e0 transporter et parfaite pour les \u00e9v\u00e9nements en d\u00e9placement.<\/p>\n<\/li>\n<\/ul>\n<h3 class=\"\" data-start=\"1010\" data-end=\"1033\"><strong data-start=\"1014\" data-end=\"1033\">Sp\u00e9cifications :<\/strong><\/h3>\n<ul data-start=\"1035\" data-end=\"1262\">\n<li class=\"\" data-start=\"1035\" data-end=\"1078\">\n<p class=\"\" data-start=\"1037\" data-end=\"1078\"><strong data-start=\"1037\" data-end=\"1050\">Mat\u00e9riau :<\/strong> Tissu extensible de haute qualit\u00e9<\/p>\n<\/li>\n<li class=\"\" data-start=\"1079\" data-end=\"1097\">\n<p class=\"\" data-start=\"1081\" data-end=\"1097\"><strong data-start=\"1081\" data-end=\"1091\">Couleur :<\/strong> Blanc<\/p>\n<\/li>\n<li class=\"\" data-start=\"1098\" data-end=\"1158\">\n<p class=\"\" data-start=\"1100\" data-end=\"1158\"><strong data-start=\"1100\" data-end=\"1118\">Compatibilit\u00e9 :<\/strong> Convient \u00e0 la <strong data-start=\"1128\" data-end=\"1158\">Table d'\u00e9v\u00e9nement Accu Stand Pro<\/strong><\/p>\n<\/li>\n<li class=\"\" data-start=\"1159\" data-end=\"1217\">\n<p class=\"\" data-start=\"1161\" data-end=\"1217\"><strong data-start=\"1161\" data-end=\"1176\">Dimensions :<\/strong> Con\u00e7u pour des tables de 1270 x 610 x 1155 mm<\/p>\n<\/li>\n<li class=\"\" data-start=\"1218\" data-end=\"1262\">\n<p class=\"\" data-start=\"1220\" data-end=\"1262\"><strong data-start=\"1220\" data-end=\"1231\">Poids :<\/strong> L\u00e9ger pour un transport facile<\/p>\n<\/li>\n<\/ul>\n<p class=\"\" data-start=\"1285\" data-end=\"1582\">L'Accu Stand PRO Event Table Scrim WH est un accessoire pratique et \u00e9l\u00e9gant qui rehausse l'aspect de votre table d'\u00e9v\u00e9nement tout en gardant votre installation organis\u00e9e. Sa construction l\u00e9g\u00e8re et durable le rend parfait pour les professionnels et les organisateurs d'\u00e9v\u00e9nements qui ont besoin d'une solution fiable et facile \u00e0 utiliser.<\/p>\n<p>Louez-le maintenant sur <a href=\"https:\/\/www.cinesouk.ma\/fr\">CINESOUK<\/a> - une marque de <a href=\"https:\/\/www.broadway.ma\/\">BROADWAY PRODUCTIONS SARL.<\/a><\/p>","protected":false},"excerpt":{"rendered":"<p><strong>Sp\u00e9cifications :<\/strong><\/p>\n<ul data-start=\"1035\" data-end=\"1262\">\n<li class=\"\" data-start=\"1035\" data-end=\"1078\">\n<p class=\"\" data-start=\"1037\" data-end=\"1078\"><strong data-start=\"1037\" data-end=\"1050\">Mat\u00e9riau :<\/strong> Tissu extensible de haute qualit\u00e9<\/p>\n<\/li>\n<li class=\"\" data-start=\"1079\" data-end=\"1097\">\n<p class=\"\" data-start=\"1081\" data-end=\"1097\"><strong data-start=\"1081\" data-end=\"1091\">Couleur :<\/strong> Blanc<\/p>\n<\/li>\n<li class=\"\" data-start=\"1098\" data-end=\"1158\">\n<p class=\"\" data-start=\"1100\" data-end=\"1158\"><strong data-start=\"1100\" data-end=\"1118\">Compatibilit\u00e9 :<\/strong> Convient \u00e0 la <strong data-start=\"1128\" data-end=\"1158\">Table d'\u00e9v\u00e9nement Accu Stand Pro<\/strong><\/p>\n<\/li>\n<li class=\"\" data-start=\"1159\" data-end=\"1217\">\n<p class=\"\" data-start=\"1161\" data-end=\"1217\"><strong data-start=\"1161\" data-end=\"1176\">Dimensions :<\/strong> Con\u00e7u pour des tables de 1270 x 610 x 1155 mm<\/p>\n<\/li>\n<li class=\"\" data-start=\"1218\" data-end=\"1262\">\n<p class=\"\" data-start=\"1220\" data-end=\"1262\"><strong data-start=\"1220\" data-end=\"1231\">Poids :<\/strong> L\u00e9ger pour un transport facile<\/p>\n<\/li>\n<\/ul>","protected":false},"featured_media":12638,"template":"","meta":{"om_disable_all_campaigns":false,"_monsterinsights_skip_tracking":false,"_monsterinsights_sitenote_active":false,"_monsterinsights_sitenote_note":"","_monsterinsights_sitenote_category":0,"_uf_show_specific_survey":0,"_uf_disable_surveys":false},"product_brand":[],"product_cat":[90,35],"product_tag":[],"class_list":{"0":"post-12627","1":"product","2":"type-product","3":"status-publish","4":"has-post-thumbnail","6":"product_cat-djparty-cinesouk","7":"product_cat-sound-cinesouk","9":"entry","10":"has-media","12":"first","13":"instock","14":"taxable","15":"shipping-taxable","16":"purchasable","17":"product-type-variable","18":"has-product-nav","19":"col","20":"span_1_of_3","21":"owp-content-center","22":"owp-thumbs-layout-horizontal","23":"owp-btn-normal","24":"owp-tabs-layout-horizontal","25":"has-no-thumbnails"},"yoast_head":"<!-- This site is optimized with the Yoast SEO Premium plugin v26.0 (Yoast SEO v26.0) - https:\/\/yoast.com\/wordpress\/plugins\/seo\/ -->\n<title>Accu Stand PRO Event Table Scrim WH - CineSouk - CineSouk - Marrakech<\/title>\n<meta name=\"description\" content=\"The Accu Stand PRO Event Table Scrim WH is a white, stretchable cover for the Accu Stand Pro Event Table, offering a professional appearance and helping organize cables and equipment.\" \/>\n<meta name=\"robots\" content=\"index, follow, max-snippet:-1, max-image-preview:large, max-video-preview:-1\" \/>\n<link rel=\"canonical\" href=\"https:\/\/www.cinesouk.ma\/fr\/produit\/accu-stand-pro-event-table-scrim-wh\/\" \/>\n<meta property=\"og:locale\" content=\"fr_FR\" \/>\n<meta property=\"og:type\" content=\"article\" \/>\n<meta property=\"og:title\" content=\"Accu Stand PRO Event Table Scrim WH\" \/>\n<meta property=\"og:description\" content=\"The Accu Stand PRO Event Table Scrim WH is a white, stretchable cover for the Accu Stand Pro Event Table, offering a professional appearance and helping organize cables and equipment.\" \/>\n<meta property=\"og:url\" content=\"https:\/\/www.cinesouk.ma\/fr\/produit\/accu-stand-pro-event-table-scrim-wh\/\" \/>\n<meta property=\"og:site_name\" content=\"CineSouk\" \/>\n<meta property=\"article:modified_time\" content=\"2025-05-11T13:15:01+00:00\" \/>\n<meta property=\"og:image\" content=\"https:\/\/www.cinesouk.ma\/wp-content\/uploads\/2025\/04\/Accu-Stand-PRO-Event-Table-Scrim-WH.jpg\" \/>\n\t<meta property=\"og:image:width\" content=\"300\" \/>\n\t<meta property=\"og:image:height\" content=\"238\" \/>\n\t<meta property=\"og:image:type\" content=\"image\/jpeg\" \/>\n<meta name=\"twitter:card\" content=\"summary_large_image\" \/>\n<meta name=\"twitter:description\" content=\"The Accu Stand PRO Event Table Scrim WH is a white, stretchable cover for the Accu Stand Pro Event Table, offering a professional appearance and helping organize cables and equipment.\" \/>\n<meta name=\"twitter:label1\" content=\"Dur\u00e9e de lecture estim\u00e9e\" \/>\n\t<meta name=\"twitter:data1\" content=\"2 minutes\" \/>\n<script type=\"application\/ld+json\" class=\"yoast-schema-graph\">{\"@context\":\"https:\/\/schema.org\",\"@graph\":[{\"@type\":\"WebPage\",\"@id\":\"https:\/\/www.cinesouk.ma\/product\/accu-stand-pro-event-table-scrim-wh\/\",\"url\":\"https:\/\/www.cinesouk.ma\/product\/accu-stand-pro-event-table-scrim-wh\/\",\"name\":\"Accu Stand PRO Event Table Scrim WH - CineSouk - CineSouk - Marrakech\",\"isPartOf\":{\"@id\":\"https:\/\/www.cinesouk.ma\/#website\"},\"primaryImageOfPage\":{\"@id\":\"https:\/\/www.cinesouk.ma\/product\/accu-stand-pro-event-table-scrim-wh\/#primaryimage\"},\"image\":{\"@id\":\"https:\/\/www.cinesouk.ma\/product\/accu-stand-pro-event-table-scrim-wh\/#primaryimage\"},\"thumbnailUrl\":\"https:\/\/www.cinesouk.ma\/wp-content\/uploads\/2025\/04\/Accu-Stand-PRO-Event-Table-Scrim-WH.jpg\",\"datePublished\":\"2025-04-26T09:20:10+00:00\",\"dateModified\":\"2025-05-11T13:15:01+00:00\",\"description\":\"The Accu Stand PRO Event Table Scrim WH is a white, stretchable cover for the Accu Stand Pro Event Table, offering a professional appearance and helping organize cables and equipment.\",\"breadcrumb\":{\"@id\":\"https:\/\/www.cinesouk.ma\/product\/accu-stand-pro-event-table-scrim-wh\/#breadcrumb\"},\"inLanguage\":\"fr-FR\",\"potentialAction\":[{\"@type\":\"ReadAction\",\"target\":[\"https:\/\/www.cinesouk.ma\/product\/accu-stand-pro-event-table-scrim-wh\/\"]}]},{\"@type\":\"ImageObject\",\"inLanguage\":\"fr-FR\",\"@id\":\"https:\/\/www.cinesouk.ma\/product\/accu-stand-pro-event-table-scrim-wh\/#primaryimage\",\"url\":\"https:\/\/www.cinesouk.ma\/wp-content\/uploads\/2025\/04\/Accu-Stand-PRO-Event-Table-Scrim-WH.jpg\",\"contentUrl\":\"https:\/\/www.cinesouk.ma\/wp-content\/uploads\/2025\/04\/Accu-Stand-PRO-Event-Table-Scrim-WH.jpg\",\"width\":300,\"height\":238,\"caption\":\"Accu Stand PRO Event Table Scrim WH\"},{\"@type\":\"BreadcrumbList\",\"@id\":\"https:\/\/www.cinesouk.ma\/product\/accu-stand-pro-event-table-scrim-wh\/#breadcrumb\",\"itemListElement\":[{\"@type\":\"ListItem\",\"position\":1,\"name\":\"Home\",\"item\":\"https:\/\/www.cinesouk.ma\/\"},{\"@type\":\"ListItem\",\"position\":2,\"name\":\"Shop\",\"item\":\"https:\/\/www.cinesouk.ma\/shop\/\"},{\"@type\":\"ListItem\",\"position\":3,\"name\":\"Accu Stand PRO Event Table Scrim WH\"}]},{\"@type\":\"WebSite\",\"@id\":\"https:\/\/www.cinesouk.ma\/#website\",\"url\":\"https:\/\/www.cinesouk.ma\/\",\"name\":\"CineSouk\",\"description\":\"\",\"publisher\":{\"@id\":\"https:\/\/www.cinesouk.ma\/#organization\"},\"potentialAction\":[{\"@type\":\"SearchAction\",\"target\":{\"@type\":\"EntryPoint\",\"urlTemplate\":\"https:\/\/www.cinesouk.ma\/?s={search_term_string}\"},\"query-input\":{\"@type\":\"PropertyValueSpecification\",\"valueRequired\":true,\"valueName\":\"search_term_string\"}}],\"inLanguage\":\"fr-FR\"},{\"@type\":\"Organization\",\"@id\":\"https:\/\/www.cinesouk.ma\/#organization\",\"name\":\"CineSouk\",\"url\":\"https:\/\/www.cinesouk.ma\/\",\"logo\":{\"@type\":\"ImageObject\",\"inLanguage\":\"fr-FR\",\"@id\":\"https:\/\/www.cinesouk.ma\/#\/schema\/logo\/image\/\",\"url\":\"https:\/\/www.cinesouk.ma\/wp-content\/uploads\/2024\/01\/CineSouk-logo-v01-alpha-alligned-left.png\",\"contentUrl\":\"https:\/\/www.cinesouk.ma\/wp-content\/uploads\/2024\/01\/CineSouk-logo-v01-alpha-alligned-left.png\",\"width\":3204,\"height\":889,\"caption\":\"CineSouk\"},\"image\":{\"@id\":\"https:\/\/www.cinesouk.ma\/#\/schema\/logo\/image\/\"}}]}<\/script>\n<!-- \/ Yoast SEO Premium plugin. -->","yoast_head_json":{"title":"Accu Stand PRO Event Table Scrim WH - CineSouk - CineSouk - Marrakech","description":"The Accu Stand PRO Event Table Scrim WH is a white, stretchable cover for the Accu Stand Pro Event Table, offering a professional appearance and helping organize cables and equipment.","robots":{"index":"index","follow":"follow","max-snippet":"max-snippet:-1","max-image-preview":"max-image-preview:large","max-video-preview":"max-video-preview:-1"},"canonical":"https:\/\/www.cinesouk.ma\/fr\/produit\/accu-stand-pro-event-table-scrim-wh\/","og_locale":"fr_FR","og_type":"article","og_title":"Accu Stand PRO Event Table Scrim WH","og_description":"The Accu Stand PRO Event Table Scrim WH is a white, stretchable cover for the Accu Stand Pro Event Table, offering a professional appearance and helping organize cables and equipment.","og_url":"https:\/\/www.cinesouk.ma\/fr\/produit\/accu-stand-pro-event-table-scrim-wh\/","og_site_name":"CineSouk","article_modified_time":"2025-05-11T13:15:01+00:00","og_image":[{"width":300,"height":238,"url":"https:\/\/www.cinesouk.ma\/wp-content\/uploads\/2025\/04\/Accu-Stand-PRO-Event-Table-Scrim-WH.jpg","type":"image\/jpeg"}],"twitter_card":"summary_large_image","twitter_description":"The Accu Stand PRO Event Table Scrim WH is a white, stretchable cover for the Accu Stand Pro Event Table, offering a professional appearance and helping organize cables and equipment.","twitter_misc":{"Dur\u00e9e de lecture estim\u00e9e":"2 minutes"},"schema":{"@context":"https:\/\/schema.org","@graph":[{"@type":"WebPage","@id":"https:\/\/www.cinesouk.ma\/product\/accu-stand-pro-event-table-scrim-wh\/","url":"https:\/\/www.cinesouk.ma\/product\/accu-stand-pro-event-table-scrim-wh\/","name":"Accu Stand PRO Event Table Scrim WH - CineSouk - CineSouk - Marrakech","isPartOf":{"@id":"https:\/\/www.cinesouk.ma\/#website"},"primaryImageOfPage":{"@id":"https:\/\/www.cinesouk.ma\/product\/accu-stand-pro-event-table-scrim-wh\/#primaryimage"},"image":{"@id":"https:\/\/www.cinesouk.ma\/product\/accu-stand-pro-event-table-scrim-wh\/#primaryimage"},"thumbnailUrl":"https:\/\/www.cinesouk.ma\/wp-content\/uploads\/2025\/04\/Accu-Stand-PRO-Event-Table-Scrim-WH.jpg","datePublished":"2025-04-26T09:20:10+00:00","dateModified":"2025-05-11T13:15:01+00:00","description":"The Accu Stand PRO Event Table Scrim WH is a white, stretchable cover for the Accu Stand Pro Event Table, offering a professional appearance and helping organize cables and equipment.","breadcrumb":{"@id":"https:\/\/www.cinesouk.ma\/product\/accu-stand-pro-event-table-scrim-wh\/#breadcrumb"},"inLanguage":"fr-FR","potentialAction":[{"@type":"ReadAction","target":["https:\/\/www.cinesouk.ma\/product\/accu-stand-pro-event-table-scrim-wh\/"]}]},{"@type":"ImageObject","inLanguage":"fr-FR","@id":"https:\/\/www.cinesouk.ma\/product\/accu-stand-pro-event-table-scrim-wh\/#primaryimage","url":"https:\/\/www.cinesouk.ma\/wp-content\/uploads\/2025\/04\/Accu-Stand-PRO-Event-Table-Scrim-WH.jpg","contentUrl":"https:\/\/www.cinesouk.ma\/wp-content\/uploads\/2025\/04\/Accu-Stand-PRO-Event-Table-Scrim-WH.jpg","width":300,"height":238,"caption":"Accu Stand PRO Event Table Scrim WH"},{"@type":"BreadcrumbList","@id":"https:\/\/www.cinesouk.ma\/product\/accu-stand-pro-event-table-scrim-wh\/#breadcrumb","itemListElement":[{"@type":"ListItem","position":1,"name":"Home","item":"https:\/\/www.cinesouk.ma\/"},{"@type":"ListItem","position":2,"name":"Shop","item":"https:\/\/www.cinesouk.ma\/shop\/"},{"@type":"ListItem","position":3,"name":"Accu Stand PRO Event Table Scrim WH"}]},{"@type":"WebSite","@id":"https:\/\/www.cinesouk.ma\/#website","url":"https:\/\/www.cinesouk.ma\/","name":"CineSouk","description":"","publisher":{"@id":"https:\/\/www.cinesouk.ma\/#organization"},"potentialAction":[{"@type":"SearchAction","target":{"@type":"EntryPoint","urlTemplate":"https:\/\/www.cinesouk.ma\/?s={search_term_string}"},"query-input":{"@type":"PropertyValueSpecification","valueRequired":true,"valueName":"search_term_string"}}],"inLanguage":"fr-FR"},{"@type":"Organization","@id":"https:\/\/www.cinesouk.ma\/#organization","name":"CineSouk","url":"https:\/\/www.cinesouk.ma\/","logo":{"@type":"ImageObject","inLanguage":"fr-FR","@id":"https:\/\/www.cinesouk.ma\/#\/schema\/logo\/image\/","url":"https:\/\/www.cinesouk.ma\/wp-content\/uploads\/2024\/01\/CineSouk-logo-v01-alpha-alligned-left.png","contentUrl":"https:\/\/www.cinesouk.ma\/wp-content\/uploads\/2024\/01\/CineSouk-logo-v01-alpha-alligned-left.png","width":3204,"height":889,"caption":"CineSouk"},"image":{"@id":"https:\/\/www.cinesouk.ma\/#\/schema\/logo\/image\/"}}]}},"_links":{"self":[{"href":"https:\/\/www.cinesouk.ma\/fr\/wp-json\/wp\/v2\/product\/12627","targetHints":{"allow":["GET"]}}],"collection":[{"href":"https:\/\/www.cinesouk.ma\/fr\/wp-json\/wp\/v2\/product"}],"about":[{"href":"https:\/\/www.cinesouk.ma\/fr\/wp-json\/wp\/v2\/types\/product"}],"wp:featuredmedia":[{"embeddable":true,"href":"https:\/\/www.cinesouk.ma\/fr\/wp-json\/wp\/v2\/media\/12638"}],"wp:attachment":[{"href":"https:\/\/www.cinesouk.ma\/fr\/wp-json\/wp\/v2\/media?parent=12627"}],"wp:term":[{"taxonomy":"product_brand","embeddable":true,"href":"https:\/\/www.cinesouk.ma\/fr\/wp-json\/wp\/v2\/product_brand?post=12627"},{"taxonomy":"product_cat","embeddable":true,"href":"https:\/\/www.cinesouk.ma\/fr\/wp-json\/wp\/v2\/product_cat?post=12627"},{"taxonomy":"product_tag","embeddable":true,"href":"https:\/\/www.cinesouk.ma\/fr\/wp-json\/wp\/v2\/product_tag?post=12627"}],"curies":[{"name":"wp","href":"https:\/\/api.w.org\/{rel}","templated":true}]}}