{"id":12639,"date":"2025-04-26T09:23:33","date_gmt":"2025-04-26T09:23:33","guid":{"rendered":"https:\/\/www.cinesouk.ma\/?post_type=product&#038;p=12639"},"modified":"2025-08-22T15:10:21","modified_gmt":"2025-08-22T15:10:21","slug":"mackie-mix8","status":"publish","type":"product","link":"https:\/\/www.cinesouk.ma\/fr\/produit\/mackie-mix8\/","title":{"rendered":"Mackie Mix8"},"content":{"rendered":"<p class=\"\" data-start=\"98\" data-end=\"337\">La Mackie Mix8 est une table de mixage analogique polyvalente et compacte con\u00e7ue pour les musiciens, les cr\u00e9ateurs de contenu et les petites installations de sonorisation en direct. Malgr\u00e9 sa petite taille, elle offre une gamme de fonctionnalit\u00e9s professionnelles, garantissant des performances audio de haute qualit\u00e9.<\/p>\n<h3 class=\"\" data-start=\"339\" data-end=\"360\"><strong data-start=\"343\" data-end=\"360\">Caract\u00e9ristiques principales :<\/strong><\/h3>\n<ul data-start=\"362\" data-end=\"1192\">\n<li class=\"\" data-start=\"362\" data-end=\"513\">\n<p class=\"\" data-start=\"364\" data-end=\"513\"><strong data-start=\"364\" data-end=\"386\">2 entr\u00e9es micro\/ligne :<\/strong> Equip\u00e9es de connecteurs XLR et 1\/4\u2033, ces entr\u00e9es offrent une qualit\u00e9 audio de niveau studio avec indication de panoramique, de niveau et de surcharge.<\/p>\n<\/li>\n<li class=\"\" data-start=\"514\" data-end=\"601\">\n<p class=\"\" data-start=\"516\" data-end=\"601\"><strong data-start=\"516\" data-end=\"534\">Alimentation fant\u00f4me :<\/strong> Fournit une alimentation fant\u00f4me de 48 V, compatible avec les microphones \u00e0 condensateur.<\/p>\n<\/li>\n<li class=\"\" data-start=\"602\" data-end=\"706\">\n<p class=\"\" data-start=\"604\" data-end=\"706\"><strong data-start=\"604\" data-end=\"634\">2 entr\u00e9es ligne st\u00e9r\u00e9o 1\/4\u2033 :<\/strong> Id\u00e9al pour les claviers, bo\u00eetes \u00e0 rythmes ou autres sources st\u00e9r\u00e9o de niveau ligne.<\/p>\n<\/li>\n<li class=\"\" data-start=\"707\" data-end=\"790\">\n<p class=\"\" data-start=\"709\" data-end=\"790\"><strong data-start=\"709\" data-end=\"723\">\u00c9galiseur \u00e0 3 bandes :<\/strong> Chaque canal comprend un \u00e9galiseur \u00e0 3 bandes pour un r\u00e9glage pr\u00e9cis de la tonalit\u00e9.<\/p>\n<\/li>\n<li class=\"\" data-start=\"791\" data-end=\"898\">\n<p class=\"\" data-start=\"793\" data-end=\"898\"><strong data-start=\"793\" data-end=\"813\">Aux Send\/Return :<\/strong> Comprend un d\u00e9part auxiliaire avec des retours st\u00e9r\u00e9o 1\/4\u2033 pour le traitement des effets externes.<\/p>\n<\/li>\n<li class=\"\" data-start=\"899\" data-end=\"985\">\n<p class=\"\" data-start=\"901\" data-end=\"985\"><strong data-start=\"901\" data-end=\"918\">RCA Entr\u00e9e\/sortie de bande :<\/strong> Entr\u00e9es et sorties RCA st\u00e9r\u00e9o d\u00e9di\u00e9es pour la lecture ou l'enregistrement.<\/p>\n<\/li>\n<li class=\"\" data-start=\"986\" data-end=\"1089\">\n<p class=\"\" data-start=\"988\" data-end=\"1089\"><strong data-start=\"988\" data-end=\"1009\">Sortie casque :<\/strong> \u00c9quip\u00e9 d'une sortie casque avec un contr\u00f4le de volume s\u00e9par\u00e9 pour le monitoring.<\/p>\n<\/li>\n<li class=\"\" data-start=\"1090\" data-end=\"1192\">\n<p class=\"\" data-start=\"1092\" data-end=\"1192\"><strong data-start=\"1092\" data-end=\"1110\">Conception robuste :<\/strong> Construit avec un ch\u00e2ssis m\u00e9tallique durable, il garantit la fiabilit\u00e9 dans divers environnements.<\/p>\n<\/li>\n<\/ul>\n<h3 class=\"\" data-start=\"1194\" data-end=\"1217\"><strong data-start=\"1198\" data-end=\"1217\">Sp\u00e9cifications :<\/strong><\/h3>\n<ul data-start=\"1219\" data-end=\"1848\">\n<li class=\"\" data-start=\"1219\" data-end=\"1267\">\n<p class=\"\" data-start=\"1221\" data-end=\"1267\"><strong data-start=\"1221\" data-end=\"1236\">Dimensions :<\/strong> 2.1\u2033 (H) x 7.8\u2033 (L) x 9.6\u2033 (P)<\/p>\n<\/li>\n<li class=\"\" data-start=\"1268\" data-end=\"1298\">\n<p class=\"\" data-start=\"1270\" data-end=\"1298\"><strong data-start=\"1270\" data-end=\"1281\">Poids :<\/strong> 2,5 lbs (1,1 kg)<\/p>\n<\/li>\n<li class=\"\" data-start=\"1299\" data-end=\"1394\">\n<p class=\"\" data-start=\"1301\" data-end=\"1394\"><strong data-start=\"1301\" data-end=\"1318\">Alimentation \u00e9lectrique :<\/strong> AC 120V~ 60 Hz (US), AC 230-240V~ 50\/60 Hz (EU), AC 220-230V~ 50\/60 Hz (UK)<\/p>\n<\/li>\n<li class=\"\" data-start=\"1395\" data-end=\"1472\">\n<p class=\"\" data-start=\"1397\" data-end=\"1472\"><strong data-start=\"1397\" data-end=\"1420\">R\u00e9ponse en fr\u00e9quence :<\/strong> Entr\u00e9e micro vers n'importe quelle sortie : +0, -1 dB, 20 Hz \u00e0 30 kHz<\/p>\n<\/li>\n<li class=\"\" data-start=\"1473\" data-end=\"1537\">\n<p class=\"\" data-start=\"1475\" data-end=\"1537\"><strong data-start=\"1475\" data-end=\"1513\">Distorsion harmonique totale (THD+N) :<\/strong> &lt;0,01% \u00e0 une sortie de +4 dBu<\/p>\n<\/li>\n<li class=\"\" data-start=\"1538\" data-end=\"1594\">\n<p class=\"\" data-start=\"1540\" data-end=\"1594\"><strong data-start=\"1540\" data-end=\"1573\">Bruit d'entr\u00e9e \u00e9quivalent (EIN) :<\/strong> -125 dBu au gain maximal<\/p>\n<\/li>\n<li class=\"\" data-start=\"1595\" data-end=\"1691\">\n<p class=\"\" data-start=\"1597\" data-end=\"1691\"><strong data-start=\"1597\" data-end=\"1616\">Niveaux maximums :<\/strong> Entr\u00e9es micro (XLR) : +19 dBu ; Toutes les autres entr\u00e9es : +21 dBu ; Toutes les sorties : +21 dBu<\/p>\n<\/li>\n<li class=\"\" data-start=\"1692\" data-end=\"1848\">\n<p class=\"\" data-start=\"1694\" data-end=\"1848\"><strong data-start=\"1694\" data-end=\"1709\">Imp\u00e9dances :<\/strong> Entr\u00e9e micro : 3,8 k\u03a9 ; Toutes les autres entr\u00e9es : 10 k\u03a9 ou plus ; Tape Out : 1 k\u03a9 ; Phones Out : 22 k\u03a9 ; Toutes les autres sorties : 120 \u03a9 asym\u00e9trique, 240 \u03a9 sym\u00e9trique<\/p>\n<\/li>\n<\/ul>\n<p class=\"\" data-start=\"1871\" data-end=\"2098\">La Mackie Mix8 est un excellent choix pour ceux qui recherchent une table de mixage compacte mais riche en fonctionnalit\u00e9s. Sa construction robuste et ses fonctions compl\u00e8tes lui permettent de s'adapter \u00e0 de nombreuses applications, du home studio aux petits concerts.<\/p>\n<p class=\"\" data-start=\"139\" data-end=\"393\">Louez-le maintenant sur <a href=\"https:\/\/www.cinesouk.ma\/fr\">CINESOUK<\/a> - une marque de <a href=\"https:\/\/www.broadway.ma\/\">BROADWAY PRODUCTIONS SARL.<\/a><\/p>","protected":false},"excerpt":{"rendered":"<p><strong>Sp\u00e9cifications :<\/strong><\/p>\n<ul>\n<li class=\"\" data-start=\"1219\" data-end=\"1267\">\n<p class=\"\" data-start=\"1221\" data-end=\"1267\"><strong data-start=\"1221\" data-end=\"1236\">Dimensions :<\/strong> 2.1\u2033 (H) x 7.8\u2033 (L) x 9.6\u2033 (P)<\/p>\n<\/li>\n<li class=\"\" data-start=\"1268\" data-end=\"1298\">\n<p class=\"\" data-start=\"1270\" data-end=\"1298\"><strong data-start=\"1270\" data-end=\"1281\">Poids :<\/strong> 2,5 lbs (1,1 kg)<\/p>\n<\/li>\n<li class=\"\" data-start=\"1299\" data-end=\"1394\">\n<p class=\"\" data-start=\"1301\" data-end=\"1394\"><strong data-start=\"1301\" data-end=\"1318\">Alimentation \u00e9lectrique :<\/strong> AC 120V~ 60 Hz (US), AC 230-240V~ 50\/60 Hz (EU), AC 220-230V~ 50\/60 Hz (UK)<\/p>\n<\/li>\n<li class=\"\" data-start=\"1395\" data-end=\"1472\">\n<p class=\"\" data-start=\"1397\" data-end=\"1472\"><strong data-start=\"1397\" data-end=\"1420\">R\u00e9ponse en fr\u00e9quence :<\/strong> Entr\u00e9e micro vers n'importe quelle sortie : +0, -1 dB, 20 Hz \u00e0 30 kHz<\/p>\n<\/li>\n<li class=\"\" data-start=\"1473\" data-end=\"1537\">\n<p class=\"\" data-start=\"1475\" data-end=\"1537\"><strong data-start=\"1475\" data-end=\"1513\">Distorsion harmonique totale (THD+N) :<\/strong> &lt;0,01% \u00e0 une sortie de +4 dBu<\/p>\n<\/li>\n<li class=\"\" data-start=\"1538\" data-end=\"1594\">\n<p class=\"\" data-start=\"1540\" data-end=\"1594\"><strong data-start=\"1540\" data-end=\"1573\">Bruit d'entr\u00e9e \u00e9quivalent (EIN) :<\/strong> -125 dBu au gain maximal<\/p>\n<\/li>\n<li class=\"\" data-start=\"1595\" data-end=\"1691\">\n<p class=\"\" data-start=\"1597\" data-end=\"1691\"><strong data-start=\"1597\" data-end=\"1616\">Niveaux maximums :<\/strong> Entr\u00e9es micro (XLR) : +19 dBu ; Toutes les autres entr\u00e9es : +21 dBu ; Toutes les sorties : +21 dBu<\/p>\n<\/li>\n<li class=\"\" data-start=\"1692\" data-end=\"1848\">\n<p class=\"\" data-start=\"1694\" data-end=\"1848\"><strong data-start=\"1694\" data-end=\"1709\">Imp\u00e9dances :<\/strong> Entr\u00e9e micro : 3,8 k\u03a9 ; Toutes les autres entr\u00e9es : 10 k\u03a9 ou plus ; Tape Out : 1 k\u03a9 ; Phones Out : 22 k\u03a9 ; Toutes les autres sorties : 120 \u03a9 asym\u00e9trique, 240 \u03a9 sym\u00e9trique<\/p>\n<\/li>\n<\/ul>","protected":false},"featured_media":12650,"template":"","meta":{"om_disable_all_campaigns":false,"_monsterinsights_skip_tracking":false,"_monsterinsights_sitenote_active":false,"_monsterinsights_sitenote_note":"","_monsterinsights_sitenote_category":0,"_uf_show_specific_survey":0,"_uf_disable_surveys":false},"product_brand":[],"product_cat":[90,98,35],"product_tag":[],"class_list":{"0":"post-12639","1":"product","2":"type-product","3":"status-publish","4":"has-post-thumbnail","6":"product_cat-djparty-cinesouk","7":"product_cat-dj-sound-systems-eventsouk","8":"product_cat-sound-cinesouk","10":"entry","11":"has-media","13":"first","14":"instock","15":"taxable","16":"shipping-taxable","17":"purchasable","18":"product-type-variable","19":"has-product-nav","20":"col","21":"span_1_of_3","22":"owp-content-center","23":"owp-thumbs-layout-horizontal","24":"owp-btn-normal","25":"owp-tabs-layout-horizontal","26":"has-no-thumbnails"},"yoast_head":"<!-- This site is optimized with the Yoast SEO Premium plugin v26.0 (Yoast SEO v26.0) - https:\/\/yoast.com\/wordpress\/plugins\/seo\/ -->\n<title>Mackie Mix8 - CineSouk - CineSouk - Marrakech<\/title>\n<meta name=\"description\" content=\"Discover the Mackie Mix8, an 8-channel compact mixer offering 2 mic\/line inputs, 3-band EQ, phantom power, and a rugged design, perfect for musicians and content creators.\" \/>\n<meta name=\"robots\" content=\"index, follow, max-snippet:-1, max-image-preview:large, max-video-preview:-1\" \/>\n<link rel=\"canonical\" href=\"https:\/\/www.cinesouk.ma\/fr\/produit\/mackie-mix8\/\" \/>\n<meta property=\"og:locale\" content=\"fr_FR\" \/>\n<meta property=\"og:type\" content=\"article\" \/>\n<meta property=\"og:title\" content=\"Mackie Mix8\" \/>\n<meta property=\"og:description\" content=\"Discover the Mackie Mix8, an 8-channel compact mixer offering 2 mic\/line inputs, 3-band EQ, phantom power, and a rugged design, perfect for musicians and content creators.\" \/>\n<meta property=\"og:url\" content=\"https:\/\/www.cinesouk.ma\/fr\/produit\/mackie-mix8\/\" \/>\n<meta property=\"og:site_name\" content=\"CineSouk\" \/>\n<meta property=\"article:modified_time\" content=\"2025-08-22T15:10:21+00:00\" \/>\n<meta property=\"og:image\" content=\"https:\/\/www.cinesouk.ma\/wp-content\/uploads\/2025\/04\/Mackie-Mix8.jpg\" \/>\n\t<meta property=\"og:image:width\" content=\"300\" \/>\n\t<meta property=\"og:image:height\" content=\"238\" \/>\n\t<meta property=\"og:image:type\" content=\"image\/jpeg\" \/>\n<meta name=\"twitter:card\" content=\"summary_large_image\" \/>\n<meta name=\"twitter:description\" content=\"Discover the Mackie Mix8, an 8-channel compact mixer offering 2 mic\/line inputs, 3-band EQ, phantom power, and a rugged design, perfect for musicians and content creators.\" \/>\n<meta name=\"twitter:label1\" content=\"Dur\u00e9e de lecture estim\u00e9e\" \/>\n\t<meta name=\"twitter:data1\" content=\"2 minutes\" \/>\n<script type=\"application\/ld+json\" class=\"yoast-schema-graph\">{\"@context\":\"https:\/\/schema.org\",\"@graph\":[{\"@type\":\"WebPage\",\"@id\":\"https:\/\/www.cinesouk.ma\/product\/mackie-mix8\/\",\"url\":\"https:\/\/www.cinesouk.ma\/product\/mackie-mix8\/\",\"name\":\"Mackie Mix8 - CineSouk - CineSouk - Marrakech\",\"isPartOf\":{\"@id\":\"https:\/\/www.cinesouk.ma\/#website\"},\"primaryImageOfPage\":{\"@id\":\"https:\/\/www.cinesouk.ma\/product\/mackie-mix8\/#primaryimage\"},\"image\":{\"@id\":\"https:\/\/www.cinesouk.ma\/product\/mackie-mix8\/#primaryimage\"},\"thumbnailUrl\":\"https:\/\/www.cinesouk.ma\/wp-content\/uploads\/2025\/04\/Mackie-Mix8.jpg\",\"datePublished\":\"2025-04-26T09:23:33+00:00\",\"dateModified\":\"2025-08-22T15:10:21+00:00\",\"description\":\"Discover the Mackie Mix8, an 8-channel compact mixer offering 2 mic\/line inputs, 3-band EQ, phantom power, and a rugged design, perfect for musicians and content creators.\",\"breadcrumb\":{\"@id\":\"https:\/\/www.cinesouk.ma\/product\/mackie-mix8\/#breadcrumb\"},\"inLanguage\":\"fr-FR\",\"potentialAction\":[{\"@type\":\"ReadAction\",\"target\":[\"https:\/\/www.cinesouk.ma\/product\/mackie-mix8\/\"]}]},{\"@type\":\"ImageObject\",\"inLanguage\":\"fr-FR\",\"@id\":\"https:\/\/www.cinesouk.ma\/product\/mackie-mix8\/#primaryimage\",\"url\":\"https:\/\/www.cinesouk.ma\/wp-content\/uploads\/2025\/04\/Mackie-Mix8.jpg\",\"contentUrl\":\"https:\/\/www.cinesouk.ma\/wp-content\/uploads\/2025\/04\/Mackie-Mix8.jpg\",\"width\":300,\"height\":238,\"caption\":\"Mackie Mix8\"},{\"@type\":\"BreadcrumbList\",\"@id\":\"https:\/\/www.cinesouk.ma\/product\/mackie-mix8\/#breadcrumb\",\"itemListElement\":[{\"@type\":\"ListItem\",\"position\":1,\"name\":\"Home\",\"item\":\"https:\/\/www.cinesouk.ma\/\"},{\"@type\":\"ListItem\",\"position\":2,\"name\":\"Shop\",\"item\":\"https:\/\/www.cinesouk.ma\/shop\/\"},{\"@type\":\"ListItem\",\"position\":3,\"name\":\"Mackie Mix8\"}]},{\"@type\":\"WebSite\",\"@id\":\"https:\/\/www.cinesouk.ma\/#website\",\"url\":\"https:\/\/www.cinesouk.ma\/\",\"name\":\"CineSouk\",\"description\":\"\",\"publisher\":{\"@id\":\"https:\/\/www.cinesouk.ma\/#organization\"},\"potentialAction\":[{\"@type\":\"SearchAction\",\"target\":{\"@type\":\"EntryPoint\",\"urlTemplate\":\"https:\/\/www.cinesouk.ma\/?s={search_term_string}\"},\"query-input\":{\"@type\":\"PropertyValueSpecification\",\"valueRequired\":true,\"valueName\":\"search_term_string\"}}],\"inLanguage\":\"fr-FR\"},{\"@type\":\"Organization\",\"@id\":\"https:\/\/www.cinesouk.ma\/#organization\",\"name\":\"CineSouk\",\"url\":\"https:\/\/www.cinesouk.ma\/\",\"logo\":{\"@type\":\"ImageObject\",\"inLanguage\":\"fr-FR\",\"@id\":\"https:\/\/www.cinesouk.ma\/#\/schema\/logo\/image\/\",\"url\":\"https:\/\/www.cinesouk.ma\/wp-content\/uploads\/2024\/01\/CineSouk-logo-v01-alpha-alligned-left.png\",\"contentUrl\":\"https:\/\/www.cinesouk.ma\/wp-content\/uploads\/2024\/01\/CineSouk-logo-v01-alpha-alligned-left.png\",\"width\":3204,\"height\":889,\"caption\":\"CineSouk\"},\"image\":{\"@id\":\"https:\/\/www.cinesouk.ma\/#\/schema\/logo\/image\/\"}}]}<\/script>\n<!-- \/ Yoast SEO Premium plugin. -->","yoast_head_json":{"title":"Mackie Mix8 - CineSouk - CineSouk - Marrakech","description":"Discover the Mackie Mix8, an 8-channel compact mixer offering 2 mic\/line inputs, 3-band EQ, phantom power, and a rugged design, perfect for musicians and content creators.","robots":{"index":"index","follow":"follow","max-snippet":"max-snippet:-1","max-image-preview":"max-image-preview:large","max-video-preview":"max-video-preview:-1"},"canonical":"https:\/\/www.cinesouk.ma\/fr\/produit\/mackie-mix8\/","og_locale":"fr_FR","og_type":"article","og_title":"Mackie Mix8","og_description":"Discover the Mackie Mix8, an 8-channel compact mixer offering 2 mic\/line inputs, 3-band EQ, phantom power, and a rugged design, perfect for musicians and content creators.","og_url":"https:\/\/www.cinesouk.ma\/fr\/produit\/mackie-mix8\/","og_site_name":"CineSouk","article_modified_time":"2025-08-22T15:10:21+00:00","og_image":[{"width":300,"height":238,"url":"https:\/\/www.cinesouk.ma\/wp-content\/uploads\/2025\/04\/Mackie-Mix8.jpg","type":"image\/jpeg"}],"twitter_card":"summary_large_image","twitter_description":"Discover the Mackie Mix8, an 8-channel compact mixer offering 2 mic\/line inputs, 3-band EQ, phantom power, and a rugged design, perfect for musicians and content creators.","twitter_misc":{"Dur\u00e9e de lecture estim\u00e9e":"2 minutes"},"schema":{"@context":"https:\/\/schema.org","@graph":[{"@type":"WebPage","@id":"https:\/\/www.cinesouk.ma\/product\/mackie-mix8\/","url":"https:\/\/www.cinesouk.ma\/product\/mackie-mix8\/","name":"Mackie Mix8 - CineSouk - CineSouk - Marrakech","isPartOf":{"@id":"https:\/\/www.cinesouk.ma\/#website"},"primaryImageOfPage":{"@id":"https:\/\/www.cinesouk.ma\/product\/mackie-mix8\/#primaryimage"},"image":{"@id":"https:\/\/www.cinesouk.ma\/product\/mackie-mix8\/#primaryimage"},"thumbnailUrl":"https:\/\/www.cinesouk.ma\/wp-content\/uploads\/2025\/04\/Mackie-Mix8.jpg","datePublished":"2025-04-26T09:23:33+00:00","dateModified":"2025-08-22T15:10:21+00:00","description":"Discover the Mackie Mix8, an 8-channel compact mixer offering 2 mic\/line inputs, 3-band EQ, phantom power, and a rugged design, perfect for musicians and content creators.","breadcrumb":{"@id":"https:\/\/www.cinesouk.ma\/product\/mackie-mix8\/#breadcrumb"},"inLanguage":"fr-FR","potentialAction":[{"@type":"ReadAction","target":["https:\/\/www.cinesouk.ma\/product\/mackie-mix8\/"]}]},{"@type":"ImageObject","inLanguage":"fr-FR","@id":"https:\/\/www.cinesouk.ma\/product\/mackie-mix8\/#primaryimage","url":"https:\/\/www.cinesouk.ma\/wp-content\/uploads\/2025\/04\/Mackie-Mix8.jpg","contentUrl":"https:\/\/www.cinesouk.ma\/wp-content\/uploads\/2025\/04\/Mackie-Mix8.jpg","width":300,"height":238,"caption":"Mackie Mix8"},{"@type":"BreadcrumbList","@id":"https:\/\/www.cinesouk.ma\/product\/mackie-mix8\/#breadcrumb","itemListElement":[{"@type":"ListItem","position":1,"name":"Home","item":"https:\/\/www.cinesouk.ma\/"},{"@type":"ListItem","position":2,"name":"Shop","item":"https:\/\/www.cinesouk.ma\/shop\/"},{"@type":"ListItem","position":3,"name":"Mackie Mix8"}]},{"@type":"WebSite","@id":"https:\/\/www.cinesouk.ma\/#website","url":"https:\/\/www.cinesouk.ma\/","name":"CineSouk","description":"","publisher":{"@id":"https:\/\/www.cinesouk.ma\/#organization"},"potentialAction":[{"@type":"SearchAction","target":{"@type":"EntryPoint","urlTemplate":"https:\/\/www.cinesouk.ma\/?s={search_term_string}"},"query-input":{"@type":"PropertyValueSpecification","valueRequired":true,"valueName":"search_term_string"}}],"inLanguage":"fr-FR"},{"@type":"Organization","@id":"https:\/\/www.cinesouk.ma\/#organization","name":"CineSouk","url":"https:\/\/www.cinesouk.ma\/","logo":{"@type":"ImageObject","inLanguage":"fr-FR","@id":"https:\/\/www.cinesouk.ma\/#\/schema\/logo\/image\/","url":"https:\/\/www.cinesouk.ma\/wp-content\/uploads\/2024\/01\/CineSouk-logo-v01-alpha-alligned-left.png","contentUrl":"https:\/\/www.cinesouk.ma\/wp-content\/uploads\/2024\/01\/CineSouk-logo-v01-alpha-alligned-left.png","width":3204,"height":889,"caption":"CineSouk"},"image":{"@id":"https:\/\/www.cinesouk.ma\/#\/schema\/logo\/image\/"}}]}},"_links":{"self":[{"href":"https:\/\/www.cinesouk.ma\/fr\/wp-json\/wp\/v2\/product\/12639","targetHints":{"allow":["GET"]}}],"collection":[{"href":"https:\/\/www.cinesouk.ma\/fr\/wp-json\/wp\/v2\/product"}],"about":[{"href":"https:\/\/www.cinesouk.ma\/fr\/wp-json\/wp\/v2\/types\/product"}],"wp:featuredmedia":[{"embeddable":true,"href":"https:\/\/www.cinesouk.ma\/fr\/wp-json\/wp\/v2\/media\/12650"}],"wp:attachment":[{"href":"https:\/\/www.cinesouk.ma\/fr\/wp-json\/wp\/v2\/media?parent=12639"}],"wp:term":[{"taxonomy":"product_brand","embeddable":true,"href":"https:\/\/www.cinesouk.ma\/fr\/wp-json\/wp\/v2\/product_brand?post=12639"},{"taxonomy":"product_cat","embeddable":true,"href":"https:\/\/www.cinesouk.ma\/fr\/wp-json\/wp\/v2\/product_cat?post=12639"},{"taxonomy":"product_tag","embeddable":true,"href":"https:\/\/www.cinesouk.ma\/fr\/wp-json\/wp\/v2\/product_tag?post=12639"}],"curies":[{"name":"wp","href":"https:\/\/api.w.org\/{rel}","templated":true}]}}