{"id":12651,"date":"2025-04-26T09:49:36","date_gmt":"2025-04-26T09:49:36","guid":{"rendered":"https:\/\/www.cinesouk.ma\/?post_type=product&#038;p=12651"},"modified":"2025-08-22T15:10:20","modified_gmt":"2025-08-22T15:10:20","slug":"mackie-mix5","status":"publish","type":"product","link":"https:\/\/www.cinesouk.ma\/fr\/produit\/mackie-mix5\/","title":{"rendered":"Mackie Mix5"},"content":{"rendered":"<p class=\"\" data-start=\"156\" data-end=\"456\">La Mackie Mix5 est une table de mixage analogique 5 canaux compacte et polyvalente, id\u00e9ale pour les musiciens, les DJ et les cr\u00e9ateurs de contenu \u00e0 la recherche d'une solution fiable et facile \u00e0 utiliser pour leurs besoins audio. Malgr\u00e9 sa petite taille, la Mix5 offre un son de haute qualit\u00e9 et des fonctions essentielles pour le son en direct et l'enregistrement.<\/p>\n<h3 class=\"\" data-start=\"458\" data-end=\"479\"><strong data-start=\"462\" data-end=\"479\">Caract\u00e9ristiques principales :<\/strong><\/h3>\n<ul data-start=\"481\" data-end=\"1202\">\n<li class=\"\" data-start=\"481\" data-end=\"664\">\n<p class=\"\" data-start=\"483\" data-end=\"664\"><strong data-start=\"483\" data-end=\"505\">2 entr\u00e9es micro\/ligne :<\/strong> Equip\u00e9es de connecteurs XLR et 1\/4\u2033, ces entr\u00e9es offrent un son de qualit\u00e9 professionnelle, avec l'avantage suppl\u00e9mentaire d'une alimentation fant\u00f4me 48V pour les microphones \u00e0 condensateur.<\/p>\n<\/li>\n<li class=\"\" data-start=\"665\" data-end=\"786\">\n<p class=\"\" data-start=\"667\" data-end=\"786\"><strong data-start=\"667\" data-end=\"697\">2 entr\u00e9es ligne st\u00e9r\u00e9o 1\/4\u2033 :<\/strong> Parfait pour connecter des claviers, des bo\u00eetes \u00e0 rythmes ou toute autre source st\u00e9r\u00e9o de niveau ligne.<\/p>\n<\/li>\n<li class=\"\" data-start=\"787\" data-end=\"893\">\n<p class=\"\" data-start=\"789\" data-end=\"893\"><strong data-start=\"789\" data-end=\"803\">\u00c9galiseur \u00e0 2 bandes :<\/strong> Chaque canal d'entr\u00e9e dispose d'un \u00e9galiseur \u00e0 deux bandes, permettant un contr\u00f4le tonal de base pour fa\u00e7onner votre son.<\/p>\n<\/li>\n<li class=\"\" data-start=\"894\" data-end=\"976\">\n<p class=\"\" data-start=\"896\" data-end=\"976\"><strong data-start=\"896\" data-end=\"913\">RCA Entr\u00e9e\/sortie de bande :<\/strong> Entr\u00e9es et sorties RCA st\u00e9r\u00e9o pour faciliter la lecture et l'enregistrement.<\/p>\n<\/li>\n<li class=\"\" data-start=\"977\" data-end=\"1074\">\n<p class=\"\" data-start=\"979\" data-end=\"1074\"><strong data-start=\"979\" data-end=\"1000\">Sortie casque :<\/strong> Contr\u00f4le de volume s\u00e9par\u00e9 pour le monitoring avec une sortie casque d\u00e9di\u00e9e.<\/p>\n<\/li>\n<li class=\"\" data-start=\"1075\" data-end=\"1199\">\n<p class=\"\" data-start=\"1077\" data-end=\"1199\"><strong data-start=\"1077\" data-end=\"1094\">Construction robuste :<\/strong> Le design compact est dot\u00e9 d'un ch\u00e2ssis durable, ce qui rend le Mix5 parfait pour les d\u00e9placements et les performances en direct.<\/p>\n<\/li>\n<\/ul>\n<h3 class=\"\" data-start=\"1203\" data-end=\"1226\"><strong data-start=\"1207\" data-end=\"1226\">Sp\u00e9cifications :<\/strong><\/h3>\n<ul data-start=\"1228\" data-end=\"1716\">\n<li class=\"\" data-start=\"1228\" data-end=\"1276\">\n<p class=\"\" data-start=\"1230\" data-end=\"1276\"><strong data-start=\"1230\" data-end=\"1245\">Dimensions :<\/strong> 2.1\u2033 (H) x 7.8\u2033 (L) x 9.6\u2033 (P)<\/p>\n<\/li>\n<li class=\"\" data-start=\"1277\" data-end=\"1307\">\n<p class=\"\" data-start=\"1279\" data-end=\"1307\"><strong data-start=\"1279\" data-end=\"1290\">Poids :<\/strong> 2,5 lbs (1,1 kg)<\/p>\n<\/li>\n<li class=\"\" data-start=\"1308\" data-end=\"1403\">\n<p class=\"\" data-start=\"1310\" data-end=\"1403\"><strong data-start=\"1310\" data-end=\"1327\">Alimentation \u00e9lectrique :<\/strong> AC 120V~ 60 Hz (US), AC 230-240V~ 50\/60 Hz (EU), AC 220-230V~ 50\/60 Hz (UK)<\/p>\n<\/li>\n<li class=\"\" data-start=\"1404\" data-end=\"1457\">\n<p class=\"\" data-start=\"1406\" data-end=\"1457\"><strong data-start=\"1406\" data-end=\"1429\">R\u00e9ponse en fr\u00e9quence :<\/strong> 20 Hz \u00e0 30 kHz (+0, -1 dB)<\/p>\n<\/li>\n<li class=\"\" data-start=\"1458\" data-end=\"1506\">\n<p class=\"\" data-start=\"1460\" data-end=\"1506\"><strong data-start=\"1460\" data-end=\"1498\">Distorsion harmonique totale (THD+N) :<\/strong> &lt; 0,01%<\/p>\n<\/li>\n<li class=\"\" data-start=\"1507\" data-end=\"1613\">\n<p class=\"\" data-start=\"1509\" data-end=\"1530\"><strong data-start=\"1509\" data-end=\"1530\">Niveaux d'entr\u00e9e max :<\/strong><\/p>\n<ul data-start=\"1533\" data-end=\"1613\">\n<li class=\"\" data-start=\"1533\" data-end=\"1560\">\n<p class=\"\" data-start=\"1535\" data-end=\"1560\">Entr\u00e9es micro (XLR) : +19 dBu<\/p>\n<\/li>\n<li class=\"\" data-start=\"1563\" data-end=\"1592\">\n<p class=\"\" data-start=\"1565\" data-end=\"1592\">Entr\u00e9es ligne (1\/4\u2033) : +21 dBu<\/p>\n<\/li>\n<li class=\"\" data-start=\"1595\" data-end=\"1613\">\n<p class=\"\" data-start=\"1597\" data-end=\"1613\">Sorties : +21 dBu<\/p>\n<\/li>\n<\/ul>\n<\/li>\n<li class=\"\" data-start=\"1614\" data-end=\"1716\">\n<p class=\"\" data-start=\"1616\" data-end=\"1716\"><strong data-start=\"1616\" data-end=\"1630\">Imp\u00e9dance :<\/strong> Entr\u00e9e micro : 3,8 k\u03a9 ; Toutes les autres entr\u00e9es : 10 k\u03a9 ou plus ; Sortie bande : 1 k\u03a9 ; Sortie t\u00e9l\u00e9phone : 22 k\u03a9<\/p>\n<\/li>\n<\/ul>\n<p class=\"\" data-start=\"1739\" data-end=\"2092\">La Mackie Mix5 est une table de mixage simple mais puissante pour tous ceux qui ont besoin d'un mixage audio compact et fiable. Sa construction durable, sa facilit\u00e9 d'utilisation et ses fonctions polyvalentes en font le choix id\u00e9al pour les musiciens mobiles, les DJ et les cr\u00e9ateurs de contenu. Que vous vous produisiez sur sc\u00e8ne ou que vous enregistriez \u00e0 la maison, la Mix5 offre les performances et la portabilit\u00e9 dont vous avez besoin.<\/p>\n<p class=\"\" data-start=\"139\" data-end=\"393\">Louez-le maintenant sur <a href=\"https:\/\/www.cinesouk.ma\/fr\">CINESOUK<\/a> - une marque de <a href=\"https:\/\/www.broadway.ma\/\">BROADWAY PRODUCTIONS SARL.<\/a><\/p>","protected":false},"excerpt":{"rendered":"<p><strong>Sp\u00e9cifications :<\/strong><\/p>\n<ul>\n<li class=\"\" data-start=\"1228\" data-end=\"1276\">\n<p class=\"\" data-start=\"1230\" data-end=\"1276\"><strong data-start=\"1230\" data-end=\"1245\">Dimensions :<\/strong> 2.1\u2033 (H) x 7.8\u2033 (L) x 9.6\u2033 (P)<\/p>\n<\/li>\n<li class=\"\" data-start=\"1277\" data-end=\"1307\">\n<p class=\"\" data-start=\"1279\" data-end=\"1307\"><strong data-start=\"1279\" data-end=\"1290\">Poids :<\/strong> 2,5 lbs (1,1 kg)<\/p>\n<\/li>\n<li class=\"\" data-start=\"1308\" data-end=\"1403\">\n<p class=\"\" data-start=\"1310\" data-end=\"1403\"><strong data-start=\"1310\" data-end=\"1327\">Alimentation \u00e9lectrique :<\/strong> AC 120V~ 60 Hz (US), AC 230-240V~ 50\/60 Hz (EU), AC 220-230V~ 50\/60 Hz (UK)<\/p>\n<\/li>\n<li class=\"\" data-start=\"1404\" data-end=\"1457\">\n<p class=\"\" data-start=\"1406\" data-end=\"1457\"><strong data-start=\"1406\" data-end=\"1429\">R\u00e9ponse en fr\u00e9quence :<\/strong> 20 Hz \u00e0 30 kHz (+0, -1 dB)<\/p>\n<\/li>\n<li class=\"\" data-start=\"1458\" data-end=\"1506\">\n<p class=\"\" data-start=\"1460\" data-end=\"1506\"><strong data-start=\"1460\" data-end=\"1498\">Distorsion harmonique totale (THD+N) :<\/strong> &lt; 0,01%<\/p>\n<\/li>\n<li class=\"\" data-start=\"1507\" data-end=\"1613\">\n<p class=\"\" data-start=\"1509\" data-end=\"1530\"><strong data-start=\"1509\" data-end=\"1530\">Niveaux d'entr\u00e9e max :<\/strong><\/p>\n<ul data-start=\"1533\" data-end=\"1613\">\n<li class=\"\" data-start=\"1533\" data-end=\"1560\">\n<p class=\"\" data-start=\"1535\" data-end=\"1560\">Entr\u00e9es micro (XLR) : +19 dBu<\/p>\n<\/li>\n<li class=\"\" data-start=\"1563\" data-end=\"1592\">\n<p class=\"\" data-start=\"1565\" data-end=\"1592\">Entr\u00e9es ligne (1\/4\u2033) : +21 dBu<\/p>\n<\/li>\n<li class=\"\" data-start=\"1595\" data-end=\"1613\">\n<p class=\"\" data-start=\"1597\" data-end=\"1613\">Sorties : +21 dBu<\/p>\n<\/li>\n<\/ul>\n<\/li>\n<li class=\"\" data-start=\"1614\" data-end=\"1716\">\n<p class=\"\" data-start=\"1616\" data-end=\"1716\"><strong data-start=\"1616\" data-end=\"1630\">Imp\u00e9dance :<\/strong> Entr\u00e9e micro : 3,8 k\u03a9 ; Toutes les autres entr\u00e9es : 10 k\u03a9 ou plus ; Sortie bande : 1 k\u03a9 ; Sortie t\u00e9l\u00e9phone : 22 k\u03a9<\/p>\n<\/li>\n<\/ul>","protected":false},"featured_media":12662,"template":"","meta":{"om_disable_all_campaigns":false,"_monsterinsights_skip_tracking":false,"_monsterinsights_sitenote_active":false,"_monsterinsights_sitenote_note":"","_monsterinsights_sitenote_category":0,"_uf_show_specific_survey":0,"_uf_disable_surveys":false},"product_brand":[],"product_cat":[90,98,35],"product_tag":[],"class_list":{"0":"post-12651","1":"product","2":"type-product","3":"status-publish","4":"has-post-thumbnail","6":"product_cat-djparty-cinesouk","7":"product_cat-dj-sound-systems-eventsouk","8":"product_cat-sound-cinesouk","10":"entry","11":"has-media","13":"first","14":"instock","15":"taxable","16":"shipping-taxable","17":"purchasable","18":"product-type-variable","19":"has-product-nav","20":"col","21":"span_1_of_3","22":"owp-content-center","23":"owp-thumbs-layout-horizontal","24":"owp-btn-normal","25":"owp-tabs-layout-horizontal","26":"has-no-thumbnails"},"yoast_head":"<!-- This site is optimized with the Yoast SEO Premium plugin v26.0 (Yoast SEO v26.0) - https:\/\/yoast.com\/wordpress\/plugins\/seo\/ -->\n<title>Mackie Mix5 - CineSouk - CineSouk - Marrakech<\/title>\n<meta name=\"description\" content=\"The Mackie Mix5 is a compact 5-channel mixer with 2 mic\/line inputs, 2 stereo line inputs, and a 2-band EQ. Perfect for musicians, DJs, and content creators seeking a portable, reliable solution.\" \/>\n<meta name=\"robots\" content=\"index, follow, max-snippet:-1, max-image-preview:large, max-video-preview:-1\" \/>\n<link rel=\"canonical\" href=\"https:\/\/www.cinesouk.ma\/fr\/produit\/mackie-mix5\/\" \/>\n<meta property=\"og:locale\" content=\"fr_FR\" \/>\n<meta property=\"og:type\" content=\"article\" \/>\n<meta property=\"og:title\" content=\"Mackie Mix5\" \/>\n<meta property=\"og:description\" content=\"The Mackie Mix5 is a compact 5-channel mixer with 2 mic\/line inputs, 2 stereo line inputs, and a 2-band EQ. Perfect for musicians, DJs, and content creators seeking a portable, reliable solution.\" \/>\n<meta property=\"og:url\" content=\"https:\/\/www.cinesouk.ma\/fr\/produit\/mackie-mix5\/\" \/>\n<meta property=\"og:site_name\" content=\"CineSouk\" \/>\n<meta property=\"article:modified_time\" content=\"2025-08-22T15:10:20+00:00\" \/>\n<meta property=\"og:image\" content=\"https:\/\/www.cinesouk.ma\/wp-content\/uploads\/2025\/04\/Mackie-Mix5.jpg\" \/>\n\t<meta property=\"og:image:width\" content=\"300\" \/>\n\t<meta property=\"og:image:height\" content=\"238\" \/>\n\t<meta property=\"og:image:type\" content=\"image\/jpeg\" \/>\n<meta name=\"twitter:card\" content=\"summary_large_image\" \/>\n<meta name=\"twitter:description\" content=\"The Mackie Mix5 is a compact 5-channel mixer with 2 mic\/line inputs, 2 stereo line inputs, and a 2-band EQ. Perfect for musicians, DJs, and content creators seeking a portable, reliable solution.\" \/>\n<meta name=\"twitter:label1\" content=\"Dur\u00e9e de lecture estim\u00e9e\" \/>\n\t<meta name=\"twitter:data1\" content=\"2 minutes\" \/>\n<script type=\"application\/ld+json\" class=\"yoast-schema-graph\">{\"@context\":\"https:\/\/schema.org\",\"@graph\":[{\"@type\":\"WebPage\",\"@id\":\"https:\/\/www.cinesouk.ma\/product\/mackie-mix5\/\",\"url\":\"https:\/\/www.cinesouk.ma\/product\/mackie-mix5\/\",\"name\":\"Mackie Mix5 - CineSouk - CineSouk - Marrakech\",\"isPartOf\":{\"@id\":\"https:\/\/www.cinesouk.ma\/#website\"},\"primaryImageOfPage\":{\"@id\":\"https:\/\/www.cinesouk.ma\/product\/mackie-mix5\/#primaryimage\"},\"image\":{\"@id\":\"https:\/\/www.cinesouk.ma\/product\/mackie-mix5\/#primaryimage\"},\"thumbnailUrl\":\"https:\/\/www.cinesouk.ma\/wp-content\/uploads\/2025\/04\/Mackie-Mix5.jpg\",\"datePublished\":\"2025-04-26T09:49:36+00:00\",\"dateModified\":\"2025-08-22T15:10:20+00:00\",\"description\":\"The Mackie Mix5 is a compact 5-channel mixer with 2 mic\/line inputs, 2 stereo line inputs, and a 2-band EQ. Perfect for musicians, DJs, and content creators seeking a portable, reliable solution.\",\"breadcrumb\":{\"@id\":\"https:\/\/www.cinesouk.ma\/product\/mackie-mix5\/#breadcrumb\"},\"inLanguage\":\"fr-FR\",\"potentialAction\":[{\"@type\":\"ReadAction\",\"target\":[\"https:\/\/www.cinesouk.ma\/product\/mackie-mix5\/\"]}]},{\"@type\":\"ImageObject\",\"inLanguage\":\"fr-FR\",\"@id\":\"https:\/\/www.cinesouk.ma\/product\/mackie-mix5\/#primaryimage\",\"url\":\"https:\/\/www.cinesouk.ma\/wp-content\/uploads\/2025\/04\/Mackie-Mix5.jpg\",\"contentUrl\":\"https:\/\/www.cinesouk.ma\/wp-content\/uploads\/2025\/04\/Mackie-Mix5.jpg\",\"width\":300,\"height\":238,\"caption\":\"Mackie Mix5\"},{\"@type\":\"BreadcrumbList\",\"@id\":\"https:\/\/www.cinesouk.ma\/product\/mackie-mix5\/#breadcrumb\",\"itemListElement\":[{\"@type\":\"ListItem\",\"position\":1,\"name\":\"Home\",\"item\":\"https:\/\/www.cinesouk.ma\/\"},{\"@type\":\"ListItem\",\"position\":2,\"name\":\"Shop\",\"item\":\"https:\/\/www.cinesouk.ma\/shop\/\"},{\"@type\":\"ListItem\",\"position\":3,\"name\":\"Mackie Mix5\"}]},{\"@type\":\"WebSite\",\"@id\":\"https:\/\/www.cinesouk.ma\/#website\",\"url\":\"https:\/\/www.cinesouk.ma\/\",\"name\":\"CineSouk\",\"description\":\"\",\"publisher\":{\"@id\":\"https:\/\/www.cinesouk.ma\/#organization\"},\"potentialAction\":[{\"@type\":\"SearchAction\",\"target\":{\"@type\":\"EntryPoint\",\"urlTemplate\":\"https:\/\/www.cinesouk.ma\/?s={search_term_string}\"},\"query-input\":{\"@type\":\"PropertyValueSpecification\",\"valueRequired\":true,\"valueName\":\"search_term_string\"}}],\"inLanguage\":\"fr-FR\"},{\"@type\":\"Organization\",\"@id\":\"https:\/\/www.cinesouk.ma\/#organization\",\"name\":\"CineSouk\",\"url\":\"https:\/\/www.cinesouk.ma\/\",\"logo\":{\"@type\":\"ImageObject\",\"inLanguage\":\"fr-FR\",\"@id\":\"https:\/\/www.cinesouk.ma\/#\/schema\/logo\/image\/\",\"url\":\"https:\/\/www.cinesouk.ma\/wp-content\/uploads\/2024\/01\/CineSouk-logo-v01-alpha-alligned-left.png\",\"contentUrl\":\"https:\/\/www.cinesouk.ma\/wp-content\/uploads\/2024\/01\/CineSouk-logo-v01-alpha-alligned-left.png\",\"width\":3204,\"height\":889,\"caption\":\"CineSouk\"},\"image\":{\"@id\":\"https:\/\/www.cinesouk.ma\/#\/schema\/logo\/image\/\"}}]}<\/script>\n<!-- \/ Yoast SEO Premium plugin. -->","yoast_head_json":{"title":"Mackie Mix5 - CineSouk - CineSouk - Marrakech","description":"The Mackie Mix5 is a compact 5-channel mixer with 2 mic\/line inputs, 2 stereo line inputs, and a 2-band EQ. Perfect for musicians, DJs, and content creators seeking a portable, reliable solution.","robots":{"index":"index","follow":"follow","max-snippet":"max-snippet:-1","max-image-preview":"max-image-preview:large","max-video-preview":"max-video-preview:-1"},"canonical":"https:\/\/www.cinesouk.ma\/fr\/produit\/mackie-mix5\/","og_locale":"fr_FR","og_type":"article","og_title":"Mackie Mix5","og_description":"The Mackie Mix5 is a compact 5-channel mixer with 2 mic\/line inputs, 2 stereo line inputs, and a 2-band EQ. Perfect for musicians, DJs, and content creators seeking a portable, reliable solution.","og_url":"https:\/\/www.cinesouk.ma\/fr\/produit\/mackie-mix5\/","og_site_name":"CineSouk","article_modified_time":"2025-08-22T15:10:20+00:00","og_image":[{"width":300,"height":238,"url":"https:\/\/www.cinesouk.ma\/wp-content\/uploads\/2025\/04\/Mackie-Mix5.jpg","type":"image\/jpeg"}],"twitter_card":"summary_large_image","twitter_description":"The Mackie Mix5 is a compact 5-channel mixer with 2 mic\/line inputs, 2 stereo line inputs, and a 2-band EQ. Perfect for musicians, DJs, and content creators seeking a portable, reliable solution.","twitter_misc":{"Dur\u00e9e de lecture estim\u00e9e":"2 minutes"},"schema":{"@context":"https:\/\/schema.org","@graph":[{"@type":"WebPage","@id":"https:\/\/www.cinesouk.ma\/product\/mackie-mix5\/","url":"https:\/\/www.cinesouk.ma\/product\/mackie-mix5\/","name":"Mackie Mix5 - CineSouk - CineSouk - Marrakech","isPartOf":{"@id":"https:\/\/www.cinesouk.ma\/#website"},"primaryImageOfPage":{"@id":"https:\/\/www.cinesouk.ma\/product\/mackie-mix5\/#primaryimage"},"image":{"@id":"https:\/\/www.cinesouk.ma\/product\/mackie-mix5\/#primaryimage"},"thumbnailUrl":"https:\/\/www.cinesouk.ma\/wp-content\/uploads\/2025\/04\/Mackie-Mix5.jpg","datePublished":"2025-04-26T09:49:36+00:00","dateModified":"2025-08-22T15:10:20+00:00","description":"The Mackie Mix5 is a compact 5-channel mixer with 2 mic\/line inputs, 2 stereo line inputs, and a 2-band EQ. Perfect for musicians, DJs, and content creators seeking a portable, reliable solution.","breadcrumb":{"@id":"https:\/\/www.cinesouk.ma\/product\/mackie-mix5\/#breadcrumb"},"inLanguage":"fr-FR","potentialAction":[{"@type":"ReadAction","target":["https:\/\/www.cinesouk.ma\/product\/mackie-mix5\/"]}]},{"@type":"ImageObject","inLanguage":"fr-FR","@id":"https:\/\/www.cinesouk.ma\/product\/mackie-mix5\/#primaryimage","url":"https:\/\/www.cinesouk.ma\/wp-content\/uploads\/2025\/04\/Mackie-Mix5.jpg","contentUrl":"https:\/\/www.cinesouk.ma\/wp-content\/uploads\/2025\/04\/Mackie-Mix5.jpg","width":300,"height":238,"caption":"Mackie Mix5"},{"@type":"BreadcrumbList","@id":"https:\/\/www.cinesouk.ma\/product\/mackie-mix5\/#breadcrumb","itemListElement":[{"@type":"ListItem","position":1,"name":"Home","item":"https:\/\/www.cinesouk.ma\/"},{"@type":"ListItem","position":2,"name":"Shop","item":"https:\/\/www.cinesouk.ma\/shop\/"},{"@type":"ListItem","position":3,"name":"Mackie Mix5"}]},{"@type":"WebSite","@id":"https:\/\/www.cinesouk.ma\/#website","url":"https:\/\/www.cinesouk.ma\/","name":"CineSouk","description":"","publisher":{"@id":"https:\/\/www.cinesouk.ma\/#organization"},"potentialAction":[{"@type":"SearchAction","target":{"@type":"EntryPoint","urlTemplate":"https:\/\/www.cinesouk.ma\/?s={search_term_string}"},"query-input":{"@type":"PropertyValueSpecification","valueRequired":true,"valueName":"search_term_string"}}],"inLanguage":"fr-FR"},{"@type":"Organization","@id":"https:\/\/www.cinesouk.ma\/#organization","name":"CineSouk","url":"https:\/\/www.cinesouk.ma\/","logo":{"@type":"ImageObject","inLanguage":"fr-FR","@id":"https:\/\/www.cinesouk.ma\/#\/schema\/logo\/image\/","url":"https:\/\/www.cinesouk.ma\/wp-content\/uploads\/2024\/01\/CineSouk-logo-v01-alpha-alligned-left.png","contentUrl":"https:\/\/www.cinesouk.ma\/wp-content\/uploads\/2024\/01\/CineSouk-logo-v01-alpha-alligned-left.png","width":3204,"height":889,"caption":"CineSouk"},"image":{"@id":"https:\/\/www.cinesouk.ma\/#\/schema\/logo\/image\/"}}]}},"_links":{"self":[{"href":"https:\/\/www.cinesouk.ma\/fr\/wp-json\/wp\/v2\/product\/12651","targetHints":{"allow":["GET"]}}],"collection":[{"href":"https:\/\/www.cinesouk.ma\/fr\/wp-json\/wp\/v2\/product"}],"about":[{"href":"https:\/\/www.cinesouk.ma\/fr\/wp-json\/wp\/v2\/types\/product"}],"wp:featuredmedia":[{"embeddable":true,"href":"https:\/\/www.cinesouk.ma\/fr\/wp-json\/wp\/v2\/media\/12662"}],"wp:attachment":[{"href":"https:\/\/www.cinesouk.ma\/fr\/wp-json\/wp\/v2\/media?parent=12651"}],"wp:term":[{"taxonomy":"product_brand","embeddable":true,"href":"https:\/\/www.cinesouk.ma\/fr\/wp-json\/wp\/v2\/product_brand?post=12651"},{"taxonomy":"product_cat","embeddable":true,"href":"https:\/\/www.cinesouk.ma\/fr\/wp-json\/wp\/v2\/product_cat?post=12651"},{"taxonomy":"product_tag","embeddable":true,"href":"https:\/\/www.cinesouk.ma\/fr\/wp-json\/wp\/v2\/product_tag?post=12651"}],"curies":[{"name":"wp","href":"https:\/\/api.w.org\/{rel}","templated":true}]}}