{"id":12663,"date":"2025-04-26T10:07:21","date_gmt":"2025-04-26T10:07:21","guid":{"rendered":"https:\/\/www.cinesouk.ma\/?post_type=product&#038;p=12663"},"modified":"2025-08-18T10:30:28","modified_gmt":"2025-08-18T10:30:28","slug":"chauvet-dj-freedom-flex-h9-ip-x6-led","status":"publish","type":"product","link":"https:\/\/www.cinesouk.ma\/fr\/produit\/chauvet-dj-freedom-flex-h9-ip-x6-led\/","title":{"rendered":"Chauvet DJ Freedom Flex H9 IP X6 LED"},"content":{"rendered":"<div class=\"flex max-w-full flex-col flex-grow\">\n<div class=\"min-h-8 text-message flex w-full flex-col items-end gap-2 whitespace-normal break-words [.text-message+&amp;]:mt-5\" dir=\"auto\" data-message-author-role=\"assistant\" data-message-id=\"e4c3ffad-71cb-44e7-93b8-bb60eda86b77\" data-message-model-slug=\"gpt-4o-mini\">\n<div class=\"flex w-full flex-col gap-1 empty:hidden first:pt-[3px]\">\n<div class=\"markdown prose w-full break-words dark:prose-invert light\">\n<p class=\"\" data-start=\"168\" data-end=\"541\">Le Chauvet DJ Freedom Flex H9 IP X6 LED est une solution d'\u00e9clairage polyvalente et sans fil pour les \u00e9v\u00e9nements en int\u00e9rieur et en ext\u00e9rieur. Ce kit de 6 LED est parfait pour \u00e9clairer les lieux, cr\u00e9er des atmosph\u00e8res vibrantes et fournir un \u00e9clairage de qualit\u00e9 professionnelle. Qu'il soit utilis\u00e9 lors de mariages, d'\u00e9v\u00e9nements d'entreprise ou de festivals en plein air, le Freedom Flex H9 garantit un \u00e9clairage dynamique et de haute qualit\u00e9.<\/p>\n<h3 class=\"\" data-start=\"543\" data-end=\"564\"><strong data-start=\"547\" data-end=\"564\">Caract\u00e9ristiques principales :<\/strong><\/h3>\n<ul data-start=\"566\" data-end=\"1540\">\n<li class=\"\" data-start=\"566\" data-end=\"727\">\n<p class=\"\" data-start=\"568\" data-end=\"727\"><strong data-start=\"568\" data-end=\"601\">Sans fil et aliment\u00e9 par batterie :<\/strong> Les uplighters sont enti\u00e8rement sans fil, vous n'aurez donc pas besoin de c\u00e2bles d'alimentation. L'installation et la d\u00e9sinstallation sont donc plus rapides et plus faciles.<\/p>\n<\/li>\n<li class=\"\" data-start=\"728\" data-end=\"863\">\n<p class=\"\" data-start=\"730\" data-end=\"863\"><strong data-start=\"730\" data-end=\"758\">RGBWA+UV Technologie LED :<\/strong> Les 9 LED de haute puissance (RGBAW+UV) offrent un large spectre de couleurs, y compris des blancs \u00e9clatants et des effets UV.<\/p>\n<\/li>\n<li class=\"\" data-start=\"864\" data-end=\"1022\">\n<p class=\"\" data-start=\"866\" data-end=\"1022\"><strong data-start=\"866\" data-end=\"902\">Conception r\u00e9sistante aux intemp\u00e9ries (IP54) :<\/strong> Con\u00e7us pour durer, ces projecteurs peuvent r\u00e9sister aux conditions ext\u00e9rieures, ce qui les rend adapt\u00e9s \u00e0 divers sc\u00e9narios m\u00e9t\u00e9orologiques.<\/p>\n<\/li>\n<li class=\"\" data-start=\"1023\" data-end=\"1146\">\n<p class=\"\" data-start=\"1025\" data-end=\"1146\"><strong data-start=\"1025\" data-end=\"1047\">Diffuseur magn\u00e9tique :<\/strong> Les diffuseurs magn\u00e9tiques inclus adoucissent et diffusent la lumi\u00e8re, ce qui permet d'obtenir des effets de faisceau personnalis\u00e9s.<\/p>\n<\/li>\n<li class=\"\" data-start=\"1147\" data-end=\"1291\">\n<p class=\"\" data-start=\"1149\" data-end=\"1291\"><strong data-start=\"1149\" data-end=\"1171\">Longue dur\u00e9e de vie de la batterie :<\/strong> Les uplighters offrent jusqu'\u00e0 20 heures de fonctionnement avec une charge compl\u00e8te, garantissant une performance fiable tout au long de votre \u00e9v\u00e9nement.<\/p>\n<\/li>\n<li class=\"\" data-start=\"1292\" data-end=\"1428\">\n<p class=\"\" data-start=\"1294\" data-end=\"1428\"><strong data-start=\"1294\" data-end=\"1315\">Contr\u00f4le flexible :<\/strong> Le contr\u00f4le sans fil est possible via la t\u00e9l\u00e9commande Chauvet DJ RFC ou RFC-XL, ce qui vous permet d'ajuster les param\u00e8tres en cours de route.<\/p>\n<\/li>\n<li class=\"\" data-start=\"1429\" data-end=\"1540\">\n<p class=\"\" data-start=\"1431\" data-end=\"1540\"><strong data-start=\"1431\" data-end=\"1460\">\u00c9tui de chargement pratique :<\/strong> Une mallette de transport robuste est incluse pour le stockage et la recharge facile de tous les projecteurs.<\/p>\n<\/li>\n<\/ul>\n<h3 class=\"\" data-start=\"1542\" data-end=\"1565\"><strong data-start=\"1546\" data-end=\"1565\">Sp\u00e9cifications :<\/strong><\/h3>\n<ul data-start=\"1567\" data-end=\"1968\">\n<li class=\"\" data-start=\"1567\" data-end=\"1614\">\n<p class=\"\" data-start=\"1569\" data-end=\"1614\"><strong data-start=\"1569\" data-end=\"1586\">Source de lumi\u00e8re :<\/strong> 9 LED (10W chacune, RGBAW+UV)<\/p>\n<\/li>\n<li class=\"\" data-start=\"1615\" data-end=\"1636\">\n<p class=\"\" data-start=\"1617\" data-end=\"1636\"><strong data-start=\"1617\" data-end=\"1632\">Angle du faisceau :<\/strong> 28\u00b0<\/p>\n<\/li>\n<li class=\"\" data-start=\"1637\" data-end=\"1671\">\n<p class=\"\" data-start=\"1639\" data-end=\"1671\"><strong data-start=\"1639\" data-end=\"1655\">L'intensit\u00e9 lumineuse :<\/strong> 1 402 lux \u00e0 2 m<\/p>\n<\/li>\n<li class=\"\" data-start=\"1672\" data-end=\"1720\">\n<p class=\"\" data-start=\"1674\" data-end=\"1720\"><strong data-start=\"1674\" data-end=\"1692\">Port\u00e9e maximale :<\/strong> 600 ft (183 m) sans obstacle<\/p>\n<\/li>\n<li class=\"\" data-start=\"1721\" data-end=\"1773\">\n<p class=\"\" data-start=\"1723\" data-end=\"1773\"><strong data-start=\"1723\" data-end=\"1745\">Consommation \u00e9lectrique :<\/strong> 375W, 3.2A \u00e0 120V, 50\/60Hz<\/p>\n<\/li>\n<li class=\"\" data-start=\"1774\" data-end=\"1827\">\n<p class=\"\" data-start=\"1776\" data-end=\"1827\"><strong data-start=\"1776\" data-end=\"1795\">Dur\u00e9e de fonctionnement :<\/strong> Jusqu'\u00e0 20 heures avec une charge compl\u00e8te<\/p>\n<\/li>\n<li class=\"\" data-start=\"1828\" data-end=\"1869\">\n<p class=\"\" data-start=\"1830\" data-end=\"1869\"><strong data-start=\"1830\" data-end=\"1844\">Indice de protection IP :<\/strong> IP54 (r\u00e9sistant aux intemp\u00e9ries)<\/p>\n<\/li>\n<li class=\"\" data-start=\"1870\" data-end=\"1927\">\n<p class=\"\" data-start=\"1872\" data-end=\"1927\"><strong data-start=\"1872\" data-end=\"1887\">Dimensions :<\/strong> 8,4\" x 8,1\" x 6,8\" (213 x 206 x 173 mm)<\/p>\n<\/li>\n<li class=\"\" data-start=\"1928\" data-end=\"1968\">\n<p class=\"\" data-start=\"1930\" data-end=\"1968\"><strong data-start=\"1930\" data-end=\"1950\">Poids par unit\u00e9 :<\/strong> 8,5 lbs (3,85 kg)<\/p>\n<\/li>\n<\/ul>\n<p class=\"\" data-start=\"1991\" data-end=\"2330\">Le kit de LED Chauvet DJ Freedom Flex H9 IP X6 offre un \u00e9clairage puissant et sans fil pour tous les \u00e9v\u00e9nements. Avec une longue dur\u00e9e de vie des piles, un contr\u00f4le flexible et un design r\u00e9sistant aux intemp\u00e9ries, ces uplighters sont id\u00e9aux pour une utilisation en int\u00e9rieur comme en ext\u00e9rieur. Qu'il s'agisse d'\u00e9clairer un mariage ou un \u00e9v\u00e9nement d'entreprise, ce kit de 6 LED garantit des effets \u00e9poustouflants en toute simplicit\u00e9.<\/p>\n<p data-start=\"41\" data-end=\"431\">Louez-le maintenant sur <a href=\"https:\/\/www.cinesouk.ma\/fr\">CINESOUK<\/a> - une marque de <a href=\"https:\/\/www.broadway.ma\/\">BROADWAY PRODUCTIONS SARL.<\/a><\/p>\n<\/div>\n<\/div>\n<\/div>\n<\/div>","protected":false},"excerpt":{"rendered":"<p><strong>Sp\u00e9cifications :<\/strong><\/p>\n<ul data-start=\"1819\" data-end=\"2252\">\n<li class=\"\" data-start=\"1819\" data-end=\"1866\">\n<p class=\"\" data-start=\"1821\" data-end=\"1866\"><strong data-start=\"1821\" data-end=\"1838\">Source de lumi\u00e8re :<\/strong> 9 LED (10W chacune, RGBAW+UV)<\/p>\n<\/li>\n<li class=\"\" data-start=\"1867\" data-end=\"1888\">\n<p class=\"\" data-start=\"1869\" data-end=\"1888\"><strong data-start=\"1869\" data-end=\"1884\">Angle du faisceau :<\/strong> 28\u00b0<\/p>\n<\/li>\n<li class=\"\" data-start=\"1889\" data-end=\"1946\">\n<p class=\"\" data-start=\"1891\" data-end=\"1946\"><strong data-start=\"1891\" data-end=\"1907\">L'intensit\u00e9 lumineuse :<\/strong> 1 402 lux \u00e0 2 m (avec Hyper Reflector)<\/p>\n<\/li>\n<li class=\"\" data-start=\"1947\" data-end=\"1995\">\n<p class=\"\" data-start=\"1949\" data-end=\"1995\"><strong data-start=\"1949\" data-end=\"1967\">Port\u00e9e maximale :<\/strong> 600 ft (183 m) sans obstacle<\/p>\n<\/li>\n<li class=\"\" data-start=\"1996\" data-end=\"2048\">\n<p class=\"\" data-start=\"1998\" data-end=\"2048\"><strong data-start=\"1998\" data-end=\"2020\">Consommation \u00e9lectrique :<\/strong> 375W, 3.2A \u00e0 120V, 50\/60Hz<\/p>\n<\/li>\n<li class=\"\" data-start=\"2049\" data-end=\"2102\">\n<p class=\"\" data-start=\"2051\" data-end=\"2102\"><strong data-start=\"2051\" data-end=\"2070\">Dur\u00e9e de fonctionnement :<\/strong> Jusqu'\u00e0 20 heures avec une charge compl\u00e8te<\/p>\n<\/li>\n<li class=\"\" data-start=\"2103\" data-end=\"2144\">\n<p class=\"\" data-start=\"2105\" data-end=\"2144\"><strong data-start=\"2105\" data-end=\"2119\">Indice de protection IP :<\/strong> IP54 (r\u00e9sistant aux intemp\u00e9ries)<\/p>\n<\/li>\n<li class=\"\" data-start=\"2145\" data-end=\"2211\">\n<p class=\"\" data-start=\"2147\" data-end=\"2211\"><strong data-start=\"2147\" data-end=\"2171\">Dimensions par unit\u00e9 :<\/strong> 8,4\" x 8,1\" x 6,8\" (213 x 206 x 173 mm)<\/p>\n<\/li>\n<li class=\"\" data-start=\"2212\" data-end=\"2252\">\n<p class=\"\" data-start=\"2214\" data-end=\"2252\"><strong data-start=\"2214\" data-end=\"2234\">Poids par unit\u00e9 :<\/strong> 8,5 lbs (3,85 kg)<\/p>\n<\/li>\n<\/ul>","protected":false},"featured_media":12674,"template":"","meta":{"om_disable_all_campaigns":false,"_monsterinsights_skip_tracking":false,"_monsterinsights_sitenote_active":false,"_monsterinsights_sitenote_note":"","_monsterinsights_sitenote_category":0,"_uf_show_specific_survey":0,"_uf_disable_surveys":false},"product_brand":[],"product_cat":[90,20],"product_tag":[],"class_list":{"0":"post-12663","1":"product","2":"type-product","3":"status-publish","4":"has-post-thumbnail","6":"product_cat-djparty-cinesouk","7":"product_cat-light-cinesouk","9":"entry","10":"has-media","12":"first","13":"instock","14":"taxable","15":"shipping-taxable","16":"purchasable","17":"product-type-variable","18":"has-product-nav","19":"col","20":"span_1_of_3","21":"owp-content-center","22":"owp-thumbs-layout-horizontal","23":"owp-btn-normal","24":"owp-tabs-layout-horizontal","25":"has-no-thumbnails"},"yoast_head":"<!-- This site is optimized with the Yoast SEO Premium plugin v26.0 (Yoast SEO v26.0) - https:\/\/yoast.com\/wordpress\/plugins\/seo\/ -->\n<title>Chauvet DJ Freedom Flex H9 IP X6 LED - CineSouk<\/title>\n<meta name=\"description\" content=\"The Chauvet DJ Freedom Flex H9 IP X6 LED Battery-Powered Outdoor Uplighter Kit offers 6 wireless uplighters with RGBWA+UV LED technology, weather-resistant design, and long battery life, ideal for indoor and outdoor events.\" \/>\n<meta name=\"robots\" content=\"index, follow, max-snippet:-1, max-image-preview:large, max-video-preview:-1\" \/>\n<link rel=\"canonical\" href=\"https:\/\/www.cinesouk.ma\/fr\/produit\/chauvet-dj-freedom-flex-h9-ip-x6-led\/\" \/>\n<meta property=\"og:locale\" content=\"fr_FR\" \/>\n<meta property=\"og:type\" content=\"article\" \/>\n<meta property=\"og:title\" content=\"Chauvet DJ Freedom Flex H9 IP X6 LED\" \/>\n<meta property=\"og:description\" content=\"The Chauvet DJ Freedom Flex H9 IP X6 LED Battery-Powered Outdoor Uplighter Kit offers 6 wireless uplighters with RGBWA+UV LED technology, weather-resistant design, and long battery life, ideal for indoor and outdoor events.\" \/>\n<meta property=\"og:url\" content=\"https:\/\/www.cinesouk.ma\/fr\/produit\/chauvet-dj-freedom-flex-h9-ip-x6-led\/\" \/>\n<meta property=\"og:site_name\" content=\"CineSouk\" \/>\n<meta property=\"article:modified_time\" content=\"2025-08-18T10:30:28+00:00\" \/>\n<meta property=\"og:image\" content=\"https:\/\/www.cinesouk.ma\/wp-content\/uploads\/2025\/04\/Chauvet-DJ-Freedom-Flex-H9-IP-X6-LED-battery-powered-outdoor-uplighter-x6-kit.jpg\" \/>\n\t<meta property=\"og:image:width\" content=\"300\" \/>\n\t<meta property=\"og:image:height\" content=\"238\" \/>\n\t<meta property=\"og:image:type\" content=\"image\/jpeg\" \/>\n<meta name=\"twitter:card\" content=\"summary_large_image\" \/>\n<meta name=\"twitter:description\" content=\"The Chauvet DJ Freedom Flex H9 IP X6 LED Battery-Powered Outdoor Uplighter Kit offers 6 wireless uplighters with RGBWA+UV LED technology, weather-resistant design, and long battery life, ideal for indoor and outdoor events.\" \/>\n<meta name=\"twitter:label1\" content=\"Dur\u00e9e de lecture estim\u00e9e\" \/>\n\t<meta name=\"twitter:data1\" content=\"2 minutes\" \/>\n<script type=\"application\/ld+json\" class=\"yoast-schema-graph\">{\"@context\":\"https:\/\/schema.org\",\"@graph\":[{\"@type\":\"WebPage\",\"@id\":\"https:\/\/www.cinesouk.ma\/product\/chauvet-dj-freedom-flex-h9-ip-x6-led\/\",\"url\":\"https:\/\/www.cinesouk.ma\/product\/chauvet-dj-freedom-flex-h9-ip-x6-led\/\",\"name\":\"Chauvet DJ Freedom Flex H9 IP X6 LED - CineSouk\",\"isPartOf\":{\"@id\":\"https:\/\/www.cinesouk.ma\/#website\"},\"primaryImageOfPage\":{\"@id\":\"https:\/\/www.cinesouk.ma\/product\/chauvet-dj-freedom-flex-h9-ip-x6-led\/#primaryimage\"},\"image\":{\"@id\":\"https:\/\/www.cinesouk.ma\/product\/chauvet-dj-freedom-flex-h9-ip-x6-led\/#primaryimage\"},\"thumbnailUrl\":\"https:\/\/www.cinesouk.ma\/wp-content\/uploads\/2025\/04\/Chauvet-DJ-Freedom-Flex-H9-IP-X6-LED-battery-powered-outdoor-uplighter-x6-kit.jpg\",\"datePublished\":\"2025-04-26T10:07:21+00:00\",\"dateModified\":\"2025-08-18T10:30:28+00:00\",\"description\":\"The Chauvet DJ Freedom Flex H9 IP X6 LED Battery-Powered Outdoor Uplighter Kit offers 6 wireless uplighters with RGBWA+UV LED technology, weather-resistant design, and long battery life, ideal for indoor and outdoor events.\",\"breadcrumb\":{\"@id\":\"https:\/\/www.cinesouk.ma\/product\/chauvet-dj-freedom-flex-h9-ip-x6-led\/#breadcrumb\"},\"inLanguage\":\"fr-FR\",\"potentialAction\":[{\"@type\":\"ReadAction\",\"target\":[\"https:\/\/www.cinesouk.ma\/product\/chauvet-dj-freedom-flex-h9-ip-x6-led\/\"]}]},{\"@type\":\"ImageObject\",\"inLanguage\":\"fr-FR\",\"@id\":\"https:\/\/www.cinesouk.ma\/product\/chauvet-dj-freedom-flex-h9-ip-x6-led\/#primaryimage\",\"url\":\"https:\/\/www.cinesouk.ma\/wp-content\/uploads\/2025\/04\/Chauvet-DJ-Freedom-Flex-H9-IP-X6-LED-battery-powered-outdoor-uplighter-x6-kit.jpg\",\"contentUrl\":\"https:\/\/www.cinesouk.ma\/wp-content\/uploads\/2025\/04\/Chauvet-DJ-Freedom-Flex-H9-IP-X6-LED-battery-powered-outdoor-uplighter-x6-kit.jpg\",\"width\":300,\"height\":238,\"caption\":\"Chauvet DJ Freedom Flex H9 IP X6 LED battery powered outdoor uplighter x6 kit\"},{\"@type\":\"BreadcrumbList\",\"@id\":\"https:\/\/www.cinesouk.ma\/product\/chauvet-dj-freedom-flex-h9-ip-x6-led\/#breadcrumb\",\"itemListElement\":[{\"@type\":\"ListItem\",\"position\":1,\"name\":\"Home\",\"item\":\"https:\/\/www.cinesouk.ma\/\"},{\"@type\":\"ListItem\",\"position\":2,\"name\":\"Shop\",\"item\":\"https:\/\/www.cinesouk.ma\/shop\/\"},{\"@type\":\"ListItem\",\"position\":3,\"name\":\"Chauvet DJ Freedom Flex H9 IP X6 LED\"}]},{\"@type\":\"WebSite\",\"@id\":\"https:\/\/www.cinesouk.ma\/#website\",\"url\":\"https:\/\/www.cinesouk.ma\/\",\"name\":\"CineSouk\",\"description\":\"\",\"publisher\":{\"@id\":\"https:\/\/www.cinesouk.ma\/#organization\"},\"potentialAction\":[{\"@type\":\"SearchAction\",\"target\":{\"@type\":\"EntryPoint\",\"urlTemplate\":\"https:\/\/www.cinesouk.ma\/?s={search_term_string}\"},\"query-input\":{\"@type\":\"PropertyValueSpecification\",\"valueRequired\":true,\"valueName\":\"search_term_string\"}}],\"inLanguage\":\"fr-FR\"},{\"@type\":\"Organization\",\"@id\":\"https:\/\/www.cinesouk.ma\/#organization\",\"name\":\"CineSouk\",\"url\":\"https:\/\/www.cinesouk.ma\/\",\"logo\":{\"@type\":\"ImageObject\",\"inLanguage\":\"fr-FR\",\"@id\":\"https:\/\/www.cinesouk.ma\/#\/schema\/logo\/image\/\",\"url\":\"https:\/\/www.cinesouk.ma\/wp-content\/uploads\/2024\/01\/CineSouk-logo-v01-alpha-alligned-left.png\",\"contentUrl\":\"https:\/\/www.cinesouk.ma\/wp-content\/uploads\/2024\/01\/CineSouk-logo-v01-alpha-alligned-left.png\",\"width\":3204,\"height\":889,\"caption\":\"CineSouk\"},\"image\":{\"@id\":\"https:\/\/www.cinesouk.ma\/#\/schema\/logo\/image\/\"}}]}<\/script>\n<!-- \/ Yoast SEO Premium plugin. -->","yoast_head_json":{"title":"Chauvet DJ Freedom Flex H9 IP X6 LED - CineSouk","description":"The Chauvet DJ Freedom Flex H9 IP X6 LED Battery-Powered Outdoor Uplighter Kit offers 6 wireless uplighters with RGBWA+UV LED technology, weather-resistant design, and long battery life, ideal for indoor and outdoor events.","robots":{"index":"index","follow":"follow","max-snippet":"max-snippet:-1","max-image-preview":"max-image-preview:large","max-video-preview":"max-video-preview:-1"},"canonical":"https:\/\/www.cinesouk.ma\/fr\/produit\/chauvet-dj-freedom-flex-h9-ip-x6-led\/","og_locale":"fr_FR","og_type":"article","og_title":"Chauvet DJ Freedom Flex H9 IP X6 LED","og_description":"The Chauvet DJ Freedom Flex H9 IP X6 LED Battery-Powered Outdoor Uplighter Kit offers 6 wireless uplighters with RGBWA+UV LED technology, weather-resistant design, and long battery life, ideal for indoor and outdoor events.","og_url":"https:\/\/www.cinesouk.ma\/fr\/produit\/chauvet-dj-freedom-flex-h9-ip-x6-led\/","og_site_name":"CineSouk","article_modified_time":"2025-08-18T10:30:28+00:00","og_image":[{"width":300,"height":238,"url":"https:\/\/www.cinesouk.ma\/wp-content\/uploads\/2025\/04\/Chauvet-DJ-Freedom-Flex-H9-IP-X6-LED-battery-powered-outdoor-uplighter-x6-kit.jpg","type":"image\/jpeg"}],"twitter_card":"summary_large_image","twitter_description":"The Chauvet DJ Freedom Flex H9 IP X6 LED Battery-Powered Outdoor Uplighter Kit offers 6 wireless uplighters with RGBWA+UV LED technology, weather-resistant design, and long battery life, ideal for indoor and outdoor events.","twitter_misc":{"Dur\u00e9e de lecture estim\u00e9e":"2 minutes"},"schema":{"@context":"https:\/\/schema.org","@graph":[{"@type":"WebPage","@id":"https:\/\/www.cinesouk.ma\/product\/chauvet-dj-freedom-flex-h9-ip-x6-led\/","url":"https:\/\/www.cinesouk.ma\/product\/chauvet-dj-freedom-flex-h9-ip-x6-led\/","name":"Chauvet DJ Freedom Flex H9 IP X6 LED - CineSouk","isPartOf":{"@id":"https:\/\/www.cinesouk.ma\/#website"},"primaryImageOfPage":{"@id":"https:\/\/www.cinesouk.ma\/product\/chauvet-dj-freedom-flex-h9-ip-x6-led\/#primaryimage"},"image":{"@id":"https:\/\/www.cinesouk.ma\/product\/chauvet-dj-freedom-flex-h9-ip-x6-led\/#primaryimage"},"thumbnailUrl":"https:\/\/www.cinesouk.ma\/wp-content\/uploads\/2025\/04\/Chauvet-DJ-Freedom-Flex-H9-IP-X6-LED-battery-powered-outdoor-uplighter-x6-kit.jpg","datePublished":"2025-04-26T10:07:21+00:00","dateModified":"2025-08-18T10:30:28+00:00","description":"The Chauvet DJ Freedom Flex H9 IP X6 LED Battery-Powered Outdoor Uplighter Kit offers 6 wireless uplighters with RGBWA+UV LED technology, weather-resistant design, and long battery life, ideal for indoor and outdoor events.","breadcrumb":{"@id":"https:\/\/www.cinesouk.ma\/product\/chauvet-dj-freedom-flex-h9-ip-x6-led\/#breadcrumb"},"inLanguage":"fr-FR","potentialAction":[{"@type":"ReadAction","target":["https:\/\/www.cinesouk.ma\/product\/chauvet-dj-freedom-flex-h9-ip-x6-led\/"]}]},{"@type":"ImageObject","inLanguage":"fr-FR","@id":"https:\/\/www.cinesouk.ma\/product\/chauvet-dj-freedom-flex-h9-ip-x6-led\/#primaryimage","url":"https:\/\/www.cinesouk.ma\/wp-content\/uploads\/2025\/04\/Chauvet-DJ-Freedom-Flex-H9-IP-X6-LED-battery-powered-outdoor-uplighter-x6-kit.jpg","contentUrl":"https:\/\/www.cinesouk.ma\/wp-content\/uploads\/2025\/04\/Chauvet-DJ-Freedom-Flex-H9-IP-X6-LED-battery-powered-outdoor-uplighter-x6-kit.jpg","width":300,"height":238,"caption":"Chauvet DJ Freedom Flex H9 IP X6 LED battery powered outdoor uplighter x6 kit"},{"@type":"BreadcrumbList","@id":"https:\/\/www.cinesouk.ma\/product\/chauvet-dj-freedom-flex-h9-ip-x6-led\/#breadcrumb","itemListElement":[{"@type":"ListItem","position":1,"name":"Home","item":"https:\/\/www.cinesouk.ma\/"},{"@type":"ListItem","position":2,"name":"Shop","item":"https:\/\/www.cinesouk.ma\/shop\/"},{"@type":"ListItem","position":3,"name":"Chauvet DJ Freedom Flex H9 IP X6 LED"}]},{"@type":"WebSite","@id":"https:\/\/www.cinesouk.ma\/#website","url":"https:\/\/www.cinesouk.ma\/","name":"CineSouk","description":"","publisher":{"@id":"https:\/\/www.cinesouk.ma\/#organization"},"potentialAction":[{"@type":"SearchAction","target":{"@type":"EntryPoint","urlTemplate":"https:\/\/www.cinesouk.ma\/?s={search_term_string}"},"query-input":{"@type":"PropertyValueSpecification","valueRequired":true,"valueName":"search_term_string"}}],"inLanguage":"fr-FR"},{"@type":"Organization","@id":"https:\/\/www.cinesouk.ma\/#organization","name":"CineSouk","url":"https:\/\/www.cinesouk.ma\/","logo":{"@type":"ImageObject","inLanguage":"fr-FR","@id":"https:\/\/www.cinesouk.ma\/#\/schema\/logo\/image\/","url":"https:\/\/www.cinesouk.ma\/wp-content\/uploads\/2024\/01\/CineSouk-logo-v01-alpha-alligned-left.png","contentUrl":"https:\/\/www.cinesouk.ma\/wp-content\/uploads\/2024\/01\/CineSouk-logo-v01-alpha-alligned-left.png","width":3204,"height":889,"caption":"CineSouk"},"image":{"@id":"https:\/\/www.cinesouk.ma\/#\/schema\/logo\/image\/"}}]}},"_links":{"self":[{"href":"https:\/\/www.cinesouk.ma\/fr\/wp-json\/wp\/v2\/product\/12663","targetHints":{"allow":["GET"]}}],"collection":[{"href":"https:\/\/www.cinesouk.ma\/fr\/wp-json\/wp\/v2\/product"}],"about":[{"href":"https:\/\/www.cinesouk.ma\/fr\/wp-json\/wp\/v2\/types\/product"}],"wp:featuredmedia":[{"embeddable":true,"href":"https:\/\/www.cinesouk.ma\/fr\/wp-json\/wp\/v2\/media\/12674"}],"wp:attachment":[{"href":"https:\/\/www.cinesouk.ma\/fr\/wp-json\/wp\/v2\/media?parent=12663"}],"wp:term":[{"taxonomy":"product_brand","embeddable":true,"href":"https:\/\/www.cinesouk.ma\/fr\/wp-json\/wp\/v2\/product_brand?post=12663"},{"taxonomy":"product_cat","embeddable":true,"href":"https:\/\/www.cinesouk.ma\/fr\/wp-json\/wp\/v2\/product_cat?post=12663"},{"taxonomy":"product_tag","embeddable":true,"href":"https:\/\/www.cinesouk.ma\/fr\/wp-json\/wp\/v2\/product_tag?post=12663"}],"curies":[{"name":"wp","href":"https:\/\/api.w.org\/{rel}","templated":true}]}}