{"id":12675,"date":"2025-04-26T10:26:32","date_gmt":"2025-04-26T10:26:32","guid":{"rendered":"https:\/\/www.cinesouk.ma\/?post_type=product&#038;p=12675"},"modified":"2025-08-18T10:30:27","modified_gmt":"2025-08-18T10:30:27","slug":"chauvet-dj-freedom-par-t6-led","status":"publish","type":"product","link":"https:\/\/www.cinesouk.ma\/fr\/produit\/chauvet-dj-freedom-par-t6-led\/","title":{"rendered":"Chauvet DJ Freedom Par T6 LED"},"content":{"rendered":"<div class=\"flex max-w-full flex-col flex-grow\">\n<div class=\"min-h-8 text-message flex w-full flex-col items-end gap-2 whitespace-normal break-words [.text-message+&amp;]:mt-5\" dir=\"auto\" data-message-author-role=\"assistant\" data-message-id=\"e4c3ffad-71cb-44e7-93b8-bb60eda86b77\" data-message-model-slug=\"gpt-4o-mini\">\n<div class=\"flex w-full flex-col gap-1 empty:hidden first:pt-[3px]\">\n<div class=\"markdown prose w-full break-words dark:prose-invert light\">\n<p class=\"\" data-start=\"206\" data-end=\"429\">Le Chauvet DJ Freedom Par T6 LED est une solution d'\u00e9clairage compacte et sans fil con\u00e7ue pour les \u00e9v\u00e9nements en int\u00e9rieur. Ce kit de six unit\u00e9s offre un m\u00e9lange de couleurs RVB vibrantes, ce qui le rend parfait pour les mariages, les f\u00eates et les fonctions d'entreprise.<\/p>\n<h3 class=\"\" data-start=\"431\" data-end=\"452\"><strong data-start=\"435\" data-end=\"452\">Caract\u00e9ristiques principales :<\/strong><\/h3>\n<ul data-start=\"454\" data-end=\"1028\">\n<li class=\"\" data-start=\"454\" data-end=\"570\">\n<p class=\"\" data-start=\"456\" data-end=\"570\"><strong data-start=\"456\" data-end=\"479\">Fonctionnement sans fil :<\/strong> Chaque unit\u00e9 est aliment\u00e9e par une batterie, ce qui \u00e9limine le besoin de c\u00e2bles d'alimentation et simplifie l'installation.<\/p>\n<\/li>\n<li class=\"\" data-start=\"571\" data-end=\"687\">\n<p class=\"\" data-start=\"573\" data-end=\"687\"><strong data-start=\"573\" data-end=\"594\">M\u00e9lange de couleurs RVB :<\/strong> \u00c9quip\u00e9 de six LED RVB de 3 W, il offre une large gamme de couleurs pour des effets d'\u00e9clairage dynamiques.<\/p>\n<\/li>\n<li class=\"\" data-start=\"688\" data-end=\"801\">\n<p class=\"\" data-start=\"690\" data-end=\"801\"><strong data-start=\"690\" data-end=\"716\">DMX sans fil int\u00e9gr\u00e9 :<\/strong> L'\u00e9metteur-r\u00e9cepteur D-Fi int\u00e9gr\u00e9 permet un contr\u00f4le DMX sans fil, r\u00e9duisant ainsi l'encombrement des c\u00e2bles.<\/p>\n<\/li>\n<li class=\"\" data-start=\"802\" data-end=\"909\">\n<p class=\"\" data-start=\"804\" data-end=\"909\"><strong data-start=\"804\" data-end=\"829\">Temps de fonctionnement r\u00e9glables :<\/strong> Dur\u00e9e de fonctionnement s\u00e9lectionnable de 3, 5, 8 ou 12 heures, en fonction de la dur\u00e9e de votre \u00e9v\u00e9nement.<\/p>\n<\/li>\n<li class=\"\" data-start=\"910\" data-end=\"1028\">\n<p class=\"\" data-start=\"912\" data-end=\"1028\"><strong data-start=\"912\" data-end=\"931\">Conception compacte :<\/strong> L\u00e9ger et portable, chaque appareil p\u00e8se 2,6 livres (1,2 kg) et mesure 3,9 x 3,9 x 5,1 pouces.<\/p>\n<\/li>\n<\/ul>\n<h3 class=\"\" data-start=\"1030\" data-end=\"1053\"><strong data-start=\"1034\" data-end=\"1053\">Sp\u00e9cifications :<\/strong><\/h3>\n<ul data-start=\"1055\" data-end=\"1362\">\n<li class=\"\" data-start=\"1055\" data-end=\"1076\">\n<p class=\"\" data-start=\"1057\" data-end=\"1076\"><strong data-start=\"1057\" data-end=\"1072\">Angle du faisceau :<\/strong> 13\u00b0<\/p>\n<\/li>\n<li class=\"\" data-start=\"1077\" data-end=\"1099\">\n<p class=\"\" data-start=\"1079\" data-end=\"1099\"><strong data-start=\"1079\" data-end=\"1095\">Angle de champ :<\/strong> 29\u00b0<\/p>\n<\/li>\n<li class=\"\" data-start=\"1100\" data-end=\"1140\">\n<p class=\"\" data-start=\"1102\" data-end=\"1140\"><strong data-start=\"1102\" data-end=\"1118\">L'intensit\u00e9 lumineuse :<\/strong> 1 876 lux \u00e0 2 m\u00e8tres<\/p>\n<\/li>\n<li class=\"\" data-start=\"1141\" data-end=\"1171\">\n<p class=\"\" data-start=\"1143\" data-end=\"1171\"><strong data-start=\"1143\" data-end=\"1160\">Rendement lumineux :<\/strong> 775 lumens<\/p>\n<\/li>\n<li class=\"\" data-start=\"1172\" data-end=\"1214\">\n<p class=\"\" data-start=\"1174\" data-end=\"1214\"><strong data-start=\"1174\" data-end=\"1192\">Temps de recharge :<\/strong> Environ 4 heures<\/p>\n<\/li>\n<li class=\"\" data-start=\"1215\" data-end=\"1260\">\n<p class=\"\" data-start=\"1217\" data-end=\"1260\"><strong data-start=\"1217\" data-end=\"1241\">Fr\u00e9quence de fonctionnement :<\/strong> 2,412 \u00e0 2,484 GHz<\/p>\n<\/li>\n<li class=\"\" data-start=\"1261\" data-end=\"1304\">\n<p class=\"\" data-start=\"1263\" data-end=\"1304\"><strong data-start=\"1263\" data-end=\"1285\">Consommation \u00e9lectrique :<\/strong> 35W, 0,52A \u00e0 120V<\/p>\n<\/li>\n<li class=\"\" data-start=\"1305\" data-end=\"1362\">\n<p class=\"\" data-start=\"1307\" data-end=\"1362\"><strong data-start=\"1307\" data-end=\"1320\">Montage :<\/strong> Support filet\u00e9 M12 pour un placement s\u00fbr<\/p>\n<\/li>\n<\/ul>\n<h3 class=\"\" data-start=\"1364\" data-end=\"1392\"><strong data-start=\"1368\" data-end=\"1392\">Inclus dans le kit :<\/strong><\/h3>\n<ul data-start=\"1394\" data-end=\"1499\">\n<li class=\"\" data-start=\"1394\" data-end=\"1420\">\n<p class=\"\" data-start=\"1396\" data-end=\"1420\">6 unit\u00e9s Freedom Par T6<\/p>\n<\/li>\n<li class=\"\" data-start=\"1421\" data-end=\"1445\">\n<p class=\"\" data-start=\"1423\" data-end=\"1445\">6 x diffuseurs magn\u00e9tiques<\/p>\n<\/li>\n<li class=\"\" data-start=\"1446\" data-end=\"1475\">\n<p class=\"\" data-start=\"1448\" data-end=\"1475\">6 x Alimentations externes<\/p>\n<\/li>\n<li class=\"\" data-start=\"1476\" data-end=\"1499\">\n<p class=\"\" data-start=\"1478\" data-end=\"1499\">Guide de r\u00e9f\u00e9rence rapide<\/p>\n<\/li>\n<\/ul>\n<h3 class=\"\" data-start=\"1501\" data-end=\"1522\"><strong data-start=\"1505\" data-end=\"1522\">Applications :<\/strong><\/h3>\n<ul data-start=\"1524\" data-end=\"1773\">\n<li class=\"\" data-start=\"1524\" data-end=\"1592\">\n<p class=\"\" data-start=\"1526\" data-end=\"1592\"><strong data-start=\"1526\" data-end=\"1539\">Mariages :<\/strong> Am\u00e9liorez l'ambiance du lieu gr\u00e2ce \u00e0 un \u00e9clairage d'appoint personnalisable.<\/p>\n<\/li>\n<li class=\"\" data-start=\"1593\" data-end=\"1681\">\n<p class=\"\" data-start=\"1595\" data-end=\"1681\"><strong data-start=\"1595\" data-end=\"1616\">\u00c9v\u00e9nements d'entreprise :<\/strong> Alignez l'\u00e9clairage sur les couleurs de la marque pour des pr\u00e9sentations professionnelles.<\/p>\n<\/li>\n<li class=\"\" data-start=\"1682\" data-end=\"1773\">\n<p class=\"\" data-start=\"1684\" data-end=\"1773\"><strong data-start=\"1684\" data-end=\"1713\">F\u00eates et c\u00e9l\u00e9brations :<\/strong> Cr\u00e9ez des effets d'\u00e9clairage dynamiques pour dynamiser l'atmosph\u00e8re.<\/p>\n<\/li>\n<\/ul>\n<p class=\"\" data-start=\"1796\" data-end=\"2040\">Le Chauvet DJ Freedom Par T6 x6 LED offre une solution d'\u00e9clairage polyvalente et efficace pour divers \u00e9v\u00e9nements en int\u00e9rieur. Avec un fonctionnement sans fil, un m\u00e9lange de couleurs vibrantes et un design compact, c'est un ajout pr\u00e9cieux \u00e0 toute installation d'\u00e9clairage d'\u00e9v\u00e9nement.<\/p>\n<p data-start=\"41\" data-end=\"431\">Louez-le maintenant sur <a href=\"https:\/\/www.cinesouk.ma\/fr\">CINESOUK<\/a> - une marque de <a href=\"https:\/\/www.broadway.ma\/\">BROADWAY PRODUCTIONS SARL.<\/a><\/p>\n<\/div>\n<\/div>\n<\/div>\n<\/div>","protected":false},"excerpt":{"rendered":"<p><strong>Sp\u00e9cifications :<\/strong><\/p>\n<ul data-start=\"1055\" data-end=\"1362\">\n<li class=\"\" data-start=\"1055\" data-end=\"1076\">\n<p class=\"\" data-start=\"1057\" data-end=\"1076\"><strong data-start=\"1057\" data-end=\"1072\">Angle du faisceau :<\/strong> 13\u00b0<\/p>\n<\/li>\n<li class=\"\" data-start=\"1077\" data-end=\"1099\">\n<p class=\"\" data-start=\"1079\" data-end=\"1099\"><strong data-start=\"1079\" data-end=\"1095\">Angle de champ :<\/strong> 29\u00b0<\/p>\n<\/li>\n<li class=\"\" data-start=\"1100\" data-end=\"1140\">\n<p class=\"\" data-start=\"1102\" data-end=\"1140\"><strong data-start=\"1102\" data-end=\"1118\">L'intensit\u00e9 lumineuse :<\/strong> 1 876 lux \u00e0 2 m\u00e8tres<\/p>\n<\/li>\n<li class=\"\" data-start=\"1141\" data-end=\"1171\">\n<p class=\"\" data-start=\"1143\" data-end=\"1171\"><strong data-start=\"1143\" data-end=\"1160\">Rendement lumineux :<\/strong> 775 lumens<\/p>\n<\/li>\n<li class=\"\" data-start=\"1172\" data-end=\"1214\">\n<p class=\"\" data-start=\"1174\" data-end=\"1214\"><strong data-start=\"1174\" data-end=\"1192\">Temps de recharge :<\/strong> Environ 4 heures<\/p>\n<\/li>\n<li class=\"\" data-start=\"1215\" data-end=\"1260\">\n<p class=\"\" data-start=\"1217\" data-end=\"1260\"><strong data-start=\"1217\" data-end=\"1241\">Fr\u00e9quence de fonctionnement :<\/strong> 2,412 \u00e0 2,484 GHz<\/p>\n<\/li>\n<li class=\"\" data-start=\"1261\" data-end=\"1304\">\n<p class=\"\" data-start=\"1263\" data-end=\"1304\"><strong data-start=\"1263\" data-end=\"1285\">Consommation \u00e9lectrique :<\/strong> 35W, 0,52A \u00e0 120V<\/p>\n<\/li>\n<li class=\"\" data-start=\"1305\" data-end=\"1362\">\n<p class=\"\" data-start=\"1307\" data-end=\"1362\"><strong data-start=\"1307\" data-end=\"1320\">Montage :<\/strong> Support filet\u00e9 M12 pour un placement s\u00fbr<\/p>\n<\/li>\n<\/ul>","protected":false},"featured_media":12686,"template":"","meta":{"om_disable_all_campaigns":false,"_monsterinsights_skip_tracking":false,"_monsterinsights_sitenote_active":false,"_monsterinsights_sitenote_note":"","_monsterinsights_sitenote_category":0,"_uf_show_specific_survey":0,"_uf_disable_surveys":false},"product_brand":[],"product_cat":[90,20],"product_tag":[],"class_list":{"0":"post-12675","1":"product","2":"type-product","3":"status-publish","4":"has-post-thumbnail","6":"product_cat-djparty-cinesouk","7":"product_cat-light-cinesouk","9":"entry","10":"has-media","12":"first","13":"instock","14":"taxable","15":"shipping-taxable","16":"purchasable","17":"product-type-variable","18":"has-product-nav","19":"col","20":"span_1_of_3","21":"owp-content-center","22":"owp-thumbs-layout-horizontal","23":"owp-btn-normal","24":"owp-tabs-layout-horizontal","25":"has-no-thumbnails"},"yoast_head":"<!-- This site is optimized with the Yoast SEO Premium plugin v26.0 (Yoast SEO v26.0) - https:\/\/yoast.com\/wordpress\/plugins\/seo\/ -->\n<title>Chauvet DJ Freedom Par T6 LED - CineSouk<\/title>\n<meta name=\"description\" content=\"The Chauvet DJ Freedom Par T6 x6 Kit offers wireless, battery-powered RGB LED uplighting for indoor events, featuring six units with adjustable run times and a compact design.\" \/>\n<meta name=\"robots\" content=\"index, follow, max-snippet:-1, max-image-preview:large, max-video-preview:-1\" \/>\n<link rel=\"canonical\" href=\"https:\/\/www.cinesouk.ma\/fr\/produit\/chauvet-dj-freedom-par-t6-led\/\" \/>\n<meta property=\"og:locale\" content=\"fr_FR\" \/>\n<meta property=\"og:type\" content=\"article\" \/>\n<meta property=\"og:title\" content=\"Chauvet DJ Freedom Par T6 LED\" \/>\n<meta property=\"og:description\" content=\"The Chauvet DJ Freedom Par T6 x6 Kit offers wireless, battery-powered RGB LED uplighting for indoor events, featuring six units with adjustable run times and a compact design.\" \/>\n<meta property=\"og:url\" content=\"https:\/\/www.cinesouk.ma\/fr\/produit\/chauvet-dj-freedom-par-t6-led\/\" \/>\n<meta property=\"og:site_name\" content=\"CineSouk\" \/>\n<meta property=\"article:modified_time\" content=\"2025-08-18T10:30:27+00:00\" \/>\n<meta property=\"og:image\" content=\"https:\/\/www.cinesouk.ma\/wp-content\/uploads\/2025\/04\/Chauvet-DJ-Freedom-Par-T6-LED-battery-powered-indoor-uplighter-x6-kit_.jpg\" \/>\n\t<meta property=\"og:image:width\" content=\"300\" \/>\n\t<meta property=\"og:image:height\" content=\"238\" \/>\n\t<meta property=\"og:image:type\" content=\"image\/jpeg\" \/>\n<meta name=\"twitter:card\" content=\"summary_large_image\" \/>\n<meta name=\"twitter:description\" content=\"The Chauvet DJ Freedom Par T6 x6 Kit offers wireless, battery-powered RGB LED uplighting for indoor events, featuring six units with adjustable run times and a compact design.\" \/>\n<meta name=\"twitter:label1\" content=\"Dur\u00e9e de lecture estim\u00e9e\" \/>\n\t<meta name=\"twitter:data1\" content=\"2 minutes\" \/>\n<script type=\"application\/ld+json\" class=\"yoast-schema-graph\">{\"@context\":\"https:\/\/schema.org\",\"@graph\":[{\"@type\":\"WebPage\",\"@id\":\"https:\/\/www.cinesouk.ma\/product\/chauvet-dj-freedom-par-t6-led\/\",\"url\":\"https:\/\/www.cinesouk.ma\/product\/chauvet-dj-freedom-par-t6-led\/\",\"name\":\"Chauvet DJ Freedom Par T6 LED - CineSouk\",\"isPartOf\":{\"@id\":\"https:\/\/www.cinesouk.ma\/#website\"},\"primaryImageOfPage\":{\"@id\":\"https:\/\/www.cinesouk.ma\/product\/chauvet-dj-freedom-par-t6-led\/#primaryimage\"},\"image\":{\"@id\":\"https:\/\/www.cinesouk.ma\/product\/chauvet-dj-freedom-par-t6-led\/#primaryimage\"},\"thumbnailUrl\":\"https:\/\/www.cinesouk.ma\/wp-content\/uploads\/2025\/04\/Chauvet-DJ-Freedom-Par-T6-LED-battery-powered-indoor-uplighter-x6-kit_.jpg\",\"datePublished\":\"2025-04-26T10:26:32+00:00\",\"dateModified\":\"2025-08-18T10:30:27+00:00\",\"description\":\"The Chauvet DJ Freedom Par T6 x6 Kit offers wireless, battery-powered RGB LED uplighting for indoor events, featuring six units with adjustable run times and a compact design.\",\"breadcrumb\":{\"@id\":\"https:\/\/www.cinesouk.ma\/product\/chauvet-dj-freedom-par-t6-led\/#breadcrumb\"},\"inLanguage\":\"fr-FR\",\"potentialAction\":[{\"@type\":\"ReadAction\",\"target\":[\"https:\/\/www.cinesouk.ma\/product\/chauvet-dj-freedom-par-t6-led\/\"]}]},{\"@type\":\"ImageObject\",\"inLanguage\":\"fr-FR\",\"@id\":\"https:\/\/www.cinesouk.ma\/product\/chauvet-dj-freedom-par-t6-led\/#primaryimage\",\"url\":\"https:\/\/www.cinesouk.ma\/wp-content\/uploads\/2025\/04\/Chauvet-DJ-Freedom-Par-T6-LED-battery-powered-indoor-uplighter-x6-kit_.jpg\",\"contentUrl\":\"https:\/\/www.cinesouk.ma\/wp-content\/uploads\/2025\/04\/Chauvet-DJ-Freedom-Par-T6-LED-battery-powered-indoor-uplighter-x6-kit_.jpg\",\"width\":300,\"height\":238,\"caption\":\"Chauvet DJ Freedom Par T6 LED battery powered indoor uplighter x6 kit_\"},{\"@type\":\"BreadcrumbList\",\"@id\":\"https:\/\/www.cinesouk.ma\/product\/chauvet-dj-freedom-par-t6-led\/#breadcrumb\",\"itemListElement\":[{\"@type\":\"ListItem\",\"position\":1,\"name\":\"Home\",\"item\":\"https:\/\/www.cinesouk.ma\/\"},{\"@type\":\"ListItem\",\"position\":2,\"name\":\"Shop\",\"item\":\"https:\/\/www.cinesouk.ma\/shop\/\"},{\"@type\":\"ListItem\",\"position\":3,\"name\":\"Chauvet DJ Freedom Par T6 LED\"}]},{\"@type\":\"WebSite\",\"@id\":\"https:\/\/www.cinesouk.ma\/#website\",\"url\":\"https:\/\/www.cinesouk.ma\/\",\"name\":\"CineSouk\",\"description\":\"\",\"publisher\":{\"@id\":\"https:\/\/www.cinesouk.ma\/#organization\"},\"potentialAction\":[{\"@type\":\"SearchAction\",\"target\":{\"@type\":\"EntryPoint\",\"urlTemplate\":\"https:\/\/www.cinesouk.ma\/?s={search_term_string}\"},\"query-input\":{\"@type\":\"PropertyValueSpecification\",\"valueRequired\":true,\"valueName\":\"search_term_string\"}}],\"inLanguage\":\"fr-FR\"},{\"@type\":\"Organization\",\"@id\":\"https:\/\/www.cinesouk.ma\/#organization\",\"name\":\"CineSouk\",\"url\":\"https:\/\/www.cinesouk.ma\/\",\"logo\":{\"@type\":\"ImageObject\",\"inLanguage\":\"fr-FR\",\"@id\":\"https:\/\/www.cinesouk.ma\/#\/schema\/logo\/image\/\",\"url\":\"https:\/\/www.cinesouk.ma\/wp-content\/uploads\/2024\/01\/CineSouk-logo-v01-alpha-alligned-left.png\",\"contentUrl\":\"https:\/\/www.cinesouk.ma\/wp-content\/uploads\/2024\/01\/CineSouk-logo-v01-alpha-alligned-left.png\",\"width\":3204,\"height\":889,\"caption\":\"CineSouk\"},\"image\":{\"@id\":\"https:\/\/www.cinesouk.ma\/#\/schema\/logo\/image\/\"}}]}<\/script>\n<!-- \/ Yoast SEO Premium plugin. -->","yoast_head_json":{"title":"Chauvet DJ Freedom Par T6 LED - CineSouk","description":"The Chauvet DJ Freedom Par T6 x6 Kit offers wireless, battery-powered RGB LED uplighting for indoor events, featuring six units with adjustable run times and a compact design.","robots":{"index":"index","follow":"follow","max-snippet":"max-snippet:-1","max-image-preview":"max-image-preview:large","max-video-preview":"max-video-preview:-1"},"canonical":"https:\/\/www.cinesouk.ma\/fr\/produit\/chauvet-dj-freedom-par-t6-led\/","og_locale":"fr_FR","og_type":"article","og_title":"Chauvet DJ Freedom Par T6 LED","og_description":"The Chauvet DJ Freedom Par T6 x6 Kit offers wireless, battery-powered RGB LED uplighting for indoor events, featuring six units with adjustable run times and a compact design.","og_url":"https:\/\/www.cinesouk.ma\/fr\/produit\/chauvet-dj-freedom-par-t6-led\/","og_site_name":"CineSouk","article_modified_time":"2025-08-18T10:30:27+00:00","og_image":[{"width":300,"height":238,"url":"https:\/\/www.cinesouk.ma\/wp-content\/uploads\/2025\/04\/Chauvet-DJ-Freedom-Par-T6-LED-battery-powered-indoor-uplighter-x6-kit_.jpg","type":"image\/jpeg"}],"twitter_card":"summary_large_image","twitter_description":"The Chauvet DJ Freedom Par T6 x6 Kit offers wireless, battery-powered RGB LED uplighting for indoor events, featuring six units with adjustable run times and a compact design.","twitter_misc":{"Dur\u00e9e de lecture estim\u00e9e":"2 minutes"},"schema":{"@context":"https:\/\/schema.org","@graph":[{"@type":"WebPage","@id":"https:\/\/www.cinesouk.ma\/product\/chauvet-dj-freedom-par-t6-led\/","url":"https:\/\/www.cinesouk.ma\/product\/chauvet-dj-freedom-par-t6-led\/","name":"Chauvet DJ Freedom Par T6 LED - CineSouk","isPartOf":{"@id":"https:\/\/www.cinesouk.ma\/#website"},"primaryImageOfPage":{"@id":"https:\/\/www.cinesouk.ma\/product\/chauvet-dj-freedom-par-t6-led\/#primaryimage"},"image":{"@id":"https:\/\/www.cinesouk.ma\/product\/chauvet-dj-freedom-par-t6-led\/#primaryimage"},"thumbnailUrl":"https:\/\/www.cinesouk.ma\/wp-content\/uploads\/2025\/04\/Chauvet-DJ-Freedom-Par-T6-LED-battery-powered-indoor-uplighter-x6-kit_.jpg","datePublished":"2025-04-26T10:26:32+00:00","dateModified":"2025-08-18T10:30:27+00:00","description":"The Chauvet DJ Freedom Par T6 x6 Kit offers wireless, battery-powered RGB LED uplighting for indoor events, featuring six units with adjustable run times and a compact design.","breadcrumb":{"@id":"https:\/\/www.cinesouk.ma\/product\/chauvet-dj-freedom-par-t6-led\/#breadcrumb"},"inLanguage":"fr-FR","potentialAction":[{"@type":"ReadAction","target":["https:\/\/www.cinesouk.ma\/product\/chauvet-dj-freedom-par-t6-led\/"]}]},{"@type":"ImageObject","inLanguage":"fr-FR","@id":"https:\/\/www.cinesouk.ma\/product\/chauvet-dj-freedom-par-t6-led\/#primaryimage","url":"https:\/\/www.cinesouk.ma\/wp-content\/uploads\/2025\/04\/Chauvet-DJ-Freedom-Par-T6-LED-battery-powered-indoor-uplighter-x6-kit_.jpg","contentUrl":"https:\/\/www.cinesouk.ma\/wp-content\/uploads\/2025\/04\/Chauvet-DJ-Freedom-Par-T6-LED-battery-powered-indoor-uplighter-x6-kit_.jpg","width":300,"height":238,"caption":"Chauvet DJ Freedom Par T6 LED battery powered indoor uplighter x6 kit_"},{"@type":"BreadcrumbList","@id":"https:\/\/www.cinesouk.ma\/product\/chauvet-dj-freedom-par-t6-led\/#breadcrumb","itemListElement":[{"@type":"ListItem","position":1,"name":"Home","item":"https:\/\/www.cinesouk.ma\/"},{"@type":"ListItem","position":2,"name":"Shop","item":"https:\/\/www.cinesouk.ma\/shop\/"},{"@type":"ListItem","position":3,"name":"Chauvet DJ Freedom Par T6 LED"}]},{"@type":"WebSite","@id":"https:\/\/www.cinesouk.ma\/#website","url":"https:\/\/www.cinesouk.ma\/","name":"CineSouk","description":"","publisher":{"@id":"https:\/\/www.cinesouk.ma\/#organization"},"potentialAction":[{"@type":"SearchAction","target":{"@type":"EntryPoint","urlTemplate":"https:\/\/www.cinesouk.ma\/?s={search_term_string}"},"query-input":{"@type":"PropertyValueSpecification","valueRequired":true,"valueName":"search_term_string"}}],"inLanguage":"fr-FR"},{"@type":"Organization","@id":"https:\/\/www.cinesouk.ma\/#organization","name":"CineSouk","url":"https:\/\/www.cinesouk.ma\/","logo":{"@type":"ImageObject","inLanguage":"fr-FR","@id":"https:\/\/www.cinesouk.ma\/#\/schema\/logo\/image\/","url":"https:\/\/www.cinesouk.ma\/wp-content\/uploads\/2024\/01\/CineSouk-logo-v01-alpha-alligned-left.png","contentUrl":"https:\/\/www.cinesouk.ma\/wp-content\/uploads\/2024\/01\/CineSouk-logo-v01-alpha-alligned-left.png","width":3204,"height":889,"caption":"CineSouk"},"image":{"@id":"https:\/\/www.cinesouk.ma\/#\/schema\/logo\/image\/"}}]}},"_links":{"self":[{"href":"https:\/\/www.cinesouk.ma\/fr\/wp-json\/wp\/v2\/product\/12675","targetHints":{"allow":["GET"]}}],"collection":[{"href":"https:\/\/www.cinesouk.ma\/fr\/wp-json\/wp\/v2\/product"}],"about":[{"href":"https:\/\/www.cinesouk.ma\/fr\/wp-json\/wp\/v2\/types\/product"}],"wp:featuredmedia":[{"embeddable":true,"href":"https:\/\/www.cinesouk.ma\/fr\/wp-json\/wp\/v2\/media\/12686"}],"wp:attachment":[{"href":"https:\/\/www.cinesouk.ma\/fr\/wp-json\/wp\/v2\/media?parent=12675"}],"wp:term":[{"taxonomy":"product_brand","embeddable":true,"href":"https:\/\/www.cinesouk.ma\/fr\/wp-json\/wp\/v2\/product_brand?post=12675"},{"taxonomy":"product_cat","embeddable":true,"href":"https:\/\/www.cinesouk.ma\/fr\/wp-json\/wp\/v2\/product_cat?post=12675"},{"taxonomy":"product_tag","embeddable":true,"href":"https:\/\/www.cinesouk.ma\/fr\/wp-json\/wp\/v2\/product_tag?post=12675"}],"curies":[{"name":"wp","href":"https:\/\/api.w.org\/{rel}","templated":true}]}}