{"id":12687,"date":"2025-04-26T11:21:15","date_gmt":"2025-04-26T11:21:15","guid":{"rendered":"https:\/\/www.cinesouk.ma\/?post_type=product&#038;p=12687"},"modified":"2025-08-18T10:30:26","modified_gmt":"2025-08-18T10:30:26","slug":"chauvet-dj-freedom-par-t6-led-single-unit","status":"publish","type":"product","link":"https:\/\/www.cinesouk.ma\/fr\/produit\/chauvet-dj-freedom-par-t6-led-single-unit\/","title":{"rendered":"Chauvet DJ Freedom Par T6 LED single unit"},"content":{"rendered":"<div class=\"flex max-w-full flex-col flex-grow\">\n<div class=\"min-h-8 text-message flex w-full flex-col items-end gap-2 whitespace-normal break-words [.text-message+&amp;]:mt-5\" dir=\"auto\" data-message-author-role=\"assistant\" data-message-id=\"e4c3ffad-71cb-44e7-93b8-bb60eda86b77\" data-message-model-slug=\"gpt-4o-mini\">\n<div class=\"flex w-full flex-col gap-1 empty:hidden first:pt-[3px]\">\n<div class=\"markdown prose w-full break-words dark:prose-invert light\">\n<p class=\"\" data-start=\"183\" data-end=\"479\">Le Chauvet DJ Freedom Par T6 est un uplighter compact et sans fil con\u00e7u pour un \u00e9clairage vibrant lors d'\u00e9v\u00e9nements en int\u00e9rieur. Que vous organisiez un mariage, un \u00e9v\u00e9nement d'entreprise ou une f\u00eate priv\u00e9e, cette unit\u00e9 aliment\u00e9e par batterie offre la flexibilit\u00e9 et la gamme de couleurs n\u00e9cessaires pour cr\u00e9er l'atmosph\u00e8re parfaite.<\/p>\n<h3 class=\"\" data-start=\"481\" data-end=\"502\"><strong data-start=\"485\" data-end=\"502\">Caract\u00e9ristiques principales :<\/strong><\/h3>\n<ul data-start=\"504\" data-end=\"1316\">\n<li class=\"\" data-start=\"504\" data-end=\"636\">\n<p class=\"\" data-start=\"506\" data-end=\"636\"><strong data-start=\"506\" data-end=\"529\">Fonctionnement sans fil :<\/strong> Cet uplighter est enti\u00e8rement aliment\u00e9 par des piles, ce qui vous permet de l'installer rapidement sans avoir \u00e0 vous soucier des c\u00e2bles d'alimentation.<\/p>\n<\/li>\n<li class=\"\" data-start=\"637\" data-end=\"772\">\n<p class=\"\" data-start=\"639\" data-end=\"772\"><strong data-start=\"639\" data-end=\"660\">M\u00e9lange de couleurs RVB :<\/strong> \u00c9quip\u00e9e de six LED RVB de 3W, la Freedom Par T6 offre un spectre complet de couleurs pour s'adapter \u00e0 tous les effets d'\u00e9clairage.<\/p>\n<\/li>\n<li class=\"\" data-start=\"773\" data-end=\"938\">\n<p class=\"\" data-start=\"775\" data-end=\"938\"><strong data-start=\"775\" data-end=\"801\">DMX sans fil int\u00e9gr\u00e9 :<\/strong> Il est dot\u00e9 d'un \u00e9metteur-r\u00e9cepteur D-Fi int\u00e9gr\u00e9 qui vous permet de contr\u00f4ler les lumi\u00e8res sans fil, ce qui vous donne la libert\u00e9 d'ajuster les param\u00e8tres \u00e0 distance.<\/p>\n<\/li>\n<li class=\"\" data-start=\"939\" data-end=\"1054\">\n<p class=\"\" data-start=\"941\" data-end=\"1054\"><strong data-start=\"941\" data-end=\"966\">Temps de fonctionnement r\u00e9glables :<\/strong> Vous avez le choix entre des dur\u00e9es de 3, 5, 8 ou 12 heures, en fonction de la dur\u00e9e de votre \u00e9v\u00e9nement.<\/p>\n<\/li>\n<li class=\"\" data-start=\"1055\" data-end=\"1200\">\n<p class=\"\" data-start=\"1057\" data-end=\"1200\"><strong data-start=\"1057\" data-end=\"1085\">Compact et l\u00e9ger :<\/strong> Avec un poids de 1,2 kg et des dimensions r\u00e9duites (3,9 x 3,9 x 5,1 pouces), il est facile \u00e0 transporter et \u00e0 installer.<\/p>\n<\/li>\n<li class=\"\" data-start=\"1201\" data-end=\"1316\">\n<p class=\"\" data-start=\"1203\" data-end=\"1316\"><strong data-start=\"1203\" data-end=\"1225\">Diffuseur magn\u00e9tique :<\/strong> Le diffuseur magn\u00e9tique permet d'adoucir la lumi\u00e8re pour une couverture plus uniforme et plus belle.<\/p>\n<\/li>\n<\/ul>\n<h3 class=\"\" data-start=\"1318\" data-end=\"1341\"><strong data-start=\"1322\" data-end=\"1341\">Sp\u00e9cifications :<\/strong><\/h3>\n<ul data-start=\"1343\" data-end=\"1642\">\n<li class=\"\" data-start=\"1343\" data-end=\"1364\">\n<p class=\"\" data-start=\"1345\" data-end=\"1364\"><strong data-start=\"1345\" data-end=\"1360\">Angle du faisceau :<\/strong> 13\u00b0<\/p>\n<\/li>\n<li class=\"\" data-start=\"1365\" data-end=\"1387\">\n<p class=\"\" data-start=\"1367\" data-end=\"1387\"><strong data-start=\"1367\" data-end=\"1383\">Angle de champ :<\/strong> 29\u00b0<\/p>\n<\/li>\n<li class=\"\" data-start=\"1388\" data-end=\"1428\">\n<p class=\"\" data-start=\"1390\" data-end=\"1428\"><strong data-start=\"1390\" data-end=\"1406\">L'intensit\u00e9 lumineuse :<\/strong> 1 876 lux \u00e0 2 m\u00e8tres<\/p>\n<\/li>\n<li class=\"\" data-start=\"1429\" data-end=\"1459\">\n<p class=\"\" data-start=\"1431\" data-end=\"1459\"><strong data-start=\"1431\" data-end=\"1448\">Rendement lumineux :<\/strong> 775 lumens<\/p>\n<\/li>\n<li class=\"\" data-start=\"1460\" data-end=\"1494\">\n<p class=\"\" data-start=\"1462\" data-end=\"1494\"><strong data-start=\"1462\" data-end=\"1480\">Temps de recharge :<\/strong> Environ 4 heures<\/p>\n<\/li>\n<li class=\"\" data-start=\"1495\" data-end=\"1540\">\n<p class=\"\" data-start=\"1497\" data-end=\"1540\"><strong data-start=\"1497\" data-end=\"1521\">Fr\u00e9quence de fonctionnement :<\/strong> 2,412 \u00e0 2,484 GHz<\/p>\n<\/li>\n<li class=\"\" data-start=\"1541\" data-end=\"1584\">\n<p class=\"\" data-start=\"1543\" data-end=\"1584\"><strong data-start=\"1543\" data-end=\"1565\">Consommation \u00e9lectrique :<\/strong> 35W, 0,52A \u00e0 120V<\/p>\n<\/li>\n<li class=\"\" data-start=\"1585\" data-end=\"1642\">\n<p class=\"\" data-start=\"1587\" data-end=\"1642\"><strong data-start=\"1587\" data-end=\"1600\">Montage :<\/strong> Support filet\u00e9 M12 pour un placement s\u00fbr<\/p>\n<\/li>\n<\/ul>\n<p class=\"\" data-start=\"1948\" data-end=\"2295\">Le Chauvet DJ Freedom Par T6 est une solution d'\u00e9clairage polyvalente et facile \u00e0 utiliser, parfaite pour tout \u00e9v\u00e9nement en int\u00e9rieur. Avec ses capacit\u00e9s sans fil, sa longue dur\u00e9e de vie des piles et son design compact, il assure une mise en place de l'\u00e9clairage fluide et professionnelle. Que ce soit pour un mariage, un \u00e9v\u00e9nement d'entreprise ou une f\u00eate priv\u00e9e, cet uplighter vous aide \u00e0 cr\u00e9er l'atmosph\u00e8re id\u00e9ale.<\/p>\n<p data-start=\"41\" data-end=\"431\">Louez-le maintenant sur <a href=\"https:\/\/www.cinesouk.ma\/fr\">CINESOUK<\/a> - une marque de <a href=\"https:\/\/www.broadway.ma\/\">BROADWAY PRODUCTIONS SARL.<\/a><\/p>\n<\/div>\n<\/div>\n<\/div>\n<\/div>","protected":false},"excerpt":{"rendered":"<p><strong>Sp\u00e9cifications :<\/strong><\/p>\n<ul data-start=\"1343\" data-end=\"1642\">\n<li class=\"\" data-start=\"1343\" data-end=\"1364\">\n<p class=\"\" data-start=\"1345\" data-end=\"1364\"><strong data-start=\"1345\" data-end=\"1360\">Angle du faisceau :<\/strong> 13\u00b0<\/p>\n<\/li>\n<li class=\"\" data-start=\"1365\" data-end=\"1387\">\n<p class=\"\" data-start=\"1367\" data-end=\"1387\"><strong data-start=\"1367\" data-end=\"1383\">Angle de champ :<\/strong> 29\u00b0<\/p>\n<\/li>\n<li class=\"\" data-start=\"1388\" data-end=\"1428\">\n<p class=\"\" data-start=\"1390\" data-end=\"1428\"><strong data-start=\"1390\" data-end=\"1406\">L'intensit\u00e9 lumineuse :<\/strong> 1 876 lux \u00e0 2 m\u00e8tres<\/p>\n<\/li>\n<li class=\"\" data-start=\"1429\" data-end=\"1459\">\n<p class=\"\" data-start=\"1431\" data-end=\"1459\"><strong data-start=\"1431\" data-end=\"1448\">Rendement lumineux :<\/strong> 775 lumens<\/p>\n<\/li>\n<li class=\"\" data-start=\"1460\" data-end=\"1494\">\n<p class=\"\" data-start=\"1462\" data-end=\"1494\"><strong data-start=\"1462\" data-end=\"1480\">Temps de recharge :<\/strong> Environ 4 heures<\/p>\n<\/li>\n<li class=\"\" data-start=\"1495\" data-end=\"1540\">\n<p class=\"\" data-start=\"1497\" data-end=\"1540\"><strong data-start=\"1497\" data-end=\"1521\">Fr\u00e9quence de fonctionnement :<\/strong> 2,412 \u00e0 2,484 GHz<\/p>\n<\/li>\n<li class=\"\" data-start=\"1541\" data-end=\"1584\">\n<p class=\"\" data-start=\"1543\" data-end=\"1584\"><strong data-start=\"1543\" data-end=\"1565\">Consommation \u00e9lectrique :<\/strong> 35W, 0,52A \u00e0 120V<\/p>\n<\/li>\n<li class=\"\" data-start=\"1585\" data-end=\"1642\">\n<p class=\"\" data-start=\"1587\" data-end=\"1642\"><strong data-start=\"1587\" data-end=\"1600\">Montage :<\/strong> Support filet\u00e9 M12 pour un placement s\u00fbr<\/p>\n<\/li>\n<\/ul>","protected":false},"featured_media":12698,"template":"","meta":{"om_disable_all_campaigns":false,"_monsterinsights_skip_tracking":false,"_monsterinsights_sitenote_active":false,"_monsterinsights_sitenote_note":"","_monsterinsights_sitenote_category":0,"_uf_show_specific_survey":0,"_uf_disable_surveys":false},"product_brand":[],"product_cat":[90,20],"product_tag":[],"class_list":{"0":"post-12687","1":"product","2":"type-product","3":"status-publish","4":"has-post-thumbnail","6":"product_cat-djparty-cinesouk","7":"product_cat-light-cinesouk","9":"entry","10":"has-media","12":"first","13":"instock","14":"taxable","15":"shipping-taxable","16":"purchasable","17":"product-type-variable","18":"has-product-nav","19":"col","20":"span_1_of_3","21":"owp-content-center","22":"owp-thumbs-layout-horizontal","23":"owp-btn-normal","24":"owp-tabs-layout-horizontal","25":"has-no-thumbnails"},"yoast_head":"<!-- This site is optimized with the Yoast SEO Premium plugin v26.0 (Yoast SEO v26.0) - https:\/\/yoast.com\/wordpress\/plugins\/seo\/ -->\n<title>Chauvet DJ Freedom Par T6 LED single unit - CineSouk<\/title>\n<meta name=\"description\" content=\"The Chauvet DJ Freedom Par T6 is a battery-powered, RGB LED uplighter perfect for indoor events. It offers wireless DMX control, adjustable run times, and a compact, portable design.\" \/>\n<meta name=\"robots\" content=\"index, follow, max-snippet:-1, max-image-preview:large, max-video-preview:-1\" \/>\n<link rel=\"canonical\" href=\"https:\/\/www.cinesouk.ma\/fr\/produit\/chauvet-dj-freedom-par-t6-led-single-unit\/\" \/>\n<meta property=\"og:locale\" content=\"fr_FR\" \/>\n<meta property=\"og:type\" content=\"article\" \/>\n<meta property=\"og:title\" content=\"Chauvet DJ Freedom Par T6 LED single unit\" \/>\n<meta property=\"og:description\" content=\"The Chauvet DJ Freedom Par T6 is a battery-powered, RGB LED uplighter perfect for indoor events. It offers wireless DMX control, adjustable run times, and a compact, portable design.\" \/>\n<meta property=\"og:url\" content=\"https:\/\/www.cinesouk.ma\/fr\/produit\/chauvet-dj-freedom-par-t6-led-single-unit\/\" \/>\n<meta property=\"og:site_name\" content=\"CineSouk\" \/>\n<meta property=\"article:modified_time\" content=\"2025-08-18T10:30:26+00:00\" \/>\n<meta property=\"og:image\" content=\"https:\/\/www.cinesouk.ma\/wp-content\/uploads\/2025\/04\/Chauvet-DJ-Freedom-Par-T6-LED-battery-powered-indoor-uplighter-single-unit.jpg\" \/>\n\t<meta property=\"og:image:width\" content=\"300\" \/>\n\t<meta property=\"og:image:height\" content=\"238\" \/>\n\t<meta property=\"og:image:type\" content=\"image\/jpeg\" \/>\n<meta name=\"twitter:card\" content=\"summary_large_image\" \/>\n<meta name=\"twitter:description\" content=\"The Chauvet DJ Freedom Par T6 is a battery-powered, RGB LED uplighter perfect for indoor events. It offers wireless DMX control, adjustable run times, and a compact, portable design.\" \/>\n<meta name=\"twitter:label1\" content=\"Dur\u00e9e de lecture estim\u00e9e\" \/>\n\t<meta name=\"twitter:data1\" content=\"2 minutes\" \/>\n<script type=\"application\/ld+json\" class=\"yoast-schema-graph\">{\"@context\":\"https:\/\/schema.org\",\"@graph\":[{\"@type\":\"WebPage\",\"@id\":\"https:\/\/www.cinesouk.ma\/product\/chauvet-dj-freedom-par-t6-led-single-unit\/\",\"url\":\"https:\/\/www.cinesouk.ma\/product\/chauvet-dj-freedom-par-t6-led-single-unit\/\",\"name\":\"Chauvet DJ Freedom Par T6 LED single unit - CineSouk\",\"isPartOf\":{\"@id\":\"https:\/\/www.cinesouk.ma\/#website\"},\"primaryImageOfPage\":{\"@id\":\"https:\/\/www.cinesouk.ma\/product\/chauvet-dj-freedom-par-t6-led-single-unit\/#primaryimage\"},\"image\":{\"@id\":\"https:\/\/www.cinesouk.ma\/product\/chauvet-dj-freedom-par-t6-led-single-unit\/#primaryimage\"},\"thumbnailUrl\":\"https:\/\/www.cinesouk.ma\/wp-content\/uploads\/2025\/04\/Chauvet-DJ-Freedom-Par-T6-LED-battery-powered-indoor-uplighter-single-unit.jpg\",\"datePublished\":\"2025-04-26T11:21:15+00:00\",\"dateModified\":\"2025-08-18T10:30:26+00:00\",\"description\":\"The Chauvet DJ Freedom Par T6 is a battery-powered, RGB LED uplighter perfect for indoor events. It offers wireless DMX control, adjustable run times, and a compact, portable design.\",\"breadcrumb\":{\"@id\":\"https:\/\/www.cinesouk.ma\/product\/chauvet-dj-freedom-par-t6-led-single-unit\/#breadcrumb\"},\"inLanguage\":\"fr-FR\",\"potentialAction\":[{\"@type\":\"ReadAction\",\"target\":[\"https:\/\/www.cinesouk.ma\/product\/chauvet-dj-freedom-par-t6-led-single-unit\/\"]}]},{\"@type\":\"ImageObject\",\"inLanguage\":\"fr-FR\",\"@id\":\"https:\/\/www.cinesouk.ma\/product\/chauvet-dj-freedom-par-t6-led-single-unit\/#primaryimage\",\"url\":\"https:\/\/www.cinesouk.ma\/wp-content\/uploads\/2025\/04\/Chauvet-DJ-Freedom-Par-T6-LED-battery-powered-indoor-uplighter-single-unit.jpg\",\"contentUrl\":\"https:\/\/www.cinesouk.ma\/wp-content\/uploads\/2025\/04\/Chauvet-DJ-Freedom-Par-T6-LED-battery-powered-indoor-uplighter-single-unit.jpg\",\"width\":300,\"height\":238,\"caption\":\"Chauvet DJ Freedom Par T6 LED battery powered indoor uplighter single unit\"},{\"@type\":\"BreadcrumbList\",\"@id\":\"https:\/\/www.cinesouk.ma\/product\/chauvet-dj-freedom-par-t6-led-single-unit\/#breadcrumb\",\"itemListElement\":[{\"@type\":\"ListItem\",\"position\":1,\"name\":\"Home\",\"item\":\"https:\/\/www.cinesouk.ma\/\"},{\"@type\":\"ListItem\",\"position\":2,\"name\":\"Shop\",\"item\":\"https:\/\/www.cinesouk.ma\/shop\/\"},{\"@type\":\"ListItem\",\"position\":3,\"name\":\"Chauvet DJ Freedom Par T6 LED single unit\"}]},{\"@type\":\"WebSite\",\"@id\":\"https:\/\/www.cinesouk.ma\/#website\",\"url\":\"https:\/\/www.cinesouk.ma\/\",\"name\":\"CineSouk\",\"description\":\"\",\"publisher\":{\"@id\":\"https:\/\/www.cinesouk.ma\/#organization\"},\"potentialAction\":[{\"@type\":\"SearchAction\",\"target\":{\"@type\":\"EntryPoint\",\"urlTemplate\":\"https:\/\/www.cinesouk.ma\/?s={search_term_string}\"},\"query-input\":{\"@type\":\"PropertyValueSpecification\",\"valueRequired\":true,\"valueName\":\"search_term_string\"}}],\"inLanguage\":\"fr-FR\"},{\"@type\":\"Organization\",\"@id\":\"https:\/\/www.cinesouk.ma\/#organization\",\"name\":\"CineSouk\",\"url\":\"https:\/\/www.cinesouk.ma\/\",\"logo\":{\"@type\":\"ImageObject\",\"inLanguage\":\"fr-FR\",\"@id\":\"https:\/\/www.cinesouk.ma\/#\/schema\/logo\/image\/\",\"url\":\"https:\/\/www.cinesouk.ma\/wp-content\/uploads\/2024\/01\/CineSouk-logo-v01-alpha-alligned-left.png\",\"contentUrl\":\"https:\/\/www.cinesouk.ma\/wp-content\/uploads\/2024\/01\/CineSouk-logo-v01-alpha-alligned-left.png\",\"width\":3204,\"height\":889,\"caption\":\"CineSouk\"},\"image\":{\"@id\":\"https:\/\/www.cinesouk.ma\/#\/schema\/logo\/image\/\"}}]}<\/script>\n<!-- \/ Yoast SEO Premium plugin. -->","yoast_head_json":{"title":"Chauvet DJ Freedom Par T6 LED single unit - CineSouk","description":"The Chauvet DJ Freedom Par T6 is a battery-powered, RGB LED uplighter perfect for indoor events. It offers wireless DMX control, adjustable run times, and a compact, portable design.","robots":{"index":"index","follow":"follow","max-snippet":"max-snippet:-1","max-image-preview":"max-image-preview:large","max-video-preview":"max-video-preview:-1"},"canonical":"https:\/\/www.cinesouk.ma\/fr\/produit\/chauvet-dj-freedom-par-t6-led-single-unit\/","og_locale":"fr_FR","og_type":"article","og_title":"Chauvet DJ Freedom Par T6 LED single unit","og_description":"The Chauvet DJ Freedom Par T6 is a battery-powered, RGB LED uplighter perfect for indoor events. It offers wireless DMX control, adjustable run times, and a compact, portable design.","og_url":"https:\/\/www.cinesouk.ma\/fr\/produit\/chauvet-dj-freedom-par-t6-led-single-unit\/","og_site_name":"CineSouk","article_modified_time":"2025-08-18T10:30:26+00:00","og_image":[{"width":300,"height":238,"url":"https:\/\/www.cinesouk.ma\/wp-content\/uploads\/2025\/04\/Chauvet-DJ-Freedom-Par-T6-LED-battery-powered-indoor-uplighter-single-unit.jpg","type":"image\/jpeg"}],"twitter_card":"summary_large_image","twitter_description":"The Chauvet DJ Freedom Par T6 is a battery-powered, RGB LED uplighter perfect for indoor events. It offers wireless DMX control, adjustable run times, and a compact, portable design.","twitter_misc":{"Dur\u00e9e de lecture estim\u00e9e":"2 minutes"},"schema":{"@context":"https:\/\/schema.org","@graph":[{"@type":"WebPage","@id":"https:\/\/www.cinesouk.ma\/product\/chauvet-dj-freedom-par-t6-led-single-unit\/","url":"https:\/\/www.cinesouk.ma\/product\/chauvet-dj-freedom-par-t6-led-single-unit\/","name":"Chauvet DJ Freedom Par T6 LED single unit - CineSouk","isPartOf":{"@id":"https:\/\/www.cinesouk.ma\/#website"},"primaryImageOfPage":{"@id":"https:\/\/www.cinesouk.ma\/product\/chauvet-dj-freedom-par-t6-led-single-unit\/#primaryimage"},"image":{"@id":"https:\/\/www.cinesouk.ma\/product\/chauvet-dj-freedom-par-t6-led-single-unit\/#primaryimage"},"thumbnailUrl":"https:\/\/www.cinesouk.ma\/wp-content\/uploads\/2025\/04\/Chauvet-DJ-Freedom-Par-T6-LED-battery-powered-indoor-uplighter-single-unit.jpg","datePublished":"2025-04-26T11:21:15+00:00","dateModified":"2025-08-18T10:30:26+00:00","description":"The Chauvet DJ Freedom Par T6 is a battery-powered, RGB LED uplighter perfect for indoor events. It offers wireless DMX control, adjustable run times, and a compact, portable design.","breadcrumb":{"@id":"https:\/\/www.cinesouk.ma\/product\/chauvet-dj-freedom-par-t6-led-single-unit\/#breadcrumb"},"inLanguage":"fr-FR","potentialAction":[{"@type":"ReadAction","target":["https:\/\/www.cinesouk.ma\/product\/chauvet-dj-freedom-par-t6-led-single-unit\/"]}]},{"@type":"ImageObject","inLanguage":"fr-FR","@id":"https:\/\/www.cinesouk.ma\/product\/chauvet-dj-freedom-par-t6-led-single-unit\/#primaryimage","url":"https:\/\/www.cinesouk.ma\/wp-content\/uploads\/2025\/04\/Chauvet-DJ-Freedom-Par-T6-LED-battery-powered-indoor-uplighter-single-unit.jpg","contentUrl":"https:\/\/www.cinesouk.ma\/wp-content\/uploads\/2025\/04\/Chauvet-DJ-Freedom-Par-T6-LED-battery-powered-indoor-uplighter-single-unit.jpg","width":300,"height":238,"caption":"Chauvet DJ Freedom Par T6 LED battery powered indoor uplighter single unit"},{"@type":"BreadcrumbList","@id":"https:\/\/www.cinesouk.ma\/product\/chauvet-dj-freedom-par-t6-led-single-unit\/#breadcrumb","itemListElement":[{"@type":"ListItem","position":1,"name":"Home","item":"https:\/\/www.cinesouk.ma\/"},{"@type":"ListItem","position":2,"name":"Shop","item":"https:\/\/www.cinesouk.ma\/shop\/"},{"@type":"ListItem","position":3,"name":"Chauvet DJ Freedom Par T6 LED single unit"}]},{"@type":"WebSite","@id":"https:\/\/www.cinesouk.ma\/#website","url":"https:\/\/www.cinesouk.ma\/","name":"CineSouk","description":"","publisher":{"@id":"https:\/\/www.cinesouk.ma\/#organization"},"potentialAction":[{"@type":"SearchAction","target":{"@type":"EntryPoint","urlTemplate":"https:\/\/www.cinesouk.ma\/?s={search_term_string}"},"query-input":{"@type":"PropertyValueSpecification","valueRequired":true,"valueName":"search_term_string"}}],"inLanguage":"fr-FR"},{"@type":"Organization","@id":"https:\/\/www.cinesouk.ma\/#organization","name":"CineSouk","url":"https:\/\/www.cinesouk.ma\/","logo":{"@type":"ImageObject","inLanguage":"fr-FR","@id":"https:\/\/www.cinesouk.ma\/#\/schema\/logo\/image\/","url":"https:\/\/www.cinesouk.ma\/wp-content\/uploads\/2024\/01\/CineSouk-logo-v01-alpha-alligned-left.png","contentUrl":"https:\/\/www.cinesouk.ma\/wp-content\/uploads\/2024\/01\/CineSouk-logo-v01-alpha-alligned-left.png","width":3204,"height":889,"caption":"CineSouk"},"image":{"@id":"https:\/\/www.cinesouk.ma\/#\/schema\/logo\/image\/"}}]}},"_links":{"self":[{"href":"https:\/\/www.cinesouk.ma\/fr\/wp-json\/wp\/v2\/product\/12687","targetHints":{"allow":["GET"]}}],"collection":[{"href":"https:\/\/www.cinesouk.ma\/fr\/wp-json\/wp\/v2\/product"}],"about":[{"href":"https:\/\/www.cinesouk.ma\/fr\/wp-json\/wp\/v2\/types\/product"}],"wp:featuredmedia":[{"embeddable":true,"href":"https:\/\/www.cinesouk.ma\/fr\/wp-json\/wp\/v2\/media\/12698"}],"wp:attachment":[{"href":"https:\/\/www.cinesouk.ma\/fr\/wp-json\/wp\/v2\/media?parent=12687"}],"wp:term":[{"taxonomy":"product_brand","embeddable":true,"href":"https:\/\/www.cinesouk.ma\/fr\/wp-json\/wp\/v2\/product_brand?post=12687"},{"taxonomy":"product_cat","embeddable":true,"href":"https:\/\/www.cinesouk.ma\/fr\/wp-json\/wp\/v2\/product_cat?post=12687"},{"taxonomy":"product_tag","embeddable":true,"href":"https:\/\/www.cinesouk.ma\/fr\/wp-json\/wp\/v2\/product_tag?post=12687"}],"curies":[{"name":"wp","href":"https:\/\/api.w.org\/{rel}","templated":true}]}}