{"id":12699,"date":"2025-04-26T11:42:53","date_gmt":"2025-04-26T11:42:53","guid":{"rendered":"https:\/\/www.cinesouk.ma\/?post_type=product&#038;p=12699"},"modified":"2025-08-18T10:30:25","modified_gmt":"2025-08-18T10:30:25","slug":"chauvet-dj-freedom-flex-h9-ip-led-single-unit","status":"publish","type":"product","link":"https:\/\/www.cinesouk.ma\/fr\/produit\/chauvet-dj-freedom-flex-h9-ip-led-single-unit\/","title":{"rendered":"Chauvet DJ Freedom Flex H9 IP LED single unit"},"content":{"rendered":"<div class=\"flex max-w-full flex-col flex-grow\">\n<div class=\"min-h-8 text-message flex w-full flex-col items-end gap-2 whitespace-normal break-words [.text-message+&amp;]:mt-5\" dir=\"auto\" data-message-author-role=\"assistant\" data-message-id=\"e4c3ffad-71cb-44e7-93b8-bb60eda86b77\" data-message-model-slug=\"gpt-4o-mini\">\n<div class=\"flex w-full flex-col gap-1 empty:hidden first:pt-[3px]\">\n<div class=\"markdown prose w-full break-words dark:prose-invert light\">\n<p class=\"\" data-start=\"172\" data-end=\"536\">Le Chauvet DJ Freedom Flex H9 IP est un uplighter flexible, fonctionnant sur batterie, con\u00e7u pour les \u00e9v\u00e9nements int\u00e9rieurs et temporaires en ext\u00e9rieur. Cet uplighter polyvalent est parfait pour les mariages, les r\u00e9ceptions d'entreprise et les f\u00eates priv\u00e9es, offrant un m\u00e9lange de couleurs RGBAW+UV vibrantes avec un contr\u00f4le sans fil. Il assure une int\u00e9gration fluide et fiable de l'\u00e9clairage pour diverses occasions.<\/p>\n<h3 class=\"\" data-start=\"538\" data-end=\"559\"><strong data-start=\"542\" data-end=\"559\">Caract\u00e9ristiques principales :<\/strong><\/h3>\n<ul data-start=\"561\" data-end=\"1573\">\n<li class=\"\" data-start=\"561\" data-end=\"690\">\n<p class=\"\" data-start=\"563\" data-end=\"690\"><strong data-start=\"563\" data-end=\"586\">Fonctionnement sans fil :<\/strong> Enti\u00e8rement aliment\u00e9 par batterie, il n'y a donc pas besoin de c\u00e2bles d'alimentation. Cette caract\u00e9ristique facilite et acc\u00e9l\u00e8re l'installation.<\/p>\n<\/li>\n<li class=\"\" data-start=\"691\" data-end=\"861\">\n<p class=\"\" data-start=\"693\" data-end=\"861\"><strong data-start=\"693\" data-end=\"719\">RGBWA+UV M\u00e9lange de couleurs :<\/strong> Avec 9 LED hexagonales (10W chacune), cet uplighter couvre un large spectre de couleurs, offrant de multiples options pour diff\u00e9rents effets d'\u00e9clairage.<\/p>\n<\/li>\n<li class=\"\" data-start=\"862\" data-end=\"1019\">\n<p class=\"\" data-start=\"864\" data-end=\"1019\"><strong data-start=\"864\" data-end=\"890\">DMX sans fil int\u00e9gr\u00e9 :<\/strong> L'\u00e9metteur-r\u00e9cepteur D-Fi int\u00e9gr\u00e9 vous permet de contr\u00f4ler l'uplighter sans fil. Cela r\u00e9duit l'encombrement des c\u00e2bles et augmente la flexibilit\u00e9.<\/p>\n<\/li>\n<li class=\"\" data-start=\"1020\" data-end=\"1191\">\n<p class=\"\" data-start=\"1022\" data-end=\"1191\"><strong data-start=\"1022\" data-end=\"1058\">Conception r\u00e9sistante aux intemp\u00e9ries (IP54) :<\/strong> Sa construction durable lui permet de r\u00e9sister aux conditions ext\u00e9rieures, ce qui en fait la solution id\u00e9ale pour les \u00e9v\u00e9nements n\u00e9cessitant un \u00e9clairage fiable en ext\u00e9rieur.<\/p>\n<\/li>\n<li class=\"\" data-start=\"1192\" data-end=\"1321\">\n<p class=\"\" data-start=\"1194\" data-end=\"1321\"><strong data-start=\"1194\" data-end=\"1216\">Diffuseur magn\u00e9tique :<\/strong> Le diffuseur magn\u00e9tique inclus peut \u00eatre facilement fix\u00e9 pour personnaliser la diffusion de la lumi\u00e8re afin d'obtenir diff\u00e9rents effets.<\/p>\n<\/li>\n<li class=\"\" data-start=\"1322\" data-end=\"1443\">\n<p class=\"\" data-start=\"1324\" data-end=\"1443\"><strong data-start=\"1324\" data-end=\"1349\">Temps de fonctionnement r\u00e9glables :<\/strong> Vous pouvez choisir entre 3, 5, 8 ou 12 heures de fonctionnement, en fonction de la dur\u00e9e de votre \u00e9v\u00e9nement.<\/p>\n<\/li>\n<li class=\"\" data-start=\"1444\" data-end=\"1573\">\n<p class=\"\" data-start=\"1446\" data-end=\"1573\"><strong data-start=\"1446\" data-end=\"1463\">\u00c9cran OLED :<\/strong> L'\u00e9cran OLED facilite la navigation dans les r\u00e9glages de l'uplighter, ce qui garantit un fonctionnement sans heurts lors des \u00e9v\u00e9nements.<\/p>\n<\/li>\n<\/ul>\n<h3 class=\"\" data-start=\"1575\" data-end=\"1598\"><strong data-start=\"1579\" data-end=\"1598\">Sp\u00e9cifications :<\/strong><\/h3>\n<ul data-start=\"1600\" data-end=\"2009\">\n<li class=\"\" data-start=\"1600\" data-end=\"1641\">\n<p class=\"\" data-start=\"1602\" data-end=\"1641\"><strong data-start=\"1602\" data-end=\"1617\">Angle du faisceau :<\/strong> 28\u00b0 (45\u00b0 avec diffuseur)<\/p>\n<\/li>\n<li class=\"\" data-start=\"1642\" data-end=\"1684\">\n<p class=\"\" data-start=\"1644\" data-end=\"1684\"><strong data-start=\"1644\" data-end=\"1660\">Angle de champ :<\/strong> 60\u00b0 (85\u00b0 avec diffuseur)<\/p>\n<\/li>\n<li class=\"\" data-start=\"1685\" data-end=\"1725\">\n<p class=\"\" data-start=\"1687\" data-end=\"1725\"><strong data-start=\"1687\" data-end=\"1703\">L'intensit\u00e9 lumineuse :<\/strong> 1 403 lux \u00e0 2 m\u00e8tres<\/p>\n<\/li>\n<li class=\"\" data-start=\"1726\" data-end=\"1758\">\n<p class=\"\" data-start=\"1728\" data-end=\"1758\"><strong data-start=\"1728\" data-end=\"1745\">Rendement lumineux :<\/strong> 2 028 lumens<\/p>\n<\/li>\n<li class=\"\" data-start=\"1759\" data-end=\"1801\">\n<p class=\"\" data-start=\"1761\" data-end=\"1801\"><strong data-start=\"1761\" data-end=\"1779\">Temps de recharge :<\/strong> Environ 3 heures<\/p>\n<\/li>\n<li class=\"\" data-start=\"1802\" data-end=\"1847\">\n<p class=\"\" data-start=\"1804\" data-end=\"1847\"><strong data-start=\"1804\" data-end=\"1828\">Fr\u00e9quence de fonctionnement :<\/strong> 2,412 \u00e0 2,484 GHz<\/p>\n<\/li>\n<li class=\"\" data-start=\"1848\" data-end=\"1911\">\n<p class=\"\" data-start=\"1850\" data-end=\"1911\"><strong data-start=\"1850\" data-end=\"1872\">Consommation \u00e9lectrique :<\/strong> 377W, 3.2A \u00e0 120V ; 365W, 1.8A \u00e0 230V<\/p>\n<\/li>\n<li class=\"\" data-start=\"1912\" data-end=\"1944\">\n<p class=\"\" data-start=\"1914\" data-end=\"1944\"><strong data-start=\"1914\" data-end=\"1925\">Poids :<\/strong> 67,4 lbs (30,6 kg)<\/p>\n<\/li>\n<li class=\"\" data-start=\"1945\" data-end=\"2009\">\n<p class=\"\" data-start=\"1947\" data-end=\"2009\"><strong data-start=\"1947\" data-end=\"1962\">Dimensions :<\/strong> 19,6 x 21,7 x 16,6 pouces (498 x 552 x 423 mm)<\/p>\n<\/li>\n<\/ul>\n<p class=\"\" data-start=\"2579\" data-end=\"2882\">L'uplighter Freedom Flex H9 IP de Chauvet DJ offre d'excellentes performances d'\u00e9clairage gr\u00e2ce \u00e0 son fonctionnement sans fil, sa longue dur\u00e9e de vie des piles et sa conception r\u00e9sistante aux intemp\u00e9ries. Il est parfait pour les \u00e9v\u00e9nements en int\u00e9rieur et en ext\u00e9rieur, offrant flexibilit\u00e9, fiabilit\u00e9 et facilit\u00e9 d'utilisation pour garantir que votre \u00e9v\u00e9nement brille de mille feux.<\/p>\n<p data-start=\"41\" data-end=\"431\">Louez-le maintenant sur <a href=\"https:\/\/www.cinesouk.ma\/fr\">CINESOUK<\/a> - une marque de <a href=\"https:\/\/www.broadway.ma\/\">BROADWAY PRODUCTIONS SARL.<\/a><\/p>\n<\/div>\n<\/div>\n<\/div>\n<\/div>","protected":false},"excerpt":{"rendered":"<p><strong>Sp\u00e9cifications :<\/strong><\/p>\n<ul>\n<li class=\"\" data-start=\"1600\" data-end=\"1641\">\n<p class=\"\" data-start=\"1602\" data-end=\"1641\"><strong data-start=\"1602\" data-end=\"1617\">Angle du faisceau :<\/strong> 28\u00b0 (45\u00b0 avec diffuseur)<\/p>\n<\/li>\n<li class=\"\" data-start=\"1642\" data-end=\"1684\">\n<p class=\"\" data-start=\"1644\" data-end=\"1684\"><strong data-start=\"1644\" data-end=\"1660\">Angle de champ :<\/strong> 60\u00b0 (85\u00b0 avec diffuseur)<\/p>\n<\/li>\n<li class=\"\" data-start=\"1685\" data-end=\"1725\">\n<p class=\"\" data-start=\"1687\" data-end=\"1725\"><strong data-start=\"1687\" data-end=\"1703\">L'intensit\u00e9 lumineuse :<\/strong> 1 403 lux \u00e0 2 m\u00e8tres<\/p>\n<\/li>\n<li class=\"\" data-start=\"1726\" data-end=\"1758\">\n<p class=\"\" data-start=\"1728\" data-end=\"1758\"><strong data-start=\"1728\" data-end=\"1745\">Rendement lumineux :<\/strong> 2 028 lumens<\/p>\n<\/li>\n<li class=\"\" data-start=\"1759\" data-end=\"1801\">\n<p class=\"\" data-start=\"1761\" data-end=\"1801\"><strong data-start=\"1761\" data-end=\"1779\">Temps de recharge :<\/strong> Environ 3 heures<\/p>\n<\/li>\n<li class=\"\" data-start=\"1802\" data-end=\"1847\">\n<p class=\"\" data-start=\"1804\" data-end=\"1847\"><strong data-start=\"1804\" data-end=\"1828\">Fr\u00e9quence de fonctionnement :<\/strong> 2,412 \u00e0 2,484 GHz<\/p>\n<\/li>\n<li class=\"\" data-start=\"1848\" data-end=\"1911\">\n<p class=\"\" data-start=\"1850\" data-end=\"1911\"><strong data-start=\"1850\" data-end=\"1872\">Consommation \u00e9lectrique :<\/strong> 377W, 3.2A \u00e0 120V ; 365W, 1.8A \u00e0 230V<\/p>\n<\/li>\n<li class=\"\" data-start=\"1912\" data-end=\"1944\">\n<p class=\"\" data-start=\"1914\" data-end=\"1944\"><strong data-start=\"1914\" data-end=\"1925\">Poids :<\/strong> 67,4 lbs (30,6 kg)<\/p>\n<\/li>\n<li class=\"\" data-start=\"1945\" data-end=\"2009\">\n<p class=\"\" data-start=\"1947\" data-end=\"2009\"><strong data-start=\"1947\" data-end=\"1962\">Dimensions :<\/strong> 19,6 x 21,7 x 16,6 pouces (498 x 552 x 423 mm)<\/p>\n<\/li>\n<\/ul>","protected":false},"featured_media":12710,"template":"","meta":{"om_disable_all_campaigns":false,"_monsterinsights_skip_tracking":false,"_monsterinsights_sitenote_active":false,"_monsterinsights_sitenote_note":"","_monsterinsights_sitenote_category":0,"_uf_show_specific_survey":0,"_uf_disable_surveys":false},"product_brand":[],"product_cat":[90,20],"product_tag":[],"class_list":{"0":"post-12699","1":"product","2":"type-product","3":"status-publish","4":"has-post-thumbnail","6":"product_cat-djparty-cinesouk","7":"product_cat-light-cinesouk","9":"entry","10":"has-media","12":"first","13":"instock","14":"taxable","15":"shipping-taxable","16":"purchasable","17":"product-type-variable","18":"has-product-nav","19":"col","20":"span_1_of_3","21":"owp-content-center","22":"owp-thumbs-layout-horizontal","23":"owp-btn-normal","24":"owp-tabs-layout-horizontal","25":"has-no-thumbnails"},"yoast_head":"<!-- This site is optimized with the Yoast SEO Premium plugin v26.0 (Yoast SEO v26.0) - https:\/\/yoast.com\/wordpress\/plugins\/seo\/ -->\n<title>Chauvet DJ Freedom Flex H9 IP LED single unit - CineSouk<\/title>\n<meta name=\"description\" content=\"The Chauvet DJ Freedom Flex H9 IP LED Battery-Powered Outdoor Uplighter is a wireless, battery-operated uplighting solution with RGBAW+UV color mixing and a weather-resistant design, ideal for various indoor and outdoor events.\" \/>\n<meta name=\"robots\" content=\"index, follow, max-snippet:-1, max-image-preview:large, max-video-preview:-1\" \/>\n<link rel=\"canonical\" href=\"https:\/\/www.cinesouk.ma\/fr\/produit\/chauvet-dj-freedom-flex-h9-ip-led-single-unit\/\" \/>\n<meta property=\"og:locale\" content=\"fr_FR\" \/>\n<meta property=\"og:type\" content=\"article\" \/>\n<meta property=\"og:title\" content=\"Chauvet DJ Freedom Flex H9 IP LED single unit\" \/>\n<meta property=\"og:description\" content=\"The Chauvet DJ Freedom Flex H9 IP LED Battery-Powered Outdoor Uplighter is a wireless, battery-operated uplighting solution with RGBAW+UV color mixing and a weather-resistant design, ideal for various indoor and outdoor events.\" \/>\n<meta property=\"og:url\" content=\"https:\/\/www.cinesouk.ma\/fr\/produit\/chauvet-dj-freedom-flex-h9-ip-led-single-unit\/\" \/>\n<meta property=\"og:site_name\" content=\"CineSouk\" \/>\n<meta property=\"article:modified_time\" content=\"2025-08-18T10:30:25+00:00\" \/>\n<meta property=\"og:image\" content=\"https:\/\/www.cinesouk.ma\/wp-content\/uploads\/2025\/04\/Chauvet-DJ-Freedom-Flex-H9-IP-LED-battery-powered-outdoor-uplighter-single-unit_.jpg\" \/>\n\t<meta property=\"og:image:width\" content=\"300\" \/>\n\t<meta property=\"og:image:height\" content=\"238\" \/>\n\t<meta property=\"og:image:type\" content=\"image\/jpeg\" \/>\n<meta name=\"twitter:card\" content=\"summary_large_image\" \/>\n<meta name=\"twitter:description\" content=\"The Chauvet DJ Freedom Flex H9 IP LED Battery-Powered Outdoor Uplighter is a wireless, battery-operated uplighting solution with RGBAW+UV color mixing and a weather-resistant design, ideal for various indoor and outdoor events.\" \/>\n<meta name=\"twitter:label1\" content=\"Dur\u00e9e de lecture estim\u00e9e\" \/>\n\t<meta name=\"twitter:data1\" content=\"2 minutes\" \/>\n<script type=\"application\/ld+json\" class=\"yoast-schema-graph\">{\"@context\":\"https:\/\/schema.org\",\"@graph\":[{\"@type\":\"WebPage\",\"@id\":\"https:\/\/www.cinesouk.ma\/product\/chauvet-dj-freedom-flex-h9-ip-led-single-unit\/\",\"url\":\"https:\/\/www.cinesouk.ma\/product\/chauvet-dj-freedom-flex-h9-ip-led-single-unit\/\",\"name\":\"Chauvet DJ Freedom Flex H9 IP LED single unit - CineSouk\",\"isPartOf\":{\"@id\":\"https:\/\/www.cinesouk.ma\/#website\"},\"primaryImageOfPage\":{\"@id\":\"https:\/\/www.cinesouk.ma\/product\/chauvet-dj-freedom-flex-h9-ip-led-single-unit\/#primaryimage\"},\"image\":{\"@id\":\"https:\/\/www.cinesouk.ma\/product\/chauvet-dj-freedom-flex-h9-ip-led-single-unit\/#primaryimage\"},\"thumbnailUrl\":\"https:\/\/www.cinesouk.ma\/wp-content\/uploads\/2025\/04\/Chauvet-DJ-Freedom-Flex-H9-IP-LED-battery-powered-outdoor-uplighter-single-unit_.jpg\",\"datePublished\":\"2025-04-26T11:42:53+00:00\",\"dateModified\":\"2025-08-18T10:30:25+00:00\",\"description\":\"The Chauvet DJ Freedom Flex H9 IP LED Battery-Powered Outdoor Uplighter is a wireless, battery-operated uplighting solution with RGBAW+UV color mixing and a weather-resistant design, ideal for various indoor and outdoor events.\",\"breadcrumb\":{\"@id\":\"https:\/\/www.cinesouk.ma\/product\/chauvet-dj-freedom-flex-h9-ip-led-single-unit\/#breadcrumb\"},\"inLanguage\":\"fr-FR\",\"potentialAction\":[{\"@type\":\"ReadAction\",\"target\":[\"https:\/\/www.cinesouk.ma\/product\/chauvet-dj-freedom-flex-h9-ip-led-single-unit\/\"]}]},{\"@type\":\"ImageObject\",\"inLanguage\":\"fr-FR\",\"@id\":\"https:\/\/www.cinesouk.ma\/product\/chauvet-dj-freedom-flex-h9-ip-led-single-unit\/#primaryimage\",\"url\":\"https:\/\/www.cinesouk.ma\/wp-content\/uploads\/2025\/04\/Chauvet-DJ-Freedom-Flex-H9-IP-LED-battery-powered-outdoor-uplighter-single-unit_.jpg\",\"contentUrl\":\"https:\/\/www.cinesouk.ma\/wp-content\/uploads\/2025\/04\/Chauvet-DJ-Freedom-Flex-H9-IP-LED-battery-powered-outdoor-uplighter-single-unit_.jpg\",\"width\":300,\"height\":238,\"caption\":\"Chauvet DJ Freedom Flex H9 IP LED battery powered outdoor uplighter single unit_\"},{\"@type\":\"BreadcrumbList\",\"@id\":\"https:\/\/www.cinesouk.ma\/product\/chauvet-dj-freedom-flex-h9-ip-led-single-unit\/#breadcrumb\",\"itemListElement\":[{\"@type\":\"ListItem\",\"position\":1,\"name\":\"Home\",\"item\":\"https:\/\/www.cinesouk.ma\/\"},{\"@type\":\"ListItem\",\"position\":2,\"name\":\"Shop\",\"item\":\"https:\/\/www.cinesouk.ma\/shop\/\"},{\"@type\":\"ListItem\",\"position\":3,\"name\":\"Chauvet DJ Freedom Flex H9 IP LED single unit\"}]},{\"@type\":\"WebSite\",\"@id\":\"https:\/\/www.cinesouk.ma\/#website\",\"url\":\"https:\/\/www.cinesouk.ma\/\",\"name\":\"CineSouk\",\"description\":\"\",\"publisher\":{\"@id\":\"https:\/\/www.cinesouk.ma\/#organization\"},\"potentialAction\":[{\"@type\":\"SearchAction\",\"target\":{\"@type\":\"EntryPoint\",\"urlTemplate\":\"https:\/\/www.cinesouk.ma\/?s={search_term_string}\"},\"query-input\":{\"@type\":\"PropertyValueSpecification\",\"valueRequired\":true,\"valueName\":\"search_term_string\"}}],\"inLanguage\":\"fr-FR\"},{\"@type\":\"Organization\",\"@id\":\"https:\/\/www.cinesouk.ma\/#organization\",\"name\":\"CineSouk\",\"url\":\"https:\/\/www.cinesouk.ma\/\",\"logo\":{\"@type\":\"ImageObject\",\"inLanguage\":\"fr-FR\",\"@id\":\"https:\/\/www.cinesouk.ma\/#\/schema\/logo\/image\/\",\"url\":\"https:\/\/www.cinesouk.ma\/wp-content\/uploads\/2024\/01\/CineSouk-logo-v01-alpha-alligned-left.png\",\"contentUrl\":\"https:\/\/www.cinesouk.ma\/wp-content\/uploads\/2024\/01\/CineSouk-logo-v01-alpha-alligned-left.png\",\"width\":3204,\"height\":889,\"caption\":\"CineSouk\"},\"image\":{\"@id\":\"https:\/\/www.cinesouk.ma\/#\/schema\/logo\/image\/\"}}]}<\/script>\n<!-- \/ Yoast SEO Premium plugin. -->","yoast_head_json":{"title":"Chauvet DJ Freedom Flex H9 IP LED single unit - CineSouk","description":"The Chauvet DJ Freedom Flex H9 IP LED Battery-Powered Outdoor Uplighter is a wireless, battery-operated uplighting solution with RGBAW+UV color mixing and a weather-resistant design, ideal for various indoor and outdoor events.","robots":{"index":"index","follow":"follow","max-snippet":"max-snippet:-1","max-image-preview":"max-image-preview:large","max-video-preview":"max-video-preview:-1"},"canonical":"https:\/\/www.cinesouk.ma\/fr\/produit\/chauvet-dj-freedom-flex-h9-ip-led-single-unit\/","og_locale":"fr_FR","og_type":"article","og_title":"Chauvet DJ Freedom Flex H9 IP LED single unit","og_description":"The Chauvet DJ Freedom Flex H9 IP LED Battery-Powered Outdoor Uplighter is a wireless, battery-operated uplighting solution with RGBAW+UV color mixing and a weather-resistant design, ideal for various indoor and outdoor events.","og_url":"https:\/\/www.cinesouk.ma\/fr\/produit\/chauvet-dj-freedom-flex-h9-ip-led-single-unit\/","og_site_name":"CineSouk","article_modified_time":"2025-08-18T10:30:25+00:00","og_image":[{"width":300,"height":238,"url":"https:\/\/www.cinesouk.ma\/wp-content\/uploads\/2025\/04\/Chauvet-DJ-Freedom-Flex-H9-IP-LED-battery-powered-outdoor-uplighter-single-unit_.jpg","type":"image\/jpeg"}],"twitter_card":"summary_large_image","twitter_description":"The Chauvet DJ Freedom Flex H9 IP LED Battery-Powered Outdoor Uplighter is a wireless, battery-operated uplighting solution with RGBAW+UV color mixing and a weather-resistant design, ideal for various indoor and outdoor events.","twitter_misc":{"Dur\u00e9e de lecture estim\u00e9e":"2 minutes"},"schema":{"@context":"https:\/\/schema.org","@graph":[{"@type":"WebPage","@id":"https:\/\/www.cinesouk.ma\/product\/chauvet-dj-freedom-flex-h9-ip-led-single-unit\/","url":"https:\/\/www.cinesouk.ma\/product\/chauvet-dj-freedom-flex-h9-ip-led-single-unit\/","name":"Chauvet DJ Freedom Flex H9 IP LED single unit - CineSouk","isPartOf":{"@id":"https:\/\/www.cinesouk.ma\/#website"},"primaryImageOfPage":{"@id":"https:\/\/www.cinesouk.ma\/product\/chauvet-dj-freedom-flex-h9-ip-led-single-unit\/#primaryimage"},"image":{"@id":"https:\/\/www.cinesouk.ma\/product\/chauvet-dj-freedom-flex-h9-ip-led-single-unit\/#primaryimage"},"thumbnailUrl":"https:\/\/www.cinesouk.ma\/wp-content\/uploads\/2025\/04\/Chauvet-DJ-Freedom-Flex-H9-IP-LED-battery-powered-outdoor-uplighter-single-unit_.jpg","datePublished":"2025-04-26T11:42:53+00:00","dateModified":"2025-08-18T10:30:25+00:00","description":"The Chauvet DJ Freedom Flex H9 IP LED Battery-Powered Outdoor Uplighter is a wireless, battery-operated uplighting solution with RGBAW+UV color mixing and a weather-resistant design, ideal for various indoor and outdoor events.","breadcrumb":{"@id":"https:\/\/www.cinesouk.ma\/product\/chauvet-dj-freedom-flex-h9-ip-led-single-unit\/#breadcrumb"},"inLanguage":"fr-FR","potentialAction":[{"@type":"ReadAction","target":["https:\/\/www.cinesouk.ma\/product\/chauvet-dj-freedom-flex-h9-ip-led-single-unit\/"]}]},{"@type":"ImageObject","inLanguage":"fr-FR","@id":"https:\/\/www.cinesouk.ma\/product\/chauvet-dj-freedom-flex-h9-ip-led-single-unit\/#primaryimage","url":"https:\/\/www.cinesouk.ma\/wp-content\/uploads\/2025\/04\/Chauvet-DJ-Freedom-Flex-H9-IP-LED-battery-powered-outdoor-uplighter-single-unit_.jpg","contentUrl":"https:\/\/www.cinesouk.ma\/wp-content\/uploads\/2025\/04\/Chauvet-DJ-Freedom-Flex-H9-IP-LED-battery-powered-outdoor-uplighter-single-unit_.jpg","width":300,"height":238,"caption":"Chauvet DJ Freedom Flex H9 IP LED battery powered outdoor uplighter single unit_"},{"@type":"BreadcrumbList","@id":"https:\/\/www.cinesouk.ma\/product\/chauvet-dj-freedom-flex-h9-ip-led-single-unit\/#breadcrumb","itemListElement":[{"@type":"ListItem","position":1,"name":"Home","item":"https:\/\/www.cinesouk.ma\/"},{"@type":"ListItem","position":2,"name":"Shop","item":"https:\/\/www.cinesouk.ma\/shop\/"},{"@type":"ListItem","position":3,"name":"Chauvet DJ Freedom Flex H9 IP LED single unit"}]},{"@type":"WebSite","@id":"https:\/\/www.cinesouk.ma\/#website","url":"https:\/\/www.cinesouk.ma\/","name":"CineSouk","description":"","publisher":{"@id":"https:\/\/www.cinesouk.ma\/#organization"},"potentialAction":[{"@type":"SearchAction","target":{"@type":"EntryPoint","urlTemplate":"https:\/\/www.cinesouk.ma\/?s={search_term_string}"},"query-input":{"@type":"PropertyValueSpecification","valueRequired":true,"valueName":"search_term_string"}}],"inLanguage":"fr-FR"},{"@type":"Organization","@id":"https:\/\/www.cinesouk.ma\/#organization","name":"CineSouk","url":"https:\/\/www.cinesouk.ma\/","logo":{"@type":"ImageObject","inLanguage":"fr-FR","@id":"https:\/\/www.cinesouk.ma\/#\/schema\/logo\/image\/","url":"https:\/\/www.cinesouk.ma\/wp-content\/uploads\/2024\/01\/CineSouk-logo-v01-alpha-alligned-left.png","contentUrl":"https:\/\/www.cinesouk.ma\/wp-content\/uploads\/2024\/01\/CineSouk-logo-v01-alpha-alligned-left.png","width":3204,"height":889,"caption":"CineSouk"},"image":{"@id":"https:\/\/www.cinesouk.ma\/#\/schema\/logo\/image\/"}}]}},"_links":{"self":[{"href":"https:\/\/www.cinesouk.ma\/fr\/wp-json\/wp\/v2\/product\/12699","targetHints":{"allow":["GET"]}}],"collection":[{"href":"https:\/\/www.cinesouk.ma\/fr\/wp-json\/wp\/v2\/product"}],"about":[{"href":"https:\/\/www.cinesouk.ma\/fr\/wp-json\/wp\/v2\/types\/product"}],"wp:featuredmedia":[{"embeddable":true,"href":"https:\/\/www.cinesouk.ma\/fr\/wp-json\/wp\/v2\/media\/12710"}],"wp:attachment":[{"href":"https:\/\/www.cinesouk.ma\/fr\/wp-json\/wp\/v2\/media?parent=12699"}],"wp:term":[{"taxonomy":"product_brand","embeddable":true,"href":"https:\/\/www.cinesouk.ma\/fr\/wp-json\/wp\/v2\/product_brand?post=12699"},{"taxonomy":"product_cat","embeddable":true,"href":"https:\/\/www.cinesouk.ma\/fr\/wp-json\/wp\/v2\/product_cat?post=12699"},{"taxonomy":"product_tag","embeddable":true,"href":"https:\/\/www.cinesouk.ma\/fr\/wp-json\/wp\/v2\/product_tag?post=12699"}],"curies":[{"name":"wp","href":"https:\/\/api.w.org\/{rel}","templated":true}]}}