{"id":12737,"date":"2025-04-28T15:18:28","date_gmt":"2025-04-28T15:18:28","guid":{"rendered":"https:\/\/www.cinesouk.ma\/?post_type=product&#038;p=12737"},"modified":"2025-05-11T13:13:38","modified_gmt":"2025-05-11T13:13:38","slug":"red-komodo-r-s-cable","status":"publish","type":"product","link":"https:\/\/www.cinesouk.ma\/fr\/produit\/red-komodo-r-s-cable\/","title":{"rendered":"RED Komodo R\/S Cable"},"content":{"rendered":"<div class=\"flex-shrink-0 flex flex-col relative items-end\">\n<div class=\"pt-0\">\n<div class=\"gizmo-bot-avatar flex h-8 w-8 items-center justify-center overflow-hidden rounded-full\">\n<div class=\"relative p-1 rounded-sm flex items-center justify-center bg-token-main-surface-primary text-token-text-primary h-8 w-8\">\n<p class=\"\" data-start=\"147\" data-end=\"522\">Le c\u00e2ble RED Komodo R\/S est un outil essentiel pour les cin\u00e9astes et les cam\u00e9ramans qui travaillent dans des environnements exigeants. Il permet de connecter facilement la cam\u00e9ra RED Komodo \u00e0 des dispositifs de contr\u00f4le \u00e0 distance tels que des moteurs de suivi de la mise au point et des contr\u00f4leurs sans fil. Il permet ainsi de d\u00e9clencher \u00e0 distance la fonction de d\u00e9marrage\/arr\u00eat de l'enregistrement de la cam\u00e9ra, ce qui am\u00e9liore consid\u00e9rablement l'efficacit\u00e9 du flux de travail sur le plateau.<\/p>\n<p class=\"\" data-start=\"524\" data-end=\"541\"><strong data-start=\"524\" data-end=\"541\">Caract\u00e9ristiques principales :<\/strong><\/p>\n<p class=\"\" data-start=\"543\" data-end=\"701\"><strong data-start=\"543\" data-end=\"571\">Compatibilit\u00e9 des connecteurs :<\/strong> Ce c\u00e2ble connecte le port EXT du RED Komodo directement \u00e0 une entr\u00e9e Run\/Stop \u00e0 3 broches, il fonctionne donc avec la plupart des accessoires professionnels.<\/p>\n<p class=\"\" data-start=\"703\" data-end=\"850\"><strong data-start=\"703\" data-end=\"728\">Construction durable :<\/strong> RED utilise des mat\u00e9riaux solides et de haute qualit\u00e9 pour fabriquer ce c\u00e2ble, ce qui lui permet de r\u00e9sister aux rigueurs de la production quotidienne.<\/p>\n<p class=\"\" data-start=\"852\" data-end=\"990\"><strong data-start=\"852\" data-end=\"880\">Options de longueur flexibles :<\/strong> Vous avez le choix entre plusieurs longueurs, ce qui vous permet de vous adapter facilement \u00e0 diff\u00e9rentes configurations de cam\u00e9ras et \u00e0 diff\u00e9rents styles de montage.<\/p>\n<p class=\"\" data-start=\"992\" data-end=\"1121\"><strong data-start=\"992\" data-end=\"1015\">Int\u00e9gration simple :<\/strong> Gr\u00e2ce \u00e0 sa conception \"plug-and-play\", vous pouvez l'installer rapidement sans avoir besoin de configurations compliqu\u00e9es.<\/p>\n<p class=\"\" data-start=\"1123\" data-end=\"1142\"><strong data-start=\"1123\" data-end=\"1142\">Sp\u00e9cifications :<\/strong><\/p>\n<ul data-start=\"1144\" data-end=\"1422\">\n<li class=\"\" data-start=\"1144\" data-end=\"1186\">\n<p class=\"\" data-start=\"1146\" data-end=\"1186\"><strong data-start=\"1146\" data-end=\"1165\">Type de connecteur :<\/strong> Entr\u00e9e Run\/Stop \u00e0 3 broches<\/p>\n<\/li>\n<li class=\"\" data-start=\"1187\" data-end=\"1270\">\n<p class=\"\" data-start=\"1189\" data-end=\"1270\"><strong data-start=\"1189\" data-end=\"1207\">Compatibilit\u00e9 :<\/strong> RED Komodo EXT port, moteurs follow focus, contr\u00f4leurs sans fil<\/p>\n<\/li>\n<li class=\"\" data-start=\"1271\" data-end=\"1321\">\n<p class=\"\" data-start=\"1273\" data-end=\"1321\"><strong data-start=\"1273\" data-end=\"1286\">Mat\u00e9riau :<\/strong> Construction durable de haute qualit\u00e9<\/p>\n<\/li>\n<li class=\"\" data-start=\"1322\" data-end=\"1370\">\n<p class=\"\" data-start=\"1324\" data-end=\"1370\"><strong data-start=\"1324\" data-end=\"1343\">Options de longueur :<\/strong> Plusieurs longueurs disponibles<\/p>\n<\/li>\n<li class=\"\" data-start=\"1371\" data-end=\"1422\">\n<p class=\"\" data-start=\"1373\" data-end=\"1422\"><strong data-start=\"1373\" data-end=\"1396\">Exigences en mati\u00e8re d'alimentation :<\/strong> Aucune (connexion passive)<\/p>\n<\/li>\n<\/ul>\n<p class=\"\" data-start=\"1424\" data-end=\"1669\">En conclusion, le RED Komodo R\/S Cable augmente la flexibilit\u00e9, le contr\u00f4le et la vitesse de votre installation de cam\u00e9ra. Sa construction solide, sa large compatibilit\u00e9 et sa simplicit\u00e9 d'utilisation en font un accessoire cl\u00e9 pour tout r\u00e9alisateur ou \u00e9quipe de tournage qui a besoin d'une performance fiable.<\/p>\n<\/div>\n<\/div>\n<\/div>\n<\/div>\n<p>Louez-le maintenant sur <a href=\"https:\/\/www.cinesouk.ma\/fr\">CINESOUK<\/a> - une marque de <a href=\"https:\/\/www.broadway.ma\/\">BROADWAY PRODUCTIONS SARL.<\/a><\/p>","protected":false},"excerpt":{"rendered":"<h3 data-start=\"1304\" data-end=\"1328\"><strong data-start=\"1308\" data-end=\"1326\">Sp\u00e9cifications :<\/strong><\/h3>\n<ul>\n<li class=\"\" data-start=\"1144\" data-end=\"1186\">\n<p class=\"\" data-start=\"1146\" data-end=\"1186\"><strong data-start=\"1146\" data-end=\"1165\">Type de connecteur :<\/strong> Entr\u00e9e Run\/Stop \u00e0 3 broches<\/p>\n<\/li>\n<li class=\"\" data-start=\"1187\" data-end=\"1270\">\n<p class=\"\" data-start=\"1189\" data-end=\"1270\"><strong data-start=\"1189\" data-end=\"1207\">Compatibilit\u00e9 :<\/strong> RED Komodo EXT port, moteurs follow focus, contr\u00f4leurs sans fil<\/p>\n<\/li>\n<li class=\"\" data-start=\"1271\" data-end=\"1321\">\n<p class=\"\" data-start=\"1273\" data-end=\"1321\"><strong data-start=\"1273\" data-end=\"1286\">Mat\u00e9riau :<\/strong> Construction durable de haute qualit\u00e9<\/p>\n<\/li>\n<li class=\"\" data-start=\"1322\" data-end=\"1370\">\n<p class=\"\" data-start=\"1324\" data-end=\"1370\"><strong data-start=\"1324\" data-end=\"1343\">Options de longueur :<\/strong> Plusieurs longueurs disponibles<\/p>\n<\/li>\n<li class=\"\" data-start=\"1371\" data-end=\"1422\">\n<p class=\"\" data-start=\"1373\" data-end=\"1422\"><strong data-start=\"1373\" data-end=\"1396\">Exigences en mati\u00e8re d'alimentation :<\/strong> Aucune (connexion passive)<\/p>\n<\/li>\n<\/ul>","protected":false},"featured_media":12748,"template":"","meta":{"om_disable_all_campaigns":false,"_monsterinsights_skip_tracking":false,"_monsterinsights_sitenote_active":false,"_monsterinsights_sitenote_note":"","_monsterinsights_sitenote_category":0,"_uf_show_specific_survey":0,"_uf_disable_surveys":false},"product_brand":[],"product_cat":[37,55],"product_tag":[],"class_list":{"0":"post-12737","1":"product","2":"type-product","3":"status-publish","4":"has-post-thumbnail","6":"product_cat-accessories-cinesouk","7":"product_cat-cables-cinesouk","9":"entry","10":"has-media","12":"first","13":"instock","14":"taxable","15":"shipping-taxable","16":"purchasable","17":"product-type-variable","18":"has-product-nav","19":"col","20":"span_1_of_3","21":"owp-content-center","22":"owp-thumbs-layout-horizontal","23":"owp-btn-normal","24":"owp-tabs-layout-horizontal","25":"has-no-thumbnails"},"yoast_head":"<!-- This site is optimized with the Yoast SEO Premium plugin v26.0 (Yoast SEO v26.0) - https:\/\/yoast.com\/wordpress\/plugins\/seo\/ -->\n<title>RED Komodo R\/S Cable - CineSouk - Marrakech l Morocco- For rent<\/title>\n<meta name=\"description\" content=\"The RED Komodo R\/S Cable connects your camera to remote devices for easy start\/stop control. Built for durability and fast setup, it\u2019s the perfect tool for professional filmmakers.\" \/>\n<meta name=\"robots\" content=\"index, follow, max-snippet:-1, max-image-preview:large, max-video-preview:-1\" \/>\n<link rel=\"canonical\" href=\"https:\/\/www.cinesouk.ma\/fr\/produit\/red-komodo-r-s-cable\/\" \/>\n<meta property=\"og:locale\" content=\"fr_FR\" \/>\n<meta property=\"og:type\" content=\"article\" \/>\n<meta property=\"og:title\" content=\"RED Komodo R\/S Cable\" \/>\n<meta property=\"og:description\" content=\"The RED Komodo R\/S Cable connects your camera to remote devices for easy start\/stop control. Built for durability and fast setup, it\u2019s the perfect tool for professional filmmakers.\" \/>\n<meta property=\"og:url\" content=\"https:\/\/www.cinesouk.ma\/fr\/produit\/red-komodo-r-s-cable\/\" \/>\n<meta property=\"og:site_name\" content=\"CineSouk\" \/>\n<meta property=\"article:modified_time\" content=\"2025-05-11T13:13:38+00:00\" \/>\n<meta property=\"og:image\" content=\"https:\/\/www.cinesouk.ma\/wp-content\/uploads\/2025\/04\/Red-Komodo-RS-cable.jpg\" \/>\n\t<meta property=\"og:image:width\" content=\"300\" \/>\n\t<meta property=\"og:image:height\" content=\"238\" \/>\n\t<meta property=\"og:image:type\" content=\"image\/jpeg\" \/>\n<meta name=\"twitter:card\" content=\"summary_large_image\" \/>\n<meta name=\"twitter:description\" content=\"The RED Komodo R\/S Cable connects your camera to remote devices for easy start\/stop control. Built for durability and fast setup, it\u2019s the perfect tool for professional filmmakers.\" \/>\n<meta name=\"twitter:image\" content=\"https:\/\/www.cinesouk.ma\/wp-content\/uploads\/2025\/04\/Red-Komodo-RS-cable.jpg\" \/>\n<meta name=\"twitter:label1\" content=\"Dur\u00e9e de lecture estim\u00e9e\" \/>\n\t<meta name=\"twitter:data1\" content=\"2 minutes\" \/>\n<script type=\"application\/ld+json\" class=\"yoast-schema-graph\">{\"@context\":\"https:\/\/schema.org\",\"@graph\":[{\"@type\":\"WebPage\",\"@id\":\"https:\/\/www.cinesouk.ma\/product\/red-komodo-r-s-cable\/\",\"url\":\"https:\/\/www.cinesouk.ma\/product\/red-komodo-r-s-cable\/\",\"name\":\"RED Komodo R\/S Cable - CineSouk - Marrakech l Morocco- For rent\",\"isPartOf\":{\"@id\":\"https:\/\/www.cinesouk.ma\/#website\"},\"primaryImageOfPage\":{\"@id\":\"https:\/\/www.cinesouk.ma\/product\/red-komodo-r-s-cable\/#primaryimage\"},\"image\":{\"@id\":\"https:\/\/www.cinesouk.ma\/product\/red-komodo-r-s-cable\/#primaryimage\"},\"thumbnailUrl\":\"https:\/\/www.cinesouk.ma\/wp-content\/uploads\/2025\/04\/Red-Komodo-RS-cable.jpg\",\"datePublished\":\"2025-04-28T15:18:28+00:00\",\"dateModified\":\"2025-05-11T13:13:38+00:00\",\"description\":\"The RED Komodo R\/S Cable connects your camera to remote devices for easy start\/stop control. Built for durability and fast setup, it\u2019s the perfect tool for professional filmmakers.\",\"breadcrumb\":{\"@id\":\"https:\/\/www.cinesouk.ma\/product\/red-komodo-r-s-cable\/#breadcrumb\"},\"inLanguage\":\"fr-FR\",\"potentialAction\":[{\"@type\":\"ReadAction\",\"target\":[\"https:\/\/www.cinesouk.ma\/product\/red-komodo-r-s-cable\/\"]}]},{\"@type\":\"ImageObject\",\"inLanguage\":\"fr-FR\",\"@id\":\"https:\/\/www.cinesouk.ma\/product\/red-komodo-r-s-cable\/#primaryimage\",\"url\":\"https:\/\/www.cinesouk.ma\/wp-content\/uploads\/2025\/04\/Red-Komodo-RS-cable.jpg\",\"contentUrl\":\"https:\/\/www.cinesouk.ma\/wp-content\/uploads\/2025\/04\/Red-Komodo-RS-cable.jpg\",\"width\":300,\"height\":238,\"caption\":\"Red Komodo R:S cableRed Komodo R:S cable\"},{\"@type\":\"BreadcrumbList\",\"@id\":\"https:\/\/www.cinesouk.ma\/product\/red-komodo-r-s-cable\/#breadcrumb\",\"itemListElement\":[{\"@type\":\"ListItem\",\"position\":1,\"name\":\"Home\",\"item\":\"https:\/\/www.cinesouk.ma\/\"},{\"@type\":\"ListItem\",\"position\":2,\"name\":\"Shop\",\"item\":\"https:\/\/www.cinesouk.ma\/shop\/\"},{\"@type\":\"ListItem\",\"position\":3,\"name\":\"RED Komodo R\/S Cable\"}]},{\"@type\":\"WebSite\",\"@id\":\"https:\/\/www.cinesouk.ma\/#website\",\"url\":\"https:\/\/www.cinesouk.ma\/\",\"name\":\"CineSouk\",\"description\":\"\",\"publisher\":{\"@id\":\"https:\/\/www.cinesouk.ma\/#organization\"},\"potentialAction\":[{\"@type\":\"SearchAction\",\"target\":{\"@type\":\"EntryPoint\",\"urlTemplate\":\"https:\/\/www.cinesouk.ma\/?s={search_term_string}\"},\"query-input\":{\"@type\":\"PropertyValueSpecification\",\"valueRequired\":true,\"valueName\":\"search_term_string\"}}],\"inLanguage\":\"fr-FR\"},{\"@type\":\"Organization\",\"@id\":\"https:\/\/www.cinesouk.ma\/#organization\",\"name\":\"CineSouk\",\"url\":\"https:\/\/www.cinesouk.ma\/\",\"logo\":{\"@type\":\"ImageObject\",\"inLanguage\":\"fr-FR\",\"@id\":\"https:\/\/www.cinesouk.ma\/#\/schema\/logo\/image\/\",\"url\":\"https:\/\/www.cinesouk.ma\/wp-content\/uploads\/2024\/01\/CineSouk-logo-v01-alpha-alligned-left.png\",\"contentUrl\":\"https:\/\/www.cinesouk.ma\/wp-content\/uploads\/2024\/01\/CineSouk-logo-v01-alpha-alligned-left.png\",\"width\":3204,\"height\":889,\"caption\":\"CineSouk\"},\"image\":{\"@id\":\"https:\/\/www.cinesouk.ma\/#\/schema\/logo\/image\/\"}}]}<\/script>\n<!-- \/ Yoast SEO Premium plugin. -->","yoast_head_json":{"title":"RED Komodo R\/S Cable - CineSouk - Marrakech l Morocco- For rent","description":"The RED Komodo R\/S Cable connects your camera to remote devices for easy start\/stop control. Built for durability and fast setup, it\u2019s the perfect tool for professional filmmakers.","robots":{"index":"index","follow":"follow","max-snippet":"max-snippet:-1","max-image-preview":"max-image-preview:large","max-video-preview":"max-video-preview:-1"},"canonical":"https:\/\/www.cinesouk.ma\/fr\/produit\/red-komodo-r-s-cable\/","og_locale":"fr_FR","og_type":"article","og_title":"RED Komodo R\/S Cable","og_description":"The RED Komodo R\/S Cable connects your camera to remote devices for easy start\/stop control. Built for durability and fast setup, it\u2019s the perfect tool for professional filmmakers.","og_url":"https:\/\/www.cinesouk.ma\/fr\/produit\/red-komodo-r-s-cable\/","og_site_name":"CineSouk","article_modified_time":"2025-05-11T13:13:38+00:00","og_image":[{"width":300,"height":238,"url":"https:\/\/www.cinesouk.ma\/wp-content\/uploads\/2025\/04\/Red-Komodo-RS-cable.jpg","type":"image\/jpeg"}],"twitter_card":"summary_large_image","twitter_description":"The RED Komodo R\/S Cable connects your camera to remote devices for easy start\/stop control. Built for durability and fast setup, it\u2019s the perfect tool for professional filmmakers.","twitter_image":"https:\/\/www.cinesouk.ma\/wp-content\/uploads\/2025\/04\/Red-Komodo-RS-cable.jpg","twitter_misc":{"Dur\u00e9e de lecture estim\u00e9e":"2 minutes"},"schema":{"@context":"https:\/\/schema.org","@graph":[{"@type":"WebPage","@id":"https:\/\/www.cinesouk.ma\/product\/red-komodo-r-s-cable\/","url":"https:\/\/www.cinesouk.ma\/product\/red-komodo-r-s-cable\/","name":"RED Komodo R\/S Cable - CineSouk - Marrakech l Morocco- For rent","isPartOf":{"@id":"https:\/\/www.cinesouk.ma\/#website"},"primaryImageOfPage":{"@id":"https:\/\/www.cinesouk.ma\/product\/red-komodo-r-s-cable\/#primaryimage"},"image":{"@id":"https:\/\/www.cinesouk.ma\/product\/red-komodo-r-s-cable\/#primaryimage"},"thumbnailUrl":"https:\/\/www.cinesouk.ma\/wp-content\/uploads\/2025\/04\/Red-Komodo-RS-cable.jpg","datePublished":"2025-04-28T15:18:28+00:00","dateModified":"2025-05-11T13:13:38+00:00","description":"The RED Komodo R\/S Cable connects your camera to remote devices for easy start\/stop control. Built for durability and fast setup, it\u2019s the perfect tool for professional filmmakers.","breadcrumb":{"@id":"https:\/\/www.cinesouk.ma\/product\/red-komodo-r-s-cable\/#breadcrumb"},"inLanguage":"fr-FR","potentialAction":[{"@type":"ReadAction","target":["https:\/\/www.cinesouk.ma\/product\/red-komodo-r-s-cable\/"]}]},{"@type":"ImageObject","inLanguage":"fr-FR","@id":"https:\/\/www.cinesouk.ma\/product\/red-komodo-r-s-cable\/#primaryimage","url":"https:\/\/www.cinesouk.ma\/wp-content\/uploads\/2025\/04\/Red-Komodo-RS-cable.jpg","contentUrl":"https:\/\/www.cinesouk.ma\/wp-content\/uploads\/2025\/04\/Red-Komodo-RS-cable.jpg","width":300,"height":238,"caption":"Red Komodo R:S cableRed Komodo R:S cable"},{"@type":"BreadcrumbList","@id":"https:\/\/www.cinesouk.ma\/product\/red-komodo-r-s-cable\/#breadcrumb","itemListElement":[{"@type":"ListItem","position":1,"name":"Home","item":"https:\/\/www.cinesouk.ma\/"},{"@type":"ListItem","position":2,"name":"Shop","item":"https:\/\/www.cinesouk.ma\/shop\/"},{"@type":"ListItem","position":3,"name":"RED Komodo R\/S Cable"}]},{"@type":"WebSite","@id":"https:\/\/www.cinesouk.ma\/#website","url":"https:\/\/www.cinesouk.ma\/","name":"CineSouk","description":"","publisher":{"@id":"https:\/\/www.cinesouk.ma\/#organization"},"potentialAction":[{"@type":"SearchAction","target":{"@type":"EntryPoint","urlTemplate":"https:\/\/www.cinesouk.ma\/?s={search_term_string}"},"query-input":{"@type":"PropertyValueSpecification","valueRequired":true,"valueName":"search_term_string"}}],"inLanguage":"fr-FR"},{"@type":"Organization","@id":"https:\/\/www.cinesouk.ma\/#organization","name":"CineSouk","url":"https:\/\/www.cinesouk.ma\/","logo":{"@type":"ImageObject","inLanguage":"fr-FR","@id":"https:\/\/www.cinesouk.ma\/#\/schema\/logo\/image\/","url":"https:\/\/www.cinesouk.ma\/wp-content\/uploads\/2024\/01\/CineSouk-logo-v01-alpha-alligned-left.png","contentUrl":"https:\/\/www.cinesouk.ma\/wp-content\/uploads\/2024\/01\/CineSouk-logo-v01-alpha-alligned-left.png","width":3204,"height":889,"caption":"CineSouk"},"image":{"@id":"https:\/\/www.cinesouk.ma\/#\/schema\/logo\/image\/"}}]}},"_links":{"self":[{"href":"https:\/\/www.cinesouk.ma\/fr\/wp-json\/wp\/v2\/product\/12737","targetHints":{"allow":["GET"]}}],"collection":[{"href":"https:\/\/www.cinesouk.ma\/fr\/wp-json\/wp\/v2\/product"}],"about":[{"href":"https:\/\/www.cinesouk.ma\/fr\/wp-json\/wp\/v2\/types\/product"}],"wp:featuredmedia":[{"embeddable":true,"href":"https:\/\/www.cinesouk.ma\/fr\/wp-json\/wp\/v2\/media\/12748"}],"wp:attachment":[{"href":"https:\/\/www.cinesouk.ma\/fr\/wp-json\/wp\/v2\/media?parent=12737"}],"wp:term":[{"taxonomy":"product_brand","embeddable":true,"href":"https:\/\/www.cinesouk.ma\/fr\/wp-json\/wp\/v2\/product_brand?post=12737"},{"taxonomy":"product_cat","embeddable":true,"href":"https:\/\/www.cinesouk.ma\/fr\/wp-json\/wp\/v2\/product_cat?post=12737"},{"taxonomy":"product_tag","embeddable":true,"href":"https:\/\/www.cinesouk.ma\/fr\/wp-json\/wp\/v2\/product_tag?post=12737"}],"curies":[{"name":"wp","href":"https:\/\/api.w.org\/{rel}","templated":true}]}}