{"id":12761,"date":"2025-04-28T15:25:20","date_gmt":"2025-04-28T15:25:20","guid":{"rendered":"https:\/\/www.cinesouk.ma\/?post_type=product&#038;p=12761"},"modified":"2025-05-11T13:13:19","modified_gmt":"2025-05-11T13:13:19","slug":"arri-amira-r-s-cable","status":"publish","type":"product","link":"https:\/\/www.cinesouk.ma\/fr\/produit\/arri-amira-r-s-cable\/","title":{"rendered":"Arri Amira R\/S cable"},"content":{"rendered":"<div class=\"flex-shrink-0 flex flex-col relative items-end\">\n<div class=\"pt-0\">\n<div class=\"gizmo-bot-avatar flex h-8 w-8 items-center justify-center overflow-hidden rounded-full\">\n<div class=\"relative p-1 rounded-sm flex items-center justify-center bg-token-main-surface-primary text-token-text-primary h-8 w-8\">\n<p class=\"\" data-start=\"104\" data-end=\"479\">Le c\u00e2ble ARRI Amira R\/S est un outil essentiel pour les cin\u00e9astes et les cam\u00e9ramans qui travaillent dans des environnements exigeants. Il permet de connecter facilement la cam\u00e9ra ARRI Amira \u00e0 des dispositifs de commande \u00e0 distance tels que des moteurs de suivi de la mise au point et des contr\u00f4leurs sans fil. Il vous permet ainsi de d\u00e9clencher \u00e0 distance la fonction de d\u00e9marrage\/arr\u00eat de l'enregistrement de la cam\u00e9ra, ce qui am\u00e9liore consid\u00e9rablement l'efficacit\u00e9 du flux de travail sur le plateau.<\/p>\n<p class=\"\" data-start=\"481\" data-end=\"498\"><strong data-start=\"481\" data-end=\"498\">Caract\u00e9ristiques principales :<\/strong><\/p>\n<p class=\"\" data-start=\"500\" data-end=\"658\"><strong data-start=\"500\" data-end=\"528\">Compatibilit\u00e9 des connecteurs :<\/strong> Ce c\u00e2ble connecte le port EXT de l'ARRI Amira directement \u00e0 une entr\u00e9e Run\/Stop \u00e0 3 broches, ce qui permet de l'utiliser avec la plupart des accessoires professionnels.<\/p>\n<p class=\"\" data-start=\"660\" data-end=\"808\"><strong data-start=\"660\" data-end=\"685\">Construction durable :<\/strong> ARRI utilise des mat\u00e9riaux solides et de haute qualit\u00e9 pour fabriquer ce c\u00e2ble, ce qui lui permet de r\u00e9sister aux rigueurs de la production quotidienne.<\/p>\n<p class=\"\" data-start=\"810\" data-end=\"948\"><strong data-start=\"810\" data-end=\"838\">Options de longueur flexibles :<\/strong> Vous avez le choix entre plusieurs longueurs, ce qui vous permet de vous adapter facilement \u00e0 diff\u00e9rentes configurations de cam\u00e9ras et \u00e0 diff\u00e9rents styles de montage.<\/p>\n<p class=\"\" data-start=\"950\" data-end=\"1079\"><strong data-start=\"950\" data-end=\"973\">Int\u00e9gration simple :<\/strong> Gr\u00e2ce \u00e0 sa conception \"plug-and-play\", vous pouvez l'installer rapidement sans avoir besoin de configurations compliqu\u00e9es.<\/p>\n<p class=\"\" data-start=\"1081\" data-end=\"1100\"><strong data-start=\"1081\" data-end=\"1100\">Sp\u00e9cifications :<\/strong><\/p>\n<ul data-start=\"1102\" data-end=\"1380\">\n<li class=\"\" data-start=\"1102\" data-end=\"1144\">\n<p class=\"\" data-start=\"1104\" data-end=\"1144\"><strong data-start=\"1104\" data-end=\"1123\">Type de connecteur :<\/strong> Entr\u00e9e Run\/Stop \u00e0 3 broches<\/p>\n<\/li>\n<li class=\"\" data-start=\"1145\" data-end=\"1228\">\n<p class=\"\" data-start=\"1147\" data-end=\"1228\"><strong data-start=\"1147\" data-end=\"1165\">Compatibilit\u00e9 :<\/strong> Port ARRI Amira EXT, moteurs follow focus, contr\u00f4leurs sans fil<\/p>\n<\/li>\n<li class=\"\" data-start=\"1229\" data-end=\"1279\">\n<p class=\"\" data-start=\"1231\" data-end=\"1279\"><strong data-start=\"1231\" data-end=\"1244\">Mat\u00e9riau :<\/strong> Construction durable de haute qualit\u00e9<\/p>\n<\/li>\n<li class=\"\" data-start=\"1280\" data-end=\"1328\">\n<p class=\"\" data-start=\"1282\" data-end=\"1328\"><strong data-start=\"1282\" data-end=\"1301\">Options de longueur :<\/strong> Plusieurs longueurs disponibles<\/p>\n<\/li>\n<li class=\"\" data-start=\"1329\" data-end=\"1380\">\n<p class=\"\" data-start=\"1331\" data-end=\"1380\"><strong data-start=\"1331\" data-end=\"1354\">Exigences en mati\u00e8re d'alimentation :<\/strong> Aucune (connexion passive)<\/p>\n<\/li>\n<\/ul>\n<p class=\"\" data-start=\"1382\" data-end=\"1627\">En conclusion, le c\u00e2ble ARRI Amira R\/S augmente la flexibilit\u00e9, le contr\u00f4le et la vitesse de votre installation de cam\u00e9ra. Sa construction solide, sa large compatibilit\u00e9 et sa simplicit\u00e9 d'utilisation en font un accessoire essentiel pour tout r\u00e9alisateur ou \u00e9quipe de tournage qui a besoin de performances fiables.<\/p>\n<\/div>\n<\/div>\n<\/div>\n<\/div>\n<p>Louez-le maintenant sur <a href=\"https:\/\/www.cinesouk.ma\/fr\">CINESOUK<\/a> - une marque de <a href=\"https:\/\/www.broadway.ma\/\">BROADWAY PRODUCTIONS SARL.<\/a><\/p>","protected":false},"excerpt":{"rendered":"<h3 data-start=\"1304\" data-end=\"1328\"><strong data-start=\"1308\" data-end=\"1326\">Sp\u00e9cifications :<\/strong><\/h3>\n<ul>\n<li class=\"\" data-start=\"1102\" data-end=\"1144\">\n<p class=\"\" data-start=\"1104\" data-end=\"1144\"><strong data-start=\"1104\" data-end=\"1123\">Type de connecteur :<\/strong> Entr\u00e9e Run\/Stop \u00e0 3 broches<\/p>\n<\/li>\n<li class=\"\" data-start=\"1145\" data-end=\"1228\">\n<p class=\"\" data-start=\"1147\" data-end=\"1228\"><strong data-start=\"1147\" data-end=\"1165\">Compatibilit\u00e9 :<\/strong> Port ARRI Amira EXT, moteurs follow focus, contr\u00f4leurs sans fil<\/p>\n<\/li>\n<li class=\"\" data-start=\"1229\" data-end=\"1279\">\n<p class=\"\" data-start=\"1231\" data-end=\"1279\"><strong data-start=\"1231\" data-end=\"1244\">Mat\u00e9riau :<\/strong> Construction durable de haute qualit\u00e9<\/p>\n<\/li>\n<li class=\"\" data-start=\"1280\" data-end=\"1328\">\n<p class=\"\" data-start=\"1282\" data-end=\"1328\"><strong data-start=\"1282\" data-end=\"1301\">Options de longueur :<\/strong> Plusieurs longueurs disponibles<\/p>\n<\/li>\n<li class=\"\" data-start=\"1329\" data-end=\"1380\">\n<p class=\"\" data-start=\"1331\" data-end=\"1380\"><strong data-start=\"1331\" data-end=\"1354\">Exigences en mati\u00e8re d'alimentation :<\/strong> Aucune (connexion passive)<\/p>\n<\/li>\n<\/ul>","protected":false},"featured_media":12772,"template":"","meta":{"om_disable_all_campaigns":false,"_monsterinsights_skip_tracking":false,"_monsterinsights_sitenote_active":false,"_monsterinsights_sitenote_note":"","_monsterinsights_sitenote_category":0,"_uf_show_specific_survey":0,"_uf_disable_surveys":false},"product_brand":[],"product_cat":[37,55],"product_tag":[],"class_list":{"0":"post-12761","1":"product","2":"type-product","3":"status-publish","4":"has-post-thumbnail","6":"product_cat-accessories-cinesouk","7":"product_cat-cables-cinesouk","9":"entry","10":"has-media","12":"first","13":"instock","14":"taxable","15":"shipping-taxable","16":"purchasable","17":"product-type-variable","18":"has-product-nav","19":"col","20":"span_1_of_3","21":"owp-content-center","22":"owp-thumbs-layout-horizontal","23":"owp-btn-normal","24":"owp-tabs-layout-horizontal","25":"has-no-thumbnails"},"yoast_head":"<!-- This site is optimized with the Yoast SEO Premium plugin v26.0 (Yoast SEO v26.0) - https:\/\/yoast.com\/wordpress\/plugins\/seo\/ -->\n<title>Arri Amira R\/S cable - CineSouk - Marrakech l Morocco- For rent<\/title>\n<meta name=\"description\" content=\"The ARRI Amira R\/S Cable connects your camera to remote devices for seamless start\/stop control. Durable, reliable, and easy to set up, it\u2019s built for professional production environments.\" \/>\n<meta name=\"robots\" content=\"index, follow, max-snippet:-1, max-image-preview:large, max-video-preview:-1\" \/>\n<link rel=\"canonical\" href=\"https:\/\/www.cinesouk.ma\/fr\/produit\/arri-amira-r-s-cable\/\" \/>\n<meta property=\"og:locale\" content=\"fr_FR\" \/>\n<meta property=\"og:type\" content=\"article\" \/>\n<meta property=\"og:title\" content=\"Arri Amira R\/S cable\" \/>\n<meta property=\"og:description\" content=\"The ARRI Amira R\/S Cable connects your camera to remote devices for seamless start\/stop control. Durable, reliable, and easy to set up, it\u2019s built for professional production environments.\" \/>\n<meta property=\"og:url\" content=\"https:\/\/www.cinesouk.ma\/fr\/produit\/arri-amira-r-s-cable\/\" \/>\n<meta property=\"og:site_name\" content=\"CineSouk\" \/>\n<meta property=\"article:modified_time\" content=\"2025-05-11T13:13:19+00:00\" \/>\n<meta property=\"og:image\" content=\"https:\/\/www.cinesouk.ma\/wp-content\/uploads\/2025\/04\/arri-amira-RS-cable.jpg\" \/>\n\t<meta property=\"og:image:width\" content=\"300\" \/>\n\t<meta property=\"og:image:height\" content=\"238\" \/>\n\t<meta property=\"og:image:type\" content=\"image\/jpeg\" \/>\n<meta name=\"twitter:card\" content=\"summary_large_image\" \/>\n<meta name=\"twitter:description\" content=\"The ARRI Amira R\/S Cable connects your camera to remote devices for seamless start\/stop control. Durable, reliable, and easy to set up, it\u2019s built for professional production environments.\" \/>\n<meta name=\"twitter:image\" content=\"https:\/\/www.cinesouk.ma\/wp-content\/uploads\/2025\/04\/arri-amira-RS-cable.jpg\" \/>\n<meta name=\"twitter:label1\" content=\"Dur\u00e9e de lecture estim\u00e9e\" \/>\n\t<meta name=\"twitter:data1\" content=\"2 minutes\" \/>\n<script type=\"application\/ld+json\" class=\"yoast-schema-graph\">{\"@context\":\"https:\/\/schema.org\",\"@graph\":[{\"@type\":\"WebPage\",\"@id\":\"https:\/\/www.cinesouk.ma\/product\/arri-amira-r-s-cable\/\",\"url\":\"https:\/\/www.cinesouk.ma\/product\/arri-amira-r-s-cable\/\",\"name\":\"Arri Amira R\/S cable - CineSouk - Marrakech l Morocco- For rent\",\"isPartOf\":{\"@id\":\"https:\/\/www.cinesouk.ma\/#website\"},\"primaryImageOfPage\":{\"@id\":\"https:\/\/www.cinesouk.ma\/product\/arri-amira-r-s-cable\/#primaryimage\"},\"image\":{\"@id\":\"https:\/\/www.cinesouk.ma\/product\/arri-amira-r-s-cable\/#primaryimage\"},\"thumbnailUrl\":\"https:\/\/www.cinesouk.ma\/wp-content\/uploads\/2025\/04\/arri-amira-RS-cable.jpg\",\"datePublished\":\"2025-04-28T15:25:20+00:00\",\"dateModified\":\"2025-05-11T13:13:19+00:00\",\"description\":\"The ARRI Amira R\/S Cable connects your camera to remote devices for seamless start\/stop control. Durable, reliable, and easy to set up, it\u2019s built for professional production environments.\",\"breadcrumb\":{\"@id\":\"https:\/\/www.cinesouk.ma\/product\/arri-amira-r-s-cable\/#breadcrumb\"},\"inLanguage\":\"fr-FR\",\"potentialAction\":[{\"@type\":\"ReadAction\",\"target\":[\"https:\/\/www.cinesouk.ma\/product\/arri-amira-r-s-cable\/\"]}]},{\"@type\":\"ImageObject\",\"inLanguage\":\"fr-FR\",\"@id\":\"https:\/\/www.cinesouk.ma\/product\/arri-amira-r-s-cable\/#primaryimage\",\"url\":\"https:\/\/www.cinesouk.ma\/wp-content\/uploads\/2025\/04\/arri-amira-RS-cable.jpg\",\"contentUrl\":\"https:\/\/www.cinesouk.ma\/wp-content\/uploads\/2025\/04\/arri-amira-RS-cable.jpg\",\"width\":300,\"height\":238,\"caption\":\"arri amira R:S cable\"},{\"@type\":\"BreadcrumbList\",\"@id\":\"https:\/\/www.cinesouk.ma\/product\/arri-amira-r-s-cable\/#breadcrumb\",\"itemListElement\":[{\"@type\":\"ListItem\",\"position\":1,\"name\":\"Home\",\"item\":\"https:\/\/www.cinesouk.ma\/\"},{\"@type\":\"ListItem\",\"position\":2,\"name\":\"Shop\",\"item\":\"https:\/\/www.cinesouk.ma\/shop\/\"},{\"@type\":\"ListItem\",\"position\":3,\"name\":\"Arri Amira R\/S cable\"}]},{\"@type\":\"WebSite\",\"@id\":\"https:\/\/www.cinesouk.ma\/#website\",\"url\":\"https:\/\/www.cinesouk.ma\/\",\"name\":\"CineSouk\",\"description\":\"\",\"publisher\":{\"@id\":\"https:\/\/www.cinesouk.ma\/#organization\"},\"potentialAction\":[{\"@type\":\"SearchAction\",\"target\":{\"@type\":\"EntryPoint\",\"urlTemplate\":\"https:\/\/www.cinesouk.ma\/?s={search_term_string}\"},\"query-input\":{\"@type\":\"PropertyValueSpecification\",\"valueRequired\":true,\"valueName\":\"search_term_string\"}}],\"inLanguage\":\"fr-FR\"},{\"@type\":\"Organization\",\"@id\":\"https:\/\/www.cinesouk.ma\/#organization\",\"name\":\"CineSouk\",\"url\":\"https:\/\/www.cinesouk.ma\/\",\"logo\":{\"@type\":\"ImageObject\",\"inLanguage\":\"fr-FR\",\"@id\":\"https:\/\/www.cinesouk.ma\/#\/schema\/logo\/image\/\",\"url\":\"https:\/\/www.cinesouk.ma\/wp-content\/uploads\/2024\/01\/CineSouk-logo-v01-alpha-alligned-left.png\",\"contentUrl\":\"https:\/\/www.cinesouk.ma\/wp-content\/uploads\/2024\/01\/CineSouk-logo-v01-alpha-alligned-left.png\",\"width\":3204,\"height\":889,\"caption\":\"CineSouk\"},\"image\":{\"@id\":\"https:\/\/www.cinesouk.ma\/#\/schema\/logo\/image\/\"}}]}<\/script>\n<!-- \/ Yoast SEO Premium plugin. -->","yoast_head_json":{"title":"Arri Amira R\/S cable - CineSouk - Marrakech l Morocco- For rent","description":"The ARRI Amira R\/S Cable connects your camera to remote devices for seamless start\/stop control. Durable, reliable, and easy to set up, it\u2019s built for professional production environments.","robots":{"index":"index","follow":"follow","max-snippet":"max-snippet:-1","max-image-preview":"max-image-preview:large","max-video-preview":"max-video-preview:-1"},"canonical":"https:\/\/www.cinesouk.ma\/fr\/produit\/arri-amira-r-s-cable\/","og_locale":"fr_FR","og_type":"article","og_title":"Arri Amira R\/S cable","og_description":"The ARRI Amira R\/S Cable connects your camera to remote devices for seamless start\/stop control. Durable, reliable, and easy to set up, it\u2019s built for professional production environments.","og_url":"https:\/\/www.cinesouk.ma\/fr\/produit\/arri-amira-r-s-cable\/","og_site_name":"CineSouk","article_modified_time":"2025-05-11T13:13:19+00:00","og_image":[{"width":300,"height":238,"url":"https:\/\/www.cinesouk.ma\/wp-content\/uploads\/2025\/04\/arri-amira-RS-cable.jpg","type":"image\/jpeg"}],"twitter_card":"summary_large_image","twitter_description":"The ARRI Amira R\/S Cable connects your camera to remote devices for seamless start\/stop control. Durable, reliable, and easy to set up, it\u2019s built for professional production environments.","twitter_image":"https:\/\/www.cinesouk.ma\/wp-content\/uploads\/2025\/04\/arri-amira-RS-cable.jpg","twitter_misc":{"Dur\u00e9e de lecture estim\u00e9e":"2 minutes"},"schema":{"@context":"https:\/\/schema.org","@graph":[{"@type":"WebPage","@id":"https:\/\/www.cinesouk.ma\/product\/arri-amira-r-s-cable\/","url":"https:\/\/www.cinesouk.ma\/product\/arri-amira-r-s-cable\/","name":"Arri Amira R\/S cable - CineSouk - Marrakech l Morocco- For rent","isPartOf":{"@id":"https:\/\/www.cinesouk.ma\/#website"},"primaryImageOfPage":{"@id":"https:\/\/www.cinesouk.ma\/product\/arri-amira-r-s-cable\/#primaryimage"},"image":{"@id":"https:\/\/www.cinesouk.ma\/product\/arri-amira-r-s-cable\/#primaryimage"},"thumbnailUrl":"https:\/\/www.cinesouk.ma\/wp-content\/uploads\/2025\/04\/arri-amira-RS-cable.jpg","datePublished":"2025-04-28T15:25:20+00:00","dateModified":"2025-05-11T13:13:19+00:00","description":"The ARRI Amira R\/S Cable connects your camera to remote devices for seamless start\/stop control. Durable, reliable, and easy to set up, it\u2019s built for professional production environments.","breadcrumb":{"@id":"https:\/\/www.cinesouk.ma\/product\/arri-amira-r-s-cable\/#breadcrumb"},"inLanguage":"fr-FR","potentialAction":[{"@type":"ReadAction","target":["https:\/\/www.cinesouk.ma\/product\/arri-amira-r-s-cable\/"]}]},{"@type":"ImageObject","inLanguage":"fr-FR","@id":"https:\/\/www.cinesouk.ma\/product\/arri-amira-r-s-cable\/#primaryimage","url":"https:\/\/www.cinesouk.ma\/wp-content\/uploads\/2025\/04\/arri-amira-RS-cable.jpg","contentUrl":"https:\/\/www.cinesouk.ma\/wp-content\/uploads\/2025\/04\/arri-amira-RS-cable.jpg","width":300,"height":238,"caption":"arri amira R:S cable"},{"@type":"BreadcrumbList","@id":"https:\/\/www.cinesouk.ma\/product\/arri-amira-r-s-cable\/#breadcrumb","itemListElement":[{"@type":"ListItem","position":1,"name":"Home","item":"https:\/\/www.cinesouk.ma\/"},{"@type":"ListItem","position":2,"name":"Shop","item":"https:\/\/www.cinesouk.ma\/shop\/"},{"@type":"ListItem","position":3,"name":"Arri Amira R\/S cable"}]},{"@type":"WebSite","@id":"https:\/\/www.cinesouk.ma\/#website","url":"https:\/\/www.cinesouk.ma\/","name":"CineSouk","description":"","publisher":{"@id":"https:\/\/www.cinesouk.ma\/#organization"},"potentialAction":[{"@type":"SearchAction","target":{"@type":"EntryPoint","urlTemplate":"https:\/\/www.cinesouk.ma\/?s={search_term_string}"},"query-input":{"@type":"PropertyValueSpecification","valueRequired":true,"valueName":"search_term_string"}}],"inLanguage":"fr-FR"},{"@type":"Organization","@id":"https:\/\/www.cinesouk.ma\/#organization","name":"CineSouk","url":"https:\/\/www.cinesouk.ma\/","logo":{"@type":"ImageObject","inLanguage":"fr-FR","@id":"https:\/\/www.cinesouk.ma\/#\/schema\/logo\/image\/","url":"https:\/\/www.cinesouk.ma\/wp-content\/uploads\/2024\/01\/CineSouk-logo-v01-alpha-alligned-left.png","contentUrl":"https:\/\/www.cinesouk.ma\/wp-content\/uploads\/2024\/01\/CineSouk-logo-v01-alpha-alligned-left.png","width":3204,"height":889,"caption":"CineSouk"},"image":{"@id":"https:\/\/www.cinesouk.ma\/#\/schema\/logo\/image\/"}}]}},"_links":{"self":[{"href":"https:\/\/www.cinesouk.ma\/fr\/wp-json\/wp\/v2\/product\/12761","targetHints":{"allow":["GET"]}}],"collection":[{"href":"https:\/\/www.cinesouk.ma\/fr\/wp-json\/wp\/v2\/product"}],"about":[{"href":"https:\/\/www.cinesouk.ma\/fr\/wp-json\/wp\/v2\/types\/product"}],"wp:featuredmedia":[{"embeddable":true,"href":"https:\/\/www.cinesouk.ma\/fr\/wp-json\/wp\/v2\/media\/12772"}],"wp:attachment":[{"href":"https:\/\/www.cinesouk.ma\/fr\/wp-json\/wp\/v2\/media?parent=12761"}],"wp:term":[{"taxonomy":"product_brand","embeddable":true,"href":"https:\/\/www.cinesouk.ma\/fr\/wp-json\/wp\/v2\/product_brand?post=12761"},{"taxonomy":"product_cat","embeddable":true,"href":"https:\/\/www.cinesouk.ma\/fr\/wp-json\/wp\/v2\/product_cat?post=12761"},{"taxonomy":"product_tag","embeddable":true,"href":"https:\/\/www.cinesouk.ma\/fr\/wp-json\/wp\/v2\/product_tag?post=12761"}],"curies":[{"name":"wp","href":"https:\/\/api.w.org\/{rel}","templated":true}]}}