{"id":12773,"date":"2025-04-29T08:55:06","date_gmt":"2025-04-29T08:55:06","guid":{"rendered":"https:\/\/www.cinesouk.ma\/?post_type=product&#038;p=12773"},"modified":"2025-05-11T13:13:09","modified_gmt":"2025-05-11T13:13:09","slug":"canon-c300-r-s-cable","status":"publish","type":"product","link":"https:\/\/www.cinesouk.ma\/fr\/produit\/canon-c300-r-s-cable\/","title":{"rendered":"C\u00e2ble Canon C300 R\/S"},"content":{"rendered":"<div class=\"flex-shrink-0 flex flex-col relative items-end\">\n<div class=\"pt-0\">\n<div class=\"gizmo-bot-avatar flex h-8 w-8 items-center justify-center overflow-hidden rounded-full\">\n<div class=\"relative p-1 rounded-sm flex items-center justify-center bg-token-main-surface-primary text-token-text-primary h-8 w-8\">\n<p class=\"\" data-start=\"104\" data-end=\"479\">The Canon C300 R\/S Cable is an essential tool for filmmakers and camera operators who work in demanding environments. It easily connects the Canon C300 camera to remote control devices such as follow focus motors and wireless controllers. As a result, it allows you to remotely trigger the camera\u2019s start\/stop recording function, greatly improving workflow efficiency on set.<\/p>\n<p class=\"\" data-start=\"481\" data-end=\"498\"><strong data-start=\"481\" data-end=\"498\">Caract\u00e9ristiques principales :<\/strong><\/p>\n<p class=\"\" data-start=\"500\" data-end=\"662\"><strong data-start=\"500\" data-end=\"528\">Compatibilit\u00e9 des connecteurs :<\/strong> This cable connects the Canon C300\u2019s control port directly to a 3-pin Run\/Stop input, so it works with most professional accessories.<\/p>\n<p class=\"\" data-start=\"664\" data-end=\"813\"><strong data-start=\"664\" data-end=\"689\">Construction durable :<\/strong> Canon uses strong, high-quality materials to build this cable, ensuring it can withstand the rigors of everyday production.<\/p>\n<p class=\"\" data-start=\"815\" data-end=\"953\"><strong data-start=\"815\" data-end=\"843\">Options de longueur flexibles :<\/strong> Vous avez le choix entre plusieurs longueurs, ce qui vous permet de vous adapter facilement \u00e0 diff\u00e9rentes configurations de cam\u00e9ras et \u00e0 diff\u00e9rents styles de montage.<\/p>\n<p class=\"\" data-start=\"955\" data-end=\"1084\"><strong data-start=\"955\" data-end=\"978\">Int\u00e9gration simple :<\/strong> Gr\u00e2ce \u00e0 sa conception \"plug-and-play\", vous pouvez l'installer rapidement sans avoir besoin de configurations compliqu\u00e9es.<\/p>\n<p class=\"\" data-start=\"1086\" data-end=\"1105\"><strong data-start=\"1086\" data-end=\"1105\">Sp\u00e9cifications :<\/strong><\/p>\n<ul data-start=\"1107\" data-end=\"1389\">\n<li class=\"\" data-start=\"1107\" data-end=\"1149\">\n<p class=\"\" data-start=\"1109\" data-end=\"1149\"><strong data-start=\"1109\" data-end=\"1128\">Type de connecteur :<\/strong> Entr\u00e9e Run\/Stop \u00e0 3 broches<\/p>\n<\/li>\n<li class=\"\" data-start=\"1150\" data-end=\"1237\">\n<p class=\"\" data-start=\"1152\" data-end=\"1237\"><strong data-start=\"1152\" data-end=\"1170\">Compatibilit\u00e9 :<\/strong> Canon C300 control port, follow focus motors, wireless controllers<\/p>\n<\/li>\n<li class=\"\" data-start=\"1238\" data-end=\"1288\">\n<p class=\"\" data-start=\"1240\" data-end=\"1288\"><strong data-start=\"1240\" data-end=\"1253\">Mat\u00e9riau :<\/strong> Construction durable de haute qualit\u00e9<\/p>\n<\/li>\n<li class=\"\" data-start=\"1289\" data-end=\"1337\">\n<p class=\"\" data-start=\"1291\" data-end=\"1337\"><strong data-start=\"1291\" data-end=\"1310\">Options de longueur :<\/strong> Plusieurs longueurs disponibles<\/p>\n<\/li>\n<li class=\"\" data-start=\"1338\" data-end=\"1389\">\n<p class=\"\" data-start=\"1340\" data-end=\"1389\"><strong data-start=\"1340\" data-end=\"1363\">Exigences en mati\u00e8re d'alimentation :<\/strong> Aucune (connexion passive)<\/p>\n<\/li>\n<\/ul>\n<p class=\"\" data-start=\"1391\" data-end=\"1636\">In conclusion, the Canon C300 R\/S Cable boosts the flexibility, control, and speed of your camera setup. Its solid build, wide compatibility, and simple use make it a key accessory for any filmmaker or camera crew who needs reliable performance.<\/p>\n<\/div>\n<\/div>\n<\/div>\n<\/div>\n<p>Louez-le maintenant sur <a href=\"https:\/\/www.cinesouk.ma\/fr\">CINESOUK<\/a> - une marque de <a href=\"https:\/\/www.broadway.ma\/\">BROADWAY PRODUCTIONS SARL.<\/a><\/p>","protected":false},"excerpt":{"rendered":"<h3 data-start=\"1304\" data-end=\"1328\"><strong data-start=\"1308\" data-end=\"1326\">Sp\u00e9cifications :<\/strong><\/h3>\n<ul data-start=\"1107\" data-end=\"1389\">\n<li class=\"\" data-start=\"1107\" data-end=\"1149\">\n<p class=\"\" data-start=\"1109\" data-end=\"1149\"><strong data-start=\"1109\" data-end=\"1128\">Type de connecteur :<\/strong> Entr\u00e9e Run\/Stop \u00e0 3 broches<\/p>\n<\/li>\n<li class=\"\" data-start=\"1150\" data-end=\"1237\">\n<p class=\"\" data-start=\"1152\" data-end=\"1237\"><strong data-start=\"1152\" data-end=\"1170\">Compatibilit\u00e9 :<\/strong> Canon C300 control port, follow focus motors, wireless controllers<\/p>\n<\/li>\n<li class=\"\" data-start=\"1238\" data-end=\"1288\">\n<p class=\"\" data-start=\"1240\" data-end=\"1288\"><strong data-start=\"1240\" data-end=\"1253\">Mat\u00e9riau :<\/strong> Construction durable de haute qualit\u00e9<\/p>\n<\/li>\n<li class=\"\" data-start=\"1289\" data-end=\"1337\">\n<p class=\"\" data-start=\"1291\" data-end=\"1337\"><strong data-start=\"1291\" data-end=\"1310\">Options de longueur :<\/strong> Plusieurs longueurs disponibles<\/p>\n<\/li>\n<li class=\"\" data-start=\"1338\" data-end=\"1389\">\n<p class=\"\" data-start=\"1340\" data-end=\"1389\"><strong data-start=\"1340\" data-end=\"1363\">Exigences en mati\u00e8re d'alimentation :<\/strong> Aucune (connexion passive)<\/p>\n<\/li>\n<\/ul>","protected":false},"featured_media":12784,"template":"","meta":{"om_disable_all_campaigns":false,"_monsterinsights_skip_tracking":false,"_monsterinsights_sitenote_active":false,"_monsterinsights_sitenote_note":"","_monsterinsights_sitenote_category":0,"_uf_show_specific_survey":0,"_uf_disable_surveys":false},"product_brand":[],"product_cat":[37,55],"product_tag":[],"class_list":{"0":"post-12773","1":"product","2":"type-product","3":"status-publish","4":"has-post-thumbnail","6":"product_cat-accessories-cinesouk","7":"product_cat-cables-cinesouk","9":"entry","10":"has-media","12":"first","13":"instock","14":"taxable","15":"shipping-taxable","16":"purchasable","17":"product-type-variable","18":"has-product-nav","19":"col","20":"span_1_of_3","21":"owp-content-center","22":"owp-thumbs-layout-horizontal","23":"owp-btn-normal","24":"owp-tabs-layout-horizontal","25":"has-no-thumbnails"},"yoast_head":"<!-- This site is optimized with the Yoast SEO Premium plugin v26.0 (Yoast SEO v26.0) - https:\/\/yoast.com\/wordpress\/plugins\/seo\/ -->\n<title>Canon C300 R\/S cable - CineSouk - Marrakech l Morocco- For rent<\/title>\n<meta name=\"description\" content=\"The Canon C300 R\/S Cable enables reliable start\/stop control through remote devices. Built for durability and quick setup, it ensures smooth operation for professional filmmakers.\" \/>\n<meta name=\"robots\" content=\"index, follow, max-snippet:-1, max-image-preview:large, max-video-preview:-1\" \/>\n<link rel=\"canonical\" href=\"https:\/\/www.cinesouk.ma\/fr\/produit\/canon-c300-r-s-cable\/\" \/>\n<meta property=\"og:locale\" content=\"fr_FR\" \/>\n<meta property=\"og:type\" content=\"article\" \/>\n<meta property=\"og:title\" content=\"Canon C300 R\/S cable\" \/>\n<meta property=\"og:description\" content=\"The Canon C300 R\/S Cable enables reliable start\/stop control through remote devices. Built for durability and quick setup, it ensures smooth operation for professional filmmakers.\" \/>\n<meta property=\"og:url\" content=\"https:\/\/www.cinesouk.ma\/fr\/produit\/canon-c300-r-s-cable\/\" \/>\n<meta property=\"og:site_name\" content=\"CineSouk\" \/>\n<meta property=\"article:modified_time\" content=\"2025-05-11T13:13:09+00:00\" \/>\n<meta property=\"og:image\" content=\"https:\/\/www.cinesouk.ma\/wp-content\/uploads\/2025\/04\/canon-c300-RS-cable.jpg\" \/>\n\t<meta property=\"og:image:width\" content=\"300\" \/>\n\t<meta property=\"og:image:height\" content=\"238\" \/>\n\t<meta property=\"og:image:type\" content=\"image\/jpeg\" \/>\n<meta name=\"twitter:card\" content=\"summary_large_image\" \/>\n<meta name=\"twitter:description\" content=\"The Canon C300 R\/S Cable enables reliable start\/stop control through remote devices. Built for durability and quick setup, it ensures smooth operation for professional filmmakers.\" \/>\n<meta name=\"twitter:image\" content=\"https:\/\/www.cinesouk.ma\/wp-content\/uploads\/2025\/04\/canon-c300-RS-cable.jpg\" \/>\n<meta name=\"twitter:label1\" content=\"Dur\u00e9e de lecture estim\u00e9e\" \/>\n\t<meta name=\"twitter:data1\" content=\"2 minutes\" \/>\n<script type=\"application\/ld+json\" class=\"yoast-schema-graph\">{\"@context\":\"https:\/\/schema.org\",\"@graph\":[{\"@type\":\"WebPage\",\"@id\":\"https:\/\/www.cinesouk.ma\/product\/canon-c300-r-s-cable\/\",\"url\":\"https:\/\/www.cinesouk.ma\/product\/canon-c300-r-s-cable\/\",\"name\":\"Canon C300 R\/S cable - CineSouk - Marrakech l Morocco- For rent\",\"isPartOf\":{\"@id\":\"https:\/\/www.cinesouk.ma\/#website\"},\"primaryImageOfPage\":{\"@id\":\"https:\/\/www.cinesouk.ma\/product\/canon-c300-r-s-cable\/#primaryimage\"},\"image\":{\"@id\":\"https:\/\/www.cinesouk.ma\/product\/canon-c300-r-s-cable\/#primaryimage\"},\"thumbnailUrl\":\"https:\/\/www.cinesouk.ma\/wp-content\/uploads\/2025\/04\/canon-c300-RS-cable.jpg\",\"datePublished\":\"2025-04-29T08:55:06+00:00\",\"dateModified\":\"2025-05-11T13:13:09+00:00\",\"description\":\"The Canon C300 R\/S Cable enables reliable start\/stop control through remote devices. Built for durability and quick setup, it ensures smooth operation for professional filmmakers.\",\"breadcrumb\":{\"@id\":\"https:\/\/www.cinesouk.ma\/product\/canon-c300-r-s-cable\/#breadcrumb\"},\"inLanguage\":\"fr-FR\",\"potentialAction\":[{\"@type\":\"ReadAction\",\"target\":[\"https:\/\/www.cinesouk.ma\/product\/canon-c300-r-s-cable\/\"]}]},{\"@type\":\"ImageObject\",\"inLanguage\":\"fr-FR\",\"@id\":\"https:\/\/www.cinesouk.ma\/product\/canon-c300-r-s-cable\/#primaryimage\",\"url\":\"https:\/\/www.cinesouk.ma\/wp-content\/uploads\/2025\/04\/canon-c300-RS-cable.jpg\",\"contentUrl\":\"https:\/\/www.cinesouk.ma\/wp-content\/uploads\/2025\/04\/canon-c300-RS-cable.jpg\",\"width\":300,\"height\":238,\"caption\":\"canon c300 R:S cable\"},{\"@type\":\"BreadcrumbList\",\"@id\":\"https:\/\/www.cinesouk.ma\/product\/canon-c300-r-s-cable\/#breadcrumb\",\"itemListElement\":[{\"@type\":\"ListItem\",\"position\":1,\"name\":\"Home\",\"item\":\"https:\/\/www.cinesouk.ma\/\"},{\"@type\":\"ListItem\",\"position\":2,\"name\":\"Shop\",\"item\":\"https:\/\/www.cinesouk.ma\/shop\/\"},{\"@type\":\"ListItem\",\"position\":3,\"name\":\"Canon C300 R\/S cable\"}]},{\"@type\":\"WebSite\",\"@id\":\"https:\/\/www.cinesouk.ma\/#website\",\"url\":\"https:\/\/www.cinesouk.ma\/\",\"name\":\"CineSouk\",\"description\":\"\",\"publisher\":{\"@id\":\"https:\/\/www.cinesouk.ma\/#organization\"},\"potentialAction\":[{\"@type\":\"SearchAction\",\"target\":{\"@type\":\"EntryPoint\",\"urlTemplate\":\"https:\/\/www.cinesouk.ma\/?s={search_term_string}\"},\"query-input\":{\"@type\":\"PropertyValueSpecification\",\"valueRequired\":true,\"valueName\":\"search_term_string\"}}],\"inLanguage\":\"fr-FR\"},{\"@type\":\"Organization\",\"@id\":\"https:\/\/www.cinesouk.ma\/#organization\",\"name\":\"CineSouk\",\"url\":\"https:\/\/www.cinesouk.ma\/\",\"logo\":{\"@type\":\"ImageObject\",\"inLanguage\":\"fr-FR\",\"@id\":\"https:\/\/www.cinesouk.ma\/#\/schema\/logo\/image\/\",\"url\":\"https:\/\/www.cinesouk.ma\/wp-content\/uploads\/2024\/01\/CineSouk-logo-v01-alpha-alligned-left.png\",\"contentUrl\":\"https:\/\/www.cinesouk.ma\/wp-content\/uploads\/2024\/01\/CineSouk-logo-v01-alpha-alligned-left.png\",\"width\":3204,\"height\":889,\"caption\":\"CineSouk\"},\"image\":{\"@id\":\"https:\/\/www.cinesouk.ma\/#\/schema\/logo\/image\/\"}}]}<\/script>\n<!-- \/ Yoast SEO Premium plugin. -->","yoast_head_json":{"title":"Canon C300 R\/S cable - CineSouk - Marrakech l Morocco- For rent","description":"The Canon C300 R\/S Cable enables reliable start\/stop control through remote devices. Built for durability and quick setup, it ensures smooth operation for professional filmmakers.","robots":{"index":"index","follow":"follow","max-snippet":"max-snippet:-1","max-image-preview":"max-image-preview:large","max-video-preview":"max-video-preview:-1"},"canonical":"https:\/\/www.cinesouk.ma\/fr\/produit\/canon-c300-r-s-cable\/","og_locale":"fr_FR","og_type":"article","og_title":"Canon C300 R\/S cable","og_description":"The Canon C300 R\/S Cable enables reliable start\/stop control through remote devices. Built for durability and quick setup, it ensures smooth operation for professional filmmakers.","og_url":"https:\/\/www.cinesouk.ma\/fr\/produit\/canon-c300-r-s-cable\/","og_site_name":"CineSouk","article_modified_time":"2025-05-11T13:13:09+00:00","og_image":[{"width":300,"height":238,"url":"https:\/\/www.cinesouk.ma\/wp-content\/uploads\/2025\/04\/canon-c300-RS-cable.jpg","type":"image\/jpeg"}],"twitter_card":"summary_large_image","twitter_description":"The Canon C300 R\/S Cable enables reliable start\/stop control through remote devices. Built for durability and quick setup, it ensures smooth operation for professional filmmakers.","twitter_image":"https:\/\/www.cinesouk.ma\/wp-content\/uploads\/2025\/04\/canon-c300-RS-cable.jpg","twitter_misc":{"Dur\u00e9e de lecture estim\u00e9e":"2 minutes"},"schema":{"@context":"https:\/\/schema.org","@graph":[{"@type":"WebPage","@id":"https:\/\/www.cinesouk.ma\/product\/canon-c300-r-s-cable\/","url":"https:\/\/www.cinesouk.ma\/product\/canon-c300-r-s-cable\/","name":"Canon C300 R\/S cable - CineSouk - Marrakech l Morocco- For rent","isPartOf":{"@id":"https:\/\/www.cinesouk.ma\/#website"},"primaryImageOfPage":{"@id":"https:\/\/www.cinesouk.ma\/product\/canon-c300-r-s-cable\/#primaryimage"},"image":{"@id":"https:\/\/www.cinesouk.ma\/product\/canon-c300-r-s-cable\/#primaryimage"},"thumbnailUrl":"https:\/\/www.cinesouk.ma\/wp-content\/uploads\/2025\/04\/canon-c300-RS-cable.jpg","datePublished":"2025-04-29T08:55:06+00:00","dateModified":"2025-05-11T13:13:09+00:00","description":"The Canon C300 R\/S Cable enables reliable start\/stop control through remote devices. Built for durability and quick setup, it ensures smooth operation for professional filmmakers.","breadcrumb":{"@id":"https:\/\/www.cinesouk.ma\/product\/canon-c300-r-s-cable\/#breadcrumb"},"inLanguage":"fr-FR","potentialAction":[{"@type":"ReadAction","target":["https:\/\/www.cinesouk.ma\/product\/canon-c300-r-s-cable\/"]}]},{"@type":"ImageObject","inLanguage":"fr-FR","@id":"https:\/\/www.cinesouk.ma\/product\/canon-c300-r-s-cable\/#primaryimage","url":"https:\/\/www.cinesouk.ma\/wp-content\/uploads\/2025\/04\/canon-c300-RS-cable.jpg","contentUrl":"https:\/\/www.cinesouk.ma\/wp-content\/uploads\/2025\/04\/canon-c300-RS-cable.jpg","width":300,"height":238,"caption":"canon c300 R:S cable"},{"@type":"BreadcrumbList","@id":"https:\/\/www.cinesouk.ma\/product\/canon-c300-r-s-cable\/#breadcrumb","itemListElement":[{"@type":"ListItem","position":1,"name":"Home","item":"https:\/\/www.cinesouk.ma\/"},{"@type":"ListItem","position":2,"name":"Shop","item":"https:\/\/www.cinesouk.ma\/shop\/"},{"@type":"ListItem","position":3,"name":"Canon C300 R\/S cable"}]},{"@type":"WebSite","@id":"https:\/\/www.cinesouk.ma\/#website","url":"https:\/\/www.cinesouk.ma\/","name":"CineSouk","description":"","publisher":{"@id":"https:\/\/www.cinesouk.ma\/#organization"},"potentialAction":[{"@type":"SearchAction","target":{"@type":"EntryPoint","urlTemplate":"https:\/\/www.cinesouk.ma\/?s={search_term_string}"},"query-input":{"@type":"PropertyValueSpecification","valueRequired":true,"valueName":"search_term_string"}}],"inLanguage":"fr-FR"},{"@type":"Organization","@id":"https:\/\/www.cinesouk.ma\/#organization","name":"CineSouk","url":"https:\/\/www.cinesouk.ma\/","logo":{"@type":"ImageObject","inLanguage":"fr-FR","@id":"https:\/\/www.cinesouk.ma\/#\/schema\/logo\/image\/","url":"https:\/\/www.cinesouk.ma\/wp-content\/uploads\/2024\/01\/CineSouk-logo-v01-alpha-alligned-left.png","contentUrl":"https:\/\/www.cinesouk.ma\/wp-content\/uploads\/2024\/01\/CineSouk-logo-v01-alpha-alligned-left.png","width":3204,"height":889,"caption":"CineSouk"},"image":{"@id":"https:\/\/www.cinesouk.ma\/#\/schema\/logo\/image\/"}}]}},"_links":{"self":[{"href":"https:\/\/www.cinesouk.ma\/fr\/wp-json\/wp\/v2\/product\/12773","targetHints":{"allow":["GET"]}}],"collection":[{"href":"https:\/\/www.cinesouk.ma\/fr\/wp-json\/wp\/v2\/product"}],"about":[{"href":"https:\/\/www.cinesouk.ma\/fr\/wp-json\/wp\/v2\/types\/product"}],"wp:featuredmedia":[{"embeddable":true,"href":"https:\/\/www.cinesouk.ma\/fr\/wp-json\/wp\/v2\/media\/12784"}],"wp:attachment":[{"href":"https:\/\/www.cinesouk.ma\/fr\/wp-json\/wp\/v2\/media?parent=12773"}],"wp:term":[{"taxonomy":"product_brand","embeddable":true,"href":"https:\/\/www.cinesouk.ma\/fr\/wp-json\/wp\/v2\/product_brand?post=12773"},{"taxonomy":"product_cat","embeddable":true,"href":"https:\/\/www.cinesouk.ma\/fr\/wp-json\/wp\/v2\/product_cat?post=12773"},{"taxonomy":"product_tag","embeddable":true,"href":"https:\/\/www.cinesouk.ma\/fr\/wp-json\/wp\/v2\/product_tag?post=12773"}],"curies":[{"name":"wp","href":"https:\/\/api.w.org\/{rel}","templated":true}]}}