{"id":1278,"date":"2025-02-08T15:16:28","date_gmt":"2025-02-08T15:16:28","guid":{"rendered":"https:\/\/www.cinesouk.ma\/?post_type=product&#038;p=1278"},"modified":"2026-02-05T15:38:25","modified_gmt":"2026-02-05T15:38:25","slug":"avenger-i1010-meat-axe-flag-75-x-90-cm","status":"publish","type":"product","link":"https:\/\/www.cinesouk.ma\/fr\/produit\/avenger-i1010-meat-axe-flag-75-x-90-cm\/","title":{"rendered":"Drapeau Avenger I1010 Meat Axe 30\u00d736\u2033 - (75\u00d790 cm)"},"content":{"rendered":"<p>Le drapeau Avenger I1010 Meat Axe Flag 75x90cm utilise des tissus Cordial Command de haute qualit\u00e9, qui bloquent compl\u00e8tement la lumi\u00e8re. Cet outil permet de contr\u00f4ler efficacement les sources de lumi\u00e8re naturelle et artificielle, ce qui le rend indispensable pour les photographes et les vid\u00e9astes.<\/p>\n<p>Vous pouvez \u00e9galement utiliser le drapeau Meat Axe pour prot\u00e9ger les objectifs des cam\u00e9ras contre les reflets ind\u00e9sirables, afin de garantir des prises de vue claires et contr\u00f4l\u00e9es. Sa construction en tissu durable garantit des performances fiables en studio et sur le terrain.<\/p>\n<p>Qu'il s'agisse de g\u00e9rer une lumi\u00e8re solaire intense ou de fa\u00e7onner un \u00e9clairage artificiel, le drapeau Avenger I1010 Meat Axe Flag vous permet de contr\u00f4ler la lumi\u00e8re avec pr\u00e9cision tout en prot\u00e9geant votre \u00e9quipement.<\/p>\n<p>Louez-le maintenant sur <a href=\"https:\/\/www.cinesouk.ma\/fr\">CINESOUK<\/a> - une marque de <a href=\"https:\/\/www.broadway.ma\/\">BROADWAY PRODUCTIONS SARL.<\/a><\/p>","protected":false},"excerpt":{"rendered":"<p>Sp\u00e9cifications<\/p>\n<p>Taille : 75 x 90 cm<\/p>","protected":false},"featured_media":1307,"template":"","meta":{"om_disable_all_campaigns":false,"_monsterinsights_skip_tracking":false,"_monsterinsights_sitenote_active":false,"_monsterinsights_sitenote_note":"","_monsterinsights_sitenote_category":0,"_uf_show_specific_survey":0,"_uf_disable_surveys":false},"product_brand":[],"product_cat":[38],"product_tag":[],"class_list":{"0":"post-1278","1":"product","2":"type-product","3":"status-publish","4":"has-post-thumbnail","6":"product_cat-grip-cinesouk","8":"entry","9":"has-media","11":"first","12":"instock","13":"taxable","14":"shipping-taxable","15":"purchasable","16":"product-type-variable","17":"has-product-nav","18":"col","19":"span_1_of_3","20":"owp-content-center","21":"owp-thumbs-layout-horizontal","22":"owp-btn-normal","23":"owp-tabs-layout-horizontal","24":"has-no-thumbnails"},"yoast_head":"<!-- This site is optimized with the Yoast SEO Premium plugin v26.0 (Yoast SEO v26.0) - https:\/\/yoast.com\/wordpress\/plugins\/seo\/ -->\n<title>Avenger I1010 Meat Axe - CineSouk - For rent<\/title>\n<meta name=\"description\" content=\"Avenger I1010 Meat Axe Flag 75x90cm is made of cordial command fabrics, cutters and floppies completely block light. - CineSouk\" \/>\n<meta name=\"robots\" content=\"index, follow, max-snippet:-1, max-image-preview:large, max-video-preview:-1\" \/>\n<link rel=\"canonical\" href=\"https:\/\/www.cinesouk.ma\/fr\/produit\/avenger-i1010-meat-axe-flag-75-x-90-cm\/\" \/>\n<meta property=\"og:locale\" content=\"fr_FR\" \/>\n<meta property=\"og:type\" content=\"article\" \/>\n<meta property=\"og:title\" content=\"Avenger I1010 Meat Axe Flag\" \/>\n<meta property=\"og:description\" content=\"Avenger I1010 Meat Axe Flag 75x90cm is made of cordial command fabrics, cutters and floppies completely block light. - CineSouk\" \/>\n<meta property=\"og:url\" content=\"https:\/\/www.cinesouk.ma\/fr\/produit\/avenger-i1010-meat-axe-flag-75-x-90-cm\/\" \/>\n<meta property=\"og:site_name\" content=\"CineSouk\" \/>\n<meta property=\"article:modified_time\" content=\"2026-02-05T15:38:25+00:00\" \/>\n<meta property=\"og:image\" content=\"https:\/\/www.cinesouk.ma\/wp-content\/uploads\/2024\/01\/Avenger-I1010-3022x3622-Meat-Axe-Flag.jpg\" \/>\n\t<meta property=\"og:image:width\" content=\"300\" \/>\n\t<meta property=\"og:image:height\" content=\"238\" \/>\n\t<meta property=\"og:image:type\" content=\"image\/jpeg\" \/>\n<meta name=\"twitter:card\" content=\"summary_large_image\" \/>\n<meta name=\"twitter:title\" content=\"Avenger I1010 Meat Axe Flag 30x36&quot; - (75x90 cm)\" \/>\n<meta name=\"twitter:description\" content=\"Avenger I1010 Meat Axe Flag 75x90cm is made of cordial command fabrics, cutters and floppies completely block light. - CineSouk\" \/>\n<meta name=\"twitter:label1\" content=\"Dur\u00e9e de lecture estim\u00e9e\" \/>\n\t<meta name=\"twitter:data1\" content=\"1 minute\" \/>\n<script type=\"application\/ld+json\" class=\"yoast-schema-graph\">{\"@context\":\"https:\/\/schema.org\",\"@graph\":[{\"@type\":\"WebPage\",\"@id\":\"https:\/\/www.cinesouk.ma\/product\/avenger-i1010-meat-axe-flag-75-x-90-cm\/\",\"url\":\"https:\/\/www.cinesouk.ma\/product\/avenger-i1010-meat-axe-flag-75-x-90-cm\/\",\"name\":\"Avenger I1010 Meat Axe - CineSouk - For rent\",\"isPartOf\":{\"@id\":\"https:\/\/www.cinesouk.ma\/#website\"},\"primaryImageOfPage\":{\"@id\":\"https:\/\/www.cinesouk.ma\/product\/avenger-i1010-meat-axe-flag-75-x-90-cm\/#primaryimage\"},\"image\":{\"@id\":\"https:\/\/www.cinesouk.ma\/product\/avenger-i1010-meat-axe-flag-75-x-90-cm\/#primaryimage\"},\"thumbnailUrl\":\"https:\/\/www.cinesouk.ma\/wp-content\/uploads\/2024\/01\/Avenger-I1010-3022x3622-Meat-Axe-Flag.jpg\",\"datePublished\":\"2025-02-08T15:16:28+00:00\",\"dateModified\":\"2026-02-05T15:38:25+00:00\",\"description\":\"Avenger I1010 Meat Axe Flag 75x90cm is made of cordial command fabrics, cutters and floppies completely block light. - CineSouk\",\"breadcrumb\":{\"@id\":\"https:\/\/www.cinesouk.ma\/product\/avenger-i1010-meat-axe-flag-75-x-90-cm\/#breadcrumb\"},\"inLanguage\":\"fr-FR\",\"potentialAction\":[{\"@type\":\"ReadAction\",\"target\":[\"https:\/\/www.cinesouk.ma\/product\/avenger-i1010-meat-axe-flag-75-x-90-cm\/\"]}]},{\"@type\":\"ImageObject\",\"inLanguage\":\"fr-FR\",\"@id\":\"https:\/\/www.cinesouk.ma\/product\/avenger-i1010-meat-axe-flag-75-x-90-cm\/#primaryimage\",\"url\":\"https:\/\/www.cinesouk.ma\/wp-content\/uploads\/2024\/01\/Avenger-I1010-3022x3622-Meat-Axe-Flag.jpg\",\"contentUrl\":\"https:\/\/www.cinesouk.ma\/wp-content\/uploads\/2024\/01\/Avenger-I1010-3022x3622-Meat-Axe-Flag.jpg\",\"width\":300,\"height\":238,\"caption\":\"Avenger I1010 Meat Axe Flag\"},{\"@type\":\"BreadcrumbList\",\"@id\":\"https:\/\/www.cinesouk.ma\/product\/avenger-i1010-meat-axe-flag-75-x-90-cm\/#breadcrumb\",\"itemListElement\":[{\"@type\":\"ListItem\",\"position\":1,\"name\":\"Home\",\"item\":\"https:\/\/www.cinesouk.ma\/\"},{\"@type\":\"ListItem\",\"position\":2,\"name\":\"Shop\",\"item\":\"https:\/\/www.cinesouk.ma\/shop\/\"},{\"@type\":\"ListItem\",\"position\":3,\"name\":\"Avenger I1010 Meat Axe Flag 30&#215;36&#8243; &#8211; (75&#215;90 cm)\"}]},{\"@type\":\"WebSite\",\"@id\":\"https:\/\/www.cinesouk.ma\/#website\",\"url\":\"https:\/\/www.cinesouk.ma\/\",\"name\":\"CineSouk\",\"description\":\"\",\"publisher\":{\"@id\":\"https:\/\/www.cinesouk.ma\/#organization\"},\"potentialAction\":[{\"@type\":\"SearchAction\",\"target\":{\"@type\":\"EntryPoint\",\"urlTemplate\":\"https:\/\/www.cinesouk.ma\/?s={search_term_string}\"},\"query-input\":{\"@type\":\"PropertyValueSpecification\",\"valueRequired\":true,\"valueName\":\"search_term_string\"}}],\"inLanguage\":\"fr-FR\"},{\"@type\":\"Organization\",\"@id\":\"https:\/\/www.cinesouk.ma\/#organization\",\"name\":\"CineSouk\",\"url\":\"https:\/\/www.cinesouk.ma\/\",\"logo\":{\"@type\":\"ImageObject\",\"inLanguage\":\"fr-FR\",\"@id\":\"https:\/\/www.cinesouk.ma\/#\/schema\/logo\/image\/\",\"url\":\"https:\/\/www.cinesouk.ma\/wp-content\/uploads\/2024\/01\/CineSouk-logo-v01-alpha-alligned-left.png\",\"contentUrl\":\"https:\/\/www.cinesouk.ma\/wp-content\/uploads\/2024\/01\/CineSouk-logo-v01-alpha-alligned-left.png\",\"width\":3204,\"height\":889,\"caption\":\"CineSouk\"},\"image\":{\"@id\":\"https:\/\/www.cinesouk.ma\/#\/schema\/logo\/image\/\"}}]}<\/script>\n<!-- \/ Yoast SEO Premium plugin. -->","yoast_head_json":{"title":"Avenger I1010 Meat Axe - CineSouk - For rent","description":"Avenger I1010 Meat Axe Flag 75x90cm is made of cordial command fabrics, cutters and floppies completely block light. - CineSouk","robots":{"index":"index","follow":"follow","max-snippet":"max-snippet:-1","max-image-preview":"max-image-preview:large","max-video-preview":"max-video-preview:-1"},"canonical":"https:\/\/www.cinesouk.ma\/fr\/produit\/avenger-i1010-meat-axe-flag-75-x-90-cm\/","og_locale":"fr_FR","og_type":"article","og_title":"Avenger I1010 Meat Axe Flag","og_description":"Avenger I1010 Meat Axe Flag 75x90cm is made of cordial command fabrics, cutters and floppies completely block light. - CineSouk","og_url":"https:\/\/www.cinesouk.ma\/fr\/produit\/avenger-i1010-meat-axe-flag-75-x-90-cm\/","og_site_name":"CineSouk","article_modified_time":"2026-02-05T15:38:25+00:00","og_image":[{"width":300,"height":238,"url":"https:\/\/www.cinesouk.ma\/wp-content\/uploads\/2024\/01\/Avenger-I1010-3022x3622-Meat-Axe-Flag.jpg","type":"image\/jpeg"}],"twitter_card":"summary_large_image","twitter_title":"Avenger I1010 Meat Axe Flag 30x36\" - (75x90 cm)","twitter_description":"Avenger I1010 Meat Axe Flag 75x90cm is made of cordial command fabrics, cutters and floppies completely block light. - CineSouk","twitter_misc":{"Dur\u00e9e de lecture estim\u00e9e":"1 minute"},"schema":{"@context":"https:\/\/schema.org","@graph":[{"@type":"WebPage","@id":"https:\/\/www.cinesouk.ma\/product\/avenger-i1010-meat-axe-flag-75-x-90-cm\/","url":"https:\/\/www.cinesouk.ma\/product\/avenger-i1010-meat-axe-flag-75-x-90-cm\/","name":"Avenger I1010 Meat Axe - CineSouk - For rent","isPartOf":{"@id":"https:\/\/www.cinesouk.ma\/#website"},"primaryImageOfPage":{"@id":"https:\/\/www.cinesouk.ma\/product\/avenger-i1010-meat-axe-flag-75-x-90-cm\/#primaryimage"},"image":{"@id":"https:\/\/www.cinesouk.ma\/product\/avenger-i1010-meat-axe-flag-75-x-90-cm\/#primaryimage"},"thumbnailUrl":"https:\/\/www.cinesouk.ma\/wp-content\/uploads\/2024\/01\/Avenger-I1010-3022x3622-Meat-Axe-Flag.jpg","datePublished":"2025-02-08T15:16:28+00:00","dateModified":"2026-02-05T15:38:25+00:00","description":"Avenger I1010 Meat Axe Flag 75x90cm is made of cordial command fabrics, cutters and floppies completely block light. - CineSouk","breadcrumb":{"@id":"https:\/\/www.cinesouk.ma\/product\/avenger-i1010-meat-axe-flag-75-x-90-cm\/#breadcrumb"},"inLanguage":"fr-FR","potentialAction":[{"@type":"ReadAction","target":["https:\/\/www.cinesouk.ma\/product\/avenger-i1010-meat-axe-flag-75-x-90-cm\/"]}]},{"@type":"ImageObject","inLanguage":"fr-FR","@id":"https:\/\/www.cinesouk.ma\/product\/avenger-i1010-meat-axe-flag-75-x-90-cm\/#primaryimage","url":"https:\/\/www.cinesouk.ma\/wp-content\/uploads\/2024\/01\/Avenger-I1010-3022x3622-Meat-Axe-Flag.jpg","contentUrl":"https:\/\/www.cinesouk.ma\/wp-content\/uploads\/2024\/01\/Avenger-I1010-3022x3622-Meat-Axe-Flag.jpg","width":300,"height":238,"caption":"Avenger I1010 Meat Axe Flag"},{"@type":"BreadcrumbList","@id":"https:\/\/www.cinesouk.ma\/product\/avenger-i1010-meat-axe-flag-75-x-90-cm\/#breadcrumb","itemListElement":[{"@type":"ListItem","position":1,"name":"Home","item":"https:\/\/www.cinesouk.ma\/"},{"@type":"ListItem","position":2,"name":"Shop","item":"https:\/\/www.cinesouk.ma\/shop\/"},{"@type":"ListItem","position":3,"name":"Avenger I1010 Meat Axe Flag 30&#215;36&#8243; &#8211; (75&#215;90 cm)"}]},{"@type":"WebSite","@id":"https:\/\/www.cinesouk.ma\/#website","url":"https:\/\/www.cinesouk.ma\/","name":"CineSouk","description":"","publisher":{"@id":"https:\/\/www.cinesouk.ma\/#organization"},"potentialAction":[{"@type":"SearchAction","target":{"@type":"EntryPoint","urlTemplate":"https:\/\/www.cinesouk.ma\/?s={search_term_string}"},"query-input":{"@type":"PropertyValueSpecification","valueRequired":true,"valueName":"search_term_string"}}],"inLanguage":"fr-FR"},{"@type":"Organization","@id":"https:\/\/www.cinesouk.ma\/#organization","name":"CineSouk","url":"https:\/\/www.cinesouk.ma\/","logo":{"@type":"ImageObject","inLanguage":"fr-FR","@id":"https:\/\/www.cinesouk.ma\/#\/schema\/logo\/image\/","url":"https:\/\/www.cinesouk.ma\/wp-content\/uploads\/2024\/01\/CineSouk-logo-v01-alpha-alligned-left.png","contentUrl":"https:\/\/www.cinesouk.ma\/wp-content\/uploads\/2024\/01\/CineSouk-logo-v01-alpha-alligned-left.png","width":3204,"height":889,"caption":"CineSouk"},"image":{"@id":"https:\/\/www.cinesouk.ma\/#\/schema\/logo\/image\/"}}]}},"_links":{"self":[{"href":"https:\/\/www.cinesouk.ma\/fr\/wp-json\/wp\/v2\/product\/1278","targetHints":{"allow":["GET"]}}],"collection":[{"href":"https:\/\/www.cinesouk.ma\/fr\/wp-json\/wp\/v2\/product"}],"about":[{"href":"https:\/\/www.cinesouk.ma\/fr\/wp-json\/wp\/v2\/types\/product"}],"wp:featuredmedia":[{"embeddable":true,"href":"https:\/\/www.cinesouk.ma\/fr\/wp-json\/wp\/v2\/media\/1307"}],"wp:attachment":[{"href":"https:\/\/www.cinesouk.ma\/fr\/wp-json\/wp\/v2\/media?parent=1278"}],"wp:term":[{"taxonomy":"product_brand","embeddable":true,"href":"https:\/\/www.cinesouk.ma\/fr\/wp-json\/wp\/v2\/product_brand?post=1278"},{"taxonomy":"product_cat","embeddable":true,"href":"https:\/\/www.cinesouk.ma\/fr\/wp-json\/wp\/v2\/product_cat?post=1278"},{"taxonomy":"product_tag","embeddable":true,"href":"https:\/\/www.cinesouk.ma\/fr\/wp-json\/wp\/v2\/product_tag?post=1278"}],"curies":[{"name":"wp","href":"https:\/\/api.w.org\/{rel}","templated":true}]}}