{"id":12785,"date":"2024-04-30T08:48:13","date_gmt":"2024-04-30T08:48:13","guid":{"rendered":"https:\/\/www.cinesouk.ma\/?post_type=product&#038;p=12785"},"modified":"2025-08-19T10:44:41","modified_gmt":"2025-08-19T10:44:41","slug":"smallrig-4183-cage-for-sony-fx30-fx3","status":"publish","type":"product","link":"https:\/\/www.cinesouk.ma\/fr\/produit\/smallrig-4183-cage-for-sony-fx30-fx3\/","title":{"rendered":"SmallRig 4183 Cage pour Sony FX30 \/ FX3"},"content":{"rendered":"<p class=\"\" data-start=\"161\" data-end=\"524\">La cage SmallRig 4183 pour Sony FX30 \/ FX3 est un accessoire essentiel pour les cin\u00e9astes qui ont besoin d'une solution de rigging robuste, l\u00e9g\u00e8re et fonctionnelle. Con\u00e7ue sp\u00e9cifiquement pour les cam\u00e9ras Sony FX30 et FX3, cette cage compl\u00e8te offre une protection solide et \u00e9largit vos options de montage sur le plateau. Elle rend les installations professionnelles plus rapides, plus s\u00fbres et plus polyvalentes.<\/p>\n<h3 data-start=\"526\" data-end=\"543\"><strong data-start=\"526\" data-end=\"543\">Caract\u00e9ristiques principales :<\/strong><\/h3>\n<p class=\"\" data-start=\"545\" data-end=\"714\"><strong data-start=\"545\" data-end=\"562\">Coupe ajust\u00e9e :<\/strong> Con\u00e7ue pour s'adapter au facteur de forme des Sony FX30 et FX3, la cage se verrouille fermement en place \u00e0 l'aide d'une vis 1\/4\u2033-20 et de goupilles de positionnement afin d'\u00e9viter toute torsion.<\/p>\n<p class=\"\" data-start=\"716\" data-end=\"970\"><strong data-start=\"716\" data-end=\"745\">Points de montage multiples :<\/strong> Il est dot\u00e9 d'une large gamme de trous filet\u00e9s 1\/4\u2033-20 et 3\/8\u2033-16, de points de positionnement ARRI, de rails OTAN et d'une fixation \u00e0 froid, ce qui vous offre des options illimit\u00e9es pour fixer des moniteurs, des poign\u00e9es, des bras, des microphones ou des \u00e9metteurs sans fil.<\/p>\n<p class=\"\" data-start=\"972\" data-end=\"1132\"><strong data-start=\"972\" data-end=\"988\">Acc\u00e8s complet :<\/strong> La cage laisse l'acc\u00e8s libre \u00e0 tous les boutons, ports, au compartiment de la batterie et aux fentes pour cartes, de sorte que vous ne perdez aucune fonctionnalit\u00e9 pendant la prise de vue.<\/p>\n<p class=\"\" data-start=\"1134\" data-end=\"1264\"><strong data-start=\"1134\" data-end=\"1152\">Construction durable :<\/strong> Fabriqu\u00e9e en alliage d'aluminium l\u00e9ger mais robuste, la cage prot\u00e8ge votre appareil photo sans l'encombrer inutilement.<\/p>\n<p class=\"\" data-start=\"1266\" data-end=\"1430\"><strong data-start=\"1266\" data-end=\"1292\">Compatibilit\u00e9 modulaire :<\/strong> Il prend en charge les poign\u00e9es sup\u00e9rieures, les poign\u00e9es lat\u00e9rales, les adaptateurs d'objectif et les fixations de c\u00e2ble HDMI, ce qui le rend id\u00e9al pour les installations \u00e0 main lev\u00e9e ou mont\u00e9es sur tr\u00e9pied.<\/p>\n<h3 data-start=\"1432\" data-end=\"1451\"><strong data-start=\"1432\" data-end=\"1451\">Sp\u00e9cifications :<\/strong><\/h3>\n<ul data-start=\"1453\" data-end=\"1697\">\n<li class=\"\" data-start=\"1453\" data-end=\"1483\">\n<p class=\"\" data-start=\"1455\" data-end=\"1483\"><strong data-start=\"1455\" data-end=\"1468\">Mat\u00e9riau :<\/strong> Alliage d'aluminium<\/p>\n<\/li>\n<li class=\"\" data-start=\"1484\" data-end=\"1565\">\n<p class=\"\" data-start=\"1486\" data-end=\"1565\"><strong data-start=\"1486\" data-end=\"1506\">Points de montage :<\/strong> 1\/4\u2033-20, 3\/8\u2033-16, fixations de type ARRI, rails OTAN, griffe froide<\/p>\n<\/li>\n<li class=\"\" data-start=\"1566\" data-end=\"1611\">\n<p class=\"\" data-start=\"1568\" data-end=\"1611\"><strong data-start=\"1568\" data-end=\"1593\">Compatibilit\u00e9 avec les appareils photo :<\/strong> Sony FX30 et FX3<\/p>\n<\/li>\n<li class=\"\" data-start=\"1612\" data-end=\"1638\">\n<p class=\"\" data-start=\"1614\" data-end=\"1638\"><strong data-start=\"1614\" data-end=\"1625\">Poids :<\/strong> Environ 205 g<\/p>\n<\/li>\n<li class=\"\" data-start=\"1639\" data-end=\"1697\">\n<p class=\"\" data-start=\"1641\" data-end=\"1697\"><strong data-start=\"1641\" data-end=\"1656\">Dimensions :<\/strong> Conception adapt\u00e9e \u00e0 la forme pour une utilisation sans entrave<\/p>\n<\/li>\n<\/ul>\n<p class=\"\" data-start=\"1699\" data-end=\"1942\">En conclusion, la cage SmallRig 4183 offre aux utilisateurs de Sony FX30 et FX3 une base s\u00fbre et flexible pour construire des rigs de cam\u00e9ra professionnels. Que vous travailliez \u00e0 main lev\u00e9e ou sur un rig, cette cage est con\u00e7ue pour soutenir votre cr\u00e9ativit\u00e9 et prot\u00e9ger votre mat\u00e9riel.<\/p>\n<p class=\"\" data-start=\"0\" data-end=\"126\">Louez-le maintenant sur <a href=\"https:\/\/www.cinesouk.ma\/fr\">CINESOUK<\/a> - une marque de <a href=\"https:\/\/www.broadway.ma\/\">BROADWAY PRODUCTIONS SARL.<\/a><\/p>","protected":false},"excerpt":{"rendered":"<p><strong>Sp\u00e9cifications :<\/strong><\/p>\n<ul>\n<li class=\"\" data-start=\"1453\" data-end=\"1483\">\n<p class=\"\" data-start=\"1455\" data-end=\"1483\"><strong data-start=\"1455\" data-end=\"1468\">Mat\u00e9riau :<\/strong> Alliage d'aluminium<\/p>\n<\/li>\n<li class=\"\" data-start=\"1484\" data-end=\"1565\">\n<p class=\"\" data-start=\"1486\" data-end=\"1565\"><strong data-start=\"1486\" data-end=\"1506\">Points de montage :<\/strong> 1\/4\u2033-20, 3\/8\u2033-16, fixations de type ARRI, rails OTAN, griffe froide<\/p>\n<\/li>\n<li class=\"\" data-start=\"1566\" data-end=\"1611\">\n<p class=\"\" data-start=\"1568\" data-end=\"1611\"><strong data-start=\"1568\" data-end=\"1593\">Compatibilit\u00e9 avec les appareils photo :<\/strong> Sony FX30 et FX3<\/p>\n<\/li>\n<li class=\"\" data-start=\"1612\" data-end=\"1638\">\n<p class=\"\" data-start=\"1614\" data-end=\"1638\"><strong data-start=\"1614\" data-end=\"1625\">Poids :<\/strong> Environ 205 g<\/p>\n<\/li>\n<li class=\"\" data-start=\"1639\" data-end=\"1697\">\n<p class=\"\" data-start=\"1641\" data-end=\"1697\"><strong data-start=\"1641\" data-end=\"1656\">Dimensions :<\/strong> Conception adapt\u00e9e \u00e0 la forme pour une utilisation sans entrave<\/p>\n<\/li>\n<\/ul>","protected":false},"featured_media":12796,"template":"","meta":{"om_disable_all_campaigns":false,"_monsterinsights_skip_tracking":false,"_monsterinsights_sitenote_active":false,"_monsterinsights_sitenote_note":"","_monsterinsights_sitenote_category":0,"_uf_show_specific_survey":0,"_uf_disable_surveys":false},"product_brand":[],"product_cat":[37,38],"product_tag":[],"class_list":{"0":"post-12785","1":"product","2":"type-product","3":"status-publish","4":"has-post-thumbnail","6":"product_cat-accessories-cinesouk","7":"product_cat-grip-cinesouk","9":"entry","10":"has-media","12":"first","13":"instock","14":"taxable","15":"shipping-taxable","16":"purchasable","17":"product-type-variable","18":"has-product-nav","19":"col","20":"span_1_of_3","21":"owp-content-center","22":"owp-thumbs-layout-horizontal","23":"owp-btn-normal","24":"owp-tabs-layout-horizontal","25":"has-no-thumbnails"},"yoast_head":"<!-- This site is optimized with the Yoast SEO Premium plugin v26.0 (Yoast SEO v26.0) - https:\/\/yoast.com\/wordpress\/plugins\/seo\/ -->\n<title>SmallRig 4183 Cage for Sony FX30 \/ FX3 - Marrakech | Morocco - CineSouk<\/title>\n<meta name=\"description\" content=\"The SmallRig 4183 Cage for Sony FX30 \/ FX3 offers secure protection and multiple mounting points for pro accessories. Lightweight, durable, and made for flexible rigging.\" \/>\n<meta name=\"robots\" content=\"index, follow, max-snippet:-1, max-image-preview:large, max-video-preview:-1\" \/>\n<link rel=\"canonical\" href=\"https:\/\/www.cinesouk.ma\/fr\/produit\/smallrig-4183-cage-for-sony-fx30-fx3\/\" \/>\n<meta property=\"og:locale\" content=\"fr_FR\" \/>\n<meta property=\"og:type\" content=\"article\" \/>\n<meta property=\"og:title\" content=\"SmallRig 4183 Cage for Sony FX30 \/ FX3\" \/>\n<meta property=\"og:description\" content=\"The SmallRig 4183 Cage for Sony FX30 \/ FX3 offers secure protection and multiple mounting points for pro accessories. Lightweight, durable, and made for flexible rigging.\" \/>\n<meta property=\"og:url\" content=\"https:\/\/www.cinesouk.ma\/fr\/produit\/smallrig-4183-cage-for-sony-fx30-fx3\/\" \/>\n<meta property=\"og:site_name\" content=\"CineSouk\" \/>\n<meta property=\"article:modified_time\" content=\"2025-08-19T10:44:41+00:00\" \/>\n<meta property=\"og:image\" content=\"https:\/\/www.cinesouk.ma\/wp-content\/uploads\/2025\/04\/DZOFilm-Octopus-Adapter-PL-lens-to-Canon-RF-mount-for-Red-Komodo-Canon-cameras.jpg\" \/>\n\t<meta property=\"og:image:width\" content=\"300\" \/>\n\t<meta property=\"og:image:height\" content=\"238\" \/>\n\t<meta property=\"og:image:type\" content=\"image\/jpeg\" \/>\n<meta name=\"twitter:card\" content=\"summary_large_image\" \/>\n<meta name=\"twitter:description\" content=\"The SmallRig 4183 Cage for Sony FX30 \/ FX3 offers secure protection and multiple mounting points for pro accessories. Lightweight, durable, and made for flexible rigging.\" \/>\n<meta name=\"twitter:label1\" content=\"Dur\u00e9e de lecture estim\u00e9e\" \/>\n\t<meta name=\"twitter:data1\" content=\"2 minutes\" \/>\n<script type=\"application\/ld+json\" class=\"yoast-schema-graph\">{\"@context\":\"https:\/\/schema.org\",\"@graph\":[{\"@type\":\"WebPage\",\"@id\":\"https:\/\/www.cinesouk.ma\/product\/smallrig-4183-cage-for-sony-fx30-fx3\/\",\"url\":\"https:\/\/www.cinesouk.ma\/product\/smallrig-4183-cage-for-sony-fx30-fx3\/\",\"name\":\"SmallRig 4183 Cage for Sony FX30 \/ FX3 - Marrakech | Morocco - CineSouk\",\"isPartOf\":{\"@id\":\"https:\/\/www.cinesouk.ma\/#website\"},\"primaryImageOfPage\":{\"@id\":\"https:\/\/www.cinesouk.ma\/product\/smallrig-4183-cage-for-sony-fx30-fx3\/#primaryimage\"},\"image\":{\"@id\":\"https:\/\/www.cinesouk.ma\/product\/smallrig-4183-cage-for-sony-fx30-fx3\/#primaryimage\"},\"thumbnailUrl\":\"https:\/\/www.cinesouk.ma\/wp-content\/uploads\/2025\/04\/Smallrig-4183-Cage-for-Sony-FX30-FX3.jpg\",\"datePublished\":\"2024-04-30T08:48:13+00:00\",\"dateModified\":\"2025-08-19T10:44:41+00:00\",\"description\":\"The SmallRig 4183 Cage for Sony FX30 \/ FX3 offers secure protection and multiple mounting points for pro accessories. Lightweight, durable, and made for flexible rigging.\",\"breadcrumb\":{\"@id\":\"https:\/\/www.cinesouk.ma\/product\/smallrig-4183-cage-for-sony-fx30-fx3\/#breadcrumb\"},\"inLanguage\":\"fr-FR\",\"potentialAction\":[{\"@type\":\"ReadAction\",\"target\":[\"https:\/\/www.cinesouk.ma\/product\/smallrig-4183-cage-for-sony-fx30-fx3\/\"]}]},{\"@type\":\"ImageObject\",\"inLanguage\":\"fr-FR\",\"@id\":\"https:\/\/www.cinesouk.ma\/product\/smallrig-4183-cage-for-sony-fx30-fx3\/#primaryimage\",\"url\":\"https:\/\/www.cinesouk.ma\/wp-content\/uploads\/2025\/04\/Smallrig-4183-Cage-for-Sony-FX30-FX3.jpg\",\"contentUrl\":\"https:\/\/www.cinesouk.ma\/wp-content\/uploads\/2025\/04\/Smallrig-4183-Cage-for-Sony-FX30-FX3.jpg\",\"width\":300,\"height\":238,\"caption\":\"Smallrig 4183 Cage for Sony FX30 : FX3\"},{\"@type\":\"BreadcrumbList\",\"@id\":\"https:\/\/www.cinesouk.ma\/product\/smallrig-4183-cage-for-sony-fx30-fx3\/#breadcrumb\",\"itemListElement\":[{\"@type\":\"ListItem\",\"position\":1,\"name\":\"Home\",\"item\":\"https:\/\/www.cinesouk.ma\/\"},{\"@type\":\"ListItem\",\"position\":2,\"name\":\"Shop\",\"item\":\"https:\/\/www.cinesouk.ma\/shop\/\"},{\"@type\":\"ListItem\",\"position\":3,\"name\":\"SmallRig 4183 Cage for Sony FX30 \/ FX3\"}]},{\"@type\":\"WebSite\",\"@id\":\"https:\/\/www.cinesouk.ma\/#website\",\"url\":\"https:\/\/www.cinesouk.ma\/\",\"name\":\"CineSouk\",\"description\":\"\",\"publisher\":{\"@id\":\"https:\/\/www.cinesouk.ma\/#organization\"},\"potentialAction\":[{\"@type\":\"SearchAction\",\"target\":{\"@type\":\"EntryPoint\",\"urlTemplate\":\"https:\/\/www.cinesouk.ma\/?s={search_term_string}\"},\"query-input\":{\"@type\":\"PropertyValueSpecification\",\"valueRequired\":true,\"valueName\":\"search_term_string\"}}],\"inLanguage\":\"fr-FR\"},{\"@type\":\"Organization\",\"@id\":\"https:\/\/www.cinesouk.ma\/#organization\",\"name\":\"CineSouk\",\"url\":\"https:\/\/www.cinesouk.ma\/\",\"logo\":{\"@type\":\"ImageObject\",\"inLanguage\":\"fr-FR\",\"@id\":\"https:\/\/www.cinesouk.ma\/#\/schema\/logo\/image\/\",\"url\":\"https:\/\/www.cinesouk.ma\/wp-content\/uploads\/2024\/01\/CineSouk-logo-v01-alpha-alligned-left.png\",\"contentUrl\":\"https:\/\/www.cinesouk.ma\/wp-content\/uploads\/2024\/01\/CineSouk-logo-v01-alpha-alligned-left.png\",\"width\":3204,\"height\":889,\"caption\":\"CineSouk\"},\"image\":{\"@id\":\"https:\/\/www.cinesouk.ma\/#\/schema\/logo\/image\/\"}}]}<\/script>\n<!-- \/ Yoast SEO Premium plugin. -->","yoast_head_json":{"title":"SmallRig 4183 Cage for Sony FX30 \/ FX3 - Marrakech | Morocco - CineSouk","description":"The SmallRig 4183 Cage for Sony FX30 \/ FX3 offers secure protection and multiple mounting points for pro accessories. Lightweight, durable, and made for flexible rigging.","robots":{"index":"index","follow":"follow","max-snippet":"max-snippet:-1","max-image-preview":"max-image-preview:large","max-video-preview":"max-video-preview:-1"},"canonical":"https:\/\/www.cinesouk.ma\/fr\/produit\/smallrig-4183-cage-for-sony-fx30-fx3\/","og_locale":"fr_FR","og_type":"article","og_title":"SmallRig 4183 Cage for Sony FX30 \/ FX3","og_description":"The SmallRig 4183 Cage for Sony FX30 \/ FX3 offers secure protection and multiple mounting points for pro accessories. Lightweight, durable, and made for flexible rigging.","og_url":"https:\/\/www.cinesouk.ma\/fr\/produit\/smallrig-4183-cage-for-sony-fx30-fx3\/","og_site_name":"CineSouk","article_modified_time":"2025-08-19T10:44:41+00:00","og_image":[{"width":300,"height":238,"url":"https:\/\/www.cinesouk.ma\/wp-content\/uploads\/2025\/04\/DZOFilm-Octopus-Adapter-PL-lens-to-Canon-RF-mount-for-Red-Komodo-Canon-cameras.jpg","type":"image\/jpeg"}],"twitter_card":"summary_large_image","twitter_description":"The SmallRig 4183 Cage for Sony FX30 \/ FX3 offers secure protection and multiple mounting points for pro accessories. Lightweight, durable, and made for flexible rigging.","twitter_misc":{"Dur\u00e9e de lecture estim\u00e9e":"2 minutes"},"schema":{"@context":"https:\/\/schema.org","@graph":[{"@type":"WebPage","@id":"https:\/\/www.cinesouk.ma\/product\/smallrig-4183-cage-for-sony-fx30-fx3\/","url":"https:\/\/www.cinesouk.ma\/product\/smallrig-4183-cage-for-sony-fx30-fx3\/","name":"SmallRig 4183 Cage for Sony FX30 \/ FX3 - Marrakech | Morocco - CineSouk","isPartOf":{"@id":"https:\/\/www.cinesouk.ma\/#website"},"primaryImageOfPage":{"@id":"https:\/\/www.cinesouk.ma\/product\/smallrig-4183-cage-for-sony-fx30-fx3\/#primaryimage"},"image":{"@id":"https:\/\/www.cinesouk.ma\/product\/smallrig-4183-cage-for-sony-fx30-fx3\/#primaryimage"},"thumbnailUrl":"https:\/\/www.cinesouk.ma\/wp-content\/uploads\/2025\/04\/Smallrig-4183-Cage-for-Sony-FX30-FX3.jpg","datePublished":"2024-04-30T08:48:13+00:00","dateModified":"2025-08-19T10:44:41+00:00","description":"The SmallRig 4183 Cage for Sony FX30 \/ FX3 offers secure protection and multiple mounting points for pro accessories. Lightweight, durable, and made for flexible rigging.","breadcrumb":{"@id":"https:\/\/www.cinesouk.ma\/product\/smallrig-4183-cage-for-sony-fx30-fx3\/#breadcrumb"},"inLanguage":"fr-FR","potentialAction":[{"@type":"ReadAction","target":["https:\/\/www.cinesouk.ma\/product\/smallrig-4183-cage-for-sony-fx30-fx3\/"]}]},{"@type":"ImageObject","inLanguage":"fr-FR","@id":"https:\/\/www.cinesouk.ma\/product\/smallrig-4183-cage-for-sony-fx30-fx3\/#primaryimage","url":"https:\/\/www.cinesouk.ma\/wp-content\/uploads\/2025\/04\/Smallrig-4183-Cage-for-Sony-FX30-FX3.jpg","contentUrl":"https:\/\/www.cinesouk.ma\/wp-content\/uploads\/2025\/04\/Smallrig-4183-Cage-for-Sony-FX30-FX3.jpg","width":300,"height":238,"caption":"Smallrig 4183 Cage for Sony FX30 : FX3"},{"@type":"BreadcrumbList","@id":"https:\/\/www.cinesouk.ma\/product\/smallrig-4183-cage-for-sony-fx30-fx3\/#breadcrumb","itemListElement":[{"@type":"ListItem","position":1,"name":"Home","item":"https:\/\/www.cinesouk.ma\/"},{"@type":"ListItem","position":2,"name":"Shop","item":"https:\/\/www.cinesouk.ma\/shop\/"},{"@type":"ListItem","position":3,"name":"SmallRig 4183 Cage for Sony FX30 \/ FX3"}]},{"@type":"WebSite","@id":"https:\/\/www.cinesouk.ma\/#website","url":"https:\/\/www.cinesouk.ma\/","name":"CineSouk","description":"","publisher":{"@id":"https:\/\/www.cinesouk.ma\/#organization"},"potentialAction":[{"@type":"SearchAction","target":{"@type":"EntryPoint","urlTemplate":"https:\/\/www.cinesouk.ma\/?s={search_term_string}"},"query-input":{"@type":"PropertyValueSpecification","valueRequired":true,"valueName":"search_term_string"}}],"inLanguage":"fr-FR"},{"@type":"Organization","@id":"https:\/\/www.cinesouk.ma\/#organization","name":"CineSouk","url":"https:\/\/www.cinesouk.ma\/","logo":{"@type":"ImageObject","inLanguage":"fr-FR","@id":"https:\/\/www.cinesouk.ma\/#\/schema\/logo\/image\/","url":"https:\/\/www.cinesouk.ma\/wp-content\/uploads\/2024\/01\/CineSouk-logo-v01-alpha-alligned-left.png","contentUrl":"https:\/\/www.cinesouk.ma\/wp-content\/uploads\/2024\/01\/CineSouk-logo-v01-alpha-alligned-left.png","width":3204,"height":889,"caption":"CineSouk"},"image":{"@id":"https:\/\/www.cinesouk.ma\/#\/schema\/logo\/image\/"}}]}},"_links":{"self":[{"href":"https:\/\/www.cinesouk.ma\/fr\/wp-json\/wp\/v2\/product\/12785","targetHints":{"allow":["GET"]}}],"collection":[{"href":"https:\/\/www.cinesouk.ma\/fr\/wp-json\/wp\/v2\/product"}],"about":[{"href":"https:\/\/www.cinesouk.ma\/fr\/wp-json\/wp\/v2\/types\/product"}],"wp:featuredmedia":[{"embeddable":true,"href":"https:\/\/www.cinesouk.ma\/fr\/wp-json\/wp\/v2\/media\/12796"}],"wp:attachment":[{"href":"https:\/\/www.cinesouk.ma\/fr\/wp-json\/wp\/v2\/media?parent=12785"}],"wp:term":[{"taxonomy":"product_brand","embeddable":true,"href":"https:\/\/www.cinesouk.ma\/fr\/wp-json\/wp\/v2\/product_brand?post=12785"},{"taxonomy":"product_cat","embeddable":true,"href":"https:\/\/www.cinesouk.ma\/fr\/wp-json\/wp\/v2\/product_cat?post=12785"},{"taxonomy":"product_tag","embeddable":true,"href":"https:\/\/www.cinesouk.ma\/fr\/wp-json\/wp\/v2\/product_tag?post=12785"}],"curies":[{"name":"wp","href":"https:\/\/api.w.org\/{rel}","templated":true}]}}