{"id":12809,"date":"2025-05-02T13:09:49","date_gmt":"2025-05-02T13:09:49","guid":{"rendered":"https:\/\/www.cinesouk.ma\/?post_type=product&#038;p=12809"},"modified":"2025-05-11T13:12:43","modified_gmt":"2025-05-11T13:12:43","slug":"audioroot-esmart-li-96neo","status":"publish","type":"product","link":"https:\/\/www.cinesouk.ma\/fr\/produit\/audioroot-esmart-li-96neo\/","title":{"rendered":"AUDIOROOT eSMART Li-96neo"},"content":{"rendered":"<p class=\"\" data-start=\"201\" data-end=\"611\">L'AUDIOROOT eSMART Li-96neo est une batterie lithium-ion intelligente de 14,4V, 96Wh, con\u00e7ue pour les installations audio et vid\u00e9o professionnelles. Con\u00e7ue pour alimenter les sacs de son et les enregistreurs portables, elle combine une haute densit\u00e9 d'\u00e9nergie avec un contr\u00f4le avanc\u00e9 de la batterie gr\u00e2ce \u00e0 un \u00e9cran OLED int\u00e9gr\u00e9. Que vous soyez sur place ou en studio, cette batterie compacte vous offre des mises \u00e0 jour pr\u00e9cises et en temps r\u00e9el de l'\u00e9tat de la batterie, ainsi qu'une autonomie fiable.<\/p>\n<h3 data-start=\"613\" data-end=\"630\"><strong data-start=\"613\" data-end=\"630\">Caract\u00e9ristiques principales :<\/strong><\/h3>\n<ul data-start=\"632\" data-end=\"1269\">\n<li class=\"\" data-start=\"632\" data-end=\"783\">\n<p class=\"\" data-start=\"634\" data-end=\"783\"><strong data-start=\"634\" data-end=\"655\">Surveillance intelligente :<\/strong> L'\u00e9cran OLED int\u00e9gr\u00e9 indique la tension de la batterie, la consommation de courant, le pourcentage de capacit\u00e9, l'autonomie restante, la temp\u00e9rature et le nombre de cycles.<\/p>\n<\/li>\n<li class=\"\" data-start=\"784\" data-end=\"899\">\n<p class=\"\" data-start=\"786\" data-end=\"899\"><strong data-start=\"786\" data-end=\"810\">Compatibilit\u00e9 SMBUS :<\/strong> Comprend une jauge de carburant Impedance Track\u2122 pour la communication avec les appareils compatibles SMBUS.<\/p>\n<\/li>\n<li class=\"\" data-start=\"900\" data-end=\"1005\">\n<p class=\"\" data-start=\"902\" data-end=\"1005\"><strong data-start=\"902\" data-end=\"928\">Compact et l\u00e9ger :<\/strong> Format mince et s\u00fbr pour les voyages, qui se glisse facilement dans les sacs de son ou les appareils photo.<\/p>\n<\/li>\n<li class=\"\" data-start=\"1006\" data-end=\"1139\">\n<p class=\"\" data-start=\"1008\" data-end=\"1139\"><strong data-start=\"1008\" data-end=\"1038\">Professionnel Puissance de sortie :<\/strong> Offre une sortie stable de 14,4V avec une capacit\u00e9 typique de 6700mAh et jusqu'\u00e0 11,75A de d\u00e9charge continue.<\/p>\n<\/li>\n<li class=\"\" data-start=\"1140\" data-end=\"1269\">\n<p class=\"\" data-start=\"1142\" data-end=\"1269\"><strong data-start=\"1142\" data-end=\"1167\">Des performances fiables :<\/strong> Con\u00e7u pour une utilisation fr\u00e9quente tout en conservant la pr\u00e9cision des rapports de puissance et de la r\u00e9gulation thermique.<\/p>\n<\/li>\n<\/ul>\n<h3 data-start=\"1271\" data-end=\"1290\"><strong data-start=\"1271\" data-end=\"1290\">Sp\u00e9cifications :<\/strong><\/h3>\n<ul data-start=\"1292\" data-end=\"1799\">\n<li class=\"\" data-start=\"1292\" data-end=\"1339\">\n<p class=\"\" data-start=\"1294\" data-end=\"1339\"><strong data-start=\"1294\" data-end=\"1311\">Type de batterie :<\/strong> Batterie intelligente au lithium-ion<\/p>\n<\/li>\n<li class=\"\" data-start=\"1340\" data-end=\"1370\">\n<p class=\"\" data-start=\"1342\" data-end=\"1370\"><strong data-start=\"1342\" data-end=\"1362\">Tension nominale :<\/strong> 14.4V<\/p>\n<\/li>\n<li class=\"\" data-start=\"1371\" data-end=\"1411\">\n<p class=\"\" data-start=\"1373\" data-end=\"1411\"><strong data-start=\"1373\" data-end=\"1394\">Capacit\u00e9 typique :<\/strong> 96Wh (6700mAh)<\/p>\n<\/li>\n<li class=\"\" data-start=\"1412\" data-end=\"1462\">\n<p class=\"\" data-start=\"1414\" data-end=\"1462\"><strong data-start=\"1414\" data-end=\"1442\">Courant de d\u00e9charge (max) :<\/strong> 11,75 A en continu<\/p>\n<\/li>\n<li class=\"\" data-start=\"1463\" data-end=\"1498\">\n<p class=\"\" data-start=\"1465\" data-end=\"1498\"><strong data-start=\"1465\" data-end=\"1490\">Courant de charge (max) :<\/strong> 5.75A<\/p>\n<\/li>\n<li class=\"\" data-start=\"1499\" data-end=\"1538\">\n<p class=\"\" data-start=\"1501\" data-end=\"1538\"><strong data-start=\"1501\" data-end=\"1523\">Tension de fonctionnement :<\/strong> 10V \u00e0 16,8V<\/p>\n<\/li>\n<li class=\"\" data-start=\"1539\" data-end=\"1567\">\n<p class=\"\" data-start=\"1541\" data-end=\"1567\"><strong data-start=\"1541\" data-end=\"1552\">Poids :<\/strong> Environ 450g<\/p>\n<\/li>\n<li class=\"\" data-start=\"1568\" data-end=\"1610\">\n<p class=\"\" data-start=\"1570\" data-end=\"1610\"><strong data-start=\"1570\" data-end=\"1585\">Dimensions :<\/strong> 150,4 x 77,2 x 22,6 mm<\/p>\n<\/li>\n<li class=\"\" data-start=\"1611\" data-end=\"1683\">\n<p class=\"\" data-start=\"1613\" data-end=\"1683\"><strong data-start=\"1613\" data-end=\"1639\">Temp\u00e9rature de fonctionnement :<\/strong> Chargement : 10-45\u00b0C \/ D\u00e9charge : -20-60\u00b0C<\/p>\n<\/li>\n<li class=\"\" data-start=\"1684\" data-end=\"1741\">\n<p class=\"\" data-start=\"1686\" data-end=\"1741\"><strong data-start=\"1686\" data-end=\"1701\">Dur\u00e9e du cycle :<\/strong> Maintient la capacit\u00e9 du 70% apr\u00e8s 500 cycles<\/p>\n<\/li>\n<li class=\"\" data-start=\"1742\" data-end=\"1799\">\n<p class=\"\" data-start=\"1744\" data-end=\"1799\"><strong data-start=\"1744\" data-end=\"1763\">Certifications :<\/strong> UN38.3, IEC 62133, FCC, RoHS, REACH<\/p>\n<\/li>\n<\/ul>\n<h3 data-start=\"1801\" data-end=\"1827\"><strong data-start=\"1801\" data-end=\"1827\">Affichages OLED :<\/strong><\/h3>\n<ul data-start=\"1829\" data-end=\"1999\">\n<li class=\"\" data-start=\"1829\" data-end=\"1855\">\n<p class=\"\" data-start=\"1831\" data-end=\"1855\">Capacit\u00e9 restante (%)<\/p>\n<\/li>\n<li class=\"\" data-start=\"1856\" data-end=\"1871\">\n<p class=\"\" data-start=\"1858\" data-end=\"1871\">Tension (V)<\/p>\n<\/li>\n<li class=\"\" data-start=\"1872\" data-end=\"1892\">\n<p class=\"\" data-start=\"1874\" data-end=\"1892\">Consommation de courant (A)<\/p>\n<\/li>\n<li class=\"\" data-start=\"1893\" data-end=\"1922\">\n<p class=\"\" data-start=\"1895\" data-end=\"1922\">Dur\u00e9e d'ex\u00e9cution restante (HH:MM)<\/p>\n<\/li>\n<li class=\"\" data-start=\"1923\" data-end=\"1951\">\n<p class=\"\" data-start=\"1925\" data-end=\"1951\">Temp\u00e9rature de la batterie (\u00b0C)<\/p>\n<\/li>\n<li class=\"\" data-start=\"1952\" data-end=\"1979\">\n<p class=\"\" data-start=\"1954\" data-end=\"1979\">\u00c9tat de charge\/d\u00e9charge<\/p>\n<\/li>\n<li class=\"\" data-start=\"1980\" data-end=\"1999\">\n<p class=\"\" data-start=\"1982\" data-end=\"1999\">Nombre total de cycles<\/p>\n<\/li>\n<\/ul>\n<p class=\"\" data-start=\"2001\" data-end=\"2182\">En conclusion, l'AUDIOROOT eSMART Li-96neo est une batterie avanc\u00e9e et test\u00e9e sur le terrain pour les professionnels de la sonorisation qui exigent pr\u00e9cision, portabilit\u00e9 et gestion fiable de l'\u00e9nergie.<\/p>\n<p class=\"\" data-start=\"139\" data-end=\"393\">Louez-le maintenant sur <a href=\"https:\/\/www.cinesouk.ma\/fr\">CINESOUK<\/a> - une marque de <a href=\"https:\/\/www.broadway.ma\/\">BROADWAY PRODUCTIONS SARL.<\/a><\/p>","protected":false},"excerpt":{"rendered":"<p><strong>Sp\u00e9cifications :<\/strong><\/p>\n<ul data-start=\"1292\" data-end=\"1799\">\n<li class=\"\" data-start=\"1292\" data-end=\"1339\">\n<p class=\"\" data-start=\"1294\" data-end=\"1339\"><strong data-start=\"1294\" data-end=\"1311\">Type de batterie :<\/strong> Batterie intelligente au lithium-ion<\/p>\n<\/li>\n<li class=\"\" data-start=\"1340\" data-end=\"1370\">\n<p class=\"\" data-start=\"1342\" data-end=\"1370\"><strong data-start=\"1342\" data-end=\"1362\">Tension nominale :<\/strong> 14.4V<\/p>\n<\/li>\n<li class=\"\" data-start=\"1371\" data-end=\"1411\">\n<p class=\"\" data-start=\"1373\" data-end=\"1411\"><strong data-start=\"1373\" data-end=\"1394\">Capacit\u00e9 typique :<\/strong> 96Wh (6700mAh)<\/p>\n<\/li>\n<li class=\"\" data-start=\"1412\" data-end=\"1462\">\n<p class=\"\" data-start=\"1414\" data-end=\"1462\"><strong data-start=\"1414\" data-end=\"1442\">Courant de d\u00e9charge (max) :<\/strong> 11,75 A en continu<\/p>\n<\/li>\n<li class=\"\" data-start=\"1463\" data-end=\"1498\">\n<p class=\"\" data-start=\"1465\" data-end=\"1498\"><strong data-start=\"1465\" data-end=\"1490\">Courant de charge (max) :<\/strong> 5.75A<\/p>\n<\/li>\n<li class=\"\" data-start=\"1499\" data-end=\"1538\">\n<p class=\"\" data-start=\"1501\" data-end=\"1538\"><strong data-start=\"1501\" data-end=\"1523\">Tension de fonctionnement :<\/strong> 10V \u00e0 16,8V<\/p>\n<\/li>\n<li class=\"\" data-start=\"1539\" data-end=\"1567\">\n<p class=\"\" data-start=\"1541\" data-end=\"1567\"><strong data-start=\"1541\" data-end=\"1552\">Poids :<\/strong> Environ 450g<\/p>\n<\/li>\n<li class=\"\" data-start=\"1568\" data-end=\"1610\">\n<p class=\"\" data-start=\"1570\" data-end=\"1610\"><strong data-start=\"1570\" data-end=\"1585\">Dimensions :<\/strong> 150,4 x 77,2 x 22,6 mm<\/p>\n<\/li>\n<li class=\"\" data-start=\"1611\" data-end=\"1683\">\n<p class=\"\" data-start=\"1613\" data-end=\"1683\"><strong data-start=\"1613\" data-end=\"1639\">Temp\u00e9rature de fonctionnement :<\/strong> Chargement : 10-45\u00b0C \/ D\u00e9charge : -20-60\u00b0C<\/p>\n<\/li>\n<li class=\"\" data-start=\"1684\" data-end=\"1741\">\n<p class=\"\" data-start=\"1686\" data-end=\"1741\"><strong data-start=\"1686\" data-end=\"1701\">Dur\u00e9e du cycle :<\/strong> Maintient la capacit\u00e9 du 70% apr\u00e8s 500 cycles<\/p>\n<\/li>\n<li class=\"\" data-start=\"1742\" data-end=\"1799\">\n<p class=\"\" data-start=\"1744\" data-end=\"1799\"><strong data-start=\"1744\" data-end=\"1763\">Certifications :<\/strong> UN38.3, IEC 62133, FCC, RoHS, REACH<\/p>\n<\/li>\n<\/ul>","protected":false},"featured_media":12821,"template":"","meta":{"om_disable_all_campaigns":false,"_monsterinsights_skip_tracking":false,"_monsterinsights_sitenote_active":false,"_monsterinsights_sitenote_note":"","_monsterinsights_sitenote_category":0,"_uf_show_specific_survey":0,"_uf_disable_surveys":false},"product_brand":[],"product_cat":[35],"product_tag":[],"class_list":{"0":"post-12809","1":"product","2":"type-product","3":"status-publish","4":"has-post-thumbnail","6":"product_cat-sound-cinesouk","8":"entry","9":"has-media","11":"first","12":"instock","13":"taxable","14":"shipping-taxable","15":"purchasable","16":"product-type-variable","17":"has-product-nav","18":"col","19":"span_1_of_3","20":"owp-content-center","21":"owp-thumbs-layout-horizontal","22":"owp-btn-normal","23":"owp-tabs-layout-horizontal","24":"has-no-thumbnails"},"yoast_head":"<!-- This site is optimized with the Yoast SEO Premium plugin v26.0 (Yoast SEO v26.0) - https:\/\/yoast.com\/wordpress\/plugins\/seo\/ -->\n<title>AUDIOROOT eSMART Li-96neo - CineSouk - CineSouk - Marrakech<\/title>\n<meta name=\"description\" content=\"The AUDIOROOT eSMART Li-96neo is a 14.4V, 96Wh smart lithium-ion battery with OLED display and SMBUS support, ideal for pro audio and video field use.\" \/>\n<meta name=\"robots\" content=\"index, follow, max-snippet:-1, max-image-preview:large, max-video-preview:-1\" \/>\n<link rel=\"canonical\" href=\"https:\/\/www.cinesouk.ma\/fr\/produit\/audioroot-esmart-li-96neo\/\" \/>\n<meta property=\"og:locale\" content=\"fr_FR\" \/>\n<meta property=\"og:type\" content=\"article\" \/>\n<meta property=\"og:title\" content=\"AUDIOROOT eSMART Li-96neo\" \/>\n<meta property=\"og:description\" content=\"The AUDIOROOT eSMART Li-96neo is a 14.4V, 96Wh smart lithium-ion battery with OLED display and SMBUS support, ideal for pro audio and video field use.\" \/>\n<meta property=\"og:url\" content=\"https:\/\/www.cinesouk.ma\/fr\/produit\/audioroot-esmart-li-96neo\/\" \/>\n<meta property=\"og:site_name\" content=\"CineSouk\" \/>\n<meta property=\"article:modified_time\" content=\"2025-05-11T13:12:43+00:00\" \/>\n<meta property=\"og:image\" content=\"https:\/\/www.cinesouk.ma\/wp-content\/uploads\/2025\/05\/AUDIOROOT-eSMART-Li-96neo.jpg\" \/>\n\t<meta property=\"og:image:width\" content=\"300\" \/>\n\t<meta property=\"og:image:height\" content=\"238\" \/>\n\t<meta property=\"og:image:type\" content=\"image\/jpeg\" \/>\n<meta name=\"twitter:card\" content=\"summary_large_image\" \/>\n<meta name=\"twitter:description\" content=\"The AUDIOROOT eSMART Li-96neo is a 14.4V, 96Wh smart lithium-ion battery with OLED display and SMBUS support, ideal for pro audio and video field use.\" \/>\n<meta name=\"twitter:label1\" content=\"Dur\u00e9e de lecture estim\u00e9e\" \/>\n\t<meta name=\"twitter:data1\" content=\"2 minutes\" \/>\n<script type=\"application\/ld+json\" class=\"yoast-schema-graph\">{\"@context\":\"https:\/\/schema.org\",\"@graph\":[{\"@type\":\"WebPage\",\"@id\":\"https:\/\/www.cinesouk.ma\/product\/audioroot-esmart-li-96neo\/\",\"url\":\"https:\/\/www.cinesouk.ma\/product\/audioroot-esmart-li-96neo\/\",\"name\":\"AUDIOROOT eSMART Li-96neo - CineSouk - CineSouk - Marrakech\",\"isPartOf\":{\"@id\":\"https:\/\/www.cinesouk.ma\/#website\"},\"primaryImageOfPage\":{\"@id\":\"https:\/\/www.cinesouk.ma\/product\/audioroot-esmart-li-96neo\/#primaryimage\"},\"image\":{\"@id\":\"https:\/\/www.cinesouk.ma\/product\/audioroot-esmart-li-96neo\/#primaryimage\"},\"thumbnailUrl\":\"https:\/\/www.cinesouk.ma\/wp-content\/uploads\/2025\/05\/AUDIOROOT-eSMART-Li-96neo.jpg\",\"datePublished\":\"2025-05-02T13:09:49+00:00\",\"dateModified\":\"2025-05-11T13:12:43+00:00\",\"description\":\"The AUDIOROOT eSMART Li-96neo is a 14.4V, 96Wh smart lithium-ion battery with OLED display and SMBUS support, ideal for pro audio and video field use.\",\"breadcrumb\":{\"@id\":\"https:\/\/www.cinesouk.ma\/product\/audioroot-esmart-li-96neo\/#breadcrumb\"},\"inLanguage\":\"fr-FR\",\"potentialAction\":[{\"@type\":\"ReadAction\",\"target\":[\"https:\/\/www.cinesouk.ma\/product\/audioroot-esmart-li-96neo\/\"]}]},{\"@type\":\"ImageObject\",\"inLanguage\":\"fr-FR\",\"@id\":\"https:\/\/www.cinesouk.ma\/product\/audioroot-esmart-li-96neo\/#primaryimage\",\"url\":\"https:\/\/www.cinesouk.ma\/wp-content\/uploads\/2025\/05\/AUDIOROOT-eSMART-Li-96neo.jpg\",\"contentUrl\":\"https:\/\/www.cinesouk.ma\/wp-content\/uploads\/2025\/05\/AUDIOROOT-eSMART-Li-96neo.jpg\",\"width\":300,\"height\":238,\"caption\":\"AUDIOROOT eSMART Li-96neo\"},{\"@type\":\"BreadcrumbList\",\"@id\":\"https:\/\/www.cinesouk.ma\/product\/audioroot-esmart-li-96neo\/#breadcrumb\",\"itemListElement\":[{\"@type\":\"ListItem\",\"position\":1,\"name\":\"Home\",\"item\":\"https:\/\/www.cinesouk.ma\/\"},{\"@type\":\"ListItem\",\"position\":2,\"name\":\"Shop\",\"item\":\"https:\/\/www.cinesouk.ma\/shop\/\"},{\"@type\":\"ListItem\",\"position\":3,\"name\":\"AUDIOROOT eSMART Li-96neo\"}]},{\"@type\":\"WebSite\",\"@id\":\"https:\/\/www.cinesouk.ma\/#website\",\"url\":\"https:\/\/www.cinesouk.ma\/\",\"name\":\"CineSouk\",\"description\":\"\",\"publisher\":{\"@id\":\"https:\/\/www.cinesouk.ma\/#organization\"},\"potentialAction\":[{\"@type\":\"SearchAction\",\"target\":{\"@type\":\"EntryPoint\",\"urlTemplate\":\"https:\/\/www.cinesouk.ma\/?s={search_term_string}\"},\"query-input\":{\"@type\":\"PropertyValueSpecification\",\"valueRequired\":true,\"valueName\":\"search_term_string\"}}],\"inLanguage\":\"fr-FR\"},{\"@type\":\"Organization\",\"@id\":\"https:\/\/www.cinesouk.ma\/#organization\",\"name\":\"CineSouk\",\"url\":\"https:\/\/www.cinesouk.ma\/\",\"logo\":{\"@type\":\"ImageObject\",\"inLanguage\":\"fr-FR\",\"@id\":\"https:\/\/www.cinesouk.ma\/#\/schema\/logo\/image\/\",\"url\":\"https:\/\/www.cinesouk.ma\/wp-content\/uploads\/2024\/01\/CineSouk-logo-v01-alpha-alligned-left.png\",\"contentUrl\":\"https:\/\/www.cinesouk.ma\/wp-content\/uploads\/2024\/01\/CineSouk-logo-v01-alpha-alligned-left.png\",\"width\":3204,\"height\":889,\"caption\":\"CineSouk\"},\"image\":{\"@id\":\"https:\/\/www.cinesouk.ma\/#\/schema\/logo\/image\/\"}}]}<\/script>\n<!-- \/ Yoast SEO Premium plugin. -->","yoast_head_json":{"title":"AUDIOROOT eSMART Li-96neo - CineSouk - CineSouk - Marrakech","description":"The AUDIOROOT eSMART Li-96neo is a 14.4V, 96Wh smart lithium-ion battery with OLED display and SMBUS support, ideal for pro audio and video field use.","robots":{"index":"index","follow":"follow","max-snippet":"max-snippet:-1","max-image-preview":"max-image-preview:large","max-video-preview":"max-video-preview:-1"},"canonical":"https:\/\/www.cinesouk.ma\/fr\/produit\/audioroot-esmart-li-96neo\/","og_locale":"fr_FR","og_type":"article","og_title":"AUDIOROOT eSMART Li-96neo","og_description":"The AUDIOROOT eSMART Li-96neo is a 14.4V, 96Wh smart lithium-ion battery with OLED display and SMBUS support, ideal for pro audio and video field use.","og_url":"https:\/\/www.cinesouk.ma\/fr\/produit\/audioroot-esmart-li-96neo\/","og_site_name":"CineSouk","article_modified_time":"2025-05-11T13:12:43+00:00","og_image":[{"width":300,"height":238,"url":"https:\/\/www.cinesouk.ma\/wp-content\/uploads\/2025\/05\/AUDIOROOT-eSMART-Li-96neo.jpg","type":"image\/jpeg"}],"twitter_card":"summary_large_image","twitter_description":"The AUDIOROOT eSMART Li-96neo is a 14.4V, 96Wh smart lithium-ion battery with OLED display and SMBUS support, ideal for pro audio and video field use.","twitter_misc":{"Dur\u00e9e de lecture estim\u00e9e":"2 minutes"},"schema":{"@context":"https:\/\/schema.org","@graph":[{"@type":"WebPage","@id":"https:\/\/www.cinesouk.ma\/product\/audioroot-esmart-li-96neo\/","url":"https:\/\/www.cinesouk.ma\/product\/audioroot-esmart-li-96neo\/","name":"AUDIOROOT eSMART Li-96neo - CineSouk - CineSouk - Marrakech","isPartOf":{"@id":"https:\/\/www.cinesouk.ma\/#website"},"primaryImageOfPage":{"@id":"https:\/\/www.cinesouk.ma\/product\/audioroot-esmart-li-96neo\/#primaryimage"},"image":{"@id":"https:\/\/www.cinesouk.ma\/product\/audioroot-esmart-li-96neo\/#primaryimage"},"thumbnailUrl":"https:\/\/www.cinesouk.ma\/wp-content\/uploads\/2025\/05\/AUDIOROOT-eSMART-Li-96neo.jpg","datePublished":"2025-05-02T13:09:49+00:00","dateModified":"2025-05-11T13:12:43+00:00","description":"The AUDIOROOT eSMART Li-96neo is a 14.4V, 96Wh smart lithium-ion battery with OLED display and SMBUS support, ideal for pro audio and video field use.","breadcrumb":{"@id":"https:\/\/www.cinesouk.ma\/product\/audioroot-esmart-li-96neo\/#breadcrumb"},"inLanguage":"fr-FR","potentialAction":[{"@type":"ReadAction","target":["https:\/\/www.cinesouk.ma\/product\/audioroot-esmart-li-96neo\/"]}]},{"@type":"ImageObject","inLanguage":"fr-FR","@id":"https:\/\/www.cinesouk.ma\/product\/audioroot-esmart-li-96neo\/#primaryimage","url":"https:\/\/www.cinesouk.ma\/wp-content\/uploads\/2025\/05\/AUDIOROOT-eSMART-Li-96neo.jpg","contentUrl":"https:\/\/www.cinesouk.ma\/wp-content\/uploads\/2025\/05\/AUDIOROOT-eSMART-Li-96neo.jpg","width":300,"height":238,"caption":"AUDIOROOT eSMART Li-96neo"},{"@type":"BreadcrumbList","@id":"https:\/\/www.cinesouk.ma\/product\/audioroot-esmart-li-96neo\/#breadcrumb","itemListElement":[{"@type":"ListItem","position":1,"name":"Home","item":"https:\/\/www.cinesouk.ma\/"},{"@type":"ListItem","position":2,"name":"Shop","item":"https:\/\/www.cinesouk.ma\/shop\/"},{"@type":"ListItem","position":3,"name":"AUDIOROOT eSMART Li-96neo"}]},{"@type":"WebSite","@id":"https:\/\/www.cinesouk.ma\/#website","url":"https:\/\/www.cinesouk.ma\/","name":"CineSouk","description":"","publisher":{"@id":"https:\/\/www.cinesouk.ma\/#organization"},"potentialAction":[{"@type":"SearchAction","target":{"@type":"EntryPoint","urlTemplate":"https:\/\/www.cinesouk.ma\/?s={search_term_string}"},"query-input":{"@type":"PropertyValueSpecification","valueRequired":true,"valueName":"search_term_string"}}],"inLanguage":"fr-FR"},{"@type":"Organization","@id":"https:\/\/www.cinesouk.ma\/#organization","name":"CineSouk","url":"https:\/\/www.cinesouk.ma\/","logo":{"@type":"ImageObject","inLanguage":"fr-FR","@id":"https:\/\/www.cinesouk.ma\/#\/schema\/logo\/image\/","url":"https:\/\/www.cinesouk.ma\/wp-content\/uploads\/2024\/01\/CineSouk-logo-v01-alpha-alligned-left.png","contentUrl":"https:\/\/www.cinesouk.ma\/wp-content\/uploads\/2024\/01\/CineSouk-logo-v01-alpha-alligned-left.png","width":3204,"height":889,"caption":"CineSouk"},"image":{"@id":"https:\/\/www.cinesouk.ma\/#\/schema\/logo\/image\/"}}]}},"_links":{"self":[{"href":"https:\/\/www.cinesouk.ma\/fr\/wp-json\/wp\/v2\/product\/12809","targetHints":{"allow":["GET"]}}],"collection":[{"href":"https:\/\/www.cinesouk.ma\/fr\/wp-json\/wp\/v2\/product"}],"about":[{"href":"https:\/\/www.cinesouk.ma\/fr\/wp-json\/wp\/v2\/types\/product"}],"wp:featuredmedia":[{"embeddable":true,"href":"https:\/\/www.cinesouk.ma\/fr\/wp-json\/wp\/v2\/media\/12821"}],"wp:attachment":[{"href":"https:\/\/www.cinesouk.ma\/fr\/wp-json\/wp\/v2\/media?parent=12809"}],"wp:term":[{"taxonomy":"product_brand","embeddable":true,"href":"https:\/\/www.cinesouk.ma\/fr\/wp-json\/wp\/v2\/product_brand?post=12809"},{"taxonomy":"product_cat","embeddable":true,"href":"https:\/\/www.cinesouk.ma\/fr\/wp-json\/wp\/v2\/product_cat?post=12809"},{"taxonomy":"product_tag","embeddable":true,"href":"https:\/\/www.cinesouk.ma\/fr\/wp-json\/wp\/v2\/product_tag?post=12809"}],"curies":[{"name":"wp","href":"https:\/\/api.w.org\/{rel}","templated":true}]}}