{"id":12822,"date":"2025-05-02T13:16:22","date_gmt":"2025-05-02T13:16:22","guid":{"rendered":"https:\/\/www.cinesouk.ma\/?post_type=product&#038;p=12822"},"modified":"2025-05-11T13:12:33","modified_gmt":"2025-05-11T13:12:33","slug":"deity-dqc-1","status":"publish","type":"product","link":"https:\/\/www.cinesouk.ma\/fr\/produit\/deity-dqc-1\/","title":{"rendered":"DEITY DQC-1"},"content":{"rendered":"<p class=\"\" data-start=\"160\" data-end=\"468\">Le Deity DQC-1 est un chargeur de batterie compact et intelligent con\u00e7u pour les professionnels de l'audio et de la vid\u00e9o qui ont besoin d'une solution d'alimentation fiable sur le plateau ou en d\u00e9placement. Con\u00e7u dans un souci de polyvalence, il combine des fonctionnalit\u00e9s d'entr\u00e9e\/sortie USB-C, une charge rapide et une construction robuste, ce qui le rend id\u00e9al pour les flux de travail mobiles.<\/p>\n<h3 data-start=\"470\" data-end=\"487\"><strong data-start=\"470\" data-end=\"487\">Caract\u00e9ristiques principales :<\/strong><\/h3>\n<ul data-start=\"489\" data-end=\"1062\">\n<li class=\"\" data-start=\"489\" data-end=\"647\">\n<p class=\"\" data-start=\"491\" data-end=\"647\"><strong data-start=\"491\" data-end=\"516\">Entr\u00e9e et sortie USB-C :<\/strong> Le DQC-1 se charge via USB-C et peut \u00e9galement fournir jusqu'\u00e0 45 W de puissance \u00e0 des appareils externes tels que des ordinateurs portables, des enregistreurs ou des panneaux LED.<\/p>\n<\/li>\n<li class=\"\" data-start=\"651\" data-end=\"782\">\n<p class=\"\" data-start=\"653\" data-end=\"782\"><strong data-start=\"653\" data-end=\"680\">Indicateur de charge LED :<\/strong> Un compteur int\u00e9gr\u00e9 \u00e0 4 diodes \u00e9lectroluminescentes (DEL) affiche clairement l'\u00e9tat de charge, ce qui vous permet de suivre l'\u00e9volution de la situation d'un seul coup d'\u0153il.<\/p>\n<\/li>\n<li class=\"\" data-start=\"784\" data-end=\"927\">\n<p class=\"\" data-start=\"786\" data-end=\"927\"><strong data-start=\"786\" data-end=\"814\">Compact et l\u00e9ger :<\/strong> Pesant seulement 90 g et mesurant 53,5 x 45 x 16,5 mm, ce chargeur est facile \u00e0 transporter et se glisse ais\u00e9ment dans n'importe quelle trousse.<\/p>\n<\/li>\n<li class=\"\" data-start=\"929\" data-end=\"1062\">\n<p class=\"\" data-start=\"931\" data-end=\"1062\"><strong data-start=\"931\" data-end=\"957\">Bo\u00eetier m\u00e9tallique durable :<\/strong> Dot\u00e9 d'un solide ch\u00e2ssis m\u00e9tallique, il est con\u00e7u pour r\u00e9sister \u00e0 une utilisation quotidienne dans des environnements de production difficiles.<\/p>\n<\/li>\n<\/ul>\n<h3 data-start=\"1064\" data-end=\"1083\"><strong data-start=\"1064\" data-end=\"1083\">Sp\u00e9cifications :<\/strong><\/h3>\n<ul data-start=\"1085\" data-end=\"1408\">\n<li class=\"\" data-start=\"1085\" data-end=\"1150\">\n<p class=\"\" data-start=\"1087\" data-end=\"1150\"><strong data-start=\"1087\" data-end=\"1108\">Entr\u00e9e (USB-C PD) :<\/strong> 5V 3A, 9V 3A, 12V 3A, 15V 3A, 20V 2.25A<\/p>\n<\/li>\n<li class=\"\" data-start=\"1151\" data-end=\"1221\">\n<p class=\"\" data-start=\"1153\" data-end=\"1221\"><strong data-start=\"1153\" data-end=\"1172\">Sortie (USB-C) :<\/strong> 5V 2.5A, 9V 2.5A, 12V 2.5A, 15V 2.5A, 20V 2.5A<\/p>\n<\/li>\n<li class=\"\" data-start=\"1222\" data-end=\"1265\">\n<p class=\"\" data-start=\"1224\" data-end=\"1265\"><strong data-start=\"1224\" data-end=\"1251\">Sortie maximale de la coupe de la batterie :<\/strong> 16,8V @ 45W<\/p>\n<\/li>\n<li class=\"\" data-start=\"1266\" data-end=\"1314\">\n<p class=\"\" data-start=\"1268\" data-end=\"1314\"><strong data-start=\"1268\" data-end=\"1294\">Connecteur de la coupelle de la batterie :<\/strong> NP-2054 (5 lames)<\/p>\n<\/li>\n<li class=\"\" data-start=\"1315\" data-end=\"1342\">\n<p class=\"\" data-start=\"1317\" data-end=\"1342\"><strong data-start=\"1317\" data-end=\"1334\">Longueur du c\u00e2ble :<\/strong> 120 mm<\/p>\n<\/li>\n<li class=\"\" data-start=\"1343\" data-end=\"1370\">\n<p class=\"\" data-start=\"1345\" data-end=\"1370\"><strong data-start=\"1345\" data-end=\"1356\">Poids :<\/strong> Environ 90g<\/p>\n<\/li>\n<li class=\"\" data-start=\"1371\" data-end=\"1408\">\n<p class=\"\" data-start=\"1373\" data-end=\"1408\"><strong data-start=\"1373\" data-end=\"1388\">Dimensions :<\/strong> 53,5 x 45 x 16,5 mm<\/p>\n<\/li>\n<\/ul>\n<p class=\"\" data-start=\"1410\" data-end=\"1661\">En conclusion, le Deity DQC-1 est une solution de charge puissante et portable qui prend en charge une large gamme de normes d'alimentation USB-C. Que vous chargiez des batteries intelligentes ou que vous alimentiez du mat\u00e9riel en d\u00e9placement, elle offre performance, efficacit\u00e9 et durabilit\u00e9.<\/p>\n<p><strong>Louez-le maintenant sur <a href=\"https:\/\/www.cinesouk.ma\/fr\">CINESOUK<\/a> - une marque de <a href=\"https:\/\/www.broadway.ma\/\"><strong>BROADWAY PRODUCTIONS SARL.<\/strong><\/a><\/strong><\/p>","protected":false},"excerpt":{"rendered":"<h3>Sp\u00e9cifications :<\/h3>\n<ul data-start=\"1085\" data-end=\"1408\">\n<li class=\"\" data-start=\"1085\" data-end=\"1150\">\n<p class=\"\" data-start=\"1087\" data-end=\"1150\"><strong data-start=\"1087\" data-end=\"1108\">Entr\u00e9e (USB-C PD) :<\/strong> 5V 3A, 9V 3A, 12V 3A, 15V 3A, 20V 2.25A<\/p>\n<\/li>\n<li class=\"\" data-start=\"1151\" data-end=\"1221\">\n<p class=\"\" data-start=\"1153\" data-end=\"1221\"><strong data-start=\"1153\" data-end=\"1172\">Sortie (USB-C) :<\/strong> 5V 2.5A, 9V 2.5A, 12V 2.5A, 15V 2.5A, 20V 2.5A<\/p>\n<\/li>\n<li class=\"\" data-start=\"1222\" data-end=\"1265\">\n<p class=\"\" data-start=\"1224\" data-end=\"1265\"><strong data-start=\"1224\" data-end=\"1251\">Sortie maximale de la coupe de la batterie :<\/strong> 16,8V @ 45W<\/p>\n<\/li>\n<li class=\"\" data-start=\"1266\" data-end=\"1314\">\n<p class=\"\" data-start=\"1268\" data-end=\"1314\"><strong data-start=\"1268\" data-end=\"1294\">Connecteur de la coupelle de la batterie :<\/strong> NP-2054 (5 lames)<\/p>\n<\/li>\n<li class=\"\" data-start=\"1315\" data-end=\"1342\">\n<p class=\"\" data-start=\"1317\" data-end=\"1342\"><strong data-start=\"1317\" data-end=\"1334\">Longueur du c\u00e2ble :<\/strong> 120 mm<\/p>\n<\/li>\n<li class=\"\" data-start=\"1343\" data-end=\"1370\">\n<p class=\"\" data-start=\"1345\" data-end=\"1370\"><strong data-start=\"1345\" data-end=\"1356\">Poids :<\/strong> Environ 90g<\/p>\n<\/li>\n<li class=\"\" data-start=\"1371\" data-end=\"1408\">\n<p class=\"\" data-start=\"1373\" data-end=\"1408\"><strong data-start=\"1373\" data-end=\"1388\">Dimensions :<\/strong> 53,5 x 45 x 16,5 mm<\/p>\n<\/li>\n<\/ul>","protected":false},"featured_media":12833,"template":"","meta":{"om_disable_all_campaigns":false,"_monsterinsights_skip_tracking":false,"_monsterinsights_sitenote_active":false,"_monsterinsights_sitenote_note":"","_monsterinsights_sitenote_category":0,"_uf_show_specific_survey":0,"_uf_disable_surveys":false},"product_brand":[],"product_cat":[35],"product_tag":[],"class_list":{"0":"post-12822","1":"product","2":"type-product","3":"status-publish","4":"has-post-thumbnail","6":"product_cat-sound-cinesouk","8":"entry","9":"has-media","11":"first","12":"instock","13":"taxable","14":"shipping-taxable","15":"purchasable","16":"product-type-variable","17":"has-product-nav","18":"col","19":"span_1_of_3","20":"owp-content-center","21":"owp-thumbs-layout-horizontal","22":"owp-btn-normal","23":"owp-tabs-layout-horizontal","24":"has-no-thumbnails"},"yoast_head":"<!-- This site is optimized with the Yoast SEO Premium plugin v26.0 (Yoast SEO v26.0) - https:\/\/yoast.com\/wordpress\/plugins\/seo\/ -->\n<title>DEITY DQC-1 - CineSouk - Marrakech | Morocco - For rent<\/title>\n<meta name=\"description\" content=\"The Deity DQC-1 is a compact smart charger with USB-C input\/output, LED indicators, and 45W output\u2014ideal for fast, portable power on set.\" \/>\n<meta name=\"robots\" content=\"index, follow, max-snippet:-1, max-image-preview:large, max-video-preview:-1\" \/>\n<link rel=\"canonical\" href=\"https:\/\/www.cinesouk.ma\/fr\/produit\/deity-dqc-1\/\" \/>\n<meta property=\"og:locale\" content=\"fr_FR\" \/>\n<meta property=\"og:type\" content=\"article\" \/>\n<meta property=\"og:title\" content=\"DEITY DQC-1\" \/>\n<meta property=\"og:description\" content=\"The Deity DQC-1 is a compact smart charger with USB-C input\/output, LED indicators, and 45W output\u2014ideal for fast, portable power on set.\" \/>\n<meta property=\"og:url\" content=\"https:\/\/www.cinesouk.ma\/fr\/produit\/deity-dqc-1\/\" \/>\n<meta property=\"og:site_name\" content=\"CineSouk\" \/>\n<meta property=\"article:modified_time\" content=\"2025-05-11T13:12:33+00:00\" \/>\n<meta property=\"og:image\" content=\"https:\/\/www.cinesouk.ma\/wp-content\/uploads\/2025\/03\/Shure-SM58-LC.jpg\" \/>\n\t<meta property=\"og:image:width\" content=\"300\" \/>\n\t<meta property=\"og:image:height\" content=\"238\" \/>\n\t<meta property=\"og:image:type\" content=\"image\/jpeg\" \/>\n<meta name=\"twitter:card\" content=\"summary_large_image\" \/>\n<meta name=\"twitter:description\" content=\"The Deity DQC-1 is a compact smart charger with USB-C input\/output, LED indicators, and 45W output\u2014ideal for fast, portable power on set.\" \/>\n<meta name=\"twitter:label1\" content=\"Dur\u00e9e de lecture estim\u00e9e\" \/>\n\t<meta name=\"twitter:data1\" content=\"2 minutes\" \/>\n<script type=\"application\/ld+json\" class=\"yoast-schema-graph\">{\"@context\":\"https:\/\/schema.org\",\"@graph\":[{\"@type\":\"WebPage\",\"@id\":\"https:\/\/www.cinesouk.ma\/product\/deity-dqc-1\/\",\"url\":\"https:\/\/www.cinesouk.ma\/product\/deity-dqc-1\/\",\"name\":\"DEITY DQC-1 - CineSouk - Marrakech | Morocco - For rent\",\"isPartOf\":{\"@id\":\"https:\/\/www.cinesouk.ma\/#website\"},\"primaryImageOfPage\":{\"@id\":\"https:\/\/www.cinesouk.ma\/product\/deity-dqc-1\/#primaryimage\"},\"image\":{\"@id\":\"https:\/\/www.cinesouk.ma\/product\/deity-dqc-1\/#primaryimage\"},\"thumbnailUrl\":\"https:\/\/www.cinesouk.ma\/wp-content\/uploads\/2025\/05\/DEITY-DQC-1.jpg\",\"datePublished\":\"2025-05-02T13:16:22+00:00\",\"dateModified\":\"2025-05-11T13:12:33+00:00\",\"description\":\"The Deity DQC-1 is a compact smart charger with USB-C input\/output, LED indicators, and 45W output\u2014ideal for fast, portable power on set.\",\"breadcrumb\":{\"@id\":\"https:\/\/www.cinesouk.ma\/product\/deity-dqc-1\/#breadcrumb\"},\"inLanguage\":\"fr-FR\",\"potentialAction\":[{\"@type\":\"ReadAction\",\"target\":[\"https:\/\/www.cinesouk.ma\/product\/deity-dqc-1\/\"]}]},{\"@type\":\"ImageObject\",\"inLanguage\":\"fr-FR\",\"@id\":\"https:\/\/www.cinesouk.ma\/product\/deity-dqc-1\/#primaryimage\",\"url\":\"https:\/\/www.cinesouk.ma\/wp-content\/uploads\/2025\/05\/DEITY-DQC-1.jpg\",\"contentUrl\":\"https:\/\/www.cinesouk.ma\/wp-content\/uploads\/2025\/05\/DEITY-DQC-1.jpg\",\"width\":300,\"height\":238,\"caption\":\"DEITY DQC-1\"},{\"@type\":\"BreadcrumbList\",\"@id\":\"https:\/\/www.cinesouk.ma\/product\/deity-dqc-1\/#breadcrumb\",\"itemListElement\":[{\"@type\":\"ListItem\",\"position\":1,\"name\":\"Home\",\"item\":\"https:\/\/www.cinesouk.ma\/\"},{\"@type\":\"ListItem\",\"position\":2,\"name\":\"Shop\",\"item\":\"https:\/\/www.cinesouk.ma\/shop\/\"},{\"@type\":\"ListItem\",\"position\":3,\"name\":\"DEITY DQC-1\"}]},{\"@type\":\"WebSite\",\"@id\":\"https:\/\/www.cinesouk.ma\/#website\",\"url\":\"https:\/\/www.cinesouk.ma\/\",\"name\":\"CineSouk\",\"description\":\"\",\"publisher\":{\"@id\":\"https:\/\/www.cinesouk.ma\/#organization\"},\"potentialAction\":[{\"@type\":\"SearchAction\",\"target\":{\"@type\":\"EntryPoint\",\"urlTemplate\":\"https:\/\/www.cinesouk.ma\/?s={search_term_string}\"},\"query-input\":{\"@type\":\"PropertyValueSpecification\",\"valueRequired\":true,\"valueName\":\"search_term_string\"}}],\"inLanguage\":\"fr-FR\"},{\"@type\":\"Organization\",\"@id\":\"https:\/\/www.cinesouk.ma\/#organization\",\"name\":\"CineSouk\",\"url\":\"https:\/\/www.cinesouk.ma\/\",\"logo\":{\"@type\":\"ImageObject\",\"inLanguage\":\"fr-FR\",\"@id\":\"https:\/\/www.cinesouk.ma\/#\/schema\/logo\/image\/\",\"url\":\"https:\/\/www.cinesouk.ma\/wp-content\/uploads\/2024\/01\/CineSouk-logo-v01-alpha-alligned-left.png\",\"contentUrl\":\"https:\/\/www.cinesouk.ma\/wp-content\/uploads\/2024\/01\/CineSouk-logo-v01-alpha-alligned-left.png\",\"width\":3204,\"height\":889,\"caption\":\"CineSouk\"},\"image\":{\"@id\":\"https:\/\/www.cinesouk.ma\/#\/schema\/logo\/image\/\"}}]}<\/script>\n<!-- \/ Yoast SEO Premium plugin. -->","yoast_head_json":{"title":"DEITY DQC-1 - CineSouk - Marrakech | Morocco - For rent","description":"The Deity DQC-1 is a compact smart charger with USB-C input\/output, LED indicators, and 45W output\u2014ideal for fast, portable power on set.","robots":{"index":"index","follow":"follow","max-snippet":"max-snippet:-1","max-image-preview":"max-image-preview:large","max-video-preview":"max-video-preview:-1"},"canonical":"https:\/\/www.cinesouk.ma\/fr\/produit\/deity-dqc-1\/","og_locale":"fr_FR","og_type":"article","og_title":"DEITY DQC-1","og_description":"The Deity DQC-1 is a compact smart charger with USB-C input\/output, LED indicators, and 45W output\u2014ideal for fast, portable power on set.","og_url":"https:\/\/www.cinesouk.ma\/fr\/produit\/deity-dqc-1\/","og_site_name":"CineSouk","article_modified_time":"2025-05-11T13:12:33+00:00","og_image":[{"width":300,"height":238,"url":"https:\/\/www.cinesouk.ma\/wp-content\/uploads\/2025\/03\/Shure-SM58-LC.jpg","type":"image\/jpeg"}],"twitter_card":"summary_large_image","twitter_description":"The Deity DQC-1 is a compact smart charger with USB-C input\/output, LED indicators, and 45W output\u2014ideal for fast, portable power on set.","twitter_misc":{"Dur\u00e9e de lecture estim\u00e9e":"2 minutes"},"schema":{"@context":"https:\/\/schema.org","@graph":[{"@type":"WebPage","@id":"https:\/\/www.cinesouk.ma\/product\/deity-dqc-1\/","url":"https:\/\/www.cinesouk.ma\/product\/deity-dqc-1\/","name":"DEITY DQC-1 - CineSouk - Marrakech | Morocco - For rent","isPartOf":{"@id":"https:\/\/www.cinesouk.ma\/#website"},"primaryImageOfPage":{"@id":"https:\/\/www.cinesouk.ma\/product\/deity-dqc-1\/#primaryimage"},"image":{"@id":"https:\/\/www.cinesouk.ma\/product\/deity-dqc-1\/#primaryimage"},"thumbnailUrl":"https:\/\/www.cinesouk.ma\/wp-content\/uploads\/2025\/05\/DEITY-DQC-1.jpg","datePublished":"2025-05-02T13:16:22+00:00","dateModified":"2025-05-11T13:12:33+00:00","description":"The Deity DQC-1 is a compact smart charger with USB-C input\/output, LED indicators, and 45W output\u2014ideal for fast, portable power on set.","breadcrumb":{"@id":"https:\/\/www.cinesouk.ma\/product\/deity-dqc-1\/#breadcrumb"},"inLanguage":"fr-FR","potentialAction":[{"@type":"ReadAction","target":["https:\/\/www.cinesouk.ma\/product\/deity-dqc-1\/"]}]},{"@type":"ImageObject","inLanguage":"fr-FR","@id":"https:\/\/www.cinesouk.ma\/product\/deity-dqc-1\/#primaryimage","url":"https:\/\/www.cinesouk.ma\/wp-content\/uploads\/2025\/05\/DEITY-DQC-1.jpg","contentUrl":"https:\/\/www.cinesouk.ma\/wp-content\/uploads\/2025\/05\/DEITY-DQC-1.jpg","width":300,"height":238,"caption":"DEITY DQC-1"},{"@type":"BreadcrumbList","@id":"https:\/\/www.cinesouk.ma\/product\/deity-dqc-1\/#breadcrumb","itemListElement":[{"@type":"ListItem","position":1,"name":"Home","item":"https:\/\/www.cinesouk.ma\/"},{"@type":"ListItem","position":2,"name":"Shop","item":"https:\/\/www.cinesouk.ma\/shop\/"},{"@type":"ListItem","position":3,"name":"DEITY DQC-1"}]},{"@type":"WebSite","@id":"https:\/\/www.cinesouk.ma\/#website","url":"https:\/\/www.cinesouk.ma\/","name":"CineSouk","description":"","publisher":{"@id":"https:\/\/www.cinesouk.ma\/#organization"},"potentialAction":[{"@type":"SearchAction","target":{"@type":"EntryPoint","urlTemplate":"https:\/\/www.cinesouk.ma\/?s={search_term_string}"},"query-input":{"@type":"PropertyValueSpecification","valueRequired":true,"valueName":"search_term_string"}}],"inLanguage":"fr-FR"},{"@type":"Organization","@id":"https:\/\/www.cinesouk.ma\/#organization","name":"CineSouk","url":"https:\/\/www.cinesouk.ma\/","logo":{"@type":"ImageObject","inLanguage":"fr-FR","@id":"https:\/\/www.cinesouk.ma\/#\/schema\/logo\/image\/","url":"https:\/\/www.cinesouk.ma\/wp-content\/uploads\/2024\/01\/CineSouk-logo-v01-alpha-alligned-left.png","contentUrl":"https:\/\/www.cinesouk.ma\/wp-content\/uploads\/2024\/01\/CineSouk-logo-v01-alpha-alligned-left.png","width":3204,"height":889,"caption":"CineSouk"},"image":{"@id":"https:\/\/www.cinesouk.ma\/#\/schema\/logo\/image\/"}}]}},"_links":{"self":[{"href":"https:\/\/www.cinesouk.ma\/fr\/wp-json\/wp\/v2\/product\/12822","targetHints":{"allow":["GET"]}}],"collection":[{"href":"https:\/\/www.cinesouk.ma\/fr\/wp-json\/wp\/v2\/product"}],"about":[{"href":"https:\/\/www.cinesouk.ma\/fr\/wp-json\/wp\/v2\/types\/product"}],"wp:featuredmedia":[{"embeddable":true,"href":"https:\/\/www.cinesouk.ma\/fr\/wp-json\/wp\/v2\/media\/12833"}],"wp:attachment":[{"href":"https:\/\/www.cinesouk.ma\/fr\/wp-json\/wp\/v2\/media?parent=12822"}],"wp:term":[{"taxonomy":"product_brand","embeddable":true,"href":"https:\/\/www.cinesouk.ma\/fr\/wp-json\/wp\/v2\/product_brand?post=12822"},{"taxonomy":"product_cat","embeddable":true,"href":"https:\/\/www.cinesouk.ma\/fr\/wp-json\/wp\/v2\/product_cat?post=12822"},{"taxonomy":"product_tag","embeddable":true,"href":"https:\/\/www.cinesouk.ma\/fr\/wp-json\/wp\/v2\/product_tag?post=12822"}],"curies":[{"name":"wp","href":"https:\/\/api.w.org\/{rel}","templated":true}]}}