{"id":12834,"date":"2025-05-02T13:26:31","date_gmt":"2025-05-02T13:26:31","guid":{"rendered":"https:\/\/www.cinesouk.ma\/?post_type=product&#038;p=12834"},"modified":"2025-05-11T13:12:25","modified_gmt":"2025-05-11T13:12:25","slug":"sound-devices-mixpre-10-ii","status":"publish","type":"product","link":"https:\/\/www.cinesouk.ma\/fr\/produit\/sound-devices-mixpre-10-ii\/","title":{"rendered":"Sound Devices MixPre-10 II"},"content":{"rendered":"<p class=\"\" data-start=\"316\" data-end=\"768\">Le Sound Devices MixPre-10 II est un puissant enregistreur de terrain \u00e0 10 entr\u00e9es et 12 pistes et une interface audio USB con\u00e7us pour la prise de son professionnelle, aussi bien sur site qu'en studio. Gr\u00e2ce \u00e0 ses pr\u00e9amplis Cachemire \u00e0 tr\u00e8s faible bruit et \u00e0 l'enregistrement flottant 32 bits, il offre une qualit\u00e9 audio exceptionnelle avec une large plage dynamique. Que vous soyez r\u00e9alisateur, podcasteur ou concepteur sonore, cet enregistreur offre les performances et la fiabilit\u00e9 dont vous avez besoin.<\/p>\n<h3 data-start=\"770\" data-end=\"787\"><strong data-start=\"770\" data-end=\"787\">Caract\u00e9ristiques principales :<\/strong><\/h3>\n<ul data-start=\"789\" data-end=\"2072\">\n<li class=\"\" data-start=\"789\" data-end=\"936\">\n<p class=\"\" data-start=\"791\" data-end=\"936\"><strong data-start=\"791\" data-end=\"818\">Capacit\u00e9 d'entr\u00e9e multiple :<\/strong> Il comprend 8 entr\u00e9es combo XLR\/TRS avec alimentation fant\u00f4me 48V, ainsi qu'une entr\u00e9e st\u00e9r\u00e9o 3,5 mm pour les sources auxiliaires.<\/p>\n<\/li>\n<li class=\"\" data-start=\"940\" data-end=\"1124\">\n<p class=\"\" data-start=\"942\" data-end=\"1124\"><strong data-start=\"942\" data-end=\"972\">Enregistrement haute r\u00e9solution :<\/strong> Vous pouvez enregistrer jusqu'\u00e0 12 pistes (10 canaux isol\u00e9s plus mixage st\u00e9r\u00e9o) en 32 bits flottants \u00e0 192 kHz, ce qui garantit une marge de man\u0153uvre et une clart\u00e9 dans toutes les situations.<\/p>\n<\/li>\n<li class=\"\" data-start=\"1126\" data-end=\"1283\">\n<p class=\"\" data-start=\"1128\" data-end=\"1283\"><strong data-start=\"1128\" data-end=\"1152\">Interface audio USB :<\/strong> Il fait \u00e9galement office d'interface audio USB 12 entr\u00e9es\/4 sorties, prenant en charge le streaming flottant 32 bits, id\u00e9al pour le travail en station d'enregistrement ou la diffusion en direct.<\/p>\n<\/li>\n<li class=\"\" data-start=\"1285\" data-end=\"1456\">\n<p class=\"\" data-start=\"1287\" data-end=\"1456\"><strong data-start=\"1287\" data-end=\"1312\">Int\u00e9gration du code temporel :<\/strong> La g\u00e9n\u00e9ration de timecode int\u00e9gr\u00e9e et l'entr\u00e9e de timecode externe via BNC, HDMI ou jack 3,5 mm garantissent une synchronisation parfaite avec les \u00e9quipements vid\u00e9o et audio.<\/p>\n<\/li>\n<li class=\"\" data-start=\"1458\" data-end=\"1638\">\n<p class=\"\" data-start=\"1460\" data-end=\"1638\"><strong data-start=\"1460\" data-end=\"1481\">Stockage fiable :<\/strong> La MixPre-10 II enregistre directement sur des cartes SD, SDHC ou SDXC (jusqu'\u00e0 512 Go). En outre, il prend en charge la sauvegarde automatique sur des lecteurs USB pour une s\u00e9curit\u00e9 accrue des donn\u00e9es.<\/p>\n<\/li>\n<li class=\"\" data-start=\"1640\" data-end=\"1802\">\n<p class=\"\" data-start=\"1642\" data-end=\"1802\"><strong data-start=\"1642\" data-end=\"1669\">Options d'alimentation flexibles :<\/strong> Vous pouvez l'alimenter avec 8 piles AA, des piles \u00e0 monture L optionnelles ou l'adaptateur CA inclus, ce qui vous permet de vous adapter \u00e0 n'importe quel flux de travail.<\/p>\n<\/li>\n<li class=\"\" data-start=\"1804\" data-end=\"1952\">\n<p class=\"\" data-start=\"1806\" data-end=\"1952\"><strong data-start=\"1806\" data-end=\"1832\">Interface tactile :<\/strong> Un \u00e9cran tactile couleur de 1,6\u2033 offre un contr\u00f4le intuitif, vous permettant d'acc\u00e9der rapidement aux param\u00e8tres de mesure, de routage et d'enregistrement.<\/p>\n<\/li>\n<li class=\"\" data-start=\"1954\" data-end=\"2072\">\n<p class=\"\" data-start=\"1956\" data-end=\"2072\"><strong data-start=\"1956\" data-end=\"1974\">Conception robuste :<\/strong> Compact et dot\u00e9 d'un solide ch\u00e2ssis m\u00e9tallique, l'appareil est pr\u00eat \u00e0 affronter les conditions difficiles du terrain.<\/p>\n<\/li>\n<\/ul>\n<h3 data-start=\"2074\" data-end=\"2093\"><strong data-start=\"2074\" data-end=\"2093\">Sp\u00e9cifications :<\/strong><\/h3>\n<ul data-start=\"2095\" data-end=\"2443\">\n<li class=\"\" data-start=\"2095\" data-end=\"2146\">\n<p class=\"\" data-start=\"2097\" data-end=\"2146\"><strong data-start=\"2097\" data-end=\"2108\">Entr\u00e9es :<\/strong> 8 x XLR\/TRS combo, 1 x 3,5 mm st\u00e9r\u00e9o<\/p>\n<\/li>\n<li class=\"\" data-start=\"2147\" data-end=\"2187\">\n<p class=\"\" data-start=\"2149\" data-end=\"2187\"><strong data-start=\"2149\" data-end=\"2160\">Pistes :<\/strong> 12 (10 iso + mix st\u00e9r\u00e9o)<\/p>\n<\/li>\n<li class=\"\" data-start=\"2188\" data-end=\"2249\">\n<p class=\"\" data-start=\"2190\" data-end=\"2249\"><strong data-start=\"2190\" data-end=\"2218\">Profondeur de bits \/ taux d'\u00e9chantillonnage :<\/strong> 32 bits flottants \/ jusqu'\u00e0 192 kHz<\/p>\n<\/li>\n<li class=\"\" data-start=\"2250\" data-end=\"2294\">\n<p class=\"\" data-start=\"2252\" data-end=\"2294\"><strong data-start=\"2252\" data-end=\"2264\">Stockage :<\/strong> 1x fente pour carte SD, sauvegarde USB<\/p>\n<\/li>\n<li class=\"\" data-start=\"2295\" data-end=\"2356\">\n<p class=\"\" data-start=\"2297\" data-end=\"2356\"><strong data-start=\"2297\" data-end=\"2307\">Puissance :<\/strong> Piles AA, piles L ou adaptateur CA<\/p>\n<\/li>\n<li class=\"\" data-start=\"2357\" data-end=\"2394\">\n<p class=\"\" data-start=\"2359\" data-end=\"2394\"><strong data-start=\"2359\" data-end=\"2374\">Dimensions :<\/strong> 206 x 46 x 130 mm<\/p>\n<\/li>\n<li class=\"\" data-start=\"2395\" data-end=\"2443\">\n<p class=\"\" data-start=\"2397\" data-end=\"2443\"><strong data-start=\"2397\" data-end=\"2408\">Poids :<\/strong> Environ 1,2 kg (sans les piles)<\/p>\n<\/li>\n<\/ul>\n<p class=\"\" data-start=\"2445\" data-end=\"2659\">En conclusion, le Sound Devices MixPre-10 II offre une flexibilit\u00e9 in\u00e9gal\u00e9e, une qualit\u00e9 audio irr\u00e9prochable et une qualit\u00e9 de fabrication robuste. Il s'agit donc d'un outil de confiance pour tous les professionnels qui ont besoin d'un son de localisation de haute performance.<\/p>\n<p>Louez-le maintenant sur <a href=\"https:\/\/www.cinesouk.ma\/fr\">CINESOUK<\/a> - une marque de <a href=\"https:\/\/www.broadway.ma\/\">BROADWAY PRODUCTIONS SARL.<\/a><\/p>","protected":false},"excerpt":{"rendered":"<h3>Sp\u00e9cifications :<\/h3>\n<ul data-start=\"2095\" data-end=\"2443\">\n<li class=\"\" data-start=\"2095\" data-end=\"2146\">\n<p class=\"\" data-start=\"2097\" data-end=\"2146\"><strong data-start=\"2097\" data-end=\"2108\">Entr\u00e9es :<\/strong> 8 x XLR\/TRS combo, 1 x 3,5 mm st\u00e9r\u00e9o<\/p>\n<\/li>\n<li class=\"\" data-start=\"2147\" data-end=\"2187\">\n<p class=\"\" data-start=\"2149\" data-end=\"2187\"><strong data-start=\"2149\" data-end=\"2160\">Pistes :<\/strong> 12 (10 iso + mix st\u00e9r\u00e9o)<\/p>\n<\/li>\n<li class=\"\" data-start=\"2188\" data-end=\"2249\">\n<p class=\"\" data-start=\"2190\" data-end=\"2249\"><strong data-start=\"2190\" data-end=\"2218\">Profondeur de bits \/ taux d'\u00e9chantillonnage :<\/strong> 32 bits flottants \/ jusqu'\u00e0 192 kHz<\/p>\n<\/li>\n<li class=\"\" data-start=\"2250\" data-end=\"2294\">\n<p class=\"\" data-start=\"2252\" data-end=\"2294\"><strong data-start=\"2252\" data-end=\"2264\">Stockage :<\/strong> 1x fente pour carte SD, sauvegarde USB<\/p>\n<\/li>\n<li class=\"\" data-start=\"2295\" data-end=\"2356\">\n<p class=\"\" data-start=\"2297\" data-end=\"2356\"><strong data-start=\"2297\" data-end=\"2307\">Puissance :<\/strong> Piles AA, piles L ou adaptateur CA<\/p>\n<\/li>\n<li class=\"\" data-start=\"2357\" data-end=\"2394\">\n<p class=\"\" data-start=\"2359\" data-end=\"2394\"><strong data-start=\"2359\" data-end=\"2374\">Dimensions :<\/strong> 206 x 46 x 130 mm<\/p>\n<\/li>\n<li class=\"\" data-start=\"2395\" data-end=\"2443\">\n<p class=\"\" data-start=\"2397\" data-end=\"2443\"><strong data-start=\"2397\" data-end=\"2408\">Poids :<\/strong> Environ 1,2 kg (sans les piles)<\/p>\n<\/li>\n<\/ul>","protected":false},"featured_media":12845,"template":"","meta":{"om_disable_all_campaigns":false,"_monsterinsights_skip_tracking":false,"_monsterinsights_sitenote_active":false,"_monsterinsights_sitenote_note":"","_monsterinsights_sitenote_category":0,"_uf_show_specific_survey":0,"_uf_disable_surveys":false},"product_brand":[],"product_cat":[35],"product_tag":[],"class_list":{"0":"post-12834","1":"product","2":"type-product","3":"status-publish","4":"has-post-thumbnail","6":"product_cat-sound-cinesouk","8":"entry","9":"has-media","11":"first","12":"instock","13":"taxable","14":"shipping-taxable","15":"purchasable","16":"product-type-variable","17":"has-product-nav","18":"col","19":"span_1_of_3","20":"owp-content-center","21":"owp-thumbs-layout-horizontal","22":"owp-btn-normal","23":"owp-tabs-layout-horizontal","24":"has-no-thumbnails"},"yoast_head":"<!-- This site is optimized with the Yoast SEO Premium plugin v26.0 (Yoast SEO v26.0) - https:\/\/yoast.com\/wordpress\/plugins\/seo\/ -->\n<title>Sound Devices MixPre-10 II - CineSouk - Marrakech | Morocco - For rent<\/title>\n<meta name=\"description\" content=\"The Sound Devices MixPre-10 II is a 10-input, 12-track field recorder and USB audio interface with 32-bit float recording, built-in timecode, and pristine audio quality for professional production.\" \/>\n<meta name=\"robots\" content=\"index, follow, max-snippet:-1, max-image-preview:large, max-video-preview:-1\" \/>\n<link rel=\"canonical\" href=\"https:\/\/www.cinesouk.ma\/fr\/produit\/sound-devices-mixpre-10-ii\/\" \/>\n<meta property=\"og:locale\" content=\"fr_FR\" \/>\n<meta property=\"og:type\" content=\"article\" \/>\n<meta property=\"og:title\" content=\"Sound Devices MixPre-10 II\" \/>\n<meta property=\"og:description\" content=\"The Sound Devices MixPre-10 II is a 10-input, 12-track field recorder and USB audio interface with 32-bit float recording, built-in timecode, and pristine audio quality for professional production.\" \/>\n<meta property=\"og:url\" content=\"https:\/\/www.cinesouk.ma\/fr\/produit\/sound-devices-mixpre-10-ii\/\" \/>\n<meta property=\"og:site_name\" content=\"CineSouk\" \/>\n<meta property=\"article:modified_time\" content=\"2025-05-11T13:12:25+00:00\" \/>\n<meta property=\"og:image\" content=\"https:\/\/www.cinesouk.ma\/wp-content\/uploads\/2025\/05\/SOUND-DEVICES-MixPre-10-II-i.jpg\" \/>\n\t<meta property=\"og:image:width\" content=\"300\" \/>\n\t<meta property=\"og:image:height\" content=\"238\" \/>\n\t<meta property=\"og:image:type\" content=\"image\/jpeg\" \/>\n<meta name=\"twitter:card\" content=\"summary_large_image\" \/>\n<meta name=\"twitter:description\" content=\"The Sound Devices MixPre-10 II is a 10-input, 12-track field recorder and USB audio interface with 32-bit float recording, built-in timecode, and pristine audio quality for professional production.\" \/>\n<meta name=\"twitter:label1\" content=\"Dur\u00e9e de lecture estim\u00e9e\" \/>\n\t<meta name=\"twitter:data1\" content=\"2 minutes\" \/>\n<script type=\"application\/ld+json\" class=\"yoast-schema-graph\">{\"@context\":\"https:\/\/schema.org\",\"@graph\":[{\"@type\":\"WebPage\",\"@id\":\"https:\/\/www.cinesouk.ma\/product\/sound-devices-mixpre-10-ii\/\",\"url\":\"https:\/\/www.cinesouk.ma\/product\/sound-devices-mixpre-10-ii\/\",\"name\":\"Sound Devices MixPre-10 II - CineSouk - Marrakech | Morocco - For rent\",\"isPartOf\":{\"@id\":\"https:\/\/www.cinesouk.ma\/#website\"},\"primaryImageOfPage\":{\"@id\":\"https:\/\/www.cinesouk.ma\/product\/sound-devices-mixpre-10-ii\/#primaryimage\"},\"image\":{\"@id\":\"https:\/\/www.cinesouk.ma\/product\/sound-devices-mixpre-10-ii\/#primaryimage\"},\"thumbnailUrl\":\"https:\/\/www.cinesouk.ma\/wp-content\/uploads\/2025\/05\/SOUND-DEVICES-MixPre-10-II-i.jpg\",\"datePublished\":\"2025-05-02T13:26:31+00:00\",\"dateModified\":\"2025-05-11T13:12:25+00:00\",\"description\":\"The Sound Devices MixPre-10 II is a 10-input, 12-track field recorder and USB audio interface with 32-bit float recording, built-in timecode, and pristine audio quality for professional production.\",\"breadcrumb\":{\"@id\":\"https:\/\/www.cinesouk.ma\/product\/sound-devices-mixpre-10-ii\/#breadcrumb\"},\"inLanguage\":\"fr-FR\",\"potentialAction\":[{\"@type\":\"ReadAction\",\"target\":[\"https:\/\/www.cinesouk.ma\/product\/sound-devices-mixpre-10-ii\/\"]}]},{\"@type\":\"ImageObject\",\"inLanguage\":\"fr-FR\",\"@id\":\"https:\/\/www.cinesouk.ma\/product\/sound-devices-mixpre-10-ii\/#primaryimage\",\"url\":\"https:\/\/www.cinesouk.ma\/wp-content\/uploads\/2025\/05\/SOUND-DEVICES-MixPre-10-II-i.jpg\",\"contentUrl\":\"https:\/\/www.cinesouk.ma\/wp-content\/uploads\/2025\/05\/SOUND-DEVICES-MixPre-10-II-i.jpg\",\"width\":300,\"height\":238,\"caption\":\"SOUND DEVICES MixPre-10 II\"},{\"@type\":\"BreadcrumbList\",\"@id\":\"https:\/\/www.cinesouk.ma\/product\/sound-devices-mixpre-10-ii\/#breadcrumb\",\"itemListElement\":[{\"@type\":\"ListItem\",\"position\":1,\"name\":\"Home\",\"item\":\"https:\/\/www.cinesouk.ma\/\"},{\"@type\":\"ListItem\",\"position\":2,\"name\":\"Shop\",\"item\":\"https:\/\/www.cinesouk.ma\/shop\/\"},{\"@type\":\"ListItem\",\"position\":3,\"name\":\"Sound Devices MixPre-10 II\"}]},{\"@type\":\"WebSite\",\"@id\":\"https:\/\/www.cinesouk.ma\/#website\",\"url\":\"https:\/\/www.cinesouk.ma\/\",\"name\":\"CineSouk\",\"description\":\"\",\"publisher\":{\"@id\":\"https:\/\/www.cinesouk.ma\/#organization\"},\"potentialAction\":[{\"@type\":\"SearchAction\",\"target\":{\"@type\":\"EntryPoint\",\"urlTemplate\":\"https:\/\/www.cinesouk.ma\/?s={search_term_string}\"},\"query-input\":{\"@type\":\"PropertyValueSpecification\",\"valueRequired\":true,\"valueName\":\"search_term_string\"}}],\"inLanguage\":\"fr-FR\"},{\"@type\":\"Organization\",\"@id\":\"https:\/\/www.cinesouk.ma\/#organization\",\"name\":\"CineSouk\",\"url\":\"https:\/\/www.cinesouk.ma\/\",\"logo\":{\"@type\":\"ImageObject\",\"inLanguage\":\"fr-FR\",\"@id\":\"https:\/\/www.cinesouk.ma\/#\/schema\/logo\/image\/\",\"url\":\"https:\/\/www.cinesouk.ma\/wp-content\/uploads\/2024\/01\/CineSouk-logo-v01-alpha-alligned-left.png\",\"contentUrl\":\"https:\/\/www.cinesouk.ma\/wp-content\/uploads\/2024\/01\/CineSouk-logo-v01-alpha-alligned-left.png\",\"width\":3204,\"height\":889,\"caption\":\"CineSouk\"},\"image\":{\"@id\":\"https:\/\/www.cinesouk.ma\/#\/schema\/logo\/image\/\"}}]}<\/script>\n<!-- \/ Yoast SEO Premium plugin. -->","yoast_head_json":{"title":"Sound Devices MixPre-10 II - CineSouk - Marrakech | Morocco - For rent","description":"The Sound Devices MixPre-10 II is a 10-input, 12-track field recorder and USB audio interface with 32-bit float recording, built-in timecode, and pristine audio quality for professional production.","robots":{"index":"index","follow":"follow","max-snippet":"max-snippet:-1","max-image-preview":"max-image-preview:large","max-video-preview":"max-video-preview:-1"},"canonical":"https:\/\/www.cinesouk.ma\/fr\/produit\/sound-devices-mixpre-10-ii\/","og_locale":"fr_FR","og_type":"article","og_title":"Sound Devices MixPre-10 II","og_description":"The Sound Devices MixPre-10 II is a 10-input, 12-track field recorder and USB audio interface with 32-bit float recording, built-in timecode, and pristine audio quality for professional production.","og_url":"https:\/\/www.cinesouk.ma\/fr\/produit\/sound-devices-mixpre-10-ii\/","og_site_name":"CineSouk","article_modified_time":"2025-05-11T13:12:25+00:00","og_image":[{"width":300,"height":238,"url":"https:\/\/www.cinesouk.ma\/wp-content\/uploads\/2025\/05\/SOUND-DEVICES-MixPre-10-II-i.jpg","type":"image\/jpeg"}],"twitter_card":"summary_large_image","twitter_description":"The Sound Devices MixPre-10 II is a 10-input, 12-track field recorder and USB audio interface with 32-bit float recording, built-in timecode, and pristine audio quality for professional production.","twitter_misc":{"Dur\u00e9e de lecture estim\u00e9e":"2 minutes"},"schema":{"@context":"https:\/\/schema.org","@graph":[{"@type":"WebPage","@id":"https:\/\/www.cinesouk.ma\/product\/sound-devices-mixpre-10-ii\/","url":"https:\/\/www.cinesouk.ma\/product\/sound-devices-mixpre-10-ii\/","name":"Sound Devices MixPre-10 II - CineSouk - Marrakech | Morocco - For rent","isPartOf":{"@id":"https:\/\/www.cinesouk.ma\/#website"},"primaryImageOfPage":{"@id":"https:\/\/www.cinesouk.ma\/product\/sound-devices-mixpre-10-ii\/#primaryimage"},"image":{"@id":"https:\/\/www.cinesouk.ma\/product\/sound-devices-mixpre-10-ii\/#primaryimage"},"thumbnailUrl":"https:\/\/www.cinesouk.ma\/wp-content\/uploads\/2025\/05\/SOUND-DEVICES-MixPre-10-II-i.jpg","datePublished":"2025-05-02T13:26:31+00:00","dateModified":"2025-05-11T13:12:25+00:00","description":"The Sound Devices MixPre-10 II is a 10-input, 12-track field recorder and USB audio interface with 32-bit float recording, built-in timecode, and pristine audio quality for professional production.","breadcrumb":{"@id":"https:\/\/www.cinesouk.ma\/product\/sound-devices-mixpre-10-ii\/#breadcrumb"},"inLanguage":"fr-FR","potentialAction":[{"@type":"ReadAction","target":["https:\/\/www.cinesouk.ma\/product\/sound-devices-mixpre-10-ii\/"]}]},{"@type":"ImageObject","inLanguage":"fr-FR","@id":"https:\/\/www.cinesouk.ma\/product\/sound-devices-mixpre-10-ii\/#primaryimage","url":"https:\/\/www.cinesouk.ma\/wp-content\/uploads\/2025\/05\/SOUND-DEVICES-MixPre-10-II-i.jpg","contentUrl":"https:\/\/www.cinesouk.ma\/wp-content\/uploads\/2025\/05\/SOUND-DEVICES-MixPre-10-II-i.jpg","width":300,"height":238,"caption":"SOUND DEVICES MixPre-10 II"},{"@type":"BreadcrumbList","@id":"https:\/\/www.cinesouk.ma\/product\/sound-devices-mixpre-10-ii\/#breadcrumb","itemListElement":[{"@type":"ListItem","position":1,"name":"Home","item":"https:\/\/www.cinesouk.ma\/"},{"@type":"ListItem","position":2,"name":"Shop","item":"https:\/\/www.cinesouk.ma\/shop\/"},{"@type":"ListItem","position":3,"name":"Sound Devices MixPre-10 II"}]},{"@type":"WebSite","@id":"https:\/\/www.cinesouk.ma\/#website","url":"https:\/\/www.cinesouk.ma\/","name":"CineSouk","description":"","publisher":{"@id":"https:\/\/www.cinesouk.ma\/#organization"},"potentialAction":[{"@type":"SearchAction","target":{"@type":"EntryPoint","urlTemplate":"https:\/\/www.cinesouk.ma\/?s={search_term_string}"},"query-input":{"@type":"PropertyValueSpecification","valueRequired":true,"valueName":"search_term_string"}}],"inLanguage":"fr-FR"},{"@type":"Organization","@id":"https:\/\/www.cinesouk.ma\/#organization","name":"CineSouk","url":"https:\/\/www.cinesouk.ma\/","logo":{"@type":"ImageObject","inLanguage":"fr-FR","@id":"https:\/\/www.cinesouk.ma\/#\/schema\/logo\/image\/","url":"https:\/\/www.cinesouk.ma\/wp-content\/uploads\/2024\/01\/CineSouk-logo-v01-alpha-alligned-left.png","contentUrl":"https:\/\/www.cinesouk.ma\/wp-content\/uploads\/2024\/01\/CineSouk-logo-v01-alpha-alligned-left.png","width":3204,"height":889,"caption":"CineSouk"},"image":{"@id":"https:\/\/www.cinesouk.ma\/#\/schema\/logo\/image\/"}}]}},"_links":{"self":[{"href":"https:\/\/www.cinesouk.ma\/fr\/wp-json\/wp\/v2\/product\/12834","targetHints":{"allow":["GET"]}}],"collection":[{"href":"https:\/\/www.cinesouk.ma\/fr\/wp-json\/wp\/v2\/product"}],"about":[{"href":"https:\/\/www.cinesouk.ma\/fr\/wp-json\/wp\/v2\/types\/product"}],"wp:featuredmedia":[{"embeddable":true,"href":"https:\/\/www.cinesouk.ma\/fr\/wp-json\/wp\/v2\/media\/12845"}],"wp:attachment":[{"href":"https:\/\/www.cinesouk.ma\/fr\/wp-json\/wp\/v2\/media?parent=12834"}],"wp:term":[{"taxonomy":"product_brand","embeddable":true,"href":"https:\/\/www.cinesouk.ma\/fr\/wp-json\/wp\/v2\/product_brand?post=12834"},{"taxonomy":"product_cat","embeddable":true,"href":"https:\/\/www.cinesouk.ma\/fr\/wp-json\/wp\/v2\/product_cat?post=12834"},{"taxonomy":"product_tag","embeddable":true,"href":"https:\/\/www.cinesouk.ma\/fr\/wp-json\/wp\/v2\/product_tag?post=12834"}],"curies":[{"name":"wp","href":"https:\/\/api.w.org\/{rel}","templated":true}]}}