{"id":12846,"date":"2025-05-02T15:13:12","date_gmt":"2025-05-02T15:13:12","guid":{"rendered":"https:\/\/www.cinesouk.ma\/?post_type=product&#038;p=12846"},"modified":"2025-05-11T13:12:16","modified_gmt":"2025-05-11T13:12:16","slug":"deity-c14-3-5-timecode-cable","status":"publish","type":"product","link":"https:\/\/www.cinesouk.ma\/fr\/produit\/deity-c14-3-5-timecode-cable\/","title":{"rendered":"Deity C14 3.5 Timecode Cable"},"content":{"rendered":"<p class=\"\" data-start=\"313\" data-end=\"621\">Le c\u00e2ble de timecode Deity C14 3,5 est un c\u00e2ble fiable et facile \u00e0 utiliser, con\u00e7u pour les cin\u00e9astes et les preneurs de son professionnels. Il permet de connecter des appareils de timecode tels que le Deity TC-1 \u00e0 des \u00e9quipements utilisant une entr\u00e9e LEMO\u00ae \u00e0 5 broches. Il permet ainsi de synchroniser parfaitement les appareils audio et vid\u00e9o pendant les tournages.<\/p>\n<p data-start=\"623\" data-end=\"640\"><strong data-start=\"623\" data-end=\"640\">Caract\u00e9ristiques principales :<\/strong><\/p>\n<ul data-start=\"642\" data-end=\"1510\">\n<li class=\"\" data-start=\"642\" data-end=\"882\">\n<p class=\"\" data-start=\"644\" data-end=\"882\"><strong data-start=\"644\" data-end=\"672\">Configuration du connecteur :<\/strong> D'un c\u00f4t\u00e9, le c\u00e2ble est \u00e9quip\u00e9 d'un connecteur m\u00e2le TRS 3,5 mm \u00e0 verrouillage \u00e0 angle droit. L'autre extr\u00e9mit\u00e9 est \u00e9quip\u00e9e d'un connecteur LEMO\u00ae droit \u00e0 5 broches. Cette configuration garantit une connexion solide et stable entre vos appareils.<\/p>\n<\/li>\n<li class=\"\" data-start=\"884\" data-end=\"1129\">\n<p class=\"\" data-start=\"886\" data-end=\"975\"><strong data-start=\"886\" data-end=\"909\">Large compatibilit\u00e9 :<\/strong> Le c\u00e2ble fonctionne avec de nombreuses marques et outils connus, notamment :<\/p>\n<ul data-start=\"978\" data-end=\"1129\">\n<li class=\"\" data-start=\"978\" data-end=\"1000\">\n<p class=\"\" data-start=\"980\" data-end=\"1000\">Cam\u00e9ras ARRI Alexa<\/p>\n<\/li>\n<li class=\"\" data-start=\"1003\" data-end=\"1031\">\n<p class=\"\" data-start=\"1005\" data-end=\"1031\">Syst\u00e8mes de code temporel ambiant<\/p>\n<\/li>\n<li class=\"\" data-start=\"1034\" data-end=\"1061\">\n<p class=\"\" data-start=\"1036\" data-end=\"1061\">Ardoise de timecode Denecke<\/p>\n<\/li>\n<li class=\"\" data-start=\"1064\" data-end=\"1091\">\n<p class=\"\" data-start=\"1066\" data-end=\"1091\">Enregistreurs Sound Devices<\/p>\n<\/li>\n<li class=\"\" data-start=\"1094\" data-end=\"1129\">\n<p class=\"\" data-start=\"1096\" data-end=\"1129\">Bo\u00eete \u00e0 cam\u00e9ra en bois, entre autres<\/p>\n<\/li>\n<\/ul>\n<\/li>\n<li class=\"\" data-start=\"1131\" data-end=\"1303\">\n<p class=\"\" data-start=\"1133\" data-end=\"1303\"><strong data-start=\"1133\" data-end=\"1152\">Conception durable :<\/strong> Fabriqu\u00e9 avec des mat\u00e9riaux de qualit\u00e9, le c\u00e2ble r\u00e9siste \u00e0 l'usure du terrain. De plus, sa gaine flexible facilite sa gestion sur les plateaux de tournage tr\u00e8s fr\u00e9quent\u00e9s.<\/p>\n<\/li>\n<li class=\"\" data-start=\"1305\" data-end=\"1510\">\n<p class=\"\" data-start=\"1307\" data-end=\"1510\"><strong data-start=\"1307\" data-end=\"1332\">Des performances fiables :<\/strong> Gr\u00e2ce \u00e0 son connecteur \u00e0 verrouillage s\u00e9curis\u00e9, le c\u00e2ble \u00e9vite les d\u00e9connexions accidentelles. Cela garantit une transmission coh\u00e9rente et pr\u00e9cise du timecode tout au long de la session d'enregistrement.<\/p>\n<\/li>\n<\/ul>\n<p data-start=\"1512\" data-end=\"1531\"><strong data-start=\"1512\" data-end=\"1531\">Sp\u00e9cifications :<\/strong><\/p>\n<ul data-start=\"1533\" data-end=\"1744\">\n<li class=\"\" data-start=\"1533\" data-end=\"1566\">\n<p class=\"\" data-start=\"1535\" data-end=\"1566\"><strong data-start=\"1535\" data-end=\"1544\">Type :<\/strong> C\u00e2ble de synchronisation du timecode<\/p>\n<\/li>\n<li class=\"\" data-start=\"1567\" data-end=\"1644\">\n<p class=\"\" data-start=\"1569\" data-end=\"1644\"><strong data-start=\"1569\" data-end=\"1584\">Connecteurs :<\/strong> Verrouillage 3,5 mm TRS (angle droit) vers 5 broches LEMO\u00ae (droite)<\/p>\n<\/li>\n<li class=\"\" data-start=\"1645\" data-end=\"1692\">\n<p class=\"\" data-start=\"1647\" data-end=\"1692\"><strong data-start=\"1647\" data-end=\"1658\">Longueur :<\/strong> Environ 60 cm (24 pouces)<\/p>\n<\/li>\n<li class=\"\" data-start=\"1693\" data-end=\"1714\">\n<p class=\"\" data-start=\"1695\" data-end=\"1714\"><strong data-start=\"1695\" data-end=\"1705\">Couleur :<\/strong> Jaune<\/p>\n<\/li>\n<li class=\"\" data-start=\"1715\" data-end=\"1744\">\n<p class=\"\" data-start=\"1717\" data-end=\"1744\"><strong data-start=\"1717\" data-end=\"1728\">Poids :<\/strong> Environ 65 grammes<\/p>\n<\/li>\n<\/ul>\n<p class=\"\" data-start=\"1746\" data-end=\"1973\">En conclusion, le Deity C14 3.5 Timecode Cable offre une solution professionnelle solide pour la synchronisation des appareils audio et vid\u00e9o. Son design simple, sa construction solide et sa large compatibilit\u00e9 en font un ajout judicieux \u00e0 tout kit de production.<\/p>\n<p><strong>Louez-le maintenant sur <a href=\"https:\/\/www.cinesouk.ma\/fr\">CINESOUK<\/a> - une marque de <a href=\"https:\/\/www.broadway.ma\/\">BROADWAY PRODUCTIONS SARL.<\/a><\/strong><\/p>","protected":false},"excerpt":{"rendered":"<h3>Sp\u00e9cifications :<\/h3>\n<ul>\n<li class=\"\" data-start=\"1396\" data-end=\"1446\">\n<p class=\"\" data-start=\"1398\" data-end=\"1446\"><strong data-start=\"1398\" data-end=\"1413\">Type de c\u00e2ble :<\/strong> C\u00e2ble de synchronisation du code temporel<\/p>\n<\/li>\n<li class=\"\" data-start=\"1447\" data-end=\"1520\">\n<p class=\"\" data-start=\"1449\" data-end=\"1520\"><strong data-start=\"1449\" data-end=\"1464\">Connecteurs :<\/strong> Verrouillage angle droit 3,5 mm TRS vers 5 broches droites LEMO\u00ae.<\/p>\n<\/li>\n<li class=\"\" data-start=\"1521\" data-end=\"1568\">\n<p class=\"\" data-start=\"1523\" data-end=\"1568\"><strong data-start=\"1523\" data-end=\"1534\">Longueur :<\/strong> Environ 60 cm (24 pouces)<\/p>\n<\/li>\n<li class=\"\" data-start=\"1569\" data-end=\"1590\">\n<p class=\"\" data-start=\"1571\" data-end=\"1590\"><strong data-start=\"1571\" data-end=\"1581\">Couleur :<\/strong> Jaune<\/p>\n<\/li>\n<li class=\"\" data-start=\"1591\" data-end=\"1621\">\n<p class=\"\" data-start=\"1593\" data-end=\"1621\"><strong data-start=\"1593\" data-end=\"1604\">Poids :<\/strong> Environ 65 grammes<\/p>\n<\/li>\n<\/ul>","protected":false},"featured_media":12857,"template":"","meta":{"om_disable_all_campaigns":false,"_monsterinsights_skip_tracking":false,"_monsterinsights_sitenote_active":false,"_monsterinsights_sitenote_note":"","_monsterinsights_sitenote_category":0,"_uf_show_specific_survey":0,"_uf_disable_surveys":false},"product_brand":[],"product_cat":[55,35],"product_tag":[],"class_list":{"0":"post-12846","1":"product","2":"type-product","3":"status-publish","4":"has-post-thumbnail","6":"product_cat-cables-cinesouk","7":"product_cat-sound-cinesouk","9":"entry","10":"has-media","12":"first","13":"instock","14":"taxable","15":"shipping-taxable","16":"purchasable","17":"product-type-variable","18":"has-product-nav","19":"col","20":"span_1_of_3","21":"owp-content-center","22":"owp-thumbs-layout-horizontal","23":"owp-btn-normal","24":"owp-tabs-layout-horizontal","25":"has-no-thumbnails"},"yoast_head":"<!-- This site is optimized with the Yoast SEO Premium plugin v26.0 (Yoast SEO v26.0) - https:\/\/yoast.com\/wordpress\/plugins\/seo\/ -->\n<title>Deity C14 3.5 Timecode Cable - CineSouk - Marrakech | Morocco - For rent<\/title>\n<meta name=\"description\" content=\"The Deity C14 3.5 Timecode Cable connects locking 3.5mm TRS to 5-pin LEMO\u00ae for stable and accurate timecode sync between TC generators, cameras, and recorders.\" \/>\n<meta name=\"robots\" content=\"index, follow, max-snippet:-1, max-image-preview:large, max-video-preview:-1\" \/>\n<link rel=\"canonical\" href=\"https:\/\/www.cinesouk.ma\/fr\/produit\/deity-c14-3-5-timecode-cable\/\" \/>\n<meta property=\"og:locale\" content=\"fr_FR\" \/>\n<meta property=\"og:type\" content=\"article\" \/>\n<meta property=\"og:title\" content=\"Deity C14 3.5 Timecode Cable\" \/>\n<meta property=\"og:description\" content=\"The Deity C14 3.5 Timecode Cable connects locking 3.5mm TRS to 5-pin LEMO\u00ae for stable and accurate timecode sync between TC generators, cameras, and recorders.\" \/>\n<meta property=\"og:url\" content=\"https:\/\/www.cinesouk.ma\/fr\/produit\/deity-c14-3-5-timecode-cable\/\" \/>\n<meta property=\"og:site_name\" content=\"CineSouk\" \/>\n<meta property=\"article:modified_time\" content=\"2025-05-11T13:12:16+00:00\" \/>\n<meta property=\"og:image\" content=\"https:\/\/www.cinesouk.ma\/wp-content\/uploads\/2025\/05\/Deity-C14-3.5-Timecode-Cable.jpg\" \/>\n\t<meta property=\"og:image:width\" content=\"300\" \/>\n\t<meta property=\"og:image:height\" content=\"238\" \/>\n\t<meta property=\"og:image:type\" content=\"image\/jpeg\" \/>\n<meta name=\"twitter:card\" content=\"summary_large_image\" \/>\n<meta name=\"twitter:description\" content=\"The Deity C14 3.5 Timecode Cable connects locking 3.5mm TRS to 5-pin LEMO\u00ae for stable and accurate timecode sync between TC generators, cameras, and recorders.\" \/>\n<meta name=\"twitter:label1\" content=\"Dur\u00e9e de lecture estim\u00e9e\" \/>\n\t<meta name=\"twitter:data1\" content=\"2 minutes\" \/>\n<script type=\"application\/ld+json\" class=\"yoast-schema-graph\">{\"@context\":\"https:\/\/schema.org\",\"@graph\":[{\"@type\":\"WebPage\",\"@id\":\"https:\/\/www.cinesouk.ma\/product\/deity-c14-3-5-timecode-cable\/\",\"url\":\"https:\/\/www.cinesouk.ma\/product\/deity-c14-3-5-timecode-cable\/\",\"name\":\"Deity C14 3.5 Timecode Cable - CineSouk - Marrakech | Morocco - For rent\",\"isPartOf\":{\"@id\":\"https:\/\/www.cinesouk.ma\/#website\"},\"primaryImageOfPage\":{\"@id\":\"https:\/\/www.cinesouk.ma\/product\/deity-c14-3-5-timecode-cable\/#primaryimage\"},\"image\":{\"@id\":\"https:\/\/www.cinesouk.ma\/product\/deity-c14-3-5-timecode-cable\/#primaryimage\"},\"thumbnailUrl\":\"https:\/\/www.cinesouk.ma\/wp-content\/uploads\/2025\/05\/Deity-C14-3.5-Timecode-Cable.jpg\",\"datePublished\":\"2025-05-02T15:13:12+00:00\",\"dateModified\":\"2025-05-11T13:12:16+00:00\",\"description\":\"The Deity C14 3.5 Timecode Cable connects locking 3.5mm TRS to 5-pin LEMO\u00ae for stable and accurate timecode sync between TC generators, cameras, and recorders.\",\"breadcrumb\":{\"@id\":\"https:\/\/www.cinesouk.ma\/product\/deity-c14-3-5-timecode-cable\/#breadcrumb\"},\"inLanguage\":\"fr-FR\",\"potentialAction\":[{\"@type\":\"ReadAction\",\"target\":[\"https:\/\/www.cinesouk.ma\/product\/deity-c14-3-5-timecode-cable\/\"]}]},{\"@type\":\"ImageObject\",\"inLanguage\":\"fr-FR\",\"@id\":\"https:\/\/www.cinesouk.ma\/product\/deity-c14-3-5-timecode-cable\/#primaryimage\",\"url\":\"https:\/\/www.cinesouk.ma\/wp-content\/uploads\/2025\/05\/Deity-C14-3.5-Timecode-Cable.jpg\",\"contentUrl\":\"https:\/\/www.cinesouk.ma\/wp-content\/uploads\/2025\/05\/Deity-C14-3.5-Timecode-Cable.jpg\",\"width\":300,\"height\":238,\"caption\":\"Deity C14 3.5 Timecode Cable\"},{\"@type\":\"BreadcrumbList\",\"@id\":\"https:\/\/www.cinesouk.ma\/product\/deity-c14-3-5-timecode-cable\/#breadcrumb\",\"itemListElement\":[{\"@type\":\"ListItem\",\"position\":1,\"name\":\"Home\",\"item\":\"https:\/\/www.cinesouk.ma\/\"},{\"@type\":\"ListItem\",\"position\":2,\"name\":\"Shop\",\"item\":\"https:\/\/www.cinesouk.ma\/shop\/\"},{\"@type\":\"ListItem\",\"position\":3,\"name\":\"Deity C14 3.5 Timecode Cable\"}]},{\"@type\":\"WebSite\",\"@id\":\"https:\/\/www.cinesouk.ma\/#website\",\"url\":\"https:\/\/www.cinesouk.ma\/\",\"name\":\"CineSouk\",\"description\":\"\",\"publisher\":{\"@id\":\"https:\/\/www.cinesouk.ma\/#organization\"},\"potentialAction\":[{\"@type\":\"SearchAction\",\"target\":{\"@type\":\"EntryPoint\",\"urlTemplate\":\"https:\/\/www.cinesouk.ma\/?s={search_term_string}\"},\"query-input\":{\"@type\":\"PropertyValueSpecification\",\"valueRequired\":true,\"valueName\":\"search_term_string\"}}],\"inLanguage\":\"fr-FR\"},{\"@type\":\"Organization\",\"@id\":\"https:\/\/www.cinesouk.ma\/#organization\",\"name\":\"CineSouk\",\"url\":\"https:\/\/www.cinesouk.ma\/\",\"logo\":{\"@type\":\"ImageObject\",\"inLanguage\":\"fr-FR\",\"@id\":\"https:\/\/www.cinesouk.ma\/#\/schema\/logo\/image\/\",\"url\":\"https:\/\/www.cinesouk.ma\/wp-content\/uploads\/2024\/01\/CineSouk-logo-v01-alpha-alligned-left.png\",\"contentUrl\":\"https:\/\/www.cinesouk.ma\/wp-content\/uploads\/2024\/01\/CineSouk-logo-v01-alpha-alligned-left.png\",\"width\":3204,\"height\":889,\"caption\":\"CineSouk\"},\"image\":{\"@id\":\"https:\/\/www.cinesouk.ma\/#\/schema\/logo\/image\/\"}}]}<\/script>\n<!-- \/ Yoast SEO Premium plugin. -->","yoast_head_json":{"title":"Deity C14 3.5 Timecode Cable - CineSouk - Marrakech | Morocco - For rent","description":"The Deity C14 3.5 Timecode Cable connects locking 3.5mm TRS to 5-pin LEMO\u00ae for stable and accurate timecode sync between TC generators, cameras, and recorders.","robots":{"index":"index","follow":"follow","max-snippet":"max-snippet:-1","max-image-preview":"max-image-preview:large","max-video-preview":"max-video-preview:-1"},"canonical":"https:\/\/www.cinesouk.ma\/fr\/produit\/deity-c14-3-5-timecode-cable\/","og_locale":"fr_FR","og_type":"article","og_title":"Deity C14 3.5 Timecode Cable","og_description":"The Deity C14 3.5 Timecode Cable connects locking 3.5mm TRS to 5-pin LEMO\u00ae for stable and accurate timecode sync between TC generators, cameras, and recorders.","og_url":"https:\/\/www.cinesouk.ma\/fr\/produit\/deity-c14-3-5-timecode-cable\/","og_site_name":"CineSouk","article_modified_time":"2025-05-11T13:12:16+00:00","og_image":[{"width":300,"height":238,"url":"https:\/\/www.cinesouk.ma\/wp-content\/uploads\/2025\/05\/Deity-C14-3.5-Timecode-Cable.jpg","type":"image\/jpeg"}],"twitter_card":"summary_large_image","twitter_description":"The Deity C14 3.5 Timecode Cable connects locking 3.5mm TRS to 5-pin LEMO\u00ae for stable and accurate timecode sync between TC generators, cameras, and recorders.","twitter_misc":{"Dur\u00e9e de lecture estim\u00e9e":"2 minutes"},"schema":{"@context":"https:\/\/schema.org","@graph":[{"@type":"WebPage","@id":"https:\/\/www.cinesouk.ma\/product\/deity-c14-3-5-timecode-cable\/","url":"https:\/\/www.cinesouk.ma\/product\/deity-c14-3-5-timecode-cable\/","name":"Deity C14 3.5 Timecode Cable - CineSouk - Marrakech | Morocco - For rent","isPartOf":{"@id":"https:\/\/www.cinesouk.ma\/#website"},"primaryImageOfPage":{"@id":"https:\/\/www.cinesouk.ma\/product\/deity-c14-3-5-timecode-cable\/#primaryimage"},"image":{"@id":"https:\/\/www.cinesouk.ma\/product\/deity-c14-3-5-timecode-cable\/#primaryimage"},"thumbnailUrl":"https:\/\/www.cinesouk.ma\/wp-content\/uploads\/2025\/05\/Deity-C14-3.5-Timecode-Cable.jpg","datePublished":"2025-05-02T15:13:12+00:00","dateModified":"2025-05-11T13:12:16+00:00","description":"The Deity C14 3.5 Timecode Cable connects locking 3.5mm TRS to 5-pin LEMO\u00ae for stable and accurate timecode sync between TC generators, cameras, and recorders.","breadcrumb":{"@id":"https:\/\/www.cinesouk.ma\/product\/deity-c14-3-5-timecode-cable\/#breadcrumb"},"inLanguage":"fr-FR","potentialAction":[{"@type":"ReadAction","target":["https:\/\/www.cinesouk.ma\/product\/deity-c14-3-5-timecode-cable\/"]}]},{"@type":"ImageObject","inLanguage":"fr-FR","@id":"https:\/\/www.cinesouk.ma\/product\/deity-c14-3-5-timecode-cable\/#primaryimage","url":"https:\/\/www.cinesouk.ma\/wp-content\/uploads\/2025\/05\/Deity-C14-3.5-Timecode-Cable.jpg","contentUrl":"https:\/\/www.cinesouk.ma\/wp-content\/uploads\/2025\/05\/Deity-C14-3.5-Timecode-Cable.jpg","width":300,"height":238,"caption":"Deity C14 3.5 Timecode Cable"},{"@type":"BreadcrumbList","@id":"https:\/\/www.cinesouk.ma\/product\/deity-c14-3-5-timecode-cable\/#breadcrumb","itemListElement":[{"@type":"ListItem","position":1,"name":"Home","item":"https:\/\/www.cinesouk.ma\/"},{"@type":"ListItem","position":2,"name":"Shop","item":"https:\/\/www.cinesouk.ma\/shop\/"},{"@type":"ListItem","position":3,"name":"Deity C14 3.5 Timecode Cable"}]},{"@type":"WebSite","@id":"https:\/\/www.cinesouk.ma\/#website","url":"https:\/\/www.cinesouk.ma\/","name":"CineSouk","description":"","publisher":{"@id":"https:\/\/www.cinesouk.ma\/#organization"},"potentialAction":[{"@type":"SearchAction","target":{"@type":"EntryPoint","urlTemplate":"https:\/\/www.cinesouk.ma\/?s={search_term_string}"},"query-input":{"@type":"PropertyValueSpecification","valueRequired":true,"valueName":"search_term_string"}}],"inLanguage":"fr-FR"},{"@type":"Organization","@id":"https:\/\/www.cinesouk.ma\/#organization","name":"CineSouk","url":"https:\/\/www.cinesouk.ma\/","logo":{"@type":"ImageObject","inLanguage":"fr-FR","@id":"https:\/\/www.cinesouk.ma\/#\/schema\/logo\/image\/","url":"https:\/\/www.cinesouk.ma\/wp-content\/uploads\/2024\/01\/CineSouk-logo-v01-alpha-alligned-left.png","contentUrl":"https:\/\/www.cinesouk.ma\/wp-content\/uploads\/2024\/01\/CineSouk-logo-v01-alpha-alligned-left.png","width":3204,"height":889,"caption":"CineSouk"},"image":{"@id":"https:\/\/www.cinesouk.ma\/#\/schema\/logo\/image\/"}}]}},"_links":{"self":[{"href":"https:\/\/www.cinesouk.ma\/fr\/wp-json\/wp\/v2\/product\/12846","targetHints":{"allow":["GET"]}}],"collection":[{"href":"https:\/\/www.cinesouk.ma\/fr\/wp-json\/wp\/v2\/product"}],"about":[{"href":"https:\/\/www.cinesouk.ma\/fr\/wp-json\/wp\/v2\/types\/product"}],"wp:featuredmedia":[{"embeddable":true,"href":"https:\/\/www.cinesouk.ma\/fr\/wp-json\/wp\/v2\/media\/12857"}],"wp:attachment":[{"href":"https:\/\/www.cinesouk.ma\/fr\/wp-json\/wp\/v2\/media?parent=12846"}],"wp:term":[{"taxonomy":"product_brand","embeddable":true,"href":"https:\/\/www.cinesouk.ma\/fr\/wp-json\/wp\/v2\/product_brand?post=12846"},{"taxonomy":"product_cat","embeddable":true,"href":"https:\/\/www.cinesouk.ma\/fr\/wp-json\/wp\/v2\/product_cat?post=12846"},{"taxonomy":"product_tag","embeddable":true,"href":"https:\/\/www.cinesouk.ma\/fr\/wp-json\/wp\/v2\/product_tag?post=12846"}],"curies":[{"name":"wp","href":"https:\/\/api.w.org\/{rel}","templated":true}]}}