{"id":12858,"date":"2025-05-02T15:45:37","date_gmt":"2025-05-02T15:45:37","guid":{"rendered":"https:\/\/www.cinesouk.ma\/?post_type=product&#038;p=12858"},"modified":"2025-05-11T13:12:07","modified_gmt":"2025-05-11T13:12:07","slug":"deity-c15-timecode-cable","status":"publish","type":"product","link":"https:\/\/www.cinesouk.ma\/fr\/produit\/deity-c15-timecode-cable\/","title":{"rendered":"C\u00e2ble de timecode Deity C15"},"content":{"rendered":"<p class=\"\" data-start=\"296\" data-end=\"665\">Le c\u00e2ble de timecode Deity C15 est une solution de haute qualit\u00e9 con\u00e7ue pour assurer une synchronisation stable et pr\u00e9cise du timecode entre les appareils vid\u00e9o et audio professionnels. Il est \u00e9quip\u00e9 d'un connecteur TRS 3,5 mm verrouillable \u00e0 angle droit \u00e0 une extr\u00e9mit\u00e9 et d'un connecteur BNC \u00e0 angle droit \u00e0 l'autre. Il offre ainsi une connexion s\u00e9curis\u00e9e qui \u00e9vite les interruptions pendant l'enregistrement.<\/p>\n<p class=\"\" data-start=\"667\" data-end=\"684\"><strong data-start=\"667\" data-end=\"684\">Caract\u00e9ristiques principales :<\/strong><\/p>\n<ul data-start=\"686\" data-end=\"1457\">\n<li class=\"\" data-start=\"686\" data-end=\"852\">\n<p class=\"\" data-start=\"688\" data-end=\"852\"><strong data-start=\"688\" data-end=\"717\">Connecteur \u00e0 verrouillage s\u00e9curis\u00e9 :<\/strong> Le connecteur TRS 3,5 mm est dot\u00e9 d'un m\u00e9canisme de verrouillage qui permet d'\u00e9viter les d\u00e9connexions accidentelles lors de prises de vue dynamiques ou \u00e0 main lev\u00e9e.<\/p>\n<\/li>\n<li class=\"\" data-start=\"854\" data-end=\"1146\">\n<p class=\"\" data-start=\"856\" data-end=\"949\"><strong data-start=\"856\" data-end=\"879\">Large compatibilit\u00e9 :<\/strong> Ce c\u00e2ble fonctionne avec une vari\u00e9t\u00e9 d'\u00e9quipements professionnels, y compris :<\/p>\n<ul data-start=\"952\" data-end=\"1146\">\n<li class=\"\" data-start=\"952\" data-end=\"976\">\n<p class=\"\" data-start=\"954\" data-end=\"976\">Blackmagic URSA Mini<\/p>\n<\/li>\n<li class=\"\" data-start=\"979\" data-end=\"1016\">\n<p class=\"\" data-start=\"981\" data-end=\"1016\">Canon C70, C300 Mark II\/III, C500<\/p>\n<\/li>\n<li class=\"\" data-start=\"1019\" data-end=\"1065\">\n<p class=\"\" data-start=\"1021\" data-end=\"1065\">Cam\u00e9ras de diffusion Panasonic, Sony et JVC<\/p>\n<\/li>\n<li class=\"\" data-start=\"1068\" data-end=\"1090\">\n<p class=\"\" data-start=\"1070\" data-end=\"1090\">Zaxcom Nova, Nova2<\/p>\n<\/li>\n<li class=\"\" data-start=\"1093\" data-end=\"1112\">\n<p class=\"\" data-start=\"1095\" data-end=\"1112\">S\u00e9rie Z CAM E2<\/p>\n<\/li>\n<li class=\"\" data-start=\"1115\" data-end=\"1146\">\n<p class=\"\" data-start=\"1117\" data-end=\"1146\">Zoom F4, F8, F8n et F8n Pro<\/p>\n<\/li>\n<\/ul>\n<\/li>\n<li class=\"\" data-start=\"1148\" data-end=\"1306\">\n<p class=\"\" data-start=\"1150\" data-end=\"1306\"><strong data-start=\"1150\" data-end=\"1175\">Qualit\u00e9 de construction \u00e9lev\u00e9e :<\/strong> Construit avec des mat\u00e9riaux durables, le C15 est con\u00e7u pour r\u00e9sister \u00e0 une utilisation r\u00e9guli\u00e8re sur le terrain et dans les studios, garantissant ainsi une fiabilit\u00e9 \u00e0 long terme.<\/p>\n<\/li>\n<li class=\"\" data-start=\"1308\" data-end=\"1457\">\n<p class=\"\" data-start=\"1310\" data-end=\"1457\"><strong data-start=\"1310\" data-end=\"1331\">Longueur pratique :<\/strong> Avec une longueur d'environ 48 cm (19 pouces), il offre un \u00e9quilibre entre la flexibilit\u00e9 et la maniabilit\u00e9 dans les espaces restreints.<\/p>\n<\/li>\n<\/ul>\n<p class=\"\" data-start=\"1459\" data-end=\"1478\"><strong data-start=\"1459\" data-end=\"1478\">Sp\u00e9cifications :<\/strong><\/p>\n<ul data-start=\"1480\" data-end=\"1643\">\n<li class=\"\" data-start=\"1480\" data-end=\"1548\">\n<p class=\"\" data-start=\"1482\" data-end=\"1548\"><strong data-start=\"1482\" data-end=\"1497\">Connecteurs :<\/strong> Verrouillage \u00e0 angle droit 3,5 mm TRS vers angle droit BNC<\/p>\n<\/li>\n<li class=\"\" data-start=\"1549\" data-end=\"1590\">\n<p class=\"\" data-start=\"1551\" data-end=\"1590\"><strong data-start=\"1551\" data-end=\"1562\">Longueur :<\/strong> Environ 48 cm (19 pouces)<\/p>\n<\/li>\n<li class=\"\" data-start=\"1591\" data-end=\"1623\">\n<p class=\"\" data-start=\"1593\" data-end=\"1623\"><strong data-start=\"1593\" data-end=\"1604\">Poids :<\/strong> Environ 68 grammes<\/p>\n<\/li>\n<li class=\"\" data-start=\"1624\" data-end=\"1643\">\n<p class=\"\" data-start=\"1626\" data-end=\"1643\"><strong data-start=\"1626\" data-end=\"1636\">Couleur :<\/strong> Jaune<\/p>\n<\/li>\n<\/ul>\n<p class=\"\" data-start=\"1645\" data-end=\"1908\">En conclusion, le c\u00e2ble de timecode Deity C15 est indispensable pour les professionnels qui ont besoin d'une synchronisation fiable du timecode. Sa construction robuste, son ajustement pr\u00e9cis et sa compatibilit\u00e9 avec le mat\u00e9riel standard de l'industrie en font un ajout intelligent et essentiel \u00e0 tout flux de travail de timecode.<\/p>\n<p><strong>Louez-le maintenant sur <a href=\"https:\/\/www.cinesouk.ma\/fr\">CINESOUK<\/a> - une marque de <a href=\"https:\/\/www.broadway.ma\/\">BROADWAY PRODUCTIONS SARL.<\/a><\/strong><\/p>","protected":false},"excerpt":{"rendered":"<h3>Sp\u00e9cifications :<\/h3>\n<ul data-start=\"1480\" data-end=\"1643\">\n<li class=\"\" data-start=\"1480\" data-end=\"1548\">\n<p class=\"\" data-start=\"1482\" data-end=\"1548\"><strong data-start=\"1482\" data-end=\"1497\">Connecteurs :<\/strong> Verrouillage \u00e0 angle droit 3,5 mm TRS vers angle droit BNC<\/p>\n<\/li>\n<li class=\"\" data-start=\"1549\" data-end=\"1590\">\n<p class=\"\" data-start=\"1551\" data-end=\"1590\"><strong data-start=\"1551\" data-end=\"1562\">Longueur :<\/strong> Environ 48 cm (19 pouces)<\/p>\n<\/li>\n<li class=\"\" data-start=\"1591\" data-end=\"1623\">\n<p class=\"\" data-start=\"1593\" data-end=\"1623\"><strong data-start=\"1593\" data-end=\"1604\">Poids :<\/strong> Environ 68 grammes<\/p>\n<\/li>\n<li class=\"\" data-start=\"1624\" data-end=\"1643\">\n<p class=\"\" data-start=\"1626\" data-end=\"1643\"><strong data-start=\"1626\" data-end=\"1636\">Couleur :<\/strong> Jaune<\/p>\n<\/li>\n<\/ul>","protected":false},"featured_media":12869,"template":"","meta":{"om_disable_all_campaigns":false,"_monsterinsights_skip_tracking":false,"_monsterinsights_sitenote_active":false,"_monsterinsights_sitenote_note":"","_monsterinsights_sitenote_category":0,"_uf_show_specific_survey":0,"_uf_disable_surveys":false},"product_brand":[],"product_cat":[55,35],"product_tag":[],"class_list":{"0":"post-12858","1":"product","2":"type-product","3":"status-publish","4":"has-post-thumbnail","6":"product_cat-cables-cinesouk","7":"product_cat-sound-cinesouk","9":"entry","10":"has-media","12":"first","13":"instock","14":"taxable","15":"shipping-taxable","16":"purchasable","17":"product-type-variable","18":"has-product-nav","19":"col","20":"span_1_of_3","21":"owp-content-center","22":"owp-thumbs-layout-horizontal","23":"owp-btn-normal","24":"owp-tabs-layout-horizontal","25":"has-no-thumbnails"},"yoast_head":"<!-- This site is optimized with the Yoast SEO Premium plugin v26.0 (Yoast SEO v26.0) - https:\/\/yoast.com\/wordpress\/plugins\/seo\/ -->\n<title>Deity C15 Timecode Cable - CineSouk - Marrakech | Morocco - For rent<\/title>\n<meta name=\"description\" content=\"The Deity C15 Timecode Cable connects a locking 3.5mm TRS to a BNC connector, providing stable timecode sync for professional cameras and recorders.\" \/>\n<meta name=\"robots\" content=\"index, follow, max-snippet:-1, max-image-preview:large, max-video-preview:-1\" \/>\n<link rel=\"canonical\" href=\"https:\/\/www.cinesouk.ma\/fr\/produit\/deity-c15-timecode-cable\/\" \/>\n<meta property=\"og:locale\" content=\"fr_FR\" \/>\n<meta property=\"og:type\" content=\"article\" \/>\n<meta property=\"og:title\" content=\"Deity C15 Timecode Cable\" \/>\n<meta property=\"og:description\" content=\"The Deity C15 Timecode Cable connects a locking 3.5mm TRS to a BNC connector, providing stable timecode sync for professional cameras and recorders.\" \/>\n<meta property=\"og:url\" content=\"https:\/\/www.cinesouk.ma\/fr\/produit\/deity-c15-timecode-cable\/\" \/>\n<meta property=\"og:site_name\" content=\"CineSouk\" \/>\n<meta property=\"article:modified_time\" content=\"2025-05-11T13:12:07+00:00\" \/>\n<meta property=\"og:image\" content=\"https:\/\/www.cinesouk.ma\/wp-content\/uploads\/2025\/05\/Deity-C15-Timecode-Cable.jpg\" \/>\n\t<meta property=\"og:image:width\" content=\"300\" \/>\n\t<meta property=\"og:image:height\" content=\"238\" \/>\n\t<meta property=\"og:image:type\" content=\"image\/jpeg\" \/>\n<meta name=\"twitter:card\" content=\"summary_large_image\" \/>\n<meta name=\"twitter:description\" content=\"The Deity C15 Timecode Cable connects a locking 3.5mm TRS to a BNC connector, providing stable timecode sync for professional cameras and recorders.\" \/>\n<meta name=\"twitter:label1\" content=\"Dur\u00e9e de lecture estim\u00e9e\" \/>\n\t<meta name=\"twitter:data1\" content=\"2 minutes\" \/>\n<script type=\"application\/ld+json\" class=\"yoast-schema-graph\">{\"@context\":\"https:\/\/schema.org\",\"@graph\":[{\"@type\":\"WebPage\",\"@id\":\"https:\/\/www.cinesouk.ma\/product\/deity-c15-timecode-cable\/\",\"url\":\"https:\/\/www.cinesouk.ma\/product\/deity-c15-timecode-cable\/\",\"name\":\"Deity C15 Timecode Cable - CineSouk - Marrakech | Morocco - For rent\",\"isPartOf\":{\"@id\":\"https:\/\/www.cinesouk.ma\/#website\"},\"primaryImageOfPage\":{\"@id\":\"https:\/\/www.cinesouk.ma\/product\/deity-c15-timecode-cable\/#primaryimage\"},\"image\":{\"@id\":\"https:\/\/www.cinesouk.ma\/product\/deity-c15-timecode-cable\/#primaryimage\"},\"thumbnailUrl\":\"https:\/\/www.cinesouk.ma\/wp-content\/uploads\/2025\/05\/Deity-C15-Timecode-Cable.jpg\",\"datePublished\":\"2025-05-02T15:45:37+00:00\",\"dateModified\":\"2025-05-11T13:12:07+00:00\",\"description\":\"The Deity C15 Timecode Cable connects a locking 3.5mm TRS to a BNC connector, providing stable timecode sync for professional cameras and recorders.\",\"breadcrumb\":{\"@id\":\"https:\/\/www.cinesouk.ma\/product\/deity-c15-timecode-cable\/#breadcrumb\"},\"inLanguage\":\"fr-FR\",\"potentialAction\":[{\"@type\":\"ReadAction\",\"target\":[\"https:\/\/www.cinesouk.ma\/product\/deity-c15-timecode-cable\/\"]}]},{\"@type\":\"ImageObject\",\"inLanguage\":\"fr-FR\",\"@id\":\"https:\/\/www.cinesouk.ma\/product\/deity-c15-timecode-cable\/#primaryimage\",\"url\":\"https:\/\/www.cinesouk.ma\/wp-content\/uploads\/2025\/05\/Deity-C15-Timecode-Cable.jpg\",\"contentUrl\":\"https:\/\/www.cinesouk.ma\/wp-content\/uploads\/2025\/05\/Deity-C15-Timecode-Cable.jpg\",\"width\":300,\"height\":238,\"caption\":\"Deity C15 Timecode Cable\"},{\"@type\":\"BreadcrumbList\",\"@id\":\"https:\/\/www.cinesouk.ma\/product\/deity-c15-timecode-cable\/#breadcrumb\",\"itemListElement\":[{\"@type\":\"ListItem\",\"position\":1,\"name\":\"Home\",\"item\":\"https:\/\/www.cinesouk.ma\/\"},{\"@type\":\"ListItem\",\"position\":2,\"name\":\"Shop\",\"item\":\"https:\/\/www.cinesouk.ma\/shop\/\"},{\"@type\":\"ListItem\",\"position\":3,\"name\":\"Deity C15 Timecode Cable\"}]},{\"@type\":\"WebSite\",\"@id\":\"https:\/\/www.cinesouk.ma\/#website\",\"url\":\"https:\/\/www.cinesouk.ma\/\",\"name\":\"CineSouk\",\"description\":\"\",\"publisher\":{\"@id\":\"https:\/\/www.cinesouk.ma\/#organization\"},\"potentialAction\":[{\"@type\":\"SearchAction\",\"target\":{\"@type\":\"EntryPoint\",\"urlTemplate\":\"https:\/\/www.cinesouk.ma\/?s={search_term_string}\"},\"query-input\":{\"@type\":\"PropertyValueSpecification\",\"valueRequired\":true,\"valueName\":\"search_term_string\"}}],\"inLanguage\":\"fr-FR\"},{\"@type\":\"Organization\",\"@id\":\"https:\/\/www.cinesouk.ma\/#organization\",\"name\":\"CineSouk\",\"url\":\"https:\/\/www.cinesouk.ma\/\",\"logo\":{\"@type\":\"ImageObject\",\"inLanguage\":\"fr-FR\",\"@id\":\"https:\/\/www.cinesouk.ma\/#\/schema\/logo\/image\/\",\"url\":\"https:\/\/www.cinesouk.ma\/wp-content\/uploads\/2024\/01\/CineSouk-logo-v01-alpha-alligned-left.png\",\"contentUrl\":\"https:\/\/www.cinesouk.ma\/wp-content\/uploads\/2024\/01\/CineSouk-logo-v01-alpha-alligned-left.png\",\"width\":3204,\"height\":889,\"caption\":\"CineSouk\"},\"image\":{\"@id\":\"https:\/\/www.cinesouk.ma\/#\/schema\/logo\/image\/\"}}]}<\/script>\n<!-- \/ Yoast SEO Premium plugin. -->","yoast_head_json":{"title":"Deity C15 Timecode Cable - CineSouk - Marrakech | Morocco - For rent","description":"The Deity C15 Timecode Cable connects a locking 3.5mm TRS to a BNC connector, providing stable timecode sync for professional cameras and recorders.","robots":{"index":"index","follow":"follow","max-snippet":"max-snippet:-1","max-image-preview":"max-image-preview:large","max-video-preview":"max-video-preview:-1"},"canonical":"https:\/\/www.cinesouk.ma\/fr\/produit\/deity-c15-timecode-cable\/","og_locale":"fr_FR","og_type":"article","og_title":"Deity C15 Timecode Cable","og_description":"The Deity C15 Timecode Cable connects a locking 3.5mm TRS to a BNC connector, providing stable timecode sync for professional cameras and recorders.","og_url":"https:\/\/www.cinesouk.ma\/fr\/produit\/deity-c15-timecode-cable\/","og_site_name":"CineSouk","article_modified_time":"2025-05-11T13:12:07+00:00","og_image":[{"width":300,"height":238,"url":"https:\/\/www.cinesouk.ma\/wp-content\/uploads\/2025\/05\/Deity-C15-Timecode-Cable.jpg","type":"image\/jpeg"}],"twitter_card":"summary_large_image","twitter_description":"The Deity C15 Timecode Cable connects a locking 3.5mm TRS to a BNC connector, providing stable timecode sync for professional cameras and recorders.","twitter_misc":{"Dur\u00e9e de lecture estim\u00e9e":"2 minutes"},"schema":{"@context":"https:\/\/schema.org","@graph":[{"@type":"WebPage","@id":"https:\/\/www.cinesouk.ma\/product\/deity-c15-timecode-cable\/","url":"https:\/\/www.cinesouk.ma\/product\/deity-c15-timecode-cable\/","name":"Deity C15 Timecode Cable - CineSouk - Marrakech | Morocco - For rent","isPartOf":{"@id":"https:\/\/www.cinesouk.ma\/#website"},"primaryImageOfPage":{"@id":"https:\/\/www.cinesouk.ma\/product\/deity-c15-timecode-cable\/#primaryimage"},"image":{"@id":"https:\/\/www.cinesouk.ma\/product\/deity-c15-timecode-cable\/#primaryimage"},"thumbnailUrl":"https:\/\/www.cinesouk.ma\/wp-content\/uploads\/2025\/05\/Deity-C15-Timecode-Cable.jpg","datePublished":"2025-05-02T15:45:37+00:00","dateModified":"2025-05-11T13:12:07+00:00","description":"The Deity C15 Timecode Cable connects a locking 3.5mm TRS to a BNC connector, providing stable timecode sync for professional cameras and recorders.","breadcrumb":{"@id":"https:\/\/www.cinesouk.ma\/product\/deity-c15-timecode-cable\/#breadcrumb"},"inLanguage":"fr-FR","potentialAction":[{"@type":"ReadAction","target":["https:\/\/www.cinesouk.ma\/product\/deity-c15-timecode-cable\/"]}]},{"@type":"ImageObject","inLanguage":"fr-FR","@id":"https:\/\/www.cinesouk.ma\/product\/deity-c15-timecode-cable\/#primaryimage","url":"https:\/\/www.cinesouk.ma\/wp-content\/uploads\/2025\/05\/Deity-C15-Timecode-Cable.jpg","contentUrl":"https:\/\/www.cinesouk.ma\/wp-content\/uploads\/2025\/05\/Deity-C15-Timecode-Cable.jpg","width":300,"height":238,"caption":"Deity C15 Timecode Cable"},{"@type":"BreadcrumbList","@id":"https:\/\/www.cinesouk.ma\/product\/deity-c15-timecode-cable\/#breadcrumb","itemListElement":[{"@type":"ListItem","position":1,"name":"Home","item":"https:\/\/www.cinesouk.ma\/"},{"@type":"ListItem","position":2,"name":"Shop","item":"https:\/\/www.cinesouk.ma\/shop\/"},{"@type":"ListItem","position":3,"name":"Deity C15 Timecode Cable"}]},{"@type":"WebSite","@id":"https:\/\/www.cinesouk.ma\/#website","url":"https:\/\/www.cinesouk.ma\/","name":"CineSouk","description":"","publisher":{"@id":"https:\/\/www.cinesouk.ma\/#organization"},"potentialAction":[{"@type":"SearchAction","target":{"@type":"EntryPoint","urlTemplate":"https:\/\/www.cinesouk.ma\/?s={search_term_string}"},"query-input":{"@type":"PropertyValueSpecification","valueRequired":true,"valueName":"search_term_string"}}],"inLanguage":"fr-FR"},{"@type":"Organization","@id":"https:\/\/www.cinesouk.ma\/#organization","name":"CineSouk","url":"https:\/\/www.cinesouk.ma\/","logo":{"@type":"ImageObject","inLanguage":"fr-FR","@id":"https:\/\/www.cinesouk.ma\/#\/schema\/logo\/image\/","url":"https:\/\/www.cinesouk.ma\/wp-content\/uploads\/2024\/01\/CineSouk-logo-v01-alpha-alligned-left.png","contentUrl":"https:\/\/www.cinesouk.ma\/wp-content\/uploads\/2024\/01\/CineSouk-logo-v01-alpha-alligned-left.png","width":3204,"height":889,"caption":"CineSouk"},"image":{"@id":"https:\/\/www.cinesouk.ma\/#\/schema\/logo\/image\/"}}]}},"_links":{"self":[{"href":"https:\/\/www.cinesouk.ma\/fr\/wp-json\/wp\/v2\/product\/12858","targetHints":{"allow":["GET"]}}],"collection":[{"href":"https:\/\/www.cinesouk.ma\/fr\/wp-json\/wp\/v2\/product"}],"about":[{"href":"https:\/\/www.cinesouk.ma\/fr\/wp-json\/wp\/v2\/types\/product"}],"wp:featuredmedia":[{"embeddable":true,"href":"https:\/\/www.cinesouk.ma\/fr\/wp-json\/wp\/v2\/media\/12869"}],"wp:attachment":[{"href":"https:\/\/www.cinesouk.ma\/fr\/wp-json\/wp\/v2\/media?parent=12858"}],"wp:term":[{"taxonomy":"product_brand","embeddable":true,"href":"https:\/\/www.cinesouk.ma\/fr\/wp-json\/wp\/v2\/product_brand?post=12858"},{"taxonomy":"product_cat","embeddable":true,"href":"https:\/\/www.cinesouk.ma\/fr\/wp-json\/wp\/v2\/product_cat?post=12858"},{"taxonomy":"product_tag","embeddable":true,"href":"https:\/\/www.cinesouk.ma\/fr\/wp-json\/wp\/v2\/product_tag?post=12858"}],"curies":[{"name":"wp","href":"https:\/\/api.w.org\/{rel}","templated":true}]}}