{"id":12870,"date":"2025-05-02T15:58:12","date_gmt":"2025-05-02T15:58:12","guid":{"rendered":"https:\/\/www.cinesouk.ma\/?post_type=product&#038;p=12870"},"modified":"2025-05-11T13:11:59","modified_gmt":"2025-05-11T13:11:59","slug":"deity-ta4-smart-battery-cup","status":"publish","type":"product","link":"https:\/\/www.cinesouk.ma\/fr\/produit\/deity-ta4-smart-battery-cup\/","title":{"rendered":"Deity TA4 Smart Battery Cup"},"content":{"rendered":"<p class=\"\" data-start=\"257\" data-end=\"532\">Le Deity TA4 Smart Battery Cup est un accessoire d'alimentation professionnel con\u00e7u pour les preneurs de son et les \u00e9quipes audio. Il permet de connecter des batteries intelligentes au format 2054 \u00e0 des appareils dot\u00e9s d'entr\u00e9es TA4. Il fournit ainsi une alimentation stable tout en transmettant les donn\u00e9es t\u00e9l\u00e9m\u00e9triques de la batterie en temps r\u00e9el.<\/p>\n<p class=\"\" data-start=\"534\" data-end=\"551\"><strong data-start=\"534\" data-end=\"551\">Caract\u00e9ristiques principales :<\/strong><\/p>\n<ul data-start=\"553\" data-end=\"1155\">\n<li class=\"\" data-start=\"553\" data-end=\"672\">\n<p class=\"\" data-start=\"555\" data-end=\"672\"><strong data-start=\"555\" data-end=\"574\">TA4F Connecteur :<\/strong> Le connecteur TA4F (mini XLR femelle) garantit un ajustement serr\u00e9 et s\u00fbr \u00e0 votre \u00e9quipement compatible.<\/p>\n<\/li>\n<li class=\"\" data-start=\"674\" data-end=\"851\">\n<p class=\"\" data-start=\"676\" data-end=\"851\"><strong data-start=\"676\" data-end=\"708\">Compatibilit\u00e9 avec les batteries intelligentes :<\/strong> Cet appareil fonctionne avec les piles intelligentes standard 2054. Ces batteries sont connues pour leur haute capacit\u00e9 et la pr\u00e9cision de leurs donn\u00e9es de communication.<\/p>\n<\/li>\n<li class=\"\" data-start=\"853\" data-end=\"1023\">\n<p class=\"\" data-start=\"855\" data-end=\"1023\"><strong data-start=\"855\" data-end=\"880\">Surveillance en temps r\u00e9el :<\/strong> En plus d'alimenter votre mat\u00e9riel, la coupelle permet le passage de donn\u00e9es t\u00e9l\u00e9m\u00e9triques. Il s'agit notamment de la tension, de l'intensit\u00e9 du courant et de la capacit\u00e9 restante.<\/p>\n<\/li>\n<li class=\"\" data-start=\"1025\" data-end=\"1155\">\n<p class=\"\" data-start=\"1027\" data-end=\"1155\"><strong data-start=\"1027\" data-end=\"1051\">Con\u00e7u pour une utilisation sur le terrain :<\/strong> La conception est compacte, l\u00e9g\u00e8re et solide. Il est donc id\u00e9al pour les sacs de son et les installations mobiles.<\/p>\n<\/li>\n<\/ul>\n<p class=\"\" data-start=\"1157\" data-end=\"1176\"><strong data-start=\"1157\" data-end=\"1176\">Sp\u00e9cifications :<\/strong><\/p>\n<ul data-start=\"1178\" data-end=\"1480\">\n<li class=\"\" data-start=\"1178\" data-end=\"1224\">\n<p class=\"\" data-start=\"1180\" data-end=\"1224\"><strong data-start=\"1180\" data-end=\"1199\">Type de connecteur :<\/strong> TA4F (Mini XLR femelle)<\/p>\n<\/li>\n<li class=\"\" data-start=\"1225\" data-end=\"1267\">\n<p class=\"\" data-start=\"1227\" data-end=\"1267\"><strong data-start=\"1227\" data-end=\"1246\">Format de la batterie :<\/strong> 2054 batterie intelligente<\/p>\n<\/li>\n<li class=\"\" data-start=\"1268\" data-end=\"1334\">\n<p class=\"\" data-start=\"1270\" data-end=\"1334\"><strong data-start=\"1270\" data-end=\"1292\">Support t\u00e9l\u00e9m\u00e9trique :<\/strong> Retour d'information sur la tension, le courant et la capacit\u00e9<\/p>\n<\/li>\n<li class=\"\" data-start=\"1335\" data-end=\"1421\">\n<p class=\"\" data-start=\"1337\" data-end=\"1421\"><strong data-start=\"1337\" data-end=\"1350\">Cas d'utilisation :<\/strong> Alimentation \u00e9lectrique et surveillance de la batterie pour les enregistreurs et les m\u00e9langeurs de terrain<\/p>\n<\/li>\n<li class=\"\" data-start=\"1422\" data-end=\"1454\">\n<p class=\"\" data-start=\"1424\" data-end=\"1454\"><strong data-start=\"1424\" data-end=\"1435\">Poids :<\/strong> Environ 60 grammes<\/p>\n<\/li>\n<li class=\"\" data-start=\"1455\" data-end=\"1480\">\n<p class=\"\" data-start=\"1457\" data-end=\"1480\"><strong data-start=\"1457\" data-end=\"1467\">Couleur :<\/strong> Jaune\/Noir<\/p>\n<\/li>\n<\/ul>\n<p class=\"\" data-start=\"1482\" data-end=\"1695\">En conclusion, le Deity TA4 Smart Battery Cup offre un lien d'alimentation fiable avec un retour d'information en temps r\u00e9el. Sa construction solide et sa prise en charge des donn\u00e9es intelligentes en font un excellent choix pour les professionnels travaillant dans des environnements dynamiques.<\/p>\n<p><strong>Louez-le maintenant sur <a href=\"https:\/\/www.cinesouk.ma\/fr\">CINESOUK<\/a> - une marque de <a href=\"https:\/\/www.broadway.ma\/\">BROADWAY PRODUCTIONS SARL.<\/a><\/strong><\/p>","protected":false},"excerpt":{"rendered":"<h3>Sp\u00e9cifications :<\/h3>\n<ul>\n<li class=\"\" data-start=\"1367\" data-end=\"1413\">\n<p class=\"\" data-start=\"1369\" data-end=\"1413\"><strong data-start=\"1369\" data-end=\"1388\">Type de connecteur :<\/strong> TA4F (Mini XLR femelle)<\/p>\n<\/li>\n<li class=\"\" data-start=\"1414\" data-end=\"1472\">\n<p class=\"\" data-start=\"1416\" data-end=\"1472\"><strong data-start=\"1416\" data-end=\"1442\">Compatibilit\u00e9 avec les batteries :<\/strong> Batteries intelligentes au format 2054<\/p>\n<\/li>\n<li class=\"\" data-start=\"1473\" data-end=\"1546\">\n<p class=\"\" data-start=\"1475\" data-end=\"1546\"><strong data-start=\"1475\" data-end=\"1492\">Soutien aux donn\u00e9es :<\/strong> Transmission de donn\u00e9es t\u00e9l\u00e9m\u00e9triques (tension, courant, capacit\u00e9)<\/p>\n<\/li>\n<li class=\"\" data-start=\"1547\" data-end=\"1664\">\n<p class=\"\" data-start=\"1549\" data-end=\"1664\"><strong data-start=\"1549\" data-end=\"1562\">Cas d'utilisation :<\/strong> Distribution et surveillance de l'alimentation pour les tables de mixage, les enregistreurs et les syst\u00e8mes de distribution d'\u00e9nergie intelligents<\/p>\n<\/li>\n<li class=\"\" data-start=\"1665\" data-end=\"1692\">\n<p class=\"\" data-start=\"1667\" data-end=\"1692\"><strong data-start=\"1667\" data-end=\"1677\">Couleur :<\/strong> Jaune\/Noir<\/p>\n<\/li>\n<li class=\"\" data-start=\"1693\" data-end=\"1723\">\n<p class=\"\" data-start=\"1695\" data-end=\"1723\"><strong data-start=\"1695\" data-end=\"1706\">Poids :<\/strong> Environ 60 grammes<\/p>\n<\/li>\n<\/ul>","protected":false},"featured_media":12881,"template":"","meta":{"om_disable_all_campaigns":false,"_monsterinsights_skip_tracking":false,"_monsterinsights_sitenote_active":false,"_monsterinsights_sitenote_note":"","_monsterinsights_sitenote_category":0,"_uf_show_specific_survey":0,"_uf_disable_surveys":false},"product_brand":[],"product_cat":[35],"product_tag":[],"class_list":{"0":"post-12870","1":"product","2":"type-product","3":"status-publish","4":"has-post-thumbnail","6":"product_cat-sound-cinesouk","8":"entry","9":"has-media","11":"first","12":"instock","13":"taxable","14":"shipping-taxable","15":"purchasable","16":"product-type-variable","17":"has-product-nav","18":"col","19":"span_1_of_3","20":"owp-content-center","21":"owp-thumbs-layout-horizontal","22":"owp-btn-normal","23":"owp-tabs-layout-horizontal","24":"has-no-thumbnails"},"yoast_head":"<!-- This site is optimized with the Yoast SEO Premium plugin v26.0 (Yoast SEO v26.0) - https:\/\/yoast.com\/wordpress\/plugins\/seo\/ -->\n<title>Deity TA4 Smart Battery Cup - CineSouk - Marrakech | Morocco - For rent<\/title>\n<meta name=\"description\" content=\"The Deity TA4 Smart Battery Cup connects 2054 smart batteries to TA4 devices while transmitting real-time telemetry data for professional audio applications.\" \/>\n<meta name=\"robots\" content=\"index, follow, max-snippet:-1, max-image-preview:large, max-video-preview:-1\" \/>\n<link rel=\"canonical\" href=\"https:\/\/www.cinesouk.ma\/fr\/produit\/deity-ta4-smart-battery-cup\/\" \/>\n<meta property=\"og:locale\" content=\"fr_FR\" \/>\n<meta property=\"og:type\" content=\"article\" \/>\n<meta property=\"og:title\" content=\"Deity TA4 Smart Battery Cup\" \/>\n<meta property=\"og:description\" content=\"The Deity TA4 Smart Battery Cup connects 2054 smart batteries to TA4 devices while transmitting real-time telemetry data for professional audio applications.\" \/>\n<meta property=\"og:url\" content=\"https:\/\/www.cinesouk.ma\/fr\/produit\/deity-ta4-smart-battery-cup\/\" \/>\n<meta property=\"og:site_name\" content=\"CineSouk\" \/>\n<meta property=\"article:modified_time\" content=\"2025-05-11T13:11:59+00:00\" \/>\n<meta property=\"og:image\" content=\"https:\/\/www.cinesouk.ma\/wp-content\/uploads\/2025\/05\/Deity-TA4-Smart-Battery-Cup.jpg\" \/>\n\t<meta property=\"og:image:width\" content=\"300\" \/>\n\t<meta property=\"og:image:height\" content=\"238\" \/>\n\t<meta property=\"og:image:type\" content=\"image\/jpeg\" \/>\n<meta name=\"twitter:card\" content=\"summary_large_image\" \/>\n<meta name=\"twitter:description\" content=\"The Deity TA4 Smart Battery Cup connects 2054 smart batteries to TA4 devices while transmitting real-time telemetry data for professional audio applications.\" \/>\n<meta name=\"twitter:label1\" content=\"Dur\u00e9e de lecture estim\u00e9e\" \/>\n\t<meta name=\"twitter:data1\" content=\"2 minutes\" \/>\n<script type=\"application\/ld+json\" class=\"yoast-schema-graph\">{\"@context\":\"https:\/\/schema.org\",\"@graph\":[{\"@type\":\"WebPage\",\"@id\":\"https:\/\/www.cinesouk.ma\/product\/deity-ta4-smart-battery-cup\/\",\"url\":\"https:\/\/www.cinesouk.ma\/product\/deity-ta4-smart-battery-cup\/\",\"name\":\"Deity TA4 Smart Battery Cup - CineSouk - Marrakech | Morocco - For rent\",\"isPartOf\":{\"@id\":\"https:\/\/www.cinesouk.ma\/#website\"},\"primaryImageOfPage\":{\"@id\":\"https:\/\/www.cinesouk.ma\/product\/deity-ta4-smart-battery-cup\/#primaryimage\"},\"image\":{\"@id\":\"https:\/\/www.cinesouk.ma\/product\/deity-ta4-smart-battery-cup\/#primaryimage\"},\"thumbnailUrl\":\"https:\/\/www.cinesouk.ma\/wp-content\/uploads\/2025\/05\/Deity-TA4-Smart-Battery-Cup.jpg\",\"datePublished\":\"2025-05-02T15:58:12+00:00\",\"dateModified\":\"2025-05-11T13:11:59+00:00\",\"description\":\"The Deity TA4 Smart Battery Cup connects 2054 smart batteries to TA4 devices while transmitting real-time telemetry data for professional audio applications.\",\"breadcrumb\":{\"@id\":\"https:\/\/www.cinesouk.ma\/product\/deity-ta4-smart-battery-cup\/#breadcrumb\"},\"inLanguage\":\"fr-FR\",\"potentialAction\":[{\"@type\":\"ReadAction\",\"target\":[\"https:\/\/www.cinesouk.ma\/product\/deity-ta4-smart-battery-cup\/\"]}]},{\"@type\":\"ImageObject\",\"inLanguage\":\"fr-FR\",\"@id\":\"https:\/\/www.cinesouk.ma\/product\/deity-ta4-smart-battery-cup\/#primaryimage\",\"url\":\"https:\/\/www.cinesouk.ma\/wp-content\/uploads\/2025\/05\/Deity-TA4-Smart-Battery-Cup.jpg\",\"contentUrl\":\"https:\/\/www.cinesouk.ma\/wp-content\/uploads\/2025\/05\/Deity-TA4-Smart-Battery-Cup.jpg\",\"width\":300,\"height\":238,\"caption\":\"Deity TA4 Smart Battery Cup\"},{\"@type\":\"BreadcrumbList\",\"@id\":\"https:\/\/www.cinesouk.ma\/product\/deity-ta4-smart-battery-cup\/#breadcrumb\",\"itemListElement\":[{\"@type\":\"ListItem\",\"position\":1,\"name\":\"Home\",\"item\":\"https:\/\/www.cinesouk.ma\/\"},{\"@type\":\"ListItem\",\"position\":2,\"name\":\"Shop\",\"item\":\"https:\/\/www.cinesouk.ma\/shop\/\"},{\"@type\":\"ListItem\",\"position\":3,\"name\":\"Deity TA4 Smart Battery Cup\"}]},{\"@type\":\"WebSite\",\"@id\":\"https:\/\/www.cinesouk.ma\/#website\",\"url\":\"https:\/\/www.cinesouk.ma\/\",\"name\":\"CineSouk\",\"description\":\"\",\"publisher\":{\"@id\":\"https:\/\/www.cinesouk.ma\/#organization\"},\"potentialAction\":[{\"@type\":\"SearchAction\",\"target\":{\"@type\":\"EntryPoint\",\"urlTemplate\":\"https:\/\/www.cinesouk.ma\/?s={search_term_string}\"},\"query-input\":{\"@type\":\"PropertyValueSpecification\",\"valueRequired\":true,\"valueName\":\"search_term_string\"}}],\"inLanguage\":\"fr-FR\"},{\"@type\":\"Organization\",\"@id\":\"https:\/\/www.cinesouk.ma\/#organization\",\"name\":\"CineSouk\",\"url\":\"https:\/\/www.cinesouk.ma\/\",\"logo\":{\"@type\":\"ImageObject\",\"inLanguage\":\"fr-FR\",\"@id\":\"https:\/\/www.cinesouk.ma\/#\/schema\/logo\/image\/\",\"url\":\"https:\/\/www.cinesouk.ma\/wp-content\/uploads\/2024\/01\/CineSouk-logo-v01-alpha-alligned-left.png\",\"contentUrl\":\"https:\/\/www.cinesouk.ma\/wp-content\/uploads\/2024\/01\/CineSouk-logo-v01-alpha-alligned-left.png\",\"width\":3204,\"height\":889,\"caption\":\"CineSouk\"},\"image\":{\"@id\":\"https:\/\/www.cinesouk.ma\/#\/schema\/logo\/image\/\"}}]}<\/script>\n<!-- \/ Yoast SEO Premium plugin. -->","yoast_head_json":{"title":"Deity TA4 Smart Battery Cup - CineSouk - Marrakech | Morocco - For rent","description":"The Deity TA4 Smart Battery Cup connects 2054 smart batteries to TA4 devices while transmitting real-time telemetry data for professional audio applications.","robots":{"index":"index","follow":"follow","max-snippet":"max-snippet:-1","max-image-preview":"max-image-preview:large","max-video-preview":"max-video-preview:-1"},"canonical":"https:\/\/www.cinesouk.ma\/fr\/produit\/deity-ta4-smart-battery-cup\/","og_locale":"fr_FR","og_type":"article","og_title":"Deity TA4 Smart Battery Cup","og_description":"The Deity TA4 Smart Battery Cup connects 2054 smart batteries to TA4 devices while transmitting real-time telemetry data for professional audio applications.","og_url":"https:\/\/www.cinesouk.ma\/fr\/produit\/deity-ta4-smart-battery-cup\/","og_site_name":"CineSouk","article_modified_time":"2025-05-11T13:11:59+00:00","og_image":[{"width":300,"height":238,"url":"https:\/\/www.cinesouk.ma\/wp-content\/uploads\/2025\/05\/Deity-TA4-Smart-Battery-Cup.jpg","type":"image\/jpeg"}],"twitter_card":"summary_large_image","twitter_description":"The Deity TA4 Smart Battery Cup connects 2054 smart batteries to TA4 devices while transmitting real-time telemetry data for professional audio applications.","twitter_misc":{"Dur\u00e9e de lecture estim\u00e9e":"2 minutes"},"schema":{"@context":"https:\/\/schema.org","@graph":[{"@type":"WebPage","@id":"https:\/\/www.cinesouk.ma\/product\/deity-ta4-smart-battery-cup\/","url":"https:\/\/www.cinesouk.ma\/product\/deity-ta4-smart-battery-cup\/","name":"Deity TA4 Smart Battery Cup - CineSouk - Marrakech | Morocco - For rent","isPartOf":{"@id":"https:\/\/www.cinesouk.ma\/#website"},"primaryImageOfPage":{"@id":"https:\/\/www.cinesouk.ma\/product\/deity-ta4-smart-battery-cup\/#primaryimage"},"image":{"@id":"https:\/\/www.cinesouk.ma\/product\/deity-ta4-smart-battery-cup\/#primaryimage"},"thumbnailUrl":"https:\/\/www.cinesouk.ma\/wp-content\/uploads\/2025\/05\/Deity-TA4-Smart-Battery-Cup.jpg","datePublished":"2025-05-02T15:58:12+00:00","dateModified":"2025-05-11T13:11:59+00:00","description":"The Deity TA4 Smart Battery Cup connects 2054 smart batteries to TA4 devices while transmitting real-time telemetry data for professional audio applications.","breadcrumb":{"@id":"https:\/\/www.cinesouk.ma\/product\/deity-ta4-smart-battery-cup\/#breadcrumb"},"inLanguage":"fr-FR","potentialAction":[{"@type":"ReadAction","target":["https:\/\/www.cinesouk.ma\/product\/deity-ta4-smart-battery-cup\/"]}]},{"@type":"ImageObject","inLanguage":"fr-FR","@id":"https:\/\/www.cinesouk.ma\/product\/deity-ta4-smart-battery-cup\/#primaryimage","url":"https:\/\/www.cinesouk.ma\/wp-content\/uploads\/2025\/05\/Deity-TA4-Smart-Battery-Cup.jpg","contentUrl":"https:\/\/www.cinesouk.ma\/wp-content\/uploads\/2025\/05\/Deity-TA4-Smart-Battery-Cup.jpg","width":300,"height":238,"caption":"Deity TA4 Smart Battery Cup"},{"@type":"BreadcrumbList","@id":"https:\/\/www.cinesouk.ma\/product\/deity-ta4-smart-battery-cup\/#breadcrumb","itemListElement":[{"@type":"ListItem","position":1,"name":"Home","item":"https:\/\/www.cinesouk.ma\/"},{"@type":"ListItem","position":2,"name":"Shop","item":"https:\/\/www.cinesouk.ma\/shop\/"},{"@type":"ListItem","position":3,"name":"Deity TA4 Smart Battery Cup"}]},{"@type":"WebSite","@id":"https:\/\/www.cinesouk.ma\/#website","url":"https:\/\/www.cinesouk.ma\/","name":"CineSouk","description":"","publisher":{"@id":"https:\/\/www.cinesouk.ma\/#organization"},"potentialAction":[{"@type":"SearchAction","target":{"@type":"EntryPoint","urlTemplate":"https:\/\/www.cinesouk.ma\/?s={search_term_string}"},"query-input":{"@type":"PropertyValueSpecification","valueRequired":true,"valueName":"search_term_string"}}],"inLanguage":"fr-FR"},{"@type":"Organization","@id":"https:\/\/www.cinesouk.ma\/#organization","name":"CineSouk","url":"https:\/\/www.cinesouk.ma\/","logo":{"@type":"ImageObject","inLanguage":"fr-FR","@id":"https:\/\/www.cinesouk.ma\/#\/schema\/logo\/image\/","url":"https:\/\/www.cinesouk.ma\/wp-content\/uploads\/2024\/01\/CineSouk-logo-v01-alpha-alligned-left.png","contentUrl":"https:\/\/www.cinesouk.ma\/wp-content\/uploads\/2024\/01\/CineSouk-logo-v01-alpha-alligned-left.png","width":3204,"height":889,"caption":"CineSouk"},"image":{"@id":"https:\/\/www.cinesouk.ma\/#\/schema\/logo\/image\/"}}]}},"_links":{"self":[{"href":"https:\/\/www.cinesouk.ma\/fr\/wp-json\/wp\/v2\/product\/12870","targetHints":{"allow":["GET"]}}],"collection":[{"href":"https:\/\/www.cinesouk.ma\/fr\/wp-json\/wp\/v2\/product"}],"about":[{"href":"https:\/\/www.cinesouk.ma\/fr\/wp-json\/wp\/v2\/types\/product"}],"wp:featuredmedia":[{"embeddable":true,"href":"https:\/\/www.cinesouk.ma\/fr\/wp-json\/wp\/v2\/media\/12881"}],"wp:attachment":[{"href":"https:\/\/www.cinesouk.ma\/fr\/wp-json\/wp\/v2\/media?parent=12870"}],"wp:term":[{"taxonomy":"product_brand","embeddable":true,"href":"https:\/\/www.cinesouk.ma\/fr\/wp-json\/wp\/v2\/product_brand?post=12870"},{"taxonomy":"product_cat","embeddable":true,"href":"https:\/\/www.cinesouk.ma\/fr\/wp-json\/wp\/v2\/product_cat?post=12870"},{"taxonomy":"product_tag","embeddable":true,"href":"https:\/\/www.cinesouk.ma\/fr\/wp-json\/wp\/v2\/product_tag?post=12870"}],"curies":[{"name":"wp","href":"https:\/\/api.w.org\/{rel}","templated":true}]}}