{"id":12882,"date":"2025-05-03T08:01:02","date_gmt":"2025-05-03T08:01:02","guid":{"rendered":"https:\/\/www.cinesouk.ma\/?post_type=product&#038;p=12882"},"modified":"2025-05-11T15:03:51","modified_gmt":"2025-05-11T15:03:51","slug":"deity-spd-hr3u-cable","status":"publish","type":"product","link":"https:\/\/www.cinesouk.ma\/fr\/produit\/deity-spd-hr3u-cable\/","title":{"rendered":"C\u00e2ble Deity SPD-HR3U"},"content":{"rendered":"<p class=\"\" data-start=\"339\" data-end=\"764\">Le Deity SPD-HR3U est un c\u00e2ble d'alimentation Hirose 4 broches vers triple USB-C con\u00e7u pour les configurations audio professionnelles. Il permet aux utilisateurs d'alimenter simultan\u00e9ment jusqu'\u00e0 trois appareils USB-C \u00e0 partir d'une seule source d'alimentation compatible Hirose, comme le Deity SPD-1 ou les syst\u00e8mes de distribution Audio Root. Cette capacit\u00e9 est particuli\u00e8rement b\u00e9n\u00e9fique pour les sacs de son, o\u00f9 plusieurs appareils n\u00e9cessitent une alimentation fiable sans l'encombrement de plusieurs c\u00e2bles.<\/p>\n<h3 data-start=\"766\" data-end=\"783\"><strong data-start=\"766\" data-end=\"783\">Caract\u00e9ristiques principales :<\/strong><\/h3>\n<ul data-start=\"785\" data-end=\"1623\">\n<li class=\"\" data-start=\"785\" data-end=\"940\">\n<p class=\"\" data-start=\"787\" data-end=\"940\"><strong data-start=\"787\" data-end=\"812\">Triple sortie USB-C :<\/strong> Permet d'alimenter simultan\u00e9ment trois p\u00e9riph\u00e9riques USB-C, en rationalisant votre installation et en r\u00e9duisant les complexit\u00e9s li\u00e9es \u00e0 la gestion des c\u00e2bles.<\/p>\n<\/li>\n<li class=\"\" data-start=\"942\" data-end=\"1104\">\n<p class=\"\" data-start=\"944\" data-end=\"1104\"><strong data-start=\"944\" data-end=\"971\">Connecteur Hirose \u00e0 4 broches :<\/strong> Assure une connexion s\u00e9curis\u00e9e et stable aux unit\u00e9s de distribution d'\u00e9nergie compatibles, fournissant un flux d'\u00e9nergie constant aux appareils connect\u00e9s.<\/p>\n<\/li>\n<li class=\"\" data-start=\"1106\" data-end=\"1425\">\n<p class=\"\" data-start=\"1108\" data-end=\"1177\"><strong data-start=\"1108\" data-end=\"1132\">Large compatibilit\u00e9 :<\/strong> Prise en charge d'une large gamme d'appareils, y compris :<\/p>\n<ul data-start=\"1180\" data-end=\"1425\">\n<li class=\"\" data-start=\"1180\" data-end=\"1206\">\n<p class=\"\" data-start=\"1182\" data-end=\"1206\">Emetteur Sony UTX-B40<\/p>\n<\/li>\n<li class=\"\" data-start=\"1209\" data-end=\"1232\">\n<p class=\"\" data-start=\"1211\" data-end=\"1232\">R\u00e9cepteur Sony URX-P40<\/p>\n<\/li>\n<li class=\"\" data-start=\"1235\" data-end=\"1272\">\n<p class=\"\" data-start=\"1237\" data-end=\"1272\">Sony URX-P41D Dual Channel Receiver (R\u00e9cepteur \u00e0 deux canaux)<\/p>\n<\/li>\n<li class=\"\" data-start=\"1275\" data-end=\"1297\">\n<p class=\"\" data-start=\"1277\" data-end=\"1297\">Deity Connect DUO-RX<\/p>\n<\/li>\n<li class=\"\" data-start=\"1300\" data-end=\"1322\">\n<p class=\"\" data-start=\"1302\" data-end=\"1322\">Deity Connect BP-TRX<\/p>\n<\/li>\n<li class=\"\" data-start=\"1325\" data-end=\"1337\">\n<p class=\"\" data-start=\"1327\" data-end=\"1337\">D\u00e9it\u00e9 DBTX<\/p>\n<\/li>\n<li class=\"\" data-start=\"1340\" data-end=\"1352\">\n<p class=\"\" data-start=\"1342\" data-end=\"1352\">D\u00e9it\u00e9 D2RX<\/p>\n<\/li>\n<li class=\"\" data-start=\"1355\" data-end=\"1367\">\n<p class=\"\" data-start=\"1357\" data-end=\"1367\">D\u00e9it\u00e9 TC-1<\/p>\n<\/li>\n<li class=\"\" data-start=\"1370\" data-end=\"1379\">\n<p class=\"\" data-start=\"1372\" data-end=\"1379\">Zoom F6<\/p>\n<\/li>\n<li class=\"\" data-start=\"1382\" data-end=\"1398\">\n<p class=\"\" data-start=\"1384\" data-end=\"1398\">T\u00e9l\u00e9phones Android<\/p>\n<\/li>\n<li class=\"\" data-start=\"1401\" data-end=\"1425\">\n<p class=\"\" data-start=\"1403\" data-end=\"1425\">iPads avec ports USB-C<\/p>\n<\/li>\n<\/ul>\n<\/li>\n<li class=\"\" data-start=\"1427\" data-end=\"1623\">\n<p class=\"\" data-start=\"1429\" data-end=\"1623\"><strong data-start=\"1429\" data-end=\"1460\">Conception compacte et durable :<\/strong> Con\u00e7u pour r\u00e9sister aux rigueurs de la production sur le terrain, le SPD-HR3U, de par sa forme compacte et sa construction robuste, est le choix id\u00e9al pour les professionnels en d\u00e9placement.<\/p>\n<\/li>\n<\/ul>\n<h3 data-start=\"1625\" data-end=\"1644\"><strong data-start=\"1625\" data-end=\"1644\">Sp\u00e9cifications :<\/strong><\/h3>\n<ul data-start=\"1646\" data-end=\"1869\">\n<li class=\"\" data-start=\"1646\" data-end=\"1707\">\n<p class=\"\" data-start=\"1648\" data-end=\"1707\"><strong data-start=\"1648\" data-end=\"1663\">Connecteurs :<\/strong> 1x Hirose 4 broches (entr\u00e9e), 3x USB-C (sorties)<\/p>\n<\/li>\n<li class=\"\" data-start=\"1708\" data-end=\"1761\">\n<p class=\"\" data-start=\"1710\" data-end=\"1761\"><strong data-start=\"1710\" data-end=\"1727\">Longueur du c\u00e2ble :<\/strong> Non sp\u00e9cifi\u00e9 par le fabricant<\/p>\n<\/li>\n<li class=\"\" data-start=\"1762\" data-end=\"1807\">\n<p class=\"\" data-start=\"1764\" data-end=\"1807\"><strong data-start=\"1764\" data-end=\"1775\">Poids :<\/strong> Environ 0,2 lb (90 grammes)<\/p>\n<\/li>\n<li class=\"\" data-start=\"1808\" data-end=\"1869\">\n<p class=\"\" data-start=\"1810\" data-end=\"1869\"><strong data-start=\"1810\" data-end=\"1825\">Dimensions :<\/strong> 5 x 4.3 x 1.1 pouces (12.7 x 10.9 x 2.8 cm)<\/p>\n<\/li>\n<\/ul>\n<p class=\"\" data-start=\"1871\" data-end=\"2120\">En r\u00e9sum\u00e9, le c\u00e2ble Deity SPD-HR3U offre une solution pratique et efficace pour alimenter plusieurs appareils USB-C \u00e0 partir d'une seule source compatible Hirose. Sa polyvalence et sa conception robuste en font un ajout pr\u00e9cieux \u00e0 toute installation audio professionnelle.<\/p>\n<p><strong>Louez-le maintenant sur <a href=\"https:\/\/www.cinesouk.ma\/fr\">CINESOUK<\/a> - une marque de <a href=\"https:\/\/www.broadway.ma\/\">BROADWAY PRODUCTIONS SARL.<\/a><\/strong><\/p>","protected":false},"excerpt":{"rendered":"<h3>Sp\u00e9cifications :<\/h3>\n<ul>\n<li class=\"\" data-start=\"1646\" data-end=\"1707\">\n<p class=\"\" data-start=\"1648\" data-end=\"1707\"><strong data-start=\"1648\" data-end=\"1663\">Connecteurs :<\/strong> 1x Hirose 4 broches (entr\u00e9e), 3x USB-C (sorties)<\/p>\n<\/li>\n<li class=\"\" data-start=\"1708\" data-end=\"1761\">\n<p class=\"\" data-start=\"1710\" data-end=\"1761\"><strong data-start=\"1710\" data-end=\"1727\">Longueur du c\u00e2ble :<\/strong> Non sp\u00e9cifi\u00e9 par le fabricant<\/p>\n<\/li>\n<li class=\"\" data-start=\"1762\" data-end=\"1807\">\n<p class=\"\" data-start=\"1764\" data-end=\"1807\"><strong data-start=\"1764\" data-end=\"1775\">Poids :<\/strong> Environ 0,2 lb (90 grammes)<\/p>\n<\/li>\n<li class=\"\" data-start=\"1808\" data-end=\"1869\">\n<p class=\"\" data-start=\"1810\" data-end=\"1869\"><strong data-start=\"1810\" data-end=\"1825\">Dimensions :<\/strong> 5 x 4.3 x 1.1 pouces (12.7 x 10.9 x 2.8 cm)<\/p>\n<\/li>\n<\/ul>","protected":false},"featured_media":12893,"template":"","meta":{"om_disable_all_campaigns":false,"_monsterinsights_skip_tracking":false,"_monsterinsights_sitenote_active":false,"_monsterinsights_sitenote_note":"","_monsterinsights_sitenote_category":0,"_uf_show_specific_survey":0,"_uf_disable_surveys":false},"product_brand":[],"product_cat":[55,35],"product_tag":[],"class_list":{"0":"post-12882","1":"product","2":"type-product","3":"status-publish","4":"has-post-thumbnail","6":"product_cat-cables-cinesouk","7":"product_cat-sound-cinesouk","9":"entry","10":"has-media","12":"first","13":"instock","14":"taxable","15":"shipping-taxable","16":"purchasable","17":"product-type-variable","18":"has-product-nav","19":"col","20":"span_1_of_3","21":"owp-content-center","22":"owp-thumbs-layout-horizontal","23":"owp-btn-normal","24":"owp-tabs-layout-horizontal","25":"has-no-thumbnails"},"yoast_head":"<!-- This site is optimized with the Yoast SEO Premium plugin v26.0 (Yoast SEO v26.0) - https:\/\/yoast.com\/wordpress\/plugins\/seo\/ -->\n<title>Deity SPD-HR3U Cable - CineSouk - Marrakech | Morocco - For rent<\/title>\n<meta name=\"description\" content=\"The Deity SPD-HR3U Cable connects a 4-pin Hirose power source to three USB-C devices, providing simultaneous power delivery for professional audio equipment.\" \/>\n<meta name=\"robots\" content=\"index, follow, max-snippet:-1, max-image-preview:large, max-video-preview:-1\" \/>\n<link rel=\"canonical\" href=\"https:\/\/www.cinesouk.ma\/fr\/produit\/deity-spd-hr3u-cable\/\" \/>\n<meta property=\"og:locale\" content=\"fr_FR\" \/>\n<meta property=\"og:type\" content=\"article\" \/>\n<meta property=\"og:title\" content=\"Deity SPD-HR3U Cable\" \/>\n<meta property=\"og:description\" content=\"The Deity SPD-HR3U Cable connects a 4-pin Hirose power source to three USB-C devices, providing simultaneous power delivery for professional audio equipment.\" \/>\n<meta property=\"og:url\" content=\"https:\/\/www.cinesouk.ma\/fr\/produit\/deity-spd-hr3u-cable\/\" \/>\n<meta property=\"og:site_name\" content=\"CineSouk\" \/>\n<meta property=\"article:modified_time\" content=\"2025-05-11T15:03:51+00:00\" \/>\n<meta property=\"og:image\" content=\"https:\/\/www.cinesouk.ma\/wp-content\/uploads\/2025\/05\/Deity-SPD-HR3U-Cable.jpg\" \/>\n\t<meta property=\"og:image:width\" content=\"300\" \/>\n\t<meta property=\"og:image:height\" content=\"238\" \/>\n\t<meta property=\"og:image:type\" content=\"image\/jpeg\" \/>\n<meta name=\"twitter:card\" content=\"summary_large_image\" \/>\n<meta name=\"twitter:description\" content=\"The Deity SPD-HR3U Cable connects a 4-pin Hirose power source to three USB-C devices, providing simultaneous power delivery for professional audio equipment.\" \/>\n<meta name=\"twitter:label1\" content=\"Dur\u00e9e de lecture estim\u00e9e\" \/>\n\t<meta name=\"twitter:data1\" content=\"2 minutes\" \/>\n<script type=\"application\/ld+json\" class=\"yoast-schema-graph\">{\"@context\":\"https:\/\/schema.org\",\"@graph\":[{\"@type\":\"WebPage\",\"@id\":\"https:\/\/www.cinesouk.ma\/product\/deity-spd-hr3u-cable\/\",\"url\":\"https:\/\/www.cinesouk.ma\/product\/deity-spd-hr3u-cable\/\",\"name\":\"Deity SPD-HR3U Cable - CineSouk - Marrakech | Morocco - For rent\",\"isPartOf\":{\"@id\":\"https:\/\/www.cinesouk.ma\/#website\"},\"primaryImageOfPage\":{\"@id\":\"https:\/\/www.cinesouk.ma\/product\/deity-spd-hr3u-cable\/#primaryimage\"},\"image\":{\"@id\":\"https:\/\/www.cinesouk.ma\/product\/deity-spd-hr3u-cable\/#primaryimage\"},\"thumbnailUrl\":\"https:\/\/www.cinesouk.ma\/wp-content\/uploads\/2025\/05\/Deity-SPD-HR3U-Cable.jpg\",\"datePublished\":\"2025-05-03T08:01:02+00:00\",\"dateModified\":\"2025-05-11T15:03:51+00:00\",\"description\":\"The Deity SPD-HR3U Cable connects a 4-pin Hirose power source to three USB-C devices, providing simultaneous power delivery for professional audio equipment.\",\"breadcrumb\":{\"@id\":\"https:\/\/www.cinesouk.ma\/product\/deity-spd-hr3u-cable\/#breadcrumb\"},\"inLanguage\":\"fr-FR\",\"potentialAction\":[{\"@type\":\"ReadAction\",\"target\":[\"https:\/\/www.cinesouk.ma\/product\/deity-spd-hr3u-cable\/\"]}]},{\"@type\":\"ImageObject\",\"inLanguage\":\"fr-FR\",\"@id\":\"https:\/\/www.cinesouk.ma\/product\/deity-spd-hr3u-cable\/#primaryimage\",\"url\":\"https:\/\/www.cinesouk.ma\/wp-content\/uploads\/2025\/05\/Deity-SPD-HR3U-Cable.jpg\",\"contentUrl\":\"https:\/\/www.cinesouk.ma\/wp-content\/uploads\/2025\/05\/Deity-SPD-HR3U-Cable.jpg\",\"width\":300,\"height\":238,\"caption\":\"Deity SPD-HR3U Cable\"},{\"@type\":\"BreadcrumbList\",\"@id\":\"https:\/\/www.cinesouk.ma\/product\/deity-spd-hr3u-cable\/#breadcrumb\",\"itemListElement\":[{\"@type\":\"ListItem\",\"position\":1,\"name\":\"Home\",\"item\":\"https:\/\/www.cinesouk.ma\/\"},{\"@type\":\"ListItem\",\"position\":2,\"name\":\"Shop\",\"item\":\"https:\/\/www.cinesouk.ma\/shop\/\"},{\"@type\":\"ListItem\",\"position\":3,\"name\":\"Deity SPD-HR3U Cable\"}]},{\"@type\":\"WebSite\",\"@id\":\"https:\/\/www.cinesouk.ma\/#website\",\"url\":\"https:\/\/www.cinesouk.ma\/\",\"name\":\"CineSouk\",\"description\":\"\",\"publisher\":{\"@id\":\"https:\/\/www.cinesouk.ma\/#organization\"},\"potentialAction\":[{\"@type\":\"SearchAction\",\"target\":{\"@type\":\"EntryPoint\",\"urlTemplate\":\"https:\/\/www.cinesouk.ma\/?s={search_term_string}\"},\"query-input\":{\"@type\":\"PropertyValueSpecification\",\"valueRequired\":true,\"valueName\":\"search_term_string\"}}],\"inLanguage\":\"fr-FR\"},{\"@type\":\"Organization\",\"@id\":\"https:\/\/www.cinesouk.ma\/#organization\",\"name\":\"CineSouk\",\"url\":\"https:\/\/www.cinesouk.ma\/\",\"logo\":{\"@type\":\"ImageObject\",\"inLanguage\":\"fr-FR\",\"@id\":\"https:\/\/www.cinesouk.ma\/#\/schema\/logo\/image\/\",\"url\":\"https:\/\/www.cinesouk.ma\/wp-content\/uploads\/2024\/01\/CineSouk-logo-v01-alpha-alligned-left.png\",\"contentUrl\":\"https:\/\/www.cinesouk.ma\/wp-content\/uploads\/2024\/01\/CineSouk-logo-v01-alpha-alligned-left.png\",\"width\":3204,\"height\":889,\"caption\":\"CineSouk\"},\"image\":{\"@id\":\"https:\/\/www.cinesouk.ma\/#\/schema\/logo\/image\/\"}}]}<\/script>\n<!-- \/ Yoast SEO Premium plugin. -->","yoast_head_json":{"title":"Deity SPD-HR3U Cable - CineSouk - Marrakech | Morocco - For rent","description":"The Deity SPD-HR3U Cable connects a 4-pin Hirose power source to three USB-C devices, providing simultaneous power delivery for professional audio equipment.","robots":{"index":"index","follow":"follow","max-snippet":"max-snippet:-1","max-image-preview":"max-image-preview:large","max-video-preview":"max-video-preview:-1"},"canonical":"https:\/\/www.cinesouk.ma\/fr\/produit\/deity-spd-hr3u-cable\/","og_locale":"fr_FR","og_type":"article","og_title":"Deity SPD-HR3U Cable","og_description":"The Deity SPD-HR3U Cable connects a 4-pin Hirose power source to three USB-C devices, providing simultaneous power delivery for professional audio equipment.","og_url":"https:\/\/www.cinesouk.ma\/fr\/produit\/deity-spd-hr3u-cable\/","og_site_name":"CineSouk","article_modified_time":"2025-05-11T15:03:51+00:00","og_image":[{"width":300,"height":238,"url":"https:\/\/www.cinesouk.ma\/wp-content\/uploads\/2025\/05\/Deity-SPD-HR3U-Cable.jpg","type":"image\/jpeg"}],"twitter_card":"summary_large_image","twitter_description":"The Deity SPD-HR3U Cable connects a 4-pin Hirose power source to three USB-C devices, providing simultaneous power delivery for professional audio equipment.","twitter_misc":{"Dur\u00e9e de lecture estim\u00e9e":"2 minutes"},"schema":{"@context":"https:\/\/schema.org","@graph":[{"@type":"WebPage","@id":"https:\/\/www.cinesouk.ma\/product\/deity-spd-hr3u-cable\/","url":"https:\/\/www.cinesouk.ma\/product\/deity-spd-hr3u-cable\/","name":"Deity SPD-HR3U Cable - CineSouk - Marrakech | Morocco - For rent","isPartOf":{"@id":"https:\/\/www.cinesouk.ma\/#website"},"primaryImageOfPage":{"@id":"https:\/\/www.cinesouk.ma\/product\/deity-spd-hr3u-cable\/#primaryimage"},"image":{"@id":"https:\/\/www.cinesouk.ma\/product\/deity-spd-hr3u-cable\/#primaryimage"},"thumbnailUrl":"https:\/\/www.cinesouk.ma\/wp-content\/uploads\/2025\/05\/Deity-SPD-HR3U-Cable.jpg","datePublished":"2025-05-03T08:01:02+00:00","dateModified":"2025-05-11T15:03:51+00:00","description":"The Deity SPD-HR3U Cable connects a 4-pin Hirose power source to three USB-C devices, providing simultaneous power delivery for professional audio equipment.","breadcrumb":{"@id":"https:\/\/www.cinesouk.ma\/product\/deity-spd-hr3u-cable\/#breadcrumb"},"inLanguage":"fr-FR","potentialAction":[{"@type":"ReadAction","target":["https:\/\/www.cinesouk.ma\/product\/deity-spd-hr3u-cable\/"]}]},{"@type":"ImageObject","inLanguage":"fr-FR","@id":"https:\/\/www.cinesouk.ma\/product\/deity-spd-hr3u-cable\/#primaryimage","url":"https:\/\/www.cinesouk.ma\/wp-content\/uploads\/2025\/05\/Deity-SPD-HR3U-Cable.jpg","contentUrl":"https:\/\/www.cinesouk.ma\/wp-content\/uploads\/2025\/05\/Deity-SPD-HR3U-Cable.jpg","width":300,"height":238,"caption":"Deity SPD-HR3U Cable"},{"@type":"BreadcrumbList","@id":"https:\/\/www.cinesouk.ma\/product\/deity-spd-hr3u-cable\/#breadcrumb","itemListElement":[{"@type":"ListItem","position":1,"name":"Home","item":"https:\/\/www.cinesouk.ma\/"},{"@type":"ListItem","position":2,"name":"Shop","item":"https:\/\/www.cinesouk.ma\/shop\/"},{"@type":"ListItem","position":3,"name":"Deity SPD-HR3U Cable"}]},{"@type":"WebSite","@id":"https:\/\/www.cinesouk.ma\/#website","url":"https:\/\/www.cinesouk.ma\/","name":"CineSouk","description":"","publisher":{"@id":"https:\/\/www.cinesouk.ma\/#organization"},"potentialAction":[{"@type":"SearchAction","target":{"@type":"EntryPoint","urlTemplate":"https:\/\/www.cinesouk.ma\/?s={search_term_string}"},"query-input":{"@type":"PropertyValueSpecification","valueRequired":true,"valueName":"search_term_string"}}],"inLanguage":"fr-FR"},{"@type":"Organization","@id":"https:\/\/www.cinesouk.ma\/#organization","name":"CineSouk","url":"https:\/\/www.cinesouk.ma\/","logo":{"@type":"ImageObject","inLanguage":"fr-FR","@id":"https:\/\/www.cinesouk.ma\/#\/schema\/logo\/image\/","url":"https:\/\/www.cinesouk.ma\/wp-content\/uploads\/2024\/01\/CineSouk-logo-v01-alpha-alligned-left.png","contentUrl":"https:\/\/www.cinesouk.ma\/wp-content\/uploads\/2024\/01\/CineSouk-logo-v01-alpha-alligned-left.png","width":3204,"height":889,"caption":"CineSouk"},"image":{"@id":"https:\/\/www.cinesouk.ma\/#\/schema\/logo\/image\/"}}]}},"_links":{"self":[{"href":"https:\/\/www.cinesouk.ma\/fr\/wp-json\/wp\/v2\/product\/12882","targetHints":{"allow":["GET"]}}],"collection":[{"href":"https:\/\/www.cinesouk.ma\/fr\/wp-json\/wp\/v2\/product"}],"about":[{"href":"https:\/\/www.cinesouk.ma\/fr\/wp-json\/wp\/v2\/types\/product"}],"wp:featuredmedia":[{"embeddable":true,"href":"https:\/\/www.cinesouk.ma\/fr\/wp-json\/wp\/v2\/media\/12893"}],"wp:attachment":[{"href":"https:\/\/www.cinesouk.ma\/fr\/wp-json\/wp\/v2\/media?parent=12882"}],"wp:term":[{"taxonomy":"product_brand","embeddable":true,"href":"https:\/\/www.cinesouk.ma\/fr\/wp-json\/wp\/v2\/product_brand?post=12882"},{"taxonomy":"product_cat","embeddable":true,"href":"https:\/\/www.cinesouk.ma\/fr\/wp-json\/wp\/v2\/product_cat?post=12882"},{"taxonomy":"product_tag","embeddable":true,"href":"https:\/\/www.cinesouk.ma\/fr\/wp-json\/wp\/v2\/product_tag?post=12882"}],"curies":[{"name":"wp","href":"https:\/\/api.w.org\/{rel}","templated":true}]}}