{"id":12906,"date":"2025-05-05T09:20:37","date_gmt":"2025-05-05T09:20:37","guid":{"rendered":"https:\/\/www.cinesouk.ma\/?post_type=product&#038;p=12906"},"modified":"2025-05-11T15:03:42","modified_gmt":"2025-05-11T15:03:42","slug":"deity-c23-connector","status":"publish","type":"product","link":"https:\/\/www.cinesouk.ma\/fr\/produit\/deity-c23-connector\/","title":{"rendered":"Connecteur Deity C23"},"content":{"rendered":"<p class=\"\" data-start=\"219\" data-end=\"504\">Le connecteur Deity C23 est un c\u00e2ble adaptateur fiable con\u00e7u pour relier les appareils de timecode dot\u00e9s de ports LEMO \u00e0 5 broches aux appareils utilisant des entr\u00e9es TRS de 3,5 mm. Con\u00e7u pour la production professionnelle de films et de vid\u00e9os, il assure une synchronisation pr\u00e9cise du timecode entre une large gamme d'\u00e9quipements.<\/p>\n<p class=\"\" data-start=\"506\" data-end=\"523\"><strong data-start=\"506\" data-end=\"523\">Caract\u00e9ristiques principales :<\/strong><\/p>\n<ul data-start=\"525\" data-end=\"1262\">\n<li class=\"\" data-start=\"525\" data-end=\"763\">\n<p class=\"\" data-start=\"527\" data-end=\"763\"><strong data-start=\"527\" data-end=\"563\">LEMO 5 broches vers TRS 3,5 mm verrouillable :<\/strong> Ce c\u00e2ble relie des appareils tels que le Deity TC-1 ou d'autres g\u00e9n\u00e9rateurs de timecode \u00e0 des cam\u00e9ras et des enregistreurs \u00e0 l'aide d'un port TRS 3,5 mm verrouillable. Il assure ainsi un transfert coh\u00e9rent et pr\u00e9cis du timecode.<\/p>\n<\/li>\n<li class=\"\" data-start=\"765\" data-end=\"905\">\n<p class=\"\" data-start=\"767\" data-end=\"905\"><strong data-start=\"767\" data-end=\"782\">Ajustement s\u00fbr :<\/strong> Le connecteur TRS verrouillable maintient le c\u00e2ble fermement en place, m\u00eame pendant les prises de vue actives ou lorsque l'on d\u00e9place rapidement le mat\u00e9riel.<\/p>\n<\/li>\n<li class=\"\" data-start=\"907\" data-end=\"1080\">\n<p class=\"\" data-start=\"909\" data-end=\"1080\"><strong data-start=\"909\" data-end=\"944\">Transmission pr\u00e9cise du code temporel :<\/strong> Con\u00e7u sp\u00e9cifiquement pour le timecode, le C23 fournit un signal fiable sans interf\u00e9rence, r\u00e9duisant ainsi les probl\u00e8mes de synchronisation en post-production.<\/p>\n<\/li>\n<li class=\"\" data-start=\"1082\" data-end=\"1262\">\n<p class=\"\" data-start=\"1084\" data-end=\"1262\"><strong data-start=\"1084\" data-end=\"1112\">Durabilit\u00e9 professionnelle :<\/strong> Deity a construit le c\u00e2ble en utilisant des mat\u00e9riaux solides et flexibles qui r\u00e9sistent aux exigences de l'utilisation sur le plateau. Il est l\u00e9ger, mais suffisamment r\u00e9sistant pour une utilisation quotidienne.<\/p>\n<\/li>\n<\/ul>\n<p class=\"\" data-start=\"1264\" data-end=\"1283\"><strong data-start=\"1264\" data-end=\"1283\">Sp\u00e9cifications :<\/strong><\/p>\n<ul data-start=\"1285\" data-end=\"1495\">\n<li class=\"\" data-start=\"1285\" data-end=\"1329\">\n<p class=\"\" data-start=\"1287\" data-end=\"1329\"><strong data-start=\"1287\" data-end=\"1303\">Connecteur A :<\/strong> LEMO \u00e0 5 broches (compatible)<\/p>\n<\/li>\n<li class=\"\" data-start=\"1330\" data-end=\"1368\">\n<p class=\"\" data-start=\"1332\" data-end=\"1368\"><strong data-start=\"1332\" data-end=\"1348\">Connecteur B :<\/strong> Verrouillage 3,5 mm TRS<\/p>\n<\/li>\n<li class=\"\" data-start=\"1369\" data-end=\"1415\">\n<p class=\"\" data-start=\"1371\" data-end=\"1415\"><strong data-start=\"1371\" data-end=\"1384\">Fonction :<\/strong> Transmission du signal de timecode<\/p>\n<\/li>\n<li class=\"\" data-start=\"1416\" data-end=\"1445\">\n<p class=\"\" data-start=\"1418\" data-end=\"1445\"><strong data-start=\"1418\" data-end=\"1429\">Longueur :<\/strong> Environ 40 cm<\/p>\n<\/li>\n<li class=\"\" data-start=\"1446\" data-end=\"1466\">\n<p class=\"\" data-start=\"1448\" data-end=\"1466\"><strong data-start=\"1448\" data-end=\"1458\">Couleur :<\/strong> Noir<\/p>\n<\/li>\n<li class=\"\" data-start=\"1467\" data-end=\"1495\">\n<p class=\"\" data-start=\"1469\" data-end=\"1495\"><strong data-start=\"1469\" data-end=\"1480\">Poids :<\/strong> Environ 0,06 lb<\/p>\n<\/li>\n<\/ul>\n<p class=\"\" data-start=\"1497\" data-end=\"1763\">En conclusion, le connecteur Deity C23 offre aux professionnels un moyen simple et s\u00fbr de synchroniser le timecode entre diff\u00e9rents types de mat\u00e9riel. Que vous travailliez sur un plateau de tournage, dans un studio ou en d\u00e9placement, ce c\u00e2ble garantit des flux de travail fluides et une synchronisation pr\u00e9cise \u00e0 chaque fois.<\/p>\n<p><strong>Louez-le maintenant sur <a href=\"https:\/\/www.cinesouk.ma\/fr\">CINESOUK<\/a> - une marque de <a href=\"https:\/\/www.broadway.ma\/\">BROADWAY PRODUCTIONS SARL.<\/a><\/strong><\/p>","protected":false},"excerpt":{"rendered":"<h3>Sp\u00e9cifications :<\/h3>\n<ul>\n<li class=\"\" data-start=\"1285\" data-end=\"1329\">\n<p class=\"\" data-start=\"1287\" data-end=\"1329\"><strong data-start=\"1287\" data-end=\"1303\">Connecteur A :<\/strong> LEMO \u00e0 5 broches (compatible)<\/p>\n<\/li>\n<li class=\"\" data-start=\"1330\" data-end=\"1368\">\n<p class=\"\" data-start=\"1332\" data-end=\"1368\"><strong data-start=\"1332\" data-end=\"1348\">Connecteur B :<\/strong> Verrouillage 3,5 mm TRS<\/p>\n<\/li>\n<li class=\"\" data-start=\"1369\" data-end=\"1415\">\n<p class=\"\" data-start=\"1371\" data-end=\"1415\"><strong data-start=\"1371\" data-end=\"1384\">Fonction :<\/strong> Transmission du signal de timecode<\/p>\n<\/li>\n<li class=\"\" data-start=\"1416\" data-end=\"1445\">\n<p class=\"\" data-start=\"1418\" data-end=\"1445\"><strong data-start=\"1418\" data-end=\"1429\">Longueur :<\/strong> Environ 40 cm<\/p>\n<\/li>\n<li class=\"\" data-start=\"1446\" data-end=\"1466\">\n<p class=\"\" data-start=\"1448\" data-end=\"1466\"><strong data-start=\"1448\" data-end=\"1458\">Couleur :<\/strong> Noir<\/p>\n<\/li>\n<li class=\"\" data-start=\"1467\" data-end=\"1495\">\n<p class=\"\" data-start=\"1469\" data-end=\"1495\"><strong data-start=\"1469\" data-end=\"1480\">Poids :<\/strong> Environ 0,06 lb<\/p>\n<\/li>\n<\/ul>","protected":false},"featured_media":12918,"template":"","meta":{"om_disable_all_campaigns":false,"_monsterinsights_skip_tracking":false,"_monsterinsights_sitenote_active":false,"_monsterinsights_sitenote_note":"","_monsterinsights_sitenote_category":0,"_uf_show_specific_survey":0,"_uf_disable_surveys":false},"product_brand":[],"product_cat":[35],"product_tag":[],"class_list":{"0":"post-12906","1":"product","2":"type-product","3":"status-publish","4":"has-post-thumbnail","6":"product_cat-sound-cinesouk","8":"entry","9":"has-media","11":"first","12":"instock","13":"taxable","14":"shipping-taxable","15":"purchasable","16":"product-type-variable","17":"has-product-nav","18":"col","19":"span_1_of_3","20":"owp-content-center","21":"owp-thumbs-layout-horizontal","22":"owp-btn-normal","23":"owp-tabs-layout-horizontal","24":"has-no-thumbnails"},"yoast_head":"<!-- This site is optimized with the Yoast SEO Premium plugin v26.0 (Yoast SEO v26.0) - https:\/\/yoast.com\/wordpress\/plugins\/seo\/ -->\n<title>Deity C23 Connector - CineSouk - Marrakech | Morocco - For rent<\/title>\n<meta name=\"description\" content=\"The Deity C23 Connector links 5-pin LEMO timecode devices to locking 3.5mm TRS inputs, offering secure, accurate timecode sync for professional video production.\" \/>\n<meta name=\"robots\" content=\"index, follow, max-snippet:-1, max-image-preview:large, max-video-preview:-1\" \/>\n<link rel=\"canonical\" href=\"https:\/\/www.cinesouk.ma\/fr\/produit\/deity-c23-connector\/\" \/>\n<meta property=\"og:locale\" content=\"fr_FR\" \/>\n<meta property=\"og:type\" content=\"article\" \/>\n<meta property=\"og:title\" content=\"Deity C23 Connector\" \/>\n<meta property=\"og:description\" content=\"The Deity C23 Connector links 5-pin LEMO timecode devices to locking 3.5mm TRS inputs, offering secure, accurate timecode sync for professional video production.\" \/>\n<meta property=\"og:url\" content=\"https:\/\/www.cinesouk.ma\/fr\/produit\/deity-c23-connector\/\" \/>\n<meta property=\"og:site_name\" content=\"CineSouk\" \/>\n<meta property=\"article:modified_time\" content=\"2025-05-11T15:03:42+00:00\" \/>\n<meta property=\"og:image\" content=\"https:\/\/www.cinesouk.ma\/wp-content\/uploads\/2025\/05\/Deity-C23-Connector.jpg\" \/>\n\t<meta property=\"og:image:width\" content=\"300\" \/>\n\t<meta property=\"og:image:height\" content=\"238\" \/>\n\t<meta property=\"og:image:type\" content=\"image\/jpeg\" \/>\n<meta name=\"twitter:card\" content=\"summary_large_image\" \/>\n<meta name=\"twitter:description\" content=\"The Deity C23 Connector links 5-pin LEMO timecode devices to locking 3.5mm TRS inputs, offering secure, accurate timecode sync for professional video production.\" \/>\n<meta name=\"twitter:label1\" content=\"Dur\u00e9e de lecture estim\u00e9e\" \/>\n\t<meta name=\"twitter:data1\" content=\"2 minutes\" \/>\n<script type=\"application\/ld+json\" class=\"yoast-schema-graph\">{\"@context\":\"https:\/\/schema.org\",\"@graph\":[{\"@type\":\"WebPage\",\"@id\":\"https:\/\/www.cinesouk.ma\/product\/deity-c23-connector\/\",\"url\":\"https:\/\/www.cinesouk.ma\/product\/deity-c23-connector\/\",\"name\":\"Deity C23 Connector - CineSouk - Marrakech | Morocco - For rent\",\"isPartOf\":{\"@id\":\"https:\/\/www.cinesouk.ma\/#website\"},\"primaryImageOfPage\":{\"@id\":\"https:\/\/www.cinesouk.ma\/product\/deity-c23-connector\/#primaryimage\"},\"image\":{\"@id\":\"https:\/\/www.cinesouk.ma\/product\/deity-c23-connector\/#primaryimage\"},\"thumbnailUrl\":\"https:\/\/www.cinesouk.ma\/wp-content\/uploads\/2025\/05\/Deity-C23-Connector.jpg\",\"datePublished\":\"2025-05-05T09:20:37+00:00\",\"dateModified\":\"2025-05-11T15:03:42+00:00\",\"description\":\"The Deity C23 Connector links 5-pin LEMO timecode devices to locking 3.5mm TRS inputs, offering secure, accurate timecode sync for professional video production.\",\"breadcrumb\":{\"@id\":\"https:\/\/www.cinesouk.ma\/product\/deity-c23-connector\/#breadcrumb\"},\"inLanguage\":\"fr-FR\",\"potentialAction\":[{\"@type\":\"ReadAction\",\"target\":[\"https:\/\/www.cinesouk.ma\/product\/deity-c23-connector\/\"]}]},{\"@type\":\"ImageObject\",\"inLanguage\":\"fr-FR\",\"@id\":\"https:\/\/www.cinesouk.ma\/product\/deity-c23-connector\/#primaryimage\",\"url\":\"https:\/\/www.cinesouk.ma\/wp-content\/uploads\/2025\/05\/Deity-C23-Connector.jpg\",\"contentUrl\":\"https:\/\/www.cinesouk.ma\/wp-content\/uploads\/2025\/05\/Deity-C23-Connector.jpg\",\"width\":300,\"height\":238,\"caption\":\"Deity C23 Connector\"},{\"@type\":\"BreadcrumbList\",\"@id\":\"https:\/\/www.cinesouk.ma\/product\/deity-c23-connector\/#breadcrumb\",\"itemListElement\":[{\"@type\":\"ListItem\",\"position\":1,\"name\":\"Home\",\"item\":\"https:\/\/www.cinesouk.ma\/\"},{\"@type\":\"ListItem\",\"position\":2,\"name\":\"Shop\",\"item\":\"https:\/\/www.cinesouk.ma\/shop\/\"},{\"@type\":\"ListItem\",\"position\":3,\"name\":\"Deity C23 Connector\"}]},{\"@type\":\"WebSite\",\"@id\":\"https:\/\/www.cinesouk.ma\/#website\",\"url\":\"https:\/\/www.cinesouk.ma\/\",\"name\":\"CineSouk\",\"description\":\"\",\"publisher\":{\"@id\":\"https:\/\/www.cinesouk.ma\/#organization\"},\"potentialAction\":[{\"@type\":\"SearchAction\",\"target\":{\"@type\":\"EntryPoint\",\"urlTemplate\":\"https:\/\/www.cinesouk.ma\/?s={search_term_string}\"},\"query-input\":{\"@type\":\"PropertyValueSpecification\",\"valueRequired\":true,\"valueName\":\"search_term_string\"}}],\"inLanguage\":\"fr-FR\"},{\"@type\":\"Organization\",\"@id\":\"https:\/\/www.cinesouk.ma\/#organization\",\"name\":\"CineSouk\",\"url\":\"https:\/\/www.cinesouk.ma\/\",\"logo\":{\"@type\":\"ImageObject\",\"inLanguage\":\"fr-FR\",\"@id\":\"https:\/\/www.cinesouk.ma\/#\/schema\/logo\/image\/\",\"url\":\"https:\/\/www.cinesouk.ma\/wp-content\/uploads\/2024\/01\/CineSouk-logo-v01-alpha-alligned-left.png\",\"contentUrl\":\"https:\/\/www.cinesouk.ma\/wp-content\/uploads\/2024\/01\/CineSouk-logo-v01-alpha-alligned-left.png\",\"width\":3204,\"height\":889,\"caption\":\"CineSouk\"},\"image\":{\"@id\":\"https:\/\/www.cinesouk.ma\/#\/schema\/logo\/image\/\"}}]}<\/script>\n<!-- \/ Yoast SEO Premium plugin. -->","yoast_head_json":{"title":"Deity C23 Connector - CineSouk - Marrakech | Morocco - For rent","description":"The Deity C23 Connector links 5-pin LEMO timecode devices to locking 3.5mm TRS inputs, offering secure, accurate timecode sync for professional video production.","robots":{"index":"index","follow":"follow","max-snippet":"max-snippet:-1","max-image-preview":"max-image-preview:large","max-video-preview":"max-video-preview:-1"},"canonical":"https:\/\/www.cinesouk.ma\/fr\/produit\/deity-c23-connector\/","og_locale":"fr_FR","og_type":"article","og_title":"Deity C23 Connector","og_description":"The Deity C23 Connector links 5-pin LEMO timecode devices to locking 3.5mm TRS inputs, offering secure, accurate timecode sync for professional video production.","og_url":"https:\/\/www.cinesouk.ma\/fr\/produit\/deity-c23-connector\/","og_site_name":"CineSouk","article_modified_time":"2025-05-11T15:03:42+00:00","og_image":[{"width":300,"height":238,"url":"https:\/\/www.cinesouk.ma\/wp-content\/uploads\/2025\/05\/Deity-C23-Connector.jpg","type":"image\/jpeg"}],"twitter_card":"summary_large_image","twitter_description":"The Deity C23 Connector links 5-pin LEMO timecode devices to locking 3.5mm TRS inputs, offering secure, accurate timecode sync for professional video production.","twitter_misc":{"Dur\u00e9e de lecture estim\u00e9e":"2 minutes"},"schema":{"@context":"https:\/\/schema.org","@graph":[{"@type":"WebPage","@id":"https:\/\/www.cinesouk.ma\/product\/deity-c23-connector\/","url":"https:\/\/www.cinesouk.ma\/product\/deity-c23-connector\/","name":"Deity C23 Connector - CineSouk - Marrakech | Morocco - For rent","isPartOf":{"@id":"https:\/\/www.cinesouk.ma\/#website"},"primaryImageOfPage":{"@id":"https:\/\/www.cinesouk.ma\/product\/deity-c23-connector\/#primaryimage"},"image":{"@id":"https:\/\/www.cinesouk.ma\/product\/deity-c23-connector\/#primaryimage"},"thumbnailUrl":"https:\/\/www.cinesouk.ma\/wp-content\/uploads\/2025\/05\/Deity-C23-Connector.jpg","datePublished":"2025-05-05T09:20:37+00:00","dateModified":"2025-05-11T15:03:42+00:00","description":"The Deity C23 Connector links 5-pin LEMO timecode devices to locking 3.5mm TRS inputs, offering secure, accurate timecode sync for professional video production.","breadcrumb":{"@id":"https:\/\/www.cinesouk.ma\/product\/deity-c23-connector\/#breadcrumb"},"inLanguage":"fr-FR","potentialAction":[{"@type":"ReadAction","target":["https:\/\/www.cinesouk.ma\/product\/deity-c23-connector\/"]}]},{"@type":"ImageObject","inLanguage":"fr-FR","@id":"https:\/\/www.cinesouk.ma\/product\/deity-c23-connector\/#primaryimage","url":"https:\/\/www.cinesouk.ma\/wp-content\/uploads\/2025\/05\/Deity-C23-Connector.jpg","contentUrl":"https:\/\/www.cinesouk.ma\/wp-content\/uploads\/2025\/05\/Deity-C23-Connector.jpg","width":300,"height":238,"caption":"Deity C23 Connector"},{"@type":"BreadcrumbList","@id":"https:\/\/www.cinesouk.ma\/product\/deity-c23-connector\/#breadcrumb","itemListElement":[{"@type":"ListItem","position":1,"name":"Home","item":"https:\/\/www.cinesouk.ma\/"},{"@type":"ListItem","position":2,"name":"Shop","item":"https:\/\/www.cinesouk.ma\/shop\/"},{"@type":"ListItem","position":3,"name":"Deity C23 Connector"}]},{"@type":"WebSite","@id":"https:\/\/www.cinesouk.ma\/#website","url":"https:\/\/www.cinesouk.ma\/","name":"CineSouk","description":"","publisher":{"@id":"https:\/\/www.cinesouk.ma\/#organization"},"potentialAction":[{"@type":"SearchAction","target":{"@type":"EntryPoint","urlTemplate":"https:\/\/www.cinesouk.ma\/?s={search_term_string}"},"query-input":{"@type":"PropertyValueSpecification","valueRequired":true,"valueName":"search_term_string"}}],"inLanguage":"fr-FR"},{"@type":"Organization","@id":"https:\/\/www.cinesouk.ma\/#organization","name":"CineSouk","url":"https:\/\/www.cinesouk.ma\/","logo":{"@type":"ImageObject","inLanguage":"fr-FR","@id":"https:\/\/www.cinesouk.ma\/#\/schema\/logo\/image\/","url":"https:\/\/www.cinesouk.ma\/wp-content\/uploads\/2024\/01\/CineSouk-logo-v01-alpha-alligned-left.png","contentUrl":"https:\/\/www.cinesouk.ma\/wp-content\/uploads\/2024\/01\/CineSouk-logo-v01-alpha-alligned-left.png","width":3204,"height":889,"caption":"CineSouk"},"image":{"@id":"https:\/\/www.cinesouk.ma\/#\/schema\/logo\/image\/"}}]}},"_links":{"self":[{"href":"https:\/\/www.cinesouk.ma\/fr\/wp-json\/wp\/v2\/product\/12906","targetHints":{"allow":["GET"]}}],"collection":[{"href":"https:\/\/www.cinesouk.ma\/fr\/wp-json\/wp\/v2\/product"}],"about":[{"href":"https:\/\/www.cinesouk.ma\/fr\/wp-json\/wp\/v2\/types\/product"}],"wp:featuredmedia":[{"embeddable":true,"href":"https:\/\/www.cinesouk.ma\/fr\/wp-json\/wp\/v2\/media\/12918"}],"wp:attachment":[{"href":"https:\/\/www.cinesouk.ma\/fr\/wp-json\/wp\/v2\/media?parent=12906"}],"wp:term":[{"taxonomy":"product_brand","embeddable":true,"href":"https:\/\/www.cinesouk.ma\/fr\/wp-json\/wp\/v2\/product_brand?post=12906"},{"taxonomy":"product_cat","embeddable":true,"href":"https:\/\/www.cinesouk.ma\/fr\/wp-json\/wp\/v2\/product_cat?post=12906"},{"taxonomy":"product_tag","embeddable":true,"href":"https:\/\/www.cinesouk.ma\/fr\/wp-json\/wp\/v2\/product_tag?post=12906"}],"curies":[{"name":"wp","href":"https:\/\/api.w.org\/{rel}","templated":true}]}}