{"id":12919,"date":"2025-05-05T09:24:57","date_gmt":"2025-05-05T09:24:57","guid":{"rendered":"https:\/\/www.cinesouk.ma\/?post_type=product&#038;p=12919"},"modified":"2025-05-11T15:03:38","modified_gmt":"2025-05-11T15:03:38","slug":"deity-c16-timecode-cable","status":"publish","type":"product","link":"https:\/\/www.cinesouk.ma\/fr\/produit\/deity-c16-timecode-cable\/","title":{"rendered":"C\u00e2ble de timecode Deity C16"},"content":{"rendered":"<p class=\"\" data-start=\"169\" data-end=\"413\">Le c\u00e2ble de timecode Deity C16 offre une synchronisation pr\u00e9cise du timecode entre les appareils avec une sortie TRS 3,5 mm verrouillable et une entr\u00e9e LEMO 4 broches. C'est un outil fiable et pratique pour les professionnels de la vid\u00e9o, en particulier ceux qui travaillent avec des syst\u00e8mes de cam\u00e9ras RED.<\/p>\n<h3 class=\"\" data-start=\"415\" data-end=\"432\">Caract\u00e9ristiques principales :<\/h3>\n<ul data-start=\"434\" data-end=\"1185\">\n<li class=\"\" data-start=\"434\" data-end=\"623\">\n<p class=\"\" data-start=\"436\" data-end=\"623\"><strong data-start=\"436\" data-end=\"464\">Compatibilit\u00e9 des connecteurs :<\/strong> L'une des extr\u00e9mit\u00e9s est \u00e9quip\u00e9e d'un connecteur TRS 3,5 mm \u00e0 angle droit. L'autre est \u00e9quip\u00e9e d'un connecteur LEMO droit \u00e0 4 broches. Cette configuration garantit une connexion s\u00fbre et stable des deux c\u00f4t\u00e9s.<\/p>\n<\/li>\n<li class=\"\" data-start=\"625\" data-end=\"789\">\n<p class=\"\" data-start=\"627\" data-end=\"789\"><strong data-start=\"627\" data-end=\"653\">Synchronisation pr\u00e9cise du code temporel :<\/strong> Ce c\u00e2ble transmet les signaux de timecode avec pr\u00e9cision. Il permet de synchroniser les appareils audio et vid\u00e9o tout au long du flux de production.<\/p>\n<\/li>\n<li class=\"\" data-start=\"791\" data-end=\"965\">\n<p class=\"\" data-start=\"793\" data-end=\"965\"><strong data-start=\"793\" data-end=\"812\">Conception durable :<\/strong> Deity utilise des mat\u00e9riaux de haute qualit\u00e9 qui r\u00e9sistent \u00e0 une utilisation r\u00e9guli\u00e8re dans des environnements de production difficiles. Le c\u00e2ble reste flexible tout en r\u00e9sistant \u00e0 l'usure.<\/p>\n<\/li>\n<li class=\"\" data-start=\"967\" data-end=\"1185\">\n<p class=\"\" data-start=\"969\" data-end=\"1185\"><strong data-start=\"969\" data-end=\"998\">Compatibilit\u00e9 avec la cam\u00e9ra RED :<\/strong> La C16 fonctionne avec les accessoires RED DSMC2 tels que le Jetpack Expander, le Jetpack-SDI et le V-Lock I\/O Expander. Elle est \u00e9galement compatible avec les mod\u00e8les RED DSMC2 tels que Helium, Gemini, Dragon-X et Monstro.<\/p>\n<\/li>\n<\/ul>\n<h3 class=\"\" data-start=\"1187\" data-end=\"1206\">Sp\u00e9cifications :<\/h3>\n<ul data-start=\"1208\" data-end=\"1409\">\n<li class=\"\" data-start=\"1208\" data-end=\"1280\">\n<p class=\"\" data-start=\"1210\" data-end=\"1280\"><strong data-start=\"1210\" data-end=\"1225\">Connecteurs :<\/strong> Verrouillage \u00e0 angle droit 3,5 mm TRS vers LEMO 4 broches droites<\/p>\n<\/li>\n<li class=\"\" data-start=\"1281\" data-end=\"1316\">\n<p class=\"\" data-start=\"1283\" data-end=\"1316\"><strong data-start=\"1283\" data-end=\"1294\">Longueur :<\/strong> Environ 40 cm<\/p>\n<\/li>\n<li class=\"\" data-start=\"1317\" data-end=\"1337\">\n<p class=\"\" data-start=\"1319\" data-end=\"1337\"><strong data-start=\"1319\" data-end=\"1329\">Couleur :<\/strong> Noir<\/p>\n<\/li>\n<li class=\"\" data-start=\"1338\" data-end=\"1368\">\n<p class=\"\" data-start=\"1340\" data-end=\"1368\"><strong data-start=\"1340\" data-end=\"1351\">Poids :<\/strong> Environ 0,06 lb<\/p>\n<\/li>\n<li class=\"\" data-start=\"1369\" data-end=\"1409\">\n<p class=\"\" data-start=\"1371\" data-end=\"1409\"><strong data-start=\"1371\" data-end=\"1381\">Construire :<\/strong> Mat\u00e9riaux durables et flexibles<\/p>\n<\/li>\n<\/ul>\n<p class=\"\" data-start=\"1425\" data-end=\"1688\">Dans les environnements de production rapides, le timecode est important. Le c\u00e2ble de timecode Deity C16 vous offre une synchronisation stable et s\u00e9curis\u00e9e avec les syst\u00e8mes de cam\u00e9ra RED et les dispositifs de timecode. Gr\u00e2ce \u00e0 sa construction solide et \u00e0 ses connecteurs fiables, c'est un choix judicieux pour tout tournage professionnel.<\/p>\n<p><strong>Louez-le maintenant sur <a href=\"https:\/\/www.cinesouk.ma\/fr\">CINESOUK<\/a> - une marque de <a href=\"https:\/\/www.broadway.ma\/\">BROADWAY PRODUCTIONS SARL.<\/a><\/strong><\/p>","protected":false},"excerpt":{"rendered":"<h3>Sp\u00e9cifications :<\/h3>\n<ul data-start=\"1208\" data-end=\"1409\">\n<li class=\"\" data-start=\"1208\" data-end=\"1280\">\n<p class=\"\" data-start=\"1210\" data-end=\"1280\"><strong data-start=\"1210\" data-end=\"1225\">Connecteurs :<\/strong> Verrouillage \u00e0 angle droit 3,5 mm TRS vers LEMO 4 broches droites<\/p>\n<\/li>\n<li class=\"\" data-start=\"1281\" data-end=\"1316\">\n<p class=\"\" data-start=\"1283\" data-end=\"1316\"><strong data-start=\"1283\" data-end=\"1294\">Longueur :<\/strong> Environ 40 cm<\/p>\n<\/li>\n<li class=\"\" data-start=\"1317\" data-end=\"1337\">\n<p class=\"\" data-start=\"1319\" data-end=\"1337\"><strong data-start=\"1319\" data-end=\"1329\">Couleur :<\/strong> Noir<\/p>\n<\/li>\n<li class=\"\" data-start=\"1338\" data-end=\"1368\">\n<p class=\"\" data-start=\"1340\" data-end=\"1368\"><strong data-start=\"1340\" data-end=\"1351\">Poids :<\/strong> Environ 0,06 lb<\/p>\n<\/li>\n<li class=\"\" data-start=\"1369\" data-end=\"1409\">\n<p class=\"\" data-start=\"1371\" data-end=\"1409\"><strong data-start=\"1371\" data-end=\"1381\">Construire :<\/strong> Mat\u00e9riaux durables et flexibles<\/p>\n<\/li>\n<\/ul>","protected":false},"featured_media":12931,"template":"","meta":{"om_disable_all_campaigns":false,"_monsterinsights_skip_tracking":false,"_monsterinsights_sitenote_active":false,"_monsterinsights_sitenote_note":"","_monsterinsights_sitenote_category":0,"_uf_show_specific_survey":0,"_uf_disable_surveys":false},"product_brand":[],"product_cat":[55,35],"product_tag":[],"class_list":{"0":"post-12919","1":"product","2":"type-product","3":"status-publish","4":"has-post-thumbnail","6":"product_cat-cables-cinesouk","7":"product_cat-sound-cinesouk","9":"entry","10":"has-media","12":"first","13":"instock","14":"taxable","15":"shipping-taxable","16":"purchasable","17":"product-type-variable","18":"has-product-nav","19":"col","20":"span_1_of_3","21":"owp-content-center","22":"owp-thumbs-layout-horizontal","23":"owp-btn-normal","24":"owp-tabs-layout-horizontal","25":"has-no-thumbnails"},"yoast_head":"<!-- This site is optimized with the Yoast SEO Premium plugin v26.0 (Yoast SEO v26.0) - https:\/\/yoast.com\/wordpress\/plugins\/seo\/ -->\n<title>Deity C16 Timecode Cable - CineSouk - Marrakech | Morocco - For rent<\/title>\n<meta name=\"description\" content=\"The Deity C16 Timecode Cable ensures secure timecode sync between 3.5mm TRS and 4-pin LEMO devices. Built tough for professional production environments.\" \/>\n<meta name=\"robots\" content=\"index, follow, max-snippet:-1, max-image-preview:large, max-video-preview:-1\" \/>\n<link rel=\"canonical\" href=\"https:\/\/www.cinesouk.ma\/fr\/produit\/deity-c16-timecode-cable\/\" \/>\n<meta property=\"og:locale\" content=\"fr_FR\" \/>\n<meta property=\"og:type\" content=\"article\" \/>\n<meta property=\"og:title\" content=\"Deity C16 Timecode Cable\" \/>\n<meta property=\"og:description\" content=\"The Deity C16 Timecode Cable ensures secure timecode sync between 3.5mm TRS and 4-pin LEMO devices. Built tough for professional production environments.\" \/>\n<meta property=\"og:url\" content=\"https:\/\/www.cinesouk.ma\/fr\/produit\/deity-c16-timecode-cable\/\" \/>\n<meta property=\"og:site_name\" content=\"CineSouk\" \/>\n<meta property=\"article:modified_time\" content=\"2025-05-11T15:03:38+00:00\" \/>\n<meta property=\"og:image\" content=\"https:\/\/www.cinesouk.ma\/wp-content\/uploads\/2025\/05\/Deity-C16-Timecode-Cable.jpg\" \/>\n\t<meta property=\"og:image:width\" content=\"300\" \/>\n\t<meta property=\"og:image:height\" content=\"238\" \/>\n\t<meta property=\"og:image:type\" content=\"image\/jpeg\" \/>\n<meta name=\"twitter:card\" content=\"summary_large_image\" \/>\n<meta name=\"twitter:description\" content=\"The Deity C16 Timecode Cable ensures secure timecode sync between 3.5mm TRS and 4-pin LEMO devices. Built tough for professional production environments.\" \/>\n<meta name=\"twitter:image\" content=\"https:\/\/www.cinesouk.ma\/wp-content\/uploads\/2025\/05\/Deity-C16-Timecode-Cable.jpg\" \/>\n<meta name=\"twitter:label1\" content=\"Dur\u00e9e de lecture estim\u00e9e\" \/>\n\t<meta name=\"twitter:data1\" content=\"2 minutes\" \/>\n<script type=\"application\/ld+json\" class=\"yoast-schema-graph\">{\"@context\":\"https:\/\/schema.org\",\"@graph\":[{\"@type\":\"WebPage\",\"@id\":\"https:\/\/www.cinesouk.ma\/product\/deity-c16-timecode-cable\/\",\"url\":\"https:\/\/www.cinesouk.ma\/product\/deity-c16-timecode-cable\/\",\"name\":\"Deity C16 Timecode Cable - CineSouk - Marrakech | Morocco - For rent\",\"isPartOf\":{\"@id\":\"https:\/\/www.cinesouk.ma\/#website\"},\"primaryImageOfPage\":{\"@id\":\"https:\/\/www.cinesouk.ma\/product\/deity-c16-timecode-cable\/#primaryimage\"},\"image\":{\"@id\":\"https:\/\/www.cinesouk.ma\/product\/deity-c16-timecode-cable\/#primaryimage\"},\"thumbnailUrl\":\"https:\/\/www.cinesouk.ma\/wp-content\/uploads\/2025\/05\/Deity-C16-Timecode-Cable.jpg\",\"datePublished\":\"2025-05-05T09:24:57+00:00\",\"dateModified\":\"2025-05-11T15:03:38+00:00\",\"description\":\"The Deity C16 Timecode Cable ensures secure timecode sync between 3.5mm TRS and 4-pin LEMO devices. Built tough for professional production environments.\",\"breadcrumb\":{\"@id\":\"https:\/\/www.cinesouk.ma\/product\/deity-c16-timecode-cable\/#breadcrumb\"},\"inLanguage\":\"fr-FR\",\"potentialAction\":[{\"@type\":\"ReadAction\",\"target\":[\"https:\/\/www.cinesouk.ma\/product\/deity-c16-timecode-cable\/\"]}]},{\"@type\":\"ImageObject\",\"inLanguage\":\"fr-FR\",\"@id\":\"https:\/\/www.cinesouk.ma\/product\/deity-c16-timecode-cable\/#primaryimage\",\"url\":\"https:\/\/www.cinesouk.ma\/wp-content\/uploads\/2025\/05\/Deity-C16-Timecode-Cable.jpg\",\"contentUrl\":\"https:\/\/www.cinesouk.ma\/wp-content\/uploads\/2025\/05\/Deity-C16-Timecode-Cable.jpg\",\"width\":300,\"height\":238,\"caption\":\"Deity C16 Timecode Cable\"},{\"@type\":\"BreadcrumbList\",\"@id\":\"https:\/\/www.cinesouk.ma\/product\/deity-c16-timecode-cable\/#breadcrumb\",\"itemListElement\":[{\"@type\":\"ListItem\",\"position\":1,\"name\":\"Home\",\"item\":\"https:\/\/www.cinesouk.ma\/\"},{\"@type\":\"ListItem\",\"position\":2,\"name\":\"Shop\",\"item\":\"https:\/\/www.cinesouk.ma\/shop\/\"},{\"@type\":\"ListItem\",\"position\":3,\"name\":\"Deity C16 Timecode Cable\"}]},{\"@type\":\"WebSite\",\"@id\":\"https:\/\/www.cinesouk.ma\/#website\",\"url\":\"https:\/\/www.cinesouk.ma\/\",\"name\":\"CineSouk\",\"description\":\"\",\"publisher\":{\"@id\":\"https:\/\/www.cinesouk.ma\/#organization\"},\"potentialAction\":[{\"@type\":\"SearchAction\",\"target\":{\"@type\":\"EntryPoint\",\"urlTemplate\":\"https:\/\/www.cinesouk.ma\/?s={search_term_string}\"},\"query-input\":{\"@type\":\"PropertyValueSpecification\",\"valueRequired\":true,\"valueName\":\"search_term_string\"}}],\"inLanguage\":\"fr-FR\"},{\"@type\":\"Organization\",\"@id\":\"https:\/\/www.cinesouk.ma\/#organization\",\"name\":\"CineSouk\",\"url\":\"https:\/\/www.cinesouk.ma\/\",\"logo\":{\"@type\":\"ImageObject\",\"inLanguage\":\"fr-FR\",\"@id\":\"https:\/\/www.cinesouk.ma\/#\/schema\/logo\/image\/\",\"url\":\"https:\/\/www.cinesouk.ma\/wp-content\/uploads\/2024\/01\/CineSouk-logo-v01-alpha-alligned-left.png\",\"contentUrl\":\"https:\/\/www.cinesouk.ma\/wp-content\/uploads\/2024\/01\/CineSouk-logo-v01-alpha-alligned-left.png\",\"width\":3204,\"height\":889,\"caption\":\"CineSouk\"},\"image\":{\"@id\":\"https:\/\/www.cinesouk.ma\/#\/schema\/logo\/image\/\"}}]}<\/script>\n<!-- \/ Yoast SEO Premium plugin. -->","yoast_head_json":{"title":"Deity C16 Timecode Cable - CineSouk - Marrakech | Morocco - For rent","description":"The Deity C16 Timecode Cable ensures secure timecode sync between 3.5mm TRS and 4-pin LEMO devices. Built tough for professional production environments.","robots":{"index":"index","follow":"follow","max-snippet":"max-snippet:-1","max-image-preview":"max-image-preview:large","max-video-preview":"max-video-preview:-1"},"canonical":"https:\/\/www.cinesouk.ma\/fr\/produit\/deity-c16-timecode-cable\/","og_locale":"fr_FR","og_type":"article","og_title":"Deity C16 Timecode Cable","og_description":"The Deity C16 Timecode Cable ensures secure timecode sync between 3.5mm TRS and 4-pin LEMO devices. Built tough for professional production environments.","og_url":"https:\/\/www.cinesouk.ma\/fr\/produit\/deity-c16-timecode-cable\/","og_site_name":"CineSouk","article_modified_time":"2025-05-11T15:03:38+00:00","og_image":[{"width":300,"height":238,"url":"https:\/\/www.cinesouk.ma\/wp-content\/uploads\/2025\/05\/Deity-C16-Timecode-Cable.jpg","type":"image\/jpeg"}],"twitter_card":"summary_large_image","twitter_description":"The Deity C16 Timecode Cable ensures secure timecode sync between 3.5mm TRS and 4-pin LEMO devices. Built tough for professional production environments.","twitter_image":"https:\/\/www.cinesouk.ma\/wp-content\/uploads\/2025\/05\/Deity-C16-Timecode-Cable.jpg","twitter_misc":{"Dur\u00e9e de lecture estim\u00e9e":"2 minutes"},"schema":{"@context":"https:\/\/schema.org","@graph":[{"@type":"WebPage","@id":"https:\/\/www.cinesouk.ma\/product\/deity-c16-timecode-cable\/","url":"https:\/\/www.cinesouk.ma\/product\/deity-c16-timecode-cable\/","name":"Deity C16 Timecode Cable - CineSouk - Marrakech | Morocco - For rent","isPartOf":{"@id":"https:\/\/www.cinesouk.ma\/#website"},"primaryImageOfPage":{"@id":"https:\/\/www.cinesouk.ma\/product\/deity-c16-timecode-cable\/#primaryimage"},"image":{"@id":"https:\/\/www.cinesouk.ma\/product\/deity-c16-timecode-cable\/#primaryimage"},"thumbnailUrl":"https:\/\/www.cinesouk.ma\/wp-content\/uploads\/2025\/05\/Deity-C16-Timecode-Cable.jpg","datePublished":"2025-05-05T09:24:57+00:00","dateModified":"2025-05-11T15:03:38+00:00","description":"The Deity C16 Timecode Cable ensures secure timecode sync between 3.5mm TRS and 4-pin LEMO devices. Built tough for professional production environments.","breadcrumb":{"@id":"https:\/\/www.cinesouk.ma\/product\/deity-c16-timecode-cable\/#breadcrumb"},"inLanguage":"fr-FR","potentialAction":[{"@type":"ReadAction","target":["https:\/\/www.cinesouk.ma\/product\/deity-c16-timecode-cable\/"]}]},{"@type":"ImageObject","inLanguage":"fr-FR","@id":"https:\/\/www.cinesouk.ma\/product\/deity-c16-timecode-cable\/#primaryimage","url":"https:\/\/www.cinesouk.ma\/wp-content\/uploads\/2025\/05\/Deity-C16-Timecode-Cable.jpg","contentUrl":"https:\/\/www.cinesouk.ma\/wp-content\/uploads\/2025\/05\/Deity-C16-Timecode-Cable.jpg","width":300,"height":238,"caption":"Deity C16 Timecode Cable"},{"@type":"BreadcrumbList","@id":"https:\/\/www.cinesouk.ma\/product\/deity-c16-timecode-cable\/#breadcrumb","itemListElement":[{"@type":"ListItem","position":1,"name":"Home","item":"https:\/\/www.cinesouk.ma\/"},{"@type":"ListItem","position":2,"name":"Shop","item":"https:\/\/www.cinesouk.ma\/shop\/"},{"@type":"ListItem","position":3,"name":"Deity C16 Timecode Cable"}]},{"@type":"WebSite","@id":"https:\/\/www.cinesouk.ma\/#website","url":"https:\/\/www.cinesouk.ma\/","name":"CineSouk","description":"","publisher":{"@id":"https:\/\/www.cinesouk.ma\/#organization"},"potentialAction":[{"@type":"SearchAction","target":{"@type":"EntryPoint","urlTemplate":"https:\/\/www.cinesouk.ma\/?s={search_term_string}"},"query-input":{"@type":"PropertyValueSpecification","valueRequired":true,"valueName":"search_term_string"}}],"inLanguage":"fr-FR"},{"@type":"Organization","@id":"https:\/\/www.cinesouk.ma\/#organization","name":"CineSouk","url":"https:\/\/www.cinesouk.ma\/","logo":{"@type":"ImageObject","inLanguage":"fr-FR","@id":"https:\/\/www.cinesouk.ma\/#\/schema\/logo\/image\/","url":"https:\/\/www.cinesouk.ma\/wp-content\/uploads\/2024\/01\/CineSouk-logo-v01-alpha-alligned-left.png","contentUrl":"https:\/\/www.cinesouk.ma\/wp-content\/uploads\/2024\/01\/CineSouk-logo-v01-alpha-alligned-left.png","width":3204,"height":889,"caption":"CineSouk"},"image":{"@id":"https:\/\/www.cinesouk.ma\/#\/schema\/logo\/image\/"}}]}},"_links":{"self":[{"href":"https:\/\/www.cinesouk.ma\/fr\/wp-json\/wp\/v2\/product\/12919","targetHints":{"allow":["GET"]}}],"collection":[{"href":"https:\/\/www.cinesouk.ma\/fr\/wp-json\/wp\/v2\/product"}],"about":[{"href":"https:\/\/www.cinesouk.ma\/fr\/wp-json\/wp\/v2\/types\/product"}],"wp:featuredmedia":[{"embeddable":true,"href":"https:\/\/www.cinesouk.ma\/fr\/wp-json\/wp\/v2\/media\/12931"}],"wp:attachment":[{"href":"https:\/\/www.cinesouk.ma\/fr\/wp-json\/wp\/v2\/media?parent=12919"}],"wp:term":[{"taxonomy":"product_brand","embeddable":true,"href":"https:\/\/www.cinesouk.ma\/fr\/wp-json\/wp\/v2\/product_brand?post=12919"},{"taxonomy":"product_cat","embeddable":true,"href":"https:\/\/www.cinesouk.ma\/fr\/wp-json\/wp\/v2\/product_cat?post=12919"},{"taxonomy":"product_tag","embeddable":true,"href":"https:\/\/www.cinesouk.ma\/fr\/wp-json\/wp\/v2\/product_tag?post=12919"}],"curies":[{"name":"wp","href":"https:\/\/api.w.org\/{rel}","templated":true}]}}