{"id":12945,"date":"2025-05-05T09:58:09","date_gmt":"2025-05-05T09:58:09","guid":{"rendered":"https:\/\/www.cinesouk.ma\/?post_type=product&#038;p=12945"},"modified":"2025-05-11T15:03:33","modified_gmt":"2025-05-11T15:03:33","slug":"deity-c17-timecode-cable","status":"publish","type":"product","link":"https:\/\/www.cinesouk.ma\/fr\/produit\/deity-c17-timecode-cable\/","title":{"rendered":"C\u00e2ble de timecode Deity C17"},"content":{"rendered":"<p class=\"\" data-start=\"204\" data-end=\"454\">Le c\u00e2ble de timecode Deity C17 est con\u00e7u pour une synchronisation pr\u00e9cise du timecode entre les appareils utilisant une entr\u00e9e LEMO \u00e0 5 broches et une sortie TRS 3,5 mm verrouillable. C'est un outil indispensable pour les cin\u00e9astes qui ont besoin d'une synchronisation audio-vid\u00e9o pr\u00e9cise dans un cadre professionnel.<\/p>\n<h3 class=\"\" data-start=\"456\" data-end=\"473\">Caract\u00e9ristiques principales :<\/h3>\n<ul data-start=\"475\" data-end=\"1171\">\n<li class=\"\" data-start=\"475\" data-end=\"665\">\n<p class=\"\" data-start=\"477\" data-end=\"665\"><strong data-start=\"477\" data-end=\"498\">Conception du connecteur :<\/strong> Ce c\u00e2ble est dot\u00e9 d'un connecteur TRS 3,5 mm verrouillable \u00e0 angle droit \u00e0 une extr\u00e9mit\u00e9 et d'un connecteur LEMO droit \u00e0 5 broches \u00e0 l'autre. Les deux extr\u00e9mit\u00e9s assurent une fixation s\u00fbre et fiable.<\/p>\n<\/li>\n<li class=\"\" data-start=\"667\" data-end=\"880\">\n<p class=\"\" data-start=\"669\" data-end=\"880\"><strong data-start=\"669\" data-end=\"707\">Parfait pour la transmission de codes temporels :<\/strong> Con\u00e7u sp\u00e9cifiquement pour le timecode, le C17 assure une synchronisation pr\u00e9cise entre votre cam\u00e9ra, votre enregistreur ou votre bo\u00eetier de timecode, ce qui permet de maintenir un flux de travail de post-production fluide.<\/p>\n<\/li>\n<li class=\"\" data-start=\"882\" data-end=\"1006\">\n<p class=\"\" data-start=\"884\" data-end=\"1006\"><strong data-start=\"884\" data-end=\"902\">Construit pour durer :<\/strong> Fabriqu\u00e9 avec des mat\u00e9riaux flexibles et durables, le c\u00e2ble r\u00e9siste \u00e0 une utilisation quotidienne sur le plateau ou sur le terrain.<\/p>\n<\/li>\n<li class=\"\" data-start=\"1008\" data-end=\"1171\">\n<p class=\"\" data-start=\"1010\" data-end=\"1171\"><strong data-start=\"1010\" data-end=\"1037\">Compatibilit\u00e9 fiable :<\/strong> Il fonctionne bien avec les appareils utilisant des entr\u00e9es de timecode LEMO \u00e0 5 broches, que l'on trouve couramment sur les cam\u00e9ras professionnelles et le mat\u00e9riel audio.<\/p>\n<\/li>\n<\/ul>\n<h3 class=\"\" data-start=\"1173\" data-end=\"1192\">Sp\u00e9cifications :<\/h3>\n<ul data-start=\"1194\" data-end=\"1416\">\n<li class=\"\" data-start=\"1194\" data-end=\"1274\">\n<p class=\"\" data-start=\"1196\" data-end=\"1274\"><strong data-start=\"1196\" data-end=\"1215\">Type de connecteur :<\/strong> Verrouillage 3,5 mm TRS (angle droit) vers 5 broches LEMO (droit)<\/p>\n<\/li>\n<li class=\"\" data-start=\"1275\" data-end=\"1310\">\n<p class=\"\" data-start=\"1277\" data-end=\"1310\"><strong data-start=\"1277\" data-end=\"1288\">Longueur :<\/strong> Environ 40 cm<\/p>\n<\/li>\n<li class=\"\" data-start=\"1311\" data-end=\"1331\">\n<p class=\"\" data-start=\"1313\" data-end=\"1331\"><strong data-start=\"1313\" data-end=\"1323\">Couleur :<\/strong> Noir<\/p>\n<\/li>\n<li class=\"\" data-start=\"1332\" data-end=\"1362\">\n<p class=\"\" data-start=\"1334\" data-end=\"1362\"><strong data-start=\"1334\" data-end=\"1345\">Poids :<\/strong> Environ 0,06 lb<\/p>\n<\/li>\n<li class=\"\" data-start=\"1363\" data-end=\"1416\">\n<p class=\"\" data-start=\"1365\" data-end=\"1416\"><strong data-start=\"1365\" data-end=\"1382\">Construction :<\/strong> Robuste et flexible pour une utilisation sur le terrain<\/p>\n<\/li>\n<\/ul>\n<p class=\"\" data-start=\"1432\" data-end=\"1662\">Le c\u00e2ble de timecode Deity C17 offre une solution s\u00fbre et efficace pour synchroniser le timecode entre vos \u00e9quipements. Avec des connecteurs de qualit\u00e9 professionnelle et une construction robuste, c'est un accessoire fiable pour toute production exigeant de la pr\u00e9cision.<\/p>\n<p><strong>Louez-le maintenant sur <a href=\"https:\/\/www.cinesouk.ma\/fr\">CINESOUK<\/a> - une marque de <a href=\"https:\/\/www.broadway.ma\/\">BROADWAY PRODUCTIONS SARL.<\/a><\/strong><\/p>","protected":false},"excerpt":{"rendered":"<h3>Sp\u00e9cifications :<\/h3>\n<ul data-start=\"1194\" data-end=\"1416\">\n<li class=\"\" data-start=\"1194\" data-end=\"1274\">\n<p class=\"\" data-start=\"1196\" data-end=\"1274\"><strong data-start=\"1196\" data-end=\"1215\">Type de connecteur :<\/strong> Verrouillage 3,5 mm TRS (angle droit) vers 5 broches LEMO (droit)<\/p>\n<\/li>\n<li class=\"\" data-start=\"1275\" data-end=\"1310\">\n<p class=\"\" data-start=\"1277\" data-end=\"1310\"><strong data-start=\"1277\" data-end=\"1288\">Longueur :<\/strong> Environ 40 cm<\/p>\n<\/li>\n<li class=\"\" data-start=\"1311\" data-end=\"1331\">\n<p class=\"\" data-start=\"1313\" data-end=\"1331\"><strong data-start=\"1313\" data-end=\"1323\">Couleur :<\/strong> Noir<\/p>\n<\/li>\n<li class=\"\" data-start=\"1332\" data-end=\"1362\">\n<p class=\"\" data-start=\"1334\" data-end=\"1362\"><strong data-start=\"1334\" data-end=\"1345\">Poids :<\/strong> Environ 0,06 lb<\/p>\n<\/li>\n<li class=\"\" data-start=\"1363\" data-end=\"1416\">\n<p class=\"\" data-start=\"1365\" data-end=\"1416\"><strong data-start=\"1365\" data-end=\"1382\">Construction :<\/strong> Robuste et flexible pour une utilisation sur le terrain<\/p>\n<\/li>\n<\/ul>","protected":false},"featured_media":12944,"template":"","meta":{"om_disable_all_campaigns":false,"_monsterinsights_skip_tracking":false,"_monsterinsights_sitenote_active":false,"_monsterinsights_sitenote_note":"","_monsterinsights_sitenote_category":0,"_uf_show_specific_survey":0,"_uf_disable_surveys":false},"product_brand":[],"product_cat":[55,35],"product_tag":[],"class_list":{"0":"post-12945","1":"product","2":"type-product","3":"status-publish","4":"has-post-thumbnail","6":"product_cat-cables-cinesouk","7":"product_cat-sound-cinesouk","9":"entry","10":"has-media","12":"first","13":"instock","14":"taxable","15":"shipping-taxable","16":"purchasable","17":"product-type-variable","18":"has-product-nav","19":"col","20":"span_1_of_3","21":"owp-content-center","22":"owp-thumbs-layout-horizontal","23":"owp-btn-normal","24":"owp-tabs-layout-horizontal","25":"has-no-thumbnails"},"yoast_head":"<!-- This site is optimized with the Yoast SEO Premium plugin v26.0 (Yoast SEO v26.0) - https:\/\/yoast.com\/wordpress\/plugins\/seo\/ -->\n<title>Deity C17 Timecode Cable - CineSouk - Marrakech | Morocco - For rent<\/title>\n<meta name=\"description\" content=\"The Deity C17 Timecode Cable ensures precise timecode sync between devices with locking 3.5mm TRS and 5-pin LEMO connectors. Built for reliability on professional film sets.\" \/>\n<meta name=\"robots\" content=\"index, follow, max-snippet:-1, max-image-preview:large, max-video-preview:-1\" \/>\n<link rel=\"canonical\" href=\"https:\/\/www.cinesouk.ma\/fr\/produit\/deity-c17-timecode-cable\/\" \/>\n<meta property=\"og:locale\" content=\"fr_FR\" \/>\n<meta property=\"og:type\" content=\"article\" \/>\n<meta property=\"og:title\" content=\"Deity C17 Timecode Cable\" \/>\n<meta property=\"og:description\" content=\"The Deity C17 Timecode Cable ensures precise timecode sync between devices with locking 3.5mm TRS and 5-pin LEMO connectors. Built for reliability on professional film sets.\" \/>\n<meta property=\"og:url\" content=\"https:\/\/www.cinesouk.ma\/fr\/produit\/deity-c17-timecode-cable\/\" \/>\n<meta property=\"og:site_name\" content=\"CineSouk\" \/>\n<meta property=\"article:modified_time\" content=\"2025-05-11T15:03:33+00:00\" \/>\n<meta property=\"og:image\" content=\"https:\/\/www.cinesouk.ma\/wp-content\/uploads\/2025\/05\/Deity-C17-Timecode-Cable.jpg\" \/>\n\t<meta property=\"og:image:width\" content=\"300\" \/>\n\t<meta property=\"og:image:height\" content=\"238\" \/>\n\t<meta property=\"og:image:type\" content=\"image\/jpeg\" \/>\n<meta name=\"twitter:card\" content=\"summary_large_image\" \/>\n<meta name=\"twitter:description\" content=\"The Deity C17 Timecode Cable ensures precise timecode sync between devices with locking 3.5mm TRS and 5-pin LEMO connectors. Built for reliability on professional film sets.\" \/>\n<meta name=\"twitter:label1\" content=\"Dur\u00e9e de lecture estim\u00e9e\" \/>\n\t<meta name=\"twitter:data1\" content=\"2 minutes\" \/>\n<script type=\"application\/ld+json\" class=\"yoast-schema-graph\">{\"@context\":\"https:\/\/schema.org\",\"@graph\":[{\"@type\":\"WebPage\",\"@id\":\"https:\/\/www.cinesouk.ma\/product\/deity-c17-timecode-cable\/\",\"url\":\"https:\/\/www.cinesouk.ma\/product\/deity-c17-timecode-cable\/\",\"name\":\"Deity C17 Timecode Cable - CineSouk - Marrakech | Morocco - For rent\",\"isPartOf\":{\"@id\":\"https:\/\/www.cinesouk.ma\/#website\"},\"primaryImageOfPage\":{\"@id\":\"https:\/\/www.cinesouk.ma\/product\/deity-c17-timecode-cable\/#primaryimage\"},\"image\":{\"@id\":\"https:\/\/www.cinesouk.ma\/product\/deity-c17-timecode-cable\/#primaryimage\"},\"thumbnailUrl\":\"https:\/\/www.cinesouk.ma\/wp-content\/uploads\/2025\/05\/Deity-C17-Timecode-Cable.jpg\",\"datePublished\":\"2025-05-05T09:58:09+00:00\",\"dateModified\":\"2025-05-11T15:03:33+00:00\",\"description\":\"The Deity C17 Timecode Cable ensures precise timecode sync between devices with locking 3.5mm TRS and 5-pin LEMO connectors. Built for reliability on professional film sets.\",\"breadcrumb\":{\"@id\":\"https:\/\/www.cinesouk.ma\/product\/deity-c17-timecode-cable\/#breadcrumb\"},\"inLanguage\":\"fr-FR\",\"potentialAction\":[{\"@type\":\"ReadAction\",\"target\":[\"https:\/\/www.cinesouk.ma\/product\/deity-c17-timecode-cable\/\"]}]},{\"@type\":\"ImageObject\",\"inLanguage\":\"fr-FR\",\"@id\":\"https:\/\/www.cinesouk.ma\/product\/deity-c17-timecode-cable\/#primaryimage\",\"url\":\"https:\/\/www.cinesouk.ma\/wp-content\/uploads\/2025\/05\/Deity-C17-Timecode-Cable.jpg\",\"contentUrl\":\"https:\/\/www.cinesouk.ma\/wp-content\/uploads\/2025\/05\/Deity-C17-Timecode-Cable.jpg\",\"width\":300,\"height\":238,\"caption\":\"Deity C17 Timecode Cable\"},{\"@type\":\"BreadcrumbList\",\"@id\":\"https:\/\/www.cinesouk.ma\/product\/deity-c17-timecode-cable\/#breadcrumb\",\"itemListElement\":[{\"@type\":\"ListItem\",\"position\":1,\"name\":\"Home\",\"item\":\"https:\/\/www.cinesouk.ma\/\"},{\"@type\":\"ListItem\",\"position\":2,\"name\":\"Shop\",\"item\":\"https:\/\/www.cinesouk.ma\/shop\/\"},{\"@type\":\"ListItem\",\"position\":3,\"name\":\"Deity C17 Timecode Cable\"}]},{\"@type\":\"WebSite\",\"@id\":\"https:\/\/www.cinesouk.ma\/#website\",\"url\":\"https:\/\/www.cinesouk.ma\/\",\"name\":\"CineSouk\",\"description\":\"\",\"publisher\":{\"@id\":\"https:\/\/www.cinesouk.ma\/#organization\"},\"potentialAction\":[{\"@type\":\"SearchAction\",\"target\":{\"@type\":\"EntryPoint\",\"urlTemplate\":\"https:\/\/www.cinesouk.ma\/?s={search_term_string}\"},\"query-input\":{\"@type\":\"PropertyValueSpecification\",\"valueRequired\":true,\"valueName\":\"search_term_string\"}}],\"inLanguage\":\"fr-FR\"},{\"@type\":\"Organization\",\"@id\":\"https:\/\/www.cinesouk.ma\/#organization\",\"name\":\"CineSouk\",\"url\":\"https:\/\/www.cinesouk.ma\/\",\"logo\":{\"@type\":\"ImageObject\",\"inLanguage\":\"fr-FR\",\"@id\":\"https:\/\/www.cinesouk.ma\/#\/schema\/logo\/image\/\",\"url\":\"https:\/\/www.cinesouk.ma\/wp-content\/uploads\/2024\/01\/CineSouk-logo-v01-alpha-alligned-left.png\",\"contentUrl\":\"https:\/\/www.cinesouk.ma\/wp-content\/uploads\/2024\/01\/CineSouk-logo-v01-alpha-alligned-left.png\",\"width\":3204,\"height\":889,\"caption\":\"CineSouk\"},\"image\":{\"@id\":\"https:\/\/www.cinesouk.ma\/#\/schema\/logo\/image\/\"}}]}<\/script>\n<!-- \/ Yoast SEO Premium plugin. -->","yoast_head_json":{"title":"Deity C17 Timecode Cable - CineSouk - Marrakech | Morocco - For rent","description":"The Deity C17 Timecode Cable ensures precise timecode sync between devices with locking 3.5mm TRS and 5-pin LEMO connectors. Built for reliability on professional film sets.","robots":{"index":"index","follow":"follow","max-snippet":"max-snippet:-1","max-image-preview":"max-image-preview:large","max-video-preview":"max-video-preview:-1"},"canonical":"https:\/\/www.cinesouk.ma\/fr\/produit\/deity-c17-timecode-cable\/","og_locale":"fr_FR","og_type":"article","og_title":"Deity C17 Timecode Cable","og_description":"The Deity C17 Timecode Cable ensures precise timecode sync between devices with locking 3.5mm TRS and 5-pin LEMO connectors. Built for reliability on professional film sets.","og_url":"https:\/\/www.cinesouk.ma\/fr\/produit\/deity-c17-timecode-cable\/","og_site_name":"CineSouk","article_modified_time":"2025-05-11T15:03:33+00:00","og_image":[{"width":300,"height":238,"url":"https:\/\/www.cinesouk.ma\/wp-content\/uploads\/2025\/05\/Deity-C17-Timecode-Cable.jpg","type":"image\/jpeg"}],"twitter_card":"summary_large_image","twitter_description":"The Deity C17 Timecode Cable ensures precise timecode sync between devices with locking 3.5mm TRS and 5-pin LEMO connectors. Built for reliability on professional film sets.","twitter_misc":{"Dur\u00e9e de lecture estim\u00e9e":"2 minutes"},"schema":{"@context":"https:\/\/schema.org","@graph":[{"@type":"WebPage","@id":"https:\/\/www.cinesouk.ma\/product\/deity-c17-timecode-cable\/","url":"https:\/\/www.cinesouk.ma\/product\/deity-c17-timecode-cable\/","name":"Deity C17 Timecode Cable - CineSouk - Marrakech | Morocco - For rent","isPartOf":{"@id":"https:\/\/www.cinesouk.ma\/#website"},"primaryImageOfPage":{"@id":"https:\/\/www.cinesouk.ma\/product\/deity-c17-timecode-cable\/#primaryimage"},"image":{"@id":"https:\/\/www.cinesouk.ma\/product\/deity-c17-timecode-cable\/#primaryimage"},"thumbnailUrl":"https:\/\/www.cinesouk.ma\/wp-content\/uploads\/2025\/05\/Deity-C17-Timecode-Cable.jpg","datePublished":"2025-05-05T09:58:09+00:00","dateModified":"2025-05-11T15:03:33+00:00","description":"The Deity C17 Timecode Cable ensures precise timecode sync between devices with locking 3.5mm TRS and 5-pin LEMO connectors. Built for reliability on professional film sets.","breadcrumb":{"@id":"https:\/\/www.cinesouk.ma\/product\/deity-c17-timecode-cable\/#breadcrumb"},"inLanguage":"fr-FR","potentialAction":[{"@type":"ReadAction","target":["https:\/\/www.cinesouk.ma\/product\/deity-c17-timecode-cable\/"]}]},{"@type":"ImageObject","inLanguage":"fr-FR","@id":"https:\/\/www.cinesouk.ma\/product\/deity-c17-timecode-cable\/#primaryimage","url":"https:\/\/www.cinesouk.ma\/wp-content\/uploads\/2025\/05\/Deity-C17-Timecode-Cable.jpg","contentUrl":"https:\/\/www.cinesouk.ma\/wp-content\/uploads\/2025\/05\/Deity-C17-Timecode-Cable.jpg","width":300,"height":238,"caption":"Deity C17 Timecode Cable"},{"@type":"BreadcrumbList","@id":"https:\/\/www.cinesouk.ma\/product\/deity-c17-timecode-cable\/#breadcrumb","itemListElement":[{"@type":"ListItem","position":1,"name":"Home","item":"https:\/\/www.cinesouk.ma\/"},{"@type":"ListItem","position":2,"name":"Shop","item":"https:\/\/www.cinesouk.ma\/shop\/"},{"@type":"ListItem","position":3,"name":"Deity C17 Timecode Cable"}]},{"@type":"WebSite","@id":"https:\/\/www.cinesouk.ma\/#website","url":"https:\/\/www.cinesouk.ma\/","name":"CineSouk","description":"","publisher":{"@id":"https:\/\/www.cinesouk.ma\/#organization"},"potentialAction":[{"@type":"SearchAction","target":{"@type":"EntryPoint","urlTemplate":"https:\/\/www.cinesouk.ma\/?s={search_term_string}"},"query-input":{"@type":"PropertyValueSpecification","valueRequired":true,"valueName":"search_term_string"}}],"inLanguage":"fr-FR"},{"@type":"Organization","@id":"https:\/\/www.cinesouk.ma\/#organization","name":"CineSouk","url":"https:\/\/www.cinesouk.ma\/","logo":{"@type":"ImageObject","inLanguage":"fr-FR","@id":"https:\/\/www.cinesouk.ma\/#\/schema\/logo\/image\/","url":"https:\/\/www.cinesouk.ma\/wp-content\/uploads\/2024\/01\/CineSouk-logo-v01-alpha-alligned-left.png","contentUrl":"https:\/\/www.cinesouk.ma\/wp-content\/uploads\/2024\/01\/CineSouk-logo-v01-alpha-alligned-left.png","width":3204,"height":889,"caption":"CineSouk"},"image":{"@id":"https:\/\/www.cinesouk.ma\/#\/schema\/logo\/image\/"}}]}},"_links":{"self":[{"href":"https:\/\/www.cinesouk.ma\/fr\/wp-json\/wp\/v2\/product\/12945","targetHints":{"allow":["GET"]}}],"collection":[{"href":"https:\/\/www.cinesouk.ma\/fr\/wp-json\/wp\/v2\/product"}],"about":[{"href":"https:\/\/www.cinesouk.ma\/fr\/wp-json\/wp\/v2\/types\/product"}],"wp:featuredmedia":[{"embeddable":true,"href":"https:\/\/www.cinesouk.ma\/fr\/wp-json\/wp\/v2\/media\/12944"}],"wp:attachment":[{"href":"https:\/\/www.cinesouk.ma\/fr\/wp-json\/wp\/v2\/media?parent=12945"}],"wp:term":[{"taxonomy":"product_brand","embeddable":true,"href":"https:\/\/www.cinesouk.ma\/fr\/wp-json\/wp\/v2\/product_brand?post=12945"},{"taxonomy":"product_cat","embeddable":true,"href":"https:\/\/www.cinesouk.ma\/fr\/wp-json\/wp\/v2\/product_cat?post=12945"},{"taxonomy":"product_tag","embeddable":true,"href":"https:\/\/www.cinesouk.ma\/fr\/wp-json\/wp\/v2\/product_tag?post=12945"}],"curies":[{"name":"wp","href":"https:\/\/api.w.org\/{rel}","templated":true}]}}