{"id":12956,"date":"2025-05-05T10:13:10","date_gmt":"2025-05-05T10:13:10","guid":{"rendered":"https:\/\/www.cinesouk.ma\/?post_type=product&#038;p=12956"},"modified":"2025-05-11T15:03:29","modified_gmt":"2025-05-11T15:03:29","slug":"neutrik-na2mbnc-circular-adapter","status":"publish","type":"product","link":"https:\/\/www.cinesouk.ma\/fr\/produit\/neutrik-na2mbnc-circular-adapter\/","title":{"rendered":"Adaptateur circulaire Neutrik NA2MBNC"},"content":{"rendered":"<p class=\"\" data-start=\"206\" data-end=\"508\">L'adaptateur circulaire NA2MBNC de Neutrik est un adaptateur de qualit\u00e9 professionnelle con\u00e7u pour connecter des sorties XLR m\u00e2les \u00e0 3 broches \u00e0 des entr\u00e9es BNC femelles. Con\u00e7u pour \u00eatre durable et pr\u00e9cis, il assure une transmission fiable des signaux entre diff\u00e9rents types d'\u00e9quipement, ce qui en fait un outil de confiance pour les installations de production audio et vid\u00e9o.<\/p>\n<p class=\"\" data-start=\"510\" data-end=\"527\"><strong data-start=\"510\" data-end=\"527\">Caract\u00e9ristiques principales :<\/strong><\/p>\n<ul data-start=\"529\" data-end=\"1046\">\n<li class=\"\" data-start=\"529\" data-end=\"676\">\n<p class=\"\" data-start=\"531\" data-end=\"676\"><strong data-start=\"531\" data-end=\"558\">Connectivit\u00e9 polyvalente :<\/strong> Convertit une connexion XLR m\u00e2le \u00e0 3 broches en une interface BNC femelle, permettant une int\u00e9gration transparente entre divers \u00e9quipements.<\/p>\n<\/li>\n<li class=\"\" data-start=\"678\" data-end=\"801\">\n<p class=\"\" data-start=\"680\" data-end=\"801\"><strong data-start=\"680\" data-end=\"698\">Conception robuste :<\/strong> Log\u00e9 dans une solide coque en m\u00e9tal moul\u00e9 sous pression, cet adaptateur r\u00e9siste \u00e0 une utilisation fr\u00e9quente dans des environnements exigeants.<\/p>\n<\/li>\n<li class=\"\" data-start=\"803\" data-end=\"922\">\n<p class=\"\" data-start=\"805\" data-end=\"922\"><strong data-start=\"805\" data-end=\"822\">Forme compacte :<\/strong> Son faible encombrement lui permet de s'int\u00e9grer facilement dans des configurations denses, ce qui le rend pratique pour le travail sur le terrain et en studio.<\/p>\n<\/li>\n<li class=\"\" data-start=\"924\" data-end=\"1046\">\n<p class=\"\" data-start=\"926\" data-end=\"1046\"><strong data-start=\"926\" data-end=\"954\">Configuration pr\u00e9-c\u00e2bl\u00e9e :<\/strong> Il est pr\u00e9-c\u00e2bl\u00e9 selon la norme industrielle IEC 268-12 pour une utilisation imm\u00e9diate sans installation suppl\u00e9mentaire.<\/p>\n<\/li>\n<\/ul>\n<p class=\"\" data-start=\"1048\" data-end=\"1067\"><strong data-start=\"1048\" data-end=\"1067\">Sp\u00e9cifications :<\/strong><\/p>\n<ul data-start=\"1069\" data-end=\"1309\">\n<li class=\"\" data-start=\"1069\" data-end=\"1104\">\n<p class=\"\" data-start=\"1071\" data-end=\"1104\"><strong data-start=\"1071\" data-end=\"1087\">Connecteur A :<\/strong> XLR m\u00e2le \u00e0 3 broches<\/p>\n<\/li>\n<li class=\"\" data-start=\"1105\" data-end=\"1136\">\n<p class=\"\" data-start=\"1107\" data-end=\"1136\"><strong data-start=\"1107\" data-end=\"1123\">Connecteur B :<\/strong> BNC femelle<\/p>\n<\/li>\n<li class=\"\" data-start=\"1137\" data-end=\"1206\">\n<p class=\"\" data-start=\"1139\" data-end=\"1206\"><strong data-start=\"1139\" data-end=\"1150\">C\u00e2blage :<\/strong> Broche 2 : signal \/ Broches 1 et 3 : terre (selon IEC 268-12)<\/p>\n<\/li>\n<li class=\"\" data-start=\"1207\" data-end=\"1238\">\n<p class=\"\" data-start=\"1209\" data-end=\"1238\"><strong data-start=\"1209\" data-end=\"1222\">Mat\u00e9riau :<\/strong> M\u00e9tal moul\u00e9 sous pression<\/p>\n<\/li>\n<li class=\"\" data-start=\"1239\" data-end=\"1260\">\n<p class=\"\" data-start=\"1241\" data-end=\"1260\"><strong data-start=\"1241\" data-end=\"1251\">Couleur :<\/strong> Argent<\/p>\n<\/li>\n<li class=\"\" data-start=\"1261\" data-end=\"1309\">\n<p class=\"\" data-start=\"1263\" data-end=\"1309\"><strong data-start=\"1263\" data-end=\"1285\">M\u00e9canisme de verrouillage :<\/strong> Loquet BNC \u00e0 ba\u00efonnette<\/p>\n<\/li>\n<\/ul>\n<p class=\"\" data-start=\"1325\" data-end=\"1593\">L'adaptateur circulaire NA2MBNC de Neutrik constitue un pont solide et fiable entre les connexions XLR et BNC. Sa construction robuste, son design compact et sa fonctionnalit\u00e9 plug-and-play en font un accessoire essentiel pour les professionnels qui ont besoin d'une performance constante sur le plateau ou dans le studio.<\/p>\n<p>Louez-le maintenant sur <a href=\"https:\/\/www.cinesouk.ma\/fr\">CINESOUK<\/a> - une marque de <a href=\"https:\/\/www.broadway.ma\/\">BROADWAY PRODUCTIONS SARL.<\/a><\/p>","protected":false},"excerpt":{"rendered":"<p><strong>Sp\u00e9cifications :<\/strong><\/p>\n<ul data-start=\"1069\" data-end=\"1309\">\n<li class=\"\" data-start=\"1069\" data-end=\"1104\">\n<p class=\"\" data-start=\"1071\" data-end=\"1104\"><strong data-start=\"1071\" data-end=\"1087\">Connecteur A :<\/strong> XLR m\u00e2le \u00e0 3 broches<\/p>\n<\/li>\n<li class=\"\" data-start=\"1105\" data-end=\"1136\">\n<p class=\"\" data-start=\"1107\" data-end=\"1136\"><strong data-start=\"1107\" data-end=\"1123\">Connecteur B :<\/strong> BNC femelle<\/p>\n<\/li>\n<li class=\"\" data-start=\"1137\" data-end=\"1206\">\n<p class=\"\" data-start=\"1139\" data-end=\"1206\"><strong data-start=\"1139\" data-end=\"1150\">C\u00e2blage :<\/strong> Broche 2 : signal \/ Broches 1 et 3 : terre (selon IEC 268-12)<\/p>\n<\/li>\n<li class=\"\" data-start=\"1207\" data-end=\"1238\">\n<p class=\"\" data-start=\"1209\" data-end=\"1238\"><strong data-start=\"1209\" data-end=\"1222\">Mat\u00e9riau :<\/strong> M\u00e9tal moul\u00e9 sous pression<\/p>\n<\/li>\n<li class=\"\" data-start=\"1239\" data-end=\"1260\">\n<p class=\"\" data-start=\"1241\" data-end=\"1260\"><strong data-start=\"1241\" data-end=\"1251\">Couleur :<\/strong> Argent<\/p>\n<\/li>\n<li class=\"\" data-start=\"1261\" data-end=\"1309\">\n<p class=\"\" data-start=\"1263\" data-end=\"1309\"><strong data-start=\"1263\" data-end=\"1285\">M\u00e9canisme de verrouillage :<\/strong> Loquet BNC \u00e0 ba\u00efonnette<\/p>\n<\/li>\n<\/ul>","protected":false},"featured_media":12967,"template":"","meta":{"om_disable_all_campaigns":false,"_monsterinsights_skip_tracking":false,"_monsterinsights_sitenote_active":false,"_monsterinsights_sitenote_note":"","_monsterinsights_sitenote_category":0,"_uf_show_specific_survey":0,"_uf_disable_surveys":false},"product_brand":[],"product_cat":[35],"product_tag":[],"class_list":{"0":"post-12956","1":"product","2":"type-product","3":"status-publish","4":"has-post-thumbnail","6":"product_cat-sound-cinesouk","8":"entry","9":"has-media","11":"first","12":"instock","13":"taxable","14":"shipping-taxable","15":"purchasable","16":"product-type-variable","17":"has-product-nav","18":"col","19":"span_1_of_3","20":"owp-content-center","21":"owp-thumbs-layout-horizontal","22":"owp-btn-normal","23":"owp-tabs-layout-horizontal","24":"has-no-thumbnails"},"yoast_head":"<!-- This site is optimized with the Yoast SEO Premium plugin v26.0 (Yoast SEO v26.0) - https:\/\/yoast.com\/wordpress\/plugins\/seo\/ -->\n<title>Neutrik NA2MBNC Circular Adapter - CineSouk - Marrakech | Morocco - For rent<\/title>\n<meta name=\"description\" content=\"The Neutrik NA2MBNC Circular Adapter converts 3-pin XLR male to BNC female, offering rugged build quality and industry-standard wiring for reliable audio and video signal connections.\" \/>\n<meta name=\"robots\" content=\"index, follow, max-snippet:-1, max-image-preview:large, max-video-preview:-1\" \/>\n<link rel=\"canonical\" href=\"https:\/\/www.cinesouk.ma\/fr\/produit\/neutrik-na2mbnc-circular-adapter\/\" \/>\n<meta property=\"og:locale\" content=\"fr_FR\" \/>\n<meta property=\"og:type\" content=\"article\" \/>\n<meta property=\"og:title\" content=\"Neutrik NA2MBNC Circular Adapter\" \/>\n<meta property=\"og:description\" content=\"The Neutrik NA2MBNC adapter converts 3-pin XLR male to BNC female, offering rugged build quality and industry-standard wiring for reliable audio and video signal connections.\" \/>\n<meta property=\"og:url\" content=\"https:\/\/www.cinesouk.ma\/fr\/produit\/neutrik-na2mbnc-circular-adapter\/\" \/>\n<meta property=\"og:site_name\" content=\"CineSouk\" \/>\n<meta property=\"article:modified_time\" content=\"2025-05-11T15:03:29+00:00\" \/>\n<meta property=\"og:image\" content=\"https:\/\/www.cinesouk.ma\/wp-content\/uploads\/2025\/05\/NA2MBNC.jpg\" \/>\n\t<meta property=\"og:image:width\" content=\"300\" \/>\n\t<meta property=\"og:image:height\" content=\"238\" \/>\n\t<meta property=\"og:image:type\" content=\"image\/jpeg\" \/>\n<meta name=\"twitter:card\" content=\"summary_large_image\" \/>\n<meta name=\"twitter:description\" content=\"The Neutrik NA2MBNC adapter converts 3-pin XLR male to BNC female, offering rugged build quality and industry-standard wiring for reliable audio and video signal connections.\" \/>\n<meta name=\"twitter:label1\" content=\"Dur\u00e9e de lecture estim\u00e9e\" \/>\n\t<meta name=\"twitter:data1\" content=\"2 minutes\" \/>\n<script type=\"application\/ld+json\" class=\"yoast-schema-graph\">{\"@context\":\"https:\/\/schema.org\",\"@graph\":[{\"@type\":\"WebPage\",\"@id\":\"https:\/\/www.cinesouk.ma\/product\/neutrik-na2mbnc-circular-adapter\/\",\"url\":\"https:\/\/www.cinesouk.ma\/product\/neutrik-na2mbnc-circular-adapter\/\",\"name\":\"Neutrik NA2MBNC Circular Adapter - CineSouk - Marrakech | Morocco - For rent\",\"isPartOf\":{\"@id\":\"https:\/\/www.cinesouk.ma\/#website\"},\"primaryImageOfPage\":{\"@id\":\"https:\/\/www.cinesouk.ma\/product\/neutrik-na2mbnc-circular-adapter\/#primaryimage\"},\"image\":{\"@id\":\"https:\/\/www.cinesouk.ma\/product\/neutrik-na2mbnc-circular-adapter\/#primaryimage\"},\"thumbnailUrl\":\"https:\/\/www.cinesouk.ma\/wp-content\/uploads\/2025\/05\/NA2MBNC.jpg\",\"datePublished\":\"2025-05-05T10:13:10+00:00\",\"dateModified\":\"2025-05-11T15:03:29+00:00\",\"description\":\"The Neutrik NA2MBNC Circular Adapter converts 3-pin XLR male to BNC female, offering rugged build quality and industry-standard wiring for reliable audio and video signal connections.\",\"breadcrumb\":{\"@id\":\"https:\/\/www.cinesouk.ma\/product\/neutrik-na2mbnc-circular-adapter\/#breadcrumb\"},\"inLanguage\":\"fr-FR\",\"potentialAction\":[{\"@type\":\"ReadAction\",\"target\":[\"https:\/\/www.cinesouk.ma\/product\/neutrik-na2mbnc-circular-adapter\/\"]}]},{\"@type\":\"ImageObject\",\"inLanguage\":\"fr-FR\",\"@id\":\"https:\/\/www.cinesouk.ma\/product\/neutrik-na2mbnc-circular-adapter\/#primaryimage\",\"url\":\"https:\/\/www.cinesouk.ma\/wp-content\/uploads\/2025\/05\/NA2MBNC.jpg\",\"contentUrl\":\"https:\/\/www.cinesouk.ma\/wp-content\/uploads\/2025\/05\/NA2MBNC.jpg\",\"width\":300,\"height\":238,\"caption\":\"NA2MBNC\"},{\"@type\":\"BreadcrumbList\",\"@id\":\"https:\/\/www.cinesouk.ma\/product\/neutrik-na2mbnc-circular-adapter\/#breadcrumb\",\"itemListElement\":[{\"@type\":\"ListItem\",\"position\":1,\"name\":\"Home\",\"item\":\"https:\/\/www.cinesouk.ma\/\"},{\"@type\":\"ListItem\",\"position\":2,\"name\":\"Shop\",\"item\":\"https:\/\/www.cinesouk.ma\/shop\/\"},{\"@type\":\"ListItem\",\"position\":3,\"name\":\"Neutrik NA2MBNC Circular Adapter\"}]},{\"@type\":\"WebSite\",\"@id\":\"https:\/\/www.cinesouk.ma\/#website\",\"url\":\"https:\/\/www.cinesouk.ma\/\",\"name\":\"CineSouk\",\"description\":\"\",\"publisher\":{\"@id\":\"https:\/\/www.cinesouk.ma\/#organization\"},\"potentialAction\":[{\"@type\":\"SearchAction\",\"target\":{\"@type\":\"EntryPoint\",\"urlTemplate\":\"https:\/\/www.cinesouk.ma\/?s={search_term_string}\"},\"query-input\":{\"@type\":\"PropertyValueSpecification\",\"valueRequired\":true,\"valueName\":\"search_term_string\"}}],\"inLanguage\":\"fr-FR\"},{\"@type\":\"Organization\",\"@id\":\"https:\/\/www.cinesouk.ma\/#organization\",\"name\":\"CineSouk\",\"url\":\"https:\/\/www.cinesouk.ma\/\",\"logo\":{\"@type\":\"ImageObject\",\"inLanguage\":\"fr-FR\",\"@id\":\"https:\/\/www.cinesouk.ma\/#\/schema\/logo\/image\/\",\"url\":\"https:\/\/www.cinesouk.ma\/wp-content\/uploads\/2024\/01\/CineSouk-logo-v01-alpha-alligned-left.png\",\"contentUrl\":\"https:\/\/www.cinesouk.ma\/wp-content\/uploads\/2024\/01\/CineSouk-logo-v01-alpha-alligned-left.png\",\"width\":3204,\"height\":889,\"caption\":\"CineSouk\"},\"image\":{\"@id\":\"https:\/\/www.cinesouk.ma\/#\/schema\/logo\/image\/\"}}]}<\/script>\n<!-- \/ Yoast SEO Premium plugin. -->","yoast_head_json":{"title":"Neutrik NA2MBNC Circular Adapter - CineSouk - Marrakech | Morocco - For rent","description":"The Neutrik NA2MBNC Circular Adapter converts 3-pin XLR male to BNC female, offering rugged build quality and industry-standard wiring for reliable audio and video signal connections.","robots":{"index":"index","follow":"follow","max-snippet":"max-snippet:-1","max-image-preview":"max-image-preview:large","max-video-preview":"max-video-preview:-1"},"canonical":"https:\/\/www.cinesouk.ma\/fr\/produit\/neutrik-na2mbnc-circular-adapter\/","og_locale":"fr_FR","og_type":"article","og_title":"Neutrik NA2MBNC Circular Adapter","og_description":"The Neutrik NA2MBNC adapter converts 3-pin XLR male to BNC female, offering rugged build quality and industry-standard wiring for reliable audio and video signal connections.","og_url":"https:\/\/www.cinesouk.ma\/fr\/produit\/neutrik-na2mbnc-circular-adapter\/","og_site_name":"CineSouk","article_modified_time":"2025-05-11T15:03:29+00:00","og_image":[{"width":300,"height":238,"url":"https:\/\/www.cinesouk.ma\/wp-content\/uploads\/2025\/05\/NA2MBNC.jpg","type":"image\/jpeg"}],"twitter_card":"summary_large_image","twitter_description":"The Neutrik NA2MBNC adapter converts 3-pin XLR male to BNC female, offering rugged build quality and industry-standard wiring for reliable audio and video signal connections.","twitter_misc":{"Dur\u00e9e de lecture estim\u00e9e":"2 minutes"},"schema":{"@context":"https:\/\/schema.org","@graph":[{"@type":"WebPage","@id":"https:\/\/www.cinesouk.ma\/product\/neutrik-na2mbnc-circular-adapter\/","url":"https:\/\/www.cinesouk.ma\/product\/neutrik-na2mbnc-circular-adapter\/","name":"Neutrik NA2MBNC Circular Adapter - CineSouk - Marrakech | Morocco - For rent","isPartOf":{"@id":"https:\/\/www.cinesouk.ma\/#website"},"primaryImageOfPage":{"@id":"https:\/\/www.cinesouk.ma\/product\/neutrik-na2mbnc-circular-adapter\/#primaryimage"},"image":{"@id":"https:\/\/www.cinesouk.ma\/product\/neutrik-na2mbnc-circular-adapter\/#primaryimage"},"thumbnailUrl":"https:\/\/www.cinesouk.ma\/wp-content\/uploads\/2025\/05\/NA2MBNC.jpg","datePublished":"2025-05-05T10:13:10+00:00","dateModified":"2025-05-11T15:03:29+00:00","description":"The Neutrik NA2MBNC Circular Adapter converts 3-pin XLR male to BNC female, offering rugged build quality and industry-standard wiring for reliable audio and video signal connections.","breadcrumb":{"@id":"https:\/\/www.cinesouk.ma\/product\/neutrik-na2mbnc-circular-adapter\/#breadcrumb"},"inLanguage":"fr-FR","potentialAction":[{"@type":"ReadAction","target":["https:\/\/www.cinesouk.ma\/product\/neutrik-na2mbnc-circular-adapter\/"]}]},{"@type":"ImageObject","inLanguage":"fr-FR","@id":"https:\/\/www.cinesouk.ma\/product\/neutrik-na2mbnc-circular-adapter\/#primaryimage","url":"https:\/\/www.cinesouk.ma\/wp-content\/uploads\/2025\/05\/NA2MBNC.jpg","contentUrl":"https:\/\/www.cinesouk.ma\/wp-content\/uploads\/2025\/05\/NA2MBNC.jpg","width":300,"height":238,"caption":"NA2MBNC"},{"@type":"BreadcrumbList","@id":"https:\/\/www.cinesouk.ma\/product\/neutrik-na2mbnc-circular-adapter\/#breadcrumb","itemListElement":[{"@type":"ListItem","position":1,"name":"Home","item":"https:\/\/www.cinesouk.ma\/"},{"@type":"ListItem","position":2,"name":"Shop","item":"https:\/\/www.cinesouk.ma\/shop\/"},{"@type":"ListItem","position":3,"name":"Neutrik NA2MBNC Circular Adapter"}]},{"@type":"WebSite","@id":"https:\/\/www.cinesouk.ma\/#website","url":"https:\/\/www.cinesouk.ma\/","name":"CineSouk","description":"","publisher":{"@id":"https:\/\/www.cinesouk.ma\/#organization"},"potentialAction":[{"@type":"SearchAction","target":{"@type":"EntryPoint","urlTemplate":"https:\/\/www.cinesouk.ma\/?s={search_term_string}"},"query-input":{"@type":"PropertyValueSpecification","valueRequired":true,"valueName":"search_term_string"}}],"inLanguage":"fr-FR"},{"@type":"Organization","@id":"https:\/\/www.cinesouk.ma\/#organization","name":"CineSouk","url":"https:\/\/www.cinesouk.ma\/","logo":{"@type":"ImageObject","inLanguage":"fr-FR","@id":"https:\/\/www.cinesouk.ma\/#\/schema\/logo\/image\/","url":"https:\/\/www.cinesouk.ma\/wp-content\/uploads\/2024\/01\/CineSouk-logo-v01-alpha-alligned-left.png","contentUrl":"https:\/\/www.cinesouk.ma\/wp-content\/uploads\/2024\/01\/CineSouk-logo-v01-alpha-alligned-left.png","width":3204,"height":889,"caption":"CineSouk"},"image":{"@id":"https:\/\/www.cinesouk.ma\/#\/schema\/logo\/image\/"}}]}},"_links":{"self":[{"href":"https:\/\/www.cinesouk.ma\/fr\/wp-json\/wp\/v2\/product\/12956","targetHints":{"allow":["GET"]}}],"collection":[{"href":"https:\/\/www.cinesouk.ma\/fr\/wp-json\/wp\/v2\/product"}],"about":[{"href":"https:\/\/www.cinesouk.ma\/fr\/wp-json\/wp\/v2\/types\/product"}],"wp:featuredmedia":[{"embeddable":true,"href":"https:\/\/www.cinesouk.ma\/fr\/wp-json\/wp\/v2\/media\/12967"}],"wp:attachment":[{"href":"https:\/\/www.cinesouk.ma\/fr\/wp-json\/wp\/v2\/media?parent=12956"}],"wp:term":[{"taxonomy":"product_brand","embeddable":true,"href":"https:\/\/www.cinesouk.ma\/fr\/wp-json\/wp\/v2\/product_brand?post=12956"},{"taxonomy":"product_cat","embeddable":true,"href":"https:\/\/www.cinesouk.ma\/fr\/wp-json\/wp\/v2\/product_cat?post=12956"},{"taxonomy":"product_tag","embeddable":true,"href":"https:\/\/www.cinesouk.ma\/fr\/wp-json\/wp\/v2\/product_tag?post=12956"}],"curies":[{"name":"wp","href":"https:\/\/api.w.org\/{rel}","templated":true}]}}