{"id":12969,"date":"2025-05-06T08:40:45","date_gmt":"2025-05-06T08:40:45","guid":{"rendered":"https:\/\/www.cinesouk.ma\/?post_type=product&#038;p=12969"},"modified":"2025-08-18T10:30:24","modified_gmt":"2025-08-18T10:30:24","slug":"showtec-multidim-mk2-dimmerpack-4x6a-230v","status":"publish","type":"product","link":"https:\/\/www.cinesouk.ma\/fr\/produit\/showtec-multidim-mk2-dimmerpack-4x6a-230v\/","title":{"rendered":"Showtec Multidim Mk2 Dimmerpack 4x6A 230V"},"content":{"rendered":"<div class=\"flex max-w-full flex-col flex-grow\">\n<div class=\"min-h-8 text-message flex w-full flex-col items-end gap-2 whitespace-normal break-words [.text-message+&amp;]:mt-5\" dir=\"auto\" data-message-author-role=\"assistant\" data-message-id=\"e4c3ffad-71cb-44e7-93b8-bb60eda86b77\" data-message-model-slug=\"gpt-4o-mini\">\n<div class=\"flex w-full flex-col gap-1 empty:hidden first:pt-[3px]\">\n<div class=\"markdown prose w-full break-words dark:prose-invert light\">\n<p class=\"\" data-start=\"184\" data-end=\"477\">Le Showtec Multidim Mk2 est un ensemble compact et fiable de gradateurs et d'interrupteurs \u00e0 4 canaux con\u00e7u pour les applications d'\u00e9clairage professionnelles. Il offre des options de contr\u00f4le flexibles, lui permettant de fonctionner \u00e0 la fois par DMX et en mode autonome, ce qui le rend id\u00e9al pour les salles de spectacles, les th\u00e9\u00e2tres et les installations mobiles.<\/p>\n<p class=\"\" data-start=\"479\" data-end=\"496\"><strong data-start=\"479\" data-end=\"496\">Caract\u00e9ristiques principales :<\/strong><\/p>\n<ul data-start=\"498\" data-end=\"1166\">\n<li class=\"\" data-start=\"498\" data-end=\"620\">\n<p class=\"\" data-start=\"500\" data-end=\"620\"><strong data-start=\"500\" data-end=\"527\">4 canaux ind\u00e9pendants :<\/strong> Chaque canal g\u00e8re jusqu'\u00e0 6,3A (environ 1440W), avec une capacit\u00e9 de charge totale de 3680W \u00e0 230V.<\/p>\n<\/li>\n<li class=\"\" data-start=\"624\" data-end=\"822\">\n<p class=\"\" data-start=\"626\" data-end=\"822\"><strong data-start=\"626\" data-end=\"655\">Modes DMX et autonome :<\/strong> Fonctionne comme un gradateur DMX \u00e0 1, 2 ou 4 canaux ou avec des programmes de poursuite int\u00e9gr\u00e9s en mode autonome. Il comprend \u00e9galement un mode d'activation sonore utilisant le microphone interne.<\/p>\n<\/li>\n<li class=\"\" data-start=\"826\" data-end=\"942\">\n<p class=\"\" data-start=\"828\" data-end=\"942\"><strong data-start=\"828\" data-end=\"845\">Contr\u00f4le facile :<\/strong> Il est dot\u00e9 d'un \u00e9cran LED \u00e0 4 chiffres et d'une interface simple \u00e0 bouton-poussoir pour une configuration et des r\u00e9glages rapides.<\/p>\n<\/li>\n<li class=\"\" data-start=\"946\" data-end=\"1058\">\n<p class=\"\" data-start=\"948\" data-end=\"1058\"><strong data-start=\"948\" data-end=\"971\">Connexions de sortie :<\/strong> Il est \u00e9quip\u00e9 de quatre sorties d'alimentation Schuko, chacune correspondant \u00e0 un seul canal.<\/p>\n<\/li>\n<li class=\"\" data-start=\"1060\" data-end=\"1166\">\n<p class=\"\" data-start=\"1062\" data-end=\"1166\"><strong data-start=\"1062\" data-end=\"1081\">Conception durable :<\/strong> Construit dans un bo\u00eetier m\u00e9tallique robuste pour une utilisation dans des environnements de sc\u00e8ne et de tourn\u00e9e exigeants.<\/p>\n<\/li>\n<\/ul>\n<p class=\"\" data-start=\"1168\" data-end=\"1187\"><strong data-start=\"1168\" data-end=\"1187\">Sp\u00e9cifications :<\/strong><\/p>\n<ul data-start=\"1189\" data-end=\"1455\">\n<li class=\"\" data-start=\"1189\" data-end=\"1225\">\n<p class=\"\" data-start=\"1191\" data-end=\"1225\"><strong data-start=\"1191\" data-end=\"1209\">Tension d'entr\u00e9e :<\/strong> AC 230V, 50Hz<\/p>\n<\/li>\n<li class=\"\" data-start=\"1226\" data-end=\"1278\">\n<p class=\"\" data-start=\"1228\" data-end=\"1278\"><strong data-start=\"1228\" data-end=\"1247\">Sortie de canal :<\/strong> 6,3A par canal (max 1440W)<\/p>\n<\/li>\n<li class=\"\" data-start=\"1279\" data-end=\"1313\">\n<p class=\"\" data-start=\"1281\" data-end=\"1313\"><strong data-start=\"1281\" data-end=\"1305\">Capacit\u00e9 de charge totale :<\/strong> 3680W<\/p>\n<\/li>\n<li class=\"\" data-start=\"1314\" data-end=\"1349\">\n<p class=\"\" data-start=\"1316\" data-end=\"1349\"><strong data-start=\"1316\" data-end=\"1328\">Sorties :<\/strong> 4 x prises Schuko<\/p>\n<\/li>\n<li class=\"\" data-start=\"1350\" data-end=\"1385\">\n<p class=\"\" data-start=\"1352\" data-end=\"1385\"><strong data-start=\"1352\" data-end=\"1366\">Ports DMX :<\/strong> Entr\u00e9e\/sortie XLR 3 broches<\/p>\n<\/li>\n<li class=\"\" data-start=\"1386\" data-end=\"1423\">\n<p class=\"\" data-start=\"1388\" data-end=\"1423\"><strong data-start=\"1388\" data-end=\"1403\">Dimensions :<\/strong> 285 x 210 x 75 mm<\/p>\n<\/li>\n<li class=\"\" data-start=\"1424\" data-end=\"1455\">\n<p class=\"\" data-start=\"1426\" data-end=\"1455\"><strong data-start=\"1426\" data-end=\"1437\">Poids :<\/strong> Environ 2,68 kg<\/p>\n<\/li>\n<\/ul>\n<p class=\"\" data-start=\"1471\" data-end=\"1717\">Le Showtec Multidim Mk2 est un choix fiable et pratique pour ceux qui ont besoin d'un gradateur polyvalent. Qu'il soit int\u00e9gr\u00e9 \u00e0 un syst\u00e8me contr\u00f4l\u00e9 par DMX ou utilis\u00e9 en mode autonome, il offre des performances constantes et est facile \u00e0 installer et \u00e0 utiliser.<\/p>\n<\/div>\n<\/div>\n<\/div>\n<\/div>\n<p>Louez-le maintenant sur <a href=\"https:\/\/www.cinesouk.ma\/fr\">CINESOUK<\/a> - une marque de <a href=\"https:\/\/www.broadway.ma\/\">BROADWAY PRODUCTIONS SARL.<\/a><\/p>","protected":false},"excerpt":{"rendered":"<p><strong>Sp\u00e9cifications :<\/strong><\/p>\n<ul>\n<li class=\"\" data-start=\"1189\" data-end=\"1225\">\n<p class=\"\" data-start=\"1191\" data-end=\"1225\"><strong data-start=\"1191\" data-end=\"1209\">Tension d'entr\u00e9e :<\/strong> AC 230V, 50Hz<\/p>\n<\/li>\n<li class=\"\" data-start=\"1226\" data-end=\"1278\">\n<p class=\"\" data-start=\"1228\" data-end=\"1278\"><strong data-start=\"1228\" data-end=\"1247\">Sortie de canal :<\/strong> 6,3A par canal (max 1440W)<\/p>\n<\/li>\n<li class=\"\" data-start=\"1279\" data-end=\"1313\">\n<p class=\"\" data-start=\"1281\" data-end=\"1313\"><strong data-start=\"1281\" data-end=\"1305\">Capacit\u00e9 de charge totale :<\/strong> 3680W<\/p>\n<\/li>\n<li class=\"\" data-start=\"1314\" data-end=\"1349\">\n<p class=\"\" data-start=\"1316\" data-end=\"1349\"><strong data-start=\"1316\" data-end=\"1328\">Sorties :<\/strong> 4 x prises Schuko<\/p>\n<\/li>\n<li class=\"\" data-start=\"1350\" data-end=\"1385\">\n<p class=\"\" data-start=\"1352\" data-end=\"1385\"><strong data-start=\"1352\" data-end=\"1366\">Ports DMX :<\/strong> Entr\u00e9e\/sortie XLR 3 broches<\/p>\n<\/li>\n<li class=\"\" data-start=\"1386\" data-end=\"1423\">\n<p class=\"\" data-start=\"1388\" data-end=\"1423\"><strong data-start=\"1388\" data-end=\"1403\">Dimensions :<\/strong> 285 x 210 x 75 mm<\/p>\n<\/li>\n<li class=\"\" data-start=\"1424\" data-end=\"1455\">\n<p class=\"\" data-start=\"1426\" data-end=\"1455\"><strong data-start=\"1426\" data-end=\"1437\">Poids :<\/strong> Environ 2,68 kg<\/p>\n<\/li>\n<\/ul>","protected":false},"featured_media":12980,"template":"","meta":{"om_disable_all_campaigns":false,"_monsterinsights_skip_tracking":false,"_monsterinsights_sitenote_active":false,"_monsterinsights_sitenote_note":"","_monsterinsights_sitenote_category":0,"_uf_show_specific_survey":0,"_uf_disable_surveys":false},"product_brand":[],"product_cat":[20,95],"product_tag":[],"class_list":{"0":"post-12969","1":"product","2":"type-product","3":"status-publish","4":"has-post-thumbnail","6":"product_cat-light-cinesouk","7":"product_cat-mixing-consoles-eventsouk","9":"entry","10":"has-media","12":"first","13":"instock","14":"taxable","15":"shipping-taxable","16":"purchasable","17":"product-type-variable","18":"has-product-nav","19":"col","20":"span_1_of_3","21":"owp-content-center","22":"owp-thumbs-layout-horizontal","23":"owp-btn-normal","24":"owp-tabs-layout-horizontal","25":"has-no-thumbnails"},"yoast_head":"<!-- This site is optimized with the Yoast SEO Premium plugin v26.0 (Yoast SEO v26.0) - https:\/\/yoast.com\/wordpress\/plugins\/seo\/ -->\n<title>Showtec Multidim Mk2 Dimmerpack 4x6A 230V - CineSouk<\/title>\n<meta name=\"description\" content=\"The Showtec Multidim Mk2 is a 4-channel dimmer pack with DMX and standalone modes, offering 6.3A per channel and flexible control for professional lighting setups.\" \/>\n<meta name=\"robots\" content=\"index, follow, max-snippet:-1, max-image-preview:large, max-video-preview:-1\" \/>\n<link rel=\"canonical\" href=\"https:\/\/www.cinesouk.ma\/fr\/produit\/showtec-multidim-mk2-dimmerpack-4x6a-230v\/\" \/>\n<meta property=\"og:locale\" content=\"fr_FR\" \/>\n<meta property=\"og:type\" content=\"article\" \/>\n<meta property=\"og:title\" content=\"Showtec Multidim Mk2 Dimmerpack 4x6A 230V\" \/>\n<meta property=\"og:description\" content=\"The Showtec Multidim Mk2 is a 4-channel dimmer pack with DMX and standalone modes, offering 6.3A per channel and flexible control for professional lighting setups.\" \/>\n<meta property=\"og:url\" content=\"https:\/\/www.cinesouk.ma\/fr\/produit\/showtec-multidim-mk2-dimmerpack-4x6a-230v\/\" \/>\n<meta property=\"og:site_name\" content=\"CineSouk\" \/>\n<meta property=\"article:modified_time\" content=\"2025-08-18T10:30:24+00:00\" \/>\n<meta property=\"og:image\" content=\"https:\/\/www.cinesouk.ma\/wp-content\/uploads\/2025\/05\/Showtec-Multidim-Mk2-Dimmerpack-4x6A-230V.jpg\" \/>\n\t<meta property=\"og:image:width\" content=\"300\" \/>\n\t<meta property=\"og:image:height\" content=\"238\" \/>\n\t<meta property=\"og:image:type\" content=\"image\/jpeg\" \/>\n<meta name=\"twitter:card\" content=\"summary_large_image\" \/>\n<meta name=\"twitter:description\" content=\"The Showtec Multidim Mk2 is a 4-channel dimmer pack with DMX and standalone modes, offering 6.3A per channel and flexible control for professional lighting setups.\" \/>\n<meta name=\"twitter:label1\" content=\"Dur\u00e9e de lecture estim\u00e9e\" \/>\n\t<meta name=\"twitter:data1\" content=\"2 minutes\" \/>\n<script type=\"application\/ld+json\" class=\"yoast-schema-graph\">{\"@context\":\"https:\/\/schema.org\",\"@graph\":[{\"@type\":\"WebPage\",\"@id\":\"https:\/\/www.cinesouk.ma\/product\/showtec-multidim-mk2-dimmerpack-4x6a-230v\/\",\"url\":\"https:\/\/www.cinesouk.ma\/product\/showtec-multidim-mk2-dimmerpack-4x6a-230v\/\",\"name\":\"Showtec Multidim Mk2 Dimmerpack 4x6A 230V - CineSouk\",\"isPartOf\":{\"@id\":\"https:\/\/www.cinesouk.ma\/#website\"},\"primaryImageOfPage\":{\"@id\":\"https:\/\/www.cinesouk.ma\/product\/showtec-multidim-mk2-dimmerpack-4x6a-230v\/#primaryimage\"},\"image\":{\"@id\":\"https:\/\/www.cinesouk.ma\/product\/showtec-multidim-mk2-dimmerpack-4x6a-230v\/#primaryimage\"},\"thumbnailUrl\":\"https:\/\/www.cinesouk.ma\/wp-content\/uploads\/2025\/05\/Showtec-Multidim-Mk2-Dimmerpack-4x6A-230V.jpg\",\"datePublished\":\"2025-05-06T08:40:45+00:00\",\"dateModified\":\"2025-08-18T10:30:24+00:00\",\"description\":\"The Showtec Multidim Mk2 is a 4-channel dimmer pack with DMX and standalone modes, offering 6.3A per channel and flexible control for professional lighting setups.\",\"breadcrumb\":{\"@id\":\"https:\/\/www.cinesouk.ma\/product\/showtec-multidim-mk2-dimmerpack-4x6a-230v\/#breadcrumb\"},\"inLanguage\":\"fr-FR\",\"potentialAction\":[{\"@type\":\"ReadAction\",\"target\":[\"https:\/\/www.cinesouk.ma\/product\/showtec-multidim-mk2-dimmerpack-4x6a-230v\/\"]}]},{\"@type\":\"ImageObject\",\"inLanguage\":\"fr-FR\",\"@id\":\"https:\/\/www.cinesouk.ma\/product\/showtec-multidim-mk2-dimmerpack-4x6a-230v\/#primaryimage\",\"url\":\"https:\/\/www.cinesouk.ma\/wp-content\/uploads\/2025\/05\/Showtec-Multidim-Mk2-Dimmerpack-4x6A-230V.jpg\",\"contentUrl\":\"https:\/\/www.cinesouk.ma\/wp-content\/uploads\/2025\/05\/Showtec-Multidim-Mk2-Dimmerpack-4x6A-230V.jpg\",\"width\":300,\"height\":238,\"caption\":\"Showtec Multidim Mk2 Dimmerpack 4x6A 230V\"},{\"@type\":\"BreadcrumbList\",\"@id\":\"https:\/\/www.cinesouk.ma\/product\/showtec-multidim-mk2-dimmerpack-4x6a-230v\/#breadcrumb\",\"itemListElement\":[{\"@type\":\"ListItem\",\"position\":1,\"name\":\"Home\",\"item\":\"https:\/\/www.cinesouk.ma\/\"},{\"@type\":\"ListItem\",\"position\":2,\"name\":\"Shop\",\"item\":\"https:\/\/www.cinesouk.ma\/shop\/\"},{\"@type\":\"ListItem\",\"position\":3,\"name\":\"Showtec Multidim Mk2 Dimmerpack 4x6A 230V\"}]},{\"@type\":\"WebSite\",\"@id\":\"https:\/\/www.cinesouk.ma\/#website\",\"url\":\"https:\/\/www.cinesouk.ma\/\",\"name\":\"CineSouk\",\"description\":\"\",\"publisher\":{\"@id\":\"https:\/\/www.cinesouk.ma\/#organization\"},\"potentialAction\":[{\"@type\":\"SearchAction\",\"target\":{\"@type\":\"EntryPoint\",\"urlTemplate\":\"https:\/\/www.cinesouk.ma\/?s={search_term_string}\"},\"query-input\":{\"@type\":\"PropertyValueSpecification\",\"valueRequired\":true,\"valueName\":\"search_term_string\"}}],\"inLanguage\":\"fr-FR\"},{\"@type\":\"Organization\",\"@id\":\"https:\/\/www.cinesouk.ma\/#organization\",\"name\":\"CineSouk\",\"url\":\"https:\/\/www.cinesouk.ma\/\",\"logo\":{\"@type\":\"ImageObject\",\"inLanguage\":\"fr-FR\",\"@id\":\"https:\/\/www.cinesouk.ma\/#\/schema\/logo\/image\/\",\"url\":\"https:\/\/www.cinesouk.ma\/wp-content\/uploads\/2024\/01\/CineSouk-logo-v01-alpha-alligned-left.png\",\"contentUrl\":\"https:\/\/www.cinesouk.ma\/wp-content\/uploads\/2024\/01\/CineSouk-logo-v01-alpha-alligned-left.png\",\"width\":3204,\"height\":889,\"caption\":\"CineSouk\"},\"image\":{\"@id\":\"https:\/\/www.cinesouk.ma\/#\/schema\/logo\/image\/\"}}]}<\/script>\n<!-- \/ Yoast SEO Premium plugin. -->","yoast_head_json":{"title":"Showtec Multidim Mk2 Dimmerpack 4x6A 230V - CineSouk","description":"The Showtec Multidim Mk2 is a 4-channel dimmer pack with DMX and standalone modes, offering 6.3A per channel and flexible control for professional lighting setups.","robots":{"index":"index","follow":"follow","max-snippet":"max-snippet:-1","max-image-preview":"max-image-preview:large","max-video-preview":"max-video-preview:-1"},"canonical":"https:\/\/www.cinesouk.ma\/fr\/produit\/showtec-multidim-mk2-dimmerpack-4x6a-230v\/","og_locale":"fr_FR","og_type":"article","og_title":"Showtec Multidim Mk2 Dimmerpack 4x6A 230V","og_description":"The Showtec Multidim Mk2 is a 4-channel dimmer pack with DMX and standalone modes, offering 6.3A per channel and flexible control for professional lighting setups.","og_url":"https:\/\/www.cinesouk.ma\/fr\/produit\/showtec-multidim-mk2-dimmerpack-4x6a-230v\/","og_site_name":"CineSouk","article_modified_time":"2025-08-18T10:30:24+00:00","og_image":[{"width":300,"height":238,"url":"https:\/\/www.cinesouk.ma\/wp-content\/uploads\/2025\/05\/Showtec-Multidim-Mk2-Dimmerpack-4x6A-230V.jpg","type":"image\/jpeg"}],"twitter_card":"summary_large_image","twitter_description":"The Showtec Multidim Mk2 is a 4-channel dimmer pack with DMX and standalone modes, offering 6.3A per channel and flexible control for professional lighting setups.","twitter_misc":{"Dur\u00e9e de lecture estim\u00e9e":"2 minutes"},"schema":{"@context":"https:\/\/schema.org","@graph":[{"@type":"WebPage","@id":"https:\/\/www.cinesouk.ma\/product\/showtec-multidim-mk2-dimmerpack-4x6a-230v\/","url":"https:\/\/www.cinesouk.ma\/product\/showtec-multidim-mk2-dimmerpack-4x6a-230v\/","name":"Showtec Multidim Mk2 Dimmerpack 4x6A 230V - CineSouk","isPartOf":{"@id":"https:\/\/www.cinesouk.ma\/#website"},"primaryImageOfPage":{"@id":"https:\/\/www.cinesouk.ma\/product\/showtec-multidim-mk2-dimmerpack-4x6a-230v\/#primaryimage"},"image":{"@id":"https:\/\/www.cinesouk.ma\/product\/showtec-multidim-mk2-dimmerpack-4x6a-230v\/#primaryimage"},"thumbnailUrl":"https:\/\/www.cinesouk.ma\/wp-content\/uploads\/2025\/05\/Showtec-Multidim-Mk2-Dimmerpack-4x6A-230V.jpg","datePublished":"2025-05-06T08:40:45+00:00","dateModified":"2025-08-18T10:30:24+00:00","description":"The Showtec Multidim Mk2 is a 4-channel dimmer pack with DMX and standalone modes, offering 6.3A per channel and flexible control for professional lighting setups.","breadcrumb":{"@id":"https:\/\/www.cinesouk.ma\/product\/showtec-multidim-mk2-dimmerpack-4x6a-230v\/#breadcrumb"},"inLanguage":"fr-FR","potentialAction":[{"@type":"ReadAction","target":["https:\/\/www.cinesouk.ma\/product\/showtec-multidim-mk2-dimmerpack-4x6a-230v\/"]}]},{"@type":"ImageObject","inLanguage":"fr-FR","@id":"https:\/\/www.cinesouk.ma\/product\/showtec-multidim-mk2-dimmerpack-4x6a-230v\/#primaryimage","url":"https:\/\/www.cinesouk.ma\/wp-content\/uploads\/2025\/05\/Showtec-Multidim-Mk2-Dimmerpack-4x6A-230V.jpg","contentUrl":"https:\/\/www.cinesouk.ma\/wp-content\/uploads\/2025\/05\/Showtec-Multidim-Mk2-Dimmerpack-4x6A-230V.jpg","width":300,"height":238,"caption":"Showtec Multidim Mk2 Dimmerpack 4x6A 230V"},{"@type":"BreadcrumbList","@id":"https:\/\/www.cinesouk.ma\/product\/showtec-multidim-mk2-dimmerpack-4x6a-230v\/#breadcrumb","itemListElement":[{"@type":"ListItem","position":1,"name":"Home","item":"https:\/\/www.cinesouk.ma\/"},{"@type":"ListItem","position":2,"name":"Shop","item":"https:\/\/www.cinesouk.ma\/shop\/"},{"@type":"ListItem","position":3,"name":"Showtec Multidim Mk2 Dimmerpack 4x6A 230V"}]},{"@type":"WebSite","@id":"https:\/\/www.cinesouk.ma\/#website","url":"https:\/\/www.cinesouk.ma\/","name":"CineSouk","description":"","publisher":{"@id":"https:\/\/www.cinesouk.ma\/#organization"},"potentialAction":[{"@type":"SearchAction","target":{"@type":"EntryPoint","urlTemplate":"https:\/\/www.cinesouk.ma\/?s={search_term_string}"},"query-input":{"@type":"PropertyValueSpecification","valueRequired":true,"valueName":"search_term_string"}}],"inLanguage":"fr-FR"},{"@type":"Organization","@id":"https:\/\/www.cinesouk.ma\/#organization","name":"CineSouk","url":"https:\/\/www.cinesouk.ma\/","logo":{"@type":"ImageObject","inLanguage":"fr-FR","@id":"https:\/\/www.cinesouk.ma\/#\/schema\/logo\/image\/","url":"https:\/\/www.cinesouk.ma\/wp-content\/uploads\/2024\/01\/CineSouk-logo-v01-alpha-alligned-left.png","contentUrl":"https:\/\/www.cinesouk.ma\/wp-content\/uploads\/2024\/01\/CineSouk-logo-v01-alpha-alligned-left.png","width":3204,"height":889,"caption":"CineSouk"},"image":{"@id":"https:\/\/www.cinesouk.ma\/#\/schema\/logo\/image\/"}}]}},"_links":{"self":[{"href":"https:\/\/www.cinesouk.ma\/fr\/wp-json\/wp\/v2\/product\/12969","targetHints":{"allow":["GET"]}}],"collection":[{"href":"https:\/\/www.cinesouk.ma\/fr\/wp-json\/wp\/v2\/product"}],"about":[{"href":"https:\/\/www.cinesouk.ma\/fr\/wp-json\/wp\/v2\/types\/product"}],"wp:featuredmedia":[{"embeddable":true,"href":"https:\/\/www.cinesouk.ma\/fr\/wp-json\/wp\/v2\/media\/12980"}],"wp:attachment":[{"href":"https:\/\/www.cinesouk.ma\/fr\/wp-json\/wp\/v2\/media?parent=12969"}],"wp:term":[{"taxonomy":"product_brand","embeddable":true,"href":"https:\/\/www.cinesouk.ma\/fr\/wp-json\/wp\/v2\/product_brand?post=12969"},{"taxonomy":"product_cat","embeddable":true,"href":"https:\/\/www.cinesouk.ma\/fr\/wp-json\/wp\/v2\/product_cat?post=12969"},{"taxonomy":"product_tag","embeddable":true,"href":"https:\/\/www.cinesouk.ma\/fr\/wp-json\/wp\/v2\/product_tag?post=12969"}],"curies":[{"name":"wp","href":"https:\/\/api.w.org\/{rel}","templated":true}]}}