{"id":12981,"date":"2025-05-06T09:16:20","date_gmt":"2025-05-06T09:16:20","guid":{"rendered":"https:\/\/www.cinesouk.ma\/?post_type=product&#038;p=12981"},"modified":"2025-08-18T10:30:23","modified_gmt":"2025-08-18T10:30:23","slug":"showtec-single-mkii-dimmerpack-10a-230v","status":"publish","type":"product","link":"https:\/\/www.cinesouk.ma\/fr\/produit\/showtec-single-mkii-dimmerpack-10a-230v\/","title":{"rendered":"Showtec Single MKII Dimmerpack 10A 230V"},"content":{"rendered":"<div class=\"flex max-w-full flex-col flex-grow\">\n<div class=\"min-h-8 text-message flex w-full flex-col items-end gap-2 whitespace-normal break-words [.text-message+&amp;]:mt-5\" dir=\"auto\" data-message-author-role=\"assistant\" data-message-id=\"e4c3ffad-71cb-44e7-93b8-bb60eda86b77\" data-message-model-slug=\"gpt-4o-mini\">\n<div class=\"flex w-full flex-col gap-1 empty:hidden first:pt-[3px]\">\n<div class=\"markdown prose w-full break-words dark:prose-invert light\">\n<p class=\"\" data-start=\"219\" data-end=\"525\">Le Showtec Single MKII est un ensemble compact et fiable de gradateurs et d'interrupteurs \u00e0 1 canal, con\u00e7u pour le contr\u00f4le professionnel de l'\u00e9clairage en direct et en studio. Avec une capacit\u00e9 de 10A (jusqu'\u00e0 2300W), il offre \u00e0 la fois un fonctionnement DMX-512 et manuel, vous donnant une flexibilit\u00e9 totale pour une large gamme de configurations d'\u00e9clairage.<\/p>\n<h4 class=\"\" data-start=\"527\" data-end=\"545\">Caract\u00e9ristiques principales :<\/h4>\n<ul data-start=\"547\" data-end=\"1120\">\n<li class=\"\" data-start=\"547\" data-end=\"637\">\n<p class=\"\" data-start=\"549\" data-end=\"637\"><strong data-start=\"549\" data-end=\"571\">Double fonction<\/strong> - Utilisez-le comme gradateur ou comme bloc d'interrupteurs, selon vos besoins.<\/p>\n<\/li>\n<li class=\"\" data-start=\"638\" data-end=\"754\">\n<p class=\"\" data-start=\"640\" data-end=\"754\"><strong data-start=\"640\" data-end=\"664\">Contr\u00f4le DMX et manuel<\/strong> - La commande se fait par DMX ou par l'interm\u00e9diaire du fader et de l'\u00e9cran embarqu\u00e9s pour un contr\u00f4le rapide et pratique.<\/p>\n<\/li>\n<li class=\"\" data-start=\"755\" data-end=\"864\">\n<p class=\"\" data-start=\"757\" data-end=\"864\"><strong data-start=\"757\" data-end=\"782\">Param\u00e8tres ajustables<\/strong> - R\u00e9glez les pr\u00e9r\u00e9glages, les limites de sortie et les courbes de gradation directement \u00e0 partir du menu de l'appareil.<\/p>\n<\/li>\n<li class=\"\" data-start=\"865\" data-end=\"973\">\n<p class=\"\" data-start=\"867\" data-end=\"973\"><strong data-start=\"867\" data-end=\"894\">Interface conviviale<\/strong> - Comprend un \u00e9cran LED clair et des boutons de navigation simples pour une configuration ais\u00e9e.<\/p>\n<\/li>\n<li class=\"\" data-start=\"974\" data-end=\"1052\">\n<p class=\"\" data-start=\"976\" data-end=\"1052\"><strong data-start=\"976\" data-end=\"995\">M\u00e9moire int\u00e9gr\u00e9e<\/strong> - M\u00e9morise les derniers r\u00e9glages utilis\u00e9s apr\u00e8s une coupure de courant.<\/p>\n<\/li>\n<li class=\"\" data-start=\"1053\" data-end=\"1120\">\n<p class=\"\" data-start=\"1055\" data-end=\"1120\"><strong data-start=\"1055\" data-end=\"1076\">Montage flexible<\/strong> - Convient pour les installations murales ou en treillis.<\/p>\n<\/li>\n<\/ul>\n<h4 class=\"\" data-start=\"1122\" data-end=\"1142\">Sp\u00e9cifications :<\/h4>\n<ul data-start=\"1144\" data-end=\"1387\">\n<li class=\"\" data-start=\"1144\" data-end=\"1178\">\n<p class=\"\" data-start=\"1146\" data-end=\"1178\"><strong data-start=\"1146\" data-end=\"1162\">Alimentation \u00e9lectrique :<\/strong> AC 230V, 50Hz<\/p>\n<\/li>\n<li class=\"\" data-start=\"1179\" data-end=\"1208\">\n<p class=\"\" data-start=\"1181\" data-end=\"1208\"><strong data-start=\"1181\" data-end=\"1194\">Charge maximale :<\/strong> 10A \/ 2300W<\/p>\n<\/li>\n<li class=\"\" data-start=\"1209\" data-end=\"1244\">\n<p class=\"\" data-start=\"1211\" data-end=\"1244\"><strong data-start=\"1211\" data-end=\"1232\">Mode canal DMX :<\/strong> 1 canal<\/p>\n<\/li>\n<li class=\"\" data-start=\"1245\" data-end=\"1281\">\n<p class=\"\" data-start=\"1247\" data-end=\"1281\"><strong data-start=\"1247\" data-end=\"1262\">Connecteurs :<\/strong> Entr\u00e9e\/sortie XLR 3 broches<\/p>\n<\/li>\n<li class=\"\" data-start=\"1282\" data-end=\"1311\">\n<p class=\"\" data-start=\"1284\" data-end=\"1311\"><strong data-start=\"1284\" data-end=\"1302\">Prise de sortie :<\/strong> Schuko<\/p>\n<\/li>\n<li class=\"\" data-start=\"1312\" data-end=\"1357\">\n<p class=\"\" data-start=\"1314\" data-end=\"1357\"><strong data-start=\"1314\" data-end=\"1329\">Dimensions :<\/strong> Environ 195 x 105 x 90 mm<\/p>\n<\/li>\n<li class=\"\" data-start=\"1358\" data-end=\"1387\">\n<p class=\"\" data-start=\"1360\" data-end=\"1387\"><strong data-start=\"1360\" data-end=\"1371\">Poids :<\/strong> Environ 1,26 kg<\/p>\n<\/li>\n<\/ul>\n<\/div>\n<\/div>\n<\/div>\n<\/div>\n<p>Le Showtec Single MKII Dimmerpack combine fiabilit\u00e9, flexibilit\u00e9 et facilit\u00e9 d'utilisation dans un design compact. Que vous travailliez sur sc\u00e8ne, dans un studio ou lors d'un \u00e9v\u00e9nement en direct, il offre le contr\u00f4le et la coh\u00e9rence n\u00e9cessaires \u00e0 des op\u00e9rations d'\u00e9clairage fluides.<\/p>\n<p>Louez-le maintenant sur <a href=\"https:\/\/www.cinesouk.ma\/fr\">CINESOUK<\/a> - une marque de <a href=\"https:\/\/www.broadway.ma\/\">BROADWAY PRODUCTIONS SARL.<\/a><\/p>","protected":false},"excerpt":{"rendered":"<p><strong>Sp\u00e9cifications :<\/strong><\/p>\n<ul>\n<li class=\"\" data-start=\"1170\" data-end=\"1204\">\n<p class=\"\" data-start=\"1172\" data-end=\"1204\"><strong data-start=\"1172\" data-end=\"1188\">Alimentation \u00e9lectrique :<\/strong> AC 230V, 50Hz<\/p>\n<\/li>\n<li class=\"\" data-start=\"1205\" data-end=\"1234\">\n<p class=\"\" data-start=\"1207\" data-end=\"1234\"><strong data-start=\"1207\" data-end=\"1220\">Charge maximale :<\/strong> 10A \/ 2300W<\/p>\n<\/li>\n<li class=\"\" data-start=\"1235\" data-end=\"1270\">\n<p class=\"\" data-start=\"1237\" data-end=\"1270\"><strong data-start=\"1237\" data-end=\"1258\">Mode canal DMX :<\/strong> 1 canal<\/p>\n<\/li>\n<li class=\"\" data-start=\"1271\" data-end=\"1307\">\n<p class=\"\" data-start=\"1273\" data-end=\"1307\"><strong data-start=\"1273\" data-end=\"1288\">Connecteurs :<\/strong> Entr\u00e9e\/sortie XLR 3 broches<\/p>\n<\/li>\n<li class=\"\" data-start=\"1308\" data-end=\"1337\">\n<p class=\"\" data-start=\"1310\" data-end=\"1337\"><strong data-start=\"1310\" data-end=\"1328\">Prise de sortie :<\/strong> Schuko<\/p>\n<\/li>\n<li class=\"\" data-start=\"1338\" data-end=\"1383\">\n<p class=\"\" data-start=\"1340\" data-end=\"1383\"><strong data-start=\"1340\" data-end=\"1355\">Dimensions :<\/strong> Environ 195 x 105 x 90 mm<\/p>\n<\/li>\n<li class=\"\" data-start=\"1384\" data-end=\"1413\">\n<p class=\"\" data-start=\"1386\" data-end=\"1413\"><strong data-start=\"1386\" data-end=\"1397\">Poids :<\/strong> Environ 1,26 kg<\/p>\n<\/li>\n<\/ul>","protected":false},"featured_media":12992,"template":"","meta":{"om_disable_all_campaigns":false,"_monsterinsights_skip_tracking":false,"_monsterinsights_sitenote_active":false,"_monsterinsights_sitenote_note":"","_monsterinsights_sitenote_category":0,"_uf_show_specific_survey":0,"_uf_disable_surveys":false},"product_brand":[],"product_cat":[20,95],"product_tag":[],"class_list":{"0":"post-12981","1":"product","2":"type-product","3":"status-publish","4":"has-post-thumbnail","6":"product_cat-light-cinesouk","7":"product_cat-mixing-consoles-eventsouk","9":"entry","10":"has-media","12":"first","13":"instock","14":"taxable","15":"shipping-taxable","16":"purchasable","17":"product-type-variable","18":"has-product-nav","19":"col","20":"span_1_of_3","21":"owp-content-center","22":"owp-thumbs-layout-horizontal","23":"owp-btn-normal","24":"owp-tabs-layout-horizontal","25":"has-no-thumbnails"},"yoast_head":"<!-- This site is optimized with the Yoast SEO Premium plugin v26.0 (Yoast SEO v26.0) - https:\/\/yoast.com\/wordpress\/plugins\/seo\/ -->\n<title>Showtec Single MKII Dimmerpack 10A 230V - CineSouk<\/title>\n<meta name=\"description\" content=\"The Showtec Single MKII is a 1-channel, 10A dimmer\/switch pack with DMX and manual control for reliable lighting performance.\" \/>\n<meta name=\"robots\" content=\"index, follow, max-snippet:-1, max-image-preview:large, max-video-preview:-1\" \/>\n<link rel=\"canonical\" href=\"https:\/\/www.cinesouk.ma\/fr\/produit\/showtec-single-mkii-dimmerpack-10a-230v\/\" \/>\n<meta property=\"og:locale\" content=\"fr_FR\" \/>\n<meta property=\"og:type\" content=\"article\" \/>\n<meta property=\"og:title\" content=\"Showtec Single MKII Dimmerpack 10A 230V\" \/>\n<meta property=\"og:description\" content=\"The Showtec Single MKII is a 1-channel, 10A dimmer\/switch pack with DMX and manual control for reliable lighting performance.\" \/>\n<meta property=\"og:url\" content=\"https:\/\/www.cinesouk.ma\/fr\/produit\/showtec-single-mkii-dimmerpack-10a-230v\/\" \/>\n<meta property=\"og:site_name\" content=\"CineSouk\" \/>\n<meta property=\"article:modified_time\" content=\"2025-08-18T10:30:23+00:00\" \/>\n<meta property=\"og:image\" content=\"https:\/\/www.cinesouk.ma\/wp-content\/uploads\/2025\/05\/Showtec-Single-Mk2-Dimmerpack-10A-230V.jpg\" \/>\n\t<meta property=\"og:image:width\" content=\"300\" \/>\n\t<meta property=\"og:image:height\" content=\"238\" \/>\n\t<meta property=\"og:image:type\" content=\"image\/jpeg\" \/>\n<meta name=\"twitter:card\" content=\"summary_large_image\" \/>\n<meta name=\"twitter:description\" content=\"The Showtec Single MKII is a 1-channel, 10A dimmer\/switch pack with DMX and manual control for reliable lighting performance.\" \/>\n<meta name=\"twitter:label1\" content=\"Dur\u00e9e de lecture estim\u00e9e\" \/>\n\t<meta name=\"twitter:data1\" content=\"2 minutes\" \/>\n<script type=\"application\/ld+json\" class=\"yoast-schema-graph\">{\"@context\":\"https:\/\/schema.org\",\"@graph\":[{\"@type\":\"WebPage\",\"@id\":\"https:\/\/www.cinesouk.ma\/product\/showtec-single-mkii-dimmerpack-10a-230v\/\",\"url\":\"https:\/\/www.cinesouk.ma\/product\/showtec-single-mkii-dimmerpack-10a-230v\/\",\"name\":\"Showtec Single MKII Dimmerpack 10A 230V - CineSouk\",\"isPartOf\":{\"@id\":\"https:\/\/www.cinesouk.ma\/#website\"},\"primaryImageOfPage\":{\"@id\":\"https:\/\/www.cinesouk.ma\/product\/showtec-single-mkii-dimmerpack-10a-230v\/#primaryimage\"},\"image\":{\"@id\":\"https:\/\/www.cinesouk.ma\/product\/showtec-single-mkii-dimmerpack-10a-230v\/#primaryimage\"},\"thumbnailUrl\":\"https:\/\/www.cinesouk.ma\/wp-content\/uploads\/2025\/05\/Showtec-Single-Mk2-Dimmerpack-10A-230V.jpg\",\"datePublished\":\"2025-05-06T09:16:20+00:00\",\"dateModified\":\"2025-08-18T10:30:23+00:00\",\"description\":\"The Showtec Single MKII is a 1-channel, 10A dimmer\/switch pack with DMX and manual control for reliable lighting performance.\",\"breadcrumb\":{\"@id\":\"https:\/\/www.cinesouk.ma\/product\/showtec-single-mkii-dimmerpack-10a-230v\/#breadcrumb\"},\"inLanguage\":\"fr-FR\",\"potentialAction\":[{\"@type\":\"ReadAction\",\"target\":[\"https:\/\/www.cinesouk.ma\/product\/showtec-single-mkii-dimmerpack-10a-230v\/\"]}]},{\"@type\":\"ImageObject\",\"inLanguage\":\"fr-FR\",\"@id\":\"https:\/\/www.cinesouk.ma\/product\/showtec-single-mkii-dimmerpack-10a-230v\/#primaryimage\",\"url\":\"https:\/\/www.cinesouk.ma\/wp-content\/uploads\/2025\/05\/Showtec-Single-Mk2-Dimmerpack-10A-230V.jpg\",\"contentUrl\":\"https:\/\/www.cinesouk.ma\/wp-content\/uploads\/2025\/05\/Showtec-Single-Mk2-Dimmerpack-10A-230V.jpg\",\"width\":300,\"height\":238,\"caption\":\"Showtec Single MkII Dimmerpack 10A 230V\"},{\"@type\":\"BreadcrumbList\",\"@id\":\"https:\/\/www.cinesouk.ma\/product\/showtec-single-mkii-dimmerpack-10a-230v\/#breadcrumb\",\"itemListElement\":[{\"@type\":\"ListItem\",\"position\":1,\"name\":\"Home\",\"item\":\"https:\/\/www.cinesouk.ma\/\"},{\"@type\":\"ListItem\",\"position\":2,\"name\":\"Shop\",\"item\":\"https:\/\/www.cinesouk.ma\/shop\/\"},{\"@type\":\"ListItem\",\"position\":3,\"name\":\"Showtec Single MKII Dimmerpack 10A 230V\"}]},{\"@type\":\"WebSite\",\"@id\":\"https:\/\/www.cinesouk.ma\/#website\",\"url\":\"https:\/\/www.cinesouk.ma\/\",\"name\":\"CineSouk\",\"description\":\"\",\"publisher\":{\"@id\":\"https:\/\/www.cinesouk.ma\/#organization\"},\"potentialAction\":[{\"@type\":\"SearchAction\",\"target\":{\"@type\":\"EntryPoint\",\"urlTemplate\":\"https:\/\/www.cinesouk.ma\/?s={search_term_string}\"},\"query-input\":{\"@type\":\"PropertyValueSpecification\",\"valueRequired\":true,\"valueName\":\"search_term_string\"}}],\"inLanguage\":\"fr-FR\"},{\"@type\":\"Organization\",\"@id\":\"https:\/\/www.cinesouk.ma\/#organization\",\"name\":\"CineSouk\",\"url\":\"https:\/\/www.cinesouk.ma\/\",\"logo\":{\"@type\":\"ImageObject\",\"inLanguage\":\"fr-FR\",\"@id\":\"https:\/\/www.cinesouk.ma\/#\/schema\/logo\/image\/\",\"url\":\"https:\/\/www.cinesouk.ma\/wp-content\/uploads\/2024\/01\/CineSouk-logo-v01-alpha-alligned-left.png\",\"contentUrl\":\"https:\/\/www.cinesouk.ma\/wp-content\/uploads\/2024\/01\/CineSouk-logo-v01-alpha-alligned-left.png\",\"width\":3204,\"height\":889,\"caption\":\"CineSouk\"},\"image\":{\"@id\":\"https:\/\/www.cinesouk.ma\/#\/schema\/logo\/image\/\"}}]}<\/script>\n<!-- \/ Yoast SEO Premium plugin. -->","yoast_head_json":{"title":"Showtec Single MKII Dimmerpack 10A 230V - CineSouk","description":"The Showtec Single MKII is a 1-channel, 10A dimmer\/switch pack with DMX and manual control for reliable lighting performance.","robots":{"index":"index","follow":"follow","max-snippet":"max-snippet:-1","max-image-preview":"max-image-preview:large","max-video-preview":"max-video-preview:-1"},"canonical":"https:\/\/www.cinesouk.ma\/fr\/produit\/showtec-single-mkii-dimmerpack-10a-230v\/","og_locale":"fr_FR","og_type":"article","og_title":"Showtec Single MKII Dimmerpack 10A 230V","og_description":"The Showtec Single MKII is a 1-channel, 10A dimmer\/switch pack with DMX and manual control for reliable lighting performance.","og_url":"https:\/\/www.cinesouk.ma\/fr\/produit\/showtec-single-mkii-dimmerpack-10a-230v\/","og_site_name":"CineSouk","article_modified_time":"2025-08-18T10:30:23+00:00","og_image":[{"width":300,"height":238,"url":"https:\/\/www.cinesouk.ma\/wp-content\/uploads\/2025\/05\/Showtec-Single-Mk2-Dimmerpack-10A-230V.jpg","type":"image\/jpeg"}],"twitter_card":"summary_large_image","twitter_description":"The Showtec Single MKII is a 1-channel, 10A dimmer\/switch pack with DMX and manual control for reliable lighting performance.","twitter_misc":{"Dur\u00e9e de lecture estim\u00e9e":"2 minutes"},"schema":{"@context":"https:\/\/schema.org","@graph":[{"@type":"WebPage","@id":"https:\/\/www.cinesouk.ma\/product\/showtec-single-mkii-dimmerpack-10a-230v\/","url":"https:\/\/www.cinesouk.ma\/product\/showtec-single-mkii-dimmerpack-10a-230v\/","name":"Showtec Single MKII Dimmerpack 10A 230V - CineSouk","isPartOf":{"@id":"https:\/\/www.cinesouk.ma\/#website"},"primaryImageOfPage":{"@id":"https:\/\/www.cinesouk.ma\/product\/showtec-single-mkii-dimmerpack-10a-230v\/#primaryimage"},"image":{"@id":"https:\/\/www.cinesouk.ma\/product\/showtec-single-mkii-dimmerpack-10a-230v\/#primaryimage"},"thumbnailUrl":"https:\/\/www.cinesouk.ma\/wp-content\/uploads\/2025\/05\/Showtec-Single-Mk2-Dimmerpack-10A-230V.jpg","datePublished":"2025-05-06T09:16:20+00:00","dateModified":"2025-08-18T10:30:23+00:00","description":"The Showtec Single MKII is a 1-channel, 10A dimmer\/switch pack with DMX and manual control for reliable lighting performance.","breadcrumb":{"@id":"https:\/\/www.cinesouk.ma\/product\/showtec-single-mkii-dimmerpack-10a-230v\/#breadcrumb"},"inLanguage":"fr-FR","potentialAction":[{"@type":"ReadAction","target":["https:\/\/www.cinesouk.ma\/product\/showtec-single-mkii-dimmerpack-10a-230v\/"]}]},{"@type":"ImageObject","inLanguage":"fr-FR","@id":"https:\/\/www.cinesouk.ma\/product\/showtec-single-mkii-dimmerpack-10a-230v\/#primaryimage","url":"https:\/\/www.cinesouk.ma\/wp-content\/uploads\/2025\/05\/Showtec-Single-Mk2-Dimmerpack-10A-230V.jpg","contentUrl":"https:\/\/www.cinesouk.ma\/wp-content\/uploads\/2025\/05\/Showtec-Single-Mk2-Dimmerpack-10A-230V.jpg","width":300,"height":238,"caption":"Showtec Single MkII Dimmerpack 10A 230V"},{"@type":"BreadcrumbList","@id":"https:\/\/www.cinesouk.ma\/product\/showtec-single-mkii-dimmerpack-10a-230v\/#breadcrumb","itemListElement":[{"@type":"ListItem","position":1,"name":"Home","item":"https:\/\/www.cinesouk.ma\/"},{"@type":"ListItem","position":2,"name":"Shop","item":"https:\/\/www.cinesouk.ma\/shop\/"},{"@type":"ListItem","position":3,"name":"Showtec Single MKII Dimmerpack 10A 230V"}]},{"@type":"WebSite","@id":"https:\/\/www.cinesouk.ma\/#website","url":"https:\/\/www.cinesouk.ma\/","name":"CineSouk","description":"","publisher":{"@id":"https:\/\/www.cinesouk.ma\/#organization"},"potentialAction":[{"@type":"SearchAction","target":{"@type":"EntryPoint","urlTemplate":"https:\/\/www.cinesouk.ma\/?s={search_term_string}"},"query-input":{"@type":"PropertyValueSpecification","valueRequired":true,"valueName":"search_term_string"}}],"inLanguage":"fr-FR"},{"@type":"Organization","@id":"https:\/\/www.cinesouk.ma\/#organization","name":"CineSouk","url":"https:\/\/www.cinesouk.ma\/","logo":{"@type":"ImageObject","inLanguage":"fr-FR","@id":"https:\/\/www.cinesouk.ma\/#\/schema\/logo\/image\/","url":"https:\/\/www.cinesouk.ma\/wp-content\/uploads\/2024\/01\/CineSouk-logo-v01-alpha-alligned-left.png","contentUrl":"https:\/\/www.cinesouk.ma\/wp-content\/uploads\/2024\/01\/CineSouk-logo-v01-alpha-alligned-left.png","width":3204,"height":889,"caption":"CineSouk"},"image":{"@id":"https:\/\/www.cinesouk.ma\/#\/schema\/logo\/image\/"}}]}},"_links":{"self":[{"href":"https:\/\/www.cinesouk.ma\/fr\/wp-json\/wp\/v2\/product\/12981","targetHints":{"allow":["GET"]}}],"collection":[{"href":"https:\/\/www.cinesouk.ma\/fr\/wp-json\/wp\/v2\/product"}],"about":[{"href":"https:\/\/www.cinesouk.ma\/fr\/wp-json\/wp\/v2\/types\/product"}],"wp:featuredmedia":[{"embeddable":true,"href":"https:\/\/www.cinesouk.ma\/fr\/wp-json\/wp\/v2\/media\/12992"}],"wp:attachment":[{"href":"https:\/\/www.cinesouk.ma\/fr\/wp-json\/wp\/v2\/media?parent=12981"}],"wp:term":[{"taxonomy":"product_brand","embeddable":true,"href":"https:\/\/www.cinesouk.ma\/fr\/wp-json\/wp\/v2\/product_brand?post=12981"},{"taxonomy":"product_cat","embeddable":true,"href":"https:\/\/www.cinesouk.ma\/fr\/wp-json\/wp\/v2\/product_cat?post=12981"},{"taxonomy":"product_tag","embeddable":true,"href":"https:\/\/www.cinesouk.ma\/fr\/wp-json\/wp\/v2\/product_tag?post=12981"}],"curies":[{"name":"wp","href":"https:\/\/api.w.org\/{rel}","templated":true}]}}