{"id":13005,"date":"2025-05-06T09:54:14","date_gmt":"2025-05-06T09:54:14","guid":{"rendered":"https:\/\/www.cinesouk.ma\/?post_type=product&#038;p=13005"},"modified":"2025-05-19T10:16:02","modified_gmt":"2025-05-19T10:16:02","slug":"enttec-open-dmx-ethernet","status":"publish","type":"product","link":"https:\/\/www.cinesouk.ma\/fr\/produit\/enttec-open-dmx-ethernet\/","title":{"rendered":"Enttec Open DMX Ethernet"},"content":{"rendered":"<div class=\"flex max-w-full flex-col flex-grow\">\n<div class=\"min-h-8 text-message flex w-full flex-col items-end gap-2 whitespace-normal break-words [.text-message+&amp;]:mt-5\" dir=\"auto\" data-message-author-role=\"assistant\" data-message-id=\"e4c3ffad-71cb-44e7-93b8-bb60eda86b77\" data-message-model-slug=\"gpt-4o-mini\">\n<div class=\"flex w-full flex-col gap-1 empty:hidden first:pt-[3px]\">\n<div class=\"markdown prose w-full break-words dark:prose-invert light\">\n<p class=\"\" data-start=\"85\" data-end=\"329\">L'Open DMX Ethernet (ODE) Mk2 d'Enttec est un n\u0153ud DMX\/RDM vers Ethernet compact et fiable, con\u00e7u pour une int\u00e9gration transparente dans les syst\u00e8mes de contr\u00f4le de l'\u00e9clairage. Il fonctionne en mode entr\u00e9e et sortie DMX, supportant un univers dans chaque mode.<\/p>\n<p class=\"\" data-start=\"331\" data-end=\"348\"><strong data-start=\"331\" data-end=\"347\">Caract\u00e9ristiques principales<\/strong>:<\/p>\n<ul data-start=\"350\" data-end=\"1237\">\n<li class=\"\" data-start=\"350\" data-end=\"530\">\n<p class=\"\" data-start=\"352\" data-end=\"530\"><strong data-start=\"352\" data-end=\"375\">Fonctionnement en mode double<\/strong>: Il fonctionne \u00e0 la fois comme un n\u0153ud de sortie et d'entr\u00e9e DMX, prenant en charge plusieurs modes de contr\u00f4le. Cette flexibilit\u00e9 garantit la compatibilit\u00e9 avec diverses configurations d'\u00e9clairage.<\/p>\n<\/li>\n<li class=\"\" data-start=\"531\" data-end=\"695\">\n<p class=\"\" data-start=\"533\" data-end=\"695\"><strong data-start=\"533\" data-end=\"553\">Soutien au protocole<\/strong>: L'ODE Mk2 fonctionne avec les protocoles Art-Net (1\/2\/3), Streaming ACN (sACN) et ESP, ce qui le rend compatible avec les syst\u00e8mes de contr\u00f4le d'\u00e9clairage les plus courants.<\/p>\n<\/li>\n<li class=\"\" data-start=\"696\" data-end=\"825\">\n<p class=\"\" data-start=\"698\" data-end=\"825\"><strong data-start=\"698\" data-end=\"725\">Configuration bas\u00e9e sur le web<\/strong>: L'installation est simple via n'importe quel navigateur moderne, ce qui permet une configuration facile via DHCP ou IP statique.<\/p>\n<\/li>\n<li class=\"\" data-start=\"826\" data-end=\"967\">\n<p class=\"\" data-start=\"828\" data-end=\"967\"><strong data-start=\"828\" data-end=\"843\">Soutien au RDM<\/strong>: Il prend \u00e9galement en charge la gestion \u00e0 distance des appareils (RDM), ce qui permet de contr\u00f4ler et de configurer \u00e0 distance les appareils compatibles RDM.<\/p>\n<\/li>\n<li class=\"\" data-start=\"968\" data-end=\"1106\">\n<p class=\"\" data-start=\"970\" data-end=\"1106\"><strong data-start=\"970\" data-end=\"989\">Fusion HTP\/LTP<\/strong>: Gr\u00e2ce aux capacit\u00e9s de fusion HTP et LTP, ce n\u0153ud offre une flexibilit\u00e9 accrue pour les sc\u00e9narios complexes de contr\u00f4le de l'\u00e9clairage.<\/p>\n<\/li>\n<li class=\"\" data-start=\"1107\" data-end=\"1237\">\n<p class=\"\" data-start=\"1109\" data-end=\"1237\"><strong data-start=\"1109\" data-end=\"1126\">Options d'alimentation<\/strong>: L'ODE Mk2 est disponible en version standard aliment\u00e9e en courant continu et en version aliment\u00e9e par PoE, ce qui offre une grande souplesse d'installation.<\/p>\n<\/li>\n<\/ul>\n<p class=\"\" data-start=\"1239\" data-end=\"1258\"><strong data-start=\"1239\" data-end=\"1257\">Sp\u00e9cifications<\/strong>:<\/p>\n<ul data-start=\"1260\" data-end=\"1560\">\n<li class=\"\" data-start=\"1260\" data-end=\"1351\">\n<p class=\"\" data-start=\"1262\" data-end=\"1351\"><strong data-start=\"1262\" data-end=\"1277\">Entr\u00e9e d'alimentation<\/strong>Alimentation : 7-12V DC (version standard) ou PoE (Power over Ethernet) pour la version PoE<\/p>\n<\/li>\n<li class=\"\" data-start=\"1352\" data-end=\"1395\">\n<p class=\"\" data-start=\"1354\" data-end=\"1395\"><strong data-start=\"1354\" data-end=\"1375\">Consommation \u00e9lectrique<\/strong>: Environ 5,6 W<\/p>\n<\/li>\n<li class=\"\" data-start=\"1396\" data-end=\"1477\">\n<p class=\"\" data-start=\"1398\" data-end=\"1477\"><strong data-start=\"1398\" data-end=\"1412\">Connecteurs<\/strong>: RJ45 EtherCon pour Ethernet, 5 broches XLR (m\u00e2le et femelle) pour DMX<\/p>\n<\/li>\n<li class=\"\" data-start=\"1478\" data-end=\"1527\">\n<p class=\"\" data-start=\"1480\" data-end=\"1527\"><strong data-start=\"1480\" data-end=\"1494\">Dimensions<\/strong>: 130 mm (L) x 40 mm (H) x 60 mm (P)<\/p>\n<\/li>\n<li class=\"\" data-start=\"1528\" data-end=\"1560\">\n<p class=\"\" data-start=\"1530\" data-end=\"1560\"><strong data-start=\"1530\" data-end=\"1540\">Poids<\/strong>: 0,26 kg (0,58 lbs)<\/p>\n<\/li>\n<\/ul>\n<p class=\"\" data-start=\"1576\" data-end=\"1928\">En conclusion, l'Open DMX Ethernet (ODE) Mk2 d'Enttec offre une excellente polyvalence et une grande fiabilit\u00e9. Que vous travailliez avec les protocoles Art-Net, sACN ou ESP, il assure une communication et un contr\u00f4le efficaces de votre syst\u00e8me d'\u00e9clairage. Avec son design compact et ses multiples options de configuration, cet outil est id\u00e9al pour toute installation d'\u00e9clairage professionnelle.<\/p>\n<\/div>\n<\/div>\n<\/div>\n<\/div>\n<p>Louez-le maintenant sur <a href=\"https:\/\/www.cinesouk.ma\/fr\">CINESOUK<\/a> - une marque de <a href=\"https:\/\/www.broadway.ma\/\">BROADWAY PRODUCTIONS SARL.<\/a><\/p>","protected":false},"excerpt":{"rendered":"<p><strong>Sp\u00e9cifications :<\/strong><\/p>\n<ul>\n<li class=\"\" data-start=\"1283\" data-end=\"1363\">\n<p class=\"\" data-start=\"1285\" data-end=\"1363\"><strong data-start=\"1285\" data-end=\"1300\">Entr\u00e9e d'alimentation<\/strong>Alimentation : 7-12V DC (version standard) ou IEEE 802.3af PoE (version PoE)<\/p>\n<\/li>\n<li class=\"\" data-start=\"1364\" data-end=\"1407\">\n<p class=\"\" data-start=\"1366\" data-end=\"1407\"><strong data-start=\"1366\" data-end=\"1387\">Consommation \u00e9lectrique<\/strong>: Environ 5,6 W<\/p>\n<\/li>\n<li class=\"\" data-start=\"1408\" data-end=\"1508\">\n<p class=\"\" data-start=\"1410\" data-end=\"1508\"><strong data-start=\"1410\" data-end=\"1424\">Connecteurs<\/strong>: RJ45 EtherCon pour Ethernet, XLR 5 broches (m\u00e2le et femelle) pour DMX, prise DC pour l'alimentation.<\/p>\n<\/li>\n<li class=\"\" data-start=\"1509\" data-end=\"1558\">\n<p class=\"\" data-start=\"1511\" data-end=\"1558\"><strong data-start=\"1511\" data-end=\"1525\">Dimensions<\/strong>: 130 mm (L) x 40 mm (H) x 60 mm (P)<\/p>\n<\/li>\n<li class=\"\" data-start=\"1559\" data-end=\"1591\">\n<p class=\"\" data-start=\"1561\" data-end=\"1591\"><strong data-start=\"1561\" data-end=\"1571\">Poids<\/strong>: 0,26 kg (0,58 lbs)<\/p>\n<\/li>\n<li class=\"\" data-start=\"1592\" data-end=\"1661\">\n<p class=\"\" data-start=\"1594\" data-end=\"1661\"><strong data-start=\"1594\" data-end=\"1619\">Environnement op\u00e9rationnel<\/strong>: 0\u00b0C \u00e0 50\u00b0C sans condensation<\/p>\n<\/li>\n<li class=\"\" data-start=\"1662\" data-end=\"1704\">\n<p class=\"\" data-start=\"1664\" data-end=\"1704\"><strong data-start=\"1664\" data-end=\"1682\">Certifications<\/strong>: Conforme aux normes CE et FCC<\/p>\n<\/li>\n<\/ul>","protected":false},"featured_media":13016,"template":"","meta":{"om_disable_all_campaigns":false,"_monsterinsights_skip_tracking":false,"_monsterinsights_sitenote_active":false,"_monsterinsights_sitenote_note":"","_monsterinsights_sitenote_category":0,"_uf_show_specific_survey":0,"_uf_disable_surveys":false},"product_brand":[],"product_cat":[20,95],"product_tag":[],"class_list":{"0":"post-13005","1":"product","2":"type-product","3":"status-publish","4":"has-post-thumbnail","6":"product_cat-light-cinesouk","7":"product_cat-mixing-consoles-eventsouk","9":"entry","10":"has-media","12":"first","13":"instock","14":"taxable","15":"shipping-taxable","16":"purchasable","17":"product-type-variable","18":"has-product-nav","19":"col","20":"span_1_of_3","21":"owp-content-center","22":"owp-thumbs-layout-horizontal","23":"owp-btn-normal","24":"owp-tabs-layout-horizontal","25":"has-no-thumbnails"},"yoast_head":"<!-- This site is optimized with the Yoast SEO Premium plugin v26.0 (Yoast SEO v26.0) - https:\/\/yoast.com\/wordpress\/plugins\/seo\/ -->\n<title>Enttec Open DMX Ethernet - CineSouk<\/title>\n<meta name=\"description\" content=\"The Enttec ODE Mk2 is a versatile single-universe DMX\/RDM to Ethernet node, supporting Art-Net, sACN, and ESP protocols, with web-based configuration and optional PoE.\" \/>\n<meta name=\"robots\" content=\"index, follow, max-snippet:-1, max-image-preview:large, max-video-preview:-1\" \/>\n<link rel=\"canonical\" href=\"https:\/\/www.cinesouk.ma\/fr\/produit\/enttec-open-dmx-ethernet\/\" \/>\n<meta property=\"og:locale\" content=\"fr_FR\" \/>\n<meta property=\"og:type\" content=\"article\" \/>\n<meta property=\"og:title\" content=\"Enttec Open DMX Ethernet\" \/>\n<meta property=\"og:description\" content=\"The Enttec ODE Mk2 is a versatile single-universe DMX\/RDM to Ethernet node, supporting Art-Net, sACN, and ESP protocols, with web-based configuration and optional PoE.\" \/>\n<meta property=\"og:url\" content=\"https:\/\/www.cinesouk.ma\/fr\/produit\/enttec-open-dmx-ethernet\/\" \/>\n<meta property=\"og:site_name\" content=\"CineSouk\" \/>\n<meta property=\"article:modified_time\" content=\"2025-05-19T10:16:02+00:00\" \/>\n<meta property=\"og:image\" content=\"https:\/\/www.cinesouk.ma\/wp-content\/uploads\/2025\/05\/Enttec-Open-DMX-Ethernet.jpg\" \/>\n\t<meta property=\"og:image:width\" content=\"300\" \/>\n\t<meta property=\"og:image:height\" content=\"238\" \/>\n\t<meta property=\"og:image:type\" content=\"image\/jpeg\" \/>\n<meta name=\"twitter:card\" content=\"summary_large_image\" \/>\n<meta name=\"twitter:description\" content=\"The Enttec ODE Mk2 is a versatile single-universe DMX\/RDM to Ethernet node, supporting Art-Net, sACN, and ESP protocols, with web-based configuration and optional PoE.\" \/>\n<meta name=\"twitter:label1\" content=\"Dur\u00e9e de lecture estim\u00e9e\" \/>\n\t<meta name=\"twitter:data1\" content=\"2 minutes\" \/>\n<script type=\"application\/ld+json\" class=\"yoast-schema-graph\">{\"@context\":\"https:\/\/schema.org\",\"@graph\":[{\"@type\":\"WebPage\",\"@id\":\"https:\/\/www.cinesouk.ma\/product\/enttec-open-dmx-ethernet\/\",\"url\":\"https:\/\/www.cinesouk.ma\/product\/enttec-open-dmx-ethernet\/\",\"name\":\"Enttec Open DMX Ethernet - CineSouk\",\"isPartOf\":{\"@id\":\"https:\/\/www.cinesouk.ma\/#website\"},\"primaryImageOfPage\":{\"@id\":\"https:\/\/www.cinesouk.ma\/product\/enttec-open-dmx-ethernet\/#primaryimage\"},\"image\":{\"@id\":\"https:\/\/www.cinesouk.ma\/product\/enttec-open-dmx-ethernet\/#primaryimage\"},\"thumbnailUrl\":\"https:\/\/www.cinesouk.ma\/wp-content\/uploads\/2025\/05\/Enttec-Open-DMX-Ethernet.jpg\",\"datePublished\":\"2025-05-06T09:54:14+00:00\",\"dateModified\":\"2025-05-19T10:16:02+00:00\",\"description\":\"The Enttec ODE Mk2 is a versatile single-universe DMX\/RDM to Ethernet node, supporting Art-Net, sACN, and ESP protocols, with web-based configuration and optional PoE.\",\"breadcrumb\":{\"@id\":\"https:\/\/www.cinesouk.ma\/product\/enttec-open-dmx-ethernet\/#breadcrumb\"},\"inLanguage\":\"fr-FR\",\"potentialAction\":[{\"@type\":\"ReadAction\",\"target\":[\"https:\/\/www.cinesouk.ma\/product\/enttec-open-dmx-ethernet\/\"]}]},{\"@type\":\"ImageObject\",\"inLanguage\":\"fr-FR\",\"@id\":\"https:\/\/www.cinesouk.ma\/product\/enttec-open-dmx-ethernet\/#primaryimage\",\"url\":\"https:\/\/www.cinesouk.ma\/wp-content\/uploads\/2025\/05\/Enttec-Open-DMX-Ethernet.jpg\",\"contentUrl\":\"https:\/\/www.cinesouk.ma\/wp-content\/uploads\/2025\/05\/Enttec-Open-DMX-Ethernet.jpg\",\"width\":300,\"height\":238,\"caption\":\"Enttec Open DMX Ethernet\"},{\"@type\":\"BreadcrumbList\",\"@id\":\"https:\/\/www.cinesouk.ma\/product\/enttec-open-dmx-ethernet\/#breadcrumb\",\"itemListElement\":[{\"@type\":\"ListItem\",\"position\":1,\"name\":\"Home\",\"item\":\"https:\/\/www.cinesouk.ma\/\"},{\"@type\":\"ListItem\",\"position\":2,\"name\":\"Shop\",\"item\":\"https:\/\/www.cinesouk.ma\/shop\/\"},{\"@type\":\"ListItem\",\"position\":3,\"name\":\"Enttec Open DMX Ethernet\"}]},{\"@type\":\"WebSite\",\"@id\":\"https:\/\/www.cinesouk.ma\/#website\",\"url\":\"https:\/\/www.cinesouk.ma\/\",\"name\":\"CineSouk\",\"description\":\"\",\"publisher\":{\"@id\":\"https:\/\/www.cinesouk.ma\/#organization\"},\"potentialAction\":[{\"@type\":\"SearchAction\",\"target\":{\"@type\":\"EntryPoint\",\"urlTemplate\":\"https:\/\/www.cinesouk.ma\/?s={search_term_string}\"},\"query-input\":{\"@type\":\"PropertyValueSpecification\",\"valueRequired\":true,\"valueName\":\"search_term_string\"}}],\"inLanguage\":\"fr-FR\"},{\"@type\":\"Organization\",\"@id\":\"https:\/\/www.cinesouk.ma\/#organization\",\"name\":\"CineSouk\",\"url\":\"https:\/\/www.cinesouk.ma\/\",\"logo\":{\"@type\":\"ImageObject\",\"inLanguage\":\"fr-FR\",\"@id\":\"https:\/\/www.cinesouk.ma\/#\/schema\/logo\/image\/\",\"url\":\"https:\/\/www.cinesouk.ma\/wp-content\/uploads\/2024\/01\/CineSouk-logo-v01-alpha-alligned-left.png\",\"contentUrl\":\"https:\/\/www.cinesouk.ma\/wp-content\/uploads\/2024\/01\/CineSouk-logo-v01-alpha-alligned-left.png\",\"width\":3204,\"height\":889,\"caption\":\"CineSouk\"},\"image\":{\"@id\":\"https:\/\/www.cinesouk.ma\/#\/schema\/logo\/image\/\"}}]}<\/script>\n<!-- \/ Yoast SEO Premium plugin. -->","yoast_head_json":{"title":"Enttec Open DMX Ethernet - CineSouk","description":"The Enttec ODE Mk2 is a versatile single-universe DMX\/RDM to Ethernet node, supporting Art-Net, sACN, and ESP protocols, with web-based configuration and optional PoE.","robots":{"index":"index","follow":"follow","max-snippet":"max-snippet:-1","max-image-preview":"max-image-preview:large","max-video-preview":"max-video-preview:-1"},"canonical":"https:\/\/www.cinesouk.ma\/fr\/produit\/enttec-open-dmx-ethernet\/","og_locale":"fr_FR","og_type":"article","og_title":"Enttec Open DMX Ethernet","og_description":"The Enttec ODE Mk2 is a versatile single-universe DMX\/RDM to Ethernet node, supporting Art-Net, sACN, and ESP protocols, with web-based configuration and optional PoE.","og_url":"https:\/\/www.cinesouk.ma\/fr\/produit\/enttec-open-dmx-ethernet\/","og_site_name":"CineSouk","article_modified_time":"2025-05-19T10:16:02+00:00","og_image":[{"width":300,"height":238,"url":"https:\/\/www.cinesouk.ma\/wp-content\/uploads\/2025\/05\/Enttec-Open-DMX-Ethernet.jpg","type":"image\/jpeg"}],"twitter_card":"summary_large_image","twitter_description":"The Enttec ODE Mk2 is a versatile single-universe DMX\/RDM to Ethernet node, supporting Art-Net, sACN, and ESP protocols, with web-based configuration and optional PoE.","twitter_misc":{"Dur\u00e9e de lecture estim\u00e9e":"2 minutes"},"schema":{"@context":"https:\/\/schema.org","@graph":[{"@type":"WebPage","@id":"https:\/\/www.cinesouk.ma\/product\/enttec-open-dmx-ethernet\/","url":"https:\/\/www.cinesouk.ma\/product\/enttec-open-dmx-ethernet\/","name":"Enttec Open DMX Ethernet - CineSouk","isPartOf":{"@id":"https:\/\/www.cinesouk.ma\/#website"},"primaryImageOfPage":{"@id":"https:\/\/www.cinesouk.ma\/product\/enttec-open-dmx-ethernet\/#primaryimage"},"image":{"@id":"https:\/\/www.cinesouk.ma\/product\/enttec-open-dmx-ethernet\/#primaryimage"},"thumbnailUrl":"https:\/\/www.cinesouk.ma\/wp-content\/uploads\/2025\/05\/Enttec-Open-DMX-Ethernet.jpg","datePublished":"2025-05-06T09:54:14+00:00","dateModified":"2025-05-19T10:16:02+00:00","description":"The Enttec ODE Mk2 is a versatile single-universe DMX\/RDM to Ethernet node, supporting Art-Net, sACN, and ESP protocols, with web-based configuration and optional PoE.","breadcrumb":{"@id":"https:\/\/www.cinesouk.ma\/product\/enttec-open-dmx-ethernet\/#breadcrumb"},"inLanguage":"fr-FR","potentialAction":[{"@type":"ReadAction","target":["https:\/\/www.cinesouk.ma\/product\/enttec-open-dmx-ethernet\/"]}]},{"@type":"ImageObject","inLanguage":"fr-FR","@id":"https:\/\/www.cinesouk.ma\/product\/enttec-open-dmx-ethernet\/#primaryimage","url":"https:\/\/www.cinesouk.ma\/wp-content\/uploads\/2025\/05\/Enttec-Open-DMX-Ethernet.jpg","contentUrl":"https:\/\/www.cinesouk.ma\/wp-content\/uploads\/2025\/05\/Enttec-Open-DMX-Ethernet.jpg","width":300,"height":238,"caption":"Enttec Open DMX Ethernet"},{"@type":"BreadcrumbList","@id":"https:\/\/www.cinesouk.ma\/product\/enttec-open-dmx-ethernet\/#breadcrumb","itemListElement":[{"@type":"ListItem","position":1,"name":"Home","item":"https:\/\/www.cinesouk.ma\/"},{"@type":"ListItem","position":2,"name":"Shop","item":"https:\/\/www.cinesouk.ma\/shop\/"},{"@type":"ListItem","position":3,"name":"Enttec Open DMX Ethernet"}]},{"@type":"WebSite","@id":"https:\/\/www.cinesouk.ma\/#website","url":"https:\/\/www.cinesouk.ma\/","name":"CineSouk","description":"","publisher":{"@id":"https:\/\/www.cinesouk.ma\/#organization"},"potentialAction":[{"@type":"SearchAction","target":{"@type":"EntryPoint","urlTemplate":"https:\/\/www.cinesouk.ma\/?s={search_term_string}"},"query-input":{"@type":"PropertyValueSpecification","valueRequired":true,"valueName":"search_term_string"}}],"inLanguage":"fr-FR"},{"@type":"Organization","@id":"https:\/\/www.cinesouk.ma\/#organization","name":"CineSouk","url":"https:\/\/www.cinesouk.ma\/","logo":{"@type":"ImageObject","inLanguage":"fr-FR","@id":"https:\/\/www.cinesouk.ma\/#\/schema\/logo\/image\/","url":"https:\/\/www.cinesouk.ma\/wp-content\/uploads\/2024\/01\/CineSouk-logo-v01-alpha-alligned-left.png","contentUrl":"https:\/\/www.cinesouk.ma\/wp-content\/uploads\/2024\/01\/CineSouk-logo-v01-alpha-alligned-left.png","width":3204,"height":889,"caption":"CineSouk"},"image":{"@id":"https:\/\/www.cinesouk.ma\/#\/schema\/logo\/image\/"}}]}},"_links":{"self":[{"href":"https:\/\/www.cinesouk.ma\/fr\/wp-json\/wp\/v2\/product\/13005","targetHints":{"allow":["GET"]}}],"collection":[{"href":"https:\/\/www.cinesouk.ma\/fr\/wp-json\/wp\/v2\/product"}],"about":[{"href":"https:\/\/www.cinesouk.ma\/fr\/wp-json\/wp\/v2\/types\/product"}],"wp:featuredmedia":[{"embeddable":true,"href":"https:\/\/www.cinesouk.ma\/fr\/wp-json\/wp\/v2\/media\/13016"}],"wp:attachment":[{"href":"https:\/\/www.cinesouk.ma\/fr\/wp-json\/wp\/v2\/media?parent=13005"}],"wp:term":[{"taxonomy":"product_brand","embeddable":true,"href":"https:\/\/www.cinesouk.ma\/fr\/wp-json\/wp\/v2\/product_brand?post=13005"},{"taxonomy":"product_cat","embeddable":true,"href":"https:\/\/www.cinesouk.ma\/fr\/wp-json\/wp\/v2\/product_cat?post=13005"},{"taxonomy":"product_tag","embeddable":true,"href":"https:\/\/www.cinesouk.ma\/fr\/wp-json\/wp\/v2\/product_tag?post=13005"}],"curies":[{"name":"wp","href":"https:\/\/api.w.org\/{rel}","templated":true}]}}