{"id":13033,"date":"2025-01-06T15:25:54","date_gmt":"2025-01-06T15:25:54","guid":{"rendered":"https:\/\/www.cinesouk.ma\/?post_type=product&#038;p=13033"},"modified":"2025-08-19T10:30:55","modified_gmt":"2025-08-19T10:30:55","slug":"adj-fs4lb-floor-stand","status":"publish","type":"product","link":"https:\/\/www.cinesouk.ma\/fr\/produit\/adj-fs4lb-floor-stand\/","title":{"rendered":"ADJ FS4LB Floor Stand"},"content":{"rendered":"<p class=\"\" data-start=\"115\" data-end=\"631\">L'ADJ FS4LB est un pied de sol compact et robuste, sp\u00e9cialement con\u00e7u pour maintenir en toute s\u00e9curit\u00e9 les projecteurs PAR et autres appareils d'\u00e9clairage similaires directement sur le sol. Gr\u00e2ce \u00e0 sa conception durable \u00e0 quatre pieds, il offre une excellente stabilit\u00e9, ce qui le rend adapt\u00e9 \u00e0 une vari\u00e9t\u00e9 d'applications telles que l'\u00e9clairage de murs, d'\u00e9l\u00e9ments architecturaux, de toiles de fond d'\u00e9v\u00e9nements et de d\u00e9tails de sc\u00e8ne. En outre, sa construction solide \u00e0 partir de mat\u00e9riaux de haute qualit\u00e9 garantit \u00e0 la fois une fiabilit\u00e9 \u00e0 long terme et une facilit\u00e9 d'utilisation dans les installations d'\u00e9clairage professionnelles.<\/p>\n<p class=\"\" data-start=\"633\" data-end=\"928\">Que vous travailliez dans une salle de concert, un hall d'exposition, une s\u00e9ance photo ou une installation fixe, l'ADJ FS4LB constitue une base fiable pour votre mat\u00e9riel d'\u00e9clairage. Malgr\u00e9 sa construction solide, il reste l\u00e9ger et portable, ce qui permet une installation rapide et un d\u00e9montage facile entre les diff\u00e9rents sites.<\/p>\n<h3 class=\"\" data-start=\"930\" data-end=\"976\">Caract\u00e9ristiques principales du support de sol ADJ FS4LB :<\/h3>\n<ul data-start=\"978\" data-end=\"1437\">\n<li class=\"\" data-start=\"978\" data-end=\"1062\">\n<p class=\"\" data-start=\"980\" data-end=\"1062\"><strong data-start=\"980\" data-end=\"997\">Construction :<\/strong> Cadre en m\u00e9tal noir durable avec quatre pieds pour am\u00e9liorer la stabilit\u00e9.<\/p>\n<\/li>\n<li class=\"\" data-start=\"1063\" data-end=\"1156\">\n<p class=\"\" data-start=\"1065\" data-end=\"1156\"><strong data-start=\"1065\" data-end=\"1078\">Montage :<\/strong> Livr\u00e9e avec une vis et un \u00e9crou M10, la fixation de l'appareil est simple et rapide.<\/p>\n<\/li>\n<li class=\"\" data-start=\"1157\" data-end=\"1240\">\n<p class=\"\" data-start=\"1159\" data-end=\"1240\"><strong data-start=\"1159\" data-end=\"1184\">Pieds en caoutchouc antid\u00e9rapants :<\/strong> Il am\u00e9liore l'adh\u00e9rence et prot\u00e8ge les surfaces de plancher contre les rayures.<\/p>\n<\/li>\n<li class=\"\" data-start=\"1241\" data-end=\"1358\">\n<p class=\"\" data-start=\"1243\" data-end=\"1358\"><strong data-start=\"1243\" data-end=\"1260\">Taille compacte :<\/strong> Chaque pied mesure 23 cm de long et la hauteur totale n'est que de 3 cm, ce qui est parfait pour les installations discr\u00e8tes.<\/p>\n<\/li>\n<li class=\"\" data-start=\"1359\" data-end=\"1437\">\n<p class=\"\" data-start=\"1361\" data-end=\"1437\"><strong data-start=\"1361\" data-end=\"1381\">Capacit\u00e9 de poids :<\/strong> Supporte en toute s\u00e9curit\u00e9 des appareils d'\u00e9clairage pesant jusqu'\u00e0 15 kg.<\/p>\n<\/li>\n<\/ul>\n<h3 class=\"\" data-start=\"1439\" data-end=\"1458\">Sp\u00e9cifications :<\/h3>\n<ul data-start=\"1460\" data-end=\"1729\">\n<li class=\"\" data-start=\"1460\" data-end=\"1483\">\n<p class=\"\" data-start=\"1462\" data-end=\"1483\"><strong data-start=\"1462\" data-end=\"1475\">Mat\u00e9riau :<\/strong> M\u00e9tal<\/p>\n<\/li>\n<li class=\"\" data-start=\"1484\" data-end=\"1504\">\n<p class=\"\" data-start=\"1486\" data-end=\"1504\"><strong data-start=\"1486\" data-end=\"1496\">Couleur :<\/strong> Noir<\/p>\n<\/li>\n<li class=\"\" data-start=\"1505\" data-end=\"1549\">\n<p class=\"\" data-start=\"1507\" data-end=\"1549\"><strong data-start=\"1507\" data-end=\"1520\">Montage :<\/strong> Vis M10 et \u00e9crou inclus<\/p>\n<\/li>\n<li class=\"\" data-start=\"1550\" data-end=\"1575\">\n<p class=\"\" data-start=\"1552\" data-end=\"1575\"><strong data-start=\"1552\" data-end=\"1567\">Longueur des jambes :<\/strong> 23 cm<\/p>\n<\/li>\n<li class=\"\" data-start=\"1576\" data-end=\"1596\">\n<p class=\"\" data-start=\"1578\" data-end=\"1596\"><strong data-start=\"1578\" data-end=\"1589\">Hauteur :<\/strong> 3 cm<\/p>\n<\/li>\n<li class=\"\" data-start=\"1597\" data-end=\"1631\">\n<p class=\"\" data-start=\"1599\" data-end=\"1631\"><strong data-start=\"1599\" data-end=\"1617\">Capacit\u00e9 de charge :<\/strong> Jusqu'\u00e0 15 kg<\/p>\n<\/li>\n<li class=\"\" data-start=\"1632\" data-end=\"1661\">\n<p class=\"\" data-start=\"1634\" data-end=\"1661\"><strong data-start=\"1634\" data-end=\"1643\">Pieds :<\/strong> Caoutchouc antid\u00e9rapant<\/p>\n<\/li>\n<li class=\"\" data-start=\"1662\" data-end=\"1729\">\n<p class=\"\" data-start=\"1664\" data-end=\"1729\"><strong data-start=\"1664\" data-end=\"1675\">Conception :<\/strong> Base pliable \u00e0 4 pieds pour faciliter le stockage et le transport<\/p>\n<\/li>\n<\/ul>\n<p class=\"\" data-start=\"1731\" data-end=\"1948\">En r\u00e9sum\u00e9, le support de sol ADJ FS4LB est une solution pratique et fiable pour l'\u00e9clairage au sol. Sa conception intelligente, sa base stable et sa taille portable en font un accessoire de choix pour les installations temporaires et permanentes.<\/p>\n<p class=\"\" data-start=\"33\" data-end=\"383\">Louez-le maintenant sur <a href=\"https:\/\/www.cinesouk.ma\/fr\">CINESOUK<\/a> - une marque de <a href=\"https:\/\/www.broadway.ma\/\">BROADWAY PRODUCTIONS SARL.<\/a><\/p>","protected":false},"excerpt":{"rendered":"<h3 class=\"\" data-start=\"1198\" data-end=\"1221\"><strong data-start=\"1202\" data-end=\"1221\">Sp\u00e9cifications :<\/strong><\/h3>\n<ul>\n<li class=\"\" data-start=\"98\" data-end=\"121\">\n<p class=\"\" data-start=\"100\" data-end=\"121\"><strong data-start=\"100\" data-end=\"112\">Mat\u00e9riau<\/strong>: M\u00e9tal<\/p>\n<\/li>\n<li class=\"\" data-start=\"122\" data-end=\"142\">\n<p class=\"\" data-start=\"124\" data-end=\"142\"><strong data-start=\"124\" data-end=\"133\">Couleur<\/strong>: Noir<\/p>\n<\/li>\n<li class=\"\" data-start=\"143\" data-end=\"187\">\n<p class=\"\" data-start=\"145\" data-end=\"187\"><strong data-start=\"145\" data-end=\"157\">Montage<\/strong>: Vis M10 et \u00e9crou inclus<\/p>\n<\/li>\n<li class=\"\" data-start=\"188\" data-end=\"213\">\n<p class=\"\" data-start=\"190\" data-end=\"213\"><strong data-start=\"190\" data-end=\"204\">Longueur des jambes<\/strong>: 23 cm<\/p>\n<\/li>\n<li class=\"\" data-start=\"214\" data-end=\"234\">\n<p class=\"\" data-start=\"216\" data-end=\"234\"><strong data-start=\"216\" data-end=\"226\">Hauteur<\/strong>: 3 cm<\/p>\n<\/li>\n<li class=\"\" data-start=\"235\" data-end=\"269\">\n<p class=\"\" data-start=\"237\" data-end=\"269\"><strong data-start=\"237\" data-end=\"254\">Capacit\u00e9 de charge<\/strong>: Jusqu'\u00e0 15 kg<\/p>\n<\/li>\n<li class=\"\" data-start=\"270\" data-end=\"304\">\n<p class=\"\" data-start=\"272\" data-end=\"304\"><strong data-start=\"272\" data-end=\"280\">Pieds<\/strong>: Pieds en caoutchouc antid\u00e9rapants<\/p>\n<\/li>\n<li class=\"\" data-start=\"305\" data-end=\"377\">\n<p class=\"\" data-start=\"307\" data-end=\"377\"><strong data-start=\"307\" data-end=\"317\">Conception<\/strong>: Base pliable \u00e0 4 pieds pour la stabilit\u00e9 et le rangement compact<\/p>\n<\/li>\n<\/ul>","protected":false},"featured_media":13044,"template":"","meta":{"om_disable_all_campaigns":false,"_monsterinsights_skip_tracking":false,"_monsterinsights_sitenote_active":false,"_monsterinsights_sitenote_note":"","_monsterinsights_sitenote_category":0,"_uf_show_specific_survey":0,"_uf_disable_surveys":false},"product_brand":[],"product_cat":[37,38],"product_tag":[],"class_list":{"0":"post-13033","1":"product","2":"type-product","3":"status-publish","4":"has-post-thumbnail","6":"product_cat-accessories-cinesouk","7":"product_cat-grip-cinesouk","9":"entry","10":"has-media","12":"first","13":"instock","14":"taxable","15":"shipping-taxable","16":"purchasable","17":"product-type-variable","18":"has-product-nav","19":"col","20":"span_1_of_3","21":"owp-content-center","22":"owp-thumbs-layout-horizontal","23":"owp-btn-normal","24":"owp-tabs-layout-horizontal","25":"has-no-thumbnails"},"yoast_head":"<!-- This site is optimized with the Yoast SEO Premium plugin v26.0 (Yoast SEO v26.0) - https:\/\/yoast.com\/wordpress\/plugins\/seo\/ -->\n<title>ADJ FS4LB Floor Stand - CineSouk - Marrakech l Morocco - For rent<\/title>\n<meta name=\"description\" content=\"The ADJ FS4LB is a sturdy floor stand with a 15 kg load capacity, designed for secure ground placement of PAR spotlights, featuring non-slip rubber feet and an M10 mounting screw.\" \/>\n<meta name=\"robots\" content=\"index, follow, max-snippet:-1, max-image-preview:large, max-video-preview:-1\" \/>\n<link rel=\"canonical\" href=\"https:\/\/www.cinesouk.ma\/fr\/produit\/adj-fs4lb-floor-stand\/\" \/>\n<meta property=\"og:locale\" content=\"fr_FR\" \/>\n<meta property=\"og:type\" content=\"article\" \/>\n<meta property=\"og:title\" content=\"ADJ FS4LB Floor Stand\" \/>\n<meta property=\"og:description\" content=\"The ADJ FS4LB is a sturdy floor stand with a 15 kg load capacity, designed for secure ground placement of PAR spotlights, featuring non-slip rubber feet and an M10 mounting screw.\" \/>\n<meta property=\"og:url\" content=\"https:\/\/www.cinesouk.ma\/fr\/produit\/adj-fs4lb-floor-stand\/\" \/>\n<meta property=\"og:site_name\" content=\"CineSouk\" \/>\n<meta property=\"article:modified_time\" content=\"2025-08-19T10:30:55+00:00\" \/>\n<meta property=\"og:image\" content=\"https:\/\/www.cinesouk.ma\/wp-content\/uploads\/2025\/05\/ADJ-FS4LB-Floor-Stand.jpg\" \/>\n\t<meta property=\"og:image:width\" content=\"300\" \/>\n\t<meta property=\"og:image:height\" content=\"238\" \/>\n\t<meta property=\"og:image:type\" content=\"image\/jpeg\" \/>\n<meta name=\"twitter:card\" content=\"summary_large_image\" \/>\n<meta name=\"twitter:description\" content=\"The ADJ FS4LB is a sturdy floor stand with a 15 kg load capacity, designed for secure ground placement of PAR spotlights, featuring non-slip rubber feet and an M10 mounting screw.\" \/>\n<meta name=\"twitter:label1\" content=\"Dur\u00e9e de lecture estim\u00e9e\" \/>\n\t<meta name=\"twitter:data1\" content=\"2 minutes\" \/>\n<script type=\"application\/ld+json\" class=\"yoast-schema-graph\">{\"@context\":\"https:\/\/schema.org\",\"@graph\":[{\"@type\":\"WebPage\",\"@id\":\"https:\/\/www.cinesouk.ma\/product\/adj-fs4lb-floor-stand\/\",\"url\":\"https:\/\/www.cinesouk.ma\/product\/adj-fs4lb-floor-stand\/\",\"name\":\"ADJ FS4LB Floor Stand - CineSouk - Marrakech l Morocco - For rent\",\"isPartOf\":{\"@id\":\"https:\/\/www.cinesouk.ma\/#website\"},\"primaryImageOfPage\":{\"@id\":\"https:\/\/www.cinesouk.ma\/product\/adj-fs4lb-floor-stand\/#primaryimage\"},\"image\":{\"@id\":\"https:\/\/www.cinesouk.ma\/product\/adj-fs4lb-floor-stand\/#primaryimage\"},\"thumbnailUrl\":\"https:\/\/www.cinesouk.ma\/wp-content\/uploads\/2025\/05\/ADJ-FS4LB-Floor-Stand.jpg\",\"datePublished\":\"2025-01-06T15:25:54+00:00\",\"dateModified\":\"2025-08-19T10:30:55+00:00\",\"description\":\"The ADJ FS4LB is a sturdy floor stand with a 15 kg load capacity, designed for secure ground placement of PAR spotlights, featuring non-slip rubber feet and an M10 mounting screw.\",\"breadcrumb\":{\"@id\":\"https:\/\/www.cinesouk.ma\/product\/adj-fs4lb-floor-stand\/#breadcrumb\"},\"inLanguage\":\"fr-FR\",\"potentialAction\":[{\"@type\":\"ReadAction\",\"target\":[\"https:\/\/www.cinesouk.ma\/product\/adj-fs4lb-floor-stand\/\"]}]},{\"@type\":\"ImageObject\",\"inLanguage\":\"fr-FR\",\"@id\":\"https:\/\/www.cinesouk.ma\/product\/adj-fs4lb-floor-stand\/#primaryimage\",\"url\":\"https:\/\/www.cinesouk.ma\/wp-content\/uploads\/2025\/05\/ADJ-FS4LB-Floor-Stand.jpg\",\"contentUrl\":\"https:\/\/www.cinesouk.ma\/wp-content\/uploads\/2025\/05\/ADJ-FS4LB-Floor-Stand.jpg\",\"width\":300,\"height\":238,\"caption\":\"ADJ FS4LB Floor Stand\"},{\"@type\":\"BreadcrumbList\",\"@id\":\"https:\/\/www.cinesouk.ma\/product\/adj-fs4lb-floor-stand\/#breadcrumb\",\"itemListElement\":[{\"@type\":\"ListItem\",\"position\":1,\"name\":\"Home\",\"item\":\"https:\/\/www.cinesouk.ma\/\"},{\"@type\":\"ListItem\",\"position\":2,\"name\":\"Shop\",\"item\":\"https:\/\/www.cinesouk.ma\/shop\/\"},{\"@type\":\"ListItem\",\"position\":3,\"name\":\"ADJ FS4LB Floor Stand\"}]},{\"@type\":\"WebSite\",\"@id\":\"https:\/\/www.cinesouk.ma\/#website\",\"url\":\"https:\/\/www.cinesouk.ma\/\",\"name\":\"CineSouk\",\"description\":\"\",\"publisher\":{\"@id\":\"https:\/\/www.cinesouk.ma\/#organization\"},\"potentialAction\":[{\"@type\":\"SearchAction\",\"target\":{\"@type\":\"EntryPoint\",\"urlTemplate\":\"https:\/\/www.cinesouk.ma\/?s={search_term_string}\"},\"query-input\":{\"@type\":\"PropertyValueSpecification\",\"valueRequired\":true,\"valueName\":\"search_term_string\"}}],\"inLanguage\":\"fr-FR\"},{\"@type\":\"Organization\",\"@id\":\"https:\/\/www.cinesouk.ma\/#organization\",\"name\":\"CineSouk\",\"url\":\"https:\/\/www.cinesouk.ma\/\",\"logo\":{\"@type\":\"ImageObject\",\"inLanguage\":\"fr-FR\",\"@id\":\"https:\/\/www.cinesouk.ma\/#\/schema\/logo\/image\/\",\"url\":\"https:\/\/www.cinesouk.ma\/wp-content\/uploads\/2024\/01\/CineSouk-logo-v01-alpha-alligned-left.png\",\"contentUrl\":\"https:\/\/www.cinesouk.ma\/wp-content\/uploads\/2024\/01\/CineSouk-logo-v01-alpha-alligned-left.png\",\"width\":3204,\"height\":889,\"caption\":\"CineSouk\"},\"image\":{\"@id\":\"https:\/\/www.cinesouk.ma\/#\/schema\/logo\/image\/\"}}]}<\/script>\n<!-- \/ Yoast SEO Premium plugin. -->","yoast_head_json":{"title":"ADJ FS4LB Floor Stand - CineSouk - Marrakech l Morocco - For rent","description":"The ADJ FS4LB is a sturdy floor stand with a 15 kg load capacity, designed for secure ground placement of PAR spotlights, featuring non-slip rubber feet and an M10 mounting screw.","robots":{"index":"index","follow":"follow","max-snippet":"max-snippet:-1","max-image-preview":"max-image-preview:large","max-video-preview":"max-video-preview:-1"},"canonical":"https:\/\/www.cinesouk.ma\/fr\/produit\/adj-fs4lb-floor-stand\/","og_locale":"fr_FR","og_type":"article","og_title":"ADJ FS4LB Floor Stand","og_description":"The ADJ FS4LB is a sturdy floor stand with a 15 kg load capacity, designed for secure ground placement of PAR spotlights, featuring non-slip rubber feet and an M10 mounting screw.","og_url":"https:\/\/www.cinesouk.ma\/fr\/produit\/adj-fs4lb-floor-stand\/","og_site_name":"CineSouk","article_modified_time":"2025-08-19T10:30:55+00:00","og_image":[{"width":300,"height":238,"url":"https:\/\/www.cinesouk.ma\/wp-content\/uploads\/2025\/05\/ADJ-FS4LB-Floor-Stand.jpg","type":"image\/jpeg"}],"twitter_card":"summary_large_image","twitter_description":"The ADJ FS4LB is a sturdy floor stand with a 15 kg load capacity, designed for secure ground placement of PAR spotlights, featuring non-slip rubber feet and an M10 mounting screw.","twitter_misc":{"Dur\u00e9e de lecture estim\u00e9e":"2 minutes"},"schema":{"@context":"https:\/\/schema.org","@graph":[{"@type":"WebPage","@id":"https:\/\/www.cinesouk.ma\/product\/adj-fs4lb-floor-stand\/","url":"https:\/\/www.cinesouk.ma\/product\/adj-fs4lb-floor-stand\/","name":"ADJ FS4LB Floor Stand - CineSouk - Marrakech l Morocco - For rent","isPartOf":{"@id":"https:\/\/www.cinesouk.ma\/#website"},"primaryImageOfPage":{"@id":"https:\/\/www.cinesouk.ma\/product\/adj-fs4lb-floor-stand\/#primaryimage"},"image":{"@id":"https:\/\/www.cinesouk.ma\/product\/adj-fs4lb-floor-stand\/#primaryimage"},"thumbnailUrl":"https:\/\/www.cinesouk.ma\/wp-content\/uploads\/2025\/05\/ADJ-FS4LB-Floor-Stand.jpg","datePublished":"2025-01-06T15:25:54+00:00","dateModified":"2025-08-19T10:30:55+00:00","description":"The ADJ FS4LB is a sturdy floor stand with a 15 kg load capacity, designed for secure ground placement of PAR spotlights, featuring non-slip rubber feet and an M10 mounting screw.","breadcrumb":{"@id":"https:\/\/www.cinesouk.ma\/product\/adj-fs4lb-floor-stand\/#breadcrumb"},"inLanguage":"fr-FR","potentialAction":[{"@type":"ReadAction","target":["https:\/\/www.cinesouk.ma\/product\/adj-fs4lb-floor-stand\/"]}]},{"@type":"ImageObject","inLanguage":"fr-FR","@id":"https:\/\/www.cinesouk.ma\/product\/adj-fs4lb-floor-stand\/#primaryimage","url":"https:\/\/www.cinesouk.ma\/wp-content\/uploads\/2025\/05\/ADJ-FS4LB-Floor-Stand.jpg","contentUrl":"https:\/\/www.cinesouk.ma\/wp-content\/uploads\/2025\/05\/ADJ-FS4LB-Floor-Stand.jpg","width":300,"height":238,"caption":"ADJ FS4LB Floor Stand"},{"@type":"BreadcrumbList","@id":"https:\/\/www.cinesouk.ma\/product\/adj-fs4lb-floor-stand\/#breadcrumb","itemListElement":[{"@type":"ListItem","position":1,"name":"Home","item":"https:\/\/www.cinesouk.ma\/"},{"@type":"ListItem","position":2,"name":"Shop","item":"https:\/\/www.cinesouk.ma\/shop\/"},{"@type":"ListItem","position":3,"name":"ADJ FS4LB Floor Stand"}]},{"@type":"WebSite","@id":"https:\/\/www.cinesouk.ma\/#website","url":"https:\/\/www.cinesouk.ma\/","name":"CineSouk","description":"","publisher":{"@id":"https:\/\/www.cinesouk.ma\/#organization"},"potentialAction":[{"@type":"SearchAction","target":{"@type":"EntryPoint","urlTemplate":"https:\/\/www.cinesouk.ma\/?s={search_term_string}"},"query-input":{"@type":"PropertyValueSpecification","valueRequired":true,"valueName":"search_term_string"}}],"inLanguage":"fr-FR"},{"@type":"Organization","@id":"https:\/\/www.cinesouk.ma\/#organization","name":"CineSouk","url":"https:\/\/www.cinesouk.ma\/","logo":{"@type":"ImageObject","inLanguage":"fr-FR","@id":"https:\/\/www.cinesouk.ma\/#\/schema\/logo\/image\/","url":"https:\/\/www.cinesouk.ma\/wp-content\/uploads\/2024\/01\/CineSouk-logo-v01-alpha-alligned-left.png","contentUrl":"https:\/\/www.cinesouk.ma\/wp-content\/uploads\/2024\/01\/CineSouk-logo-v01-alpha-alligned-left.png","width":3204,"height":889,"caption":"CineSouk"},"image":{"@id":"https:\/\/www.cinesouk.ma\/#\/schema\/logo\/image\/"}}]}},"_links":{"self":[{"href":"https:\/\/www.cinesouk.ma\/fr\/wp-json\/wp\/v2\/product\/13033","targetHints":{"allow":["GET"]}}],"collection":[{"href":"https:\/\/www.cinesouk.ma\/fr\/wp-json\/wp\/v2\/product"}],"about":[{"href":"https:\/\/www.cinesouk.ma\/fr\/wp-json\/wp\/v2\/types\/product"}],"wp:featuredmedia":[{"embeddable":true,"href":"https:\/\/www.cinesouk.ma\/fr\/wp-json\/wp\/v2\/media\/13044"}],"wp:attachment":[{"href":"https:\/\/www.cinesouk.ma\/fr\/wp-json\/wp\/v2\/media?parent=13033"}],"wp:term":[{"taxonomy":"product_brand","embeddable":true,"href":"https:\/\/www.cinesouk.ma\/fr\/wp-json\/wp\/v2\/product_brand?post=13033"},{"taxonomy":"product_cat","embeddable":true,"href":"https:\/\/www.cinesouk.ma\/fr\/wp-json\/wp\/v2\/product_cat?post=13033"},{"taxonomy":"product_tag","embeddable":true,"href":"https:\/\/www.cinesouk.ma\/fr\/wp-json\/wp\/v2\/product_tag?post=13033"}],"curies":[{"name":"wp","href":"https:\/\/api.w.org\/{rel}","templated":true}]}}