{"id":13045,"date":"2025-01-06T15:48:53","date_gmt":"2025-01-06T15:48:53","guid":{"rendered":"https:\/\/www.cinesouk.ma\/?post_type=product&#038;p=13045"},"modified":"2025-08-19T10:30:43","modified_gmt":"2025-08-19T10:30:43","slug":"global-truss-swl-100kg-half-coupler","status":"publish","type":"product","link":"https:\/\/www.cinesouk.ma\/fr\/produit\/global-truss-swl-100kg-half-coupler\/","title":{"rendered":"Demi-attache Global Truss SWL-100kg"},"content":{"rendered":"<p class=\"\" data-start=\"149\" data-end=\"502\">Le demi-coupleur SWL-100kg de Global Truss est une pince solide et fiable con\u00e7ue pour le montage de lumi\u00e8res et d'autres \u00e9quipements sur des syst\u00e8mes de treillis. Avec une charge de travail s\u00fbre (SWL) de 100 kg, il offre des performances solides dans les installations fixes et temporaires. Gr\u00e2ce \u00e0 sa construction en aluminium, il reste l\u00e9ger tout en \u00e9tant suffisamment r\u00e9sistant pour une utilisation professionnelle.<\/p>\n<p class=\"\" data-start=\"504\" data-end=\"812\">Cette pince fonctionne avec des tubes de 48 \u00e0 51 mm de diam\u00e8tre, ce qui la rend adapt\u00e9e \u00e0 la plupart des installations dans les \u00e9v\u00e9nements, les sc\u00e8nes et les studios. En outre, le syst\u00e8me de fixation rapide permet d'acc\u00e9l\u00e9rer l'installation, et le boulon M12 avec \u00e9crou \u00e0 oreilles maintient le tout fermement en place sans endommager le truss.<\/p>\n<p class=\"\" data-start=\"814\" data-end=\"1096\">De plus, la conception compacte et discr\u00e8te du coupleur le rend id\u00e9al pour une utilisation dans les espaces restreints. Que vous travailliez sur une plate-forme de concert, une production th\u00e9\u00e2trale ou un stand d'exposition, ce demi-coupleur offre le soutien et la flexibilit\u00e9 n\u00e9cessaires pour effectuer le travail rapidement et en toute s\u00e9curit\u00e9.<\/p>\n<h3 class=\"\" data-start=\"1098\" data-end=\"1115\">Caract\u00e9ristiques principales :<\/h3>\n<ul data-start=\"1117\" data-end=\"1353\">\n<li class=\"\" data-start=\"1117\" data-end=\"1150\">\n<p class=\"\" data-start=\"1119\" data-end=\"1150\"><strong data-start=\"1119\" data-end=\"1141\">Charge de travail s\u00fbre :<\/strong> 100 kg<\/p>\n<\/li>\n<li class=\"\" data-start=\"1151\" data-end=\"1187\">\n<p class=\"\" data-start=\"1153\" data-end=\"1187\"><strong data-start=\"1153\" data-end=\"1176\">Compatibilit\u00e9 des tubes :<\/strong> 48-51 mm<\/p>\n<\/li>\n<li class=\"\" data-start=\"1188\" data-end=\"1228\">\n<p class=\"\" data-start=\"1190\" data-end=\"1228\"><strong data-start=\"1190\" data-end=\"1203\">Montage :<\/strong> Boulon M12 avec \u00e9crou \u00e0 oreilles<\/p>\n<\/li>\n<li class=\"\" data-start=\"1229\" data-end=\"1267\">\n<p class=\"\" data-start=\"1231\" data-end=\"1267\"><strong data-start=\"1231\" data-end=\"1244\">Mat\u00e9riau :<\/strong> Aluminium l\u00e9ger<\/p>\n<\/li>\n<li class=\"\" data-start=\"1268\" data-end=\"1305\">\n<p class=\"\" data-start=\"1270\" data-end=\"1305\"><strong data-start=\"1270\" data-end=\"1281\">Conception :<\/strong> Demi-coupleur sans enroulement<\/p>\n<\/li>\n<li class=\"\" data-start=\"1306\" data-end=\"1353\">\n<p class=\"\" data-start=\"1308\" data-end=\"1353\"><strong data-start=\"1308\" data-end=\"1319\">Finition :<\/strong> Poli ou peint par poudrage en noir<\/p>\n<\/li>\n<\/ul>\n<h3 class=\"\" data-start=\"1355\" data-end=\"1374\">Sp\u00e9cifications :<\/h3>\n<ul data-start=\"1376\" data-end=\"1597\">\n<li class=\"\" data-start=\"1376\" data-end=\"1402\">\n<p class=\"\" data-start=\"1378\" data-end=\"1402\"><strong data-start=\"1378\" data-end=\"1387\">Type :<\/strong> Demi-coupleur<\/p>\n<\/li>\n<li class=\"\" data-start=\"1403\" data-end=\"1432\">\n<p class=\"\" data-start=\"1405\" data-end=\"1432\"><strong data-start=\"1405\" data-end=\"1423\">Capacit\u00e9 de charge :<\/strong> 100 kg<\/p>\n<\/li>\n<li class=\"\" data-start=\"1433\" data-end=\"1465\">\n<p class=\"\" data-start=\"1435\" data-end=\"1465\"><strong data-start=\"1435\" data-end=\"1454\">Convient \u00e0 la taille du tube :<\/strong> 48-51 mm<\/p>\n<\/li>\n<li class=\"\" data-start=\"1466\" data-end=\"1488\">\n<p class=\"\" data-start=\"1468\" data-end=\"1488\"><strong data-start=\"1468\" data-end=\"1482\">Taille du boulon :<\/strong> M12<\/p>\n<\/li>\n<li class=\"\" data-start=\"1489\" data-end=\"1519\">\n<p class=\"\" data-start=\"1491\" data-end=\"1519\"><strong data-start=\"1491\" data-end=\"1502\">Poids :<\/strong> Environ 0,5 kg<\/p>\n<\/li>\n<li class=\"\" data-start=\"1520\" data-end=\"1546\">\n<p class=\"\" data-start=\"1522\" data-end=\"1546\"><strong data-start=\"1522\" data-end=\"1535\">Mat\u00e9riau :<\/strong> Aluminium<\/p>\n<\/li>\n<li class=\"\" data-start=\"1547\" data-end=\"1597\">\n<p class=\"\" data-start=\"1549\" data-end=\"1597\"><strong data-start=\"1549\" data-end=\"1562\">Cas d'utilisation :<\/strong> Montage de sc\u00e8nes, d'\u00e9v\u00e9nements et de structures<\/p>\n<\/li>\n<\/ul>\n<p class=\"\" data-start=\"1599\" data-end=\"1807\">En r\u00e9sum\u00e9, le demi-coupleur SWL-100kg de Global Truss est un choix judicieux pour tout professionnel de l'\u00e9clairage. Il est facile \u00e0 manipuler, construit pour durer et assure la s\u00e9curit\u00e9 de votre mat\u00e9riel, que ce soit dans une petite salle ou lors d'un grand \u00e9v\u00e9nement.<\/p>\n<p class=\"\" data-start=\"33\" data-end=\"383\">Louez-le maintenant sur <a href=\"https:\/\/www.cinesouk.ma\/fr\">CINESOUK<\/a> - une marque de <a href=\"https:\/\/www.broadway.ma\/\">BROADWAY PRODUCTIONS SARL.<\/a><\/p>","protected":false},"excerpt":{"rendered":"<h3 class=\"\" data-start=\"1198\" data-end=\"1221\"><strong data-start=\"1202\" data-end=\"1221\">Sp\u00e9cifications :<\/strong><\/h3>\n<ul>\n<li class=\"\" data-start=\"1624\" data-end=\"1650\">\n<p class=\"\" data-start=\"1626\" data-end=\"1650\"><strong data-start=\"1626\" data-end=\"1635\">Type :<\/strong> Demi-coupleur<\/p>\n<\/li>\n<li class=\"\" data-start=\"1651\" data-end=\"1670\">\n<p class=\"\" data-start=\"1653\" data-end=\"1670\"><strong data-start=\"1653\" data-end=\"1661\">SWL :<\/strong> 100 kg<\/p>\n<\/li>\n<li class=\"\" data-start=\"1671\" data-end=\"1708\">\n<p class=\"\" data-start=\"1673\" data-end=\"1708\"><strong data-start=\"1673\" data-end=\"1697\">Gamme de diam\u00e8tres de tuyaux :<\/strong> 48-51 mm<\/p>\n<\/li>\n<li class=\"\" data-start=\"1709\" data-end=\"1731\">\n<p class=\"\" data-start=\"1711\" data-end=\"1731\"><strong data-start=\"1711\" data-end=\"1725\">Taille du boulon :<\/strong> M12<\/p>\n<\/li>\n<li class=\"\" data-start=\"1732\" data-end=\"1762\">\n<p class=\"\" data-start=\"1734\" data-end=\"1762\"><strong data-start=\"1734\" data-end=\"1745\">Poids :<\/strong> Environ 0,5 kg<\/p>\n<\/li>\n<li class=\"\" data-start=\"1763\" data-end=\"1789\">\n<p class=\"\" data-start=\"1765\" data-end=\"1789\"><strong data-start=\"1765\" data-end=\"1778\">Mat\u00e9riau :<\/strong> Aluminium<\/p>\n<\/li>\n<li class=\"\" data-start=\"1790\" data-end=\"1857\">\n<p class=\"\" data-start=\"1792\" data-end=\"1857\"><strong data-start=\"1792\" data-end=\"1808\">Application :<\/strong> \u00c9clairage de sc\u00e8ne, montage de treillis, production d'\u00e9v\u00e9nements<\/p>\n<\/li>\n<\/ul>","protected":false},"featured_media":13056,"template":"","meta":{"om_disable_all_campaigns":false,"_monsterinsights_skip_tracking":false,"_monsterinsights_sitenote_active":false,"_monsterinsights_sitenote_note":"","_monsterinsights_sitenote_category":0,"_uf_show_specific_survey":0,"_uf_disable_surveys":false},"product_brand":[],"product_cat":[37,38],"product_tag":[],"class_list":{"0":"post-13045","1":"product","2":"type-product","3":"status-publish","4":"has-post-thumbnail","6":"product_cat-accessories-cinesouk","7":"product_cat-grip-cinesouk","9":"entry","10":"has-media","12":"first","13":"instock","14":"taxable","15":"shipping-taxable","16":"purchasable","17":"product-type-variable","18":"has-product-nav","19":"col","20":"span_1_of_3","21":"owp-content-center","22":"owp-thumbs-layout-horizontal","23":"owp-btn-normal","24":"owp-tabs-layout-horizontal","25":"has-no-thumbnails"},"yoast_head":"<!-- This site is optimized with the Yoast SEO Premium plugin v26.0 (Yoast SEO v26.0) - https:\/\/yoast.com\/wordpress\/plugins\/seo\/ -->\n<title>Global Truss SWL-100kg half coupler - CineSouk - Marrakech l Morocco - For rent<\/title>\n<meta name=\"description\" content=\"Heavy-duty Global Truss SWL-100kg Half Coupler for secure fixture mounting on 48\u201351 mm truss systems. Reliable, lightweight, and ideal for professional setups.\" \/>\n<meta name=\"robots\" content=\"index, follow, max-snippet:-1, max-image-preview:large, max-video-preview:-1\" \/>\n<link rel=\"canonical\" href=\"https:\/\/www.cinesouk.ma\/fr\/produit\/global-truss-swl-100kg-half-coupler\/\" \/>\n<meta property=\"og:locale\" content=\"fr_FR\" \/>\n<meta property=\"og:type\" content=\"article\" \/>\n<meta property=\"og:title\" content=\"Global Truss SWL-100kg half coupler\" \/>\n<meta property=\"og:description\" content=\"Heavy-duty Global Truss SWL-100kg Half Coupler for secure fixture mounting on 48\u201351 mm truss systems. Reliable, lightweight, and ideal for professional setups.\" \/>\n<meta property=\"og:url\" content=\"https:\/\/www.cinesouk.ma\/fr\/produit\/global-truss-swl-100kg-half-coupler\/\" \/>\n<meta property=\"og:site_name\" content=\"CineSouk\" \/>\n<meta property=\"article:modified_time\" content=\"2025-08-19T10:30:43+00:00\" \/>\n<meta property=\"og:image\" content=\"https:\/\/www.cinesouk.ma\/wp-content\/uploads\/2025\/05\/Global-Truss-SWL-100kg-half-coupler.jpg\" \/>\n\t<meta property=\"og:image:width\" content=\"300\" \/>\n\t<meta property=\"og:image:height\" content=\"238\" \/>\n\t<meta property=\"og:image:type\" content=\"image\/jpeg\" \/>\n<meta name=\"twitter:card\" content=\"summary_large_image\" \/>\n<meta name=\"twitter:description\" content=\"Heavy-duty Global Truss SWL-100kg Half Coupler for secure fixture mounting on 48\u201351 mm truss systems. Reliable, lightweight, and ideal for professional setups.\" \/>\n<meta name=\"twitter:label1\" content=\"Dur\u00e9e de lecture estim\u00e9e\" \/>\n\t<meta name=\"twitter:data1\" content=\"2 minutes\" \/>\n<script type=\"application\/ld+json\" class=\"yoast-schema-graph\">{\"@context\":\"https:\/\/schema.org\",\"@graph\":[{\"@type\":\"WebPage\",\"@id\":\"https:\/\/www.cinesouk.ma\/product\/global-truss-swl-100kg-half-coupler\/\",\"url\":\"https:\/\/www.cinesouk.ma\/product\/global-truss-swl-100kg-half-coupler\/\",\"name\":\"Global Truss SWL-100kg half coupler - CineSouk - Marrakech l Morocco - For rent\",\"isPartOf\":{\"@id\":\"https:\/\/www.cinesouk.ma\/#website\"},\"primaryImageOfPage\":{\"@id\":\"https:\/\/www.cinesouk.ma\/product\/global-truss-swl-100kg-half-coupler\/#primaryimage\"},\"image\":{\"@id\":\"https:\/\/www.cinesouk.ma\/product\/global-truss-swl-100kg-half-coupler\/#primaryimage\"},\"thumbnailUrl\":\"https:\/\/www.cinesouk.ma\/wp-content\/uploads\/2025\/05\/Global-Truss-SWL-100kg-half-coupler.jpg\",\"datePublished\":\"2025-01-06T15:48:53+00:00\",\"dateModified\":\"2025-08-19T10:30:43+00:00\",\"description\":\"Heavy-duty Global Truss SWL-100kg Half Coupler for secure fixture mounting on 48\u201351 mm truss systems. Reliable, lightweight, and ideal for professional setups.\",\"breadcrumb\":{\"@id\":\"https:\/\/www.cinesouk.ma\/product\/global-truss-swl-100kg-half-coupler\/#breadcrumb\"},\"inLanguage\":\"fr-FR\",\"potentialAction\":[{\"@type\":\"ReadAction\",\"target\":[\"https:\/\/www.cinesouk.ma\/product\/global-truss-swl-100kg-half-coupler\/\"]}]},{\"@type\":\"ImageObject\",\"inLanguage\":\"fr-FR\",\"@id\":\"https:\/\/www.cinesouk.ma\/product\/global-truss-swl-100kg-half-coupler\/#primaryimage\",\"url\":\"https:\/\/www.cinesouk.ma\/wp-content\/uploads\/2025\/05\/Global-Truss-SWL-100kg-half-coupler.jpg\",\"contentUrl\":\"https:\/\/www.cinesouk.ma\/wp-content\/uploads\/2025\/05\/Global-Truss-SWL-100kg-half-coupler.jpg\",\"width\":300,\"height\":238,\"caption\":\"Global Truss SWL-100kg half coupler\"},{\"@type\":\"BreadcrumbList\",\"@id\":\"https:\/\/www.cinesouk.ma\/product\/global-truss-swl-100kg-half-coupler\/#breadcrumb\",\"itemListElement\":[{\"@type\":\"ListItem\",\"position\":1,\"name\":\"Home\",\"item\":\"https:\/\/www.cinesouk.ma\/\"},{\"@type\":\"ListItem\",\"position\":2,\"name\":\"Shop\",\"item\":\"https:\/\/www.cinesouk.ma\/shop\/\"},{\"@type\":\"ListItem\",\"position\":3,\"name\":\"Global Truss SWL-100kg half coupler\"}]},{\"@type\":\"WebSite\",\"@id\":\"https:\/\/www.cinesouk.ma\/#website\",\"url\":\"https:\/\/www.cinesouk.ma\/\",\"name\":\"CineSouk\",\"description\":\"\",\"publisher\":{\"@id\":\"https:\/\/www.cinesouk.ma\/#organization\"},\"potentialAction\":[{\"@type\":\"SearchAction\",\"target\":{\"@type\":\"EntryPoint\",\"urlTemplate\":\"https:\/\/www.cinesouk.ma\/?s={search_term_string}\"},\"query-input\":{\"@type\":\"PropertyValueSpecification\",\"valueRequired\":true,\"valueName\":\"search_term_string\"}}],\"inLanguage\":\"fr-FR\"},{\"@type\":\"Organization\",\"@id\":\"https:\/\/www.cinesouk.ma\/#organization\",\"name\":\"CineSouk\",\"url\":\"https:\/\/www.cinesouk.ma\/\",\"logo\":{\"@type\":\"ImageObject\",\"inLanguage\":\"fr-FR\",\"@id\":\"https:\/\/www.cinesouk.ma\/#\/schema\/logo\/image\/\",\"url\":\"https:\/\/www.cinesouk.ma\/wp-content\/uploads\/2024\/01\/CineSouk-logo-v01-alpha-alligned-left.png\",\"contentUrl\":\"https:\/\/www.cinesouk.ma\/wp-content\/uploads\/2024\/01\/CineSouk-logo-v01-alpha-alligned-left.png\",\"width\":3204,\"height\":889,\"caption\":\"CineSouk\"},\"image\":{\"@id\":\"https:\/\/www.cinesouk.ma\/#\/schema\/logo\/image\/\"}}]}<\/script>\n<!-- \/ Yoast SEO Premium plugin. -->","yoast_head_json":{"title":"Global Truss SWL-100kg half coupler - CineSouk - Marrakech l Morocco - For rent","description":"Heavy-duty Global Truss SWL-100kg Half Coupler for secure fixture mounting on 48\u201351 mm truss systems. Reliable, lightweight, and ideal for professional setups.","robots":{"index":"index","follow":"follow","max-snippet":"max-snippet:-1","max-image-preview":"max-image-preview:large","max-video-preview":"max-video-preview:-1"},"canonical":"https:\/\/www.cinesouk.ma\/fr\/produit\/global-truss-swl-100kg-half-coupler\/","og_locale":"fr_FR","og_type":"article","og_title":"Global Truss SWL-100kg half coupler","og_description":"Heavy-duty Global Truss SWL-100kg Half Coupler for secure fixture mounting on 48\u201351 mm truss systems. Reliable, lightweight, and ideal for professional setups.","og_url":"https:\/\/www.cinesouk.ma\/fr\/produit\/global-truss-swl-100kg-half-coupler\/","og_site_name":"CineSouk","article_modified_time":"2025-08-19T10:30:43+00:00","og_image":[{"width":300,"height":238,"url":"https:\/\/www.cinesouk.ma\/wp-content\/uploads\/2025\/05\/Global-Truss-SWL-100kg-half-coupler.jpg","type":"image\/jpeg"}],"twitter_card":"summary_large_image","twitter_description":"Heavy-duty Global Truss SWL-100kg Half Coupler for secure fixture mounting on 48\u201351 mm truss systems. Reliable, lightweight, and ideal for professional setups.","twitter_misc":{"Dur\u00e9e de lecture estim\u00e9e":"2 minutes"},"schema":{"@context":"https:\/\/schema.org","@graph":[{"@type":"WebPage","@id":"https:\/\/www.cinesouk.ma\/product\/global-truss-swl-100kg-half-coupler\/","url":"https:\/\/www.cinesouk.ma\/product\/global-truss-swl-100kg-half-coupler\/","name":"Global Truss SWL-100kg half coupler - CineSouk - Marrakech l Morocco - For rent","isPartOf":{"@id":"https:\/\/www.cinesouk.ma\/#website"},"primaryImageOfPage":{"@id":"https:\/\/www.cinesouk.ma\/product\/global-truss-swl-100kg-half-coupler\/#primaryimage"},"image":{"@id":"https:\/\/www.cinesouk.ma\/product\/global-truss-swl-100kg-half-coupler\/#primaryimage"},"thumbnailUrl":"https:\/\/www.cinesouk.ma\/wp-content\/uploads\/2025\/05\/Global-Truss-SWL-100kg-half-coupler.jpg","datePublished":"2025-01-06T15:48:53+00:00","dateModified":"2025-08-19T10:30:43+00:00","description":"Heavy-duty Global Truss SWL-100kg Half Coupler for secure fixture mounting on 48\u201351 mm truss systems. Reliable, lightweight, and ideal for professional setups.","breadcrumb":{"@id":"https:\/\/www.cinesouk.ma\/product\/global-truss-swl-100kg-half-coupler\/#breadcrumb"},"inLanguage":"fr-FR","potentialAction":[{"@type":"ReadAction","target":["https:\/\/www.cinesouk.ma\/product\/global-truss-swl-100kg-half-coupler\/"]}]},{"@type":"ImageObject","inLanguage":"fr-FR","@id":"https:\/\/www.cinesouk.ma\/product\/global-truss-swl-100kg-half-coupler\/#primaryimage","url":"https:\/\/www.cinesouk.ma\/wp-content\/uploads\/2025\/05\/Global-Truss-SWL-100kg-half-coupler.jpg","contentUrl":"https:\/\/www.cinesouk.ma\/wp-content\/uploads\/2025\/05\/Global-Truss-SWL-100kg-half-coupler.jpg","width":300,"height":238,"caption":"Global Truss SWL-100kg half coupler"},{"@type":"BreadcrumbList","@id":"https:\/\/www.cinesouk.ma\/product\/global-truss-swl-100kg-half-coupler\/#breadcrumb","itemListElement":[{"@type":"ListItem","position":1,"name":"Home","item":"https:\/\/www.cinesouk.ma\/"},{"@type":"ListItem","position":2,"name":"Shop","item":"https:\/\/www.cinesouk.ma\/shop\/"},{"@type":"ListItem","position":3,"name":"Global Truss SWL-100kg half coupler"}]},{"@type":"WebSite","@id":"https:\/\/www.cinesouk.ma\/#website","url":"https:\/\/www.cinesouk.ma\/","name":"CineSouk","description":"","publisher":{"@id":"https:\/\/www.cinesouk.ma\/#organization"},"potentialAction":[{"@type":"SearchAction","target":{"@type":"EntryPoint","urlTemplate":"https:\/\/www.cinesouk.ma\/?s={search_term_string}"},"query-input":{"@type":"PropertyValueSpecification","valueRequired":true,"valueName":"search_term_string"}}],"inLanguage":"fr-FR"},{"@type":"Organization","@id":"https:\/\/www.cinesouk.ma\/#organization","name":"CineSouk","url":"https:\/\/www.cinesouk.ma\/","logo":{"@type":"ImageObject","inLanguage":"fr-FR","@id":"https:\/\/www.cinesouk.ma\/#\/schema\/logo\/image\/","url":"https:\/\/www.cinesouk.ma\/wp-content\/uploads\/2024\/01\/CineSouk-logo-v01-alpha-alligned-left.png","contentUrl":"https:\/\/www.cinesouk.ma\/wp-content\/uploads\/2024\/01\/CineSouk-logo-v01-alpha-alligned-left.png","width":3204,"height":889,"caption":"CineSouk"},"image":{"@id":"https:\/\/www.cinesouk.ma\/#\/schema\/logo\/image\/"}}]}},"_links":{"self":[{"href":"https:\/\/www.cinesouk.ma\/fr\/wp-json\/wp\/v2\/product\/13045","targetHints":{"allow":["GET"]}}],"collection":[{"href":"https:\/\/www.cinesouk.ma\/fr\/wp-json\/wp\/v2\/product"}],"about":[{"href":"https:\/\/www.cinesouk.ma\/fr\/wp-json\/wp\/v2\/types\/product"}],"wp:featuredmedia":[{"embeddable":true,"href":"https:\/\/www.cinesouk.ma\/fr\/wp-json\/wp\/v2\/media\/13056"}],"wp:attachment":[{"href":"https:\/\/www.cinesouk.ma\/fr\/wp-json\/wp\/v2\/media?parent=13045"}],"wp:term":[{"taxonomy":"product_brand","embeddable":true,"href":"https:\/\/www.cinesouk.ma\/fr\/wp-json\/wp\/v2\/product_brand?post=13045"},{"taxonomy":"product_cat","embeddable":true,"href":"https:\/\/www.cinesouk.ma\/fr\/wp-json\/wp\/v2\/product_cat?post=13045"},{"taxonomy":"product_tag","embeddable":true,"href":"https:\/\/www.cinesouk.ma\/fr\/wp-json\/wp\/v2\/product_tag?post=13045"}],"curies":[{"name":"wp","href":"https:\/\/api.w.org\/{rel}","templated":true}]}}