{"id":13069,"date":"2025-05-07T13:59:29","date_gmt":"2025-05-07T13:59:29","guid":{"rendered":"https:\/\/www.cinesouk.ma\/?post_type=product&#038;p=13069"},"modified":"2025-08-18T10:30:20","modified_gmt":"2025-08-18T10:30:20","slug":"string-light-set-led-filament-bulbs-10m-with-10bulbs-2650k","status":"publish","type":"product","link":"https:\/\/www.cinesouk.ma\/fr\/produit\/string-light-set-led-filament-bulbs-10m-with-10bulbs-2650k\/","title":{"rendered":"Jeu de guirlandes lumineuses LED \u00e0 filament - 10m avec 10 ampoules, 2650K"},"content":{"rendered":"<p class=\"\" data-start=\"285\" data-end=\"776\">La guirlande lumineuse de 10 m\u00e8tres comprend 10 ampoules \u00e0 filament LED de 3 watts \u00e0 intensit\u00e9 variable qui \u00e9mettent une lueur chaude de 2650K, parfaite pour cr\u00e9er une atmosph\u00e8re accueillante. Con\u00e7u pour une utilisation int\u00e9rieure et ext\u00e9rieure, ce syst\u00e8me durable et r\u00e9sistant aux intemp\u00e9ries est id\u00e9al pour les terrasses, les patios, les jardins, les caf\u00e9s, les \u00e9v\u00e9nements ou les mariages. Avec son look classique et son efficacit\u00e9 \u00e9nerg\u00e9tique moderne, il apporte charme et fonctionnalit\u00e9 \u00e0 toute installation. L'ensemble est connectable et extensible, ce qui permet des installations polyvalentes dans des espaces plus longs.<\/p>\n<p class=\"\" data-start=\"778\" data-end=\"795\"><strong data-start=\"778\" data-end=\"795\">Caract\u00e9ristiques principales :<\/strong><\/p>\n<ul data-start=\"797\" data-end=\"1346\">\n<li class=\"\" data-start=\"797\" data-end=\"890\">\n<p class=\"\" data-start=\"799\" data-end=\"890\"><strong data-start=\"799\" data-end=\"819\">Atmosph\u00e8re chaleureuse :<\/strong> Produit une douce lueur de style vintage, id\u00e9ale pour l'\u00e9clairage d'ambiance.<\/p>\n<\/li>\n<li class=\"\" data-start=\"891\" data-end=\"1018\">\n<p class=\"\" data-start=\"893\" data-end=\"1018\"><strong data-start=\"893\" data-end=\"914\">Efficacit\u00e9 \u00e9nerg\u00e9tique :<\/strong> Chaque ampoule LED de 3 W offre la m\u00eame luminosit\u00e9 qu'une ampoule \u00e0 filament traditionnelle tout en consommant beaucoup moins d'\u00e9nergie.<\/p>\n<\/li>\n<li class=\"\" data-start=\"1019\" data-end=\"1142\">\n<p class=\"\" data-start=\"1021\" data-end=\"1142\"><strong data-start=\"1021\" data-end=\"1041\">Dimmable Design :<\/strong> Compatible avec les variateurs de lumi\u00e8re, il vous permet de contr\u00f4ler les niveaux de luminosit\u00e9 en fonction de l'humeur et de l'environnement.<\/p>\n<\/li>\n<li class=\"\" data-start=\"1143\" data-end=\"1228\">\n<p class=\"\" data-start=\"1145\" data-end=\"1228\"><strong data-start=\"1145\" data-end=\"1167\">R\u00e9sistant aux intemp\u00e9ries :<\/strong> Avec un indice de protection IP65, il peut \u00eatre utilis\u00e9 sous la pluie ou le soleil.<\/p>\n<\/li>\n<li class=\"\" data-start=\"1229\" data-end=\"1346\">\n<p class=\"\" data-start=\"1231\" data-end=\"1346\"><strong data-start=\"1231\" data-end=\"1247\">Connectable :<\/strong> Reliez facilement plusieurs ensembles pour une couverture \u00e9tendue - parfait pour les longues cl\u00f4tures, les plafonds ou les tentes.<\/p>\n<\/li>\n<\/ul>\n<h3 class=\"\" data-start=\"1353\" data-end=\"1376\"><strong data-start=\"1357\" data-end=\"1376\">Sp\u00e9cifications :<\/strong><\/h3>\n<ul data-start=\"1378\" data-end=\"1829\">\n<li class=\"\" data-start=\"1378\" data-end=\"1403\">\n<p class=\"\" data-start=\"1380\" data-end=\"1403\"><strong data-start=\"1380\" data-end=\"1391\">Longueur :<\/strong> 10 m\u00e8tres<\/p>\n<\/li>\n<li class=\"\" data-start=\"1404\" data-end=\"1431\">\n<p class=\"\" data-start=\"1406\" data-end=\"1431\"><strong data-start=\"1406\" data-end=\"1426\">Nombre d'ampoules :<\/strong> 10<\/p>\n<\/li>\n<li class=\"\" data-start=\"1432\" data-end=\"1473\">\n<p class=\"\" data-start=\"1434\" data-end=\"1473\"><strong data-start=\"1434\" data-end=\"1448\">Type d'ampoule :<\/strong> Ampoules \u00e0 filament LED E27<\/p>\n<\/li>\n<li class=\"\" data-start=\"1474\" data-end=\"1512\">\n<p class=\"\" data-start=\"1476\" data-end=\"1512\"><strong data-start=\"1476\" data-end=\"1507\">Consommation \u00e9lectrique par ampoule :<\/strong> 3W<\/p>\n<\/li>\n<li class=\"\" data-start=\"1513\" data-end=\"1558\">\n<p class=\"\" data-start=\"1515\" data-end=\"1558\"><strong data-start=\"1515\" data-end=\"1537\">Temp\u00e9rature de couleur :<\/strong> 2650K (blanc chaud)<\/p>\n<\/li>\n<li class=\"\" data-start=\"1559\" data-end=\"1584\">\n<p class=\"\" data-start=\"1561\" data-end=\"1584\"><strong data-start=\"1561\" data-end=\"1573\">Tension :<\/strong> 220-240V<\/p>\n<\/li>\n<li class=\"\" data-start=\"1585\" data-end=\"1606\">\n<p class=\"\" data-start=\"1587\" data-end=\"1606\"><strong data-start=\"1587\" data-end=\"1600\">Dimmable :<\/strong> Oui<\/p>\n<\/li>\n<li class=\"\" data-start=\"1607\" data-end=\"1640\">\n<p class=\"\" data-start=\"1609\" data-end=\"1640\"><strong data-start=\"1609\" data-end=\"1633\">R\u00e9sistance aux intemp\u00e9ries :<\/strong> IP65<\/p>\n<\/li>\n<li class=\"\" data-start=\"1641\" data-end=\"1667\">\n<p class=\"\" data-start=\"1643\" data-end=\"1667\"><strong data-start=\"1643\" data-end=\"1659\">Couleur du c\u00e2ble :<\/strong> Noir<\/p>\n<\/li>\n<li class=\"\" data-start=\"1668\" data-end=\"1717\">\n<p class=\"\" data-start=\"1670\" data-end=\"1717\"><strong data-start=\"1670\" data-end=\"1684\">Connecteur :<\/strong> Extr\u00e9mit\u00e9s m\u00e2le\/femelle pour l'extension<\/p>\n<\/li>\n<li class=\"\" data-start=\"1718\" data-end=\"1774\">\n<p class=\"\" data-start=\"1720\" data-end=\"1774\"><strong data-start=\"1720\" data-end=\"1733\">Mat\u00e9riau :<\/strong> C\u00e2ble en caoutchouc avec douilles d'ampoules en plastique<\/p>\n<\/li>\n<li class=\"\" data-start=\"1775\" data-end=\"1829\">\n<p class=\"\" data-start=\"1777\" data-end=\"1829\"><strong data-start=\"1777\" data-end=\"1802\">Nombre maximal d'ensembles connectables :<\/strong> En fonction du gradateur\/de la charge<\/p>\n<\/li>\n<\/ul>\n<p class=\"\" data-start=\"1836\" data-end=\"2125\">Cette guirlande lumineuse de 10 m\u00e8tres constitue une solution d'\u00e9clairage pratique et \u00e9l\u00e9gante. Ses ampoules \u00e0 intensit\u00e9 variable et son indice de protection IP65 en font la solution id\u00e9ale pour les soir\u00e9es en plein air et les \u00e9v\u00e9nements professionnels. Fiable, extensible et magnifiquement chaleureux, il ajoute une ambiance instantan\u00e9e \u00e0 n'importe quel espace.<\/p>\n<p>Louez-le maintenant sur <a href=\"https:\/\/www.cinesouk.ma\/fr\">CINESOUK<\/a> - une marque de <a href=\"https:\/\/www.broadway.ma\/\">BROADWAY PRODUCTIONS SARL.<\/a><\/p>","protected":false},"excerpt":{"rendered":"<p><strong>Sp\u00e9cifications<\/strong><\/p>\n<ul data-start=\"1378\" data-end=\"1829\">\n<li class=\"\" data-start=\"1378\" data-end=\"1403\">\n<p class=\"\" data-start=\"1380\" data-end=\"1403\"><strong data-start=\"1380\" data-end=\"1391\">Longueur :<\/strong> 10 m\u00e8tres<\/p>\n<\/li>\n<li class=\"\" data-start=\"1404\" data-end=\"1431\">\n<p class=\"\" data-start=\"1406\" data-end=\"1431\"><strong data-start=\"1406\" data-end=\"1426\">Nombre d'ampoules :<\/strong> 10<\/p>\n<\/li>\n<li class=\"\" data-start=\"1432\" data-end=\"1473\">\n<p class=\"\" data-start=\"1434\" data-end=\"1473\"><strong data-start=\"1434\" data-end=\"1448\">Type d'ampoule :<\/strong> Ampoules \u00e0 filament LED E27<\/p>\n<\/li>\n<li class=\"\" data-start=\"1474\" data-end=\"1512\">\n<p class=\"\" data-start=\"1476\" data-end=\"1512\"><strong data-start=\"1476\" data-end=\"1507\">Consommation \u00e9lectrique par ampoule :<\/strong> 3W<\/p>\n<\/li>\n<li class=\"\" data-start=\"1513\" data-end=\"1558\">\n<p class=\"\" data-start=\"1515\" data-end=\"1558\"><strong data-start=\"1515\" data-end=\"1537\">Temp\u00e9rature de couleur :<\/strong> 2650K (blanc chaud)<\/p>\n<\/li>\n<li class=\"\" data-start=\"1559\" data-end=\"1584\">\n<p class=\"\" data-start=\"1561\" data-end=\"1584\"><strong data-start=\"1561\" data-end=\"1573\">Tension :<\/strong> 220-240V<\/p>\n<\/li>\n<li class=\"\" data-start=\"1585\" data-end=\"1606\">\n<p class=\"\" data-start=\"1587\" data-end=\"1606\"><strong data-start=\"1587\" data-end=\"1600\">Dimmable :<\/strong> Oui<\/p>\n<\/li>\n<li class=\"\" data-start=\"1607\" data-end=\"1640\">\n<p class=\"\" data-start=\"1609\" data-end=\"1640\"><strong data-start=\"1609\" data-end=\"1633\">R\u00e9sistance aux intemp\u00e9ries :<\/strong> IP65<\/p>\n<\/li>\n<li class=\"\" data-start=\"1641\" data-end=\"1667\">\n<p class=\"\" data-start=\"1643\" data-end=\"1667\"><strong data-start=\"1643\" data-end=\"1659\">Couleur du c\u00e2ble :<\/strong> Noir<\/p>\n<\/li>\n<li class=\"\" data-start=\"1668\" data-end=\"1717\">\n<p class=\"\" data-start=\"1670\" data-end=\"1717\"><strong data-start=\"1670\" data-end=\"1684\">Connecteur :<\/strong> Extr\u00e9mit\u00e9s m\u00e2le\/femelle pour l'extension<\/p>\n<\/li>\n<li class=\"\" data-start=\"1718\" data-end=\"1774\">\n<p class=\"\" data-start=\"1720\" data-end=\"1774\"><strong data-start=\"1720\" data-end=\"1733\">Mat\u00e9riau :<\/strong> C\u00e2ble en caoutchouc avec douilles d'ampoules en plastique<\/p>\n<\/li>\n<li class=\"\" data-start=\"1775\" data-end=\"1829\">\n<p class=\"\" data-start=\"1777\" data-end=\"1829\"><strong data-start=\"1777\" data-end=\"1802\">Nombre maximal d'ensembles connectables :<\/strong> En fonction du gradateur\/de la charge<\/p>\n<\/li>\n<\/ul>","protected":false},"featured_media":13068,"template":"","meta":{"om_disable_all_campaigns":false,"_monsterinsights_skip_tracking":false,"_monsterinsights_sitenote_active":false,"_monsterinsights_sitenote_note":"","_monsterinsights_sitenote_category":0,"_uf_show_specific_survey":0,"_uf_disable_surveys":false},"product_brand":[],"product_cat":[106,20],"product_tag":[],"class_list":{"0":"post-13069","1":"product","2":"type-product","3":"status-publish","4":"has-post-thumbnail","6":"product_cat-decorative-lights-eventsouk","7":"product_cat-light-cinesouk","9":"entry","10":"has-media","12":"first","13":"instock","14":"taxable","15":"shipping-taxable","16":"purchasable","17":"product-type-variable","18":"has-product-nav","19":"col","20":"span_1_of_3","21":"owp-content-center","22":"owp-thumbs-layout-horizontal","23":"owp-btn-normal","24":"owp-tabs-layout-horizontal","25":"has-no-thumbnails"},"yoast_head":"<!-- This site is optimized with the Yoast SEO Premium plugin v26.0 (Yoast SEO v26.0) - https:\/\/yoast.com\/wordpress\/plugins\/seo\/ -->\n<title>String light set LED filament bulbs - 10m with 10bulbs, 2650K<\/title>\n<meta name=\"description\" content=\"Warm 10m LED string light set with 10 dimmable 3W filament bulbs (2650K). Connectable, IP65-rated, perfect for outdoor and indoor events, patios, or caf\u00e9s.\" \/>\n<meta name=\"robots\" content=\"index, follow, max-snippet:-1, max-image-preview:large, max-video-preview:-1\" \/>\n<link rel=\"canonical\" href=\"https:\/\/www.cinesouk.ma\/fr\/produit\/string-light-set-led-filament-bulbs-10m-with-10bulbs-2650k\/\" \/>\n<meta property=\"og:locale\" content=\"fr_FR\" \/>\n<meta property=\"og:type\" content=\"article\" \/>\n<meta property=\"og:title\" content=\"String light set LED filament bulbs - 10m with 10bulbs, 2650K\" \/>\n<meta property=\"og:description\" content=\"Warm 10m LED string light set with 10 dimmable 3W filament bulbs (2650K). Connectable, IP65-rated, perfect for outdoor and indoor events, patios, or caf\u00e9s.\" \/>\n<meta property=\"og:url\" content=\"https:\/\/www.cinesouk.ma\/fr\/produit\/string-light-set-led-filament-bulbs-10m-with-10bulbs-2650k\/\" \/>\n<meta property=\"og:site_name\" content=\"CineSouk\" \/>\n<meta property=\"article:modified_time\" content=\"2025-08-18T10:30:20+00:00\" \/>\n<meta property=\"og:image\" content=\"https:\/\/www.cinesouk.ma\/wp-content\/uploads\/2025\/05\/String-light-set-with-3-watt-dimmable-LED-filament-bulbs-connectable-extendable-25m-with-25bulbs-2650K.jpg\" \/>\n\t<meta property=\"og:image:width\" content=\"300\" \/>\n\t<meta property=\"og:image:height\" content=\"238\" \/>\n\t<meta property=\"og:image:type\" content=\"image\/jpeg\" \/>\n<meta name=\"twitter:card\" content=\"summary_large_image\" \/>\n<meta name=\"twitter:description\" content=\"Warm 10m LED string light set with 10 dimmable 3W filament bulbs (2650K). Connectable, IP65-rated, perfect for outdoor and indoor events, patios, or caf\u00e9s.\" \/>\n<meta name=\"twitter:label1\" content=\"Dur\u00e9e de lecture estim\u00e9e\" \/>\n\t<meta name=\"twitter:data1\" content=\"2 minutes\" \/>\n<script type=\"application\/ld+json\" class=\"yoast-schema-graph\">{\"@context\":\"https:\/\/schema.org\",\"@graph\":[{\"@type\":\"WebPage\",\"@id\":\"https:\/\/www.cinesouk.ma\/product\/string-light-set-led-filament-bulbs-10m-with-10bulbs-2650k\/\",\"url\":\"https:\/\/www.cinesouk.ma\/product\/string-light-set-led-filament-bulbs-10m-with-10bulbs-2650k\/\",\"name\":\"String light set LED filament bulbs - 10m with 10bulbs, 2650K\",\"isPartOf\":{\"@id\":\"https:\/\/www.cinesouk.ma\/#website\"},\"primaryImageOfPage\":{\"@id\":\"https:\/\/www.cinesouk.ma\/product\/string-light-set-led-filament-bulbs-10m-with-10bulbs-2650k\/#primaryimage\"},\"image\":{\"@id\":\"https:\/\/www.cinesouk.ma\/product\/string-light-set-led-filament-bulbs-10m-with-10bulbs-2650k\/#primaryimage\"},\"thumbnailUrl\":\"https:\/\/www.cinesouk.ma\/wp-content\/uploads\/2025\/05\/String-light-set-with-3-watt-dimmable-LED-filament-bulbs-connectable-extendable-25m-with-25bulbs-2650K.jpg\",\"datePublished\":\"2025-05-07T13:59:29+00:00\",\"dateModified\":\"2025-08-18T10:30:20+00:00\",\"description\":\"Warm 10m LED string light set with 10 dimmable 3W filament bulbs (2650K). Connectable, IP65-rated, perfect for outdoor and indoor events, patios, or caf\u00e9s.\",\"breadcrumb\":{\"@id\":\"https:\/\/www.cinesouk.ma\/product\/string-light-set-led-filament-bulbs-10m-with-10bulbs-2650k\/#breadcrumb\"},\"inLanguage\":\"fr-FR\",\"potentialAction\":[{\"@type\":\"ReadAction\",\"target\":[\"https:\/\/www.cinesouk.ma\/product\/string-light-set-led-filament-bulbs-10m-with-10bulbs-2650k\/\"]}]},{\"@type\":\"ImageObject\",\"inLanguage\":\"fr-FR\",\"@id\":\"https:\/\/www.cinesouk.ma\/product\/string-light-set-led-filament-bulbs-10m-with-10bulbs-2650k\/#primaryimage\",\"url\":\"https:\/\/www.cinesouk.ma\/wp-content\/uploads\/2025\/05\/String-light-set-with-3-watt-dimmable-LED-filament-bulbs-connectable-extendable-25m-with-25bulbs-2650K.jpg\",\"contentUrl\":\"https:\/\/www.cinesouk.ma\/wp-content\/uploads\/2025\/05\/String-light-set-with-3-watt-dimmable-LED-filament-bulbs-connectable-extendable-25m-with-25bulbs-2650K.jpg\",\"width\":300,\"height\":238,\"caption\":\"String light set with 3 watt dimmable LED filament bulbs, connectable & extendable - 25m with 25bulbs, 2650K\"},{\"@type\":\"BreadcrumbList\",\"@id\":\"https:\/\/www.cinesouk.ma\/product\/string-light-set-led-filament-bulbs-10m-with-10bulbs-2650k\/#breadcrumb\",\"itemListElement\":[{\"@type\":\"ListItem\",\"position\":1,\"name\":\"Home\",\"item\":\"https:\/\/www.cinesouk.ma\/\"},{\"@type\":\"ListItem\",\"position\":2,\"name\":\"Shop\",\"item\":\"https:\/\/www.cinesouk.ma\/shop\/\"},{\"@type\":\"ListItem\",\"position\":3,\"name\":\"String light set LED filament bulbs &#8211; 10m with 10bulbs, 2650K\"}]},{\"@type\":\"WebSite\",\"@id\":\"https:\/\/www.cinesouk.ma\/#website\",\"url\":\"https:\/\/www.cinesouk.ma\/\",\"name\":\"CineSouk\",\"description\":\"\",\"publisher\":{\"@id\":\"https:\/\/www.cinesouk.ma\/#organization\"},\"potentialAction\":[{\"@type\":\"SearchAction\",\"target\":{\"@type\":\"EntryPoint\",\"urlTemplate\":\"https:\/\/www.cinesouk.ma\/?s={search_term_string}\"},\"query-input\":{\"@type\":\"PropertyValueSpecification\",\"valueRequired\":true,\"valueName\":\"search_term_string\"}}],\"inLanguage\":\"fr-FR\"},{\"@type\":\"Organization\",\"@id\":\"https:\/\/www.cinesouk.ma\/#organization\",\"name\":\"CineSouk\",\"url\":\"https:\/\/www.cinesouk.ma\/\",\"logo\":{\"@type\":\"ImageObject\",\"inLanguage\":\"fr-FR\",\"@id\":\"https:\/\/www.cinesouk.ma\/#\/schema\/logo\/image\/\",\"url\":\"https:\/\/www.cinesouk.ma\/wp-content\/uploads\/2024\/01\/CineSouk-logo-v01-alpha-alligned-left.png\",\"contentUrl\":\"https:\/\/www.cinesouk.ma\/wp-content\/uploads\/2024\/01\/CineSouk-logo-v01-alpha-alligned-left.png\",\"width\":3204,\"height\":889,\"caption\":\"CineSouk\"},\"image\":{\"@id\":\"https:\/\/www.cinesouk.ma\/#\/schema\/logo\/image\/\"}}]}<\/script>\n<!-- \/ Yoast SEO Premium plugin. -->","yoast_head_json":{"title":"Jeu de guirlandes lumineuses LED \u00e0 filament - 10m avec 10 ampoules, 2650K","description":"Warm 10m LED string light set with 10 dimmable 3W filament bulbs (2650K). Connectable, IP65-rated, perfect for outdoor and indoor events, patios, or caf\u00e9s.","robots":{"index":"index","follow":"follow","max-snippet":"max-snippet:-1","max-image-preview":"max-image-preview:large","max-video-preview":"max-video-preview:-1"},"canonical":"https:\/\/www.cinesouk.ma\/fr\/produit\/string-light-set-led-filament-bulbs-10m-with-10bulbs-2650k\/","og_locale":"fr_FR","og_type":"article","og_title":"String light set LED filament bulbs - 10m with 10bulbs, 2650K","og_description":"Warm 10m LED string light set with 10 dimmable 3W filament bulbs (2650K). Connectable, IP65-rated, perfect for outdoor and indoor events, patios, or caf\u00e9s.","og_url":"https:\/\/www.cinesouk.ma\/fr\/produit\/string-light-set-led-filament-bulbs-10m-with-10bulbs-2650k\/","og_site_name":"CineSouk","article_modified_time":"2025-08-18T10:30:20+00:00","og_image":[{"width":300,"height":238,"url":"https:\/\/www.cinesouk.ma\/wp-content\/uploads\/2025\/05\/String-light-set-with-3-watt-dimmable-LED-filament-bulbs-connectable-extendable-25m-with-25bulbs-2650K.jpg","type":"image\/jpeg"}],"twitter_card":"summary_large_image","twitter_description":"Warm 10m LED string light set with 10 dimmable 3W filament bulbs (2650K). Connectable, IP65-rated, perfect for outdoor and indoor events, patios, or caf\u00e9s.","twitter_misc":{"Dur\u00e9e de lecture estim\u00e9e":"2 minutes"},"schema":{"@context":"https:\/\/schema.org","@graph":[{"@type":"WebPage","@id":"https:\/\/www.cinesouk.ma\/product\/string-light-set-led-filament-bulbs-10m-with-10bulbs-2650k\/","url":"https:\/\/www.cinesouk.ma\/product\/string-light-set-led-filament-bulbs-10m-with-10bulbs-2650k\/","name":"Jeu de guirlandes lumineuses LED \u00e0 filament - 10m avec 10 ampoules, 2650K","isPartOf":{"@id":"https:\/\/www.cinesouk.ma\/#website"},"primaryImageOfPage":{"@id":"https:\/\/www.cinesouk.ma\/product\/string-light-set-led-filament-bulbs-10m-with-10bulbs-2650k\/#primaryimage"},"image":{"@id":"https:\/\/www.cinesouk.ma\/product\/string-light-set-led-filament-bulbs-10m-with-10bulbs-2650k\/#primaryimage"},"thumbnailUrl":"https:\/\/www.cinesouk.ma\/wp-content\/uploads\/2025\/05\/String-light-set-with-3-watt-dimmable-LED-filament-bulbs-connectable-extendable-25m-with-25bulbs-2650K.jpg","datePublished":"2025-05-07T13:59:29+00:00","dateModified":"2025-08-18T10:30:20+00:00","description":"Warm 10m LED string light set with 10 dimmable 3W filament bulbs (2650K). Connectable, IP65-rated, perfect for outdoor and indoor events, patios, or caf\u00e9s.","breadcrumb":{"@id":"https:\/\/www.cinesouk.ma\/product\/string-light-set-led-filament-bulbs-10m-with-10bulbs-2650k\/#breadcrumb"},"inLanguage":"fr-FR","potentialAction":[{"@type":"ReadAction","target":["https:\/\/www.cinesouk.ma\/product\/string-light-set-led-filament-bulbs-10m-with-10bulbs-2650k\/"]}]},{"@type":"ImageObject","inLanguage":"fr-FR","@id":"https:\/\/www.cinesouk.ma\/product\/string-light-set-led-filament-bulbs-10m-with-10bulbs-2650k\/#primaryimage","url":"https:\/\/www.cinesouk.ma\/wp-content\/uploads\/2025\/05\/String-light-set-with-3-watt-dimmable-LED-filament-bulbs-connectable-extendable-25m-with-25bulbs-2650K.jpg","contentUrl":"https:\/\/www.cinesouk.ma\/wp-content\/uploads\/2025\/05\/String-light-set-with-3-watt-dimmable-LED-filament-bulbs-connectable-extendable-25m-with-25bulbs-2650K.jpg","width":300,"height":238,"caption":"String light set with 3 watt dimmable LED filament bulbs, connectable & extendable - 25m with 25bulbs, 2650K"},{"@type":"BreadcrumbList","@id":"https:\/\/www.cinesouk.ma\/product\/string-light-set-led-filament-bulbs-10m-with-10bulbs-2650k\/#breadcrumb","itemListElement":[{"@type":"ListItem","position":1,"name":"Home","item":"https:\/\/www.cinesouk.ma\/"},{"@type":"ListItem","position":2,"name":"Shop","item":"https:\/\/www.cinesouk.ma\/shop\/"},{"@type":"ListItem","position":3,"name":"String light set LED filament bulbs &#8211; 10m with 10bulbs, 2650K"}]},{"@type":"WebSite","@id":"https:\/\/www.cinesouk.ma\/#website","url":"https:\/\/www.cinesouk.ma\/","name":"CineSouk","description":"","publisher":{"@id":"https:\/\/www.cinesouk.ma\/#organization"},"potentialAction":[{"@type":"SearchAction","target":{"@type":"EntryPoint","urlTemplate":"https:\/\/www.cinesouk.ma\/?s={search_term_string}"},"query-input":{"@type":"PropertyValueSpecification","valueRequired":true,"valueName":"search_term_string"}}],"inLanguage":"fr-FR"},{"@type":"Organization","@id":"https:\/\/www.cinesouk.ma\/#organization","name":"CineSouk","url":"https:\/\/www.cinesouk.ma\/","logo":{"@type":"ImageObject","inLanguage":"fr-FR","@id":"https:\/\/www.cinesouk.ma\/#\/schema\/logo\/image\/","url":"https:\/\/www.cinesouk.ma\/wp-content\/uploads\/2024\/01\/CineSouk-logo-v01-alpha-alligned-left.png","contentUrl":"https:\/\/www.cinesouk.ma\/wp-content\/uploads\/2024\/01\/CineSouk-logo-v01-alpha-alligned-left.png","width":3204,"height":889,"caption":"CineSouk"},"image":{"@id":"https:\/\/www.cinesouk.ma\/#\/schema\/logo\/image\/"}}]}},"_links":{"self":[{"href":"https:\/\/www.cinesouk.ma\/fr\/wp-json\/wp\/v2\/product\/13069","targetHints":{"allow":["GET"]}}],"collection":[{"href":"https:\/\/www.cinesouk.ma\/fr\/wp-json\/wp\/v2\/product"}],"about":[{"href":"https:\/\/www.cinesouk.ma\/fr\/wp-json\/wp\/v2\/types\/product"}],"wp:featuredmedia":[{"embeddable":true,"href":"https:\/\/www.cinesouk.ma\/fr\/wp-json\/wp\/v2\/media\/13068"}],"wp:attachment":[{"href":"https:\/\/www.cinesouk.ma\/fr\/wp-json\/wp\/v2\/media?parent=13069"}],"wp:term":[{"taxonomy":"product_brand","embeddable":true,"href":"https:\/\/www.cinesouk.ma\/fr\/wp-json\/wp\/v2\/product_brand?post=13069"},{"taxonomy":"product_cat","embeddable":true,"href":"https:\/\/www.cinesouk.ma\/fr\/wp-json\/wp\/v2\/product_cat?post=13069"},{"taxonomy":"product_tag","embeddable":true,"href":"https:\/\/www.cinesouk.ma\/fr\/wp-json\/wp\/v2\/product_tag?post=13069"}],"curies":[{"name":"wp","href":"https:\/\/api.w.org\/{rel}","templated":true}]}}