{"id":13080,"date":"2025-05-07T15:14:23","date_gmt":"2025-05-07T15:14:23","guid":{"rendered":"https:\/\/www.cinesouk.ma\/?post_type=product&#038;p=13080"},"modified":"2025-11-27T13:47:27","modified_gmt":"2025-11-27T13:47:27","slug":"headamp6-pro","status":"publish","type":"product","link":"https:\/\/www.cinesouk.ma\/fr\/produit\/headamp6-pro\/","title":{"rendered":"ART HeadAmp6 Pro (6ch headphone amplifier)"},"content":{"rendered":"<p data-start=\"182\" data-end=\"498\">Le HeadAmp6 Pro est un amplificateur de casque professionnel \u00e0 6 canaux con\u00e7u pour offrir un contr\u00f4le au casque clair, puissant et personnalisable. Id\u00e9al pour les studios, les environnements de diffusion ou les installations de sonorisation en direct, il permet \u00e0 un maximum de six utilisateurs de contr\u00f4ler l'audio de mani\u00e8re ind\u00e9pendante avec leurs propres commandes de volume et de tonalit\u00e9.<\/p>\n<p data-start=\"500\" data-end=\"906\">Chaque canal dispose de deux sorties casque sur les panneaux avant et arri\u00e8re, permettant \u00e0 plusieurs auditeurs de se brancher simultan\u00e9ment. Avec des commandes individuelles de niveau, de balance et d'\u00e9galisation haute\/basse, le HeadAmp6 Pro offre aux musiciens et aux ing\u00e9nieurs une flexibilit\u00e9 totale sur leur mixage de contr\u00f4le. Les indicateurs LED en fa\u00e7ade et le commutateur st\u00e9r\u00e9o\/mono permettent de contr\u00f4ler facilement l'\u00e9tat du signal et d'ajuster les param\u00e8tres de lecture \u00e0 la vol\u00e9e.<\/p>\n<p data-start=\"908\" data-end=\"1091\">Qu'il s'agisse d'enregistrer des voix, de mixer en temps r\u00e9el ou de g\u00e9rer un studio de podcast, le HeadAmp6 Pro d\u00e9livre un son puissant et sans distorsion, avec une qualit\u00e9 constante sur toutes les sorties.<\/p>\n<h3 data-start=\"1098\" data-end=\"1119\"><strong data-start=\"1102\" data-end=\"1119\">Caract\u00e9ristiques principales :<\/strong><\/h3>\n<ul data-start=\"1121\" data-end=\"1460\">\n<li data-start=\"1121\" data-end=\"1157\">\n<p data-start=\"1123\" data-end=\"1157\">6 canaux de casque ind\u00e9pendants<\/p>\n<\/li>\n<li data-start=\"1158\" data-end=\"1213\">\n<p data-start=\"1160\" data-end=\"1213\">Deux sorties casque par canal (avant et arri\u00e8re)<\/p>\n<\/li>\n<li data-start=\"1214\" data-end=\"1261\">\n<p data-start=\"1216\" data-end=\"1261\">Contr\u00f4les individuels du volume, de la balance et de l'\u00e9galisation<\/p>\n<\/li>\n<li data-start=\"1262\" data-end=\"1307\">\n<p data-start=\"1264\" data-end=\"1307\">LED de mesure en fa\u00e7ade pour chaque canal<\/p>\n<\/li>\n<li data-start=\"1308\" data-end=\"1340\">\n<p data-start=\"1310\" data-end=\"1340\">Commutateur de fonctionnement st\u00e9r\u00e9o\/mono<\/p>\n<\/li>\n<li data-start=\"1341\" data-end=\"1364\">\n<p data-start=\"1343\" data-end=\"1364\">Conception de montage en rack 1U<\/p>\n<\/li>\n<li data-start=\"1365\" data-end=\"1416\">\n<p data-start=\"1367\" data-end=\"1416\">Entr\u00e9e principale et entr\u00e9e directe pour un routage flexible<\/p>\n<\/li>\n<li data-start=\"1417\" data-end=\"1460\">\n<p data-start=\"1419\" data-end=\"1460\">Haute marge de man\u0153uvre et faible niveau de bruit<\/p>\n<\/li>\n<\/ul>\n<h3 data-start=\"1467\" data-end=\"1490\"><strong data-start=\"1471\" data-end=\"1490\">Sp\u00e9cifications :<\/strong><\/h3>\n<ul data-start=\"1492\" data-end=\"1983\">\n<li data-start=\"1492\" data-end=\"1572\">\n<p data-start=\"1494\" data-end=\"1572\"><strong data-start=\"1494\" data-end=\"1505\">Entr\u00e9es :<\/strong> 2x XLR \/ \u00bc\" TRS balanced combo (L\/R), 1x \u00bc\" TRS stereo Direct In<\/p>\n<\/li>\n<li data-start=\"1573\" data-end=\"1636\">\n<p data-start=\"1575\" data-end=\"1636\"><strong data-start=\"1575\" data-end=\"1587\">Sorties :<\/strong> 12 sorties casque st\u00e9r\u00e9o \u00bc\" (6 \u00e0 l'avant, 6 \u00e0 l'arri\u00e8re)<\/p>\n<\/li>\n<li data-start=\"1637\" data-end=\"1712\">\n<p data-start=\"1639\" data-end=\"1712\"><strong data-start=\"1639\" data-end=\"1664\">Commandes par canal :<\/strong> Volume, balance, \u00e9galisation haute, \u00e9galisation basse, st\u00e9r\u00e9o\/mono<\/p>\n<\/li>\n<li data-start=\"1713\" data-end=\"1750\">\n<p data-start=\"1715\" data-end=\"1750\"><strong data-start=\"1715\" data-end=\"1741\">Rapport signal\/bruit :<\/strong> &gt;90 dB<\/p>\n<\/li>\n<li data-start=\"1751\" data-end=\"1793\">\n<p data-start=\"1753\" data-end=\"1793\"><strong data-start=\"1753\" data-end=\"1776\">R\u00e9ponse en fr\u00e9quence :<\/strong> 20 Hz - 20 kHz<\/p>\n<\/li>\n<li data-start=\"1794\" data-end=\"1813\">\n<p data-start=\"1796\" data-end=\"1813\"><strong data-start=\"1796\" data-end=\"1804\">THD :<\/strong> &lt;0,01%<\/p>\n<\/li>\n<li data-start=\"1814\" data-end=\"1865\">\n<p data-start=\"1816\" data-end=\"1865\"><strong data-start=\"1816\" data-end=\"1833\">Alimentation \u00e9lectrique :<\/strong> Interne (c\u00e2ble IEC standard)<\/p>\n<\/li>\n<li data-start=\"1866\" data-end=\"1903\">\n<p data-start=\"1868\" data-end=\"1903\"><strong data-start=\"1868\" data-end=\"1884\">Facteur de forme :<\/strong> Montage en rack 1U 19<\/p>\n<\/li>\n<li data-start=\"1904\" data-end=\"1952\">\n<p data-start=\"1906\" data-end=\"1952\"><strong data-start=\"1906\" data-end=\"1921\">Dimensions :<\/strong> Environ 44,5 x 15,3 x 4,4 cm<\/p>\n<\/li>\n<li data-start=\"1953\" data-end=\"1983\">\n<p data-start=\"1955\" data-end=\"1983\"><strong data-start=\"1955\" data-end=\"1966\">Poids :<\/strong> Environ 2,7 kg<\/p>\n<\/li>\n<\/ul>\n<p data-start=\"1990\" data-end=\"2279\">Le HeadAmp6 Pro offre six mixages de casque ind\u00e9pendants dans une seule unit\u00e9 de rack, ce qui en fait une solution polyvalente pour les environnements audio exigeants. Avec ses commandes intuitives, ses performances audio nettes et sa qualit\u00e9 de fabrication robuste, c'est un choix fiable pour toute application en studio ou sur sc\u00e8ne.<\/p>\n<p>Louez-le maintenant sur <a href=\"https:\/\/www.cinesouk.ma\/fr\">CINESOUK<\/a> - une marque de <a href=\"https:\/\/www.broadway.ma\/\">BROADWAY PRODUCTIONS SARL.<\/a><\/p>","protected":false},"excerpt":{"rendered":"<p><strong>Sp\u00e9cifications :<\/strong><\/p>\n<ul>\n<li class=\"\" data-start=\"1492\" data-end=\"1572\">\n<p class=\"\" data-start=\"1494\" data-end=\"1572\"><strong data-start=\"1494\" data-end=\"1505\">Entr\u00e9es :<\/strong> 2x XLR \/ \u00bc\" TRS balanced combo (L\/R), 1x \u00bc\" TRS stereo Direct In<\/p>\n<\/li>\n<li class=\"\" data-start=\"1573\" data-end=\"1636\">\n<p class=\"\" data-start=\"1575\" data-end=\"1636\"><strong data-start=\"1575\" data-end=\"1587\">Sorties :<\/strong> 12 sorties casque st\u00e9r\u00e9o \u00bc\" (6 \u00e0 l'avant, 6 \u00e0 l'arri\u00e8re)<\/p>\n<\/li>\n<li class=\"\" data-start=\"1637\" data-end=\"1712\">\n<p class=\"\" data-start=\"1639\" data-end=\"1712\"><strong data-start=\"1639\" data-end=\"1664\">Commandes par canal :<\/strong> Volume, balance, \u00e9galisation haute, \u00e9galisation basse, st\u00e9r\u00e9o\/mono<\/p>\n<\/li>\n<li class=\"\" data-start=\"1713\" data-end=\"1750\">\n<p class=\"\" data-start=\"1715\" data-end=\"1750\"><strong data-start=\"1715\" data-end=\"1741\">Rapport signal\/bruit :<\/strong> &gt;90 dB<\/p>\n<\/li>\n<li class=\"\" data-start=\"1751\" data-end=\"1793\">\n<p class=\"\" data-start=\"1753\" data-end=\"1793\"><strong data-start=\"1753\" data-end=\"1776\">R\u00e9ponse en fr\u00e9quence :<\/strong> 20 Hz - 20 kHz<\/p>\n<\/li>\n<li class=\"\" data-start=\"1794\" data-end=\"1813\">\n<p class=\"\" data-start=\"1796\" data-end=\"1813\"><strong data-start=\"1796\" data-end=\"1804\">THD :<\/strong> &lt;0,01%<\/p>\n<\/li>\n<li class=\"\" data-start=\"1814\" data-end=\"1865\">\n<p class=\"\" data-start=\"1816\" data-end=\"1865\"><strong data-start=\"1816\" data-end=\"1833\">Alimentation \u00e9lectrique :<\/strong> Interne (c\u00e2ble IEC standard)<\/p>\n<\/li>\n<li class=\"\" data-start=\"1866\" data-end=\"1903\">\n<p class=\"\" data-start=\"1868\" data-end=\"1903\"><strong data-start=\"1868\" data-end=\"1884\">Facteur de forme :<\/strong> Montage en rack 1U 19<\/p>\n<\/li>\n<li class=\"\" data-start=\"1904\" data-end=\"1952\">\n<p class=\"\" data-start=\"1906\" data-end=\"1952\"><strong data-start=\"1906\" data-end=\"1921\">Dimensions :<\/strong> Environ 44,5 x 15,3 x 4,4 cm<\/p>\n<\/li>\n<li class=\"\" data-start=\"1953\" data-end=\"1983\">\n<p class=\"\" data-start=\"1955\" data-end=\"1983\"><strong data-start=\"1955\" data-end=\"1966\">Poids :<\/strong> Environ 2,7 kg<\/p>\n<\/li>\n<\/ul>","protected":false},"featured_media":13091,"template":"","meta":{"om_disable_all_campaigns":false,"_monsterinsights_skip_tracking":false,"_monsterinsights_sitenote_active":false,"_monsterinsights_sitenote_note":"","_monsterinsights_sitenote_category":0,"_uf_show_specific_survey":0,"_uf_disable_surveys":false},"product_brand":[],"product_cat":[95,35],"product_tag":[],"class_list":{"0":"post-13080","1":"product","2":"type-product","3":"status-publish","4":"has-post-thumbnail","6":"product_cat-mixing-consoles-eventsouk","7":"product_cat-sound-cinesouk","9":"entry","10":"has-media","12":"first","13":"instock","14":"taxable","15":"shipping-taxable","16":"purchasable","17":"product-type-variable","18":"has-product-nav","19":"col","20":"span_1_of_3","21":"owp-content-center","22":"owp-thumbs-layout-horizontal","23":"owp-btn-normal","24":"owp-tabs-layout-horizontal","25":"has-no-thumbnails"},"yoast_head":"<!-- This site is optimized with the Yoast SEO Premium plugin v26.0 (Yoast SEO v26.0) - https:\/\/yoast.com\/wordpress\/plugins\/seo\/ -->\n<title>ART HeadAmp6 Pro (6ch headphone amplifier) - CineSouk - Marrakech | Morocco - For rent<\/title>\n<meta name=\"description\" content=\"HeadAmp6 Pro: 6-channel headphone amplifier with individual volume, EQ, and balance controls, dual headphone outputs per channel, and front-panel metering\u2014ideal for studios and live sound.\" \/>\n<meta name=\"robots\" content=\"index, follow, max-snippet:-1, max-image-preview:large, max-video-preview:-1\" \/>\n<link rel=\"canonical\" href=\"https:\/\/www.cinesouk.ma\/fr\/produit\/headamp6-pro\/\" \/>\n<meta property=\"og:locale\" content=\"fr_FR\" \/>\n<meta property=\"og:type\" content=\"article\" \/>\n<meta property=\"og:title\" content=\"ART HeadAmp6 Pro (6ch headphone amplifier)\" \/>\n<meta property=\"og:description\" content=\"HeadAmp6 Pro: 6-channel headphone amplifier with individual volume, EQ, and balance controls, dual headphone outputs per channel, and front-panel metering\u2014ideal for studios and live sound.\" \/>\n<meta property=\"og:url\" content=\"https:\/\/www.cinesouk.ma\/fr\/produit\/headamp6-pro\/\" \/>\n<meta property=\"og:site_name\" content=\"CineSouk\" \/>\n<meta property=\"article:modified_time\" content=\"2025-11-27T13:47:27+00:00\" \/>\n<meta property=\"og:image\" content=\"https:\/\/www.cinesouk.ma\/wp-content\/uploads\/2025\/05\/Head-amp-6-pro.jpg\" \/>\n\t<meta property=\"og:image:width\" content=\"300\" \/>\n\t<meta property=\"og:image:height\" content=\"238\" \/>\n\t<meta property=\"og:image:type\" content=\"image\/jpeg\" \/>\n<meta name=\"twitter:card\" content=\"summary_large_image\" \/>\n<meta name=\"twitter:description\" content=\"HeadAmp6 Pro: 6-channel headphone amplifier with individual volume, EQ, and balance controls, dual headphone outputs per channel, and front-panel metering\u2014ideal for studios and live sound.\" \/>\n<meta name=\"twitter:label1\" content=\"Dur\u00e9e de lecture estim\u00e9e\" \/>\n\t<meta name=\"twitter:data1\" content=\"2 minutes\" \/>\n<script type=\"application\/ld+json\" class=\"yoast-schema-graph\">{\"@context\":\"https:\/\/schema.org\",\"@graph\":[{\"@type\":\"WebPage\",\"@id\":\"https:\/\/www.cinesouk.ma\/product\/headamp6-pro\/\",\"url\":\"https:\/\/www.cinesouk.ma\/product\/headamp6-pro\/\",\"name\":\"ART HeadAmp6 Pro (6ch headphone amplifier) - CineSouk - Marrakech | Morocco - For rent\",\"isPartOf\":{\"@id\":\"https:\/\/www.cinesouk.ma\/#website\"},\"primaryImageOfPage\":{\"@id\":\"https:\/\/www.cinesouk.ma\/product\/headamp6-pro\/#primaryimage\"},\"image\":{\"@id\":\"https:\/\/www.cinesouk.ma\/product\/headamp6-pro\/#primaryimage\"},\"thumbnailUrl\":\"https:\/\/www.cinesouk.ma\/wp-content\/uploads\/2025\/05\/Head-amp-6-pro.jpg\",\"datePublished\":\"2025-05-07T15:14:23+00:00\",\"dateModified\":\"2025-11-27T13:47:27+00:00\",\"description\":\"HeadAmp6 Pro: 6-channel headphone amplifier with individual volume, EQ, and balance controls, dual headphone outputs per channel, and front-panel metering\u2014ideal for studios and live sound.\",\"breadcrumb\":{\"@id\":\"https:\/\/www.cinesouk.ma\/product\/headamp6-pro\/#breadcrumb\"},\"inLanguage\":\"fr-FR\",\"potentialAction\":[{\"@type\":\"ReadAction\",\"target\":[\"https:\/\/www.cinesouk.ma\/product\/headamp6-pro\/\"]}]},{\"@type\":\"ImageObject\",\"inLanguage\":\"fr-FR\",\"@id\":\"https:\/\/www.cinesouk.ma\/product\/headamp6-pro\/#primaryimage\",\"url\":\"https:\/\/www.cinesouk.ma\/wp-content\/uploads\/2025\/05\/Head-amp-6-pro.jpg\",\"contentUrl\":\"https:\/\/www.cinesouk.ma\/wp-content\/uploads\/2025\/05\/Head-amp-6-pro.jpg\",\"width\":300,\"height\":238,\"caption\":\"Head amp 6 pro\"},{\"@type\":\"BreadcrumbList\",\"@id\":\"https:\/\/www.cinesouk.ma\/product\/headamp6-pro\/#breadcrumb\",\"itemListElement\":[{\"@type\":\"ListItem\",\"position\":1,\"name\":\"Home\",\"item\":\"https:\/\/www.cinesouk.ma\/\"},{\"@type\":\"ListItem\",\"position\":2,\"name\":\"Shop\",\"item\":\"https:\/\/www.cinesouk.ma\/shop\/\"},{\"@type\":\"ListItem\",\"position\":3,\"name\":\"ART HeadAmp6 Pro (6ch headphone amplifier)\"}]},{\"@type\":\"WebSite\",\"@id\":\"https:\/\/www.cinesouk.ma\/#website\",\"url\":\"https:\/\/www.cinesouk.ma\/\",\"name\":\"CineSouk\",\"description\":\"\",\"publisher\":{\"@id\":\"https:\/\/www.cinesouk.ma\/#organization\"},\"potentialAction\":[{\"@type\":\"SearchAction\",\"target\":{\"@type\":\"EntryPoint\",\"urlTemplate\":\"https:\/\/www.cinesouk.ma\/?s={search_term_string}\"},\"query-input\":{\"@type\":\"PropertyValueSpecification\",\"valueRequired\":true,\"valueName\":\"search_term_string\"}}],\"inLanguage\":\"fr-FR\"},{\"@type\":\"Organization\",\"@id\":\"https:\/\/www.cinesouk.ma\/#organization\",\"name\":\"CineSouk\",\"url\":\"https:\/\/www.cinesouk.ma\/\",\"logo\":{\"@type\":\"ImageObject\",\"inLanguage\":\"fr-FR\",\"@id\":\"https:\/\/www.cinesouk.ma\/#\/schema\/logo\/image\/\",\"url\":\"https:\/\/www.cinesouk.ma\/wp-content\/uploads\/2024\/01\/CineSouk-logo-v01-alpha-alligned-left.png\",\"contentUrl\":\"https:\/\/www.cinesouk.ma\/wp-content\/uploads\/2024\/01\/CineSouk-logo-v01-alpha-alligned-left.png\",\"width\":3204,\"height\":889,\"caption\":\"CineSouk\"},\"image\":{\"@id\":\"https:\/\/www.cinesouk.ma\/#\/schema\/logo\/image\/\"}}]}<\/script>\n<!-- \/ Yoast SEO Premium plugin. -->","yoast_head_json":{"title":"ART HeadAmp6 Pro (6ch headphone amplifier) - CineSouk - Marrakech | Morocco - For rent","description":"HeadAmp6 Pro: 6-channel headphone amplifier with individual volume, EQ, and balance controls, dual headphone outputs per channel, and front-panel metering\u2014ideal for studios and live sound.","robots":{"index":"index","follow":"follow","max-snippet":"max-snippet:-1","max-image-preview":"max-image-preview:large","max-video-preview":"max-video-preview:-1"},"canonical":"https:\/\/www.cinesouk.ma\/fr\/produit\/headamp6-pro\/","og_locale":"fr_FR","og_type":"article","og_title":"ART HeadAmp6 Pro (6ch headphone amplifier)","og_description":"HeadAmp6 Pro: 6-channel headphone amplifier with individual volume, EQ, and balance controls, dual headphone outputs per channel, and front-panel metering\u2014ideal for studios and live sound.","og_url":"https:\/\/www.cinesouk.ma\/fr\/produit\/headamp6-pro\/","og_site_name":"CineSouk","article_modified_time":"2025-11-27T13:47:27+00:00","og_image":[{"width":300,"height":238,"url":"https:\/\/www.cinesouk.ma\/wp-content\/uploads\/2025\/05\/Head-amp-6-pro.jpg","type":"image\/jpeg"}],"twitter_card":"summary_large_image","twitter_description":"HeadAmp6 Pro: 6-channel headphone amplifier with individual volume, EQ, and balance controls, dual headphone outputs per channel, and front-panel metering\u2014ideal for studios and live sound.","twitter_misc":{"Dur\u00e9e de lecture estim\u00e9e":"2 minutes"},"schema":{"@context":"https:\/\/schema.org","@graph":[{"@type":"WebPage","@id":"https:\/\/www.cinesouk.ma\/product\/headamp6-pro\/","url":"https:\/\/www.cinesouk.ma\/product\/headamp6-pro\/","name":"ART HeadAmp6 Pro (6ch headphone amplifier) - CineSouk - Marrakech | Morocco - For rent","isPartOf":{"@id":"https:\/\/www.cinesouk.ma\/#website"},"primaryImageOfPage":{"@id":"https:\/\/www.cinesouk.ma\/product\/headamp6-pro\/#primaryimage"},"image":{"@id":"https:\/\/www.cinesouk.ma\/product\/headamp6-pro\/#primaryimage"},"thumbnailUrl":"https:\/\/www.cinesouk.ma\/wp-content\/uploads\/2025\/05\/Head-amp-6-pro.jpg","datePublished":"2025-05-07T15:14:23+00:00","dateModified":"2025-11-27T13:47:27+00:00","description":"HeadAmp6 Pro: 6-channel headphone amplifier with individual volume, EQ, and balance controls, dual headphone outputs per channel, and front-panel metering\u2014ideal for studios and live sound.","breadcrumb":{"@id":"https:\/\/www.cinesouk.ma\/product\/headamp6-pro\/#breadcrumb"},"inLanguage":"fr-FR","potentialAction":[{"@type":"ReadAction","target":["https:\/\/www.cinesouk.ma\/product\/headamp6-pro\/"]}]},{"@type":"ImageObject","inLanguage":"fr-FR","@id":"https:\/\/www.cinesouk.ma\/product\/headamp6-pro\/#primaryimage","url":"https:\/\/www.cinesouk.ma\/wp-content\/uploads\/2025\/05\/Head-amp-6-pro.jpg","contentUrl":"https:\/\/www.cinesouk.ma\/wp-content\/uploads\/2025\/05\/Head-amp-6-pro.jpg","width":300,"height":238,"caption":"Head amp 6 pro"},{"@type":"BreadcrumbList","@id":"https:\/\/www.cinesouk.ma\/product\/headamp6-pro\/#breadcrumb","itemListElement":[{"@type":"ListItem","position":1,"name":"Home","item":"https:\/\/www.cinesouk.ma\/"},{"@type":"ListItem","position":2,"name":"Shop","item":"https:\/\/www.cinesouk.ma\/shop\/"},{"@type":"ListItem","position":3,"name":"ART HeadAmp6 Pro (6ch headphone amplifier)"}]},{"@type":"WebSite","@id":"https:\/\/www.cinesouk.ma\/#website","url":"https:\/\/www.cinesouk.ma\/","name":"CineSouk","description":"","publisher":{"@id":"https:\/\/www.cinesouk.ma\/#organization"},"potentialAction":[{"@type":"SearchAction","target":{"@type":"EntryPoint","urlTemplate":"https:\/\/www.cinesouk.ma\/?s={search_term_string}"},"query-input":{"@type":"PropertyValueSpecification","valueRequired":true,"valueName":"search_term_string"}}],"inLanguage":"fr-FR"},{"@type":"Organization","@id":"https:\/\/www.cinesouk.ma\/#organization","name":"CineSouk","url":"https:\/\/www.cinesouk.ma\/","logo":{"@type":"ImageObject","inLanguage":"fr-FR","@id":"https:\/\/www.cinesouk.ma\/#\/schema\/logo\/image\/","url":"https:\/\/www.cinesouk.ma\/wp-content\/uploads\/2024\/01\/CineSouk-logo-v01-alpha-alligned-left.png","contentUrl":"https:\/\/www.cinesouk.ma\/wp-content\/uploads\/2024\/01\/CineSouk-logo-v01-alpha-alligned-left.png","width":3204,"height":889,"caption":"CineSouk"},"image":{"@id":"https:\/\/www.cinesouk.ma\/#\/schema\/logo\/image\/"}}]}},"_links":{"self":[{"href":"https:\/\/www.cinesouk.ma\/fr\/wp-json\/wp\/v2\/product\/13080","targetHints":{"allow":["GET"]}}],"collection":[{"href":"https:\/\/www.cinesouk.ma\/fr\/wp-json\/wp\/v2\/product"}],"about":[{"href":"https:\/\/www.cinesouk.ma\/fr\/wp-json\/wp\/v2\/types\/product"}],"wp:featuredmedia":[{"embeddable":true,"href":"https:\/\/www.cinesouk.ma\/fr\/wp-json\/wp\/v2\/media\/13091"}],"wp:attachment":[{"href":"https:\/\/www.cinesouk.ma\/fr\/wp-json\/wp\/v2\/media?parent=13080"}],"wp:term":[{"taxonomy":"product_brand","embeddable":true,"href":"https:\/\/www.cinesouk.ma\/fr\/wp-json\/wp\/v2\/product_brand?post=13080"},{"taxonomy":"product_cat","embeddable":true,"href":"https:\/\/www.cinesouk.ma\/fr\/wp-json\/wp\/v2\/product_cat?post=13080"},{"taxonomy":"product_tag","embeddable":true,"href":"https:\/\/www.cinesouk.ma\/fr\/wp-json\/wp\/v2\/product_tag?post=13080"}],"curies":[{"name":"wp","href":"https:\/\/api.w.org\/{rel}","templated":true}]}}