{"id":13104,"date":"2025-05-07T15:26:44","date_gmt":"2025-05-07T15:26:44","guid":{"rendered":"https:\/\/www.cinesouk.ma\/?post_type=product&#038;p=13104"},"modified":"2025-05-15T21:32:59","modified_gmt":"2025-05-15T21:32:59","slug":"mackie-cr1604-vlz","status":"publish","type":"product","link":"https:\/\/www.cinesouk.ma\/fr\/produit\/mackie-cr1604-vlz\/","title":{"rendered":"Mackie CR1604-VLZ"},"content":{"rendered":"<p class=\"\" data-start=\"174\" data-end=\"604\">La Mackie CR1604-VLZ est une table de mixage analogique compacte \u00e0 16 canaux qui s'est impos\u00e9e en studio et sur sc\u00e8ne gr\u00e2ce \u00e0 sa conception robuste, son chemin de signal propre et ses performances \u00e0 tr\u00e8s faible bruit. Con\u00e7ue pour les professionnels de l'audio et les passionn\u00e9s, elle dispose de 16 entr\u00e9es micro\/ligne \u00e0 haut rendement, chacune \u00e9quip\u00e9e des pr\u00e9amplis micro VLZ (Very Low Impedance) de Mackie, offrant une qualit\u00e9 sonore irr\u00e9prochable et des performances constantes.<\/p>\n<p class=\"\" data-start=\"606\" data-end=\"1011\">La table de mixage comprend quatre sorties de bus, six d\u00e9parts auxiliaires et des options de routage intuitives, ce qui la rend suffisamment polyvalente pour une large gamme d'applications, de l'enregistrement multipiste et des installations de podcasting aux \u00e9v\u00e9nements en direct et aux r\u00e9p\u00e9titions. Chaque canal dispose d'un \u00e9galiseur 3 bandes, de points d'insertion et de connexions sym\u00e9triques\/asym\u00e9triques, le tout dans un ch\u00e2ssis m\u00e9tallique durable pouvant \u00eatre mont\u00e9 en rack pour les installations permanentes.<\/p>\n<h3 class=\"\" data-start=\"1018\" data-end=\"1039\"><strong data-start=\"1022\" data-end=\"1039\">Caract\u00e9ristiques principales :<\/strong><\/h3>\n<ul data-start=\"1041\" data-end=\"1614\">\n<li class=\"\" data-start=\"1041\" data-end=\"1114\">\n<p class=\"\" data-start=\"1043\" data-end=\"1114\"><strong data-start=\"1043\" data-end=\"1064\">16 canaux d'entr\u00e9e<\/strong>: Chacun avec pr\u00e9amplificateurs de micro VLZ et entr\u00e9e de niveau ligne<\/p>\n<\/li>\n<li class=\"\" data-start=\"1115\" data-end=\"1182\">\n<p class=\"\" data-start=\"1117\" data-end=\"1182\"><strong data-start=\"1117\" data-end=\"1139\">Architecture \u00e0 4 bus<\/strong>: Offre un routage et des sous-groupes flexibles<\/p>\n<\/li>\n<li class=\"\" data-start=\"1183\" data-end=\"1251\">\n<p class=\"\" data-start=\"1185\" data-end=\"1251\"><strong data-start=\"1185\" data-end=\"1212\">6 d\u00e9parts auxiliaires par canal<\/strong>: Id\u00e9al pour les effets et les mixages de contr\u00f4le<\/p>\n<\/li>\n<li class=\"\" data-start=\"1252\" data-end=\"1326\">\n<p class=\"\" data-start=\"1254\" data-end=\"1326\"><strong data-start=\"1254\" data-end=\"1279\">Egaliseur 3 bandes par canal<\/strong>: Avec des graves et des aigus fixes, et des m\u00e9diums r\u00e9glables.<\/p>\n<\/li>\n<li class=\"\" data-start=\"1327\" data-end=\"1401\">\n<p class=\"\" data-start=\"1329\" data-end=\"1401\"><strong data-start=\"1329\" data-end=\"1356\">Insertions sur toutes les cha\u00eenes<\/strong>: Permet l'int\u00e9gration de processeurs externes<\/p>\n<\/li>\n<li class=\"\" data-start=\"1402\" data-end=\"1466\">\n<p class=\"\" data-start=\"1404\" data-end=\"1466\"><strong data-start=\"1404\" data-end=\"1435\">Salle de contr\u00f4le et sorties principales<\/strong>: Avec contr\u00f4le de niveau s\u00e9par\u00e9<\/p>\n<\/li>\n<li class=\"\" data-start=\"1467\" data-end=\"1539\">\n<p class=\"\" data-start=\"1469\" data-end=\"1539\"><strong data-start=\"1469\" data-end=\"1503\">Conception compacte, montable en rack<\/strong>: Con\u00e7u pour les tourn\u00e9es et les studios<\/p>\n<\/li>\n<li class=\"\" data-start=\"1540\" data-end=\"1614\">\n<p class=\"\" data-start=\"1542\" data-end=\"1614\"><strong data-start=\"1542\" data-end=\"1571\">Fonctionnement \u00e0 tr\u00e8s faible bruit<\/strong>: Rapport signal\/bruit et marge de man\u0153uvre \u00e9lev\u00e9s<\/p>\n<\/li>\n<\/ul>\n<h3 class=\"\" data-start=\"1621\" data-end=\"1644\"><strong data-start=\"1625\" data-end=\"1644\">Sp\u00e9cifications :<\/strong><\/h3>\n<ul data-start=\"1646\" data-end=\"1952\">\n<li class=\"\" data-start=\"1646\" data-end=\"1680\">\n<p class=\"\" data-start=\"1648\" data-end=\"1680\"><strong data-start=\"1648\" data-end=\"1666\">Pr\u00e9ampli micro EIN<\/strong>: -129,5 dBu<\/p>\n<\/li>\n<li class=\"\" data-start=\"1681\" data-end=\"1708\">\n<p class=\"\" data-start=\"1683\" data-end=\"1708\"><strong data-start=\"1683\" data-end=\"1699\">Gain maximal<\/strong>: 60 dB<\/p>\n<\/li>\n<li class=\"\" data-start=\"1709\" data-end=\"1736\">\n<p class=\"\" data-start=\"1711\" data-end=\"1736\"><strong data-start=\"1711\" data-end=\"1728\">Alimentation fant\u00f4me<\/strong>: +48V<\/p>\n<\/li>\n<li class=\"\" data-start=\"1737\" data-end=\"1785\">\n<p class=\"\" data-start=\"1739\" data-end=\"1785\"><strong data-start=\"1739\" data-end=\"1761\">R\u00e9ponse en fr\u00e9quence<\/strong>20 Hz - 20 kHz \u00b11 dB<\/p>\n<\/li>\n<li class=\"\" data-start=\"1786\" data-end=\"1809\">\n<p class=\"\" data-start=\"1788\" data-end=\"1809\"><strong data-start=\"1788\" data-end=\"1797\">THD+N<\/strong>: &lt; 0,005%<\/p>\n<\/li>\n<li class=\"\" data-start=\"1810\" data-end=\"1860\">\n<p class=\"\" data-start=\"1812\" data-end=\"1860\"><strong data-start=\"1812\" data-end=\"1825\">Aux Sends<\/strong>Nombre de canaux : 6 au total (4 mono, 1 paire st\u00e9r\u00e9o)<\/p>\n<\/li>\n<li class=\"\" data-start=\"1861\" data-end=\"1921\">\n<p class=\"\" data-start=\"1863\" data-end=\"1921\"><strong data-start=\"1863\" data-end=\"1877\">Dimensions<\/strong>: 17,5\u2033 x 16,5\u2033 x 3,5\u2033 (sans oreilles de rack)<\/p>\n<\/li>\n<li class=\"\" data-start=\"1922\" data-end=\"1952\">\n<p class=\"\" data-start=\"1924\" data-end=\"1952\"><strong data-start=\"1924\" data-end=\"1934\">Poids<\/strong>: Environ 5,9 kg<\/p>\n<\/li>\n<\/ul>\n<p class=\"\" data-start=\"1978\" data-end=\"2230\">La Mackie CR1604-VLZ est une table de mixage analogique fiable qui offre des performances audio de qualit\u00e9 professionnelle avec un routage flexible et une disposition conviviale. Sa fiabilit\u00e9 et sa qualit\u00e9 sonore en font un choix classique pour les applications de sonorisation en direct et en studio.<\/p>\n<p>Louez-le maintenant sur <a href=\"https:\/\/www.cinesouk.ma\/fr\">CINESOUK<\/a> - une marque de <a href=\"https:\/\/www.broadway.ma\/\">BROADWAY PRODUCTIONS SARL.<\/a><\/p>","protected":false},"excerpt":{"rendered":"<h3><strong>Sp\u00e9cifications :<\/strong><\/h3>\n<ul>\n<li class=\"\" data-start=\"1646\" data-end=\"1680\">\n<p class=\"\" data-start=\"1648\" data-end=\"1680\"><strong data-start=\"1648\" data-end=\"1666\">Pr\u00e9ampli micro EIN<\/strong>: -129,5 dBu<\/p>\n<\/li>\n<li class=\"\" data-start=\"1681\" data-end=\"1708\">\n<p class=\"\" data-start=\"1683\" data-end=\"1708\"><strong data-start=\"1683\" data-end=\"1699\">Gain maximal<\/strong>: 60 dB<\/p>\n<\/li>\n<li class=\"\" data-start=\"1709\" data-end=\"1736\">\n<p class=\"\" data-start=\"1711\" data-end=\"1736\"><strong data-start=\"1711\" data-end=\"1728\">Alimentation fant\u00f4me<\/strong>: +48V<\/p>\n<\/li>\n<li class=\"\" data-start=\"1737\" data-end=\"1785\">\n<p class=\"\" data-start=\"1739\" data-end=\"1785\"><strong data-start=\"1739\" data-end=\"1761\">R\u00e9ponse en fr\u00e9quence<\/strong>20 Hz - 20 kHz \u00b11 dB<\/p>\n<\/li>\n<li class=\"\" data-start=\"1786\" data-end=\"1809\">\n<p class=\"\" data-start=\"1788\" data-end=\"1809\"><strong data-start=\"1788\" data-end=\"1797\">THD+N<\/strong>: &lt; 0,005%<\/p>\n<\/li>\n<li class=\"\" data-start=\"1810\" data-end=\"1860\">\n<p class=\"\" data-start=\"1812\" data-end=\"1860\"><strong data-start=\"1812\" data-end=\"1825\">Aux Sends<\/strong>Nombre de canaux : 6 au total (4 mono, 1 paire st\u00e9r\u00e9o)<\/p>\n<\/li>\n<li class=\"\" data-start=\"1861\" data-end=\"1921\">\n<p class=\"\" data-start=\"1863\" data-end=\"1921\"><strong data-start=\"1863\" data-end=\"1877\">Dimensions<\/strong>: 17,5\u2033 x 16,5\u2033 x 3,5\u2033 (sans oreilles de rack)<\/p>\n<\/li>\n<li class=\"\" data-start=\"1922\" data-end=\"1952\">\n<p class=\"\" data-start=\"1924\" data-end=\"1952\"><strong data-start=\"1924\" data-end=\"1934\">Poids<\/strong>: Environ 5,9 kg<\/p>\n<\/li>\n<\/ul>","protected":false},"featured_media":13115,"template":"","meta":{"om_disable_all_campaigns":false,"_monsterinsights_skip_tracking":false,"_monsterinsights_sitenote_active":false,"_monsterinsights_sitenote_note":"","_monsterinsights_sitenote_category":0,"_uf_show_specific_survey":0,"_uf_disable_surveys":false},"product_brand":[],"product_cat":[95,92,35],"product_tag":[],"class_list":{"0":"post-13104","1":"product","2":"type-product","3":"status-publish","4":"has-post-thumbnail","6":"product_cat-mixing-consoles-eventsouk","7":"product_cat-pa-systems-eventsouk","8":"product_cat-sound-cinesouk","10":"entry","11":"has-media","13":"first","14":"instock","15":"taxable","16":"shipping-taxable","17":"purchasable","18":"product-type-variable","19":"has-product-nav","20":"col","21":"span_1_of_3","22":"owp-content-center","23":"owp-thumbs-layout-horizontal","24":"owp-btn-normal","25":"owp-tabs-layout-horizontal","26":"has-no-thumbnails"},"yoast_head":"<!-- This site is optimized with the Yoast SEO Premium plugin v26.0 (Yoast SEO v26.0) - https:\/\/yoast.com\/wordpress\/plugins\/seo\/ -->\n<title>Mackie CR1604-VLZ - CineSouk - For rent<\/title>\n<meta name=\"description\" content=\"Mackie CR1604-VLZ is a 16-channel analog mixer with VLZ mic preamps, 4-bus routing, and 6 aux sends\u2014ideal for professional studio and live sound setups.\" \/>\n<meta name=\"robots\" content=\"index, follow, max-snippet:-1, max-image-preview:large, max-video-preview:-1\" \/>\n<link rel=\"canonical\" href=\"https:\/\/www.cinesouk.ma\/fr\/produit\/mackie-cr1604-vlz\/\" \/>\n<meta property=\"og:locale\" content=\"fr_FR\" \/>\n<meta property=\"og:type\" content=\"article\" \/>\n<meta property=\"og:title\" content=\"Mackie CR1604-VLZ\" \/>\n<meta property=\"og:description\" content=\"Mackie CR1604-VLZ is a 16-channel analog mixer with VLZ mic preamps, 4-bus routing, and 6 aux sends\u2014ideal for professional studio and live sound setups.\" \/>\n<meta property=\"og:url\" content=\"https:\/\/www.cinesouk.ma\/fr\/produit\/mackie-cr1604-vlz\/\" \/>\n<meta property=\"og:site_name\" content=\"CineSouk\" \/>\n<meta property=\"article:modified_time\" content=\"2025-05-15T21:32:59+00:00\" \/>\n<meta property=\"og:image\" content=\"https:\/\/www.cinesouk.ma\/wp-content\/uploads\/2025\/05\/mackie-CR1604-VLZ.jpg\" \/>\n\t<meta property=\"og:image:width\" content=\"300\" \/>\n\t<meta property=\"og:image:height\" content=\"238\" \/>\n\t<meta property=\"og:image:type\" content=\"image\/jpeg\" \/>\n<meta name=\"twitter:card\" content=\"summary_large_image\" \/>\n<meta name=\"twitter:description\" content=\"Mackie CR1604-VLZ is a 16-channel analog mixer with VLZ mic preamps, 4-bus routing, and 6 aux sends\u2014ideal for professional studio and live sound setups.\" \/>\n<meta name=\"twitter:label1\" content=\"Dur\u00e9e de lecture estim\u00e9e\" \/>\n\t<meta name=\"twitter:data1\" content=\"2 minutes\" \/>\n<script type=\"application\/ld+json\" class=\"yoast-schema-graph\">{\"@context\":\"https:\/\/schema.org\",\"@graph\":[{\"@type\":\"WebPage\",\"@id\":\"https:\/\/www.cinesouk.ma\/product\/mackie-cr1604-vlz\/\",\"url\":\"https:\/\/www.cinesouk.ma\/product\/mackie-cr1604-vlz\/\",\"name\":\"Mackie CR1604-VLZ - CineSouk - For rent\",\"isPartOf\":{\"@id\":\"https:\/\/www.cinesouk.ma\/#website\"},\"primaryImageOfPage\":{\"@id\":\"https:\/\/www.cinesouk.ma\/product\/mackie-cr1604-vlz\/#primaryimage\"},\"image\":{\"@id\":\"https:\/\/www.cinesouk.ma\/product\/mackie-cr1604-vlz\/#primaryimage\"},\"thumbnailUrl\":\"https:\/\/www.cinesouk.ma\/wp-content\/uploads\/2025\/05\/mackie-CR1604-VLZ.jpg\",\"datePublished\":\"2025-05-07T15:26:44+00:00\",\"dateModified\":\"2025-05-15T21:32:59+00:00\",\"description\":\"Mackie CR1604-VLZ is a 16-channel analog mixer with VLZ mic preamps, 4-bus routing, and 6 aux sends\u2014ideal for professional studio and live sound setups.\",\"breadcrumb\":{\"@id\":\"https:\/\/www.cinesouk.ma\/product\/mackie-cr1604-vlz\/#breadcrumb\"},\"inLanguage\":\"fr-FR\",\"potentialAction\":[{\"@type\":\"ReadAction\",\"target\":[\"https:\/\/www.cinesouk.ma\/product\/mackie-cr1604-vlz\/\"]}]},{\"@type\":\"ImageObject\",\"inLanguage\":\"fr-FR\",\"@id\":\"https:\/\/www.cinesouk.ma\/product\/mackie-cr1604-vlz\/#primaryimage\",\"url\":\"https:\/\/www.cinesouk.ma\/wp-content\/uploads\/2025\/05\/mackie-CR1604-VLZ.jpg\",\"contentUrl\":\"https:\/\/www.cinesouk.ma\/wp-content\/uploads\/2025\/05\/mackie-CR1604-VLZ.jpg\",\"width\":300,\"height\":238,\"caption\":\"Mackie CR1604-VLZ\"},{\"@type\":\"BreadcrumbList\",\"@id\":\"https:\/\/www.cinesouk.ma\/product\/mackie-cr1604-vlz\/#breadcrumb\",\"itemListElement\":[{\"@type\":\"ListItem\",\"position\":1,\"name\":\"Home\",\"item\":\"https:\/\/www.cinesouk.ma\/\"},{\"@type\":\"ListItem\",\"position\":2,\"name\":\"Shop\",\"item\":\"https:\/\/www.cinesouk.ma\/shop\/\"},{\"@type\":\"ListItem\",\"position\":3,\"name\":\"Mackie CR1604-VLZ\"}]},{\"@type\":\"WebSite\",\"@id\":\"https:\/\/www.cinesouk.ma\/#website\",\"url\":\"https:\/\/www.cinesouk.ma\/\",\"name\":\"CineSouk\",\"description\":\"\",\"publisher\":{\"@id\":\"https:\/\/www.cinesouk.ma\/#organization\"},\"potentialAction\":[{\"@type\":\"SearchAction\",\"target\":{\"@type\":\"EntryPoint\",\"urlTemplate\":\"https:\/\/www.cinesouk.ma\/?s={search_term_string}\"},\"query-input\":{\"@type\":\"PropertyValueSpecification\",\"valueRequired\":true,\"valueName\":\"search_term_string\"}}],\"inLanguage\":\"fr-FR\"},{\"@type\":\"Organization\",\"@id\":\"https:\/\/www.cinesouk.ma\/#organization\",\"name\":\"CineSouk\",\"url\":\"https:\/\/www.cinesouk.ma\/\",\"logo\":{\"@type\":\"ImageObject\",\"inLanguage\":\"fr-FR\",\"@id\":\"https:\/\/www.cinesouk.ma\/#\/schema\/logo\/image\/\",\"url\":\"https:\/\/www.cinesouk.ma\/wp-content\/uploads\/2024\/01\/CineSouk-logo-v01-alpha-alligned-left.png\",\"contentUrl\":\"https:\/\/www.cinesouk.ma\/wp-content\/uploads\/2024\/01\/CineSouk-logo-v01-alpha-alligned-left.png\",\"width\":3204,\"height\":889,\"caption\":\"CineSouk\"},\"image\":{\"@id\":\"https:\/\/www.cinesouk.ma\/#\/schema\/logo\/image\/\"}}]}<\/script>\n<!-- \/ Yoast SEO Premium plugin. -->","yoast_head_json":{"title":"Mackie CR1604-VLZ - CineSouk - For rent","description":"Mackie CR1604-VLZ is a 16-channel analog mixer with VLZ mic preamps, 4-bus routing, and 6 aux sends\u2014ideal for professional studio and live sound setups.","robots":{"index":"index","follow":"follow","max-snippet":"max-snippet:-1","max-image-preview":"max-image-preview:large","max-video-preview":"max-video-preview:-1"},"canonical":"https:\/\/www.cinesouk.ma\/fr\/produit\/mackie-cr1604-vlz\/","og_locale":"fr_FR","og_type":"article","og_title":"Mackie CR1604-VLZ","og_description":"Mackie CR1604-VLZ is a 16-channel analog mixer with VLZ mic preamps, 4-bus routing, and 6 aux sends\u2014ideal for professional studio and live sound setups.","og_url":"https:\/\/www.cinesouk.ma\/fr\/produit\/mackie-cr1604-vlz\/","og_site_name":"CineSouk","article_modified_time":"2025-05-15T21:32:59+00:00","og_image":[{"width":300,"height":238,"url":"https:\/\/www.cinesouk.ma\/wp-content\/uploads\/2025\/05\/mackie-CR1604-VLZ.jpg","type":"image\/jpeg"}],"twitter_card":"summary_large_image","twitter_description":"Mackie CR1604-VLZ is a 16-channel analog mixer with VLZ mic preamps, 4-bus routing, and 6 aux sends\u2014ideal for professional studio and live sound setups.","twitter_misc":{"Dur\u00e9e de lecture estim\u00e9e":"2 minutes"},"schema":{"@context":"https:\/\/schema.org","@graph":[{"@type":"WebPage","@id":"https:\/\/www.cinesouk.ma\/product\/mackie-cr1604-vlz\/","url":"https:\/\/www.cinesouk.ma\/product\/mackie-cr1604-vlz\/","name":"Mackie CR1604-VLZ - CineSouk - For rent","isPartOf":{"@id":"https:\/\/www.cinesouk.ma\/#website"},"primaryImageOfPage":{"@id":"https:\/\/www.cinesouk.ma\/product\/mackie-cr1604-vlz\/#primaryimage"},"image":{"@id":"https:\/\/www.cinesouk.ma\/product\/mackie-cr1604-vlz\/#primaryimage"},"thumbnailUrl":"https:\/\/www.cinesouk.ma\/wp-content\/uploads\/2025\/05\/mackie-CR1604-VLZ.jpg","datePublished":"2025-05-07T15:26:44+00:00","dateModified":"2025-05-15T21:32:59+00:00","description":"Mackie CR1604-VLZ is a 16-channel analog mixer with VLZ mic preamps, 4-bus routing, and 6 aux sends\u2014ideal for professional studio and live sound setups.","breadcrumb":{"@id":"https:\/\/www.cinesouk.ma\/product\/mackie-cr1604-vlz\/#breadcrumb"},"inLanguage":"fr-FR","potentialAction":[{"@type":"ReadAction","target":["https:\/\/www.cinesouk.ma\/product\/mackie-cr1604-vlz\/"]}]},{"@type":"ImageObject","inLanguage":"fr-FR","@id":"https:\/\/www.cinesouk.ma\/product\/mackie-cr1604-vlz\/#primaryimage","url":"https:\/\/www.cinesouk.ma\/wp-content\/uploads\/2025\/05\/mackie-CR1604-VLZ.jpg","contentUrl":"https:\/\/www.cinesouk.ma\/wp-content\/uploads\/2025\/05\/mackie-CR1604-VLZ.jpg","width":300,"height":238,"caption":"Mackie CR1604-VLZ"},{"@type":"BreadcrumbList","@id":"https:\/\/www.cinesouk.ma\/product\/mackie-cr1604-vlz\/#breadcrumb","itemListElement":[{"@type":"ListItem","position":1,"name":"Home","item":"https:\/\/www.cinesouk.ma\/"},{"@type":"ListItem","position":2,"name":"Shop","item":"https:\/\/www.cinesouk.ma\/shop\/"},{"@type":"ListItem","position":3,"name":"Mackie CR1604-VLZ"}]},{"@type":"WebSite","@id":"https:\/\/www.cinesouk.ma\/#website","url":"https:\/\/www.cinesouk.ma\/","name":"CineSouk","description":"","publisher":{"@id":"https:\/\/www.cinesouk.ma\/#organization"},"potentialAction":[{"@type":"SearchAction","target":{"@type":"EntryPoint","urlTemplate":"https:\/\/www.cinesouk.ma\/?s={search_term_string}"},"query-input":{"@type":"PropertyValueSpecification","valueRequired":true,"valueName":"search_term_string"}}],"inLanguage":"fr-FR"},{"@type":"Organization","@id":"https:\/\/www.cinesouk.ma\/#organization","name":"CineSouk","url":"https:\/\/www.cinesouk.ma\/","logo":{"@type":"ImageObject","inLanguage":"fr-FR","@id":"https:\/\/www.cinesouk.ma\/#\/schema\/logo\/image\/","url":"https:\/\/www.cinesouk.ma\/wp-content\/uploads\/2024\/01\/CineSouk-logo-v01-alpha-alligned-left.png","contentUrl":"https:\/\/www.cinesouk.ma\/wp-content\/uploads\/2024\/01\/CineSouk-logo-v01-alpha-alligned-left.png","width":3204,"height":889,"caption":"CineSouk"},"image":{"@id":"https:\/\/www.cinesouk.ma\/#\/schema\/logo\/image\/"}}]}},"_links":{"self":[{"href":"https:\/\/www.cinesouk.ma\/fr\/wp-json\/wp\/v2\/product\/13104","targetHints":{"allow":["GET"]}}],"collection":[{"href":"https:\/\/www.cinesouk.ma\/fr\/wp-json\/wp\/v2\/product"}],"about":[{"href":"https:\/\/www.cinesouk.ma\/fr\/wp-json\/wp\/v2\/types\/product"}],"wp:featuredmedia":[{"embeddable":true,"href":"https:\/\/www.cinesouk.ma\/fr\/wp-json\/wp\/v2\/media\/13115"}],"wp:attachment":[{"href":"https:\/\/www.cinesouk.ma\/fr\/wp-json\/wp\/v2\/media?parent=13104"}],"wp:term":[{"taxonomy":"product_brand","embeddable":true,"href":"https:\/\/www.cinesouk.ma\/fr\/wp-json\/wp\/v2\/product_brand?post=13104"},{"taxonomy":"product_cat","embeddable":true,"href":"https:\/\/www.cinesouk.ma\/fr\/wp-json\/wp\/v2\/product_cat?post=13104"},{"taxonomy":"product_tag","embeddable":true,"href":"https:\/\/www.cinesouk.ma\/fr\/wp-json\/wp\/v2\/product_tag?post=13104"}],"curies":[{"name":"wp","href":"https:\/\/api.w.org\/{rel}","templated":true}]}}