{"id":13128,"date":"2025-01-08T15:47:06","date_gmt":"2025-01-08T15:47:06","guid":{"rendered":"https:\/\/www.cinesouk.ma\/?post_type=product&#038;p=13128"},"modified":"2025-08-19T10:30:12","modified_gmt":"2025-08-19T10:30:12","slug":"bgv-c1-10kg-cable","status":"publish","type":"product","link":"https:\/\/www.cinesouk.ma\/fr\/produit\/bgv-c1-10kg-cable\/","title":{"rendered":"BGV C1 10kg c\u00e2ble"},"content":{"rendered":"<p data-start=\"172\" data-end=\"509\">Le c\u00e2ble de s\u00e9curit\u00e9 BGV C1 de 10 kg est un c\u00e2ble en acier l\u00e9ger et tr\u00e8s r\u00e9sistant utilis\u00e9 comme dispositif de s\u00e9curit\u00e9 secondaire pour fixer de petits appareils d'\u00e9clairage, des haut-parleurs ou d'autres \u00e9quipements mont\u00e9s en hauteur. Con\u00e7u pour \u00eatre conforme \u00e0 la norme de s\u00e9curit\u00e9 allemande BGV C1, il offre un support de secours fiable en cas de d\u00e9faillance de la fixation primaire.<\/p>\n<p data-start=\"511\" data-end=\"659\">Ce c\u00e2ble est id\u00e9al pour une utilisation dans les th\u00e9\u00e2tres, les studios, les sc\u00e8nes et les installations o\u00f9 la conformit\u00e9 \u00e0 la s\u00e9curit\u00e9 et les normes professionnelles de montage sont requises.<\/p>\n<h3 data-start=\"666\" data-end=\"682\">Caract\u00e9ristiques principales<\/h3>\n<ul data-start=\"684\" data-end=\"1190\">\n<li data-start=\"684\" data-end=\"778\">\n<p data-start=\"686\" data-end=\"778\"><strong data-start=\"686\" data-end=\"719\">Certifi\u00e9 selon les normes BGV C1<\/strong>Le syst\u00e8me d'alerte de l'utilisateur permet d'assurer une utilisation s\u00fbre dans les applications a\u00e9riennes professionnelles.<\/p>\n<\/li>\n<li data-start=\"779\" data-end=\"828\">\n<p data-start=\"781\" data-end=\"828\"><strong data-start=\"781\" data-end=\"805\">Supporte jusqu'\u00e0 10 kg<\/strong> de la charge de travail s\u00fbre<\/p>\n<\/li>\n<li data-start=\"829\" data-end=\"911\">\n<p data-start=\"831\" data-end=\"911\"><strong data-start=\"831\" data-end=\"866\">Fabriqu\u00e9 en fil d'acier galvanis\u00e9<\/strong>La r\u00e9sistance \u00e0 l'usure et la solidit\u00e9 de l'acier sont assur\u00e9es<\/p>\n<\/li>\n<li data-start=\"912\" data-end=\"974\">\n<p data-start=\"914\" data-end=\"974\"><strong data-start=\"914\" data-end=\"950\">Extr\u00e9mit\u00e9s boucl\u00e9es avec manchons sertis<\/strong> pour une fixation s\u00fbre<\/p>\n<\/li>\n<li data-start=\"975\" data-end=\"1048\">\n<p data-start=\"977\" data-end=\"1048\"><strong data-start=\"977\" data-end=\"1013\">Mousqueton ou maillon rapide en option<\/strong> inclus, selon le mod\u00e8le<\/p>\n<\/li>\n<li data-start=\"1049\" data-end=\"1126\">\n<p data-start=\"1051\" data-end=\"1126\"><strong data-start=\"1051\" data-end=\"1082\">Compact et facile \u00e0 installer<\/strong>Id\u00e9al pour les petits \u00e9clairages et le mat\u00e9riel audiovisuel<\/p>\n<\/li>\n<li data-start=\"1127\" data-end=\"1190\">\n<p data-start=\"1129\" data-end=\"1190\"><strong data-start=\"1129\" data-end=\"1163\">Disponible en diff\u00e9rentes longueurs<\/strong>g\u00e9n\u00e9ralement de 60 cm \u00e0 100 cm<\/p>\n<\/li>\n<\/ul>\n<h3 data-start=\"1197\" data-end=\"1215\">Sp\u00e9cifications<\/h3>\n<ul data-start=\"1217\" data-end=\"1612\">\n<li data-start=\"1217\" data-end=\"1246\">\n<p data-start=\"1219\" data-end=\"1246\"><strong data-start=\"1219\" data-end=\"1236\">Certification<\/strong>: BGV C1<\/p>\n<\/li>\n<li data-start=\"1247\" data-end=\"1279\">\n<p data-start=\"1249\" data-end=\"1279\"><strong data-start=\"1249\" data-end=\"1270\">Charge de travail s\u00fbre<\/strong>: 10 kg<\/p>\n<\/li>\n<li data-start=\"1280\" data-end=\"1320\">\n<p data-start=\"1282\" data-end=\"1320\"><strong data-start=\"1282\" data-end=\"1300\">Mat\u00e9riau du c\u00e2ble<\/strong>: Acier galvanis\u00e9<\/p>\n<\/li>\n<li data-start=\"1321\" data-end=\"1357\">\n<p data-start=\"1323\" data-end=\"1357\"><strong data-start=\"1323\" data-end=\"1341\">Diam\u00e8tre du c\u00e2ble<\/strong>: G\u00e9n\u00e9ralement 3 mm<\/p>\n<\/li>\n<li data-start=\"1358\" data-end=\"1417\">\n<p data-start=\"1360\" data-end=\"1417\"><strong data-start=\"1360\" data-end=\"1370\">Longueur<\/strong>: Les options courantes sont 60 cm, 80 cm et 100 cm.<\/p>\n<\/li>\n<li data-start=\"1418\" data-end=\"1486\">\n<p data-start=\"1420\" data-end=\"1486\"><strong data-start=\"1420\" data-end=\"1436\">Raccords d'extr\u00e9mit\u00e9<\/strong>: Boucles avec manchons sertis, mousqueton en option<\/p>\n<\/li>\n<li data-start=\"1487\" data-end=\"1539\">\n<p data-start=\"1489\" data-end=\"1539\"><strong data-start=\"1489\" data-end=\"1499\">Finition<\/strong>: Rev\u00eatement PVC noir ou galvanisation simple<\/p>\n<\/li>\n<li data-start=\"1540\" data-end=\"1612\">\n<p data-start=\"1542\" data-end=\"1612\"><strong data-start=\"1542\" data-end=\"1557\">Application<\/strong>: S\u00e9curit\u00e9 secondaire pour les \u00e9quipements a\u00e9riens l\u00e9gers<\/p>\n<\/li>\n<\/ul>\n<p data-start=\"1633\" data-end=\"1857\">Le c\u00e2ble BGV C1 10kg est une solution de s\u00e9curit\u00e9 fiable pour les petits appareils et installations. Sa conformit\u00e9 aux normes de s\u00e9curit\u00e9 professionnelles en fait un choix fiable pour s\u00e9curiser le mat\u00e9riel dans les environnements de divertissement et d'\u00e9v\u00e9nements.<\/p>\n<p>Louez-le maintenant sur <a href=\"https:\/\/www.cinesouk.ma\/fr\">CINESOUK<\/a> - une marque de <a href=\"https:\/\/www.broadway.ma\/\">BROADWAY PRODUCTIONS SARL.<\/a><\/p>","protected":false},"excerpt":{"rendered":"<h3><strong>Sp\u00e9cifications :<\/strong><\/h3>\n<ul>\n<li data-start=\"1217\" data-end=\"1246\">\n<p data-start=\"1219\" data-end=\"1246\"><strong data-start=\"1219\" data-end=\"1236\">Certification<\/strong>: BGV C1<\/p>\n<\/li>\n<li data-start=\"1247\" data-end=\"1279\">\n<p data-start=\"1249\" data-end=\"1279\"><strong data-start=\"1249\" data-end=\"1270\">Charge de travail s\u00fbre<\/strong>: 10 kg<\/p>\n<\/li>\n<li data-start=\"1280\" data-end=\"1320\">\n<p data-start=\"1282\" data-end=\"1320\"><strong data-start=\"1282\" data-end=\"1300\">Mat\u00e9riau du c\u00e2ble<\/strong>: Acier galvanis\u00e9<\/p>\n<\/li>\n<li data-start=\"1321\" data-end=\"1357\">\n<p data-start=\"1323\" data-end=\"1357\"><strong data-start=\"1323\" data-end=\"1341\">Diam\u00e8tre du c\u00e2ble<\/strong>: G\u00e9n\u00e9ralement 3 mm<\/p>\n<\/li>\n<li data-start=\"1358\" data-end=\"1417\">\n<p data-start=\"1360\" data-end=\"1417\"><strong data-start=\"1360\" data-end=\"1370\">Longueur<\/strong>: Les options courantes sont 60 cm, 80 cm et 100 cm.<\/p>\n<\/li>\n<li data-start=\"1418\" data-end=\"1486\">\n<p data-start=\"1420\" data-end=\"1486\"><strong data-start=\"1420\" data-end=\"1436\">Raccords d'extr\u00e9mit\u00e9<\/strong>: Boucles avec manchons sertis, mousqueton en option<\/p>\n<\/li>\n<li data-start=\"1487\" data-end=\"1539\">\n<p data-start=\"1489\" data-end=\"1539\"><strong data-start=\"1489\" data-end=\"1499\">Finition<\/strong>: Rev\u00eatement PVC noir ou galvanisation simple<\/p>\n<\/li>\n<li data-start=\"1540\" data-end=\"1612\">\n<p data-start=\"1542\" data-end=\"1612\"><strong data-start=\"1542\" data-end=\"1557\">Application<\/strong>: S\u00e9curit\u00e9 secondaire pour les \u00e9quipements a\u00e9riens l\u00e9gers<\/p>\n<\/li>\n<\/ul>","protected":false},"featured_media":13139,"template":"","meta":{"om_disable_all_campaigns":false,"_monsterinsights_skip_tracking":false,"_monsterinsights_sitenote_active":false,"_monsterinsights_sitenote_note":"","_monsterinsights_sitenote_category":0,"_uf_show_specific_survey":0,"_uf_disable_surveys":false},"product_brand":[],"product_cat":[37,38,108,75],"product_tag":[],"class_list":{"0":"post-13128","1":"product","2":"type-product","3":"status-publish","4":"has-post-thumbnail","6":"product_cat-accessories-cinesouk","7":"product_cat-grip-cinesouk","8":"product_cat-stand-and-rigging-eventsouk","9":"product_cat-tripod-and-support-cinesouk","11":"entry","12":"has-media","14":"first","15":"instock","16":"taxable","17":"shipping-taxable","18":"purchasable","19":"product-type-variable","20":"has-product-nav","21":"col","22":"span_1_of_3","23":"owp-content-center","24":"owp-thumbs-layout-horizontal","25":"owp-btn-normal","26":"owp-tabs-layout-horizontal","27":"has-no-thumbnails"},"yoast_head":"<!-- This site is optimized with the Yoast SEO Premium plugin v26.0 (Yoast SEO v26.0) - https:\/\/yoast.com\/wordpress\/plugins\/seo\/ -->\n<title>SmallRig Camera Screw - CineSouk - For rent<\/title>\n<meta name=\"description\" content=\"BGV C1 10kg safety cable for lighting and AV equipment. Certified backup cable for overhead rigging, ideal for professional stage and event use.\" \/>\n<meta name=\"robots\" content=\"index, follow, max-snippet:-1, max-image-preview:large, max-video-preview:-1\" \/>\n<link rel=\"canonical\" href=\"https:\/\/www.cinesouk.ma\/fr\/produit\/bgv-c1-10kg-cable\/\" \/>\n<meta property=\"og:locale\" content=\"fr_FR\" \/>\n<meta property=\"og:type\" content=\"article\" \/>\n<meta property=\"og:title\" content=\"CineSouk\" \/>\n<meta property=\"og:description\" content=\"BGV C1 10kg safety cable for lighting and AV equipment. Certified backup cable for overhead rigging, ideal for professional stage and event use.\" \/>\n<meta property=\"og:url\" content=\"https:\/\/www.cinesouk.ma\/fr\/produit\/bgv-c1-10kg-cable\/\" \/>\n<meta property=\"og:site_name\" content=\"CineSouk\" \/>\n<meta property=\"article:modified_time\" content=\"2025-08-19T10:30:12+00:00\" \/>\n<meta property=\"og:image\" content=\"https:\/\/www.cinesouk.ma\/wp-content\/uploads\/2025\/05\/BGV-C1-10kg.jpg\" \/>\n\t<meta property=\"og:image:width\" content=\"300\" \/>\n\t<meta property=\"og:image:height\" content=\"238\" \/>\n\t<meta property=\"og:image:type\" content=\"image\/jpeg\" \/>\n<meta name=\"twitter:card\" content=\"summary_large_image\" \/>\n<meta name=\"twitter:title\" content=\"BGV C1 10kg cable\" \/>\n<meta name=\"twitter:description\" content=\"BGV C1 10kg safety cable for lighting and AV equipment. Certified backup cable for overhead rigging, ideal for professional stage and event use.\" \/>\n<meta name=\"twitter:label1\" content=\"Dur\u00e9e de lecture estim\u00e9e\" \/>\n\t<meta name=\"twitter:data1\" content=\"2 minutes\" \/>\n<script type=\"application\/ld+json\" class=\"yoast-schema-graph\">{\"@context\":\"https:\/\/schema.org\",\"@graph\":[{\"@type\":\"WebPage\",\"@id\":\"https:\/\/www.cinesouk.ma\/product\/bgv-c1-10kg-cable\/\",\"url\":\"https:\/\/www.cinesouk.ma\/product\/bgv-c1-10kg-cable\/\",\"name\":\"SmallRig Camera Screw - CineSouk - For rent\",\"isPartOf\":{\"@id\":\"https:\/\/www.cinesouk.ma\/#website\"},\"primaryImageOfPage\":{\"@id\":\"https:\/\/www.cinesouk.ma\/product\/bgv-c1-10kg-cable\/#primaryimage\"},\"image\":{\"@id\":\"https:\/\/www.cinesouk.ma\/product\/bgv-c1-10kg-cable\/#primaryimage\"},\"thumbnailUrl\":\"https:\/\/www.cinesouk.ma\/wp-content\/uploads\/2025\/05\/BGV-C1-10kg.jpg\",\"datePublished\":\"2025-01-08T15:47:06+00:00\",\"dateModified\":\"2025-08-19T10:30:12+00:00\",\"description\":\"BGV C1 10kg safety cable for lighting and AV equipment. Certified backup cable for overhead rigging, ideal for professional stage and event use.\",\"breadcrumb\":{\"@id\":\"https:\/\/www.cinesouk.ma\/product\/bgv-c1-10kg-cable\/#breadcrumb\"},\"inLanguage\":\"fr-FR\",\"potentialAction\":[{\"@type\":\"ReadAction\",\"target\":[\"https:\/\/www.cinesouk.ma\/product\/bgv-c1-10kg-cable\/\"]}]},{\"@type\":\"ImageObject\",\"inLanguage\":\"fr-FR\",\"@id\":\"https:\/\/www.cinesouk.ma\/product\/bgv-c1-10kg-cable\/#primaryimage\",\"url\":\"https:\/\/www.cinesouk.ma\/wp-content\/uploads\/2025\/05\/BGV-C1-10kg.jpg\",\"contentUrl\":\"https:\/\/www.cinesouk.ma\/wp-content\/uploads\/2025\/05\/BGV-C1-10kg.jpg\",\"width\":300,\"height\":238,\"caption\":\"BGV C1 10kg\"},{\"@type\":\"BreadcrumbList\",\"@id\":\"https:\/\/www.cinesouk.ma\/product\/bgv-c1-10kg-cable\/#breadcrumb\",\"itemListElement\":[{\"@type\":\"ListItem\",\"position\":1,\"name\":\"Home\",\"item\":\"https:\/\/www.cinesouk.ma\/\"},{\"@type\":\"ListItem\",\"position\":2,\"name\":\"Shop\",\"item\":\"https:\/\/www.cinesouk.ma\/shop\/\"},{\"@type\":\"ListItem\",\"position\":3,\"name\":\"BGV C1 10kg cable\"}]},{\"@type\":\"WebSite\",\"@id\":\"https:\/\/www.cinesouk.ma\/#website\",\"url\":\"https:\/\/www.cinesouk.ma\/\",\"name\":\"CineSouk\",\"description\":\"\",\"publisher\":{\"@id\":\"https:\/\/www.cinesouk.ma\/#organization\"},\"potentialAction\":[{\"@type\":\"SearchAction\",\"target\":{\"@type\":\"EntryPoint\",\"urlTemplate\":\"https:\/\/www.cinesouk.ma\/?s={search_term_string}\"},\"query-input\":{\"@type\":\"PropertyValueSpecification\",\"valueRequired\":true,\"valueName\":\"search_term_string\"}}],\"inLanguage\":\"fr-FR\"},{\"@type\":\"Organization\",\"@id\":\"https:\/\/www.cinesouk.ma\/#organization\",\"name\":\"CineSouk\",\"url\":\"https:\/\/www.cinesouk.ma\/\",\"logo\":{\"@type\":\"ImageObject\",\"inLanguage\":\"fr-FR\",\"@id\":\"https:\/\/www.cinesouk.ma\/#\/schema\/logo\/image\/\",\"url\":\"https:\/\/www.cinesouk.ma\/wp-content\/uploads\/2024\/01\/CineSouk-logo-v01-alpha-alligned-left.png\",\"contentUrl\":\"https:\/\/www.cinesouk.ma\/wp-content\/uploads\/2024\/01\/CineSouk-logo-v01-alpha-alligned-left.png\",\"width\":3204,\"height\":889,\"caption\":\"CineSouk\"},\"image\":{\"@id\":\"https:\/\/www.cinesouk.ma\/#\/schema\/logo\/image\/\"}}]}<\/script>\n<!-- \/ Yoast SEO Premium plugin. -->","yoast_head_json":{"title":"SmallRig Camera Screw - CineSouk - For rent","description":"BGV C1 10kg safety cable for lighting and AV equipment. Certified backup cable for overhead rigging, ideal for professional stage and event use.","robots":{"index":"index","follow":"follow","max-snippet":"max-snippet:-1","max-image-preview":"max-image-preview:large","max-video-preview":"max-video-preview:-1"},"canonical":"https:\/\/www.cinesouk.ma\/fr\/produit\/bgv-c1-10kg-cable\/","og_locale":"fr_FR","og_type":"article","og_title":"CineSouk","og_description":"BGV C1 10kg safety cable for lighting and AV equipment. Certified backup cable for overhead rigging, ideal for professional stage and event use.","og_url":"https:\/\/www.cinesouk.ma\/fr\/produit\/bgv-c1-10kg-cable\/","og_site_name":"CineSouk","article_modified_time":"2025-08-19T10:30:12+00:00","og_image":[{"width":300,"height":238,"url":"https:\/\/www.cinesouk.ma\/wp-content\/uploads\/2025\/05\/BGV-C1-10kg.jpg","type":"image\/jpeg"}],"twitter_card":"summary_large_image","twitter_title":"BGV C1 10kg cable","twitter_description":"BGV C1 10kg safety cable for lighting and AV equipment. Certified backup cable for overhead rigging, ideal for professional stage and event use.","twitter_misc":{"Dur\u00e9e de lecture estim\u00e9e":"2 minutes"},"schema":{"@context":"https:\/\/schema.org","@graph":[{"@type":"WebPage","@id":"https:\/\/www.cinesouk.ma\/product\/bgv-c1-10kg-cable\/","url":"https:\/\/www.cinesouk.ma\/product\/bgv-c1-10kg-cable\/","name":"SmallRig Camera Screw - CineSouk - For rent","isPartOf":{"@id":"https:\/\/www.cinesouk.ma\/#website"},"primaryImageOfPage":{"@id":"https:\/\/www.cinesouk.ma\/product\/bgv-c1-10kg-cable\/#primaryimage"},"image":{"@id":"https:\/\/www.cinesouk.ma\/product\/bgv-c1-10kg-cable\/#primaryimage"},"thumbnailUrl":"https:\/\/www.cinesouk.ma\/wp-content\/uploads\/2025\/05\/BGV-C1-10kg.jpg","datePublished":"2025-01-08T15:47:06+00:00","dateModified":"2025-08-19T10:30:12+00:00","description":"BGV C1 10kg safety cable for lighting and AV equipment. Certified backup cable for overhead rigging, ideal for professional stage and event use.","breadcrumb":{"@id":"https:\/\/www.cinesouk.ma\/product\/bgv-c1-10kg-cable\/#breadcrumb"},"inLanguage":"fr-FR","potentialAction":[{"@type":"ReadAction","target":["https:\/\/www.cinesouk.ma\/product\/bgv-c1-10kg-cable\/"]}]},{"@type":"ImageObject","inLanguage":"fr-FR","@id":"https:\/\/www.cinesouk.ma\/product\/bgv-c1-10kg-cable\/#primaryimage","url":"https:\/\/www.cinesouk.ma\/wp-content\/uploads\/2025\/05\/BGV-C1-10kg.jpg","contentUrl":"https:\/\/www.cinesouk.ma\/wp-content\/uploads\/2025\/05\/BGV-C1-10kg.jpg","width":300,"height":238,"caption":"BGV C1 10kg"},{"@type":"BreadcrumbList","@id":"https:\/\/www.cinesouk.ma\/product\/bgv-c1-10kg-cable\/#breadcrumb","itemListElement":[{"@type":"ListItem","position":1,"name":"Home","item":"https:\/\/www.cinesouk.ma\/"},{"@type":"ListItem","position":2,"name":"Shop","item":"https:\/\/www.cinesouk.ma\/shop\/"},{"@type":"ListItem","position":3,"name":"BGV C1 10kg cable"}]},{"@type":"WebSite","@id":"https:\/\/www.cinesouk.ma\/#website","url":"https:\/\/www.cinesouk.ma\/","name":"CineSouk","description":"","publisher":{"@id":"https:\/\/www.cinesouk.ma\/#organization"},"potentialAction":[{"@type":"SearchAction","target":{"@type":"EntryPoint","urlTemplate":"https:\/\/www.cinesouk.ma\/?s={search_term_string}"},"query-input":{"@type":"PropertyValueSpecification","valueRequired":true,"valueName":"search_term_string"}}],"inLanguage":"fr-FR"},{"@type":"Organization","@id":"https:\/\/www.cinesouk.ma\/#organization","name":"CineSouk","url":"https:\/\/www.cinesouk.ma\/","logo":{"@type":"ImageObject","inLanguage":"fr-FR","@id":"https:\/\/www.cinesouk.ma\/#\/schema\/logo\/image\/","url":"https:\/\/www.cinesouk.ma\/wp-content\/uploads\/2024\/01\/CineSouk-logo-v01-alpha-alligned-left.png","contentUrl":"https:\/\/www.cinesouk.ma\/wp-content\/uploads\/2024\/01\/CineSouk-logo-v01-alpha-alligned-left.png","width":3204,"height":889,"caption":"CineSouk"},"image":{"@id":"https:\/\/www.cinesouk.ma\/#\/schema\/logo\/image\/"}}]}},"_links":{"self":[{"href":"https:\/\/www.cinesouk.ma\/fr\/wp-json\/wp\/v2\/product\/13128","targetHints":{"allow":["GET"]}}],"collection":[{"href":"https:\/\/www.cinesouk.ma\/fr\/wp-json\/wp\/v2\/product"}],"about":[{"href":"https:\/\/www.cinesouk.ma\/fr\/wp-json\/wp\/v2\/types\/product"}],"wp:featuredmedia":[{"embeddable":true,"href":"https:\/\/www.cinesouk.ma\/fr\/wp-json\/wp\/v2\/media\/13139"}],"wp:attachment":[{"href":"https:\/\/www.cinesouk.ma\/fr\/wp-json\/wp\/v2\/media?parent=13128"}],"wp:term":[{"taxonomy":"product_brand","embeddable":true,"href":"https:\/\/www.cinesouk.ma\/fr\/wp-json\/wp\/v2\/product_brand?post=13128"},{"taxonomy":"product_cat","embeddable":true,"href":"https:\/\/www.cinesouk.ma\/fr\/wp-json\/wp\/v2\/product_cat?post=13128"},{"taxonomy":"product_tag","embeddable":true,"href":"https:\/\/www.cinesouk.ma\/fr\/wp-json\/wp\/v2\/product_tag?post=13128"}],"curies":[{"name":"wp","href":"https:\/\/api.w.org\/{rel}","templated":true}]}}