{"id":13153,"date":"2025-05-09T11:21:19","date_gmt":"2025-05-09T11:21:19","guid":{"rendered":"https:\/\/www.cinesouk.ma\/?post_type=product&#038;p=13153"},"modified":"2025-05-15T21:22:31","modified_gmt":"2025-05-15T21:22:31","slug":"adj-dmx-3-pin-f-to-5-pin-m-ip65","status":"publish","type":"product","link":"https:\/\/www.cinesouk.ma\/fr\/produit\/adj-dmx-3-pin-f-to-5-pin-m-ip65\/","title":{"rendered":"ADJ DMX 3 broches F vers 5 broches M IP65"},"content":{"rendered":"<p class=\"\" data-start=\"253\" data-end=\"626\">L'adaptateur ADJ DMX 3 broches F vers 5 broches M IP65 est un convertisseur de signaux DMX robuste et r\u00e9sistant aux intemp\u00e9ries, con\u00e7u pour les applications d'\u00e9clairage professionnelles. Con\u00e7u pour une utilisation en ext\u00e9rieur et dans des environnements exigeants, cet adaptateur vous permet de connecter des appareils contr\u00f4l\u00e9s par DMX \u00e0 3 broches \u00e0 des \u00e9quipements dot\u00e9s d'entr\u00e9es DMX \u00e0 5 broches, sans compromettre la fiabilit\u00e9 ou l'int\u00e9grit\u00e9 du signal.<\/p>\n<p class=\"\" data-start=\"628\" data-end=\"968\">Que vous travailliez sur un \u00e9v\u00e9nement en plein air, un spectacle itin\u00e9rant ou une installation permanente, le connecteur ADJ DMX 3 broches F vers 5 broches M IP65 assure un transfert stable du signal DMX, m\u00eame sous la pluie, dans la poussi\u00e8re ou dans des environnements tr\u00e8s fr\u00e9quent\u00e9s. Son indice IP65 le prot\u00e8ge de l'humidit\u00e9 et des d\u00e9bris, tandis que les connecteurs scell\u00e9s garantissent une exp\u00e9rience plug-and-play s\u00e9curis\u00e9e.<\/p>\n<h3 class=\"\" data-start=\"975\" data-end=\"991\">Caract\u00e9ristiques principales<\/h3>\n<ul data-start=\"993\" data-end=\"1380\">\n<li class=\"\" data-start=\"993\" data-end=\"1063\">\n<p class=\"\" data-start=\"995\" data-end=\"1063\"><strong data-start=\"995\" data-end=\"1017\">Adaptateur de signal DMX<\/strong>: Convertit le DMX femelle 3 broches en DMX m\u00e2le 5 broches.<\/p>\n<\/li>\n<li class=\"\" data-start=\"1064\" data-end=\"1138\">\n<p class=\"\" data-start=\"1066\" data-end=\"1138\"><strong data-start=\"1066\" data-end=\"1080\">Class\u00e9 IP65<\/strong>: Id\u00e9al pour une utilisation en ext\u00e9rieur, r\u00e9sistant \u00e0 la poussi\u00e8re et aux projections d'eau.<\/p>\n<\/li>\n<li class=\"\" data-start=\"1139\" data-end=\"1223\">\n<p class=\"\" data-start=\"1141\" data-end=\"1223\"><strong data-start=\"1141\" data-end=\"1165\">Construction durable<\/strong>: Con\u00e7ue pour r\u00e9sister aux conditions d'utilisation en tourn\u00e9e et en installation fixe.<\/p>\n<\/li>\n<li class=\"\" data-start=\"1224\" data-end=\"1302\">\n<p class=\"\" data-start=\"1226\" data-end=\"1302\"><strong data-start=\"1226\" data-end=\"1247\">Int\u00e9gration rapide<\/strong>: Aucun outil ni configuration n'est n\u00e9cessaire - il suffit de se connecter et de fonctionner.<\/p>\n<\/li>\n<li class=\"\" data-start=\"1303\" data-end=\"1380\">\n<p class=\"\" data-start=\"1305\" data-end=\"1380\"><strong data-start=\"1305\" data-end=\"1330\">Norme professionnelle<\/strong>: Con\u00e7u pour fonctionner avec les protocoles d'\u00e9clairage DMX512.<\/p>\n<\/li>\n<\/ul>\n<h3 class=\"\" data-start=\"1387\" data-end=\"1405\">Sp\u00e9cifications<\/h3>\n<ul data-start=\"1407\" data-end=\"1756\">\n<li class=\"\" data-start=\"1407\" data-end=\"1453\">\n<p class=\"\" data-start=\"1409\" data-end=\"1453\"><strong data-start=\"1409\" data-end=\"1418\">Mod\u00e8le<\/strong>: ADJ DMX 3 broches F vers 5 broches M IP65<\/p>\n<\/li>\n<li class=\"\" data-start=\"1454\" data-end=\"1491\">\n<p class=\"\" data-start=\"1456\" data-end=\"1491\"><strong data-start=\"1456\" data-end=\"1471\">Connecteur A<\/strong>: XLR femelle \u00e0 3 broches<\/p>\n<\/li>\n<li class=\"\" data-start=\"1492\" data-end=\"1527\">\n<p class=\"\" data-start=\"1494\" data-end=\"1527\"><strong data-start=\"1494\" data-end=\"1509\">Connecteur B<\/strong>: XLR m\u00e2le \u00e0 5 broches<\/p>\n<\/li>\n<li class=\"\" data-start=\"1528\" data-end=\"1571\">\n<p class=\"\" data-start=\"1530\" data-end=\"1571\"><strong data-start=\"1530\" data-end=\"1543\">Indice IP<\/strong>: IP65 (r\u00e9sistant aux intemp\u00e9ries)<\/p>\n<\/li>\n<li class=\"\" data-start=\"1572\" data-end=\"1643\">\n<p class=\"\" data-start=\"1574\" data-end=\"1643\"><strong data-start=\"1574\" data-end=\"1588\">Type de c\u00e2ble<\/strong>: C\u00e2ble de signal DMX flexible avec serre-c\u00e2ble moul\u00e9<\/p>\n<\/li>\n<li class=\"\" data-start=\"1644\" data-end=\"1728\">\n<p class=\"\" data-start=\"1646\" data-end=\"1728\"><strong data-start=\"1646\" data-end=\"1661\">Application<\/strong>: Sc\u00e8nes ext\u00e9rieures, festivals, \u00e9clairages architecturaux, installations de tourn\u00e9e<\/p>\n<\/li>\n<li class=\"\" data-start=\"1729\" data-end=\"1756\">\n<p class=\"\" data-start=\"1731\" data-end=\"1756\"><strong data-start=\"1731\" data-end=\"1746\">Type de signal<\/strong>: DMX512<\/p>\n<\/li>\n<\/ul>\n<p class=\"\" data-start=\"1777\" data-end=\"2088\">L'adaptateur ADJ DMX 3 broches F vers 5 broches M IP65 offre une solution pratique, durable et s\u00fbre pour connecter des \u00e9quipements DMX 3 broches vers 5 broches en ext\u00e9rieur ou dans des configurations tr\u00e8s exigeantes. Sa protection IP65 et sa construction solide en font un adaptateur de choix pour les techniciens d'\u00e9clairage professionnels qui exigent la fiabilit\u00e9 dans tous les environnements.<\/p>\n<p>Louez-le maintenant sur <a href=\"https:\/\/www.cinesouk.ma\/fr\">CINESOUK<\/a> - une marque de <a href=\"https:\/\/www.broadway.ma\/\">BROADWAY PRODUCTIONS SARL.<\/a><\/p>","protected":false},"excerpt":{"rendered":"<h3 class=\"\" data-start=\"1198\" data-end=\"1221\"><strong data-start=\"1202\" data-end=\"1221\">Sp\u00e9cifications :<\/strong><\/h3>\n<ul>\n<li class=\"\" data-start=\"1407\" data-end=\"1453\">\n<p class=\"\" data-start=\"1409\" data-end=\"1453\"><strong data-start=\"1409\" data-end=\"1418\">Mod\u00e8le<\/strong>: ADJ DMX 3 broches F vers 5 broches M IP65<\/p>\n<\/li>\n<li class=\"\" data-start=\"1454\" data-end=\"1491\">\n<p class=\"\" data-start=\"1456\" data-end=\"1491\"><strong data-start=\"1456\" data-end=\"1471\">Connecteur A<\/strong>: XLR femelle \u00e0 3 broches<\/p>\n<\/li>\n<li class=\"\" data-start=\"1492\" data-end=\"1527\">\n<p class=\"\" data-start=\"1494\" data-end=\"1527\"><strong data-start=\"1494\" data-end=\"1509\">Connecteur B<\/strong>: XLR m\u00e2le \u00e0 5 broches<\/p>\n<\/li>\n<li class=\"\" data-start=\"1528\" data-end=\"1571\">\n<p class=\"\" data-start=\"1530\" data-end=\"1571\"><strong data-start=\"1530\" data-end=\"1543\">Indice IP<\/strong>: IP65 (r\u00e9sistant aux intemp\u00e9ries)<\/p>\n<\/li>\n<li class=\"\" data-start=\"1572\" data-end=\"1643\">\n<p class=\"\" data-start=\"1574\" data-end=\"1643\"><strong data-start=\"1574\" data-end=\"1588\">Type de c\u00e2ble<\/strong>: C\u00e2ble de signal DMX flexible avec serre-c\u00e2ble moul\u00e9<\/p>\n<\/li>\n<li class=\"\" data-start=\"1644\" data-end=\"1728\">\n<p class=\"\" data-start=\"1646\" data-end=\"1728\"><strong data-start=\"1646\" data-end=\"1661\">Application<\/strong>: Sc\u00e8nes ext\u00e9rieures, festivals, \u00e9clairages architecturaux, installations de tourn\u00e9e<\/p>\n<\/li>\n<li class=\"\" data-start=\"1729\" data-end=\"1756\">\n<p class=\"\" data-start=\"1731\" data-end=\"1756\"><strong data-start=\"1731\" data-end=\"1746\">Type de signal<\/strong>: DMX512<\/p>\n<\/li>\n<\/ul>","protected":false},"featured_media":13164,"template":"","meta":{"om_disable_all_campaigns":false,"_monsterinsights_skip_tracking":false,"_monsterinsights_sitenote_active":false,"_monsterinsights_sitenote_note":"","_monsterinsights_sitenote_category":0,"_uf_show_specific_survey":0,"_uf_disable_surveys":false},"product_brand":[],"product_cat":[37,120,55,35],"product_tag":[],"class_list":{"0":"post-13153","1":"product","2":"type-product","3":"status-publish","4":"has-post-thumbnail","6":"product_cat-accessories-cinesouk","7":"product_cat-cables-eventsouk","8":"product_cat-cables-cinesouk","9":"product_cat-sound-cinesouk","11":"entry","12":"has-media","14":"first","15":"instock","16":"taxable","17":"shipping-taxable","18":"purchasable","19":"product-type-variable","20":"has-product-nav","21":"col","22":"span_1_of_3","23":"owp-content-center","24":"owp-thumbs-layout-horizontal","25":"owp-btn-normal","26":"owp-tabs-layout-horizontal","27":"has-no-thumbnails"},"yoast_head":"<!-- This site is optimized with the Yoast SEO Premium plugin v26.0 (Yoast SEO v26.0) - https:\/\/yoast.com\/wordpress\/plugins\/seo\/ -->\n<title>ADJ DMX 3-pin F to 5-pin M IP65 - CineSouk<\/title>\n<meta name=\"description\" content=\"The ADJ DMX 3-pin F to 5-pin M IP65 adapter ensures reliable outdoor DMX signal conversion with weather-resistant protection. Ideal for touring, events, and permanent installs.\" \/>\n<meta name=\"robots\" content=\"index, follow, max-snippet:-1, max-image-preview:large, max-video-preview:-1\" \/>\n<link rel=\"canonical\" href=\"https:\/\/www.cinesouk.ma\/fr\/produit\/adj-dmx-3-pin-f-to-5-pin-m-ip65\/\" \/>\n<meta property=\"og:locale\" content=\"fr_FR\" \/>\n<meta property=\"og:type\" content=\"article\" \/>\n<meta property=\"og:title\" content=\"ADJ DMX 3-pin F to 5-pin M IP65\" \/>\n<meta property=\"og:description\" content=\"The ADJ DMX 3-pin F to 5-pin M IP65 adapter ensures reliable outdoor DMX signal conversion with weather-resistant protection. Ideal for touring, events, and permanent installs.\" \/>\n<meta property=\"og:url\" content=\"https:\/\/www.cinesouk.ma\/fr\/produit\/adj-dmx-3-pin-f-to-5-pin-m-ip65\/\" \/>\n<meta property=\"og:site_name\" content=\"CineSouk\" \/>\n<meta property=\"article:modified_time\" content=\"2025-05-15T21:22:31+00:00\" \/>\n<meta property=\"og:image\" content=\"https:\/\/www.cinesouk.ma\/wp-content\/uploads\/2025\/05\/ADJ-DMX-3-pin-F-to-5-pin-M-IP65.jpg\" \/>\n\t<meta property=\"og:image:width\" content=\"300\" \/>\n\t<meta property=\"og:image:height\" content=\"238\" \/>\n\t<meta property=\"og:image:type\" content=\"image\/jpeg\" \/>\n<meta name=\"twitter:card\" content=\"summary_large_image\" \/>\n<meta name=\"twitter:description\" content=\"The ADJ DMX 3-pin F to 5-pin M IP65 adapter ensures reliable outdoor DMX signal conversion with weather-resistant protection. Ideal for touring, events, and permanent installs.\" \/>\n<meta name=\"twitter:label1\" content=\"Dur\u00e9e de lecture estim\u00e9e\" \/>\n\t<meta name=\"twitter:data1\" content=\"2 minutes\" \/>\n<script type=\"application\/ld+json\" class=\"yoast-schema-graph\">{\"@context\":\"https:\/\/schema.org\",\"@graph\":[{\"@type\":\"WebPage\",\"@id\":\"https:\/\/www.cinesouk.ma\/product\/adj-dmx-3-pin-f-to-5-pin-m-ip65\/\",\"url\":\"https:\/\/www.cinesouk.ma\/product\/adj-dmx-3-pin-f-to-5-pin-m-ip65\/\",\"name\":\"ADJ DMX 3-pin F to 5-pin M IP65 - CineSouk\",\"isPartOf\":{\"@id\":\"https:\/\/www.cinesouk.ma\/#website\"},\"primaryImageOfPage\":{\"@id\":\"https:\/\/www.cinesouk.ma\/product\/adj-dmx-3-pin-f-to-5-pin-m-ip65\/#primaryimage\"},\"image\":{\"@id\":\"https:\/\/www.cinesouk.ma\/product\/adj-dmx-3-pin-f-to-5-pin-m-ip65\/#primaryimage\"},\"thumbnailUrl\":\"https:\/\/www.cinesouk.ma\/wp-content\/uploads\/2025\/05\/ADJ-DMX-3-pin-F-to-5-pin-M-IP65.jpg\",\"datePublished\":\"2025-05-09T11:21:19+00:00\",\"dateModified\":\"2025-05-15T21:22:31+00:00\",\"description\":\"The ADJ DMX 3-pin F to 5-pin M IP65 adapter ensures reliable outdoor DMX signal conversion with weather-resistant protection. Ideal for touring, events, and permanent installs.\",\"breadcrumb\":{\"@id\":\"https:\/\/www.cinesouk.ma\/product\/adj-dmx-3-pin-f-to-5-pin-m-ip65\/#breadcrumb\"},\"inLanguage\":\"fr-FR\",\"potentialAction\":[{\"@type\":\"ReadAction\",\"target\":[\"https:\/\/www.cinesouk.ma\/product\/adj-dmx-3-pin-f-to-5-pin-m-ip65\/\"]}]},{\"@type\":\"ImageObject\",\"inLanguage\":\"fr-FR\",\"@id\":\"https:\/\/www.cinesouk.ma\/product\/adj-dmx-3-pin-f-to-5-pin-m-ip65\/#primaryimage\",\"url\":\"https:\/\/www.cinesouk.ma\/wp-content\/uploads\/2025\/05\/ADJ-DMX-3-pin-F-to-5-pin-M-IP65.jpg\",\"contentUrl\":\"https:\/\/www.cinesouk.ma\/wp-content\/uploads\/2025\/05\/ADJ-DMX-3-pin-F-to-5-pin-M-IP65.jpg\",\"width\":300,\"height\":238,\"caption\":\"ADJ DMX 3-pin F to 5-pin M IP65\"},{\"@type\":\"BreadcrumbList\",\"@id\":\"https:\/\/www.cinesouk.ma\/product\/adj-dmx-3-pin-f-to-5-pin-m-ip65\/#breadcrumb\",\"itemListElement\":[{\"@type\":\"ListItem\",\"position\":1,\"name\":\"Home\",\"item\":\"https:\/\/www.cinesouk.ma\/\"},{\"@type\":\"ListItem\",\"position\":2,\"name\":\"Shop\",\"item\":\"https:\/\/www.cinesouk.ma\/shop\/\"},{\"@type\":\"ListItem\",\"position\":3,\"name\":\"ADJ DMX 3-pin F to 5-pin M IP65\"}]},{\"@type\":\"WebSite\",\"@id\":\"https:\/\/www.cinesouk.ma\/#website\",\"url\":\"https:\/\/www.cinesouk.ma\/\",\"name\":\"CineSouk\",\"description\":\"\",\"publisher\":{\"@id\":\"https:\/\/www.cinesouk.ma\/#organization\"},\"potentialAction\":[{\"@type\":\"SearchAction\",\"target\":{\"@type\":\"EntryPoint\",\"urlTemplate\":\"https:\/\/www.cinesouk.ma\/?s={search_term_string}\"},\"query-input\":{\"@type\":\"PropertyValueSpecification\",\"valueRequired\":true,\"valueName\":\"search_term_string\"}}],\"inLanguage\":\"fr-FR\"},{\"@type\":\"Organization\",\"@id\":\"https:\/\/www.cinesouk.ma\/#organization\",\"name\":\"CineSouk\",\"url\":\"https:\/\/www.cinesouk.ma\/\",\"logo\":{\"@type\":\"ImageObject\",\"inLanguage\":\"fr-FR\",\"@id\":\"https:\/\/www.cinesouk.ma\/#\/schema\/logo\/image\/\",\"url\":\"https:\/\/www.cinesouk.ma\/wp-content\/uploads\/2024\/01\/CineSouk-logo-v01-alpha-alligned-left.png\",\"contentUrl\":\"https:\/\/www.cinesouk.ma\/wp-content\/uploads\/2024\/01\/CineSouk-logo-v01-alpha-alligned-left.png\",\"width\":3204,\"height\":889,\"caption\":\"CineSouk\"},\"image\":{\"@id\":\"https:\/\/www.cinesouk.ma\/#\/schema\/logo\/image\/\"}}]}<\/script>\n<!-- \/ Yoast SEO Premium plugin. -->","yoast_head_json":{"title":"ADJ DMX 3-pin F to 5-pin M IP65 - CineSouk","description":"The ADJ DMX 3-pin F to 5-pin M IP65 adapter ensures reliable outdoor DMX signal conversion with weather-resistant protection. Ideal for touring, events, and permanent installs.","robots":{"index":"index","follow":"follow","max-snippet":"max-snippet:-1","max-image-preview":"max-image-preview:large","max-video-preview":"max-video-preview:-1"},"canonical":"https:\/\/www.cinesouk.ma\/fr\/produit\/adj-dmx-3-pin-f-to-5-pin-m-ip65\/","og_locale":"fr_FR","og_type":"article","og_title":"ADJ DMX 3-pin F to 5-pin M IP65","og_description":"The ADJ DMX 3-pin F to 5-pin M IP65 adapter ensures reliable outdoor DMX signal conversion with weather-resistant protection. Ideal for touring, events, and permanent installs.","og_url":"https:\/\/www.cinesouk.ma\/fr\/produit\/adj-dmx-3-pin-f-to-5-pin-m-ip65\/","og_site_name":"CineSouk","article_modified_time":"2025-05-15T21:22:31+00:00","og_image":[{"width":300,"height":238,"url":"https:\/\/www.cinesouk.ma\/wp-content\/uploads\/2025\/05\/ADJ-DMX-3-pin-F-to-5-pin-M-IP65.jpg","type":"image\/jpeg"}],"twitter_card":"summary_large_image","twitter_description":"The ADJ DMX 3-pin F to 5-pin M IP65 adapter ensures reliable outdoor DMX signal conversion with weather-resistant protection. Ideal for touring, events, and permanent installs.","twitter_misc":{"Dur\u00e9e de lecture estim\u00e9e":"2 minutes"},"schema":{"@context":"https:\/\/schema.org","@graph":[{"@type":"WebPage","@id":"https:\/\/www.cinesouk.ma\/product\/adj-dmx-3-pin-f-to-5-pin-m-ip65\/","url":"https:\/\/www.cinesouk.ma\/product\/adj-dmx-3-pin-f-to-5-pin-m-ip65\/","name":"ADJ DMX 3-pin F to 5-pin M IP65 - CineSouk","isPartOf":{"@id":"https:\/\/www.cinesouk.ma\/#website"},"primaryImageOfPage":{"@id":"https:\/\/www.cinesouk.ma\/product\/adj-dmx-3-pin-f-to-5-pin-m-ip65\/#primaryimage"},"image":{"@id":"https:\/\/www.cinesouk.ma\/product\/adj-dmx-3-pin-f-to-5-pin-m-ip65\/#primaryimage"},"thumbnailUrl":"https:\/\/www.cinesouk.ma\/wp-content\/uploads\/2025\/05\/ADJ-DMX-3-pin-F-to-5-pin-M-IP65.jpg","datePublished":"2025-05-09T11:21:19+00:00","dateModified":"2025-05-15T21:22:31+00:00","description":"The ADJ DMX 3-pin F to 5-pin M IP65 adapter ensures reliable outdoor DMX signal conversion with weather-resistant protection. Ideal for touring, events, and permanent installs.","breadcrumb":{"@id":"https:\/\/www.cinesouk.ma\/product\/adj-dmx-3-pin-f-to-5-pin-m-ip65\/#breadcrumb"},"inLanguage":"fr-FR","potentialAction":[{"@type":"ReadAction","target":["https:\/\/www.cinesouk.ma\/product\/adj-dmx-3-pin-f-to-5-pin-m-ip65\/"]}]},{"@type":"ImageObject","inLanguage":"fr-FR","@id":"https:\/\/www.cinesouk.ma\/product\/adj-dmx-3-pin-f-to-5-pin-m-ip65\/#primaryimage","url":"https:\/\/www.cinesouk.ma\/wp-content\/uploads\/2025\/05\/ADJ-DMX-3-pin-F-to-5-pin-M-IP65.jpg","contentUrl":"https:\/\/www.cinesouk.ma\/wp-content\/uploads\/2025\/05\/ADJ-DMX-3-pin-F-to-5-pin-M-IP65.jpg","width":300,"height":238,"caption":"ADJ DMX 3-pin F to 5-pin M IP65"},{"@type":"BreadcrumbList","@id":"https:\/\/www.cinesouk.ma\/product\/adj-dmx-3-pin-f-to-5-pin-m-ip65\/#breadcrumb","itemListElement":[{"@type":"ListItem","position":1,"name":"Home","item":"https:\/\/www.cinesouk.ma\/"},{"@type":"ListItem","position":2,"name":"Shop","item":"https:\/\/www.cinesouk.ma\/shop\/"},{"@type":"ListItem","position":3,"name":"ADJ DMX 3-pin F to 5-pin M IP65"}]},{"@type":"WebSite","@id":"https:\/\/www.cinesouk.ma\/#website","url":"https:\/\/www.cinesouk.ma\/","name":"CineSouk","description":"","publisher":{"@id":"https:\/\/www.cinesouk.ma\/#organization"},"potentialAction":[{"@type":"SearchAction","target":{"@type":"EntryPoint","urlTemplate":"https:\/\/www.cinesouk.ma\/?s={search_term_string}"},"query-input":{"@type":"PropertyValueSpecification","valueRequired":true,"valueName":"search_term_string"}}],"inLanguage":"fr-FR"},{"@type":"Organization","@id":"https:\/\/www.cinesouk.ma\/#organization","name":"CineSouk","url":"https:\/\/www.cinesouk.ma\/","logo":{"@type":"ImageObject","inLanguage":"fr-FR","@id":"https:\/\/www.cinesouk.ma\/#\/schema\/logo\/image\/","url":"https:\/\/www.cinesouk.ma\/wp-content\/uploads\/2024\/01\/CineSouk-logo-v01-alpha-alligned-left.png","contentUrl":"https:\/\/www.cinesouk.ma\/wp-content\/uploads\/2024\/01\/CineSouk-logo-v01-alpha-alligned-left.png","width":3204,"height":889,"caption":"CineSouk"},"image":{"@id":"https:\/\/www.cinesouk.ma\/#\/schema\/logo\/image\/"}}]}},"_links":{"self":[{"href":"https:\/\/www.cinesouk.ma\/fr\/wp-json\/wp\/v2\/product\/13153","targetHints":{"allow":["GET"]}}],"collection":[{"href":"https:\/\/www.cinesouk.ma\/fr\/wp-json\/wp\/v2\/product"}],"about":[{"href":"https:\/\/www.cinesouk.ma\/fr\/wp-json\/wp\/v2\/types\/product"}],"wp:featuredmedia":[{"embeddable":true,"href":"https:\/\/www.cinesouk.ma\/fr\/wp-json\/wp\/v2\/media\/13164"}],"wp:attachment":[{"href":"https:\/\/www.cinesouk.ma\/fr\/wp-json\/wp\/v2\/media?parent=13153"}],"wp:term":[{"taxonomy":"product_brand","embeddable":true,"href":"https:\/\/www.cinesouk.ma\/fr\/wp-json\/wp\/v2\/product_brand?post=13153"},{"taxonomy":"product_cat","embeddable":true,"href":"https:\/\/www.cinesouk.ma\/fr\/wp-json\/wp\/v2\/product_cat?post=13153"},{"taxonomy":"product_tag","embeddable":true,"href":"https:\/\/www.cinesouk.ma\/fr\/wp-json\/wp\/v2\/product_tag?post=13153"}],"curies":[{"name":"wp","href":"https:\/\/api.w.org\/{rel}","templated":true}]}}