{"id":13165,"date":"2025-05-09T11:30:24","date_gmt":"2025-05-09T11:30:24","guid":{"rendered":"https:\/\/www.cinesouk.ma\/?post_type=product&#038;p=13165"},"modified":"2025-08-26T12:13:24","modified_gmt":"2025-08-26T12:13:24","slug":"adj-dmx-3-pin-m-to-5-pin-f-ip65","status":"publish","type":"product","link":"https:\/\/www.cinesouk.ma\/fr\/produit\/adj-dmx-3-pin-m-to-5-pin-f-ip65\/","title":{"rendered":"ADJ DMX 3 broches M vers 5 broches F IP65"},"content":{"rendered":"<p class=\"\" data-start=\"199\" data-end=\"618\">L'adaptateur ADJ DMX 3 broches M vers 5 broches F IP65 est un convertisseur de signaux DMX durable et r\u00e9sistant aux intemp\u00e9ries, con\u00e7u pour les installations d'\u00e9clairage professionnelles. Cet adaptateur vous permet de connecter une sortie DMX m\u00e2le 3 broches \u00e0 une entr\u00e9e DMX femelle 5 broches, permettant ainsi la compatibilit\u00e9 entre diff\u00e9rents \u00e9quipements DMX. Son indice de protection IP65 lui permet de fonctionner de mani\u00e8re fiable dans des environnements ext\u00e9rieurs et robustes, m\u00eame dans des conditions m\u00e9t\u00e9orologiques difficiles.<\/p>\n<p class=\"\" data-start=\"620\" data-end=\"911\">Id\u00e9al pour les festivals, les \u00e9v\u00e9nements sc\u00e9niques et les installations permanentes, le connecteur ADJ DMX 3 broches M vers 5 broches F IP65 offre une connexion scell\u00e9e et s\u00e9curis\u00e9e qui r\u00e9siste \u00e0 la poussi\u00e8re, aux projections d'eau et \u00e0 l'usure. Il s'agit d'un \u00e9quipement essentiel pour les techniciens d'\u00e9clairage qui ont besoin d'une conversion de signal fiable sur le terrain.<\/p>\n<h3 class=\"\" data-start=\"918\" data-end=\"934\">Caract\u00e9ristiques principales<\/h3>\n<ul data-start=\"936\" data-end=\"1317\">\n<li class=\"\" data-start=\"936\" data-end=\"999\">\n<p class=\"\" data-start=\"938\" data-end=\"999\"><strong data-start=\"938\" data-end=\"953\">Adaptateur DMX<\/strong>: Convertit le DMX m\u00e2le 3 broches en DMX femelle 5 broches.<\/p>\n<\/li>\n<li class=\"\" data-start=\"1000\" data-end=\"1075\">\n<p class=\"\" data-start=\"1002\" data-end=\"1075\"><strong data-start=\"1002\" data-end=\"1023\">R\u00e9sistant aux intemp\u00e9ries<\/strong>: IP65 pour une utilisation en ext\u00e9rieur et dans des environnements difficiles.<\/p>\n<\/li>\n<li class=\"\" data-start=\"1076\" data-end=\"1151\">\n<p class=\"\" data-start=\"1078\" data-end=\"1151\"><strong data-start=\"1078\" data-end=\"1095\">Conception robuste<\/strong>: Con\u00e7u pour supporter le stress des tourn\u00e9es et des \u00e9v\u00e9nements en direct.<\/p>\n<\/li>\n<li class=\"\" data-start=\"1152\" data-end=\"1233\">\n<p class=\"\" data-start=\"1154\" data-end=\"1233\"><strong data-start=\"1154\" data-end=\"1171\">Plug-and-Play<\/strong>: Aucune installation n'est n\u00e9cessaire : connectez directement entre les appareils ou les c\u00e2bles.<\/p>\n<\/li>\n<li class=\"\" data-start=\"1234\" data-end=\"1317\">\n<p class=\"\" data-start=\"1236\" data-end=\"1317\"><strong data-start=\"1236\" data-end=\"1263\">Prise en charge du protocole DMX512<\/strong>: Enti\u00e8rement compatible avec les syst\u00e8mes d'\u00e9clairage DMX standard.<\/p>\n<\/li>\n<\/ul>\n<h3 class=\"\" data-start=\"1324\" data-end=\"1342\">Sp\u00e9cifications<\/h3>\n<ul data-start=\"1344\" data-end=\"1643\">\n<li class=\"\" data-start=\"1344\" data-end=\"1390\">\n<p class=\"\" data-start=\"1346\" data-end=\"1390\"><strong data-start=\"1346\" data-end=\"1355\">Mod\u00e8le<\/strong>: ADJ DMX 3 broches M vers 5 broches F IP65<\/p>\n<\/li>\n<li class=\"\" data-start=\"1391\" data-end=\"1426\">\n<p class=\"\" data-start=\"1393\" data-end=\"1426\"><strong data-start=\"1393\" data-end=\"1408\">Connecteur A<\/strong>: XLR m\u00e2le \u00e0 3 broches<\/p>\n<\/li>\n<li class=\"\" data-start=\"1427\" data-end=\"1464\">\n<p class=\"\" data-start=\"1429\" data-end=\"1464\"><strong data-start=\"1429\" data-end=\"1444\">Connecteur B<\/strong>: XLR femelle \u00e0 5 broches<\/p>\n<\/li>\n<li class=\"\" data-start=\"1465\" data-end=\"1488\">\n<p class=\"\" data-start=\"1467\" data-end=\"1488\"><strong data-start=\"1467\" data-end=\"1480\">Indice IP<\/strong>: IP65<\/p>\n<\/li>\n<li class=\"\" data-start=\"1489\" data-end=\"1516\">\n<p class=\"\" data-start=\"1491\" data-end=\"1516\"><strong data-start=\"1491\" data-end=\"1506\">Type de signal<\/strong>: DMX512<\/p>\n<\/li>\n<li class=\"\" data-start=\"1517\" data-end=\"1580\">\n<p class=\"\" data-start=\"1519\" data-end=\"1580\"><strong data-start=\"1519\" data-end=\"1531\">Cas d'utilisation<\/strong>: Sc\u00e8nes en plein air, installations, \u00e9v\u00e9nements itin\u00e9rants<\/p>\n<\/li>\n<li class=\"\" data-start=\"1581\" data-end=\"1643\">\n<p class=\"\" data-start=\"1583\" data-end=\"1643\"><strong data-start=\"1583\" data-end=\"1598\">Style de c\u00e2ble<\/strong>: Connecteur flexible et \u00e9tanche<\/p>\n<\/li>\n<\/ul>\n<p class=\"\" data-start=\"1664\" data-end=\"1959\">L'adaptateur ADJ DMX 3 broches M vers 5 broches F IP65 offre un moyen simple et efficace de relier des appareils DMX avec diff\u00e9rents types de connecteurs. Con\u00e7u pour fonctionner dans des environnements ext\u00e9rieurs, il combine des connexions s\u00e9curis\u00e9es et une r\u00e9sistance aux intemp\u00e9ries, ce qui en fait un outil fiable pour les professionnels de l'\u00e9clairage en d\u00e9placement.<\/p>\n<p>Louez-le maintenant sur <a href=\"https:\/\/www.cinesouk.ma\/fr\">CINESOUK<\/a> - une marque de <a href=\"https:\/\/www.broadway.ma\/\">BROADWAY PRODUCTIONS SARL.<\/a><\/p>","protected":false},"excerpt":{"rendered":"<h3 class=\"\" data-start=\"1198\" data-end=\"1221\"><strong data-start=\"1202\" data-end=\"1221\">Sp\u00e9cifications :<\/strong><\/h3>\n<ul data-start=\"1344\" data-end=\"1643\">\n<li class=\"\" data-start=\"1344\" data-end=\"1390\">\n<p class=\"\" data-start=\"1346\" data-end=\"1390\"><strong data-start=\"1346\" data-end=\"1355\">Mod\u00e8le<\/strong>: ADJ DMX 3 broches M vers 5 broches F IP65<\/p>\n<\/li>\n<li class=\"\" data-start=\"1391\" data-end=\"1426\">\n<p class=\"\" data-start=\"1393\" data-end=\"1426\"><strong data-start=\"1393\" data-end=\"1408\">Connecteur A<\/strong>: XLR m\u00e2le \u00e0 3 broches<\/p>\n<\/li>\n<li class=\"\" data-start=\"1427\" data-end=\"1464\">\n<p class=\"\" data-start=\"1429\" data-end=\"1464\"><strong data-start=\"1429\" data-end=\"1444\">Connecteur B<\/strong>: XLR femelle \u00e0 5 broches<\/p>\n<\/li>\n<li class=\"\" data-start=\"1465\" data-end=\"1488\">\n<p class=\"\" data-start=\"1467\" data-end=\"1488\"><strong data-start=\"1467\" data-end=\"1480\">Indice IP<\/strong>: IP65<\/p>\n<\/li>\n<li class=\"\" data-start=\"1489\" data-end=\"1516\">\n<p class=\"\" data-start=\"1491\" data-end=\"1516\"><strong data-start=\"1491\" data-end=\"1506\">Type de signal<\/strong>: DMX512<\/p>\n<\/li>\n<li class=\"\" data-start=\"1517\" data-end=\"1580\">\n<p class=\"\" data-start=\"1519\" data-end=\"1580\"><strong data-start=\"1519\" data-end=\"1531\">Cas d'utilisation<\/strong>: Sc\u00e8nes en plein air, installations, \u00e9v\u00e9nements itin\u00e9rants<\/p>\n<\/li>\n<li class=\"\" data-start=\"1581\" data-end=\"1643\">\n<p class=\"\" data-start=\"1583\" data-end=\"1643\"><strong data-start=\"1583\" data-end=\"1598\">Style de c\u00e2ble<\/strong>: Connecteur flexible et \u00e9tanche<\/p>\n<\/li>\n<\/ul>","protected":false},"featured_media":13176,"template":"","meta":{"om_disable_all_campaigns":false,"_monsterinsights_skip_tracking":false,"_monsterinsights_sitenote_active":false,"_monsterinsights_sitenote_note":"","_monsterinsights_sitenote_category":0,"_uf_show_specific_survey":0,"_uf_disable_surveys":false},"product_brand":[],"product_cat":[37,120,55,35],"product_tag":[],"class_list":{"0":"post-13165","1":"product","2":"type-product","3":"status-publish","4":"has-post-thumbnail","6":"product_cat-accessories-cinesouk","7":"product_cat-cables-eventsouk","8":"product_cat-cables-cinesouk","9":"product_cat-sound-cinesouk","11":"entry","12":"has-media","14":"first","15":"instock","16":"taxable","17":"shipping-taxable","18":"purchasable","19":"product-type-variable","20":"has-product-nav","21":"col","22":"span_1_of_3","23":"owp-content-center","24":"owp-thumbs-layout-horizontal","25":"owp-btn-normal","26":"owp-tabs-layout-horizontal","27":"has-no-thumbnails"},"yoast_head":"<!-- This site is optimized with the Yoast SEO Premium plugin v26.0 (Yoast SEO v26.0) - https:\/\/yoast.com\/wordpress\/plugins\/seo\/ -->\n<title>ADJ DMX 3-pin M to 5-pin F IP65 - CineSouk<\/title>\n<meta name=\"description\" content=\"The ADJ DMX 3-pin M to 5-pin F IP65 adapter enables safe and weather-resistant DMX signal conversion for professional lighting setups in outdoor or rugged environments.\" \/>\n<meta name=\"robots\" content=\"index, follow, max-snippet:-1, max-image-preview:large, max-video-preview:-1\" \/>\n<link rel=\"canonical\" href=\"https:\/\/www.cinesouk.ma\/fr\/produit\/adj-dmx-3-pin-m-to-5-pin-f-ip65\/\" \/>\n<meta property=\"og:locale\" content=\"fr_FR\" \/>\n<meta property=\"og:type\" content=\"article\" \/>\n<meta property=\"og:title\" content=\"ADJ DMX 3-pin M to 5-pin F IP65\" \/>\n<meta property=\"og:description\" content=\"The ADJ DMX 3-pin M to 5-pin F IP65 adapter enables safe and weather-resistant DMX signal conversion for professional lighting setups in outdoor or rugged environments.\" \/>\n<meta property=\"og:url\" content=\"https:\/\/www.cinesouk.ma\/fr\/produit\/adj-dmx-3-pin-m-to-5-pin-f-ip65\/\" \/>\n<meta property=\"og:site_name\" content=\"CineSouk\" \/>\n<meta property=\"article:modified_time\" content=\"2025-08-26T12:13:24+00:00\" \/>\n<meta property=\"og:image\" content=\"https:\/\/www.cinesouk.ma\/wp-content\/uploads\/2025\/05\/ADJ-DMX-3-pin-M-to-5-pin-F-IP65_.jpg\" \/>\n\t<meta property=\"og:image:width\" content=\"300\" \/>\n\t<meta property=\"og:image:height\" content=\"238\" \/>\n\t<meta property=\"og:image:type\" content=\"image\/jpeg\" \/>\n<meta name=\"twitter:card\" content=\"summary_large_image\" \/>\n<meta name=\"twitter:description\" content=\"The ADJ DMX 3-pin M to 5-pin F IP65 adapter enables safe and weather-resistant DMX signal conversion for professional lighting setups in outdoor or rugged environments.\" \/>\n<meta name=\"twitter:label1\" content=\"Dur\u00e9e de lecture estim\u00e9e\" \/>\n\t<meta name=\"twitter:data1\" content=\"2 minutes\" \/>\n<script type=\"application\/ld+json\" class=\"yoast-schema-graph\">{\"@context\":\"https:\/\/schema.org\",\"@graph\":[{\"@type\":\"WebPage\",\"@id\":\"https:\/\/www.cinesouk.ma\/product\/adj-dmx-3-pin-m-to-5-pin-f-ip65\/\",\"url\":\"https:\/\/www.cinesouk.ma\/product\/adj-dmx-3-pin-m-to-5-pin-f-ip65\/\",\"name\":\"ADJ DMX 3-pin M to 5-pin F IP65 - CineSouk\",\"isPartOf\":{\"@id\":\"https:\/\/www.cinesouk.ma\/#website\"},\"primaryImageOfPage\":{\"@id\":\"https:\/\/www.cinesouk.ma\/product\/adj-dmx-3-pin-m-to-5-pin-f-ip65\/#primaryimage\"},\"image\":{\"@id\":\"https:\/\/www.cinesouk.ma\/product\/adj-dmx-3-pin-m-to-5-pin-f-ip65\/#primaryimage\"},\"thumbnailUrl\":\"https:\/\/www.cinesouk.ma\/wp-content\/uploads\/2025\/05\/ADJ-DMX-3-pin-M-to-5-pin-F-IP65_.jpg\",\"datePublished\":\"2025-05-09T11:30:24+00:00\",\"dateModified\":\"2025-08-26T12:13:24+00:00\",\"description\":\"The ADJ DMX 3-pin M to 5-pin F IP65 adapter enables safe and weather-resistant DMX signal conversion for professional lighting setups in outdoor or rugged environments.\",\"breadcrumb\":{\"@id\":\"https:\/\/www.cinesouk.ma\/product\/adj-dmx-3-pin-m-to-5-pin-f-ip65\/#breadcrumb\"},\"inLanguage\":\"fr-FR\",\"potentialAction\":[{\"@type\":\"ReadAction\",\"target\":[\"https:\/\/www.cinesouk.ma\/product\/adj-dmx-3-pin-m-to-5-pin-f-ip65\/\"]}]},{\"@type\":\"ImageObject\",\"inLanguage\":\"fr-FR\",\"@id\":\"https:\/\/www.cinesouk.ma\/product\/adj-dmx-3-pin-m-to-5-pin-f-ip65\/#primaryimage\",\"url\":\"https:\/\/www.cinesouk.ma\/wp-content\/uploads\/2025\/05\/ADJ-DMX-3-pin-M-to-5-pin-F-IP65_.jpg\",\"contentUrl\":\"https:\/\/www.cinesouk.ma\/wp-content\/uploads\/2025\/05\/ADJ-DMX-3-pin-M-to-5-pin-F-IP65_.jpg\",\"width\":300,\"height\":238,\"caption\":\"ADJ DMX 3-pin M to 5-pin F IP65\"},{\"@type\":\"BreadcrumbList\",\"@id\":\"https:\/\/www.cinesouk.ma\/product\/adj-dmx-3-pin-m-to-5-pin-f-ip65\/#breadcrumb\",\"itemListElement\":[{\"@type\":\"ListItem\",\"position\":1,\"name\":\"Home\",\"item\":\"https:\/\/www.cinesouk.ma\/\"},{\"@type\":\"ListItem\",\"position\":2,\"name\":\"Shop\",\"item\":\"https:\/\/www.cinesouk.ma\/shop\/\"},{\"@type\":\"ListItem\",\"position\":3,\"name\":\"ADJ DMX 3-pin M to 5-pin F IP65\"}]},{\"@type\":\"WebSite\",\"@id\":\"https:\/\/www.cinesouk.ma\/#website\",\"url\":\"https:\/\/www.cinesouk.ma\/\",\"name\":\"CineSouk\",\"description\":\"\",\"publisher\":{\"@id\":\"https:\/\/www.cinesouk.ma\/#organization\"},\"potentialAction\":[{\"@type\":\"SearchAction\",\"target\":{\"@type\":\"EntryPoint\",\"urlTemplate\":\"https:\/\/www.cinesouk.ma\/?s={search_term_string}\"},\"query-input\":{\"@type\":\"PropertyValueSpecification\",\"valueRequired\":true,\"valueName\":\"search_term_string\"}}],\"inLanguage\":\"fr-FR\"},{\"@type\":\"Organization\",\"@id\":\"https:\/\/www.cinesouk.ma\/#organization\",\"name\":\"CineSouk\",\"url\":\"https:\/\/www.cinesouk.ma\/\",\"logo\":{\"@type\":\"ImageObject\",\"inLanguage\":\"fr-FR\",\"@id\":\"https:\/\/www.cinesouk.ma\/#\/schema\/logo\/image\/\",\"url\":\"https:\/\/www.cinesouk.ma\/wp-content\/uploads\/2024\/01\/CineSouk-logo-v01-alpha-alligned-left.png\",\"contentUrl\":\"https:\/\/www.cinesouk.ma\/wp-content\/uploads\/2024\/01\/CineSouk-logo-v01-alpha-alligned-left.png\",\"width\":3204,\"height\":889,\"caption\":\"CineSouk\"},\"image\":{\"@id\":\"https:\/\/www.cinesouk.ma\/#\/schema\/logo\/image\/\"}}]}<\/script>\n<!-- \/ Yoast SEO Premium plugin. -->","yoast_head_json":{"title":"ADJ DMX 3-pin M to 5-pin F IP65 - CineSouk","description":"The ADJ DMX 3-pin M to 5-pin F IP65 adapter enables safe and weather-resistant DMX signal conversion for professional lighting setups in outdoor or rugged environments.","robots":{"index":"index","follow":"follow","max-snippet":"max-snippet:-1","max-image-preview":"max-image-preview:large","max-video-preview":"max-video-preview:-1"},"canonical":"https:\/\/www.cinesouk.ma\/fr\/produit\/adj-dmx-3-pin-m-to-5-pin-f-ip65\/","og_locale":"fr_FR","og_type":"article","og_title":"ADJ DMX 3-pin M to 5-pin F IP65","og_description":"The ADJ DMX 3-pin M to 5-pin F IP65 adapter enables safe and weather-resistant DMX signal conversion for professional lighting setups in outdoor or rugged environments.","og_url":"https:\/\/www.cinesouk.ma\/fr\/produit\/adj-dmx-3-pin-m-to-5-pin-f-ip65\/","og_site_name":"CineSouk","article_modified_time":"2025-08-26T12:13:24+00:00","og_image":[{"width":300,"height":238,"url":"https:\/\/www.cinesouk.ma\/wp-content\/uploads\/2025\/05\/ADJ-DMX-3-pin-M-to-5-pin-F-IP65_.jpg","type":"image\/jpeg"}],"twitter_card":"summary_large_image","twitter_description":"The ADJ DMX 3-pin M to 5-pin F IP65 adapter enables safe and weather-resistant DMX signal conversion for professional lighting setups in outdoor or rugged environments.","twitter_misc":{"Dur\u00e9e de lecture estim\u00e9e":"2 minutes"},"schema":{"@context":"https:\/\/schema.org","@graph":[{"@type":"WebPage","@id":"https:\/\/www.cinesouk.ma\/product\/adj-dmx-3-pin-m-to-5-pin-f-ip65\/","url":"https:\/\/www.cinesouk.ma\/product\/adj-dmx-3-pin-m-to-5-pin-f-ip65\/","name":"ADJ DMX 3-pin M to 5-pin F IP65 - CineSouk","isPartOf":{"@id":"https:\/\/www.cinesouk.ma\/#website"},"primaryImageOfPage":{"@id":"https:\/\/www.cinesouk.ma\/product\/adj-dmx-3-pin-m-to-5-pin-f-ip65\/#primaryimage"},"image":{"@id":"https:\/\/www.cinesouk.ma\/product\/adj-dmx-3-pin-m-to-5-pin-f-ip65\/#primaryimage"},"thumbnailUrl":"https:\/\/www.cinesouk.ma\/wp-content\/uploads\/2025\/05\/ADJ-DMX-3-pin-M-to-5-pin-F-IP65_.jpg","datePublished":"2025-05-09T11:30:24+00:00","dateModified":"2025-08-26T12:13:24+00:00","description":"The ADJ DMX 3-pin M to 5-pin F IP65 adapter enables safe and weather-resistant DMX signal conversion for professional lighting setups in outdoor or rugged environments.","breadcrumb":{"@id":"https:\/\/www.cinesouk.ma\/product\/adj-dmx-3-pin-m-to-5-pin-f-ip65\/#breadcrumb"},"inLanguage":"fr-FR","potentialAction":[{"@type":"ReadAction","target":["https:\/\/www.cinesouk.ma\/product\/adj-dmx-3-pin-m-to-5-pin-f-ip65\/"]}]},{"@type":"ImageObject","inLanguage":"fr-FR","@id":"https:\/\/www.cinesouk.ma\/product\/adj-dmx-3-pin-m-to-5-pin-f-ip65\/#primaryimage","url":"https:\/\/www.cinesouk.ma\/wp-content\/uploads\/2025\/05\/ADJ-DMX-3-pin-M-to-5-pin-F-IP65_.jpg","contentUrl":"https:\/\/www.cinesouk.ma\/wp-content\/uploads\/2025\/05\/ADJ-DMX-3-pin-M-to-5-pin-F-IP65_.jpg","width":300,"height":238,"caption":"ADJ DMX 3-pin M to 5-pin F IP65"},{"@type":"BreadcrumbList","@id":"https:\/\/www.cinesouk.ma\/product\/adj-dmx-3-pin-m-to-5-pin-f-ip65\/#breadcrumb","itemListElement":[{"@type":"ListItem","position":1,"name":"Home","item":"https:\/\/www.cinesouk.ma\/"},{"@type":"ListItem","position":2,"name":"Shop","item":"https:\/\/www.cinesouk.ma\/shop\/"},{"@type":"ListItem","position":3,"name":"ADJ DMX 3-pin M to 5-pin F IP65"}]},{"@type":"WebSite","@id":"https:\/\/www.cinesouk.ma\/#website","url":"https:\/\/www.cinesouk.ma\/","name":"CineSouk","description":"","publisher":{"@id":"https:\/\/www.cinesouk.ma\/#organization"},"potentialAction":[{"@type":"SearchAction","target":{"@type":"EntryPoint","urlTemplate":"https:\/\/www.cinesouk.ma\/?s={search_term_string}"},"query-input":{"@type":"PropertyValueSpecification","valueRequired":true,"valueName":"search_term_string"}}],"inLanguage":"fr-FR"},{"@type":"Organization","@id":"https:\/\/www.cinesouk.ma\/#organization","name":"CineSouk","url":"https:\/\/www.cinesouk.ma\/","logo":{"@type":"ImageObject","inLanguage":"fr-FR","@id":"https:\/\/www.cinesouk.ma\/#\/schema\/logo\/image\/","url":"https:\/\/www.cinesouk.ma\/wp-content\/uploads\/2024\/01\/CineSouk-logo-v01-alpha-alligned-left.png","contentUrl":"https:\/\/www.cinesouk.ma\/wp-content\/uploads\/2024\/01\/CineSouk-logo-v01-alpha-alligned-left.png","width":3204,"height":889,"caption":"CineSouk"},"image":{"@id":"https:\/\/www.cinesouk.ma\/#\/schema\/logo\/image\/"}}]}},"_links":{"self":[{"href":"https:\/\/www.cinesouk.ma\/fr\/wp-json\/wp\/v2\/product\/13165","targetHints":{"allow":["GET"]}}],"collection":[{"href":"https:\/\/www.cinesouk.ma\/fr\/wp-json\/wp\/v2\/product"}],"about":[{"href":"https:\/\/www.cinesouk.ma\/fr\/wp-json\/wp\/v2\/types\/product"}],"wp:featuredmedia":[{"embeddable":true,"href":"https:\/\/www.cinesouk.ma\/fr\/wp-json\/wp\/v2\/media\/13176"}],"wp:attachment":[{"href":"https:\/\/www.cinesouk.ma\/fr\/wp-json\/wp\/v2\/media?parent=13165"}],"wp:term":[{"taxonomy":"product_brand","embeddable":true,"href":"https:\/\/www.cinesouk.ma\/fr\/wp-json\/wp\/v2\/product_brand?post=13165"},{"taxonomy":"product_cat","embeddable":true,"href":"https:\/\/www.cinesouk.ma\/fr\/wp-json\/wp\/v2\/product_cat?post=13165"},{"taxonomy":"product_tag","embeddable":true,"href":"https:\/\/www.cinesouk.ma\/fr\/wp-json\/wp\/v2\/product_tag?post=13165"}],"curies":[{"name":"wp","href":"https:\/\/api.w.org\/{rel}","templated":true}]}}