{"id":1321,"date":"2024-01-09T10:32:47","date_gmt":"2024-01-09T10:32:47","guid":{"rendered":"https:\/\/www.cinesouk.ma\/?post_type=product&#038;p=1321"},"modified":"2026-01-17T12:12:52","modified_gmt":"2026-01-17T12:12:52","slug":"pepwave-max-700-bonding-router","status":"publish","type":"product","link":"https:\/\/www.cinesouk.ma\/fr\/produit\/pepwave-max-700-bonding-router\/","title":{"rendered":"Routeur de liaison Pepwave MAX 700"},"content":{"rendered":"<p>Le Pepwave MAX 700 Bonding Router est un routeur polyvalent et robuste con\u00e7u pour les d\u00e9ploiements mobiles et fixes exigeants. Connu pour sa capacit\u00e9 multi-WAN, cet appareil peut agr\u00e9ger jusqu'\u00e0 sept connexions Internet diff\u00e9rentes, vous offrant une fiabilit\u00e9 et une vitesse in\u00e9gal\u00e9es dans des environnements difficiles. Il est id\u00e9al pour les entreprises, les syst\u00e8mes de transport et toutes les applications o\u00f9 une connectivit\u00e9 constante est cruciale.<\/p>\n<h4>Caract\u00e9ristiques du routeur de liaison Pepwave MAX 700 :<\/h4>\n<p>Au c\u0153ur du MAX 700 se trouve la technologie SpeedFusion de Peplink, qui combine plusieurs liens WAN pour cr\u00e9er une connexion unique, rapide et fiable. Cette fonction est particuli\u00e8rement utile pour le streaming vid\u00e9o, la VoIP et d'autres applications gourmandes en bande passante qui n\u00e9cessitent des performances constantes.<\/p>\n<p>Le routeur prend en charge un large \u00e9ventail d'interfaces WAN, notamment 4G LTE, 3G, Ethernet et Wi-Fi en tant que WAN. Cette flexibilit\u00e9 vous permet de rester connect\u00e9 o\u00f9 que vous soyez, en utilisant le meilleur r\u00e9seau disponible. Il est \u00e9galement dot\u00e9 de fonctions avanc\u00e9es de basculement, qui permettent de basculer automatiquement vers une connexion de secours en cas de d\u00e9faillance de la liaison principale, ce qui garantit l'absence de temps d'arr\u00eat.<\/p>\n<p>La s\u00e9curit\u00e9 est une priorit\u00e9 absolue pour le MAX 700. Il comprend un VPN int\u00e9gr\u00e9 avec cryptage, ce qui permet de s\u00e9curiser vos donn\u00e9es sur tous les r\u00e9seaux connect\u00e9s. En outre, son pare-feu et ses fonctions de filtrage de contenu prot\u00e8gent votre r\u00e9seau contre les menaces, tandis que les param\u00e8tres QoS (qualit\u00e9 de service) vous permettent de donner la priorit\u00e9 au trafic critique.<\/p>\n<p>L'appareil est con\u00e7u pour r\u00e9sister \u00e0 des conditions difficiles, avec un bo\u00eetier m\u00e9tallique de qualit\u00e9 industrielle et des composants con\u00e7us pour une fiabilit\u00e9 \u00e0 long terme. Malgr\u00e9 ses puissantes fonctionnalit\u00e9s, le MAX 700 est facile \u00e0 g\u00e9rer gr\u00e2ce \u00e0 InControl 2, la plateforme de gestion de Peplink bas\u00e9e sur le cloud. Cela vous permet de surveiller et de configurer votre appareil \u00e0 distance, ce qui en fait un excellent choix pour la gestion de flotte, les bureaux distants et autres r\u00e9seaux distribu\u00e9s.<\/p>\n<p>Il est livr\u00e9 avec quatre modems d'entreprises de t\u00e9l\u00e9communications diff\u00e9rentes pour un tarif de 20dhs\/1Gb de donn\u00e9es.<\/p>\n<ul>\n<li>Routeur 4G 4x<\/li>\n<li>2 x IAM<\/li>\n<li>1 x Orange<\/li>\n<li>1 x INWI<\/li>\n<\/ul>\n<p>Louez-le maintenant sur <a href=\"https:\/\/www.cinesouk.ma\/fr\">CINESOUK<\/a> - une marque de <a href=\"https:\/\/www.broadway.ma\/\">BROADWAY PRODUCTIONS SARL.<\/a><\/p>","protected":false},"excerpt":{"rendered":"<p><strong>Sp\u00e9cifications :<\/strong><\/p>\n<ul>\n<li><strong>Interfaces WAN :<\/strong> 4x Modems int\u00e9gr\u00e9s (3G\/4G LTE), 4x Ethernet, Wi-Fi comme WAN<\/li>\n<li><strong>Ports LAN :<\/strong> 4x Ports Gigabit Ethernet<\/li>\n<li><strong>Technologie SpeedFusion :<\/strong> Oui, pour la liaison WAN et le basculement<\/li>\n<li><strong>VPN :<\/strong> Prise en charge des protocoles IPsec, L2TP et PPTP<\/li>\n<li><strong>\u00c9quilibrage de la charge :<\/strong> \u00c9quilibrage de la charge et basculement intelligents<\/li>\n<li><strong>Pare-feu :<\/strong> Pare-feu dynamique avec d\u00e9tection d'intrusion<\/li>\n<li><strong>Gestion :<\/strong> InControl 2 - Gestion de l'informatique en nuage<\/li>\n<li><strong>Alimentation \u00e9lectrique :<\/strong> 12-28V DC<\/li>\n<li><strong>La cl\u00f4ture :<\/strong> M\u00e9tal industriel robuste<\/li>\n<li><strong>Dimensions :<\/strong> 45 mm x 240 mm x 160 mm<\/li>\n<li><strong>Poids :<\/strong> 1,6 kg<\/li>\n<\/ul>","protected":false},"featured_media":8318,"template":"","meta":{"om_disable_all_campaigns":false,"_monsterinsights_skip_tracking":false,"_monsterinsights_sitenote_active":false,"_monsterinsights_sitenote_note":"","_monsterinsights_sitenote_category":0,"_uf_show_specific_survey":0,"_uf_disable_surveys":false},"product_brand":[],"product_cat":[33,32],"product_tag":[],"class_list":{"0":"post-1321","1":"product","2":"type-product","3":"status-publish","4":"has-post-thumbnail","6":"product_cat-processing-cinesouk","7":"product_cat-streaming-cinesouk","9":"entry","10":"has-media","12":"first","13":"instock","14":"taxable","15":"shipping-taxable","16":"purchasable","17":"product-type-variable","18":"has-product-nav","19":"col","20":"span_1_of_3","21":"owp-content-center","22":"owp-thumbs-layout-horizontal","23":"owp-btn-normal","24":"owp-tabs-layout-horizontal","25":"has-no-thumbnails"},"yoast_head":"<!-- This site is optimized with the Yoast SEO Premium plugin v26.0 (Yoast SEO v26.0) - https:\/\/yoast.com\/wordpress\/plugins\/seo\/ -->\n<title>Pepwave MAX 700 Bonding Router - CineSouk - For rent<\/title>\n<meta name=\"description\" content=\"Pepwave MAX 700: A rugged, multi-WAN router with SpeedFusion technology, ideal for mobile and fixed deployments demanding constant, reliable connectivity.\" \/>\n<meta name=\"robots\" content=\"index, follow, max-snippet:-1, max-image-preview:large, max-video-preview:-1\" \/>\n<link rel=\"canonical\" href=\"https:\/\/www.cinesouk.ma\/fr\/produit\/pepwave-max-700-bonding-router\/\" \/>\n<meta property=\"og:locale\" content=\"fr_FR\" \/>\n<meta property=\"og:type\" content=\"article\" \/>\n<meta property=\"og:title\" content=\"Pepwave MAX 700 Bonding Router\" \/>\n<meta property=\"og:description\" content=\"Pepwave MAX 700: A rugged, multi-WAN router with SpeedFusion technology, ideal for mobile and fixed deployments demanding constant, reliable connectivity.\" \/>\n<meta property=\"og:url\" content=\"https:\/\/www.cinesouk.ma\/fr\/produit\/pepwave-max-700-bonding-router\/\" \/>\n<meta property=\"og:site_name\" content=\"CineSouk\" \/>\n<meta property=\"article:modified_time\" content=\"2026-01-17T12:12:52+00:00\" \/>\n<meta property=\"og:image\" content=\"https:\/\/www.cinesouk.ma\/wp-content\/uploads\/2024\/01\/peplink.jpg\" \/>\n\t<meta property=\"og:image:width\" content=\"300\" \/>\n\t<meta property=\"og:image:height\" content=\"238\" \/>\n\t<meta property=\"og:image:type\" content=\"image\/jpeg\" \/>\n<meta name=\"twitter:card\" content=\"summary_large_image\" \/>\n<meta name=\"twitter:description\" content=\"Pepwave MAX 700: A rugged, multi-WAN router with SpeedFusion technology, ideal for mobile and fixed deployments demanding constant, reliable connectivity.\" \/>\n<meta name=\"twitter:label1\" content=\"Dur\u00e9e de lecture estim\u00e9e\" \/>\n\t<meta name=\"twitter:data1\" content=\"2 minutes\" \/>\n<script type=\"application\/ld+json\" class=\"yoast-schema-graph\">{\"@context\":\"https:\/\/schema.org\",\"@graph\":[{\"@type\":\"WebPage\",\"@id\":\"https:\/\/www.cinesouk.ma\/product\/pepwave-max-700-bonding-router\/\",\"url\":\"https:\/\/www.cinesouk.ma\/product\/pepwave-max-700-bonding-router\/\",\"name\":\"Pepwave MAX 700 Bonding Router - CineSouk - For rent\",\"isPartOf\":{\"@id\":\"https:\/\/www.cinesouk.ma\/#website\"},\"primaryImageOfPage\":{\"@id\":\"https:\/\/www.cinesouk.ma\/product\/pepwave-max-700-bonding-router\/#primaryimage\"},\"image\":{\"@id\":\"https:\/\/www.cinesouk.ma\/product\/pepwave-max-700-bonding-router\/#primaryimage\"},\"thumbnailUrl\":\"https:\/\/www.cinesouk.ma\/wp-content\/uploads\/2024\/01\/peplink.jpg\",\"datePublished\":\"2024-01-09T10:32:47+00:00\",\"dateModified\":\"2026-01-17T12:12:52+00:00\",\"description\":\"Pepwave MAX 700: A rugged, multi-WAN router with SpeedFusion technology, ideal for mobile and fixed deployments demanding constant, reliable connectivity.\",\"breadcrumb\":{\"@id\":\"https:\/\/www.cinesouk.ma\/product\/pepwave-max-700-bonding-router\/#breadcrumb\"},\"inLanguage\":\"fr-FR\",\"potentialAction\":[{\"@type\":\"ReadAction\",\"target\":[\"https:\/\/www.cinesouk.ma\/product\/pepwave-max-700-bonding-router\/\"]}]},{\"@type\":\"ImageObject\",\"inLanguage\":\"fr-FR\",\"@id\":\"https:\/\/www.cinesouk.ma\/product\/pepwave-max-700-bonding-router\/#primaryimage\",\"url\":\"https:\/\/www.cinesouk.ma\/wp-content\/uploads\/2024\/01\/peplink.jpg\",\"contentUrl\":\"https:\/\/www.cinesouk.ma\/wp-content\/uploads\/2024\/01\/peplink.jpg\",\"width\":300,\"height\":238},{\"@type\":\"BreadcrumbList\",\"@id\":\"https:\/\/www.cinesouk.ma\/product\/pepwave-max-700-bonding-router\/#breadcrumb\",\"itemListElement\":[{\"@type\":\"ListItem\",\"position\":1,\"name\":\"Home\",\"item\":\"https:\/\/www.cinesouk.ma\/\"},{\"@type\":\"ListItem\",\"position\":2,\"name\":\"Shop\",\"item\":\"https:\/\/www.cinesouk.ma\/shop\/\"},{\"@type\":\"ListItem\",\"position\":3,\"name\":\"Pepwave MAX 700 Bonding Router\"}]},{\"@type\":\"WebSite\",\"@id\":\"https:\/\/www.cinesouk.ma\/#website\",\"url\":\"https:\/\/www.cinesouk.ma\/\",\"name\":\"CineSouk\",\"description\":\"\",\"publisher\":{\"@id\":\"https:\/\/www.cinesouk.ma\/#organization\"},\"potentialAction\":[{\"@type\":\"SearchAction\",\"target\":{\"@type\":\"EntryPoint\",\"urlTemplate\":\"https:\/\/www.cinesouk.ma\/?s={search_term_string}\"},\"query-input\":{\"@type\":\"PropertyValueSpecification\",\"valueRequired\":true,\"valueName\":\"search_term_string\"}}],\"inLanguage\":\"fr-FR\"},{\"@type\":\"Organization\",\"@id\":\"https:\/\/www.cinesouk.ma\/#organization\",\"name\":\"CineSouk\",\"url\":\"https:\/\/www.cinesouk.ma\/\",\"logo\":{\"@type\":\"ImageObject\",\"inLanguage\":\"fr-FR\",\"@id\":\"https:\/\/www.cinesouk.ma\/#\/schema\/logo\/image\/\",\"url\":\"https:\/\/www.cinesouk.ma\/wp-content\/uploads\/2024\/01\/CineSouk-logo-v01-alpha-alligned-left.png\",\"contentUrl\":\"https:\/\/www.cinesouk.ma\/wp-content\/uploads\/2024\/01\/CineSouk-logo-v01-alpha-alligned-left.png\",\"width\":3204,\"height\":889,\"caption\":\"CineSouk\"},\"image\":{\"@id\":\"https:\/\/www.cinesouk.ma\/#\/schema\/logo\/image\/\"}}]}<\/script>\n<!-- \/ Yoast SEO Premium plugin. -->","yoast_head_json":{"title":"Pepwave MAX 700 Bonding Router - CineSouk - For rent","description":"Pepwave MAX 700: A rugged, multi-WAN router with SpeedFusion technology, ideal for mobile and fixed deployments demanding constant, reliable connectivity.","robots":{"index":"index","follow":"follow","max-snippet":"max-snippet:-1","max-image-preview":"max-image-preview:large","max-video-preview":"max-video-preview:-1"},"canonical":"https:\/\/www.cinesouk.ma\/fr\/produit\/pepwave-max-700-bonding-router\/","og_locale":"fr_FR","og_type":"article","og_title":"Pepwave MAX 700 Bonding Router","og_description":"Pepwave MAX 700: A rugged, multi-WAN router with SpeedFusion technology, ideal for mobile and fixed deployments demanding constant, reliable connectivity.","og_url":"https:\/\/www.cinesouk.ma\/fr\/produit\/pepwave-max-700-bonding-router\/","og_site_name":"CineSouk","article_modified_time":"2026-01-17T12:12:52+00:00","og_image":[{"width":300,"height":238,"url":"https:\/\/www.cinesouk.ma\/wp-content\/uploads\/2024\/01\/peplink.jpg","type":"image\/jpeg"}],"twitter_card":"summary_large_image","twitter_description":"Pepwave MAX 700: A rugged, multi-WAN router with SpeedFusion technology, ideal for mobile and fixed deployments demanding constant, reliable connectivity.","twitter_misc":{"Dur\u00e9e de lecture estim\u00e9e":"2 minutes"},"schema":{"@context":"https:\/\/schema.org","@graph":[{"@type":"WebPage","@id":"https:\/\/www.cinesouk.ma\/product\/pepwave-max-700-bonding-router\/","url":"https:\/\/www.cinesouk.ma\/product\/pepwave-max-700-bonding-router\/","name":"Pepwave MAX 700 Bonding Router - CineSouk - For rent","isPartOf":{"@id":"https:\/\/www.cinesouk.ma\/#website"},"primaryImageOfPage":{"@id":"https:\/\/www.cinesouk.ma\/product\/pepwave-max-700-bonding-router\/#primaryimage"},"image":{"@id":"https:\/\/www.cinesouk.ma\/product\/pepwave-max-700-bonding-router\/#primaryimage"},"thumbnailUrl":"https:\/\/www.cinesouk.ma\/wp-content\/uploads\/2024\/01\/peplink.jpg","datePublished":"2024-01-09T10:32:47+00:00","dateModified":"2026-01-17T12:12:52+00:00","description":"Pepwave MAX 700: A rugged, multi-WAN router with SpeedFusion technology, ideal for mobile and fixed deployments demanding constant, reliable connectivity.","breadcrumb":{"@id":"https:\/\/www.cinesouk.ma\/product\/pepwave-max-700-bonding-router\/#breadcrumb"},"inLanguage":"fr-FR","potentialAction":[{"@type":"ReadAction","target":["https:\/\/www.cinesouk.ma\/product\/pepwave-max-700-bonding-router\/"]}]},{"@type":"ImageObject","inLanguage":"fr-FR","@id":"https:\/\/www.cinesouk.ma\/product\/pepwave-max-700-bonding-router\/#primaryimage","url":"https:\/\/www.cinesouk.ma\/wp-content\/uploads\/2024\/01\/peplink.jpg","contentUrl":"https:\/\/www.cinesouk.ma\/wp-content\/uploads\/2024\/01\/peplink.jpg","width":300,"height":238},{"@type":"BreadcrumbList","@id":"https:\/\/www.cinesouk.ma\/product\/pepwave-max-700-bonding-router\/#breadcrumb","itemListElement":[{"@type":"ListItem","position":1,"name":"Home","item":"https:\/\/www.cinesouk.ma\/"},{"@type":"ListItem","position":2,"name":"Shop","item":"https:\/\/www.cinesouk.ma\/shop\/"},{"@type":"ListItem","position":3,"name":"Pepwave MAX 700 Bonding Router"}]},{"@type":"WebSite","@id":"https:\/\/www.cinesouk.ma\/#website","url":"https:\/\/www.cinesouk.ma\/","name":"CineSouk","description":"","publisher":{"@id":"https:\/\/www.cinesouk.ma\/#organization"},"potentialAction":[{"@type":"SearchAction","target":{"@type":"EntryPoint","urlTemplate":"https:\/\/www.cinesouk.ma\/?s={search_term_string}"},"query-input":{"@type":"PropertyValueSpecification","valueRequired":true,"valueName":"search_term_string"}}],"inLanguage":"fr-FR"},{"@type":"Organization","@id":"https:\/\/www.cinesouk.ma\/#organization","name":"CineSouk","url":"https:\/\/www.cinesouk.ma\/","logo":{"@type":"ImageObject","inLanguage":"fr-FR","@id":"https:\/\/www.cinesouk.ma\/#\/schema\/logo\/image\/","url":"https:\/\/www.cinesouk.ma\/wp-content\/uploads\/2024\/01\/CineSouk-logo-v01-alpha-alligned-left.png","contentUrl":"https:\/\/www.cinesouk.ma\/wp-content\/uploads\/2024\/01\/CineSouk-logo-v01-alpha-alligned-left.png","width":3204,"height":889,"caption":"CineSouk"},"image":{"@id":"https:\/\/www.cinesouk.ma\/#\/schema\/logo\/image\/"}}]}},"_links":{"self":[{"href":"https:\/\/www.cinesouk.ma\/fr\/wp-json\/wp\/v2\/product\/1321","targetHints":{"allow":["GET"]}}],"collection":[{"href":"https:\/\/www.cinesouk.ma\/fr\/wp-json\/wp\/v2\/product"}],"about":[{"href":"https:\/\/www.cinesouk.ma\/fr\/wp-json\/wp\/v2\/types\/product"}],"wp:featuredmedia":[{"embeddable":true,"href":"https:\/\/www.cinesouk.ma\/fr\/wp-json\/wp\/v2\/media\/8318"}],"wp:attachment":[{"href":"https:\/\/www.cinesouk.ma\/fr\/wp-json\/wp\/v2\/media?parent=1321"}],"wp:term":[{"taxonomy":"product_brand","embeddable":true,"href":"https:\/\/www.cinesouk.ma\/fr\/wp-json\/wp\/v2\/product_brand?post=1321"},{"taxonomy":"product_cat","embeddable":true,"href":"https:\/\/www.cinesouk.ma\/fr\/wp-json\/wp\/v2\/product_cat?post=1321"},{"taxonomy":"product_tag","embeddable":true,"href":"https:\/\/www.cinesouk.ma\/fr\/wp-json\/wp\/v2\/product_tag?post=1321"}],"curies":[{"name":"wp","href":"https:\/\/api.w.org\/{rel}","templated":true}]}}