{"id":13229,"date":"2025-05-13T10:30:15","date_gmt":"2025-05-13T10:30:15","guid":{"rendered":"https:\/\/www.cinesouk.ma\/?post_type=product&#038;p=13229"},"modified":"2025-05-27T11:15:13","modified_gmt":"2025-05-27T11:15:13","slug":"db-technologies-fmx-15-stage-monitor","status":"publish","type":"product","link":"https:\/\/www.cinesouk.ma\/fr\/produit\/db-technologies-fmx-15-stage-monitor\/","title":{"rendered":"dB Technologies FMX 15 - Moniteur de sc\u00e8ne"},"content":{"rendered":"<p class=\"\" data-start=\"253\" data-end=\"662\">Le FMX 15 de dB Technologies est un moniteur de sc\u00e8ne actif professionnel \u00e0 2 voies con\u00e7u pour fournir un son clair, puissant et coh\u00e9rent pour les performances en direct. Dot\u00e9 d'un woofer coaxial de 15 pouces et d'un haut-parleur de compression de 1 pouce, il offre un alignement de phase pr\u00e9cis et une large dispersion sonore. Qu'il soit utilis\u00e9 au sol ou mont\u00e9 sur un poteau, le FMX 15 offre une excellente couverture et un rendement \u00e9lev\u00e9.<\/p>\n<p class=\"\" data-start=\"664\" data-end=\"915\">Son robuste amplificateur de classe D d\u00e9livre 600 W RMS (1200 W cr\u00eate), ce qui le rend id\u00e9al pour les environnements sc\u00e9niques exigeants. De plus, le DSP avanc\u00e9 avec filtres FIR et 8 pr\u00e9r\u00e9glages d'\u00e9galisation permet aux utilisateurs d'ajuster la sortie en fonction des voix, des instruments ou des discours.<\/p>\n<h3 class=\"\" data-start=\"922\" data-end=\"938\">Caract\u00e9ristiques principales<\/h3>\n<ul data-start=\"940\" data-end=\"1581\">\n<li class=\"\" data-start=\"940\" data-end=\"1053\">\n<p class=\"\" data-start=\"942\" data-end=\"1053\"><strong data-start=\"942\" data-end=\"967\">Configuration du haut-parleur<\/strong>: 15\u2033 LF driver with 2\u2033 voice coil and 1\u2033 HF compression driver with 1.3\u2033 voice coil<\/p>\n<\/li>\n<li class=\"\" data-start=\"1054\" data-end=\"1107\">\n<p class=\"\" data-start=\"1056\" data-end=\"1107\"><strong data-start=\"1056\" data-end=\"1073\">Amplification<\/strong>: Classe D, 600 W RMS \/ 1200 W cr\u00eate<\/p>\n<\/li>\n<li class=\"\" data-start=\"1108\" data-end=\"1162\">\n<p class=\"\" data-start=\"1110\" data-end=\"1162\"><strong data-start=\"1110\" data-end=\"1132\">R\u00e9ponse en fr\u00e9quence<\/strong>: 46 Hz - 19 000 Hz (-10 dB)<\/p>\n<\/li>\n<li class=\"\" data-start=\"1163\" data-end=\"1190\">\n<p class=\"\" data-start=\"1165\" data-end=\"1190\"><strong data-start=\"1165\" data-end=\"1180\">SPL maximum<\/strong>: 128 dB<\/p>\n<\/li>\n<li class=\"\" data-start=\"1191\" data-end=\"1260\">\n<p class=\"\" data-start=\"1193\" data-end=\"1260\"><strong data-start=\"1193\" data-end=\"1200\">DSP<\/strong>Convertisseurs : 28\/56 bits avec 24 bits\/48 kHz et 8 pr\u00e9r\u00e9glages d'\u00e9galisation<\/p>\n<\/li>\n<li class=\"\" data-start=\"1261\" data-end=\"1317\">\n<p class=\"\" data-start=\"1263\" data-end=\"1317\"><strong data-start=\"1263\" data-end=\"1286\">Fr\u00e9quence de croisement<\/strong>: 1740 Hz, pente de 24 dB\/octave<\/p>\n<\/li>\n<li class=\"\" data-start=\"1318\" data-end=\"1384\">\n<p class=\"\" data-start=\"1320\" data-end=\"1384\"><strong data-start=\"1320\" data-end=\"1332\">Couverture<\/strong>Pavillon \u00e0 lames : pavillon orientable de 60\u00b0 x 90\u00b0 pour une dispersion flexible<\/p>\n<\/li>\n<li class=\"\" data-start=\"1385\" data-end=\"1469\">\n<p class=\"\" data-start=\"1387\" data-end=\"1469\"><strong data-start=\"1387\" data-end=\"1403\">La construction<\/strong>: Bo\u00eetier robuste en contreplaqu\u00e9 avec poign\u00e9e int\u00e9gr\u00e9e et fixation sur poteau<\/p>\n<\/li>\n<li class=\"\" data-start=\"1470\" data-end=\"1520\">\n<p class=\"\" data-start=\"1472\" data-end=\"1520\"><strong data-start=\"1472\" data-end=\"1484\">Montage<\/strong>: Cale de sol ou douille de poteau de 36 mm<\/p>\n<\/li>\n<li class=\"\" data-start=\"1521\" data-end=\"1559\">\n<p class=\"\" data-start=\"1523\" data-end=\"1559\"><strong data-start=\"1523\" data-end=\"1537\">Dimensions<\/strong>: 500 x 340 x 500 mm<\/p>\n<\/li>\n<li class=\"\" data-start=\"1560\" data-end=\"1581\">\n<p class=\"\" data-start=\"1562\" data-end=\"1581\"><strong data-start=\"1562\" data-end=\"1572\">Poids<\/strong>: 16,9 kg<\/p>\n<\/li>\n<\/ul>\n<p class=\"\" data-start=\"1602\" data-end=\"1921\">Le FMX 15 de dB Technologies offre une solution de monitoring puissante et flexible pour les professionnels. Avec sa conception coaxiale, son niveau de pression acoustique \u00e9lev\u00e9 et son traitement num\u00e9rique, il garantit un son pr\u00e9cis sur sc\u00e8ne, que ce soit pour les voix, les instruments ou la lecture. Durable et adaptable, il est con\u00e7u pour les tourn\u00e9es, les locations ou les installations fixes.<\/p>\n<p>&nbsp;<\/p>\n<p>Louez-le maintenant sur <a href=\"https:\/\/www.cinesouk.ma\/fr\">CINESOUK<\/a> - une marque de <a href=\"https:\/\/www.broadway.ma\/\">BROADWAY PRODUCTIONS SARL.<\/a><\/p>","protected":false},"excerpt":{"rendered":"<h3>Sp\u00e9cifications :<\/h3>\n<p class=\"\" data-start=\"205\" data-end=\"224\"><strong data-start=\"205\" data-end=\"222\">Donn\u00e9es acoustiques<\/strong><\/p>\n<ul data-start=\"225\" data-end=\"473\">\n<li class=\"\" data-start=\"225\" data-end=\"281\">\n<p class=\"\" data-start=\"227\" data-end=\"281\"><strong data-start=\"227\" data-end=\"243\">Type de haut-parleur<\/strong>Moniteur de sc\u00e8ne coaxial actif \u00e0 2 voies : moniteur de sc\u00e8ne actif \u00e0 2 voies<\/p>\n<\/li>\n<li class=\"\" data-start=\"282\" data-end=\"336\">\n<p class=\"\" data-start=\"284\" data-end=\"336\"><strong data-start=\"284\" data-end=\"315\">R\u00e9ponse en fr\u00e9quence (-10 dB)<\/strong>: 46 Hz - 19 000 Hz<\/p>\n<\/li>\n<li class=\"\" data-start=\"337\" data-end=\"360\">\n<p class=\"\" data-start=\"339\" data-end=\"360\"><strong data-start=\"339\" data-end=\"350\">SPL max.<\/strong>: 128 dB<\/p>\n<\/li>\n<li class=\"\" data-start=\"361\" data-end=\"411\">\n<p class=\"\" data-start=\"363\" data-end=\"411\"><strong data-start=\"363\" data-end=\"383\">Mod\u00e8le de couverture<\/strong>Cornet : 60\u00b0 x 90\u00b0 rotatif<\/p>\n<\/li>\n<li class=\"\" data-start=\"412\" data-end=\"473\">\n<p class=\"\" data-start=\"414\" data-end=\"473\"><strong data-start=\"414\" data-end=\"437\">Fr\u00e9quence de croisement<\/strong>: 1740 Hz (24 dB\/oct Linkwitz-Riley)<\/p>\n<\/li>\n<\/ul>\n<p class=\"\" data-start=\"475\" data-end=\"488\"><strong data-start=\"475\" data-end=\"486\">Conducteurs<\/strong><\/p>\n<ul data-start=\"489\" data-end=\"648\">\n<li class=\"\" data-start=\"489\" data-end=\"548\">\n<p class=\"\" data-start=\"491\" data-end=\"548\"><strong data-start=\"491\" data-end=\"515\">Conducteur basse fr\u00e9quence<\/strong>: woofer de 15\u2033 avec bobine vocale de 2\u2033.<\/p>\n<\/li>\n<li class=\"\" data-start=\"549\" data-end=\"622\">\n<p class=\"\" data-start=\"551\" data-end=\"622\"><strong data-start=\"551\" data-end=\"576\">Conducteur haute fr\u00e9quence<\/strong>: Haut-parleur \u00e0 compression de 1\u2033 avec bobine mobile de 1,3<\/p>\n<\/li>\n<li class=\"\" data-start=\"623\" data-end=\"648\">\n<p class=\"\" data-start=\"625\" data-end=\"648\"><strong data-start=\"625\" data-end=\"643\">Conception coaxiale<\/strong>: Oui<\/p>\n<\/li>\n<\/ul>\n<p class=\"\" data-start=\"650\" data-end=\"665\"><strong data-start=\"650\" data-end=\"663\">Amplificateur<\/strong><\/p>\n<ul data-start=\"666\" data-end=\"789\">\n<li class=\"\" data-start=\"666\" data-end=\"697\">\n<p class=\"\" data-start=\"668\" data-end=\"697\"><strong data-start=\"668\" data-end=\"686\">Technologie de l'amplificateur<\/strong>: Classe D<\/p>\n<\/li>\n<li class=\"\" data-start=\"698\" data-end=\"729\">\n<p class=\"\" data-start=\"700\" data-end=\"729\"><strong data-start=\"700\" data-end=\"720\">Puissance de sortie RMS<\/strong>: 600 W<\/p>\n<\/li>\n<li class=\"\" data-start=\"730\" data-end=\"763\">\n<p class=\"\" data-start=\"732\" data-end=\"763\"><strong data-start=\"732\" data-end=\"753\">Puissance de sortie de cr\u00eate<\/strong>: 1200 W<\/p>\n<\/li>\n<li class=\"\" data-start=\"764\" data-end=\"789\">\n<p class=\"\" data-start=\"766\" data-end=\"789\"><strong data-start=\"766\" data-end=\"777\">Refroidissement<\/strong>: Convection<\/p>\n<\/li>\n<\/ul>\n<p class=\"\" data-start=\"791\" data-end=\"813\"><strong data-start=\"791\" data-end=\"811\">Processing (DSP)<\/strong><\/p>\n<ul data-start=\"814\" data-end=\"1033\">\n<li class=\"\" data-start=\"814\" data-end=\"872\">\n<p class=\"\" data-start=\"816\" data-end=\"872\"><strong data-start=\"816\" data-end=\"834\">R\u00e9solution DSP<\/strong>Convertisseurs AD\/DA 28\/56 bits, 24 bits<\/p>\n<\/li>\n<li class=\"\" data-start=\"873\" data-end=\"902\">\n<p class=\"\" data-start=\"875\" data-end=\"902\"><strong data-start=\"875\" data-end=\"892\">Taux d'\u00e9chantillonnage<\/strong>: 48 kHz<\/p>\n<\/li>\n<li class=\"\" data-start=\"903\" data-end=\"950\">\n<p class=\"\" data-start=\"905\" data-end=\"950\"><strong data-start=\"905\" data-end=\"923\">Pr\u00e9r\u00e9glages du syst\u00e8me<\/strong>EQ : 8 pr\u00e9r\u00e9glages d'\u00e9galisation s\u00e9lectionnables<\/p>\n<\/li>\n<li class=\"\" data-start=\"951\" data-end=\"975\">\n<p class=\"\" data-start=\"953\" data-end=\"975\"><strong data-start=\"953\" data-end=\"968\">Filtres FIR<\/strong>: Oui<\/p>\n<\/li>\n<li class=\"\" data-start=\"976\" data-end=\"1033\">\n<p class=\"\" data-start=\"978\" data-end=\"1033\"><strong data-start=\"978\" data-end=\"989\">Limiteur<\/strong>: Double limiteur actif de cr\u00eate, de valeur efficace et thermique<\/p>\n<\/li>\n<\/ul>\n<p class=\"\" data-start=\"1035\" data-end=\"1052\"><strong data-start=\"1035\" data-end=\"1050\">Connexions<\/strong><\/p>\n<ul data-start=\"1053\" data-end=\"1208\">\n<li class=\"\" data-start=\"1053\" data-end=\"1084\">\n<p class=\"\" data-start=\"1055\" data-end=\"1084\"><strong data-start=\"1055\" data-end=\"1064\">Entr\u00e9e<\/strong>: 1 x XLR sym\u00e9trique<\/p>\n<\/li>\n<li class=\"\" data-start=\"1085\" data-end=\"1117\">\n<p class=\"\" data-start=\"1087\" data-end=\"1117\"><strong data-start=\"1087\" data-end=\"1097\">Sortie<\/strong>: 1 x sortie de liaison XLR<\/p>\n<\/li>\n<li class=\"\" data-start=\"1118\" data-end=\"1161\">\n<p class=\"\" data-start=\"1120\" data-end=\"1161\"><strong data-start=\"1120\" data-end=\"1141\">Sensibilit\u00e9 d'entr\u00e9e<\/strong>: -10 dBu \/ +4 dBu<\/p>\n<\/li>\n<li class=\"\" data-start=\"1162\" data-end=\"1208\">\n<p class=\"\" data-start=\"1164\" data-end=\"1208\"><strong data-start=\"1164\" data-end=\"1180\">Alimentation \u00e9lectrique<\/strong>: Prise IEC avec cordon d'alimentation<\/p>\n<\/li>\n<\/ul>\n<p class=\"\" data-start=\"1210\" data-end=\"1223\"><strong data-start=\"1210\" data-end=\"1221\">Cabinet<\/strong><\/p>\n<ul data-start=\"1224\" data-end=\"1444\">\n<li class=\"\" data-start=\"1224\" data-end=\"1249\">\n<p class=\"\" data-start=\"1226\" data-end=\"1249\"><strong data-start=\"1226\" data-end=\"1238\">Mat\u00e9riau<\/strong>: Contreplaqu\u00e9<\/p>\n<\/li>\n<li class=\"\" data-start=\"1250\" data-end=\"1286\">\n<p class=\"\" data-start=\"1252\" data-end=\"1286\"><strong data-start=\"1252\" data-end=\"1262\">Finition<\/strong>: Peinture textur\u00e9e noire<\/p>\n<\/li>\n<li class=\"\" data-start=\"1287\" data-end=\"1326\">\n<p class=\"\" data-start=\"1289\" data-end=\"1326\"><strong data-start=\"1289\" data-end=\"1299\">Grille<\/strong>: Grille m\u00e9tallique avant compl\u00e8te<\/p>\n<\/li>\n<li class=\"\" data-start=\"1327\" data-end=\"1368\">\n<p class=\"\" data-start=\"1329\" data-end=\"1368\"><strong data-start=\"1329\" data-end=\"1340\">Poign\u00e9es<\/strong>: 1 poign\u00e9e lat\u00e9rale int\u00e9gr\u00e9e<\/p>\n<\/li>\n<li class=\"\" data-start=\"1369\" data-end=\"1410\">\n<p class=\"\" data-start=\"1371\" data-end=\"1410\"><strong data-start=\"1371\" data-end=\"1385\">Montage sur poteau<\/strong>: Prise standard de 36 mm<\/p>\n<\/li>\n<li class=\"\" data-start=\"1411\" data-end=\"1444\">\n<p class=\"\" data-start=\"1413\" data-end=\"1444\"><strong data-start=\"1413\" data-end=\"1431\">Angles du moniteur<\/strong>: 45\u00b0 et 60\u00b0.<\/p>\n<\/li>\n<\/ul>\n<p class=\"\" data-start=\"1446\" data-end=\"1460\"><strong data-start=\"1446\" data-end=\"1458\">Physique<\/strong><\/p>\n<ul data-start=\"1461\" data-end=\"1535\">\n<li class=\"\" data-start=\"1461\" data-end=\"1511\">\n<p class=\"\" data-start=\"1463\" data-end=\"1511\"><strong data-start=\"1463\" data-end=\"1489\">Dimensions (L x H x P)<\/strong>: 500 x 340 x 500 mm<\/p>\n<\/li>\n<li class=\"\" data-start=\"1512\" data-end=\"1535\">\n<p class=\"\" data-start=\"1514\" data-end=\"1535\"><strong data-start=\"1514\" data-end=\"1524\">Poids<\/strong>: 16,9 kg<\/p>\n<\/li>\n<\/ul>","protected":false},"featured_media":13240,"template":"","meta":{"om_disable_all_campaigns":false,"_monsterinsights_skip_tracking":false,"_monsterinsights_sitenote_active":false,"_monsterinsights_sitenote_note":"","_monsterinsights_sitenote_category":0,"_uf_show_specific_survey":0,"_uf_disable_surveys":false},"product_brand":[],"product_cat":[86,35,97],"product_tag":[],"class_list":{"0":"post-13229","1":"product","2":"type-product","3":"status-publish","4":"has-post-thumbnail","6":"product_cat-foh-cinesouk","7":"product_cat-sound-cinesouk","8":"product_cat-state-monitors-eventsouk","10":"entry","11":"has-media","13":"first","14":"instock","15":"taxable","16":"shipping-taxable","17":"purchasable","18":"product-type-variable","19":"has-product-nav","20":"col","21":"span_1_of_3","22":"owp-content-center","23":"owp-thumbs-layout-horizontal","24":"owp-btn-normal","25":"owp-tabs-layout-horizontal","26":"has-no-thumbnails"},"yoast_head":"<!-- This site is optimized with the Yoast SEO Premium plugin v26.0 (Yoast SEO v26.0) - https:\/\/yoast.com\/wordpress\/plugins\/seo\/ -->\n<title>dB Technologies FMX 15 - Stage Monitor - CineSouk - For rent<\/title>\n<meta name=\"description\" content=\"The dB Technologies FMX 15 is a 1200W active 15&quot; coaxial stage monitor with rotatable horn and DSP, delivering clear and powerful sound for professional live performance.\" \/>\n<meta name=\"robots\" content=\"index, follow, max-snippet:-1, max-image-preview:large, max-video-preview:-1\" \/>\n<link rel=\"canonical\" href=\"https:\/\/www.cinesouk.ma\/fr\/produit\/db-technologies-fmx-15-stage-monitor\/\" \/>\n<meta property=\"og:locale\" content=\"fr_FR\" \/>\n<meta property=\"og:type\" content=\"article\" \/>\n<meta property=\"og:title\" content=\"dB Technologies FMX 15 - Stage Monitor\" \/>\n<meta property=\"og:description\" content=\"The dB Technologies FMX 15 is a 1200W active 15&quot; coaxial stage monitor with rotatable horn and DSP, delivering clear and powerful sound for professional live performance.\" \/>\n<meta property=\"og:url\" content=\"https:\/\/www.cinesouk.ma\/fr\/produit\/db-technologies-fmx-15-stage-monitor\/\" \/>\n<meta property=\"og:site_name\" content=\"CineSouk\" \/>\n<meta property=\"article:modified_time\" content=\"2025-05-27T11:15:13+00:00\" \/>\n<meta property=\"og:image\" content=\"https:\/\/www.cinesouk.ma\/wp-content\/uploads\/2025\/05\/dB-Technologies-FMX-15-Stage-Monitor.jpg\" \/>\n\t<meta property=\"og:image:width\" content=\"300\" \/>\n\t<meta property=\"og:image:height\" content=\"238\" \/>\n\t<meta property=\"og:image:type\" content=\"image\/jpeg\" \/>\n<meta name=\"twitter:card\" content=\"summary_large_image\" \/>\n<meta name=\"twitter:description\" content=\"The dB Technologies FMX 15 is a 1200W active 15&quot; coaxial stage monitor with rotatable horn and DSP, delivering clear and powerful sound for professional live performance.\" \/>\n<meta name=\"twitter:label1\" content=\"Dur\u00e9e de lecture estim\u00e9e\" \/>\n\t<meta name=\"twitter:data1\" content=\"2 minutes\" \/>\n<script type=\"application\/ld+json\" class=\"yoast-schema-graph\">{\"@context\":\"https:\/\/schema.org\",\"@graph\":[{\"@type\":\"WebPage\",\"@id\":\"https:\/\/www.cinesouk.ma\/product\/db-technologies-fmx-15-stage-monitor\/\",\"url\":\"https:\/\/www.cinesouk.ma\/product\/db-technologies-fmx-15-stage-monitor\/\",\"name\":\"dB Technologies FMX 15 - Stage Monitor - CineSouk - For rent\",\"isPartOf\":{\"@id\":\"https:\/\/www.cinesouk.ma\/#website\"},\"primaryImageOfPage\":{\"@id\":\"https:\/\/www.cinesouk.ma\/product\/db-technologies-fmx-15-stage-monitor\/#primaryimage\"},\"image\":{\"@id\":\"https:\/\/www.cinesouk.ma\/product\/db-technologies-fmx-15-stage-monitor\/#primaryimage\"},\"thumbnailUrl\":\"https:\/\/www.cinesouk.ma\/wp-content\/uploads\/2025\/05\/dB-Technologies-FMX-15-Stage-Monitor.jpg\",\"datePublished\":\"2025-05-13T10:30:15+00:00\",\"dateModified\":\"2025-05-27T11:15:13+00:00\",\"description\":\"The dB Technologies FMX 15 is a 1200W active 15\\\" coaxial stage monitor with rotatable horn and DSP, delivering clear and powerful sound for professional live performance.\",\"breadcrumb\":{\"@id\":\"https:\/\/www.cinesouk.ma\/product\/db-technologies-fmx-15-stage-monitor\/#breadcrumb\"},\"inLanguage\":\"fr-FR\",\"potentialAction\":[{\"@type\":\"ReadAction\",\"target\":[\"https:\/\/www.cinesouk.ma\/product\/db-technologies-fmx-15-stage-monitor\/\"]}]},{\"@type\":\"ImageObject\",\"inLanguage\":\"fr-FR\",\"@id\":\"https:\/\/www.cinesouk.ma\/product\/db-technologies-fmx-15-stage-monitor\/#primaryimage\",\"url\":\"https:\/\/www.cinesouk.ma\/wp-content\/uploads\/2025\/05\/dB-Technologies-FMX-15-Stage-Monitor.jpg\",\"contentUrl\":\"https:\/\/www.cinesouk.ma\/wp-content\/uploads\/2025\/05\/dB-Technologies-FMX-15-Stage-Monitor.jpg\",\"width\":300,\"height\":238,\"caption\":\"dB Technologies FMX 15 - Stage Monitor\"},{\"@type\":\"BreadcrumbList\",\"@id\":\"https:\/\/www.cinesouk.ma\/product\/db-technologies-fmx-15-stage-monitor\/#breadcrumb\",\"itemListElement\":[{\"@type\":\"ListItem\",\"position\":1,\"name\":\"Home\",\"item\":\"https:\/\/www.cinesouk.ma\/\"},{\"@type\":\"ListItem\",\"position\":2,\"name\":\"Shop\",\"item\":\"https:\/\/www.cinesouk.ma\/shop\/\"},{\"@type\":\"ListItem\",\"position\":3,\"name\":\"dB Technologies FMX 15 &#8211; Stage Monitor\"}]},{\"@type\":\"WebSite\",\"@id\":\"https:\/\/www.cinesouk.ma\/#website\",\"url\":\"https:\/\/www.cinesouk.ma\/\",\"name\":\"CineSouk\",\"description\":\"\",\"publisher\":{\"@id\":\"https:\/\/www.cinesouk.ma\/#organization\"},\"potentialAction\":[{\"@type\":\"SearchAction\",\"target\":{\"@type\":\"EntryPoint\",\"urlTemplate\":\"https:\/\/www.cinesouk.ma\/?s={search_term_string}\"},\"query-input\":{\"@type\":\"PropertyValueSpecification\",\"valueRequired\":true,\"valueName\":\"search_term_string\"}}],\"inLanguage\":\"fr-FR\"},{\"@type\":\"Organization\",\"@id\":\"https:\/\/www.cinesouk.ma\/#organization\",\"name\":\"CineSouk\",\"url\":\"https:\/\/www.cinesouk.ma\/\",\"logo\":{\"@type\":\"ImageObject\",\"inLanguage\":\"fr-FR\",\"@id\":\"https:\/\/www.cinesouk.ma\/#\/schema\/logo\/image\/\",\"url\":\"https:\/\/www.cinesouk.ma\/wp-content\/uploads\/2024\/01\/CineSouk-logo-v01-alpha-alligned-left.png\",\"contentUrl\":\"https:\/\/www.cinesouk.ma\/wp-content\/uploads\/2024\/01\/CineSouk-logo-v01-alpha-alligned-left.png\",\"width\":3204,\"height\":889,\"caption\":\"CineSouk\"},\"image\":{\"@id\":\"https:\/\/www.cinesouk.ma\/#\/schema\/logo\/image\/\"}}]}<\/script>\n<!-- \/ Yoast SEO Premium plugin. -->","yoast_head_json":{"title":"dB Technologies FMX 15 - Stage Monitor - CineSouk - For rent","description":"The dB Technologies FMX 15 is a 1200W active 15\" coaxial stage monitor with rotatable horn and DSP, delivering clear and powerful sound for professional live performance.","robots":{"index":"index","follow":"follow","max-snippet":"max-snippet:-1","max-image-preview":"max-image-preview:large","max-video-preview":"max-video-preview:-1"},"canonical":"https:\/\/www.cinesouk.ma\/fr\/produit\/db-technologies-fmx-15-stage-monitor\/","og_locale":"fr_FR","og_type":"article","og_title":"dB Technologies FMX 15 - Stage Monitor","og_description":"The dB Technologies FMX 15 is a 1200W active 15\" coaxial stage monitor with rotatable horn and DSP, delivering clear and powerful sound for professional live performance.","og_url":"https:\/\/www.cinesouk.ma\/fr\/produit\/db-technologies-fmx-15-stage-monitor\/","og_site_name":"CineSouk","article_modified_time":"2025-05-27T11:15:13+00:00","og_image":[{"width":300,"height":238,"url":"https:\/\/www.cinesouk.ma\/wp-content\/uploads\/2025\/05\/dB-Technologies-FMX-15-Stage-Monitor.jpg","type":"image\/jpeg"}],"twitter_card":"summary_large_image","twitter_description":"The dB Technologies FMX 15 is a 1200W active 15\" coaxial stage monitor with rotatable horn and DSP, delivering clear and powerful sound for professional live performance.","twitter_misc":{"Dur\u00e9e de lecture estim\u00e9e":"2 minutes"},"schema":{"@context":"https:\/\/schema.org","@graph":[{"@type":"WebPage","@id":"https:\/\/www.cinesouk.ma\/product\/db-technologies-fmx-15-stage-monitor\/","url":"https:\/\/www.cinesouk.ma\/product\/db-technologies-fmx-15-stage-monitor\/","name":"dB Technologies FMX 15 - Stage Monitor - CineSouk - For rent","isPartOf":{"@id":"https:\/\/www.cinesouk.ma\/#website"},"primaryImageOfPage":{"@id":"https:\/\/www.cinesouk.ma\/product\/db-technologies-fmx-15-stage-monitor\/#primaryimage"},"image":{"@id":"https:\/\/www.cinesouk.ma\/product\/db-technologies-fmx-15-stage-monitor\/#primaryimage"},"thumbnailUrl":"https:\/\/www.cinesouk.ma\/wp-content\/uploads\/2025\/05\/dB-Technologies-FMX-15-Stage-Monitor.jpg","datePublished":"2025-05-13T10:30:15+00:00","dateModified":"2025-05-27T11:15:13+00:00","description":"The dB Technologies FMX 15 is a 1200W active 15\" coaxial stage monitor with rotatable horn and DSP, delivering clear and powerful sound for professional live performance.","breadcrumb":{"@id":"https:\/\/www.cinesouk.ma\/product\/db-technologies-fmx-15-stage-monitor\/#breadcrumb"},"inLanguage":"fr-FR","potentialAction":[{"@type":"ReadAction","target":["https:\/\/www.cinesouk.ma\/product\/db-technologies-fmx-15-stage-monitor\/"]}]},{"@type":"ImageObject","inLanguage":"fr-FR","@id":"https:\/\/www.cinesouk.ma\/product\/db-technologies-fmx-15-stage-monitor\/#primaryimage","url":"https:\/\/www.cinesouk.ma\/wp-content\/uploads\/2025\/05\/dB-Technologies-FMX-15-Stage-Monitor.jpg","contentUrl":"https:\/\/www.cinesouk.ma\/wp-content\/uploads\/2025\/05\/dB-Technologies-FMX-15-Stage-Monitor.jpg","width":300,"height":238,"caption":"dB Technologies FMX 15 - Stage Monitor"},{"@type":"BreadcrumbList","@id":"https:\/\/www.cinesouk.ma\/product\/db-technologies-fmx-15-stage-monitor\/#breadcrumb","itemListElement":[{"@type":"ListItem","position":1,"name":"Home","item":"https:\/\/www.cinesouk.ma\/"},{"@type":"ListItem","position":2,"name":"Shop","item":"https:\/\/www.cinesouk.ma\/shop\/"},{"@type":"ListItem","position":3,"name":"dB Technologies FMX 15 &#8211; Stage Monitor"}]},{"@type":"WebSite","@id":"https:\/\/www.cinesouk.ma\/#website","url":"https:\/\/www.cinesouk.ma\/","name":"CineSouk","description":"","publisher":{"@id":"https:\/\/www.cinesouk.ma\/#organization"},"potentialAction":[{"@type":"SearchAction","target":{"@type":"EntryPoint","urlTemplate":"https:\/\/www.cinesouk.ma\/?s={search_term_string}"},"query-input":{"@type":"PropertyValueSpecification","valueRequired":true,"valueName":"search_term_string"}}],"inLanguage":"fr-FR"},{"@type":"Organization","@id":"https:\/\/www.cinesouk.ma\/#organization","name":"CineSouk","url":"https:\/\/www.cinesouk.ma\/","logo":{"@type":"ImageObject","inLanguage":"fr-FR","@id":"https:\/\/www.cinesouk.ma\/#\/schema\/logo\/image\/","url":"https:\/\/www.cinesouk.ma\/wp-content\/uploads\/2024\/01\/CineSouk-logo-v01-alpha-alligned-left.png","contentUrl":"https:\/\/www.cinesouk.ma\/wp-content\/uploads\/2024\/01\/CineSouk-logo-v01-alpha-alligned-left.png","width":3204,"height":889,"caption":"CineSouk"},"image":{"@id":"https:\/\/www.cinesouk.ma\/#\/schema\/logo\/image\/"}}]}},"_links":{"self":[{"href":"https:\/\/www.cinesouk.ma\/fr\/wp-json\/wp\/v2\/product\/13229","targetHints":{"allow":["GET"]}}],"collection":[{"href":"https:\/\/www.cinesouk.ma\/fr\/wp-json\/wp\/v2\/product"}],"about":[{"href":"https:\/\/www.cinesouk.ma\/fr\/wp-json\/wp\/v2\/types\/product"}],"wp:featuredmedia":[{"embeddable":true,"href":"https:\/\/www.cinesouk.ma\/fr\/wp-json\/wp\/v2\/media\/13240"}],"wp:attachment":[{"href":"https:\/\/www.cinesouk.ma\/fr\/wp-json\/wp\/v2\/media?parent=13229"}],"wp:term":[{"taxonomy":"product_brand","embeddable":true,"href":"https:\/\/www.cinesouk.ma\/fr\/wp-json\/wp\/v2\/product_brand?post=13229"},{"taxonomy":"product_cat","embeddable":true,"href":"https:\/\/www.cinesouk.ma\/fr\/wp-json\/wp\/v2\/product_cat?post=13229"},{"taxonomy":"product_tag","embeddable":true,"href":"https:\/\/www.cinesouk.ma\/fr\/wp-json\/wp\/v2\/product_tag?post=13229"}],"curies":[{"name":"wp","href":"https:\/\/api.w.org\/{rel}","templated":true}]}}