{"id":13242,"date":"2025-05-14T11:53:24","date_gmt":"2025-05-14T11:53:24","guid":{"rendered":"https:\/\/www.cinesouk.ma\/?post_type=product&#038;p=13242"},"modified":"2025-05-27T12:59:26","modified_gmt":"2025-05-27T12:59:26","slug":"db-technologies-es602-compact-column-pa-system","status":"publish","type":"product","link":"https:\/\/www.cinesouk.ma\/fr\/produit\/db-technologies-es602-compact-column-pa-system\/","title":{"rendered":"dB Technologies ES602 - Syst\u00e8me de sonorisation compact \u00e0 colonnes"},"content":{"rendered":"<p class=\"\" data-start=\"247\" data-end=\"738\">L'ES602 de dB Technologies est un syst\u00e8me de sonorisation sur colonne l\u00e9ger et portable, con\u00e7u pour les spectacles de petite et moyenne envergure, les \u00e9v\u00e9nements d'entreprise et les installations de DJ mobiles. Il combine un subwoofer de 10\u2033 avec un haut de colonne passif contenant quatre haut-parleurs en n\u00e9odyme de 3\u2033, offrant un son pleine gamme de haute qualit\u00e9 dans un design compact et facile \u00e0 mettre en place. Avec une puissance de cr\u00eate de 800 watts et un traitement DSP avanc\u00e9, l'ES602 offre clart\u00e9, punch et flexibilit\u00e9 dans un format \u00e9l\u00e9gant et modulaire.<\/p>\n<h3 class=\"\" data-start=\"745\" data-end=\"761\">Caract\u00e9ristiques principales<\/h3>\n<ul data-start=\"763\" data-end=\"1405\">\n<li class=\"\" data-start=\"763\" data-end=\"830\">\n<p class=\"\" data-start=\"765\" data-end=\"830\"><strong data-start=\"765\" data-end=\"784\">Puissance de sortie<\/strong>800 W cr\u00eate via l'amplificateur de classe D Digipro G3<\/p>\n<\/li>\n<li class=\"\" data-start=\"831\" data-end=\"897\">\n<p class=\"\" data-start=\"833\" data-end=\"897\"><strong data-start=\"833\" data-end=\"853\">Son \u00e0 large bande<\/strong>: Subwoofer de 10\u2033 + 4 x 3\u2033 haut-parleurs en n\u00e9odyme<\/p>\n<\/li>\n<li class=\"\" data-start=\"898\" data-end=\"963\">\n<p class=\"\" data-start=\"900\" data-end=\"963\"><strong data-start=\"900\" data-end=\"917\">Large couverture<\/strong>Dispersion horizontale de 95\u00b0 et verticale de 65<\/p>\n<\/li>\n<li class=\"\" data-start=\"964\" data-end=\"1055\">\n<p class=\"\" data-start=\"966\" data-end=\"1055\"><strong data-start=\"966\" data-end=\"988\">DSP avec 8 pr\u00e9r\u00e9glages<\/strong>: Adaptez votre son aux clubs, aux discours, \u00e0 la lecture, aux moniteurs, etc.<\/p>\n<\/li>\n<li class=\"\" data-start=\"1056\" data-end=\"1114\">\n<p class=\"\" data-start=\"1058\" data-end=\"1114\"><strong data-start=\"1058\" data-end=\"1072\">Mise en place rapide<\/strong>: Conception modulaire avec toit montable sur poteau<\/p>\n<\/li>\n<li class=\"\" data-start=\"1115\" data-end=\"1178\">\n<p class=\"\" data-start=\"1117\" data-end=\"1178\"><strong data-start=\"1117\" data-end=\"1139\">Options de double entr\u00e9e<\/strong>: Entr\u00e9e combin\u00e9e XLR\/Jack et RCA st\u00e9r\u00e9o<\/p>\n<\/li>\n<li class=\"\" data-start=\"1179\" data-end=\"1242\">\n<p class=\"\" data-start=\"1181\" data-end=\"1242\"><strong data-start=\"1181\" data-end=\"1205\">Sortie de liaison sym\u00e9trique<\/strong>: Pour connecter des syst\u00e8mes suppl\u00e9mentaires<\/p>\n<\/li>\n<li class=\"\" data-start=\"1243\" data-end=\"1334\">\n<p class=\"\" data-start=\"1245\" data-end=\"1334\"><strong data-start=\"1245\" data-end=\"1268\">Construction robuste<\/strong>: Support en contreplaqu\u00e9 de bouleau de 15 mm ; plateau en polypropyl\u00e8ne durable<\/p>\n<\/li>\n<li class=\"\" data-start=\"1335\" data-end=\"1405\">\n<p class=\"\" data-start=\"1337\" data-end=\"1405\"><strong data-start=\"1337\" data-end=\"1349\">Portable<\/strong>: Poign\u00e9es int\u00e9gr\u00e9es et forme compacte pour un transport facile<\/p>\n<\/li>\n<\/ul>\n<h3 class=\"\" data-start=\"1412\" data-end=\"1430\">Sp\u00e9cifications<\/h3>\n<p class=\"\" data-start=\"1432\" data-end=\"1444\"><strong data-start=\"1432\" data-end=\"1442\">Syst\u00e8me<\/strong><\/p>\n<ul data-start=\"1445\" data-end=\"1636\">\n<li class=\"\" data-start=\"1445\" data-end=\"1477\">\n<p class=\"\" data-start=\"1447\" data-end=\"1477\">Type : Syst\u00e8me de colonne bi-amplifi\u00e9<\/p>\n<\/li>\n<li class=\"\" data-start=\"1478\" data-end=\"1511\">\n<p class=\"\" data-start=\"1480\" data-end=\"1511\">Amplificateur : Digipro G3 classe D<\/p>\n<\/li>\n<li class=\"\" data-start=\"1512\" data-end=\"1533\">\n<p class=\"\" data-start=\"1514\" data-end=\"1533\">Puissance de cr\u00eate : 800 W<\/p>\n<\/li>\n<li class=\"\" data-start=\"1534\" data-end=\"1584\">\n<p class=\"\" data-start=\"1536\" data-end=\"1584\">R\u00e9ponse en fr\u00e9quence (-10 dB) : 44 Hz - 15 000 Hz<\/p>\n<\/li>\n<li class=\"\" data-start=\"1585\" data-end=\"1604\">\n<p class=\"\" data-start=\"1587\" data-end=\"1604\">Niveau de pression acoustique maximal : 118 dB<\/p>\n<\/li>\n<li class=\"\" data-start=\"1605\" data-end=\"1636\">\n<p class=\"\" data-start=\"1607\" data-end=\"1636\">Fr\u00e9quence de coupure : 210 Hz<\/p>\n<\/li>\n<\/ul>\n<p class=\"\" data-start=\"1638\" data-end=\"1651\"><strong data-start=\"1638\" data-end=\"1649\">Conducteurs<\/strong><\/p>\n<ul data-start=\"1652\" data-end=\"1695\">\n<li class=\"\" data-start=\"1652\" data-end=\"1667\">\n<p class=\"\" data-start=\"1654\" data-end=\"1667\">LF : 1 x 10\u2033.<\/p>\n<\/li>\n<li class=\"\" data-start=\"1668\" data-end=\"1695\">\n<p class=\"\" data-start=\"1670\" data-end=\"1695\">HF\/MF : 4 x 3\u2033 n\u00e9odyme<\/p>\n<\/li>\n<\/ul>\n<p class=\"\" data-start=\"1697\" data-end=\"1713\"><strong data-start=\"1697\" data-end=\"1711\">Dispersion<\/strong><\/p>\n<ul data-start=\"1714\" data-end=\"1749\">\n<li class=\"\" data-start=\"1714\" data-end=\"1733\">\n<p class=\"\" data-start=\"1716\" data-end=\"1733\">Horizontal : 95<\/p>\n<\/li>\n<li class=\"\" data-start=\"1734\" data-end=\"1749\">\n<p class=\"\" data-start=\"1736\" data-end=\"1749\">Vertical : 65<\/p>\n<\/li>\n<\/ul>\n<p class=\"\" data-start=\"1751\" data-end=\"1773\"><strong data-start=\"1751\" data-end=\"1771\">Entr\u00e9es \/ Sorties<\/strong><\/p>\n<ul data-start=\"1774\" data-end=\"1877\">\n<li class=\"\" data-start=\"1774\" data-end=\"1824\">\n<p class=\"\" data-start=\"1776\" data-end=\"1824\">1 entr\u00e9e combo XLR\/Jack (commutable micro\/ligne)<\/p>\n<\/li>\n<li class=\"\" data-start=\"1825\" data-end=\"1849\">\n<p class=\"\" data-start=\"1827\" data-end=\"1849\">1 x entr\u00e9e st\u00e9r\u00e9o RCA<\/p>\n<\/li>\n<li class=\"\" data-start=\"1850\" data-end=\"1877\">\n<p class=\"\" data-start=\"1852\" data-end=\"1877\">1 x XLR sortie sym\u00e9trique<\/p>\n<\/li>\n<\/ul>\n<p class=\"\" data-start=\"1879\" data-end=\"1896\"><strong data-start=\"1879\" data-end=\"1894\">Pr\u00e9r\u00e9glages DSP<\/strong><\/p>\n<ul data-start=\"1897\" data-end=\"1979\">\n<li class=\"\" data-start=\"1897\" data-end=\"1979\">\n<p class=\"\" data-start=\"1899\" data-end=\"1979\">Flat, Bass Boost, Bass Reduction, Playback, Club, Vocal, Monitor, Antifeedback<\/p>\n<\/li>\n<\/ul>\n<p class=\"\" data-start=\"1981\" data-end=\"1994\"><strong data-start=\"1981\" data-end=\"1992\">Cabinet<\/strong><\/p>\n<ul data-start=\"1995\" data-end=\"2124\">\n<li class=\"\" data-start=\"1995\" data-end=\"2028\">\n<p class=\"\" data-start=\"1997\" data-end=\"2028\">Caisson de basse : contreplaqu\u00e9 de bouleau de 15 mm<\/p>\n<\/li>\n<li class=\"\" data-start=\"2029\" data-end=\"2059\">\n<p class=\"\" data-start=\"2031\" data-end=\"2059\">Haut-parleur : Polypropyl\u00e8ne<\/p>\n<\/li>\n<li class=\"\" data-start=\"2060\" data-end=\"2100\">\n<p class=\"\" data-start=\"2062\" data-end=\"2100\">Poign\u00e9es : 2 poign\u00e9es lat\u00e9rales sur le subwoofer<\/p>\n<\/li>\n<li class=\"\" data-start=\"2101\" data-end=\"2124\">\n<p class=\"\" data-start=\"2103\" data-end=\"2124\">Montage : Poteau D25 mm<\/p>\n<\/li>\n<\/ul>\n<p class=\"\" data-start=\"2126\" data-end=\"2142\"><strong data-start=\"2126\" data-end=\"2140\">Dimensions<\/strong><\/p>\n<ul data-start=\"2143\" data-end=\"2283\">\n<li class=\"\" data-start=\"2143\" data-end=\"2188\">\n<p class=\"\" data-start=\"2145\" data-end=\"2188\">Caisson de basse (L x H x P) : 300 x 400 x 430 mm<\/p>\n<\/li>\n<li class=\"\" data-start=\"2189\" data-end=\"2235\">\n<p class=\"\" data-start=\"2191\" data-end=\"2235\">Enceinte sup\u00e9rieure (L x H x P) : 95 x 360 x 137 mm<\/p>\n<\/li>\n<li class=\"\" data-start=\"2236\" data-end=\"2283\">\n<p class=\"\" data-start=\"2238\" data-end=\"2283\">Poids : Subwoofer 14,2 kg, haut-parleur sup\u00e9rieur 1,9 kg<\/p>\n<\/li>\n<\/ul>\n<p class=\"\" data-start=\"2304\" data-end=\"2585\">Le dB Technologies ES602 est un syst\u00e8me de sonorisation tout-en-un qui allie portabilit\u00e9, puissance et simplicit\u00e9. Avec des composants de haute qualit\u00e9, une large dispersion et un traitement DSP intelligent, il est parfait pour les artistes, les pr\u00e9sentateurs ou les DJ qui ont besoin d'un son fiable dans un encombrement r\u00e9duit.<\/p>\n<p>Louez-le maintenant sur <a href=\"https:\/\/www.cinesouk.ma\/fr\">CINESOUK<\/a> - une marque de <a href=\"https:\/\/www.broadway.ma\/\">BROADWAY PRODUCTIONS SARL.<\/a><\/p>","protected":false},"excerpt":{"rendered":"<h3>Sp\u00e9cifications :<\/h3>\n<p class=\"\" data-start=\"1432\" data-end=\"1444\"><strong data-start=\"1432\" data-end=\"1442\">Syst\u00e8me<\/strong><\/p>\n<ul data-start=\"1445\" data-end=\"1636\">\n<li class=\"\" data-start=\"1445\" data-end=\"1477\">\n<p class=\"\" data-start=\"1447\" data-end=\"1477\">Type : Syst\u00e8me de colonne bi-amplifi\u00e9<\/p>\n<\/li>\n<li class=\"\" data-start=\"1478\" data-end=\"1511\">\n<p class=\"\" data-start=\"1480\" data-end=\"1511\">Amplificateur : Digipro G3 classe D<\/p>\n<\/li>\n<li class=\"\" data-start=\"1512\" data-end=\"1533\">\n<p class=\"\" data-start=\"1514\" data-end=\"1533\">Puissance de cr\u00eate : 800 W<\/p>\n<\/li>\n<li class=\"\" data-start=\"1534\" data-end=\"1584\">\n<p class=\"\" data-start=\"1536\" data-end=\"1584\">R\u00e9ponse en fr\u00e9quence (-10 dB) : 44 Hz - 15 000 Hz<\/p>\n<\/li>\n<li class=\"\" data-start=\"1585\" data-end=\"1604\">\n<p class=\"\" data-start=\"1587\" data-end=\"1604\">Niveau de pression acoustique maximal : 118 dB<\/p>\n<\/li>\n<li class=\"\" data-start=\"1605\" data-end=\"1636\">\n<p class=\"\" data-start=\"1607\" data-end=\"1636\">Fr\u00e9quence de coupure : 210 Hz<\/p>\n<\/li>\n<\/ul>\n<p class=\"\" data-start=\"1638\" data-end=\"1651\"><strong data-start=\"1638\" data-end=\"1649\">Conducteurs<\/strong><\/p>\n<ul data-start=\"1652\" data-end=\"1695\">\n<li class=\"\" data-start=\"1652\" data-end=\"1667\">\n<p class=\"\" data-start=\"1654\" data-end=\"1667\">LF : 1 x 10\u2033.<\/p>\n<\/li>\n<li class=\"\" data-start=\"1668\" data-end=\"1695\">\n<p class=\"\" data-start=\"1670\" data-end=\"1695\">HF\/MF : 4 x 3\u2033 n\u00e9odyme<\/p>\n<\/li>\n<\/ul>\n<p class=\"\" data-start=\"1697\" data-end=\"1713\"><strong data-start=\"1697\" data-end=\"1711\">Dispersion<\/strong><\/p>\n<ul data-start=\"1714\" data-end=\"1749\">\n<li class=\"\" data-start=\"1714\" data-end=\"1733\">\n<p class=\"\" data-start=\"1716\" data-end=\"1733\">Horizontal : 95<\/p>\n<\/li>\n<li class=\"\" data-start=\"1734\" data-end=\"1749\">\n<p class=\"\" data-start=\"1736\" data-end=\"1749\">Vertical : 65<\/p>\n<\/li>\n<\/ul>\n<p class=\"\" data-start=\"1751\" data-end=\"1773\"><strong data-start=\"1751\" data-end=\"1771\">Entr\u00e9es \/ Sorties<\/strong><\/p>\n<ul data-start=\"1774\" data-end=\"1877\">\n<li class=\"\" data-start=\"1774\" data-end=\"1824\">\n<p class=\"\" data-start=\"1776\" data-end=\"1824\">1 entr\u00e9e combo XLR\/Jack (commutable micro\/ligne)<\/p>\n<\/li>\n<li class=\"\" data-start=\"1825\" data-end=\"1849\">\n<p class=\"\" data-start=\"1827\" data-end=\"1849\">1 x entr\u00e9e st\u00e9r\u00e9o RCA<\/p>\n<\/li>\n<li class=\"\" data-start=\"1850\" data-end=\"1877\">\n<p class=\"\" data-start=\"1852\" data-end=\"1877\">1 x XLR sortie sym\u00e9trique<\/p>\n<\/li>\n<\/ul>\n<p class=\"\" data-start=\"1879\" data-end=\"1896\"><strong data-start=\"1879\" data-end=\"1894\">Pr\u00e9r\u00e9glages DSP<\/strong><\/p>\n<ul data-start=\"1897\" data-end=\"1979\">\n<li class=\"\" data-start=\"1897\" data-end=\"1979\">\n<p class=\"\" data-start=\"1899\" data-end=\"1979\">Flat, Bass Boost, Bass Reduction, Playback, Club, Vocal, Monitor, Antifeedback<\/p>\n<\/li>\n<\/ul>\n<p class=\"\" data-start=\"1981\" data-end=\"1994\"><strong data-start=\"1981\" data-end=\"1992\">Cabinet<\/strong><\/p>\n<ul data-start=\"1995\" data-end=\"2124\">\n<li class=\"\" data-start=\"1995\" data-end=\"2028\">\n<p class=\"\" data-start=\"1997\" data-end=\"2028\">Caisson de basse : contreplaqu\u00e9 de bouleau de 15 mm<\/p>\n<\/li>\n<li class=\"\" data-start=\"2029\" data-end=\"2059\">\n<p class=\"\" data-start=\"2031\" data-end=\"2059\">Haut-parleur : Polypropyl\u00e8ne<\/p>\n<\/li>\n<li class=\"\" data-start=\"2060\" data-end=\"2100\">\n<p class=\"\" data-start=\"2062\" data-end=\"2100\">Poign\u00e9es : 2 poign\u00e9es lat\u00e9rales sur le subwoofer<\/p>\n<\/li>\n<li class=\"\" data-start=\"2101\" data-end=\"2124\">\n<p class=\"\" data-start=\"2103\" data-end=\"2124\">Montage : Poteau D25 mm<\/p>\n<\/li>\n<\/ul>\n<p class=\"\" data-start=\"2126\" data-end=\"2142\"><strong data-start=\"2126\" data-end=\"2140\">Dimensions<\/strong><\/p>\n<ul data-start=\"2143\" data-end=\"2283\">\n<li class=\"\" data-start=\"2143\" data-end=\"2188\">\n<p class=\"\" data-start=\"2145\" data-end=\"2188\">Caisson de basse (L x H x P) : 300 x 400 x 430 mm<\/p>\n<\/li>\n<li class=\"\" data-start=\"2189\" data-end=\"2235\">\n<p class=\"\" data-start=\"2191\" data-end=\"2235\">Enceinte sup\u00e9rieure (L x H x P) : 95 x 360 x 137 mm<\/p>\n<\/li>\n<li class=\"\" data-start=\"2236\" data-end=\"2283\">\n<p class=\"\" data-start=\"2238\" data-end=\"2283\">Poids : Subwoofer 14,2 kg, haut-parleur sup\u00e9rieur 1,9 kg<\/p>\n<\/li>\n<\/ul>","protected":false},"featured_media":13253,"template":"","meta":{"om_disable_all_campaigns":false,"_monsterinsights_skip_tracking":false,"_monsterinsights_sitenote_active":false,"_monsterinsights_sitenote_note":"","_monsterinsights_sitenote_category":0,"_uf_show_specific_survey":0,"_uf_disable_surveys":false},"product_brand":[],"product_cat":[98,92,35,97],"product_tag":[],"class_list":{"0":"post-13242","1":"product","2":"type-product","3":"status-publish","4":"has-post-thumbnail","6":"product_cat-dj-sound-systems-eventsouk","7":"product_cat-pa-systems-eventsouk","8":"product_cat-sound-cinesouk","9":"product_cat-state-monitors-eventsouk","11":"entry","12":"has-media","14":"first","15":"instock","16":"taxable","17":"shipping-taxable","18":"purchasable","19":"product-type-variable","20":"has-product-nav","21":"col","22":"span_1_of_3","23":"owp-content-center","24":"owp-thumbs-layout-horizontal","25":"owp-btn-normal","26":"owp-tabs-layout-horizontal"},"yoast_head":"<!-- This site is optimized with the Yoast SEO Premium plugin v26.0 (Yoast SEO v26.0) - https:\/\/yoast.com\/wordpress\/plugins\/seo\/ -->\n<title>dB Technologies ES602 \u2013 Compact Column PA System - CineSouk - For rent<\/title>\n<meta name=\"description\" content=\"The dB Technologies ES602 is an 800W compact column PA system with a 10&quot; subwoofer and four 3&quot; drivers. Lightweight, modular, and designed for full-range sound in mobile or small venue applications.\" \/>\n<meta name=\"robots\" content=\"index, follow, max-snippet:-1, max-image-preview:large, max-video-preview:-1\" \/>\n<link rel=\"canonical\" href=\"https:\/\/www.cinesouk.ma\/fr\/produit\/db-technologies-es602-compact-column-pa-system\/\" \/>\n<meta property=\"og:locale\" content=\"fr_FR\" \/>\n<meta property=\"og:type\" content=\"article\" \/>\n<meta property=\"og:title\" content=\"dB Technologies ES602 \u2013 Compact Column PA System\" \/>\n<meta property=\"og:description\" content=\"The dB Technologies ES602 is an 800W compact column PA system with a 10&quot; subwoofer and four 3&quot; drivers. Lightweight, modular, and designed for full-range sound in mobile or small venue applications.\" \/>\n<meta property=\"og:url\" content=\"https:\/\/www.cinesouk.ma\/fr\/produit\/db-technologies-es602-compact-column-pa-system\/\" \/>\n<meta property=\"og:site_name\" content=\"CineSouk\" \/>\n<meta property=\"article:modified_time\" content=\"2025-05-27T12:59:26+00:00\" \/>\n<meta property=\"og:image\" content=\"https:\/\/www.cinesouk.ma\/wp-content\/uploads\/2025\/05\/dB-Technologies-ES602-compact-column-PA-system-.jpg\" \/>\n\t<meta property=\"og:image:width\" content=\"300\" \/>\n\t<meta property=\"og:image:height\" content=\"238\" \/>\n\t<meta property=\"og:image:type\" content=\"image\/jpeg\" \/>\n<meta name=\"twitter:card\" content=\"summary_large_image\" \/>\n<meta name=\"twitter:description\" content=\"The dB Technologies ES602 is an 800W compact column PA system with a 10&quot; subwoofer and four 3&quot; drivers. Lightweight, modular, and designed for full-range sound in mobile or small venue applications.\" \/>\n<meta name=\"twitter:label1\" content=\"Dur\u00e9e de lecture estim\u00e9e\" \/>\n\t<meta name=\"twitter:data1\" content=\"2 minutes\" \/>\n<script type=\"application\/ld+json\" class=\"yoast-schema-graph\">{\"@context\":\"https:\/\/schema.org\",\"@graph\":[{\"@type\":\"WebPage\",\"@id\":\"https:\/\/www.cinesouk.ma\/product\/db-technologies-es602-compact-column-pa-system\/\",\"url\":\"https:\/\/www.cinesouk.ma\/product\/db-technologies-es602-compact-column-pa-system\/\",\"name\":\"dB Technologies ES602 \u2013 Compact Column PA System - CineSouk - For rent\",\"isPartOf\":{\"@id\":\"https:\/\/www.cinesouk.ma\/#website\"},\"primaryImageOfPage\":{\"@id\":\"https:\/\/www.cinesouk.ma\/product\/db-technologies-es602-compact-column-pa-system\/#primaryimage\"},\"image\":{\"@id\":\"https:\/\/www.cinesouk.ma\/product\/db-technologies-es602-compact-column-pa-system\/#primaryimage\"},\"thumbnailUrl\":\"https:\/\/www.cinesouk.ma\/wp-content\/uploads\/2025\/05\/dB-Technologies-ES602-compact-column-PA-system-.jpg\",\"datePublished\":\"2025-05-14T11:53:24+00:00\",\"dateModified\":\"2025-05-27T12:59:26+00:00\",\"description\":\"The dB Technologies ES602 is an 800W compact column PA system with a 10\\\" subwoofer and four 3\\\" drivers. Lightweight, modular, and designed for full-range sound in mobile or small venue applications.\",\"breadcrumb\":{\"@id\":\"https:\/\/www.cinesouk.ma\/product\/db-technologies-es602-compact-column-pa-system\/#breadcrumb\"},\"inLanguage\":\"fr-FR\",\"potentialAction\":[{\"@type\":\"ReadAction\",\"target\":[\"https:\/\/www.cinesouk.ma\/product\/db-technologies-es602-compact-column-pa-system\/\"]}]},{\"@type\":\"ImageObject\",\"inLanguage\":\"fr-FR\",\"@id\":\"https:\/\/www.cinesouk.ma\/product\/db-technologies-es602-compact-column-pa-system\/#primaryimage\",\"url\":\"https:\/\/www.cinesouk.ma\/wp-content\/uploads\/2025\/05\/dB-Technologies-ES602-compact-column-PA-system-.jpg\",\"contentUrl\":\"https:\/\/www.cinesouk.ma\/wp-content\/uploads\/2025\/05\/dB-Technologies-ES602-compact-column-PA-system-.jpg\",\"width\":300,\"height\":238,\"caption\":\"dB Technologies ES602\"},{\"@type\":\"BreadcrumbList\",\"@id\":\"https:\/\/www.cinesouk.ma\/product\/db-technologies-es602-compact-column-pa-system\/#breadcrumb\",\"itemListElement\":[{\"@type\":\"ListItem\",\"position\":1,\"name\":\"Home\",\"item\":\"https:\/\/www.cinesouk.ma\/\"},{\"@type\":\"ListItem\",\"position\":2,\"name\":\"Shop\",\"item\":\"https:\/\/www.cinesouk.ma\/shop\/\"},{\"@type\":\"ListItem\",\"position\":3,\"name\":\"dB Technologies ES602 \u2013 Compact Column PA System\"}]},{\"@type\":\"WebSite\",\"@id\":\"https:\/\/www.cinesouk.ma\/#website\",\"url\":\"https:\/\/www.cinesouk.ma\/\",\"name\":\"CineSouk\",\"description\":\"\",\"publisher\":{\"@id\":\"https:\/\/www.cinesouk.ma\/#organization\"},\"potentialAction\":[{\"@type\":\"SearchAction\",\"target\":{\"@type\":\"EntryPoint\",\"urlTemplate\":\"https:\/\/www.cinesouk.ma\/?s={search_term_string}\"},\"query-input\":{\"@type\":\"PropertyValueSpecification\",\"valueRequired\":true,\"valueName\":\"search_term_string\"}}],\"inLanguage\":\"fr-FR\"},{\"@type\":\"Organization\",\"@id\":\"https:\/\/www.cinesouk.ma\/#organization\",\"name\":\"CineSouk\",\"url\":\"https:\/\/www.cinesouk.ma\/\",\"logo\":{\"@type\":\"ImageObject\",\"inLanguage\":\"fr-FR\",\"@id\":\"https:\/\/www.cinesouk.ma\/#\/schema\/logo\/image\/\",\"url\":\"https:\/\/www.cinesouk.ma\/wp-content\/uploads\/2024\/01\/CineSouk-logo-v01-alpha-alligned-left.png\",\"contentUrl\":\"https:\/\/www.cinesouk.ma\/wp-content\/uploads\/2024\/01\/CineSouk-logo-v01-alpha-alligned-left.png\",\"width\":3204,\"height\":889,\"caption\":\"CineSouk\"},\"image\":{\"@id\":\"https:\/\/www.cinesouk.ma\/#\/schema\/logo\/image\/\"}}]}<\/script>\n<!-- \/ Yoast SEO Premium plugin. -->","yoast_head_json":{"title":"dB Technologies ES602 \u2013 Compact Column PA System - CineSouk - For rent","description":"The dB Technologies ES602 is an 800W compact column PA system with a 10\" subwoofer and four 3\" drivers. Lightweight, modular, and designed for full-range sound in mobile or small venue applications.","robots":{"index":"index","follow":"follow","max-snippet":"max-snippet:-1","max-image-preview":"max-image-preview:large","max-video-preview":"max-video-preview:-1"},"canonical":"https:\/\/www.cinesouk.ma\/fr\/produit\/db-technologies-es602-compact-column-pa-system\/","og_locale":"fr_FR","og_type":"article","og_title":"dB Technologies ES602 \u2013 Compact Column PA System","og_description":"The dB Technologies ES602 is an 800W compact column PA system with a 10\" subwoofer and four 3\" drivers. Lightweight, modular, and designed for full-range sound in mobile or small venue applications.","og_url":"https:\/\/www.cinesouk.ma\/fr\/produit\/db-technologies-es602-compact-column-pa-system\/","og_site_name":"CineSouk","article_modified_time":"2025-05-27T12:59:26+00:00","og_image":[{"width":300,"height":238,"url":"https:\/\/www.cinesouk.ma\/wp-content\/uploads\/2025\/05\/dB-Technologies-ES602-compact-column-PA-system-.jpg","type":"image\/jpeg"}],"twitter_card":"summary_large_image","twitter_description":"The dB Technologies ES602 is an 800W compact column PA system with a 10\" subwoofer and four 3\" drivers. Lightweight, modular, and designed for full-range sound in mobile or small venue applications.","twitter_misc":{"Dur\u00e9e de lecture estim\u00e9e":"2 minutes"},"schema":{"@context":"https:\/\/schema.org","@graph":[{"@type":"WebPage","@id":"https:\/\/www.cinesouk.ma\/product\/db-technologies-es602-compact-column-pa-system\/","url":"https:\/\/www.cinesouk.ma\/product\/db-technologies-es602-compact-column-pa-system\/","name":"dB Technologies ES602 \u2013 Compact Column PA System - CineSouk - For rent","isPartOf":{"@id":"https:\/\/www.cinesouk.ma\/#website"},"primaryImageOfPage":{"@id":"https:\/\/www.cinesouk.ma\/product\/db-technologies-es602-compact-column-pa-system\/#primaryimage"},"image":{"@id":"https:\/\/www.cinesouk.ma\/product\/db-technologies-es602-compact-column-pa-system\/#primaryimage"},"thumbnailUrl":"https:\/\/www.cinesouk.ma\/wp-content\/uploads\/2025\/05\/dB-Technologies-ES602-compact-column-PA-system-.jpg","datePublished":"2025-05-14T11:53:24+00:00","dateModified":"2025-05-27T12:59:26+00:00","description":"The dB Technologies ES602 is an 800W compact column PA system with a 10\" subwoofer and four 3\" drivers. Lightweight, modular, and designed for full-range sound in mobile or small venue applications.","breadcrumb":{"@id":"https:\/\/www.cinesouk.ma\/product\/db-technologies-es602-compact-column-pa-system\/#breadcrumb"},"inLanguage":"fr-FR","potentialAction":[{"@type":"ReadAction","target":["https:\/\/www.cinesouk.ma\/product\/db-technologies-es602-compact-column-pa-system\/"]}]},{"@type":"ImageObject","inLanguage":"fr-FR","@id":"https:\/\/www.cinesouk.ma\/product\/db-technologies-es602-compact-column-pa-system\/#primaryimage","url":"https:\/\/www.cinesouk.ma\/wp-content\/uploads\/2025\/05\/dB-Technologies-ES602-compact-column-PA-system-.jpg","contentUrl":"https:\/\/www.cinesouk.ma\/wp-content\/uploads\/2025\/05\/dB-Technologies-ES602-compact-column-PA-system-.jpg","width":300,"height":238,"caption":"dB Technologies ES602"},{"@type":"BreadcrumbList","@id":"https:\/\/www.cinesouk.ma\/product\/db-technologies-es602-compact-column-pa-system\/#breadcrumb","itemListElement":[{"@type":"ListItem","position":1,"name":"Home","item":"https:\/\/www.cinesouk.ma\/"},{"@type":"ListItem","position":2,"name":"Shop","item":"https:\/\/www.cinesouk.ma\/shop\/"},{"@type":"ListItem","position":3,"name":"dB Technologies ES602 \u2013 Compact Column PA System"}]},{"@type":"WebSite","@id":"https:\/\/www.cinesouk.ma\/#website","url":"https:\/\/www.cinesouk.ma\/","name":"CineSouk","description":"","publisher":{"@id":"https:\/\/www.cinesouk.ma\/#organization"},"potentialAction":[{"@type":"SearchAction","target":{"@type":"EntryPoint","urlTemplate":"https:\/\/www.cinesouk.ma\/?s={search_term_string}"},"query-input":{"@type":"PropertyValueSpecification","valueRequired":true,"valueName":"search_term_string"}}],"inLanguage":"fr-FR"},{"@type":"Organization","@id":"https:\/\/www.cinesouk.ma\/#organization","name":"CineSouk","url":"https:\/\/www.cinesouk.ma\/","logo":{"@type":"ImageObject","inLanguage":"fr-FR","@id":"https:\/\/www.cinesouk.ma\/#\/schema\/logo\/image\/","url":"https:\/\/www.cinesouk.ma\/wp-content\/uploads\/2024\/01\/CineSouk-logo-v01-alpha-alligned-left.png","contentUrl":"https:\/\/www.cinesouk.ma\/wp-content\/uploads\/2024\/01\/CineSouk-logo-v01-alpha-alligned-left.png","width":3204,"height":889,"caption":"CineSouk"},"image":{"@id":"https:\/\/www.cinesouk.ma\/#\/schema\/logo\/image\/"}}]}},"_links":{"self":[{"href":"https:\/\/www.cinesouk.ma\/fr\/wp-json\/wp\/v2\/product\/13242","targetHints":{"allow":["GET"]}}],"collection":[{"href":"https:\/\/www.cinesouk.ma\/fr\/wp-json\/wp\/v2\/product"}],"about":[{"href":"https:\/\/www.cinesouk.ma\/fr\/wp-json\/wp\/v2\/types\/product"}],"wp:featuredmedia":[{"embeddable":true,"href":"https:\/\/www.cinesouk.ma\/fr\/wp-json\/wp\/v2\/media\/13253"}],"wp:attachment":[{"href":"https:\/\/www.cinesouk.ma\/fr\/wp-json\/wp\/v2\/media?parent=13242"}],"wp:term":[{"taxonomy":"product_brand","embeddable":true,"href":"https:\/\/www.cinesouk.ma\/fr\/wp-json\/wp\/v2\/product_brand?post=13242"},{"taxonomy":"product_cat","embeddable":true,"href":"https:\/\/www.cinesouk.ma\/fr\/wp-json\/wp\/v2\/product_cat?post=13242"},{"taxonomy":"product_tag","embeddable":true,"href":"https:\/\/www.cinesouk.ma\/fr\/wp-json\/wp\/v2\/product_tag?post=13242"}],"curies":[{"name":"wp","href":"https:\/\/api.w.org\/{rel}","templated":true}]}}