{"id":13255,"date":"2025-05-14T12:27:44","date_gmt":"2025-05-14T12:27:44","guid":{"rendered":"https:\/\/www.cinesouk.ma\/?post_type=product&#038;p=13255"},"modified":"2025-05-27T12:59:53","modified_gmt":"2025-05-27T12:59:53","slug":"db-technologies-es602-compact-column-pa-system-2x-in-1kit","status":"publish","type":"product","link":"https:\/\/www.cinesouk.ma\/fr\/produit\/db-technologies-es602-compact-column-pa-system-2x-in-1kit\/","title":{"rendered":"dB Technologies ES602 - syst\u00e8me compact de sonorisation en colonne - 2x dans 1kit"},"content":{"rendered":"<p class=\"\" data-start=\"344\" data-end=\"822\">Le kit ES602 2x de dB Technologies comprend deux syst\u00e8mes de sonorisation \u00e0 colonne ES602 complets, offrant une solution audio puissante et flexible pour les artistes mobiles, les DJ, les \u00e9v\u00e9nements d'entreprise et les petites installations en direct. Chaque unit\u00e9 comprend un subwoofer actif de 10\u2033 et une colonne passive avec quatre haut-parleurs en n\u00e9odyme de 3\u2033. Lorsqu'il est utilis\u00e9 en tant que paire st\u00e9r\u00e9o, ce kit offre une couverture \u00e9tendue, un niveau de pression acoustique plus \u00e9lev\u00e9 et une meilleure distribution du son, ce qui est id\u00e9al pour les audiences r\u00e9parties dans des salles plus larges ou plus profondes.<\/p>\n<p class=\"\" data-start=\"824\" data-end=\"1080\">Avec une puissance de cr\u00eate de 800 W par unit\u00e9 et un DSP int\u00e9gr\u00e9 avec 8 pr\u00e9r\u00e9glages s\u00e9lectionnables, le syst\u00e8me ES602 offre un contr\u00f4le pr\u00e9cis de votre son. La conception compacte et modulaire garantit une installation rapide, un transport facile et des performances fiables, m\u00eame dans des environnements exigeants.<\/p>\n<h3 class=\"\" data-start=\"1087\" data-end=\"1106\">Ce qui est inclus<\/h3>\n<ul data-start=\"1108\" data-end=\"1341\">\n<li class=\"\" data-start=\"1108\" data-end=\"1341\">\n<p class=\"\" data-start=\"1110\" data-end=\"1152\"><strong data-start=\"1110\" data-end=\"1150\">2 x dB Technologies ES602 Syst\u00e8mes de sonorisation<\/strong><\/p>\n<ul data-start=\"1155\" data-end=\"1341\">\n<li class=\"\" data-start=\"1155\" data-end=\"1341\">\n<p class=\"\" data-start=\"1157\" data-end=\"1178\">Chaque syst\u00e8me comprend<\/p>\n<ul data-start=\"1183\" data-end=\"1341\">\n<li class=\"\" data-start=\"1183\" data-end=\"1212\">\n<p class=\"\" data-start=\"1185\" data-end=\"1212\">1 x 10\" subwoofer aliment\u00e9<\/p>\n<\/li>\n<li class=\"\" data-start=\"1217\" data-end=\"1264\">\n<p class=\"\" data-start=\"1219\" data-end=\"1264\">1 x haut-parleur colonne passif (4 x 3\")<\/p>\n<\/li>\n<li class=\"\" data-start=\"1269\" data-end=\"1297\">\n<p class=\"\" data-start=\"1271\" data-end=\"1297\">1 x poteau de montage D25 mm<\/p>\n<\/li>\n<li class=\"\" data-start=\"1302\" data-end=\"1341\">\n<p class=\"\" data-start=\"1304\" data-end=\"1341\">C\u00e2bles pour la connexion colonne-sub<\/p>\n<\/li>\n<\/ul>\n<\/li>\n<\/ul>\n<\/li>\n<\/ul>\n<h3 class=\"\" data-start=\"1348\" data-end=\"1375\">Caract\u00e9ristiques principales (par unit\u00e9)<\/h3>\n<ul data-start=\"1377\" data-end=\"1872\">\n<li class=\"\" data-start=\"1377\" data-end=\"1434\">\n<p class=\"\" data-start=\"1379\" data-end=\"1434\"><strong data-start=\"1379\" data-end=\"1398\">Puissance de cr\u00eate de 800 W<\/strong> via l'amplificateur de classe D Digipro\u00ae G3<\/p>\n<\/li>\n<li class=\"\" data-start=\"1435\" data-end=\"1474\">\n<p class=\"\" data-start=\"1437\" data-end=\"1474\"><strong data-start=\"1437\" data-end=\"1456\">Gamme de fr\u00e9quences<\/strong>: 44 Hz - 15 kHz<\/p>\n<\/li>\n<li class=\"\" data-start=\"1475\" data-end=\"1498\">\n<p class=\"\" data-start=\"1477\" data-end=\"1498\"><strong data-start=\"1477\" data-end=\"1488\">SPL max.<\/strong>: 118 dB<\/p>\n<\/li>\n<li class=\"\" data-start=\"1499\" data-end=\"1551\">\n<p class=\"\" data-start=\"1501\" data-end=\"1551\"><strong data-start=\"1501\" data-end=\"1512\">Conducteurs<\/strong>: 1 x 10\" LF + 4 x 3\" MF\/HF n\u00e9odyme MF\/HF n\u00e9odyme<\/p>\n<\/li>\n<li class=\"\" data-start=\"1552\" data-end=\"1590\">\n<p class=\"\" data-start=\"1554\" data-end=\"1590\"><strong data-start=\"1554\" data-end=\"1566\">Couverture<\/strong>Dispersion de 95\u00b0 x 65<\/p>\n<\/li>\n<li class=\"\" data-start=\"1591\" data-end=\"1655\">\n<p class=\"\" data-start=\"1593\" data-end=\"1655\"><strong data-start=\"1593\" data-end=\"1615\">DSP avec 8 pr\u00e9r\u00e9glages<\/strong>: Flat, Club, Vocal, Monitor, etc.<\/p>\n<\/li>\n<li class=\"\" data-start=\"1656\" data-end=\"1710\">\n<p class=\"\" data-start=\"1658\" data-end=\"1710\"><strong data-start=\"1658\" data-end=\"1668\">Entr\u00e9es<\/strong>: Combo XLR\/Jack (Mic\/Line) + RCA st\u00e9r\u00e9o<\/p>\n<\/li>\n<li class=\"\" data-start=\"1711\" data-end=\"1739\">\n<p class=\"\" data-start=\"1713\" data-end=\"1739\"><strong data-start=\"1713\" data-end=\"1723\">Sortie<\/strong>: Sortie liaison XLR<\/p>\n<\/li>\n<li class=\"\" data-start=\"1740\" data-end=\"1812\">\n<p class=\"\" data-start=\"1742\" data-end=\"1812\"><strong data-start=\"1742\" data-end=\"1758\">La construction<\/strong>: Sub en contreplaqu\u00e9 de bouleau de 15mm, colonne en polypropyl\u00e8ne<\/p>\n<\/li>\n<li class=\"\" data-start=\"1813\" data-end=\"1872\">\n<p class=\"\" data-start=\"1815\" data-end=\"1872\"><strong data-start=\"1815\" data-end=\"1837\">Poids (chaque unit\u00e9)<\/strong>: Subwoofer 14,2 kg \/ Colonne 1,9 kg<\/p>\n<\/li>\n<\/ul>\n<h3 class=\"\" data-start=\"1879\" data-end=\"1892\">Id\u00e9al pour<\/h3>\n<ul data-start=\"1894\" data-end=\"2067\">\n<li class=\"\" data-start=\"1894\" data-end=\"1931\">\n<p class=\"\" data-start=\"1896\" data-end=\"1931\">Manifestations musicales en direct de petite ou moyenne envergure<\/p>\n<\/li>\n<li class=\"\" data-start=\"1932\" data-end=\"1963\">\n<p class=\"\" data-start=\"1934\" data-end=\"1963\">DJs ayant besoin d'une couverture st\u00e9r\u00e9o<\/p>\n<\/li>\n<li class=\"\" data-start=\"1964\" data-end=\"2012\">\n<p class=\"\" data-start=\"1966\" data-end=\"2012\">Sonorisation mobile pour les conf\u00e9rences ou les discours<\/p>\n<\/li>\n<li class=\"\" data-start=\"2013\" data-end=\"2067\">\n<p class=\"\" data-start=\"2015\" data-end=\"2067\">\u00c9v\u00e9nements d'entreprise, pr\u00e9sentations ou syst\u00e8mes de lecture<\/p>\n<\/li>\n<\/ul>\n<p class=\"\" data-start=\"2088\" data-end=\"2491\">Le kit double syst\u00e8me ES602 de dB Technologies offre deux fois plus de puissance et de couverture tout en conservant la portabilit\u00e9 et la simplicit\u00e9 qui d\u00e9finissent ce design compact de sonorisation en colonne. Qu'il soit utilis\u00e9 en mode st\u00e9r\u00e9o ou en mode double mono, le kit offre un son clair et complet avec un temps d'installation minimal, ce qui en fait un choix fiable pour les professionnels qui ont besoin de qualit\u00e9 sonore, de flexibilit\u00e9 et de facilit\u00e9 d'utilisation dans un seul et m\u00eame kit efficace.<\/p>\n<p>&nbsp;<\/p>\n<p>Louez-le maintenant sur <a href=\"https:\/\/www.cinesouk.ma\/fr\">CINESOUK<\/a> - une marque de <a href=\"https:\/\/www.broadway.ma\/\">BROADWAY PRODUCTIONS SARL.<\/a><\/p>","protected":false},"excerpt":{"rendered":"<h3>Sp\u00e9cifications :<\/h3>\n<p class=\"\" data-start=\"1432\" data-end=\"1444\"><strong data-start=\"1432\" data-end=\"1442\">Syst\u00e8me<\/strong><\/p>\n<ul data-start=\"1445\" data-end=\"1636\">\n<li class=\"\" data-start=\"1445\" data-end=\"1477\">\n<p class=\"\" data-start=\"1447\" data-end=\"1477\">Type : Syst\u00e8me de colonne bi-amplifi\u00e9<\/p>\n<\/li>\n<li class=\"\" data-start=\"1478\" data-end=\"1511\">\n<p class=\"\" data-start=\"1480\" data-end=\"1511\">Amplificateur : Digipro G3 classe D<\/p>\n<\/li>\n<li class=\"\" data-start=\"1512\" data-end=\"1533\">\n<p class=\"\" data-start=\"1514\" data-end=\"1533\">Puissance de cr\u00eate : 800 W<\/p>\n<\/li>\n<li class=\"\" data-start=\"1534\" data-end=\"1584\">\n<p class=\"\" data-start=\"1536\" data-end=\"1584\">R\u00e9ponse en fr\u00e9quence (-10 dB) : 44 Hz - 15 000 Hz<\/p>\n<\/li>\n<li class=\"\" data-start=\"1585\" data-end=\"1604\">\n<p class=\"\" data-start=\"1587\" data-end=\"1604\">Niveau de pression acoustique maximal : 118 dB<\/p>\n<\/li>\n<li class=\"\" data-start=\"1605\" data-end=\"1636\">\n<p class=\"\" data-start=\"1607\" data-end=\"1636\">Fr\u00e9quence de coupure : 210 Hz<\/p>\n<\/li>\n<\/ul>\n<p class=\"\" data-start=\"1638\" data-end=\"1651\"><strong data-start=\"1638\" data-end=\"1649\">Conducteurs<\/strong><\/p>\n<ul data-start=\"1652\" data-end=\"1695\">\n<li class=\"\" data-start=\"1652\" data-end=\"1667\">\n<p class=\"\" data-start=\"1654\" data-end=\"1667\">LF : 1 x 10\u2033.<\/p>\n<\/li>\n<li class=\"\" data-start=\"1668\" data-end=\"1695\">\n<p class=\"\" data-start=\"1670\" data-end=\"1695\">HF\/MF : 4 x 3\u2033 n\u00e9odyme<\/p>\n<\/li>\n<\/ul>\n<p class=\"\" data-start=\"1697\" data-end=\"1713\"><strong data-start=\"1697\" data-end=\"1711\">Dispersion<\/strong><\/p>\n<ul data-start=\"1714\" data-end=\"1749\">\n<li class=\"\" data-start=\"1714\" data-end=\"1733\">\n<p class=\"\" data-start=\"1716\" data-end=\"1733\">Horizontal : 95<\/p>\n<\/li>\n<li class=\"\" data-start=\"1734\" data-end=\"1749\">\n<p class=\"\" data-start=\"1736\" data-end=\"1749\">Vertical : 65<\/p>\n<\/li>\n<\/ul>\n<p class=\"\" data-start=\"1751\" data-end=\"1773\"><strong data-start=\"1751\" data-end=\"1771\">Entr\u00e9es \/ Sorties<\/strong><\/p>\n<ul data-start=\"1774\" data-end=\"1877\">\n<li class=\"\" data-start=\"1774\" data-end=\"1824\">\n<p class=\"\" data-start=\"1776\" data-end=\"1824\">1 entr\u00e9e combo XLR\/Jack (commutable micro\/ligne)<\/p>\n<\/li>\n<li class=\"\" data-start=\"1825\" data-end=\"1849\">\n<p class=\"\" data-start=\"1827\" data-end=\"1849\">1 x entr\u00e9e st\u00e9r\u00e9o RCA<\/p>\n<\/li>\n<li class=\"\" data-start=\"1850\" data-end=\"1877\">\n<p class=\"\" data-start=\"1852\" data-end=\"1877\">1 x XLR sortie sym\u00e9trique<\/p>\n<\/li>\n<\/ul>\n<p class=\"\" data-start=\"1879\" data-end=\"1896\"><strong data-start=\"1879\" data-end=\"1894\">Pr\u00e9r\u00e9glages DSP<\/strong><\/p>\n<ul data-start=\"1897\" data-end=\"1979\">\n<li class=\"\" data-start=\"1897\" data-end=\"1979\">\n<p class=\"\" data-start=\"1899\" data-end=\"1979\">Flat, Bass Boost, Bass Reduction, Playback, Club, Vocal, Monitor, Antifeedback<\/p>\n<\/li>\n<\/ul>\n<p class=\"\" data-start=\"1981\" data-end=\"1994\"><strong data-start=\"1981\" data-end=\"1992\">Cabinet<\/strong><\/p>\n<ul data-start=\"1995\" data-end=\"2124\">\n<li class=\"\" data-start=\"1995\" data-end=\"2028\">\n<p class=\"\" data-start=\"1997\" data-end=\"2028\">Caisson de basse : contreplaqu\u00e9 de bouleau de 15 mm<\/p>\n<\/li>\n<li class=\"\" data-start=\"2029\" data-end=\"2059\">\n<p class=\"\" data-start=\"2031\" data-end=\"2059\">Haut-parleur : Polypropyl\u00e8ne<\/p>\n<\/li>\n<li class=\"\" data-start=\"2060\" data-end=\"2100\">\n<p class=\"\" data-start=\"2062\" data-end=\"2100\">Poign\u00e9es : 2 poign\u00e9es lat\u00e9rales sur le subwoofer<\/p>\n<\/li>\n<li class=\"\" data-start=\"2101\" data-end=\"2124\">\n<p class=\"\" data-start=\"2103\" data-end=\"2124\">Montage : Poteau D25 mm<\/p>\n<\/li>\n<\/ul>\n<p class=\"\" data-start=\"2126\" data-end=\"2142\"><strong data-start=\"2126\" data-end=\"2140\">Dimensions<\/strong><\/p>\n<ul data-start=\"2143\" data-end=\"2283\">\n<li class=\"\" data-start=\"2143\" data-end=\"2188\">\n<p class=\"\" data-start=\"2145\" data-end=\"2188\">Caisson de basse (L x H x P) : 300 x 400 x 430 mm<\/p>\n<\/li>\n<li class=\"\" data-start=\"2189\" data-end=\"2235\">\n<p class=\"\" data-start=\"2191\" data-end=\"2235\">Enceinte sup\u00e9rieure (L x H x P) : 95 x 360 x 137 mm<\/p>\n<\/li>\n<li class=\"\" data-start=\"2236\" data-end=\"2283\">\n<p class=\"\" data-start=\"2238\" data-end=\"2283\">Poids : Subwoofer 14,2 kg, haut-parleur sup\u00e9rieur 1,9 kg<\/p>\n<\/li>\n<\/ul>","protected":false},"featured_media":13266,"template":"","meta":{"om_disable_all_campaigns":false,"_monsterinsights_skip_tracking":false,"_monsterinsights_sitenote_active":false,"_monsterinsights_sitenote_note":"","_monsterinsights_sitenote_category":0,"_uf_show_specific_survey":0,"_uf_disable_surveys":false},"product_brand":[],"product_cat":[98,92,35],"product_tag":[],"class_list":{"0":"post-13255","1":"product","2":"type-product","3":"status-publish","4":"has-post-thumbnail","6":"product_cat-dj-sound-systems-eventsouk","7":"product_cat-pa-systems-eventsouk","8":"product_cat-sound-cinesouk","10":"entry","11":"has-media","13":"first","14":"instock","15":"taxable","16":"shipping-taxable","17":"purchasable","18":"product-type-variable","19":"has-product-nav","20":"col","21":"span_1_of_3","22":"owp-content-center","23":"owp-thumbs-layout-horizontal","24":"owp-btn-normal","25":"owp-tabs-layout-horizontal"},"yoast_head":"<!-- This site is optimized with the Yoast SEO Premium plugin v26.0 (Yoast SEO v26.0) - https:\/\/yoast.com\/wordpress\/plugins\/seo\/ -->\n<title>dB Technologies ES602 - compact column PA system - 2x in 1kit - CineSouk - For rent<\/title>\n<meta name=\"description\" content=\"dB Technologies ES602 dual PA system kit includes 2x 800W column systems with 10\u201d subs and passive tops\u2014ideal for stereo sound, wider coverage, and compact mobile setups.\" \/>\n<meta name=\"robots\" content=\"index, follow, max-snippet:-1, max-image-preview:large, max-video-preview:-1\" \/>\n<link rel=\"canonical\" href=\"https:\/\/www.cinesouk.ma\/fr\/produit\/db-technologies-es602-compact-column-pa-system-2x-in-1kit\/\" \/>\n<meta property=\"og:locale\" content=\"fr_FR\" \/>\n<meta property=\"og:type\" content=\"article\" \/>\n<meta property=\"og:title\" content=\"dB Technologies ES602 - compact column PA system - 2x in 1kit\" \/>\n<meta property=\"og:description\" content=\"dB Technologies ES602 dual PA system kit includes 2x 800W column systems with 10\u201d subs and passive tops\u2014ideal for stereo sound, wider coverage, and compact mobile setups.\" \/>\n<meta property=\"og:url\" content=\"https:\/\/www.cinesouk.ma\/fr\/produit\/db-technologies-es602-compact-column-pa-system-2x-in-1kit\/\" \/>\n<meta property=\"og:site_name\" content=\"CineSouk\" \/>\n<meta property=\"article:modified_time\" content=\"2025-05-27T12:59:53+00:00\" \/>\n<meta property=\"og:image\" content=\"https:\/\/www.cinesouk.ma\/wp-content\/uploads\/2025\/05\/dB-Technologies-ES602-compact-column-PA-system-2x-in-1kit.jpg\" \/>\n\t<meta property=\"og:image:width\" content=\"300\" \/>\n\t<meta property=\"og:image:height\" content=\"238\" \/>\n\t<meta property=\"og:image:type\" content=\"image\/jpeg\" \/>\n<meta name=\"twitter:card\" content=\"summary_large_image\" \/>\n<meta name=\"twitter:description\" content=\"dB Technologies ES602 dual PA system kit includes 2x 800W column systems with 10\u201d subs and passive tops\u2014ideal for stereo sound, wider coverage, and compact mobile setups.\" \/>\n<meta name=\"twitter:label1\" content=\"Dur\u00e9e de lecture estim\u00e9e\" \/>\n\t<meta name=\"twitter:data1\" content=\"2 minutes\" \/>\n<script type=\"application\/ld+json\" class=\"yoast-schema-graph\">{\"@context\":\"https:\/\/schema.org\",\"@graph\":[{\"@type\":\"WebPage\",\"@id\":\"https:\/\/www.cinesouk.ma\/product\/db-technologies-es602-compact-column-pa-system-2x-in-1kit\/\",\"url\":\"https:\/\/www.cinesouk.ma\/product\/db-technologies-es602-compact-column-pa-system-2x-in-1kit\/\",\"name\":\"dB Technologies ES602 - compact column PA system - 2x in 1kit - CineSouk - For rent\",\"isPartOf\":{\"@id\":\"https:\/\/www.cinesouk.ma\/#website\"},\"primaryImageOfPage\":{\"@id\":\"https:\/\/www.cinesouk.ma\/product\/db-technologies-es602-compact-column-pa-system-2x-in-1kit\/#primaryimage\"},\"image\":{\"@id\":\"https:\/\/www.cinesouk.ma\/product\/db-technologies-es602-compact-column-pa-system-2x-in-1kit\/#primaryimage\"},\"thumbnailUrl\":\"https:\/\/www.cinesouk.ma\/wp-content\/uploads\/2025\/05\/dB-Technologies-ES602-compact-column-PA-system-2x-in-1kit.jpg\",\"datePublished\":\"2025-05-14T12:27:44+00:00\",\"dateModified\":\"2025-05-27T12:59:53+00:00\",\"description\":\"dB Technologies ES602 dual PA system kit includes 2x 800W column systems with 10\u201d subs and passive tops\u2014ideal for stereo sound, wider coverage, and compact mobile setups.\",\"breadcrumb\":{\"@id\":\"https:\/\/www.cinesouk.ma\/product\/db-technologies-es602-compact-column-pa-system-2x-in-1kit\/#breadcrumb\"},\"inLanguage\":\"fr-FR\",\"potentialAction\":[{\"@type\":\"ReadAction\",\"target\":[\"https:\/\/www.cinesouk.ma\/product\/db-technologies-es602-compact-column-pa-system-2x-in-1kit\/\"]}]},{\"@type\":\"ImageObject\",\"inLanguage\":\"fr-FR\",\"@id\":\"https:\/\/www.cinesouk.ma\/product\/db-technologies-es602-compact-column-pa-system-2x-in-1kit\/#primaryimage\",\"url\":\"https:\/\/www.cinesouk.ma\/wp-content\/uploads\/2025\/05\/dB-Technologies-ES602-compact-column-PA-system-2x-in-1kit.jpg\",\"contentUrl\":\"https:\/\/www.cinesouk.ma\/wp-content\/uploads\/2025\/05\/dB-Technologies-ES602-compact-column-PA-system-2x-in-1kit.jpg\",\"width\":300,\"height\":238,\"caption\":\"dB Technologies ES602 - compact column PA system - 2x in 1kit\"},{\"@type\":\"BreadcrumbList\",\"@id\":\"https:\/\/www.cinesouk.ma\/product\/db-technologies-es602-compact-column-pa-system-2x-in-1kit\/#breadcrumb\",\"itemListElement\":[{\"@type\":\"ListItem\",\"position\":1,\"name\":\"Home\",\"item\":\"https:\/\/www.cinesouk.ma\/\"},{\"@type\":\"ListItem\",\"position\":2,\"name\":\"Shop\",\"item\":\"https:\/\/www.cinesouk.ma\/shop\/\"},{\"@type\":\"ListItem\",\"position\":3,\"name\":\"dB Technologies ES602 &#8211; compact column PA system &#8211; 2x in 1kit\"}]},{\"@type\":\"WebSite\",\"@id\":\"https:\/\/www.cinesouk.ma\/#website\",\"url\":\"https:\/\/www.cinesouk.ma\/\",\"name\":\"CineSouk\",\"description\":\"\",\"publisher\":{\"@id\":\"https:\/\/www.cinesouk.ma\/#organization\"},\"potentialAction\":[{\"@type\":\"SearchAction\",\"target\":{\"@type\":\"EntryPoint\",\"urlTemplate\":\"https:\/\/www.cinesouk.ma\/?s={search_term_string}\"},\"query-input\":{\"@type\":\"PropertyValueSpecification\",\"valueRequired\":true,\"valueName\":\"search_term_string\"}}],\"inLanguage\":\"fr-FR\"},{\"@type\":\"Organization\",\"@id\":\"https:\/\/www.cinesouk.ma\/#organization\",\"name\":\"CineSouk\",\"url\":\"https:\/\/www.cinesouk.ma\/\",\"logo\":{\"@type\":\"ImageObject\",\"inLanguage\":\"fr-FR\",\"@id\":\"https:\/\/www.cinesouk.ma\/#\/schema\/logo\/image\/\",\"url\":\"https:\/\/www.cinesouk.ma\/wp-content\/uploads\/2024\/01\/CineSouk-logo-v01-alpha-alligned-left.png\",\"contentUrl\":\"https:\/\/www.cinesouk.ma\/wp-content\/uploads\/2024\/01\/CineSouk-logo-v01-alpha-alligned-left.png\",\"width\":3204,\"height\":889,\"caption\":\"CineSouk\"},\"image\":{\"@id\":\"https:\/\/www.cinesouk.ma\/#\/schema\/logo\/image\/\"}}]}<\/script>\n<!-- \/ Yoast SEO Premium plugin. -->","yoast_head_json":{"title":"dB Technologies ES602 - compact column PA system - 2x in 1kit - CineSouk - For rent","description":"dB Technologies ES602 dual PA system kit includes 2x 800W column systems with 10\u201d subs and passive tops\u2014ideal for stereo sound, wider coverage, and compact mobile setups.","robots":{"index":"index","follow":"follow","max-snippet":"max-snippet:-1","max-image-preview":"max-image-preview:large","max-video-preview":"max-video-preview:-1"},"canonical":"https:\/\/www.cinesouk.ma\/fr\/produit\/db-technologies-es602-compact-column-pa-system-2x-in-1kit\/","og_locale":"fr_FR","og_type":"article","og_title":"dB Technologies ES602 - compact column PA system - 2x in 1kit","og_description":"dB Technologies ES602 dual PA system kit includes 2x 800W column systems with 10\u201d subs and passive tops\u2014ideal for stereo sound, wider coverage, and compact mobile setups.","og_url":"https:\/\/www.cinesouk.ma\/fr\/produit\/db-technologies-es602-compact-column-pa-system-2x-in-1kit\/","og_site_name":"CineSouk","article_modified_time":"2025-05-27T12:59:53+00:00","og_image":[{"width":300,"height":238,"url":"https:\/\/www.cinesouk.ma\/wp-content\/uploads\/2025\/05\/dB-Technologies-ES602-compact-column-PA-system-2x-in-1kit.jpg","type":"image\/jpeg"}],"twitter_card":"summary_large_image","twitter_description":"dB Technologies ES602 dual PA system kit includes 2x 800W column systems with 10\u201d subs and passive tops\u2014ideal for stereo sound, wider coverage, and compact mobile setups.","twitter_misc":{"Dur\u00e9e de lecture estim\u00e9e":"2 minutes"},"schema":{"@context":"https:\/\/schema.org","@graph":[{"@type":"WebPage","@id":"https:\/\/www.cinesouk.ma\/product\/db-technologies-es602-compact-column-pa-system-2x-in-1kit\/","url":"https:\/\/www.cinesouk.ma\/product\/db-technologies-es602-compact-column-pa-system-2x-in-1kit\/","name":"dB Technologies ES602 - compact column PA system - 2x in 1kit - CineSouk - For rent","isPartOf":{"@id":"https:\/\/www.cinesouk.ma\/#website"},"primaryImageOfPage":{"@id":"https:\/\/www.cinesouk.ma\/product\/db-technologies-es602-compact-column-pa-system-2x-in-1kit\/#primaryimage"},"image":{"@id":"https:\/\/www.cinesouk.ma\/product\/db-technologies-es602-compact-column-pa-system-2x-in-1kit\/#primaryimage"},"thumbnailUrl":"https:\/\/www.cinesouk.ma\/wp-content\/uploads\/2025\/05\/dB-Technologies-ES602-compact-column-PA-system-2x-in-1kit.jpg","datePublished":"2025-05-14T12:27:44+00:00","dateModified":"2025-05-27T12:59:53+00:00","description":"dB Technologies ES602 dual PA system kit includes 2x 800W column systems with 10\u201d subs and passive tops\u2014ideal for stereo sound, wider coverage, and compact mobile setups.","breadcrumb":{"@id":"https:\/\/www.cinesouk.ma\/product\/db-technologies-es602-compact-column-pa-system-2x-in-1kit\/#breadcrumb"},"inLanguage":"fr-FR","potentialAction":[{"@type":"ReadAction","target":["https:\/\/www.cinesouk.ma\/product\/db-technologies-es602-compact-column-pa-system-2x-in-1kit\/"]}]},{"@type":"ImageObject","inLanguage":"fr-FR","@id":"https:\/\/www.cinesouk.ma\/product\/db-technologies-es602-compact-column-pa-system-2x-in-1kit\/#primaryimage","url":"https:\/\/www.cinesouk.ma\/wp-content\/uploads\/2025\/05\/dB-Technologies-ES602-compact-column-PA-system-2x-in-1kit.jpg","contentUrl":"https:\/\/www.cinesouk.ma\/wp-content\/uploads\/2025\/05\/dB-Technologies-ES602-compact-column-PA-system-2x-in-1kit.jpg","width":300,"height":238,"caption":"dB Technologies ES602 - compact column PA system - 2x in 1kit"},{"@type":"BreadcrumbList","@id":"https:\/\/www.cinesouk.ma\/product\/db-technologies-es602-compact-column-pa-system-2x-in-1kit\/#breadcrumb","itemListElement":[{"@type":"ListItem","position":1,"name":"Home","item":"https:\/\/www.cinesouk.ma\/"},{"@type":"ListItem","position":2,"name":"Shop","item":"https:\/\/www.cinesouk.ma\/shop\/"},{"@type":"ListItem","position":3,"name":"dB Technologies ES602 &#8211; compact column PA system &#8211; 2x in 1kit"}]},{"@type":"WebSite","@id":"https:\/\/www.cinesouk.ma\/#website","url":"https:\/\/www.cinesouk.ma\/","name":"CineSouk","description":"","publisher":{"@id":"https:\/\/www.cinesouk.ma\/#organization"},"potentialAction":[{"@type":"SearchAction","target":{"@type":"EntryPoint","urlTemplate":"https:\/\/www.cinesouk.ma\/?s={search_term_string}"},"query-input":{"@type":"PropertyValueSpecification","valueRequired":true,"valueName":"search_term_string"}}],"inLanguage":"fr-FR"},{"@type":"Organization","@id":"https:\/\/www.cinesouk.ma\/#organization","name":"CineSouk","url":"https:\/\/www.cinesouk.ma\/","logo":{"@type":"ImageObject","inLanguage":"fr-FR","@id":"https:\/\/www.cinesouk.ma\/#\/schema\/logo\/image\/","url":"https:\/\/www.cinesouk.ma\/wp-content\/uploads\/2024\/01\/CineSouk-logo-v01-alpha-alligned-left.png","contentUrl":"https:\/\/www.cinesouk.ma\/wp-content\/uploads\/2024\/01\/CineSouk-logo-v01-alpha-alligned-left.png","width":3204,"height":889,"caption":"CineSouk"},"image":{"@id":"https:\/\/www.cinesouk.ma\/#\/schema\/logo\/image\/"}}]}},"_links":{"self":[{"href":"https:\/\/www.cinesouk.ma\/fr\/wp-json\/wp\/v2\/product\/13255","targetHints":{"allow":["GET"]}}],"collection":[{"href":"https:\/\/www.cinesouk.ma\/fr\/wp-json\/wp\/v2\/product"}],"about":[{"href":"https:\/\/www.cinesouk.ma\/fr\/wp-json\/wp\/v2\/types\/product"}],"wp:featuredmedia":[{"embeddable":true,"href":"https:\/\/www.cinesouk.ma\/fr\/wp-json\/wp\/v2\/media\/13266"}],"wp:attachment":[{"href":"https:\/\/www.cinesouk.ma\/fr\/wp-json\/wp\/v2\/media?parent=13255"}],"wp:term":[{"taxonomy":"product_brand","embeddable":true,"href":"https:\/\/www.cinesouk.ma\/fr\/wp-json\/wp\/v2\/product_brand?post=13255"},{"taxonomy":"product_cat","embeddable":true,"href":"https:\/\/www.cinesouk.ma\/fr\/wp-json\/wp\/v2\/product_cat?post=13255"},{"taxonomy":"product_tag","embeddable":true,"href":"https:\/\/www.cinesouk.ma\/fr\/wp-json\/wp\/v2\/product_tag?post=13255"}],"curies":[{"name":"wp","href":"https:\/\/api.w.org\/{rel}","templated":true}]}}