{"id":13280,"date":"2025-05-17T13:22:35","date_gmt":"2025-05-17T13:22:35","guid":{"rendered":"https:\/\/www.cinesouk.ma\/?post_type=product&#038;p=13280"},"modified":"2026-01-24T13:28:27","modified_gmt":"2026-01-24T13:28:27","slug":"ecoflow-delta-mini-882wh","status":"publish","type":"product","link":"https:\/\/www.cinesouk.ma\/fr\/produit\/ecoflow-delta-mini-882wh\/","title":{"rendered":"EcoFlow Delta Mini 882Wh"},"content":{"rendered":"<p data-start=\"242\" data-end=\"680\">L'EcoFlow Delta Mini 882Wh est une station d'alimentation portable compacte \u00e0 haut rendement con\u00e7ue pour l'alimentation hors r\u00e9seau, la sauvegarde d'urgence et les environnements de travail mobiles. Avec une capacit\u00e9 de 882Wh et une puissance de sortie allant jusqu'\u00e0 1400W (2100W en surtension), elle peut alimenter des ordinateurs portables, des lampes, des outils, des routeurs et m\u00eame de petits appareils. L\u00e9g\u00e8re mais puissante, elle offre des vitesses de charge avanc\u00e9es, une connectivit\u00e9 multi-appareils et un contr\u00f4le intelligent via l'application EcoFlow.<\/p>\n<h3 data-start=\"687\" data-end=\"703\">Caract\u00e9ristiques principales<\/h3>\n<ul data-start=\"705\" data-end=\"1477\">\n<li data-start=\"705\" data-end=\"784\">\n<p data-start=\"707\" data-end=\"784\"><strong data-start=\"707\" data-end=\"724\">Batterie de 882Wh<\/strong>: Stockage fiable de l'\u00e9nergie gr\u00e2ce \u00e0 la technologie lithium-ion NCM<\/p>\n<\/li>\n<li data-start=\"785\" data-end=\"856\">\n<p data-start=\"787\" data-end=\"856\"><strong data-start=\"787\" data-end=\"806\">Puissance de sortie<\/strong>: 1400W de puissance nominale avec 2100W de capacit\u00e9 de surtension<\/p>\n<\/li>\n<li data-start=\"857\" data-end=\"941\">\n<p data-start=\"859\" data-end=\"941\"><strong data-start=\"859\" data-end=\"875\">Mode X-Boost<\/strong>: Permet de faire fonctionner des appareils jusqu'\u00e0 1800W (avec une tension r\u00e9duite)<\/p>\n<\/li>\n<li data-start=\"942\" data-end=\"1032\">\n<p data-start=\"944\" data-end=\"1032\"><strong data-start=\"944\" data-end=\"962\">Chargement rapide<\/strong>: Chargement \u00e0 partir de 0-80% en seulement 1 heure ; charge compl\u00e8te en 1,6 heure via CA<\/p>\n<\/li>\n<li data-start=\"1033\" data-end=\"1099\">\n<p data-start=\"1035\" data-end=\"1099\"><strong data-start=\"1035\" data-end=\"1055\">Sorties multiples<\/strong>: 5 prises secteur, USB-A, USB-C et port voiture<\/p>\n<\/li>\n<li data-start=\"1100\" data-end=\"1151\">\n<p data-start=\"1102\" data-end=\"1151\"><strong data-start=\"1102\" data-end=\"1117\">Pr\u00eat pour le solaire<\/strong>: Accepte jusqu'\u00e0 300W d'\u00e9nergie solaire<\/p>\n<\/li>\n<li data-start=\"1152\" data-end=\"1235\">\n<p data-start=\"1154\" data-end=\"1235\"><strong data-start=\"1154\" data-end=\"1172\">Surveillance des applications<\/strong>: Suivre l'utilisation, les entr\u00e9es et contr\u00f4ler les sorties \u00e0 partir de votre smartphone<\/p>\n<\/li>\n<li data-start=\"1236\" data-end=\"1320\">\n<p data-start=\"1238\" data-end=\"1320\"><strong data-start=\"1238\" data-end=\"1263\">Charge de passage<\/strong>: Recharger l'appareil tout en l'utilisant pour alimenter d'autres appareils<\/p>\n<\/li>\n<li data-start=\"1321\" data-end=\"1389\">\n<p data-start=\"1323\" data-end=\"1389\"><strong data-start=\"1323\" data-end=\"1342\">Conception portable<\/strong>: Ne p\u00e8se que 10,7 kg avec les poign\u00e9es int\u00e9gr\u00e9es<\/p>\n<\/li>\n<li data-start=\"1390\" data-end=\"1477\">\n<p data-start=\"1392\" data-end=\"1477\"><strong data-start=\"1392\" data-end=\"1408\">La s\u00e9curit\u00e9 avant tout<\/strong>: Protection int\u00e9gr\u00e9e contre la tension, le courant, la temp\u00e9rature et la surcharge<\/p>\n<\/li>\n<\/ul>\n<h3 data-start=\"1484\" data-end=\"1502\">Sp\u00e9cifications<\/h3>\n<p data-start=\"1504\" data-end=\"1525\"><strong data-start=\"1504\" data-end=\"1523\">Batterie et alimentation<\/strong><\/p>\n<ul data-start=\"1526\" data-end=\"2027\">\n<li data-start=\"1526\" data-end=\"1575\">\n<p data-start=\"1528\" data-end=\"1575\"><strong data-start=\"1528\" data-end=\"1548\">Capacit\u00e9 de la batterie<\/strong>Capacit\u00e9 de charge : 882Wh (Lithium-ion NCM)<\/p>\n<\/li>\n<li data-start=\"1576\" data-end=\"1649\">\n<p data-start=\"1578\" data-end=\"1649\"><strong data-start=\"1578\" data-end=\"1599\">Sortie CA (totale)<\/strong>: 1400W en continu, 2100W en pointe (onde sinuso\u00efdale pure)<\/p>\n<\/li>\n<li data-start=\"1650\" data-end=\"1716\">\n<p data-start=\"1652\" data-end=\"1716\"><strong data-start=\"1652\" data-end=\"1670\">Sortie X-Boost<\/strong>: Jusqu'\u00e0 1800W pour des charges r\u00e9sistives compatibles<\/p>\n<\/li>\n<li data-start=\"1717\" data-end=\"1766\">\n<p data-start=\"1719\" data-end=\"1766\"><strong data-start=\"1719\" data-end=\"1731\">Entr\u00e9e AC<\/strong>Puissance : 900W max (prise murale standard)<\/p>\n<\/li>\n<li data-start=\"1767\" data-end=\"1836\">\n<p data-start=\"1769\" data-end=\"1836\"><strong data-start=\"1769\" data-end=\"1791\">Temps de charge (AC)<\/strong>: 0-80% en 1 heure, charge compl\u00e8te en 1,6 heure<\/p>\n<\/li>\n<li data-start=\"1837\" data-end=\"1903\">\n<p data-start=\"1839\" data-end=\"1903\"><strong data-start=\"1839\" data-end=\"1854\">Entr\u00e9e solaire<\/strong>: 11-75V, 10A max, 300W max (c\u00e2ble MC4 \u00e0 XT60)<\/p>\n<\/li>\n<li data-start=\"1904\" data-end=\"1944\">\n<p data-start=\"1906\" data-end=\"1944\"><strong data-start=\"1906\" data-end=\"1922\">Chargement de la voiture<\/strong>: 12V\/24V DC, 8A max<\/p>\n<\/li>\n<li data-start=\"1945\" data-end=\"1991\">\n<p data-start=\"1947\" data-end=\"1991\"><strong data-start=\"1947\" data-end=\"1961\">Cycle de vie<\/strong>800 cycles pour une capacit\u00e9 de 80%<\/p>\n<\/li>\n<li data-start=\"1992\" data-end=\"2027\">\n<p data-start=\"1994\" data-end=\"2027\"><strong data-start=\"1994\" data-end=\"2011\">Type d'onduleur<\/strong>: Onde sinuso\u00efdale pure<\/p>\n<\/li>\n<\/ul>\n<p data-start=\"2029\" data-end=\"2055\"><strong data-start=\"2029\" data-end=\"2053\">Ports et connectivit\u00e9<\/strong><\/p>\n<ul data-start=\"2056\" data-end=\"2274\">\n<li data-start=\"2056\" data-end=\"2095\">\n<p data-start=\"2058\" data-end=\"2095\"><strong data-start=\"2058\" data-end=\"2072\">Sorties CA<\/strong>: 5 x 230V (EU), 50Hz<\/p>\n<\/li>\n<li data-start=\"2096\" data-end=\"2152\">\n<p data-start=\"2098\" data-end=\"2152\"><strong data-start=\"2098\" data-end=\"2107\">USB-A<\/strong>Chargement : 2 x standard (12W), 1 x charge rapide (18W)<\/p>\n<\/li>\n<li data-start=\"2153\" data-end=\"2176\">\n<p data-start=\"2155\" data-end=\"2176\"><strong data-start=\"2155\" data-end=\"2164\">USB-C<\/strong>: 1 x 100W<\/p>\n<\/li>\n<li data-start=\"2177\" data-end=\"2218\">\n<p data-start=\"2179\" data-end=\"2218\"><strong data-start=\"2179\" data-end=\"2190\">Port CC<\/strong>: 1 x prise pour voiture (13,6V, 8A)<\/p>\n<\/li>\n<li data-start=\"2219\" data-end=\"2274\">\n<p data-start=\"2221\" data-end=\"2274\"><strong data-start=\"2221\" data-end=\"2241\">Connectivit\u00e9 des applications<\/strong>: Wi-Fi et Bluetooth (application EcoFlow)<\/p>\n<\/li>\n<\/ul>\n<p data-start=\"2276\" data-end=\"2296\"><strong data-start=\"2276\" data-end=\"2294\">Caract\u00e9ristiques physiques<\/strong><\/p>\n<ul data-start=\"2297\" data-end=\"2485\">\n<li data-start=\"2297\" data-end=\"2336\">\n<p data-start=\"2299\" data-end=\"2336\"><strong data-start=\"2299\" data-end=\"2313\">Dimensions<\/strong>: 37,8 x 18,4 x 24 cm<\/p>\n<\/li>\n<li data-start=\"2337\" data-end=\"2360\">\n<p data-start=\"2339\" data-end=\"2360\"><strong data-start=\"2339\" data-end=\"2349\">Poids<\/strong>: 10,7 kg<\/p>\n<\/li>\n<li data-start=\"2361\" data-end=\"2405\">\n<p data-start=\"2363\" data-end=\"2405\"><strong data-start=\"2363\" data-end=\"2388\">Temp\u00e9rature de fonctionnement<\/strong>Temp\u00e9rature d'utilisation : -10\u00b0C \u00e0 45\u00b0C<\/p>\n<\/li>\n<li data-start=\"2406\" data-end=\"2448\">\n<p data-start=\"2408\" data-end=\"2448\"><strong data-start=\"2408\" data-end=\"2431\">Temp\u00e9rature de stockage<\/strong>Temp\u00e9rature d'utilisation : -20\u00b0C \u00e0 45\u00b0C<\/p>\n<\/li>\n<li data-start=\"2449\" data-end=\"2485\">\n<p data-start=\"2451\" data-end=\"2485\"><strong data-start=\"2451\" data-end=\"2466\">Niveau de bruit<\/strong>: \u226450 dB \u00e0 1 m\u00e8tre<\/p>\n<\/li>\n<\/ul>\n<p data-start=\"2506\" data-end=\"2802\">L'EcoFlow Delta Mini 882Wh est une solution \u00e9nerg\u00e9tique puissante et portable pour les professionnels modernes, les travailleurs \u00e0 distance, les voyageurs et les m\u00e9nages pr\u00eats \u00e0 faire face \u00e0 des situations d'urgence. Sa combinaison de charge rapide, de sorties diverses et de format compact en fait un outil pratique pour alimenter des appareils n'importe o\u00f9 et n'importe quand.<\/p>\n<div data-zone-id=\"0\" data-line-index=\"8\" data-line=\"true\"><\/div>\n<p>Louez-le maintenant sur <a href=\"https:\/\/www.cinesouk.ma\/fr\">CINESOUK<\/a> - une marque de <a href=\"https:\/\/www.broadway.ma\/\">BROADWAY PRODUCTIONS SARL.<\/a><\/p>","protected":false},"excerpt":{"rendered":"<h3>Sp\u00e9cifications :<\/h3>\n<p data-start=\"1504\" data-end=\"1525\"><strong data-start=\"1504\" data-end=\"1523\">Batterie et alimentation<\/strong><\/p>\n<ul data-start=\"1526\" data-end=\"2027\">\n<li data-start=\"1526\" data-end=\"1575\">\n<p data-start=\"1528\" data-end=\"1575\"><strong data-start=\"1528\" data-end=\"1548\">Capacit\u00e9 de la batterie<\/strong>Capacit\u00e9 de charge : 882Wh (Lithium-ion NCM)<\/p>\n<\/li>\n<li data-start=\"1576\" data-end=\"1649\">\n<p data-start=\"1578\" data-end=\"1649\"><strong data-start=\"1578\" data-end=\"1599\">Sortie CA (totale)<\/strong>: 1400W en continu, 2100W en pointe (onde sinuso\u00efdale pure)<\/p>\n<\/li>\n<li data-start=\"1650\" data-end=\"1716\">\n<p data-start=\"1652\" data-end=\"1716\"><strong data-start=\"1652\" data-end=\"1670\">Sortie X-Boost<\/strong>: Jusqu'\u00e0 1800W pour des charges r\u00e9sistives compatibles<\/p>\n<\/li>\n<li data-start=\"1717\" data-end=\"1766\">\n<p data-start=\"1719\" data-end=\"1766\"><strong data-start=\"1719\" data-end=\"1731\">Entr\u00e9e AC<\/strong>Puissance : 900W max (prise murale standard)<\/p>\n<\/li>\n<li data-start=\"1767\" data-end=\"1836\">\n<p data-start=\"1769\" data-end=\"1836\"><strong data-start=\"1769\" data-end=\"1791\">Temps de charge (AC)<\/strong>: 0-80% en 1 heure, charge compl\u00e8te en 1,6 heure<\/p>\n<\/li>\n<li data-start=\"1837\" data-end=\"1903\">\n<p data-start=\"1839\" data-end=\"1903\"><strong data-start=\"1839\" data-end=\"1854\">Entr\u00e9e solaire<\/strong>: 11-75V, 10A max, 300W max (c\u00e2ble MC4 \u00e0 XT60)<\/p>\n<\/li>\n<li data-start=\"1904\" data-end=\"1944\">\n<p data-start=\"1906\" data-end=\"1944\"><strong data-start=\"1906\" data-end=\"1922\">Chargement de la voiture<\/strong>: 12V\/24V DC, 8A max<\/p>\n<\/li>\n<li data-start=\"1945\" data-end=\"1991\">\n<p data-start=\"1947\" data-end=\"1991\"><strong data-start=\"1947\" data-end=\"1961\">Cycle de vie<\/strong>800 cycles pour une capacit\u00e9 de 80%<\/p>\n<\/li>\n<li data-start=\"1992\" data-end=\"2027\">\n<p data-start=\"1994\" data-end=\"2027\"><strong data-start=\"1994\" data-end=\"2011\">Type d'onduleur<\/strong>: Onde sinuso\u00efdale pure<\/p>\n<\/li>\n<\/ul>\n<p data-start=\"2029\" data-end=\"2055\"><strong data-start=\"2029\" data-end=\"2053\">Ports et connectivit\u00e9<\/strong><\/p>\n<ul data-start=\"2056\" data-end=\"2274\">\n<li data-start=\"2056\" data-end=\"2095\">\n<p data-start=\"2058\" data-end=\"2095\"><strong data-start=\"2058\" data-end=\"2072\">Sorties CA<\/strong>: 5 x 230V (EU), 50Hz<\/p>\n<\/li>\n<li data-start=\"2096\" data-end=\"2152\">\n<p data-start=\"2098\" data-end=\"2152\"><strong data-start=\"2098\" data-end=\"2107\">USB-A<\/strong>Chargement : 2 x standard (12W), 1 x charge rapide (18W)<\/p>\n<\/li>\n<li data-start=\"2153\" data-end=\"2176\">\n<p data-start=\"2155\" data-end=\"2176\"><strong data-start=\"2155\" data-end=\"2164\">USB-C<\/strong>: 1 x 100W<\/p>\n<\/li>\n<li data-start=\"2177\" data-end=\"2218\">\n<p data-start=\"2179\" data-end=\"2218\"><strong data-start=\"2179\" data-end=\"2190\">Port CC<\/strong>: 1 x prise pour voiture (13,6V, 8A)<\/p>\n<\/li>\n<li data-start=\"2219\" data-end=\"2274\">\n<p data-start=\"2221\" data-end=\"2274\"><strong data-start=\"2221\" data-end=\"2241\">Connectivit\u00e9 des applications<\/strong>: Wi-Fi et Bluetooth (application EcoFlow)<\/p>\n<\/li>\n<\/ul>\n<p data-start=\"2276\" data-end=\"2296\"><strong data-start=\"2276\" data-end=\"2294\">Caract\u00e9ristiques physiques<\/strong><\/p>\n<ul data-start=\"2297\" data-end=\"2485\">\n<li data-start=\"2297\" data-end=\"2336\">\n<p data-start=\"2299\" data-end=\"2336\"><strong data-start=\"2299\" data-end=\"2313\">Dimensions<\/strong>: 37,8 x 18,4 x 24 cm<\/p>\n<\/li>\n<li data-start=\"2337\" data-end=\"2360\">\n<p data-start=\"2339\" data-end=\"2360\"><strong data-start=\"2339\" data-end=\"2349\">Poids<\/strong>: 10,7 kg<\/p>\n<\/li>\n<\/ul>","protected":false},"featured_media":13291,"template":"","meta":{"om_disable_all_campaigns":false,"_monsterinsights_skip_tracking":false,"_monsterinsights_sitenote_active":false,"_monsterinsights_sitenote_note":"","_monsterinsights_sitenote_category":0,"_uf_show_specific_survey":0,"_uf_disable_surveys":false},"product_brand":[],"product_cat":[57,119,56],"product_tag":[],"class_list":{"0":"post-13280","1":"product","2":"type-product","3":"status-publish","4":"has-post-thumbnail","6":"product_cat-batteries-cinesouk","7":"product_cat-generator-eventsouk","8":"product_cat-generator-cinesouk","10":"entry","11":"has-media","13":"first","14":"instock","15":"taxable","16":"shipping-taxable","17":"purchasable","18":"product-type-variable","19":"has-product-nav","20":"col","21":"span_1_of_3","22":"owp-content-center","23":"owp-thumbs-layout-horizontal","24":"owp-btn-normal","25":"owp-tabs-layout-horizontal","26":"has-no-thumbnails"},"yoast_head":"<!-- This site is optimized with the Yoast SEO Premium plugin v26.0 (Yoast SEO v26.0) - https:\/\/yoast.com\/wordpress\/plugins\/seo\/ -->\n<title>EcoFlow Delta Mini 882Wh - CineSouk - Marrakech | Morocco - For rent<\/title>\n<meta name=\"description\" content=\"EcoFlow DELTA Mini 882Wh power station with 1400W output, 5 AC outlets, rapid charging, and solar input\u2014ideal for outdoor use, emergency backup, or professional mobile setups.\" \/>\n<meta name=\"robots\" content=\"index, follow, max-snippet:-1, max-image-preview:large, max-video-preview:-1\" \/>\n<link rel=\"canonical\" href=\"https:\/\/www.cinesouk.ma\/fr\/produit\/ecoflow-delta-mini-882wh\/\" \/>\n<meta property=\"og:locale\" content=\"fr_FR\" \/>\n<meta property=\"og:type\" content=\"article\" \/>\n<meta property=\"og:title\" content=\"EcoFlow Delta Mini 882Wh\" \/>\n<meta property=\"og:description\" content=\"EcoFlow DELTA Mini 882Wh power station with 1400W output, 5 AC outlets, rapid charging, and solar input\u2014ideal for outdoor use, emergency backup, or professional mobile setups.\" \/>\n<meta property=\"og:url\" content=\"https:\/\/www.cinesouk.ma\/fr\/produit\/ecoflow-delta-mini-882wh\/\" \/>\n<meta property=\"og:site_name\" content=\"CineSouk\" \/>\n<meta property=\"article:modified_time\" content=\"2026-01-24T13:28:27+00:00\" \/>\n<meta property=\"og:image\" content=\"https:\/\/www.cinesouk.ma\/wp-content\/uploads\/2024\/01\/as.jpg\" \/>\n\t<meta property=\"og:image:width\" content=\"300\" \/>\n\t<meta property=\"og:image:height\" content=\"238\" \/>\n\t<meta property=\"og:image:type\" content=\"image\/jpeg\" \/>\n<meta name=\"twitter:card\" content=\"summary_large_image\" \/>\n<meta name=\"twitter:description\" content=\"EcoFlow DELTA Mini 882Wh power station with 1400W output, 5 AC outlets, rapid charging, and solar input\u2014ideal for outdoor use, emergency backup, or professional mobile setups.\" \/>\n<meta name=\"twitter:label1\" content=\"Dur\u00e9e de lecture estim\u00e9e\" \/>\n\t<meta name=\"twitter:data1\" content=\"2 minutes\" \/>\n<script type=\"application\/ld+json\" class=\"yoast-schema-graph\">{\"@context\":\"https:\/\/schema.org\",\"@graph\":[{\"@type\":\"WebPage\",\"@id\":\"https:\/\/www.cinesouk.ma\/product\/ecoflow-delta-mini-882wh\/\",\"url\":\"https:\/\/www.cinesouk.ma\/product\/ecoflow-delta-mini-882wh\/\",\"name\":\"EcoFlow Delta Mini 882Wh - CineSouk - Marrakech | Morocco - For rent\",\"isPartOf\":{\"@id\":\"https:\/\/www.cinesouk.ma\/#website\"},\"primaryImageOfPage\":{\"@id\":\"https:\/\/www.cinesouk.ma\/product\/ecoflow-delta-mini-882wh\/#primaryimage\"},\"image\":{\"@id\":\"https:\/\/www.cinesouk.ma\/product\/ecoflow-delta-mini-882wh\/#primaryimage\"},\"thumbnailUrl\":\"https:\/\/www.cinesouk.ma\/wp-content\/uploads\/2025\/05\/EcoFlow-Delta-Mini-882Wh.jpg\",\"datePublished\":\"2025-05-17T13:22:35+00:00\",\"dateModified\":\"2026-01-24T13:28:27+00:00\",\"description\":\"EcoFlow DELTA Mini 882Wh power station with 1400W output, 5 AC outlets, rapid charging, and solar input\u2014ideal for outdoor use, emergency backup, or professional mobile setups.\",\"breadcrumb\":{\"@id\":\"https:\/\/www.cinesouk.ma\/product\/ecoflow-delta-mini-882wh\/#breadcrumb\"},\"inLanguage\":\"fr-FR\",\"potentialAction\":[{\"@type\":\"ReadAction\",\"target\":[\"https:\/\/www.cinesouk.ma\/product\/ecoflow-delta-mini-882wh\/\"]}]},{\"@type\":\"ImageObject\",\"inLanguage\":\"fr-FR\",\"@id\":\"https:\/\/www.cinesouk.ma\/product\/ecoflow-delta-mini-882wh\/#primaryimage\",\"url\":\"https:\/\/www.cinesouk.ma\/wp-content\/uploads\/2025\/05\/EcoFlow-Delta-Mini-882Wh.jpg\",\"contentUrl\":\"https:\/\/www.cinesouk.ma\/wp-content\/uploads\/2025\/05\/EcoFlow-Delta-Mini-882Wh.jpg\",\"width\":300,\"height\":238,\"caption\":\"EcoFlow Delta Mini 882Wh\"},{\"@type\":\"BreadcrumbList\",\"@id\":\"https:\/\/www.cinesouk.ma\/product\/ecoflow-delta-mini-882wh\/#breadcrumb\",\"itemListElement\":[{\"@type\":\"ListItem\",\"position\":1,\"name\":\"Home\",\"item\":\"https:\/\/www.cinesouk.ma\/\"},{\"@type\":\"ListItem\",\"position\":2,\"name\":\"Shop\",\"item\":\"https:\/\/www.cinesouk.ma\/shop\/\"},{\"@type\":\"ListItem\",\"position\":3,\"name\":\"EcoFlow Delta Mini 882Wh\"}]},{\"@type\":\"WebSite\",\"@id\":\"https:\/\/www.cinesouk.ma\/#website\",\"url\":\"https:\/\/www.cinesouk.ma\/\",\"name\":\"CineSouk\",\"description\":\"\",\"publisher\":{\"@id\":\"https:\/\/www.cinesouk.ma\/#organization\"},\"potentialAction\":[{\"@type\":\"SearchAction\",\"target\":{\"@type\":\"EntryPoint\",\"urlTemplate\":\"https:\/\/www.cinesouk.ma\/?s={search_term_string}\"},\"query-input\":{\"@type\":\"PropertyValueSpecification\",\"valueRequired\":true,\"valueName\":\"search_term_string\"}}],\"inLanguage\":\"fr-FR\"},{\"@type\":\"Organization\",\"@id\":\"https:\/\/www.cinesouk.ma\/#organization\",\"name\":\"CineSouk\",\"url\":\"https:\/\/www.cinesouk.ma\/\",\"logo\":{\"@type\":\"ImageObject\",\"inLanguage\":\"fr-FR\",\"@id\":\"https:\/\/www.cinesouk.ma\/#\/schema\/logo\/image\/\",\"url\":\"https:\/\/www.cinesouk.ma\/wp-content\/uploads\/2024\/01\/CineSouk-logo-v01-alpha-alligned-left.png\",\"contentUrl\":\"https:\/\/www.cinesouk.ma\/wp-content\/uploads\/2024\/01\/CineSouk-logo-v01-alpha-alligned-left.png\",\"width\":3204,\"height\":889,\"caption\":\"CineSouk\"},\"image\":{\"@id\":\"https:\/\/www.cinesouk.ma\/#\/schema\/logo\/image\/\"}}]}<\/script>\n<!-- \/ Yoast SEO Premium plugin. -->","yoast_head_json":{"title":"EcoFlow Delta Mini 882Wh - CineSouk - Marrakech | Morocco - For rent","description":"EcoFlow DELTA Mini 882Wh power station with 1400W output, 5 AC outlets, rapid charging, and solar input\u2014ideal for outdoor use, emergency backup, or professional mobile setups.","robots":{"index":"index","follow":"follow","max-snippet":"max-snippet:-1","max-image-preview":"max-image-preview:large","max-video-preview":"max-video-preview:-1"},"canonical":"https:\/\/www.cinesouk.ma\/fr\/produit\/ecoflow-delta-mini-882wh\/","og_locale":"fr_FR","og_type":"article","og_title":"EcoFlow Delta Mini 882Wh","og_description":"EcoFlow DELTA Mini 882Wh power station with 1400W output, 5 AC outlets, rapid charging, and solar input\u2014ideal for outdoor use, emergency backup, or professional mobile setups.","og_url":"https:\/\/www.cinesouk.ma\/fr\/produit\/ecoflow-delta-mini-882wh\/","og_site_name":"CineSouk","article_modified_time":"2026-01-24T13:28:27+00:00","og_image":[{"width":300,"height":238,"url":"https:\/\/www.cinesouk.ma\/wp-content\/uploads\/2024\/01\/as.jpg","type":"image\/jpeg"}],"twitter_card":"summary_large_image","twitter_description":"EcoFlow DELTA Mini 882Wh power station with 1400W output, 5 AC outlets, rapid charging, and solar input\u2014ideal for outdoor use, emergency backup, or professional mobile setups.","twitter_misc":{"Dur\u00e9e de lecture estim\u00e9e":"2 minutes"},"schema":{"@context":"https:\/\/schema.org","@graph":[{"@type":"WebPage","@id":"https:\/\/www.cinesouk.ma\/product\/ecoflow-delta-mini-882wh\/","url":"https:\/\/www.cinesouk.ma\/product\/ecoflow-delta-mini-882wh\/","name":"EcoFlow Delta Mini 882Wh - CineSouk - Marrakech | Morocco - For rent","isPartOf":{"@id":"https:\/\/www.cinesouk.ma\/#website"},"primaryImageOfPage":{"@id":"https:\/\/www.cinesouk.ma\/product\/ecoflow-delta-mini-882wh\/#primaryimage"},"image":{"@id":"https:\/\/www.cinesouk.ma\/product\/ecoflow-delta-mini-882wh\/#primaryimage"},"thumbnailUrl":"https:\/\/www.cinesouk.ma\/wp-content\/uploads\/2025\/05\/EcoFlow-Delta-Mini-882Wh.jpg","datePublished":"2025-05-17T13:22:35+00:00","dateModified":"2026-01-24T13:28:27+00:00","description":"EcoFlow DELTA Mini 882Wh power station with 1400W output, 5 AC outlets, rapid charging, and solar input\u2014ideal for outdoor use, emergency backup, or professional mobile setups.","breadcrumb":{"@id":"https:\/\/www.cinesouk.ma\/product\/ecoflow-delta-mini-882wh\/#breadcrumb"},"inLanguage":"fr-FR","potentialAction":[{"@type":"ReadAction","target":["https:\/\/www.cinesouk.ma\/product\/ecoflow-delta-mini-882wh\/"]}]},{"@type":"ImageObject","inLanguage":"fr-FR","@id":"https:\/\/www.cinesouk.ma\/product\/ecoflow-delta-mini-882wh\/#primaryimage","url":"https:\/\/www.cinesouk.ma\/wp-content\/uploads\/2025\/05\/EcoFlow-Delta-Mini-882Wh.jpg","contentUrl":"https:\/\/www.cinesouk.ma\/wp-content\/uploads\/2025\/05\/EcoFlow-Delta-Mini-882Wh.jpg","width":300,"height":238,"caption":"EcoFlow Delta Mini 882Wh"},{"@type":"BreadcrumbList","@id":"https:\/\/www.cinesouk.ma\/product\/ecoflow-delta-mini-882wh\/#breadcrumb","itemListElement":[{"@type":"ListItem","position":1,"name":"Home","item":"https:\/\/www.cinesouk.ma\/"},{"@type":"ListItem","position":2,"name":"Shop","item":"https:\/\/www.cinesouk.ma\/shop\/"},{"@type":"ListItem","position":3,"name":"EcoFlow Delta Mini 882Wh"}]},{"@type":"WebSite","@id":"https:\/\/www.cinesouk.ma\/#website","url":"https:\/\/www.cinesouk.ma\/","name":"CineSouk","description":"","publisher":{"@id":"https:\/\/www.cinesouk.ma\/#organization"},"potentialAction":[{"@type":"SearchAction","target":{"@type":"EntryPoint","urlTemplate":"https:\/\/www.cinesouk.ma\/?s={search_term_string}"},"query-input":{"@type":"PropertyValueSpecification","valueRequired":true,"valueName":"search_term_string"}}],"inLanguage":"fr-FR"},{"@type":"Organization","@id":"https:\/\/www.cinesouk.ma\/#organization","name":"CineSouk","url":"https:\/\/www.cinesouk.ma\/","logo":{"@type":"ImageObject","inLanguage":"fr-FR","@id":"https:\/\/www.cinesouk.ma\/#\/schema\/logo\/image\/","url":"https:\/\/www.cinesouk.ma\/wp-content\/uploads\/2024\/01\/CineSouk-logo-v01-alpha-alligned-left.png","contentUrl":"https:\/\/www.cinesouk.ma\/wp-content\/uploads\/2024\/01\/CineSouk-logo-v01-alpha-alligned-left.png","width":3204,"height":889,"caption":"CineSouk"},"image":{"@id":"https:\/\/www.cinesouk.ma\/#\/schema\/logo\/image\/"}}]}},"_links":{"self":[{"href":"https:\/\/www.cinesouk.ma\/fr\/wp-json\/wp\/v2\/product\/13280","targetHints":{"allow":["GET"]}}],"collection":[{"href":"https:\/\/www.cinesouk.ma\/fr\/wp-json\/wp\/v2\/product"}],"about":[{"href":"https:\/\/www.cinesouk.ma\/fr\/wp-json\/wp\/v2\/types\/product"}],"wp:featuredmedia":[{"embeddable":true,"href":"https:\/\/www.cinesouk.ma\/fr\/wp-json\/wp\/v2\/media\/13291"}],"wp:attachment":[{"href":"https:\/\/www.cinesouk.ma\/fr\/wp-json\/wp\/v2\/media?parent=13280"}],"wp:term":[{"taxonomy":"product_brand","embeddable":true,"href":"https:\/\/www.cinesouk.ma\/fr\/wp-json\/wp\/v2\/product_brand?post=13280"},{"taxonomy":"product_cat","embeddable":true,"href":"https:\/\/www.cinesouk.ma\/fr\/wp-json\/wp\/v2\/product_cat?post=13280"},{"taxonomy":"product_tag","embeddable":true,"href":"https:\/\/www.cinesouk.ma\/fr\/wp-json\/wp\/v2\/product_tag?post=13280"}],"curies":[{"name":"wp","href":"https:\/\/api.w.org\/{rel}","templated":true}]}}