{"id":13297,"date":"2025-05-22T10:01:24","date_gmt":"2025-05-22T10:01:24","guid":{"rendered":"https:\/\/www.cinesouk.ma\/?post_type=product&#038;p=13297"},"modified":"2025-05-22T11:45:19","modified_gmt":"2025-05-22T11:45:19","slug":"background-paper-generic-2-72x11m-black","status":"publish","type":"product","link":"https:\/\/www.cinesouk.ma\/fr\/produit\/background-paper-generic-2-72x11m-black\/","title":{"rendered":"Papier de fond g\u00e9n\u00e9rique 2.72x11m - Noir"},"content":{"rendered":"<p data-start=\"161\" data-end=\"526\">Outre nos services de location de mat\u00e9riel, nous proposons \u00e9galement une s\u00e9lection professionnelle de consommables de studio. L'un des articles de base de cette gamme est le papier de fond g\u00e9n\u00e9rique 2,72x11m noir. Id\u00e9al pour cr\u00e9er des contrastes spectaculaires, isoler des sujets ou contr\u00f4ler les \u00e9claboussures de lumi\u00e8re, ce fond de sc\u00e8ne noir est un \u00e9l\u00e9ment essentiel du studio, tant pour la photographie que pour la vid\u00e9o.<\/p>\n<p data-start=\"528\" data-end=\"692\">Explorez notre section de consommables pour trouver des toiles de fond standard de studio comme ce rouleau, qui est parfait pour les portraits, les photos de produits, la mode et les d\u00e9cors vid\u00e9o cr\u00e9atifs.<\/p>\n<p data-start=\"694\" data-end=\"837\"><strong data-start=\"694\" data-end=\"724\">Qualit\u00e9 professionnelle<\/strong><br data-start=\"724\" data-end=\"727\" \/>Il offre une surface noire profonde et non r\u00e9fl\u00e9chissante qui permet d'obtenir des r\u00e9sultats nets et pr\u00e9cis avec un minimum de post-traitement.<\/p>\n<p data-start=\"839\" data-end=\"1006\"><strong data-start=\"839\" data-end=\"861\">Couverture int\u00e9grale<\/strong><br data-start=\"861\" data-end=\"864\" \/>Avec des dimensions de 2,72 m\u00e8tres de large et 11 m\u00e8tres de long, il convient pour les portraits en pied, les compositions de groupe et les grands d\u00e9cors.<\/p>\n<p data-start=\"1008\" data-end=\"1113\"><strong data-start=\"1008\" data-end=\"1024\">Finition mate<\/strong><br data-start=\"1024\" data-end=\"1027\" \/>Aide \u00e0 r\u00e9duire l'\u00e9blouissement et les reflets ind\u00e9sirables, vous donnant un contr\u00f4le pr\u00e9cis de l'\u00e9clairage.<\/p>\n<p data-start=\"1120\" data-end=\"1169\"><strong data-start=\"1120\" data-end=\"1169\">Caract\u00e9ristiques du rouleau de papier de fond - noir<\/strong><\/p>\n<ul data-start=\"1171\" data-end=\"1382\">\n<li data-start=\"1171\" data-end=\"1223\">\n<p data-start=\"1173\" data-end=\"1223\">Ton noir solide pour des images nettes et contrast\u00e9es<\/p>\n<\/li>\n<li data-start=\"1224\" data-end=\"1260\">\n<p data-start=\"1226\" data-end=\"1260\">Surface sans couture et non r\u00e9fl\u00e9chissante<\/p>\n<\/li>\n<li data-start=\"1261\" data-end=\"1302\">\n<p data-start=\"1263\" data-end=\"1302\">Texture lisse avec une structure minimale<\/p>\n<\/li>\n<li data-start=\"1303\" data-end=\"1332\">\n<p data-start=\"1305\" data-end=\"1332\">Noyau en carton renforc\u00e9<\/p>\n<\/li>\n<li data-start=\"1333\" data-end=\"1382\">\n<p data-start=\"1335\" data-end=\"1382\">Compatible avec les syst\u00e8mes de support de studio standard<\/p>\n<\/li>\n<\/ul>\n<p data-start=\"1389\" data-end=\"1547\"><strong data-start=\"1389\" data-end=\"1412\">Notre recommandation :<\/strong><br data-start=\"1412\" data-end=\"1415\" \/>Pour maintenir le fond tendu et \u00e9viter qu'il ne s'enroule \u00e0 la base, nous recommandons l'utilisation d'une barre de lestage pendant l'installation (disponible s\u00e9par\u00e9ment).<\/p>\n<p data-start=\"1549\" data-end=\"1657\"><strong data-start=\"1549\" data-end=\"1558\">Remarque :<\/strong><br data-start=\"1558\" data-end=\"1561\" \/>La perception des couleurs peut varier l\u00e9g\u00e8rement en fonction des param\u00e8tres de l'\u00e9cran et des conditions d'\u00e9clairage.<\/p>\n<p data-start=\"191\" data-end=\"462\">Louez-le maintenant sur <a href=\"https:\/\/www.cinesouk.ma\/fr\">CINESOUK<\/a> - une marque de <a href=\"https:\/\/www.broadway.ma\/\">BROADWAY PRODUCTIONS SARL.<\/a><\/p>","protected":false},"excerpt":{"rendered":"<p><strong>Sp\u00e9cifications :<\/strong><\/p>\n<p><strong>Dimensions<\/strong>: 2,72\u00d711 m\u00e8tres<\/p>\n<p><strong>Couleur<\/strong>: Noir<\/p>\n<p><strong>Mat\u00e9riau<\/strong>: Papier lisse de haute qualit\u00e9<\/p>\n<p><strong>Poids<\/strong>: L\u00e9ger pour la portabilit\u00e9<\/p>\n<p><strong>Conception<\/strong>: Installation rapide, construction durable<\/p>\n<p><strong>Utilisation<\/strong>: Convient pour la photographie, la vid\u00e9ographie, les prises de vue en studio, les s\u00e9ances de portrait, etc.<\/p>","protected":false},"featured_media":13298,"template":"","meta":{"om_disable_all_campaigns":false,"_monsterinsights_skip_tracking":false,"_monsterinsights_sitenote_active":false,"_monsterinsights_sitenote_note":"","_monsterinsights_sitenote_category":0,"_uf_show_specific_survey":0,"_uf_disable_surveys":false},"product_brand":[],"product_cat":[60],"product_tag":[],"class_list":{"0":"post-13297","1":"product","2":"type-product","3":"status-publish","4":"has-post-thumbnail","6":"product_cat-consumables-cinesouk","8":"entry","9":"has-media","11":"first","12":"instock","13":"taxable","14":"shipping-taxable","15":"purchasable","16":"product-type-simple","17":"has-product-nav","18":"col","19":"span_1_of_3","20":"owp-content-center","21":"owp-thumbs-layout-horizontal","22":"owp-btn-normal","23":"owp-tabs-layout-horizontal","24":"has-no-thumbnails"},"yoast_head":"<!-- This site is optimized with the Yoast SEO Premium plugin v26.0 (Yoast SEO v26.0) - https:\/\/yoast.com\/wordpress\/plugins\/seo\/ -->\n<title>Background Paper Generic 2.72x11m \u2013 Black - CineSouk - For rent<\/title>\n<meta name=\"description\" content=\"Background Paper Generic 2.72x11m Black with matte finish. Seamless, non-reflective surface ideal for studio photography, video, and content creation.\" \/>\n<meta name=\"robots\" content=\"index, follow, max-snippet:-1, max-image-preview:large, max-video-preview:-1\" \/>\n<link rel=\"canonical\" href=\"https:\/\/www.cinesouk.ma\/fr\/produit\/background-paper-generic-2-72x11m-black\/\" \/>\n<meta property=\"og:locale\" content=\"fr_FR\" \/>\n<meta property=\"og:type\" content=\"article\" \/>\n<meta property=\"og:title\" content=\"Background Paper Generic 2.72x11m \u2013 Black\" \/>\n<meta property=\"og:description\" content=\"Background Paper Generic 2.72x11m Black with matte finish. Seamless, non-reflective surface ideal for studio photography, video, and content creation.\" \/>\n<meta property=\"og:url\" content=\"https:\/\/www.cinesouk.ma\/fr\/produit\/background-paper-generic-2-72x11m-black\/\" \/>\n<meta property=\"og:site_name\" content=\"CineSouk\" \/>\n<meta property=\"article:modified_time\" content=\"2025-05-22T11:45:19+00:00\" \/>\n<meta property=\"og:image\" content=\"https:\/\/www.cinesouk.ma\/wp-content\/uploads\/2025\/05\/Background-Paper-Generic-2.72x11m-\u2013-Black.jpg\" \/>\n\t<meta property=\"og:image:width\" content=\"300\" \/>\n\t<meta property=\"og:image:height\" content=\"238\" \/>\n\t<meta property=\"og:image:type\" content=\"image\/jpeg\" \/>\n<meta name=\"twitter:card\" content=\"summary_large_image\" \/>\n<meta name=\"twitter:description\" content=\"Background Paper Generic 2.72x11m Black with matte finish. Seamless, non-reflective surface ideal for studio photography, video, and content creation.\" \/>\n<meta name=\"twitter:image\" content=\"https:\/\/www.cinesouk.ma\/wp-content\/uploads\/2025\/05\/Background-Paper-Generic-2.72x11m-\u2013-Black.jpg\" \/>\n<meta name=\"twitter:label1\" content=\"Dur\u00e9e de lecture estim\u00e9e\" \/>\n\t<meta name=\"twitter:data1\" content=\"2 minutes\" \/>\n<script type=\"application\/ld+json\" class=\"yoast-schema-graph\">{\"@context\":\"https:\/\/schema.org\",\"@graph\":[{\"@type\":\"WebPage\",\"@id\":\"https:\/\/www.cinesouk.ma\/product\/background-paper-generic-2-72x11m-black\/\",\"url\":\"https:\/\/www.cinesouk.ma\/product\/background-paper-generic-2-72x11m-black\/\",\"name\":\"Background Paper Generic 2.72x11m \u2013 Black - CineSouk - For rent\",\"isPartOf\":{\"@id\":\"https:\/\/www.cinesouk.ma\/#website\"},\"primaryImageOfPage\":{\"@id\":\"https:\/\/www.cinesouk.ma\/product\/background-paper-generic-2-72x11m-black\/#primaryimage\"},\"image\":{\"@id\":\"https:\/\/www.cinesouk.ma\/product\/background-paper-generic-2-72x11m-black\/#primaryimage\"},\"thumbnailUrl\":\"https:\/\/www.cinesouk.ma\/wp-content\/uploads\/2025\/05\/Background-Paper-Generic-2.72x11m-\u2013-Black.jpg\",\"datePublished\":\"2025-05-22T10:01:24+00:00\",\"dateModified\":\"2025-05-22T11:45:19+00:00\",\"description\":\"Background Paper Generic 2.72x11m Black with matte finish. Seamless, non-reflective surface ideal for studio photography, video, and content creation.\",\"breadcrumb\":{\"@id\":\"https:\/\/www.cinesouk.ma\/product\/background-paper-generic-2-72x11m-black\/#breadcrumb\"},\"inLanguage\":\"fr-FR\",\"potentialAction\":[{\"@type\":\"ReadAction\",\"target\":[\"https:\/\/www.cinesouk.ma\/product\/background-paper-generic-2-72x11m-black\/\"]}]},{\"@type\":\"ImageObject\",\"inLanguage\":\"fr-FR\",\"@id\":\"https:\/\/www.cinesouk.ma\/product\/background-paper-generic-2-72x11m-black\/#primaryimage\",\"url\":\"https:\/\/www.cinesouk.ma\/wp-content\/uploads\/2025\/05\/Background-Paper-Generic-2.72x11m-\u2013-Black.jpg\",\"contentUrl\":\"https:\/\/www.cinesouk.ma\/wp-content\/uploads\/2025\/05\/Background-Paper-Generic-2.72x11m-\u2013-Black.jpg\",\"width\":300,\"height\":238,\"caption\":\"Background Paper Generic 2.72x11m \u2013 Black\"},{\"@type\":\"BreadcrumbList\",\"@id\":\"https:\/\/www.cinesouk.ma\/product\/background-paper-generic-2-72x11m-black\/#breadcrumb\",\"itemListElement\":[{\"@type\":\"ListItem\",\"position\":1,\"name\":\"Home\",\"item\":\"https:\/\/www.cinesouk.ma\/\"},{\"@type\":\"ListItem\",\"position\":2,\"name\":\"Shop\",\"item\":\"https:\/\/www.cinesouk.ma\/shop\/\"},{\"@type\":\"ListItem\",\"position\":3,\"name\":\"Background Paper Generic 2.72x11m \u2013 Black\"}]},{\"@type\":\"WebSite\",\"@id\":\"https:\/\/www.cinesouk.ma\/#website\",\"url\":\"https:\/\/www.cinesouk.ma\/\",\"name\":\"CineSouk\",\"description\":\"\",\"publisher\":{\"@id\":\"https:\/\/www.cinesouk.ma\/#organization\"},\"potentialAction\":[{\"@type\":\"SearchAction\",\"target\":{\"@type\":\"EntryPoint\",\"urlTemplate\":\"https:\/\/www.cinesouk.ma\/?s={search_term_string}\"},\"query-input\":{\"@type\":\"PropertyValueSpecification\",\"valueRequired\":true,\"valueName\":\"search_term_string\"}}],\"inLanguage\":\"fr-FR\"},{\"@type\":\"Organization\",\"@id\":\"https:\/\/www.cinesouk.ma\/#organization\",\"name\":\"CineSouk\",\"url\":\"https:\/\/www.cinesouk.ma\/\",\"logo\":{\"@type\":\"ImageObject\",\"inLanguage\":\"fr-FR\",\"@id\":\"https:\/\/www.cinesouk.ma\/#\/schema\/logo\/image\/\",\"url\":\"https:\/\/www.cinesouk.ma\/wp-content\/uploads\/2024\/01\/CineSouk-logo-v01-alpha-alligned-left.png\",\"contentUrl\":\"https:\/\/www.cinesouk.ma\/wp-content\/uploads\/2024\/01\/CineSouk-logo-v01-alpha-alligned-left.png\",\"width\":3204,\"height\":889,\"caption\":\"CineSouk\"},\"image\":{\"@id\":\"https:\/\/www.cinesouk.ma\/#\/schema\/logo\/image\/\"}}]}<\/script>\n<!-- \/ Yoast SEO Premium plugin. -->","yoast_head_json":{"title":"Background Paper Generic 2.72x11m \u2013 Black - CineSouk - For rent","description":"Background Paper Generic 2.72x11m Black with matte finish. Seamless, non-reflective surface ideal for studio photography, video, and content creation.","robots":{"index":"index","follow":"follow","max-snippet":"max-snippet:-1","max-image-preview":"max-image-preview:large","max-video-preview":"max-video-preview:-1"},"canonical":"https:\/\/www.cinesouk.ma\/fr\/produit\/background-paper-generic-2-72x11m-black\/","og_locale":"fr_FR","og_type":"article","og_title":"Background Paper Generic 2.72x11m \u2013 Black","og_description":"Background Paper Generic 2.72x11m Black with matte finish. Seamless, non-reflective surface ideal for studio photography, video, and content creation.","og_url":"https:\/\/www.cinesouk.ma\/fr\/produit\/background-paper-generic-2-72x11m-black\/","og_site_name":"CineSouk","article_modified_time":"2025-05-22T11:45:19+00:00","og_image":[{"width":300,"height":238,"url":"https:\/\/www.cinesouk.ma\/wp-content\/uploads\/2025\/05\/Background-Paper-Generic-2.72x11m-\u2013-Black.jpg","type":"image\/jpeg"}],"twitter_card":"summary_large_image","twitter_description":"Background Paper Generic 2.72x11m Black with matte finish. Seamless, non-reflective surface ideal for studio photography, video, and content creation.","twitter_image":"https:\/\/www.cinesouk.ma\/wp-content\/uploads\/2025\/05\/Background-Paper-Generic-2.72x11m-\u2013-Black.jpg","twitter_misc":{"Dur\u00e9e de lecture estim\u00e9e":"2 minutes"},"schema":{"@context":"https:\/\/schema.org","@graph":[{"@type":"WebPage","@id":"https:\/\/www.cinesouk.ma\/product\/background-paper-generic-2-72x11m-black\/","url":"https:\/\/www.cinesouk.ma\/product\/background-paper-generic-2-72x11m-black\/","name":"Background Paper Generic 2.72x11m \u2013 Black - CineSouk - For rent","isPartOf":{"@id":"https:\/\/www.cinesouk.ma\/#website"},"primaryImageOfPage":{"@id":"https:\/\/www.cinesouk.ma\/product\/background-paper-generic-2-72x11m-black\/#primaryimage"},"image":{"@id":"https:\/\/www.cinesouk.ma\/product\/background-paper-generic-2-72x11m-black\/#primaryimage"},"thumbnailUrl":"https:\/\/www.cinesouk.ma\/wp-content\/uploads\/2025\/05\/Background-Paper-Generic-2.72x11m-\u2013-Black.jpg","datePublished":"2025-05-22T10:01:24+00:00","dateModified":"2025-05-22T11:45:19+00:00","description":"Background Paper Generic 2.72x11m Black with matte finish. Seamless, non-reflective surface ideal for studio photography, video, and content creation.","breadcrumb":{"@id":"https:\/\/www.cinesouk.ma\/product\/background-paper-generic-2-72x11m-black\/#breadcrumb"},"inLanguage":"fr-FR","potentialAction":[{"@type":"ReadAction","target":["https:\/\/www.cinesouk.ma\/product\/background-paper-generic-2-72x11m-black\/"]}]},{"@type":"ImageObject","inLanguage":"fr-FR","@id":"https:\/\/www.cinesouk.ma\/product\/background-paper-generic-2-72x11m-black\/#primaryimage","url":"https:\/\/www.cinesouk.ma\/wp-content\/uploads\/2025\/05\/Background-Paper-Generic-2.72x11m-\u2013-Black.jpg","contentUrl":"https:\/\/www.cinesouk.ma\/wp-content\/uploads\/2025\/05\/Background-Paper-Generic-2.72x11m-\u2013-Black.jpg","width":300,"height":238,"caption":"Background Paper Generic 2.72x11m \u2013 Black"},{"@type":"BreadcrumbList","@id":"https:\/\/www.cinesouk.ma\/product\/background-paper-generic-2-72x11m-black\/#breadcrumb","itemListElement":[{"@type":"ListItem","position":1,"name":"Home","item":"https:\/\/www.cinesouk.ma\/"},{"@type":"ListItem","position":2,"name":"Shop","item":"https:\/\/www.cinesouk.ma\/shop\/"},{"@type":"ListItem","position":3,"name":"Background Paper Generic 2.72x11m \u2013 Black"}]},{"@type":"WebSite","@id":"https:\/\/www.cinesouk.ma\/#website","url":"https:\/\/www.cinesouk.ma\/","name":"CineSouk","description":"","publisher":{"@id":"https:\/\/www.cinesouk.ma\/#organization"},"potentialAction":[{"@type":"SearchAction","target":{"@type":"EntryPoint","urlTemplate":"https:\/\/www.cinesouk.ma\/?s={search_term_string}"},"query-input":{"@type":"PropertyValueSpecification","valueRequired":true,"valueName":"search_term_string"}}],"inLanguage":"fr-FR"},{"@type":"Organization","@id":"https:\/\/www.cinesouk.ma\/#organization","name":"CineSouk","url":"https:\/\/www.cinesouk.ma\/","logo":{"@type":"ImageObject","inLanguage":"fr-FR","@id":"https:\/\/www.cinesouk.ma\/#\/schema\/logo\/image\/","url":"https:\/\/www.cinesouk.ma\/wp-content\/uploads\/2024\/01\/CineSouk-logo-v01-alpha-alligned-left.png","contentUrl":"https:\/\/www.cinesouk.ma\/wp-content\/uploads\/2024\/01\/CineSouk-logo-v01-alpha-alligned-left.png","width":3204,"height":889,"caption":"CineSouk"},"image":{"@id":"https:\/\/www.cinesouk.ma\/#\/schema\/logo\/image\/"}}]}},"_links":{"self":[{"href":"https:\/\/www.cinesouk.ma\/fr\/wp-json\/wp\/v2\/product\/13297","targetHints":{"allow":["GET"]}}],"collection":[{"href":"https:\/\/www.cinesouk.ma\/fr\/wp-json\/wp\/v2\/product"}],"about":[{"href":"https:\/\/www.cinesouk.ma\/fr\/wp-json\/wp\/v2\/types\/product"}],"wp:featuredmedia":[{"embeddable":true,"href":"https:\/\/www.cinesouk.ma\/fr\/wp-json\/wp\/v2\/media\/13298"}],"wp:attachment":[{"href":"https:\/\/www.cinesouk.ma\/fr\/wp-json\/wp\/v2\/media?parent=13297"}],"wp:term":[{"taxonomy":"product_brand","embeddable":true,"href":"https:\/\/www.cinesouk.ma\/fr\/wp-json\/wp\/v2\/product_brand?post=13297"},{"taxonomy":"product_cat","embeddable":true,"href":"https:\/\/www.cinesouk.ma\/fr\/wp-json\/wp\/v2\/product_cat?post=13297"},{"taxonomy":"product_tag","embeddable":true,"href":"https:\/\/www.cinesouk.ma\/fr\/wp-json\/wp\/v2\/product_tag?post=13297"}],"curies":[{"name":"wp","href":"https:\/\/api.w.org\/{rel}","templated":true}]}}