{"id":13303,"date":"2025-05-22T14:00:31","date_gmt":"2025-05-22T14:00:31","guid":{"rendered":"https:\/\/www.cinesouk.ma\/?post_type=product&#038;p=13303"},"modified":"2025-05-22T14:12:55","modified_gmt":"2025-05-22T14:12:55","slug":"background-paper-generic-2-72x11m-brown","status":"publish","type":"product","link":"https:\/\/www.cinesouk.ma\/fr\/produit\/background-paper-generic-2-72x11m-brown\/","title":{"rendered":"Papier de fond g\u00e9n\u00e9rique 2.72x11m - Marron"},"content":{"rendered":"<p data-start=\"208\" data-end=\"510\">En plus de nos services de location de mat\u00e9riel, nous proposons une gamme compl\u00e8te de consommables de studio. Une option fiable est le papier de fond g\u00e9n\u00e9rique 2.72x11m marron. Ce ton neutre et terreux convient particuli\u00e8rement bien aux portraits, \u00e0 la photographie de produits, aux photos de mode et aux d\u00e9cors \u00e0 th\u00e8me naturel.<\/p>\n<p data-start=\"512\" data-end=\"717\">Gr\u00e2ce \u00e0 son aspect chaud et terreux, la toile de fond brune ajoute de la profondeur et de la texture \u00e0 n'importe quelle sc\u00e8ne. Il se marie bien avec des \u00e9clairages doux ou dramatiques, offrant ainsi une grande flexibilit\u00e9 pour des ambiances et des styles diff\u00e9rents.<\/p>\n<p data-start=\"719\" data-end=\"926\"><strong data-start=\"719\" data-end=\"749\">Qualit\u00e9 professionnelle<\/strong><br data-start=\"749\" data-end=\"752\" \/>La surface lisse et sans raccord cr\u00e9e des arri\u00e8re-plans propres et coh\u00e9rents. Elle r\u00e9duit ainsi le temps de montage et permet d'obtenir des images de qualit\u00e9 professionnelle directement \u00e0 partir de l'appareil photo.<\/p>\n<p data-start=\"928\" data-end=\"1125\"><strong data-start=\"928\" data-end=\"951\">Dimensions g\u00e9n\u00e9reuses<\/strong><br data-start=\"951\" data-end=\"954\" \/>Avec une largeur de 2,72 m\u00e8tres et une longueur totale de 11 m\u00e8tres, ce rouleau offre une grande couverture. Il est id\u00e9al pour les portraits en pied, les petits groupes ou les compositions cr\u00e9atives.<\/p>\n<p data-start=\"1127\" data-end=\"1255\"><strong data-start=\"1127\" data-end=\"1143\">Finition mate<\/strong><br data-start=\"1143\" data-end=\"1146\" \/>Sa surface non r\u00e9fl\u00e9chissante contribue \u00e0 \u00e9liminer les reflets, ce qui permet de mieux contr\u00f4ler la lumi\u00e8re et d'obtenir des tons de couleur pr\u00e9cis.<\/p>\n<p data-start=\"1262\" data-end=\"1311\"><strong data-start=\"1262\" data-end=\"1311\">Caract\u00e9ristiques du rouleau de papier de fond - brun<\/strong><\/p>\n<ul data-start=\"1313\" data-end=\"1498\">\n<li data-start=\"1313\" data-end=\"1352\">\n<p data-start=\"1315\" data-end=\"1352\">Ton brun riche avec une chaleur naturelle<\/p>\n<\/li>\n<li data-start=\"1353\" data-end=\"1381\">\n<p data-start=\"1355\" data-end=\"1381\">Surface lisse et sans couture<\/p>\n<\/li>\n<li data-start=\"1382\" data-end=\"1421\">\n<p data-start=\"1384\" data-end=\"1421\">Finition mate pour \u00e9viter les reflets<\/p>\n<\/li>\n<li data-start=\"1422\" data-end=\"1461\">\n<p data-start=\"1424\" data-end=\"1461\">Noyau en carton solide pour la stabilit\u00e9<\/p>\n<\/li>\n<li data-start=\"1462\" data-end=\"1498\">\n<p data-start=\"1464\" data-end=\"1498\">S'adapte \u00e0 la plupart des syst\u00e8mes de support d'arri\u00e8re-plans<\/p>\n<\/li>\n<\/ul>\n<p data-start=\"1505\" data-end=\"1703\"><strong data-start=\"1505\" data-end=\"1528\">Notre recommandation :<\/strong><br data-start=\"1528\" data-end=\"1531\" \/>Pour que le bord inf\u00e9rieur reste plat pendant l'utilisation, nous sugg\u00e9rons d'associer le rouleau \u00e0 une barre de lestage (vendue s\u00e9par\u00e9ment). Cela permet de conserver une apparence propre et professionnelle sur le plateau.<\/p>\n<p data-start=\"1705\" data-end=\"1831\"><strong data-start=\"1705\" data-end=\"1714\">Remarque :<\/strong><br data-start=\"1714\" data-end=\"1717\" \/>Veuillez garder \u00e0 l'esprit que la teinte r\u00e9elle peut varier l\u00e9g\u00e8rement en fonction des param\u00e8tres de votre \u00e9cran et de l'\u00e9clairage du studio.<\/p>\n<p data-start=\"191\" data-end=\"462\">Louez-le maintenant sur <a href=\"https:\/\/www.cinesouk.ma\/fr\">CINESOUK<\/a> - une marque de <a href=\"https:\/\/www.broadway.ma\/\">BROADWAY PRODUCTIONS SARL.<\/a><\/p>","protected":false},"excerpt":{"rendered":"<p><strong>Sp\u00e9cifications :<\/strong><\/p>\n<p><strong>Dimensions<\/strong>: 2,72\u00d711 m\u00e8tres<\/p>\n<p><strong>Couleur<\/strong>: Marron<\/p>\n<p><strong>Mat\u00e9riau<\/strong>: Papier lisse de haute qualit\u00e9<\/p>\n<p><strong>Poids<\/strong>: L\u00e9ger pour la portabilit\u00e9<\/p>\n<p><strong>Conception<\/strong>: Installation rapide, construction durable<\/p>\n<p><strong>Utilisation<\/strong>: Convient pour la photographie, la vid\u00e9ographie, les prises de vue en studio, les s\u00e9ances de portrait, etc.<\/p>","protected":false},"featured_media":13304,"template":"","meta":{"om_disable_all_campaigns":false,"_monsterinsights_skip_tracking":false,"_monsterinsights_sitenote_active":false,"_monsterinsights_sitenote_note":"","_monsterinsights_sitenote_category":0,"_uf_show_specific_survey":0,"_uf_disable_surveys":false},"product_brand":[],"product_cat":[60],"product_tag":[],"class_list":{"0":"post-13303","1":"product","2":"type-product","3":"status-publish","4":"has-post-thumbnail","6":"product_cat-consumables-cinesouk","8":"entry","9":"has-media","11":"first","12":"instock","13":"taxable","14":"shipping-taxable","15":"purchasable","16":"product-type-simple","17":"has-product-nav","18":"col","19":"span_1_of_3","20":"owp-content-center","21":"owp-thumbs-layout-horizontal","22":"owp-btn-normal","23":"owp-tabs-layout-horizontal","24":"has-no-thumbnails"},"yoast_head":"<!-- This site is optimized with the Yoast SEO Premium plugin v26.0 (Yoast SEO v26.0) - https:\/\/yoast.com\/wordpress\/plugins\/seo\/ -->\n<title>Background Paper Generic 2.72x11m \u2013 Brown - CineSouk - For rent<\/title>\n<meta name=\"description\" content=\"Background Paper Generic 2.72x11m Brown with matte finish. Seamless, non-reflective surface ideal for studio photography, video, and content creation.\" \/>\n<meta name=\"robots\" content=\"index, follow, max-snippet:-1, max-image-preview:large, max-video-preview:-1\" \/>\n<link rel=\"canonical\" href=\"https:\/\/www.cinesouk.ma\/fr\/produit\/background-paper-generic-2-72x11m-brown\/\" \/>\n<meta property=\"og:locale\" content=\"fr_FR\" \/>\n<meta property=\"og:type\" content=\"article\" \/>\n<meta property=\"og:title\" content=\"Background Paper Generic 2.72x11m \u2013 Brown\" \/>\n<meta property=\"og:description\" content=\"Background Paper Generic 2.72x11m Brown with matte finish. Seamless, non-reflective surface ideal for studio photography, video, and content creation.\" \/>\n<meta property=\"og:url\" content=\"https:\/\/www.cinesouk.ma\/fr\/produit\/background-paper-generic-2-72x11m-brown\/\" \/>\n<meta property=\"og:site_name\" content=\"CineSouk\" \/>\n<meta property=\"article:modified_time\" content=\"2025-05-22T14:12:55+00:00\" \/>\n<meta property=\"og:image\" content=\"https:\/\/www.cinesouk.ma\/wp-content\/uploads\/2025\/05\/Background-Paper-Generic-2.72x11m-\u2013-Brown.jpg\" \/>\n\t<meta property=\"og:image:width\" content=\"300\" \/>\n\t<meta property=\"og:image:height\" content=\"238\" \/>\n\t<meta property=\"og:image:type\" content=\"image\/jpeg\" \/>\n<meta name=\"twitter:card\" content=\"summary_large_image\" \/>\n<meta name=\"twitter:description\" content=\"Background Paper Generic 2.72x11m Brown with matte finish. Seamless, non-reflective surface ideal for studio photography, video, and content creation.\" \/>\n<meta name=\"twitter:image\" content=\"https:\/\/www.cinesouk.ma\/wp-content\/uploads\/2025\/05\/Background-Paper-Generic-2.72x11m-\u2013-Brown.jpg\" \/>\n<meta name=\"twitter:label1\" content=\"Dur\u00e9e de lecture estim\u00e9e\" \/>\n\t<meta name=\"twitter:data1\" content=\"2 minutes\" \/>\n<script type=\"application\/ld+json\" class=\"yoast-schema-graph\">{\"@context\":\"https:\/\/schema.org\",\"@graph\":[{\"@type\":\"WebPage\",\"@id\":\"https:\/\/www.cinesouk.ma\/product\/background-paper-generic-2-72x11m-brown\/\",\"url\":\"https:\/\/www.cinesouk.ma\/product\/background-paper-generic-2-72x11m-brown\/\",\"name\":\"Background Paper Generic 2.72x11m \u2013 Brown - CineSouk - For rent\",\"isPartOf\":{\"@id\":\"https:\/\/www.cinesouk.ma\/#website\"},\"primaryImageOfPage\":{\"@id\":\"https:\/\/www.cinesouk.ma\/product\/background-paper-generic-2-72x11m-brown\/#primaryimage\"},\"image\":{\"@id\":\"https:\/\/www.cinesouk.ma\/product\/background-paper-generic-2-72x11m-brown\/#primaryimage\"},\"thumbnailUrl\":\"https:\/\/www.cinesouk.ma\/wp-content\/uploads\/2025\/05\/Background-Paper-Generic-2.72x11m-\u2013-Brown.jpg\",\"datePublished\":\"2025-05-22T14:00:31+00:00\",\"dateModified\":\"2025-05-22T14:12:55+00:00\",\"description\":\"Background Paper Generic 2.72x11m Brown with matte finish. Seamless, non-reflective surface ideal for studio photography, video, and content creation.\",\"breadcrumb\":{\"@id\":\"https:\/\/www.cinesouk.ma\/product\/background-paper-generic-2-72x11m-brown\/#breadcrumb\"},\"inLanguage\":\"fr-FR\",\"potentialAction\":[{\"@type\":\"ReadAction\",\"target\":[\"https:\/\/www.cinesouk.ma\/product\/background-paper-generic-2-72x11m-brown\/\"]}]},{\"@type\":\"ImageObject\",\"inLanguage\":\"fr-FR\",\"@id\":\"https:\/\/www.cinesouk.ma\/product\/background-paper-generic-2-72x11m-brown\/#primaryimage\",\"url\":\"https:\/\/www.cinesouk.ma\/wp-content\/uploads\/2025\/05\/Background-Paper-Generic-2.72x11m-\u2013-Brown.jpg\",\"contentUrl\":\"https:\/\/www.cinesouk.ma\/wp-content\/uploads\/2025\/05\/Background-Paper-Generic-2.72x11m-\u2013-Brown.jpg\",\"width\":300,\"height\":238,\"caption\":\"Background Paper Generic 2.72x11m \u2013 Brown\"},{\"@type\":\"BreadcrumbList\",\"@id\":\"https:\/\/www.cinesouk.ma\/product\/background-paper-generic-2-72x11m-brown\/#breadcrumb\",\"itemListElement\":[{\"@type\":\"ListItem\",\"position\":1,\"name\":\"Home\",\"item\":\"https:\/\/www.cinesouk.ma\/\"},{\"@type\":\"ListItem\",\"position\":2,\"name\":\"Shop\",\"item\":\"https:\/\/www.cinesouk.ma\/shop\/\"},{\"@type\":\"ListItem\",\"position\":3,\"name\":\"Background Paper Generic 2.72x11m \u2013 Brown\"}]},{\"@type\":\"WebSite\",\"@id\":\"https:\/\/www.cinesouk.ma\/#website\",\"url\":\"https:\/\/www.cinesouk.ma\/\",\"name\":\"CineSouk\",\"description\":\"\",\"publisher\":{\"@id\":\"https:\/\/www.cinesouk.ma\/#organization\"},\"potentialAction\":[{\"@type\":\"SearchAction\",\"target\":{\"@type\":\"EntryPoint\",\"urlTemplate\":\"https:\/\/www.cinesouk.ma\/?s={search_term_string}\"},\"query-input\":{\"@type\":\"PropertyValueSpecification\",\"valueRequired\":true,\"valueName\":\"search_term_string\"}}],\"inLanguage\":\"fr-FR\"},{\"@type\":\"Organization\",\"@id\":\"https:\/\/www.cinesouk.ma\/#organization\",\"name\":\"CineSouk\",\"url\":\"https:\/\/www.cinesouk.ma\/\",\"logo\":{\"@type\":\"ImageObject\",\"inLanguage\":\"fr-FR\",\"@id\":\"https:\/\/www.cinesouk.ma\/#\/schema\/logo\/image\/\",\"url\":\"https:\/\/www.cinesouk.ma\/wp-content\/uploads\/2024\/01\/CineSouk-logo-v01-alpha-alligned-left.png\",\"contentUrl\":\"https:\/\/www.cinesouk.ma\/wp-content\/uploads\/2024\/01\/CineSouk-logo-v01-alpha-alligned-left.png\",\"width\":3204,\"height\":889,\"caption\":\"CineSouk\"},\"image\":{\"@id\":\"https:\/\/www.cinesouk.ma\/#\/schema\/logo\/image\/\"}}]}<\/script>\n<!-- \/ Yoast SEO Premium plugin. -->","yoast_head_json":{"title":"Background Paper Generic 2.72x11m \u2013 Brown - CineSouk - For rent","description":"Background Paper Generic 2.72x11m Brown with matte finish. Seamless, non-reflective surface ideal for studio photography, video, and content creation.","robots":{"index":"index","follow":"follow","max-snippet":"max-snippet:-1","max-image-preview":"max-image-preview:large","max-video-preview":"max-video-preview:-1"},"canonical":"https:\/\/www.cinesouk.ma\/fr\/produit\/background-paper-generic-2-72x11m-brown\/","og_locale":"fr_FR","og_type":"article","og_title":"Background Paper Generic 2.72x11m \u2013 Brown","og_description":"Background Paper Generic 2.72x11m Brown with matte finish. Seamless, non-reflective surface ideal for studio photography, video, and content creation.","og_url":"https:\/\/www.cinesouk.ma\/fr\/produit\/background-paper-generic-2-72x11m-brown\/","og_site_name":"CineSouk","article_modified_time":"2025-05-22T14:12:55+00:00","og_image":[{"width":300,"height":238,"url":"https:\/\/www.cinesouk.ma\/wp-content\/uploads\/2025\/05\/Background-Paper-Generic-2.72x11m-\u2013-Brown.jpg","type":"image\/jpeg"}],"twitter_card":"summary_large_image","twitter_description":"Background Paper Generic 2.72x11m Brown with matte finish. Seamless, non-reflective surface ideal for studio photography, video, and content creation.","twitter_image":"https:\/\/www.cinesouk.ma\/wp-content\/uploads\/2025\/05\/Background-Paper-Generic-2.72x11m-\u2013-Brown.jpg","twitter_misc":{"Dur\u00e9e de lecture estim\u00e9e":"2 minutes"},"schema":{"@context":"https:\/\/schema.org","@graph":[{"@type":"WebPage","@id":"https:\/\/www.cinesouk.ma\/product\/background-paper-generic-2-72x11m-brown\/","url":"https:\/\/www.cinesouk.ma\/product\/background-paper-generic-2-72x11m-brown\/","name":"Background Paper Generic 2.72x11m \u2013 Brown - CineSouk - For rent","isPartOf":{"@id":"https:\/\/www.cinesouk.ma\/#website"},"primaryImageOfPage":{"@id":"https:\/\/www.cinesouk.ma\/product\/background-paper-generic-2-72x11m-brown\/#primaryimage"},"image":{"@id":"https:\/\/www.cinesouk.ma\/product\/background-paper-generic-2-72x11m-brown\/#primaryimage"},"thumbnailUrl":"https:\/\/www.cinesouk.ma\/wp-content\/uploads\/2025\/05\/Background-Paper-Generic-2.72x11m-\u2013-Brown.jpg","datePublished":"2025-05-22T14:00:31+00:00","dateModified":"2025-05-22T14:12:55+00:00","description":"Background Paper Generic 2.72x11m Brown with matte finish. Seamless, non-reflective surface ideal for studio photography, video, and content creation.","breadcrumb":{"@id":"https:\/\/www.cinesouk.ma\/product\/background-paper-generic-2-72x11m-brown\/#breadcrumb"},"inLanguage":"fr-FR","potentialAction":[{"@type":"ReadAction","target":["https:\/\/www.cinesouk.ma\/product\/background-paper-generic-2-72x11m-brown\/"]}]},{"@type":"ImageObject","inLanguage":"fr-FR","@id":"https:\/\/www.cinesouk.ma\/product\/background-paper-generic-2-72x11m-brown\/#primaryimage","url":"https:\/\/www.cinesouk.ma\/wp-content\/uploads\/2025\/05\/Background-Paper-Generic-2.72x11m-\u2013-Brown.jpg","contentUrl":"https:\/\/www.cinesouk.ma\/wp-content\/uploads\/2025\/05\/Background-Paper-Generic-2.72x11m-\u2013-Brown.jpg","width":300,"height":238,"caption":"Background Paper Generic 2.72x11m \u2013 Brown"},{"@type":"BreadcrumbList","@id":"https:\/\/www.cinesouk.ma\/product\/background-paper-generic-2-72x11m-brown\/#breadcrumb","itemListElement":[{"@type":"ListItem","position":1,"name":"Home","item":"https:\/\/www.cinesouk.ma\/"},{"@type":"ListItem","position":2,"name":"Shop","item":"https:\/\/www.cinesouk.ma\/shop\/"},{"@type":"ListItem","position":3,"name":"Background Paper Generic 2.72x11m \u2013 Brown"}]},{"@type":"WebSite","@id":"https:\/\/www.cinesouk.ma\/#website","url":"https:\/\/www.cinesouk.ma\/","name":"CineSouk","description":"","publisher":{"@id":"https:\/\/www.cinesouk.ma\/#organization"},"potentialAction":[{"@type":"SearchAction","target":{"@type":"EntryPoint","urlTemplate":"https:\/\/www.cinesouk.ma\/?s={search_term_string}"},"query-input":{"@type":"PropertyValueSpecification","valueRequired":true,"valueName":"search_term_string"}}],"inLanguage":"fr-FR"},{"@type":"Organization","@id":"https:\/\/www.cinesouk.ma\/#organization","name":"CineSouk","url":"https:\/\/www.cinesouk.ma\/","logo":{"@type":"ImageObject","inLanguage":"fr-FR","@id":"https:\/\/www.cinesouk.ma\/#\/schema\/logo\/image\/","url":"https:\/\/www.cinesouk.ma\/wp-content\/uploads\/2024\/01\/CineSouk-logo-v01-alpha-alligned-left.png","contentUrl":"https:\/\/www.cinesouk.ma\/wp-content\/uploads\/2024\/01\/CineSouk-logo-v01-alpha-alligned-left.png","width":3204,"height":889,"caption":"CineSouk"},"image":{"@id":"https:\/\/www.cinesouk.ma\/#\/schema\/logo\/image\/"}}]}},"_links":{"self":[{"href":"https:\/\/www.cinesouk.ma\/fr\/wp-json\/wp\/v2\/product\/13303","targetHints":{"allow":["GET"]}}],"collection":[{"href":"https:\/\/www.cinesouk.ma\/fr\/wp-json\/wp\/v2\/product"}],"about":[{"href":"https:\/\/www.cinesouk.ma\/fr\/wp-json\/wp\/v2\/types\/product"}],"wp:featuredmedia":[{"embeddable":true,"href":"https:\/\/www.cinesouk.ma\/fr\/wp-json\/wp\/v2\/media\/13304"}],"wp:attachment":[{"href":"https:\/\/www.cinesouk.ma\/fr\/wp-json\/wp\/v2\/media?parent=13303"}],"wp:term":[{"taxonomy":"product_brand","embeddable":true,"href":"https:\/\/www.cinesouk.ma\/fr\/wp-json\/wp\/v2\/product_brand?post=13303"},{"taxonomy":"product_cat","embeddable":true,"href":"https:\/\/www.cinesouk.ma\/fr\/wp-json\/wp\/v2\/product_cat?post=13303"},{"taxonomy":"product_tag","embeddable":true,"href":"https:\/\/www.cinesouk.ma\/fr\/wp-json\/wp\/v2\/product_tag?post=13303"}],"curies":[{"name":"wp","href":"https:\/\/api.w.org\/{rel}","templated":true}]}}