{"id":13305,"date":"2025-05-22T14:13:01","date_gmt":"2025-05-22T14:13:01","guid":{"rendered":"https:\/\/www.cinesouk.ma\/?post_type=product&#038;p=13305"},"modified":"2025-05-22T14:16:14","modified_gmt":"2025-05-22T14:16:14","slug":"background-paper-generic-2-72x11m-white","status":"publish","type":"product","link":"https:\/\/www.cinesouk.ma\/fr\/produit\/background-paper-generic-2-72x11m-white\/","title":{"rendered":"Papier de fond g\u00e9n\u00e9rique 2.72x11m - Blanc"},"content":{"rendered":"<p data-start=\"226\" data-end=\"541\">En plus de nos services de location de mat\u00e9riel, nous proposons une s\u00e9lection compl\u00e8te de consommables de studio. Parmi eux, le papier de fond g\u00e9n\u00e9rique 2,72x11m blanc est un \u00e9l\u00e9ment essentiel pour le studio. Propre et polyvalente, cette toile de fond blanche est id\u00e9ale pour les portraits, la photographie de produits, les tournages vid\u00e9o et le contenu du commerce \u00e9lectronique.<\/p>\n<p data-start=\"543\" data-end=\"807\">En raison de sa neutralit\u00e9 et de sa capacit\u00e9 \u00e0 refl\u00e9ter la lumi\u00e8re de mani\u00e8re homog\u00e8ne, le fond blanc constitue une base fiable pour presque tous les types de prises de vue. Il offre \u00e9galement la possibilit\u00e9 d'\u00eatre \u00e9clair\u00e9 de diff\u00e9rentes mani\u00e8res, qu'il s'agisse d'une installation lumineuse ou d'un environnement contr\u00f4l\u00e9 et ombrag\u00e9.<\/p>\n<p data-start=\"809\" data-end=\"1000\"><strong data-start=\"809\" data-end=\"839\">Qualit\u00e9 professionnelle<\/strong><br data-start=\"839\" data-end=\"842\" \/>La surface du papier est lisse et sans raccord, ce qui permet d'obtenir des images nettes et sans distraction. Cela r\u00e9duit la n\u00e9cessit\u00e9 de nettoyer l'arri\u00e8re-plan en post-production.<\/p>\n<p data-start=\"1002\" data-end=\"1177\"><strong data-start=\"1002\" data-end=\"1026\">Couverture int\u00e9grale<\/strong><br data-start=\"1026\" data-end=\"1029\" \/>Avec des dimensions de 2,72 m\u00e8tres de large et de 11 m\u00e8tres de long, le rouleau permet de r\u00e9aliser facilement des portraits du corps entier, des poses assises et des photos de groupe.<\/p>\n<p data-start=\"1179\" data-end=\"1303\"><strong data-start=\"1179\" data-end=\"1195\">Finition mate<\/strong><br data-start=\"1195\" data-end=\"1198\" \/>Sa surface non r\u00e9fl\u00e9chissante minimise l'\u00e9blouissement et vous permet de contr\u00f4ler avec pr\u00e9cision l'emplacement et l'exposition de la lumi\u00e8re.<\/p>\n<p data-start=\"1310\" data-end=\"1359\"><strong data-start=\"1310\" data-end=\"1359\">Caract\u00e9ristiques du rouleau de papier de fond - blanc<\/strong><\/p>\n<ul data-start=\"1361\" data-end=\"1594\">\n<li data-start=\"1361\" data-end=\"1391\">\n<p data-start=\"1363\" data-end=\"1391\">Tonalit\u00e9 blanche brillante et neutre<\/p>\n<\/li>\n<li data-start=\"1392\" data-end=\"1446\">\n<p data-start=\"1394\" data-end=\"1446\">Surface lisse et sans raccord pour un r\u00e9sultat visuel net<\/p>\n<\/li>\n<li data-start=\"1447\" data-end=\"1492\">\n<p data-start=\"1449\" data-end=\"1492\">Finition mate pour \u00e9viter les reflets de la lumi\u00e8re<\/p>\n<\/li>\n<li data-start=\"1493\" data-end=\"1542\">\n<p data-start=\"1495\" data-end=\"1542\">Carton renforc\u00e9 pour un montage s\u00fbr<\/p>\n<\/li>\n<li data-start=\"1543\" data-end=\"1594\">\n<p data-start=\"1545\" data-end=\"1594\">Compatible avec les syst\u00e8mes de support de toile de fond standard<\/p>\n<\/li>\n<\/ul>\n<p data-start=\"1601\" data-end=\"1799\"><strong data-start=\"1601\" data-end=\"1624\">Notre recommandation :<\/strong><br data-start=\"1624\" data-end=\"1627\" \/>Pour \u00e9viter que le rouleau ne s'enroule en bas, nous recommandons d'utiliser une barre d'alourdissement (vendue s\u00e9par\u00e9ment). Cela permet de maintenir un arri\u00e8re-plan plat et professionnel pendant la prise de vue.<\/p>\n<p data-start=\"1801\" data-end=\"1971\"><strong data-start=\"1801\" data-end=\"1810\">Remarque :<\/strong><br data-start=\"1810\" data-end=\"1813\" \/>Les couleurs peuvent appara\u00eetre diff\u00e9remment \u00e0 l'\u00e9cran en raison des r\u00e9glages du moniteur et des conditions d'\u00e9clairage. Le produit r\u00e9el offre un v\u00e9ritable ton blanc dans les environnements de studio.<\/p>\n<p data-start=\"191\" data-end=\"462\">Louez-le maintenant sur <a href=\"https:\/\/www.cinesouk.ma\/fr\">CINESOUK<\/a> - une marque de <a href=\"https:\/\/www.broadway.ma\/\">BROADWAY PRODUCTIONS SARL.<\/a><\/p>","protected":false},"excerpt":{"rendered":"<p><strong>Sp\u00e9cifications :<\/strong><\/p>\n<p><strong>Dimensions<\/strong>: 2,72\u00d711 m\u00e8tres<\/p>\n<p><strong>Couleur<\/strong>: Blanc<\/p>\n<p><strong>Mat\u00e9riau<\/strong>: Papier lisse de haute qualit\u00e9<\/p>\n<p><strong>Poids<\/strong>: L\u00e9ger pour la portabilit\u00e9<\/p>\n<p><strong>Conception<\/strong>: Installation rapide, construction durable<\/p>\n<p><strong>Utilisation<\/strong>: Convient pour la photographie, la vid\u00e9ographie, les prises de vue en studio, les s\u00e9ances de portrait, etc.<\/p>","protected":false},"featured_media":7319,"template":"","meta":{"om_disable_all_campaigns":false,"_monsterinsights_skip_tracking":false,"_monsterinsights_sitenote_active":false,"_monsterinsights_sitenote_note":"","_monsterinsights_sitenote_category":0,"_uf_show_specific_survey":0,"_uf_disable_surveys":false},"product_brand":[],"product_cat":[60],"product_tag":[],"class_list":{"0":"post-13305","1":"product","2":"type-product","3":"status-publish","4":"has-post-thumbnail","6":"product_cat-consumables-cinesouk","8":"entry","9":"has-media","11":"first","12":"instock","13":"taxable","14":"shipping-taxable","15":"purchasable","16":"product-type-simple","17":"has-product-nav","18":"col","19":"span_1_of_3","20":"owp-content-center","21":"owp-thumbs-layout-horizontal","22":"owp-btn-normal","23":"owp-tabs-layout-horizontal","24":"has-no-thumbnails"},"yoast_head":"<!-- This site is optimized with the Yoast SEO Premium plugin v26.0 (Yoast SEO v26.0) - https:\/\/yoast.com\/wordpress\/plugins\/seo\/ -->\n<title>Background Paper Generic 2.72x11m \u2013 White - CineSouk - For rent<\/title>\n<meta name=\"description\" content=\"Background Paper Generic 2.72x11m White with matte finish. Seamless, non-reflective surface ideal for studio photography, video, and content creation.\" \/>\n<meta name=\"robots\" content=\"index, follow, max-snippet:-1, max-image-preview:large, max-video-preview:-1\" \/>\n<link rel=\"canonical\" href=\"https:\/\/www.cinesouk.ma\/fr\/produit\/background-paper-generic-2-72x11m-white\/\" \/>\n<meta property=\"og:locale\" content=\"fr_FR\" \/>\n<meta property=\"og:type\" content=\"article\" \/>\n<meta property=\"og:title\" content=\"Background Paper Generic 2.72x11m \u2013 White\" \/>\n<meta property=\"og:description\" content=\"Background Paper Generic 2.72x11m White with matte finish. Seamless, non-reflective surface ideal for studio photography, video, and content creation.\" \/>\n<meta property=\"og:url\" content=\"https:\/\/www.cinesouk.ma\/fr\/produit\/background-paper-generic-2-72x11m-white\/\" \/>\n<meta property=\"og:site_name\" content=\"CineSouk\" \/>\n<meta property=\"article:modified_time\" content=\"2025-05-22T14:16:14+00:00\" \/>\n<meta property=\"og:image\" content=\"https:\/\/www.cinesouk.ma\/wp-content\/uploads\/2024\/07\/SBP01-Paper-Background-Roll-arctic-white-1.jpg\" \/>\n\t<meta property=\"og:image:width\" content=\"300\" \/>\n\t<meta property=\"og:image:height\" content=\"238\" \/>\n\t<meta property=\"og:image:type\" content=\"image\/jpeg\" \/>\n<meta name=\"twitter:card\" content=\"summary_large_image\" \/>\n<meta name=\"twitter:description\" content=\"Background Paper Generic 2.72x11m White with matte finish. Seamless, non-reflective surface ideal for studio photography, video, and content creation.\" \/>\n<meta name=\"twitter:image\" content=\"https:\/\/www.cinesouk.ma\/wp-content\/uploads\/2024\/07\/SBP01-Paper-Background-Roll-arctic-white-1.jpg\" \/>\n<meta name=\"twitter:label1\" content=\"Dur\u00e9e de lecture estim\u00e9e\" \/>\n\t<meta name=\"twitter:data1\" content=\"2 minutes\" \/>\n<script type=\"application\/ld+json\" class=\"yoast-schema-graph\">{\"@context\":\"https:\/\/schema.org\",\"@graph\":[{\"@type\":\"WebPage\",\"@id\":\"https:\/\/www.cinesouk.ma\/product\/background-paper-generic-2-72x11m-white\/\",\"url\":\"https:\/\/www.cinesouk.ma\/product\/background-paper-generic-2-72x11m-white\/\",\"name\":\"Background Paper Generic 2.72x11m \u2013 White - CineSouk - For rent\",\"isPartOf\":{\"@id\":\"https:\/\/www.cinesouk.ma\/#website\"},\"primaryImageOfPage\":{\"@id\":\"https:\/\/www.cinesouk.ma\/product\/background-paper-generic-2-72x11m-white\/#primaryimage\"},\"image\":{\"@id\":\"https:\/\/www.cinesouk.ma\/product\/background-paper-generic-2-72x11m-white\/#primaryimage\"},\"thumbnailUrl\":\"https:\/\/www.cinesouk.ma\/wp-content\/uploads\/2024\/07\/SBP01-Paper-Background-Roll-arctic-white-1.jpg\",\"datePublished\":\"2025-05-22T14:13:01+00:00\",\"dateModified\":\"2025-05-22T14:16:14+00:00\",\"description\":\"Background Paper Generic 2.72x11m White with matte finish. Seamless, non-reflective surface ideal for studio photography, video, and content creation.\",\"breadcrumb\":{\"@id\":\"https:\/\/www.cinesouk.ma\/product\/background-paper-generic-2-72x11m-white\/#breadcrumb\"},\"inLanguage\":\"fr-FR\",\"potentialAction\":[{\"@type\":\"ReadAction\",\"target\":[\"https:\/\/www.cinesouk.ma\/product\/background-paper-generic-2-72x11m-white\/\"]}]},{\"@type\":\"ImageObject\",\"inLanguage\":\"fr-FR\",\"@id\":\"https:\/\/www.cinesouk.ma\/product\/background-paper-generic-2-72x11m-white\/#primaryimage\",\"url\":\"https:\/\/www.cinesouk.ma\/wp-content\/uploads\/2024\/07\/SBP01-Paper-Background-Roll-arctic-white-1.jpg\",\"contentUrl\":\"https:\/\/www.cinesouk.ma\/wp-content\/uploads\/2024\/07\/SBP01-Paper-Background-Roll-arctic-white-1.jpg\",\"width\":300,\"height\":238,\"caption\":\"SBP01 Paper Background Roll Arctic White - Professional photography backdrop for seamless, high-quality white backgrounds. Available at Cinesouk, Marrakech.\"},{\"@type\":\"BreadcrumbList\",\"@id\":\"https:\/\/www.cinesouk.ma\/product\/background-paper-generic-2-72x11m-white\/#breadcrumb\",\"itemListElement\":[{\"@type\":\"ListItem\",\"position\":1,\"name\":\"Home\",\"item\":\"https:\/\/www.cinesouk.ma\/\"},{\"@type\":\"ListItem\",\"position\":2,\"name\":\"Shop\",\"item\":\"https:\/\/www.cinesouk.ma\/shop\/\"},{\"@type\":\"ListItem\",\"position\":3,\"name\":\"Background Paper Generic 2.72x11m \u2013 White\"}]},{\"@type\":\"WebSite\",\"@id\":\"https:\/\/www.cinesouk.ma\/#website\",\"url\":\"https:\/\/www.cinesouk.ma\/\",\"name\":\"CineSouk\",\"description\":\"\",\"publisher\":{\"@id\":\"https:\/\/www.cinesouk.ma\/#organization\"},\"potentialAction\":[{\"@type\":\"SearchAction\",\"target\":{\"@type\":\"EntryPoint\",\"urlTemplate\":\"https:\/\/www.cinesouk.ma\/?s={search_term_string}\"},\"query-input\":{\"@type\":\"PropertyValueSpecification\",\"valueRequired\":true,\"valueName\":\"search_term_string\"}}],\"inLanguage\":\"fr-FR\"},{\"@type\":\"Organization\",\"@id\":\"https:\/\/www.cinesouk.ma\/#organization\",\"name\":\"CineSouk\",\"url\":\"https:\/\/www.cinesouk.ma\/\",\"logo\":{\"@type\":\"ImageObject\",\"inLanguage\":\"fr-FR\",\"@id\":\"https:\/\/www.cinesouk.ma\/#\/schema\/logo\/image\/\",\"url\":\"https:\/\/www.cinesouk.ma\/wp-content\/uploads\/2024\/01\/CineSouk-logo-v01-alpha-alligned-left.png\",\"contentUrl\":\"https:\/\/www.cinesouk.ma\/wp-content\/uploads\/2024\/01\/CineSouk-logo-v01-alpha-alligned-left.png\",\"width\":3204,\"height\":889,\"caption\":\"CineSouk\"},\"image\":{\"@id\":\"https:\/\/www.cinesouk.ma\/#\/schema\/logo\/image\/\"}}]}<\/script>\n<!-- \/ Yoast SEO Premium plugin. -->","yoast_head_json":{"title":"Background Paper Generic 2.72x11m \u2013 White - CineSouk - For rent","description":"Background Paper Generic 2.72x11m White with matte finish. Seamless, non-reflective surface ideal for studio photography, video, and content creation.","robots":{"index":"index","follow":"follow","max-snippet":"max-snippet:-1","max-image-preview":"max-image-preview:large","max-video-preview":"max-video-preview:-1"},"canonical":"https:\/\/www.cinesouk.ma\/fr\/produit\/background-paper-generic-2-72x11m-white\/","og_locale":"fr_FR","og_type":"article","og_title":"Background Paper Generic 2.72x11m \u2013 White","og_description":"Background Paper Generic 2.72x11m White with matte finish. Seamless, non-reflective surface ideal for studio photography, video, and content creation.","og_url":"https:\/\/www.cinesouk.ma\/fr\/produit\/background-paper-generic-2-72x11m-white\/","og_site_name":"CineSouk","article_modified_time":"2025-05-22T14:16:14+00:00","og_image":[{"width":300,"height":238,"url":"https:\/\/www.cinesouk.ma\/wp-content\/uploads\/2024\/07\/SBP01-Paper-Background-Roll-arctic-white-1.jpg","type":"image\/jpeg"}],"twitter_card":"summary_large_image","twitter_description":"Background Paper Generic 2.72x11m White with matte finish. Seamless, non-reflective surface ideal for studio photography, video, and content creation.","twitter_image":"https:\/\/www.cinesouk.ma\/wp-content\/uploads\/2024\/07\/SBP01-Paper-Background-Roll-arctic-white-1.jpg","twitter_misc":{"Dur\u00e9e de lecture estim\u00e9e":"2 minutes"},"schema":{"@context":"https:\/\/schema.org","@graph":[{"@type":"WebPage","@id":"https:\/\/www.cinesouk.ma\/product\/background-paper-generic-2-72x11m-white\/","url":"https:\/\/www.cinesouk.ma\/product\/background-paper-generic-2-72x11m-white\/","name":"Background Paper Generic 2.72x11m \u2013 White - CineSouk - For rent","isPartOf":{"@id":"https:\/\/www.cinesouk.ma\/#website"},"primaryImageOfPage":{"@id":"https:\/\/www.cinesouk.ma\/product\/background-paper-generic-2-72x11m-white\/#primaryimage"},"image":{"@id":"https:\/\/www.cinesouk.ma\/product\/background-paper-generic-2-72x11m-white\/#primaryimage"},"thumbnailUrl":"https:\/\/www.cinesouk.ma\/wp-content\/uploads\/2024\/07\/SBP01-Paper-Background-Roll-arctic-white-1.jpg","datePublished":"2025-05-22T14:13:01+00:00","dateModified":"2025-05-22T14:16:14+00:00","description":"Background Paper Generic 2.72x11m White with matte finish. Seamless, non-reflective surface ideal for studio photography, video, and content creation.","breadcrumb":{"@id":"https:\/\/www.cinesouk.ma\/product\/background-paper-generic-2-72x11m-white\/#breadcrumb"},"inLanguage":"fr-FR","potentialAction":[{"@type":"ReadAction","target":["https:\/\/www.cinesouk.ma\/product\/background-paper-generic-2-72x11m-white\/"]}]},{"@type":"ImageObject","inLanguage":"fr-FR","@id":"https:\/\/www.cinesouk.ma\/product\/background-paper-generic-2-72x11m-white\/#primaryimage","url":"https:\/\/www.cinesouk.ma\/wp-content\/uploads\/2024\/07\/SBP01-Paper-Background-Roll-arctic-white-1.jpg","contentUrl":"https:\/\/www.cinesouk.ma\/wp-content\/uploads\/2024\/07\/SBP01-Paper-Background-Roll-arctic-white-1.jpg","width":300,"height":238,"caption":"SBP01 Paper Background Roll Arctic White - Professional photography backdrop for seamless, high-quality white backgrounds. Available at Cinesouk, Marrakech."},{"@type":"BreadcrumbList","@id":"https:\/\/www.cinesouk.ma\/product\/background-paper-generic-2-72x11m-white\/#breadcrumb","itemListElement":[{"@type":"ListItem","position":1,"name":"Home","item":"https:\/\/www.cinesouk.ma\/"},{"@type":"ListItem","position":2,"name":"Shop","item":"https:\/\/www.cinesouk.ma\/shop\/"},{"@type":"ListItem","position":3,"name":"Background Paper Generic 2.72x11m \u2013 White"}]},{"@type":"WebSite","@id":"https:\/\/www.cinesouk.ma\/#website","url":"https:\/\/www.cinesouk.ma\/","name":"CineSouk","description":"","publisher":{"@id":"https:\/\/www.cinesouk.ma\/#organization"},"potentialAction":[{"@type":"SearchAction","target":{"@type":"EntryPoint","urlTemplate":"https:\/\/www.cinesouk.ma\/?s={search_term_string}"},"query-input":{"@type":"PropertyValueSpecification","valueRequired":true,"valueName":"search_term_string"}}],"inLanguage":"fr-FR"},{"@type":"Organization","@id":"https:\/\/www.cinesouk.ma\/#organization","name":"CineSouk","url":"https:\/\/www.cinesouk.ma\/","logo":{"@type":"ImageObject","inLanguage":"fr-FR","@id":"https:\/\/www.cinesouk.ma\/#\/schema\/logo\/image\/","url":"https:\/\/www.cinesouk.ma\/wp-content\/uploads\/2024\/01\/CineSouk-logo-v01-alpha-alligned-left.png","contentUrl":"https:\/\/www.cinesouk.ma\/wp-content\/uploads\/2024\/01\/CineSouk-logo-v01-alpha-alligned-left.png","width":3204,"height":889,"caption":"CineSouk"},"image":{"@id":"https:\/\/www.cinesouk.ma\/#\/schema\/logo\/image\/"}}]}},"_links":{"self":[{"href":"https:\/\/www.cinesouk.ma\/fr\/wp-json\/wp\/v2\/product\/13305","targetHints":{"allow":["GET"]}}],"collection":[{"href":"https:\/\/www.cinesouk.ma\/fr\/wp-json\/wp\/v2\/product"}],"about":[{"href":"https:\/\/www.cinesouk.ma\/fr\/wp-json\/wp\/v2\/types\/product"}],"wp:featuredmedia":[{"embeddable":true,"href":"https:\/\/www.cinesouk.ma\/fr\/wp-json\/wp\/v2\/media\/7319"}],"wp:attachment":[{"href":"https:\/\/www.cinesouk.ma\/fr\/wp-json\/wp\/v2\/media?parent=13305"}],"wp:term":[{"taxonomy":"product_brand","embeddable":true,"href":"https:\/\/www.cinesouk.ma\/fr\/wp-json\/wp\/v2\/product_brand?post=13305"},{"taxonomy":"product_cat","embeddable":true,"href":"https:\/\/www.cinesouk.ma\/fr\/wp-json\/wp\/v2\/product_cat?post=13305"},{"taxonomy":"product_tag","embeddable":true,"href":"https:\/\/www.cinesouk.ma\/fr\/wp-json\/wp\/v2\/product_tag?post=13305"}],"curies":[{"name":"wp","href":"https:\/\/api.w.org\/{rel}","templated":true}]}}