{"id":1331,"date":"2024-01-08T10:32:48","date_gmt":"2024-01-08T10:32:48","guid":{"rendered":"https:\/\/www.cinesouk.ma\/?post_type=product&#038;p=1331"},"modified":"2025-08-26T12:42:50","modified_gmt":"2025-08-26T12:42:50","slug":"filled-heavy-duty-saddle-sandbag-%e2%89%88-10kg","status":"publish","type":"product","link":"https:\/\/www.cinesouk.ma\/fr\/produit\/filled-heavy-duty-saddle-sandbag-%e2%89%88-10kg\/","title":{"rendered":"Grand sac de sable \u2248 10Kg"},"content":{"rendered":"<p>Optimisez votre \u00e9quipement avec le Big Sandbag \u2248 10Kg. Ces accessoires volumineux et fiables sont essentiels pour stabiliser les supports de lumi\u00e8re, les tr\u00e9pieds et bien plus encore. Avec une charge utile maximale de 10 kg, ces sacs de sable offrent le soutien dont vous avez besoin pour divers sc\u00e9narios de prise de vue. Ils sont con\u00e7us pour am\u00e9liorer votre flux de travail et la stabilit\u00e9 sur le plateau.<\/p>\n<h4>Une qualit\u00e9 de construction exceptionnelle<\/h4>\n<p>Les sacs de sable She sont con\u00e7us pour durer et r\u00e9sister aux intemp\u00e9ries. Cette qualit\u00e9 garantit la stabilit\u00e9 de votre mat\u00e9riel, m\u00eame dans des environnements ext\u00e9rieurs dynamiques. Vous pouvez compter sur eux pendant les tournages, sachant qu'ils peuvent r\u00e9sister aux \u00e9l\u00e9ments.<\/p>\n<h4>Pratique et commode<\/h4>\n<p>La grande capacit\u00e9 des sacs de sable vous permet d'ajouter ou de retirer facilement du sable en fonction des besoins. Cette flexibilit\u00e9 est essentielle pour s'adapter \u00e0 diff\u00e9rentes configurations et conditions. Les sacs mesurent 30 cm de long, ce qui les rend faciles \u00e0 manipuler et \u00e0 transporter. Vous pouvez les d\u00e9placer rapidement sur votre plateau sans aucun probl\u00e8me. Leur l\u00e9g\u00e8ret\u00e9 favorise la mobilit\u00e9, ce qui vous permet de les positionner l\u00e0 o\u00f9 vous en avez le plus besoin.<\/p>\n<h4>R\u00e9sum\u00e9<\/h4>\n<p>En r\u00e9sum\u00e9, les Big Sandbag \u2248 10Kg sont essentiels pour tout projet de film ou de photographie. Leur durabilit\u00e9, leur capacit\u00e9 de charge \u00e9lev\u00e9e et leur conception pratique en font des outils indispensables. Vous obtiendrez stabilit\u00e9 et confiance dans vos montages gr\u00e2ce \u00e0 ces sacs de sable. \u00c9quipez-vous de cet accessoire fiable, et assurez-vous que votre mat\u00e9riel reste au sol.<\/p>\n<p>Louez-le maintenant sur <a href=\"https:\/\/www.cinesouk.ma\/fr\">CINESOUK<\/a> - une marque de <a href=\"https:\/\/www.broadway.ma\/\">BROADWAY PRODUCTIONS SARL.<\/a><\/p>","protected":false},"excerpt":{"rendered":"<p>Sp\u00e9cifications<\/p>\n<p>Charge utile maximale : 10 kg<br \/>\nLongueur : 30 cm<br \/>\nSable non inclus<\/p>","protected":false},"featured_media":8316,"template":"","meta":{"om_disable_all_campaigns":false,"_monsterinsights_skip_tracking":false,"_monsterinsights_sitenote_active":false,"_monsterinsights_sitenote_note":"","_monsterinsights_sitenote_category":0,"_uf_show_specific_survey":0,"_uf_disable_surveys":false},"product_brand":[],"product_cat":[38,108],"product_tag":[],"class_list":{"0":"post-1331","1":"product","2":"type-product","3":"status-publish","4":"has-post-thumbnail","6":"product_cat-grip-cinesouk","7":"product_cat-stand-and-rigging-eventsouk","9":"entry","10":"has-media","12":"first","13":"instock","14":"taxable","15":"shipping-taxable","16":"purchasable","17":"product-type-variable","18":"has-product-nav","19":"col","20":"span_1_of_3","21":"owp-content-center","22":"owp-thumbs-layout-horizontal","23":"owp-btn-normal","24":"owp-tabs-layout-horizontal","25":"has-no-thumbnails"},"yoast_head":"<!-- This site is optimized with the Yoast SEO Premium plugin v26.0 (Yoast SEO v26.0) - https:\/\/yoast.com\/wordpress\/plugins\/seo\/ -->\n<title>Big Sandbag \u2248 10Kg - CineSouk - For rent<\/title>\n<meta name=\"description\" content=\"Filled Heavy Duty Saddle Sandbag \u2248 10Kg, a double sand bag perfect for use on lamp stands. The maximum payload is ten kilograms. - CineSouk\" \/>\n<meta name=\"robots\" content=\"index, follow, max-snippet:-1, max-image-preview:large, max-video-preview:-1\" \/>\n<link rel=\"canonical\" href=\"https:\/\/www.cinesouk.ma\/fr\/produit\/filled-heavy-duty-saddle-sandbag-\u2248-10kg\/\" \/>\n<meta property=\"og:locale\" content=\"fr_FR\" \/>\n<meta property=\"og:type\" content=\"article\" \/>\n<meta property=\"og:title\" content=\"Filled Heavy Duty Saddle Sandbag\" \/>\n<meta property=\"og:description\" content=\"Filled Heavy Duty Saddle Sandbag, a double sand bag perfect for use on lamp stands. The maximum payload is approximately equal to ten kilograms.\" \/>\n<meta property=\"og:url\" content=\"https:\/\/www.cinesouk.ma\/fr\/produit\/filled-heavy-duty-saddle-sandbag-\u2248-10kg\/\" \/>\n<meta property=\"og:site_name\" content=\"CineSouk\" \/>\n<meta property=\"article:modified_time\" content=\"2025-08-26T12:42:50+00:00\" \/>\n<meta property=\"og:image\" content=\"https:\/\/www.cinesouk.ma\/wp-content\/uploads\/2024\/01\/Filled-Heavy-Duty-Saddle-Sandbag.jpg\" \/>\n\t<meta property=\"og:image:width\" content=\"300\" \/>\n\t<meta property=\"og:image:height\" content=\"238\" \/>\n\t<meta property=\"og:image:type\" content=\"image\/jpeg\" \/>\n<meta name=\"twitter:card\" content=\"summary_large_image\" \/>\n<meta name=\"twitter:title\" content=\"Big Sandbag \u2248 10Kg\" \/>\n<meta name=\"twitter:description\" content=\"Filled Heavy Duty Saddle Sandbag \u2248 10Kg, a double sand bag perfect for use on lamp stands. The maximum payload is ten kilograms. - CineSouk\" \/>\n<meta name=\"twitter:label1\" content=\"Dur\u00e9e de lecture estim\u00e9e\" \/>\n\t<meta name=\"twitter:data1\" content=\"2 minutes\" \/>\n<script type=\"application\/ld+json\" class=\"yoast-schema-graph\">{\"@context\":\"https:\/\/schema.org\",\"@graph\":[{\"@type\":\"WebPage\",\"@id\":\"https:\/\/www.cinesouk.ma\/product\/filled-heavy-duty-saddle-sandbag-%e2%89%88-10kg\/\",\"url\":\"https:\/\/www.cinesouk.ma\/product\/filled-heavy-duty-saddle-sandbag-%e2%89%88-10kg\/\",\"name\":\"Big Sandbag \u2248 10Kg - CineSouk - For rent\",\"isPartOf\":{\"@id\":\"https:\/\/www.cinesouk.ma\/#website\"},\"primaryImageOfPage\":{\"@id\":\"https:\/\/www.cinesouk.ma\/product\/filled-heavy-duty-saddle-sandbag-%e2%89%88-10kg\/#primaryimage\"},\"image\":{\"@id\":\"https:\/\/www.cinesouk.ma\/product\/filled-heavy-duty-saddle-sandbag-%e2%89%88-10kg\/#primaryimage\"},\"thumbnailUrl\":\"https:\/\/www.cinesouk.ma\/wp-content\/uploads\/2024\/01\/Filled-Heavy-Duty-Saddle-Sandbag.jpg\",\"datePublished\":\"2024-01-08T10:32:48+00:00\",\"dateModified\":\"2025-08-26T12:42:50+00:00\",\"description\":\"Filled Heavy Duty Saddle Sandbag \u2248 10Kg, a double sand bag perfect for use on lamp stands. The maximum payload is ten kilograms. - CineSouk\",\"breadcrumb\":{\"@id\":\"https:\/\/www.cinesouk.ma\/product\/filled-heavy-duty-saddle-sandbag-%e2%89%88-10kg\/#breadcrumb\"},\"inLanguage\":\"fr-FR\",\"potentialAction\":[{\"@type\":\"ReadAction\",\"target\":[\"https:\/\/www.cinesouk.ma\/product\/filled-heavy-duty-saddle-sandbag-%e2%89%88-10kg\/\"]}]},{\"@type\":\"ImageObject\",\"inLanguage\":\"fr-FR\",\"@id\":\"https:\/\/www.cinesouk.ma\/product\/filled-heavy-duty-saddle-sandbag-%e2%89%88-10kg\/#primaryimage\",\"url\":\"https:\/\/www.cinesouk.ma\/wp-content\/uploads\/2024\/01\/Filled-Heavy-Duty-Saddle-Sandbag.jpg\",\"contentUrl\":\"https:\/\/www.cinesouk.ma\/wp-content\/uploads\/2024\/01\/Filled-Heavy-Duty-Saddle-Sandbag.jpg\",\"width\":300,\"height\":238,\"caption\":\"Sand Bags\"},{\"@type\":\"BreadcrumbList\",\"@id\":\"https:\/\/www.cinesouk.ma\/product\/filled-heavy-duty-saddle-sandbag-%e2%89%88-10kg\/#breadcrumb\",\"itemListElement\":[{\"@type\":\"ListItem\",\"position\":1,\"name\":\"Home\",\"item\":\"https:\/\/www.cinesouk.ma\/\"},{\"@type\":\"ListItem\",\"position\":2,\"name\":\"Shop\",\"item\":\"https:\/\/www.cinesouk.ma\/shop\/\"},{\"@type\":\"ListItem\",\"position\":3,\"name\":\"Big Sandbag \u2248 10Kg\"}]},{\"@type\":\"WebSite\",\"@id\":\"https:\/\/www.cinesouk.ma\/#website\",\"url\":\"https:\/\/www.cinesouk.ma\/\",\"name\":\"CineSouk\",\"description\":\"\",\"publisher\":{\"@id\":\"https:\/\/www.cinesouk.ma\/#organization\"},\"potentialAction\":[{\"@type\":\"SearchAction\",\"target\":{\"@type\":\"EntryPoint\",\"urlTemplate\":\"https:\/\/www.cinesouk.ma\/?s={search_term_string}\"},\"query-input\":{\"@type\":\"PropertyValueSpecification\",\"valueRequired\":true,\"valueName\":\"search_term_string\"}}],\"inLanguage\":\"fr-FR\"},{\"@type\":\"Organization\",\"@id\":\"https:\/\/www.cinesouk.ma\/#organization\",\"name\":\"CineSouk\",\"url\":\"https:\/\/www.cinesouk.ma\/\",\"logo\":{\"@type\":\"ImageObject\",\"inLanguage\":\"fr-FR\",\"@id\":\"https:\/\/www.cinesouk.ma\/#\/schema\/logo\/image\/\",\"url\":\"https:\/\/www.cinesouk.ma\/wp-content\/uploads\/2024\/01\/CineSouk-logo-v01-alpha-alligned-left.png\",\"contentUrl\":\"https:\/\/www.cinesouk.ma\/wp-content\/uploads\/2024\/01\/CineSouk-logo-v01-alpha-alligned-left.png\",\"width\":3204,\"height\":889,\"caption\":\"CineSouk\"},\"image\":{\"@id\":\"https:\/\/www.cinesouk.ma\/#\/schema\/logo\/image\/\"}}]}<\/script>\n<!-- \/ Yoast SEO Premium plugin. -->","yoast_head_json":{"title":"Big Sandbag \u2248 10Kg - CineSouk - For rent","description":"Filled Heavy Duty Saddle Sandbag \u2248 10Kg, a double sand bag perfect for use on lamp stands. The maximum payload is ten kilograms. - CineSouk","robots":{"index":"index","follow":"follow","max-snippet":"max-snippet:-1","max-image-preview":"max-image-preview:large","max-video-preview":"max-video-preview:-1"},"canonical":"https:\/\/www.cinesouk.ma\/fr\/produit\/filled-heavy-duty-saddle-sandbag-\u2248-10kg\/","og_locale":"fr_FR","og_type":"article","og_title":"Filled Heavy Duty Saddle Sandbag","og_description":"Filled Heavy Duty Saddle Sandbag, a double sand bag perfect for use on lamp stands. The maximum payload is approximately equal to ten kilograms.","og_url":"https:\/\/www.cinesouk.ma\/fr\/produit\/filled-heavy-duty-saddle-sandbag-\u2248-10kg\/","og_site_name":"CineSouk","article_modified_time":"2025-08-26T12:42:50+00:00","og_image":[{"width":300,"height":238,"url":"https:\/\/www.cinesouk.ma\/wp-content\/uploads\/2024\/01\/Filled-Heavy-Duty-Saddle-Sandbag.jpg","type":"image\/jpeg"}],"twitter_card":"summary_large_image","twitter_title":"Big Sandbag \u2248 10Kg","twitter_description":"Filled Heavy Duty Saddle Sandbag \u2248 10Kg, a double sand bag perfect for use on lamp stands. The maximum payload is ten kilograms. - CineSouk","twitter_misc":{"Dur\u00e9e de lecture estim\u00e9e":"2 minutes"},"schema":{"@context":"https:\/\/schema.org","@graph":[{"@type":"WebPage","@id":"https:\/\/www.cinesouk.ma\/product\/filled-heavy-duty-saddle-sandbag-%e2%89%88-10kg\/","url":"https:\/\/www.cinesouk.ma\/product\/filled-heavy-duty-saddle-sandbag-%e2%89%88-10kg\/","name":"Big Sandbag \u2248 10Kg - CineSouk - For rent","isPartOf":{"@id":"https:\/\/www.cinesouk.ma\/#website"},"primaryImageOfPage":{"@id":"https:\/\/www.cinesouk.ma\/product\/filled-heavy-duty-saddle-sandbag-%e2%89%88-10kg\/#primaryimage"},"image":{"@id":"https:\/\/www.cinesouk.ma\/product\/filled-heavy-duty-saddle-sandbag-%e2%89%88-10kg\/#primaryimage"},"thumbnailUrl":"https:\/\/www.cinesouk.ma\/wp-content\/uploads\/2024\/01\/Filled-Heavy-Duty-Saddle-Sandbag.jpg","datePublished":"2024-01-08T10:32:48+00:00","dateModified":"2025-08-26T12:42:50+00:00","description":"Filled Heavy Duty Saddle Sandbag \u2248 10Kg, a double sand bag perfect for use on lamp stands. The maximum payload is ten kilograms. - CineSouk","breadcrumb":{"@id":"https:\/\/www.cinesouk.ma\/product\/filled-heavy-duty-saddle-sandbag-%e2%89%88-10kg\/#breadcrumb"},"inLanguage":"fr-FR","potentialAction":[{"@type":"ReadAction","target":["https:\/\/www.cinesouk.ma\/product\/filled-heavy-duty-saddle-sandbag-%e2%89%88-10kg\/"]}]},{"@type":"ImageObject","inLanguage":"fr-FR","@id":"https:\/\/www.cinesouk.ma\/product\/filled-heavy-duty-saddle-sandbag-%e2%89%88-10kg\/#primaryimage","url":"https:\/\/www.cinesouk.ma\/wp-content\/uploads\/2024\/01\/Filled-Heavy-Duty-Saddle-Sandbag.jpg","contentUrl":"https:\/\/www.cinesouk.ma\/wp-content\/uploads\/2024\/01\/Filled-Heavy-Duty-Saddle-Sandbag.jpg","width":300,"height":238,"caption":"Sand Bags"},{"@type":"BreadcrumbList","@id":"https:\/\/www.cinesouk.ma\/product\/filled-heavy-duty-saddle-sandbag-%e2%89%88-10kg\/#breadcrumb","itemListElement":[{"@type":"ListItem","position":1,"name":"Home","item":"https:\/\/www.cinesouk.ma\/"},{"@type":"ListItem","position":2,"name":"Shop","item":"https:\/\/www.cinesouk.ma\/shop\/"},{"@type":"ListItem","position":3,"name":"Big Sandbag \u2248 10Kg"}]},{"@type":"WebSite","@id":"https:\/\/www.cinesouk.ma\/#website","url":"https:\/\/www.cinesouk.ma\/","name":"CineSouk","description":"","publisher":{"@id":"https:\/\/www.cinesouk.ma\/#organization"},"potentialAction":[{"@type":"SearchAction","target":{"@type":"EntryPoint","urlTemplate":"https:\/\/www.cinesouk.ma\/?s={search_term_string}"},"query-input":{"@type":"PropertyValueSpecification","valueRequired":true,"valueName":"search_term_string"}}],"inLanguage":"fr-FR"},{"@type":"Organization","@id":"https:\/\/www.cinesouk.ma\/#organization","name":"CineSouk","url":"https:\/\/www.cinesouk.ma\/","logo":{"@type":"ImageObject","inLanguage":"fr-FR","@id":"https:\/\/www.cinesouk.ma\/#\/schema\/logo\/image\/","url":"https:\/\/www.cinesouk.ma\/wp-content\/uploads\/2024\/01\/CineSouk-logo-v01-alpha-alligned-left.png","contentUrl":"https:\/\/www.cinesouk.ma\/wp-content\/uploads\/2024\/01\/CineSouk-logo-v01-alpha-alligned-left.png","width":3204,"height":889,"caption":"CineSouk"},"image":{"@id":"https:\/\/www.cinesouk.ma\/#\/schema\/logo\/image\/"}}]}},"_links":{"self":[{"href":"https:\/\/www.cinesouk.ma\/fr\/wp-json\/wp\/v2\/product\/1331","targetHints":{"allow":["GET"]}}],"collection":[{"href":"https:\/\/www.cinesouk.ma\/fr\/wp-json\/wp\/v2\/product"}],"about":[{"href":"https:\/\/www.cinesouk.ma\/fr\/wp-json\/wp\/v2\/types\/product"}],"wp:featuredmedia":[{"embeddable":true,"href":"https:\/\/www.cinesouk.ma\/fr\/wp-json\/wp\/v2\/media\/8316"}],"wp:attachment":[{"href":"https:\/\/www.cinesouk.ma\/fr\/wp-json\/wp\/v2\/media?parent=1331"}],"wp:term":[{"taxonomy":"product_brand","embeddable":true,"href":"https:\/\/www.cinesouk.ma\/fr\/wp-json\/wp\/v2\/product_brand?post=1331"},{"taxonomy":"product_cat","embeddable":true,"href":"https:\/\/www.cinesouk.ma\/fr\/wp-json\/wp\/v2\/product_cat?post=1331"},{"taxonomy":"product_tag","embeddable":true,"href":"https:\/\/www.cinesouk.ma\/fr\/wp-json\/wp\/v2\/product_tag?post=1331"}],"curies":[{"name":"wp","href":"https:\/\/api.w.org\/{rel}","templated":true}]}}