{"id":13311,"date":"2025-05-23T08:24:13","date_gmt":"2025-05-23T08:24:13","guid":{"rendered":"https:\/\/www.cinesouk.ma\/?post_type=product&#038;p=13311"},"modified":"2025-05-23T09:04:52","modified_gmt":"2025-05-23T09:04:52","slug":"sony-cfexpress-type-a-80gb-800mb-s-memory-card","status":"publish","type":"product","link":"https:\/\/www.cinesouk.ma\/fr\/produit\/sony-cfexpress-type-a-80gb-800mb-s-memory-card\/","title":{"rendered":"Carte m\u00e9moire Sony CFexpress Type A 80GB 800MB\/S"},"content":{"rendered":"<p data-start=\"157\" data-end=\"530\">La carte m\u00e9moire Sony CFexpress Type A 80 Go offre des performances rapides et fiables, con\u00e7ues pour les photographes et vid\u00e9astes professionnels utilisant des appareils photo Sony Alpha compatibles. Avec une vitesse de lecture pouvant atteindre 800 Mo\/s et une vitesse d'\u00e9criture de 700 Mo\/s, elle garantit un transfert de donn\u00e9es rapide, ce qui la rend id\u00e9ale pour l'enregistrement vid\u00e9o \u00e0 haut d\u00e9bit et la prise de vue en rafale.<\/p>\n<p data-start=\"532\" data-end=\"771\">Malgr\u00e9 sa taille compacte, la carte offre une vitesse et des performances constantes dans des sc\u00e9narios de tournage exigeants. La capacit\u00e9 de 80 Go offre un espace suffisant pour les contenus courts, les photos ou les projets pour lesquels la vitesse est plus importante que le volume.<\/p>\n<p data-start=\"773\" data-end=\"988\">Le format CFexpress Type A est sp\u00e9cifiquement optimis\u00e9 pour les syst\u00e8mes de cam\u00e9ras de nouvelle g\u00e9n\u00e9ration. Il g\u00e8re facilement les s\u00e9quences d'images et les images haute r\u00e9solution, tout en conservant une stabilit\u00e9 et une fiabilit\u00e9 \u00e0 toute \u00e9preuve.<\/p>\n<p data-start=\"990\" data-end=\"1259\">Con\u00e7ue selon la sp\u00e9cification TOUGH de Sony, cette carte est con\u00e7ue pour r\u00e9sister \u00e0 des chutes allant jusqu'\u00e0 4,5 m\u00e8tres, \u00e0 une pression allant jusqu'\u00e0 7 kg et \u00e0 des conditions environnementales extr\u00eames. Elle offre \u00e9galement une protection contre les rayons X, les UV, les d\u00e9charges \u00e9lectrostatiques et les temp\u00e9ratures extr\u00eames.<\/p>\n<p data-start=\"1261\" data-end=\"1392\">Pour une plus grande tranquillit\u00e9 d'esprit, Sony inclut le logiciel FileRescue, qui peut \u00eatre t\u00e9l\u00e9charg\u00e9 pour aider \u00e0 r\u00e9cup\u00e9rer les fichiers supprim\u00e9s accidentellement.<\/p>\n<p data-start=\"1399\" data-end=\"1466\"><strong data-start=\"1399\" data-end=\"1465\">Caract\u00e9ristiques de la carte m\u00e9moire Sony CFexpress Type A 80GB 800MB\/s<\/strong>:<\/p>\n<ul data-start=\"1468\" data-end=\"1820\">\n<li data-start=\"1468\" data-end=\"1494\">\n<p data-start=\"1470\" data-end=\"1494\">Capacit\u00e9 de stockage de 80 Go<\/p>\n<\/li>\n<li data-start=\"1495\" data-end=\"1519\">\n<p data-start=\"1497\" data-end=\"1519\">Vitesse de lecture : 800 MB\/s<\/p>\n<\/li>\n<li data-start=\"1520\" data-end=\"1545\">\n<p data-start=\"1522\" data-end=\"1545\">Vitesse d'\u00e9criture : 700 Mo\/s<\/p>\n<\/li>\n<li data-start=\"1546\" data-end=\"1606\">\n<p data-start=\"1548\" data-end=\"1606\">Con\u00e7ue pour les flux de travail photo exigeants en 4K et \u00e0 grande vitesse<\/p>\n<\/li>\n<li data-start=\"1607\" data-end=\"1674\">\n<p data-start=\"1609\" data-end=\"1674\">Construit selon les normes TOUGH (IP57, r\u00e9sistant aux chutes et aux flexions)<\/p>\n<\/li>\n<li data-start=\"1675\" data-end=\"1727\">\n<p data-start=\"1677\" data-end=\"1727\">R\u00e9sistant \u00e0 l'eau, \u00e0 la poussi\u00e8re, aux rayons X, aux UV et \u00e0 l'\u00e9lectricit\u00e9 statique<\/p>\n<\/li>\n<li data-start=\"1728\" data-end=\"1773\">\n<p data-start=\"1730\" data-end=\"1773\">Compatible avec certains appareils photo Sony Alpha<\/p>\n<\/li>\n<li data-start=\"1774\" data-end=\"1820\">\n<p data-start=\"1776\" data-end=\"1820\">Inclut le logiciel de r\u00e9cup\u00e9ration de fichiers FileRescue<\/p>\n<\/li>\n<\/ul>\n<p>Louez-le maintenant sur <a href=\"https:\/\/www.cinesouk.ma\/fr\">CINESOUK<\/a> - une marque de <a href=\"https:\/\/www.broadway.ma\/\">BROADWAY PRODUCTIONS SARL.<\/a><\/p>","protected":false},"excerpt":{"rendered":"<h3>Sp\u00e9cifications :<\/h3>\n<ul>\n<li><strong data-start=\"121\" data-end=\"134\">Capacit\u00e9 :<\/strong> 80 GO<\/li>\n<li><strong data-start=\"143\" data-end=\"158\">Vitesse de lecture :<\/strong> 800 Mo\/s<\/li>\n<li><strong data-start=\"170\" data-end=\"186\" data-is-only-node=\"\">Vitesse d'\u00e9criture :<\/strong> 700 Mo\/s<\/li>\n<li><strong data-start=\"198\" data-end=\"209\">Format :<\/strong> CFexpress Type A<\/li>\n<li><strong data-start=\"229\" data-end=\"247\">Compatibilit\u00e9 :<\/strong> Appareils photo Sony Alpha<\/li>\n<li><strong data-start=\"269\" data-end=\"281\">Objet :<\/strong> Stockage de donn\u00e9es \u00e0 grande vitesse pour la vid\u00e9o 4K et la photographie en rafale<\/li>\n<li><strong data-start=\"343\" data-end=\"358\">Durabilit\u00e9 :<\/strong> Conception robuste - r\u00e9sistant aux chutes (4,5 m), r\u00e9sistant \u00e0 la flexion (7 kg), conforme \u00e0 la norme IP57<\/li>\n<li><strong data-start=\"432\" data-end=\"447\">R\u00e9sistance :<\/strong> Rayons X, UV, \u00e9lectrostatique, temp\u00e9ratures extr\u00eames<\/li>\n<li><strong data-start=\"498\" data-end=\"511\">Logiciel :<\/strong> Inclut le logiciel de r\u00e9cup\u00e9ration FileRescue<\/li>\n<li><strong data-start=\"552\" data-end=\"569\">Fabricant :<\/strong> Sony<\/li>\n<\/ul>","protected":false},"featured_media":13322,"template":"","meta":{"om_disable_all_campaigns":false,"_monsterinsights_skip_tracking":false,"_monsterinsights_sitenote_active":false,"_monsterinsights_sitenote_note":"","_monsterinsights_sitenote_category":0,"_uf_show_specific_survey":0,"_uf_disable_surveys":false},"product_brand":[],"product_cat":[37],"product_tag":[],"class_list":{"0":"post-13311","1":"product","2":"type-product","3":"status-publish","4":"has-post-thumbnail","6":"product_cat-accessories-cinesouk","8":"entry","9":"has-media","11":"first","12":"instock","13":"taxable","14":"shipping-taxable","15":"purchasable","16":"product-type-variable","17":"has-product-nav","18":"col","19":"span_1_of_3","20":"owp-content-center","21":"owp-thumbs-layout-horizontal","22":"owp-btn-normal","23":"owp-tabs-layout-horizontal","24":"has-no-thumbnails"},"yoast_head":"<!-- This site is optimized with the Yoast SEO Premium plugin v26.0 (Yoast SEO v26.0) - https:\/\/yoast.com\/wordpress\/plugins\/seo\/ -->\n<title>Sony CFexpress Type A 80GB 800MB\/S memory card - CineSouk - For rent<\/title>\n<meta name=\"description\" content=\"Experience high-speed data transfer with the Sony CF Express Type A 80GB 800MB\/S memory card. - CineSouk\" \/>\n<meta name=\"robots\" content=\"index, follow, max-snippet:-1, max-image-preview:large, max-video-preview:-1\" \/>\n<link rel=\"canonical\" href=\"https:\/\/www.cinesouk.ma\/fr\/produit\/sony-cfexpress-type-a-80gb-800mb-s-memory-card\/\" \/>\n<meta property=\"og:locale\" content=\"fr_FR\" \/>\n<meta property=\"og:type\" content=\"article\" \/>\n<meta property=\"og:title\" content=\"Sony CFexpress Type A 80GB 800MB\/S memory card\" \/>\n<meta property=\"og:description\" content=\"Experience high-speed data transfer with the Sony CF Express Type A 80GB 800MB\/S memory card. - CineSouk\" \/>\n<meta property=\"og:url\" content=\"https:\/\/www.cinesouk.ma\/fr\/produit\/sony-cfexpress-type-a-80gb-800mb-s-memory-card\/\" \/>\n<meta property=\"og:site_name\" content=\"CineSouk\" \/>\n<meta property=\"article:modified_time\" content=\"2025-05-23T09:04:52+00:00\" \/>\n<meta property=\"og:image\" content=\"https:\/\/www.cinesouk.ma\/wp-content\/uploads\/2025\/05\/Sony-CFexpress-Type-A-80GB-800MBS-memory-card.jpg\" \/>\n\t<meta property=\"og:image:width\" content=\"300\" \/>\n\t<meta property=\"og:image:height\" content=\"238\" \/>\n\t<meta property=\"og:image:type\" content=\"image\/jpeg\" \/>\n<meta name=\"twitter:card\" content=\"summary_large_image\" \/>\n<meta name=\"twitter:description\" content=\"Experience high-speed data transfer with the Sony CF Express Type A 80GB 800MB\/S memory card. - CineSouk\" \/>\n<meta name=\"twitter:label1\" content=\"Dur\u00e9e de lecture estim\u00e9e\" \/>\n\t<meta name=\"twitter:data1\" content=\"2 minutes\" \/>\n<script type=\"application\/ld+json\" class=\"yoast-schema-graph\">{\"@context\":\"https:\/\/schema.org\",\"@graph\":[{\"@type\":\"WebPage\",\"@id\":\"https:\/\/www.cinesouk.ma\/product\/sony-cfexpress-type-a-80gb-800mb-s-memory-card\/\",\"url\":\"https:\/\/www.cinesouk.ma\/product\/sony-cfexpress-type-a-80gb-800mb-s-memory-card\/\",\"name\":\"Sony CFexpress Type A 80GB 800MB\/S memory card - CineSouk - For rent\",\"isPartOf\":{\"@id\":\"https:\/\/www.cinesouk.ma\/#website\"},\"primaryImageOfPage\":{\"@id\":\"https:\/\/www.cinesouk.ma\/product\/sony-cfexpress-type-a-80gb-800mb-s-memory-card\/#primaryimage\"},\"image\":{\"@id\":\"https:\/\/www.cinesouk.ma\/product\/sony-cfexpress-type-a-80gb-800mb-s-memory-card\/#primaryimage\"},\"thumbnailUrl\":\"https:\/\/www.cinesouk.ma\/wp-content\/uploads\/2025\/05\/Sony-CFexpress-Type-A-80GB-800MBS-memory-card.jpg\",\"datePublished\":\"2025-05-23T08:24:13+00:00\",\"dateModified\":\"2025-05-23T09:04:52+00:00\",\"description\":\"Experience high-speed data transfer with the Sony CF Express Type A 80GB 800MB\/S memory card. - CineSouk\",\"breadcrumb\":{\"@id\":\"https:\/\/www.cinesouk.ma\/product\/sony-cfexpress-type-a-80gb-800mb-s-memory-card\/#breadcrumb\"},\"inLanguage\":\"fr-FR\",\"potentialAction\":[{\"@type\":\"ReadAction\",\"target\":[\"https:\/\/www.cinesouk.ma\/product\/sony-cfexpress-type-a-80gb-800mb-s-memory-card\/\"]}]},{\"@type\":\"ImageObject\",\"inLanguage\":\"fr-FR\",\"@id\":\"https:\/\/www.cinesouk.ma\/product\/sony-cfexpress-type-a-80gb-800mb-s-memory-card\/#primaryimage\",\"url\":\"https:\/\/www.cinesouk.ma\/wp-content\/uploads\/2025\/05\/Sony-CFexpress-Type-A-80GB-800MBS-memory-card.jpg\",\"contentUrl\":\"https:\/\/www.cinesouk.ma\/wp-content\/uploads\/2025\/05\/Sony-CFexpress-Type-A-80GB-800MBS-memory-card.jpg\",\"width\":300,\"height\":238,\"caption\":\"Sony CFexpress Type A 80GB 800MB\/S memory card\"},{\"@type\":\"BreadcrumbList\",\"@id\":\"https:\/\/www.cinesouk.ma\/product\/sony-cfexpress-type-a-80gb-800mb-s-memory-card\/#breadcrumb\",\"itemListElement\":[{\"@type\":\"ListItem\",\"position\":1,\"name\":\"Home\",\"item\":\"https:\/\/www.cinesouk.ma\/\"},{\"@type\":\"ListItem\",\"position\":2,\"name\":\"Shop\",\"item\":\"https:\/\/www.cinesouk.ma\/shop\/\"},{\"@type\":\"ListItem\",\"position\":3,\"name\":\"Sony CFexpress Type A 80GB 800MB\/S memory card\"}]},{\"@type\":\"WebSite\",\"@id\":\"https:\/\/www.cinesouk.ma\/#website\",\"url\":\"https:\/\/www.cinesouk.ma\/\",\"name\":\"CineSouk\",\"description\":\"\",\"publisher\":{\"@id\":\"https:\/\/www.cinesouk.ma\/#organization\"},\"potentialAction\":[{\"@type\":\"SearchAction\",\"target\":{\"@type\":\"EntryPoint\",\"urlTemplate\":\"https:\/\/www.cinesouk.ma\/?s={search_term_string}\"},\"query-input\":{\"@type\":\"PropertyValueSpecification\",\"valueRequired\":true,\"valueName\":\"search_term_string\"}}],\"inLanguage\":\"fr-FR\"},{\"@type\":\"Organization\",\"@id\":\"https:\/\/www.cinesouk.ma\/#organization\",\"name\":\"CineSouk\",\"url\":\"https:\/\/www.cinesouk.ma\/\",\"logo\":{\"@type\":\"ImageObject\",\"inLanguage\":\"fr-FR\",\"@id\":\"https:\/\/www.cinesouk.ma\/#\/schema\/logo\/image\/\",\"url\":\"https:\/\/www.cinesouk.ma\/wp-content\/uploads\/2024\/01\/CineSouk-logo-v01-alpha-alligned-left.png\",\"contentUrl\":\"https:\/\/www.cinesouk.ma\/wp-content\/uploads\/2024\/01\/CineSouk-logo-v01-alpha-alligned-left.png\",\"width\":3204,\"height\":889,\"caption\":\"CineSouk\"},\"image\":{\"@id\":\"https:\/\/www.cinesouk.ma\/#\/schema\/logo\/image\/\"}}]}<\/script>\n<!-- \/ Yoast SEO Premium plugin. -->","yoast_head_json":{"title":"Sony CFexpress Type A 80GB 800MB\/S memory card - CineSouk - For rent","description":"Experience high-speed data transfer with the Sony CF Express Type A 80GB 800MB\/S memory card. - CineSouk","robots":{"index":"index","follow":"follow","max-snippet":"max-snippet:-1","max-image-preview":"max-image-preview:large","max-video-preview":"max-video-preview:-1"},"canonical":"https:\/\/www.cinesouk.ma\/fr\/produit\/sony-cfexpress-type-a-80gb-800mb-s-memory-card\/","og_locale":"fr_FR","og_type":"article","og_title":"Sony CFexpress Type A 80GB 800MB\/S memory card","og_description":"Experience high-speed data transfer with the Sony CF Express Type A 80GB 800MB\/S memory card. - CineSouk","og_url":"https:\/\/www.cinesouk.ma\/fr\/produit\/sony-cfexpress-type-a-80gb-800mb-s-memory-card\/","og_site_name":"CineSouk","article_modified_time":"2025-05-23T09:04:52+00:00","og_image":[{"width":300,"height":238,"url":"https:\/\/www.cinesouk.ma\/wp-content\/uploads\/2025\/05\/Sony-CFexpress-Type-A-80GB-800MBS-memory-card.jpg","type":"image\/jpeg"}],"twitter_card":"summary_large_image","twitter_description":"Experience high-speed data transfer with the Sony CF Express Type A 80GB 800MB\/S memory card. - CineSouk","twitter_misc":{"Dur\u00e9e de lecture estim\u00e9e":"2 minutes"},"schema":{"@context":"https:\/\/schema.org","@graph":[{"@type":"WebPage","@id":"https:\/\/www.cinesouk.ma\/product\/sony-cfexpress-type-a-80gb-800mb-s-memory-card\/","url":"https:\/\/www.cinesouk.ma\/product\/sony-cfexpress-type-a-80gb-800mb-s-memory-card\/","name":"Sony CFexpress Type A 80GB 800MB\/S memory card - CineSouk - For rent","isPartOf":{"@id":"https:\/\/www.cinesouk.ma\/#website"},"primaryImageOfPage":{"@id":"https:\/\/www.cinesouk.ma\/product\/sony-cfexpress-type-a-80gb-800mb-s-memory-card\/#primaryimage"},"image":{"@id":"https:\/\/www.cinesouk.ma\/product\/sony-cfexpress-type-a-80gb-800mb-s-memory-card\/#primaryimage"},"thumbnailUrl":"https:\/\/www.cinesouk.ma\/wp-content\/uploads\/2025\/05\/Sony-CFexpress-Type-A-80GB-800MBS-memory-card.jpg","datePublished":"2025-05-23T08:24:13+00:00","dateModified":"2025-05-23T09:04:52+00:00","description":"Experience high-speed data transfer with the Sony CF Express Type A 80GB 800MB\/S memory card. - CineSouk","breadcrumb":{"@id":"https:\/\/www.cinesouk.ma\/product\/sony-cfexpress-type-a-80gb-800mb-s-memory-card\/#breadcrumb"},"inLanguage":"fr-FR","potentialAction":[{"@type":"ReadAction","target":["https:\/\/www.cinesouk.ma\/product\/sony-cfexpress-type-a-80gb-800mb-s-memory-card\/"]}]},{"@type":"ImageObject","inLanguage":"fr-FR","@id":"https:\/\/www.cinesouk.ma\/product\/sony-cfexpress-type-a-80gb-800mb-s-memory-card\/#primaryimage","url":"https:\/\/www.cinesouk.ma\/wp-content\/uploads\/2025\/05\/Sony-CFexpress-Type-A-80GB-800MBS-memory-card.jpg","contentUrl":"https:\/\/www.cinesouk.ma\/wp-content\/uploads\/2025\/05\/Sony-CFexpress-Type-A-80GB-800MBS-memory-card.jpg","width":300,"height":238,"caption":"Sony CFexpress Type A 80GB 800MB\/S memory card"},{"@type":"BreadcrumbList","@id":"https:\/\/www.cinesouk.ma\/product\/sony-cfexpress-type-a-80gb-800mb-s-memory-card\/#breadcrumb","itemListElement":[{"@type":"ListItem","position":1,"name":"Home","item":"https:\/\/www.cinesouk.ma\/"},{"@type":"ListItem","position":2,"name":"Shop","item":"https:\/\/www.cinesouk.ma\/shop\/"},{"@type":"ListItem","position":3,"name":"Sony CFexpress Type A 80GB 800MB\/S memory card"}]},{"@type":"WebSite","@id":"https:\/\/www.cinesouk.ma\/#website","url":"https:\/\/www.cinesouk.ma\/","name":"CineSouk","description":"","publisher":{"@id":"https:\/\/www.cinesouk.ma\/#organization"},"potentialAction":[{"@type":"SearchAction","target":{"@type":"EntryPoint","urlTemplate":"https:\/\/www.cinesouk.ma\/?s={search_term_string}"},"query-input":{"@type":"PropertyValueSpecification","valueRequired":true,"valueName":"search_term_string"}}],"inLanguage":"fr-FR"},{"@type":"Organization","@id":"https:\/\/www.cinesouk.ma\/#organization","name":"CineSouk","url":"https:\/\/www.cinesouk.ma\/","logo":{"@type":"ImageObject","inLanguage":"fr-FR","@id":"https:\/\/www.cinesouk.ma\/#\/schema\/logo\/image\/","url":"https:\/\/www.cinesouk.ma\/wp-content\/uploads\/2024\/01\/CineSouk-logo-v01-alpha-alligned-left.png","contentUrl":"https:\/\/www.cinesouk.ma\/wp-content\/uploads\/2024\/01\/CineSouk-logo-v01-alpha-alligned-left.png","width":3204,"height":889,"caption":"CineSouk"},"image":{"@id":"https:\/\/www.cinesouk.ma\/#\/schema\/logo\/image\/"}}]}},"_links":{"self":[{"href":"https:\/\/www.cinesouk.ma\/fr\/wp-json\/wp\/v2\/product\/13311","targetHints":{"allow":["GET"]}}],"collection":[{"href":"https:\/\/www.cinesouk.ma\/fr\/wp-json\/wp\/v2\/product"}],"about":[{"href":"https:\/\/www.cinesouk.ma\/fr\/wp-json\/wp\/v2\/types\/product"}],"wp:featuredmedia":[{"embeddable":true,"href":"https:\/\/www.cinesouk.ma\/fr\/wp-json\/wp\/v2\/media\/13322"}],"wp:attachment":[{"href":"https:\/\/www.cinesouk.ma\/fr\/wp-json\/wp\/v2\/media?parent=13311"}],"wp:term":[{"taxonomy":"product_brand","embeddable":true,"href":"https:\/\/www.cinesouk.ma\/fr\/wp-json\/wp\/v2\/product_brand?post=13311"},{"taxonomy":"product_cat","embeddable":true,"href":"https:\/\/www.cinesouk.ma\/fr\/wp-json\/wp\/v2\/product_cat?post=13311"},{"taxonomy":"product_tag","embeddable":true,"href":"https:\/\/www.cinesouk.ma\/fr\/wp-json\/wp\/v2\/product_tag?post=13311"}],"curies":[{"name":"wp","href":"https:\/\/api.w.org\/{rel}","templated":true}]}}