{"id":13347,"date":"2025-05-23T15:19:57","date_gmt":"2025-05-23T15:19:57","guid":{"rendered":"https:\/\/www.cinesouk.ma\/?post_type=product&#038;p=13347"},"modified":"2025-08-26T13:00:52","modified_gmt":"2025-08-26T13:00:52","slug":"sony-ecm-44b-broadcast-lavalier-mic-with-xlr","status":"publish","type":"product","link":"https:\/\/www.cinesouk.ma\/fr\/produit\/sony-ecm-44b-broadcast-lavalier-mic-with-xlr\/","title":{"rendered":"Sony ECM-44B broadcast - micro-cravate avec XLR"},"content":{"rendered":"<p data-start=\"369\" data-end=\"777\">Le Sony ECM-44B est un microphone lavalier compact et professionnel con\u00e7u pour les interviews, les pr\u00e9sentations d'entreprise, les \u00e9v\u00e9nements en direct et les applications de diffusion. Tout en restant discret lorsqu'il est accroch\u00e9 \u00e0 un v\u00eatement, ce microphone offre une reproduction vocale compl\u00e8te et claire. Gr\u00e2ce \u00e0 sa directivit\u00e9 omnidirectionnelle, il capte la voix de fa\u00e7on homog\u00e8ne dans toutes les directions, m\u00eame lorsque l'orateur tourne la t\u00eate.<\/p>\n<p data-start=\"779\" data-end=\"1088\">Contrairement aux lavalli\u00e8res \u00e0 piles, l'ECM-44B comprend un module d'alimentation int\u00e9gr\u00e9 avec une sortie XLR standard, ce qui vous permet de le connecter directement aux tables de mixage, aux enregistreurs ou aux cam\u00e9ras. Le micro peut \u00eatre aliment\u00e9 par une pile AA, ce qui offre une grande flexibilit\u00e9 pour une utilisation mobile ou en studio.<\/p>\n<h3 data-start=\"1095\" data-end=\"1115\"><strong data-start=\"1099\" data-end=\"1115\">Caract\u00e9ristiques principales<\/strong><\/h3>\n<ul data-start=\"1117\" data-end=\"1624\">\n<li data-start=\"1117\" data-end=\"1198\">\n<p data-start=\"1119\" data-end=\"1198\"><strong data-start=\"1119\" data-end=\"1144\">Audio pr\u00eat \u00e0 diffuser<\/strong> - Assure une reproduction coh\u00e9rente et naturelle de la voix<\/p>\n<\/li>\n<li data-start=\"1199\" data-end=\"1285\">\n<p data-start=\"1201\" data-end=\"1285\"><strong data-start=\"1201\" data-end=\"1227\">Microphone omnidirectionnel<\/strong> - Capture le son sous tous les angles avec une r\u00e9ponse \u00e9quilibr\u00e9e<\/p>\n<\/li>\n<li data-start=\"1286\" data-end=\"1369\">\n<p data-start=\"1288\" data-end=\"1369\"><strong data-start=\"1288\" data-end=\"1314\">Connecteur XLR standard<\/strong> - Permet une connexion rapide \u00e0 l'\u00e9quipement professionnel<\/p>\n<\/li>\n<li data-start=\"1370\" data-end=\"1451\">\n<p data-start=\"1372\" data-end=\"1451\"><strong data-start=\"1372\" data-end=\"1392\">Deux modes d'alimentation<\/strong> - Utilisation d'une alimentation fant\u00f4me 48V ou d'une pile AA interne<\/p>\n<\/li>\n<li data-start=\"1452\" data-end=\"1537\">\n<p data-start=\"1454\" data-end=\"1537\"><strong data-start=\"1454\" data-end=\"1484\">Design Clip-On \u00e0 profil bas<\/strong> - Reste visuellement discret pendant le travail \u00e0 la cam\u00e9ra<\/p>\n<\/li>\n<li data-start=\"1538\" data-end=\"1624\">\n<p data-start=\"1540\" data-end=\"1624\"><strong data-start=\"1540\" data-end=\"1569\">Complet avec accessoires<\/strong> - Comprend un clip m\u00e9tallique et une bonnette pour une utilisation pratique<\/p>\n<\/li>\n<\/ul>\n<h3 data-start=\"1631\" data-end=\"1653\"><strong data-start=\"1635\" data-end=\"1653\">Sp\u00e9cifications<\/strong><\/h3>\n<ul data-start=\"1655\" data-end=\"2064\">\n<li data-start=\"1655\" data-end=\"1682\">\n<p data-start=\"1657\" data-end=\"1682\"><strong data-start=\"1657\" data-end=\"1666\">Mod\u00e8le<\/strong>: Sony ECM-44B<\/p>\n<\/li>\n<li data-start=\"1683\" data-end=\"1726\">\n<p data-start=\"1685\" data-end=\"1726\"><strong data-start=\"1685\" data-end=\"1704\">Type de microphone<\/strong>: Condensateur \u00e0 \u00e9lectret<\/p>\n<\/li>\n<li data-start=\"1727\" data-end=\"1765\">\n<p data-start=\"1729\" data-end=\"1765\"><strong data-start=\"1729\" data-end=\"1746\">Motif polaire<\/strong>: Omnidirectionnel<\/p>\n<\/li>\n<li data-start=\"1766\" data-end=\"1812\">\n<p data-start=\"1768\" data-end=\"1812\"><strong data-start=\"1768\" data-end=\"1790\">R\u00e9ponse en fr\u00e9quence<\/strong>: 40 Hz \u00e0 15 000 Hz<\/p>\n<\/li>\n<li data-start=\"1813\" data-end=\"1871\">\n<p data-start=\"1815\" data-end=\"1871\"><strong data-start=\"1815\" data-end=\"1830\">Sensibilit\u00e9<\/strong>Niveau de bruit : -53 dB \u00b13 dB (0 dB = 1 V\/Pa \u00e0 1 kHz)<\/p>\n<\/li>\n<li data-start=\"1872\" data-end=\"1915\">\n<p data-start=\"1874\" data-end=\"1915\"><strong data-start=\"1874\" data-end=\"1894\">Connecteur de sortie<\/strong>: XLR-3M (sym\u00e9trique)<\/p>\n<\/li>\n<li data-start=\"1916\" data-end=\"1970\">\n<p data-start=\"1918\" data-end=\"1970\"><strong data-start=\"1918\" data-end=\"1935\">Options d'alimentation<\/strong>: Pile AA ou alimentation fant\u00f4me 48V<\/p>\n<\/li>\n<li data-start=\"1971\" data-end=\"2006\">\n<p data-start=\"1973\" data-end=\"2006\"><strong data-start=\"1973\" data-end=\"1989\">Longueur du c\u00e2ble<\/strong>: Environ 1,5 m<\/p>\n<\/li>\n<li data-start=\"2007\" data-end=\"2064\">\n<p data-start=\"2009\" data-end=\"2064\"><strong data-start=\"2009\" data-end=\"2019\">Poids<\/strong>: Environ 200 g (avec c\u00e2ble et module d'alimentation)<\/p>\n<\/li>\n<\/ul>\n<p data-start=\"2091\" data-end=\"2338\">L'ECM-44B est un choix solide pour les professionnels qui ont besoin d'un son clair dans un environnement peu visible. Que vous filmiez des interviews, enregistriez des \u00e9v\u00e9nements ou g\u00e9riez des installations audiovisuelles d'entreprise, ce microphone garantit des performances fiables et une grande facilit\u00e9 d'utilisation.<\/p>\n<p>Louez-le maintenant sur <a href=\"https:\/\/www.cinesouk.ma\/fr\">CINESOUK<\/a> - une marque de <a href=\"https:\/\/www.broadway.ma\/\">BROADWAY PRODUCTIONS SARL.<\/a><\/p>","protected":false},"excerpt":{"rendered":"<p><strong>Sp\u00e9cifications :<\/strong><\/p>\n<ul>\n<li data-start=\"1302\" data-end=\"1329\">\n<p data-start=\"1304\" data-end=\"1329\"><strong data-start=\"1304\" data-end=\"1313\">Mod\u00e8le<\/strong>: Sony ECM-44B<\/p>\n<\/li>\n<li data-start=\"1330\" data-end=\"1373\">\n<p data-start=\"1332\" data-end=\"1373\"><strong data-start=\"1332\" data-end=\"1351\">Type de microphone<\/strong>: Condensateur \u00e0 \u00e9lectret<\/p>\n<\/li>\n<li data-start=\"1374\" data-end=\"1412\">\n<p data-start=\"1376\" data-end=\"1412\"><strong data-start=\"1376\" data-end=\"1393\">Motif polaire<\/strong>: Omnidirectionnel<\/p>\n<\/li>\n<li data-start=\"1413\" data-end=\"1459\">\n<p data-start=\"1415\" data-end=\"1459\"><strong data-start=\"1415\" data-end=\"1437\">R\u00e9ponse en fr\u00e9quence<\/strong>: 40 Hz \u00e0 15 000 Hz<\/p>\n<\/li>\n<li data-start=\"1460\" data-end=\"1518\">\n<p data-start=\"1462\" data-end=\"1518\"><strong data-start=\"1462\" data-end=\"1477\">Sensibilit\u00e9<\/strong>Niveau de bruit : -53 dB \u00b13 dB (0 dB = 1 V\/Pa \u00e0 1 kHz)<\/p>\n<\/li>\n<li data-start=\"1519\" data-end=\"1562\">\n<p data-start=\"1521\" data-end=\"1562\"><strong data-start=\"1521\" data-end=\"1541\">Connecteur de sortie<\/strong>: XLR-3M (sym\u00e9trique)<\/p>\n<\/li>\n<li data-start=\"1563\" data-end=\"1626\">\n<p data-start=\"1565\" data-end=\"1626\"><strong data-start=\"1565\" data-end=\"1587\">Exigences en mati\u00e8re d'alimentation<\/strong>: 1 x pile AA ou alimentation fant\u00f4me 48V<\/p>\n<\/li>\n<li data-start=\"1627\" data-end=\"1662\">\n<p data-start=\"1629\" data-end=\"1662\"><strong data-start=\"1629\" data-end=\"1645\">Longueur du c\u00e2ble<\/strong>: Environ 1,5 m<\/p>\n<\/li>\n<li data-start=\"1663\" data-end=\"1723\">\n<p data-start=\"1665\" data-end=\"1723\"><strong data-start=\"1665\" data-end=\"1675\">Poids<\/strong>: Environ 200 g (y compris le c\u00e2ble et le bloc d'alimentation)<\/p>\n<\/li>\n<\/ul>","protected":false},"featured_media":13358,"template":"","meta":{"om_disable_all_campaigns":false,"_monsterinsights_skip_tracking":false,"_monsterinsights_sitenote_active":false,"_monsterinsights_sitenote_note":"","_monsterinsights_sitenote_category":0,"_uf_show_specific_survey":0,"_uf_disable_surveys":false},"product_brand":[],"product_cat":[83,86,35],"product_tag":[],"class_list":{"0":"post-13347","1":"product","2":"type-product","3":"status-publish","4":"has-post-thumbnail","6":"product_cat-efp-eng-cinesouk","7":"product_cat-foh-cinesouk","8":"product_cat-sound-cinesouk","10":"entry","11":"has-media","13":"first","14":"instock","15":"taxable","16":"shipping-taxable","17":"purchasable","18":"product-type-variable","19":"has-product-nav","20":"col","21":"span_1_of_3","22":"owp-content-center","23":"owp-thumbs-layout-horizontal","24":"owp-btn-normal","25":"owp-tabs-layout-horizontal","26":"has-no-thumbnails"},"yoast_head":"<!-- This site is optimized with the Yoast SEO Premium plugin v26.0 (Yoast SEO v26.0) - https:\/\/yoast.com\/wordpress\/plugins\/seo\/ -->\n<title>Sony ECM-44B broadcast - lavalier mic with XLR - CineSouk - For rent<\/title>\n<meta name=\"description\" content=\"Sony ECM-44B lavalier microphone with XLR connector, omnidirectional pickup, and dual power options. Designed for broadcast, stage, and video use.\" \/>\n<meta name=\"robots\" content=\"index, follow, max-snippet:-1, max-image-preview:large, max-video-preview:-1\" \/>\n<link rel=\"canonical\" href=\"https:\/\/www.cinesouk.ma\/fr\/produit\/sony-ecm-44b-broadcast-lavalier-mic-with-xlr\/\" \/>\n<meta property=\"og:locale\" content=\"fr_FR\" \/>\n<meta property=\"og:type\" content=\"article\" \/>\n<meta property=\"og:title\" content=\"Sony ECM-44B broadcast - lavalier mic with XLR\" \/>\n<meta property=\"og:description\" content=\"Sony ECM-44B lavalier microphone with XLR connector, omnidirectional pickup, and dual power options. Designed for broadcast, stage, and video use.\" \/>\n<meta property=\"og:url\" content=\"https:\/\/www.cinesouk.ma\/fr\/produit\/sony-ecm-44b-broadcast-lavalier-mic-with-xlr\/\" \/>\n<meta property=\"og:site_name\" content=\"CineSouk\" \/>\n<meta property=\"article:modified_time\" content=\"2025-08-26T13:00:52+00:00\" \/>\n<meta property=\"og:image\" content=\"https:\/\/www.cinesouk.ma\/wp-content\/uploads\/2025\/05\/Sony-ECM-44B-broadcast-lavalier-mic-with-XLR.jpg\" \/>\n\t<meta property=\"og:image:width\" content=\"300\" \/>\n\t<meta property=\"og:image:height\" content=\"238\" \/>\n\t<meta property=\"og:image:type\" content=\"image\/jpeg\" \/>\n<meta name=\"twitter:card\" content=\"summary_large_image\" \/>\n<meta name=\"twitter:description\" content=\"Sony ECM-44B lavalier microphone with XLR connector, omnidirectional pickup, and dual power options. Designed for broadcast, stage, and video use.\" \/>\n<meta name=\"twitter:label1\" content=\"Dur\u00e9e de lecture estim\u00e9e\" \/>\n\t<meta name=\"twitter:data1\" content=\"2 minutes\" \/>\n<script type=\"application\/ld+json\" class=\"yoast-schema-graph\">{\"@context\":\"https:\/\/schema.org\",\"@graph\":[{\"@type\":\"WebPage\",\"@id\":\"https:\/\/www.cinesouk.ma\/product\/sony-ecm-44b-broadcast-lavalier-mic-with-xlr\/\",\"url\":\"https:\/\/www.cinesouk.ma\/product\/sony-ecm-44b-broadcast-lavalier-mic-with-xlr\/\",\"name\":\"Sony ECM-44B broadcast - lavalier mic with XLR - CineSouk - For rent\",\"isPartOf\":{\"@id\":\"https:\/\/www.cinesouk.ma\/#website\"},\"primaryImageOfPage\":{\"@id\":\"https:\/\/www.cinesouk.ma\/product\/sony-ecm-44b-broadcast-lavalier-mic-with-xlr\/#primaryimage\"},\"image\":{\"@id\":\"https:\/\/www.cinesouk.ma\/product\/sony-ecm-44b-broadcast-lavalier-mic-with-xlr\/#primaryimage\"},\"thumbnailUrl\":\"https:\/\/www.cinesouk.ma\/wp-content\/uploads\/2025\/05\/Sony-ECM-44B-broadcast-lavalier-mic-with-XLR.jpg\",\"datePublished\":\"2025-05-23T15:19:57+00:00\",\"dateModified\":\"2025-08-26T13:00:52+00:00\",\"description\":\"Sony ECM-44B lavalier microphone with XLR connector, omnidirectional pickup, and dual power options. Designed for broadcast, stage, and video use.\",\"breadcrumb\":{\"@id\":\"https:\/\/www.cinesouk.ma\/product\/sony-ecm-44b-broadcast-lavalier-mic-with-xlr\/#breadcrumb\"},\"inLanguage\":\"fr-FR\",\"potentialAction\":[{\"@type\":\"ReadAction\",\"target\":[\"https:\/\/www.cinesouk.ma\/product\/sony-ecm-44b-broadcast-lavalier-mic-with-xlr\/\"]}]},{\"@type\":\"ImageObject\",\"inLanguage\":\"fr-FR\",\"@id\":\"https:\/\/www.cinesouk.ma\/product\/sony-ecm-44b-broadcast-lavalier-mic-with-xlr\/#primaryimage\",\"url\":\"https:\/\/www.cinesouk.ma\/wp-content\/uploads\/2025\/05\/Sony-ECM-44B-broadcast-lavalier-mic-with-XLR.jpg\",\"contentUrl\":\"https:\/\/www.cinesouk.ma\/wp-content\/uploads\/2025\/05\/Sony-ECM-44B-broadcast-lavalier-mic-with-XLR.jpg\",\"width\":300,\"height\":238,\"caption\":\"Sony ECM-44B broadcast - lavalier mic with XLR\"},{\"@type\":\"BreadcrumbList\",\"@id\":\"https:\/\/www.cinesouk.ma\/product\/sony-ecm-44b-broadcast-lavalier-mic-with-xlr\/#breadcrumb\",\"itemListElement\":[{\"@type\":\"ListItem\",\"position\":1,\"name\":\"Home\",\"item\":\"https:\/\/www.cinesouk.ma\/\"},{\"@type\":\"ListItem\",\"position\":2,\"name\":\"Shop\",\"item\":\"https:\/\/www.cinesouk.ma\/shop\/\"},{\"@type\":\"ListItem\",\"position\":3,\"name\":\"Sony ECM-44B broadcast &#8211; lavalier mic with XLR\"}]},{\"@type\":\"WebSite\",\"@id\":\"https:\/\/www.cinesouk.ma\/#website\",\"url\":\"https:\/\/www.cinesouk.ma\/\",\"name\":\"CineSouk\",\"description\":\"\",\"publisher\":{\"@id\":\"https:\/\/www.cinesouk.ma\/#organization\"},\"potentialAction\":[{\"@type\":\"SearchAction\",\"target\":{\"@type\":\"EntryPoint\",\"urlTemplate\":\"https:\/\/www.cinesouk.ma\/?s={search_term_string}\"},\"query-input\":{\"@type\":\"PropertyValueSpecification\",\"valueRequired\":true,\"valueName\":\"search_term_string\"}}],\"inLanguage\":\"fr-FR\"},{\"@type\":\"Organization\",\"@id\":\"https:\/\/www.cinesouk.ma\/#organization\",\"name\":\"CineSouk\",\"url\":\"https:\/\/www.cinesouk.ma\/\",\"logo\":{\"@type\":\"ImageObject\",\"inLanguage\":\"fr-FR\",\"@id\":\"https:\/\/www.cinesouk.ma\/#\/schema\/logo\/image\/\",\"url\":\"https:\/\/www.cinesouk.ma\/wp-content\/uploads\/2024\/01\/CineSouk-logo-v01-alpha-alligned-left.png\",\"contentUrl\":\"https:\/\/www.cinesouk.ma\/wp-content\/uploads\/2024\/01\/CineSouk-logo-v01-alpha-alligned-left.png\",\"width\":3204,\"height\":889,\"caption\":\"CineSouk\"},\"image\":{\"@id\":\"https:\/\/www.cinesouk.ma\/#\/schema\/logo\/image\/\"}}]}<\/script>\n<!-- \/ Yoast SEO Premium plugin. -->","yoast_head_json":{"title":"Sony ECM-44B broadcast - lavalier mic with XLR - CineSouk - For rent","description":"Sony ECM-44B lavalier microphone with XLR connector, omnidirectional pickup, and dual power options. Designed for broadcast, stage, and video use.","robots":{"index":"index","follow":"follow","max-snippet":"max-snippet:-1","max-image-preview":"max-image-preview:large","max-video-preview":"max-video-preview:-1"},"canonical":"https:\/\/www.cinesouk.ma\/fr\/produit\/sony-ecm-44b-broadcast-lavalier-mic-with-xlr\/","og_locale":"fr_FR","og_type":"article","og_title":"Sony ECM-44B broadcast - lavalier mic with XLR","og_description":"Sony ECM-44B lavalier microphone with XLR connector, omnidirectional pickup, and dual power options. Designed for broadcast, stage, and video use.","og_url":"https:\/\/www.cinesouk.ma\/fr\/produit\/sony-ecm-44b-broadcast-lavalier-mic-with-xlr\/","og_site_name":"CineSouk","article_modified_time":"2025-08-26T13:00:52+00:00","og_image":[{"width":300,"height":238,"url":"https:\/\/www.cinesouk.ma\/wp-content\/uploads\/2025\/05\/Sony-ECM-44B-broadcast-lavalier-mic-with-XLR.jpg","type":"image\/jpeg"}],"twitter_card":"summary_large_image","twitter_description":"Sony ECM-44B lavalier microphone with XLR connector, omnidirectional pickup, and dual power options. Designed for broadcast, stage, and video use.","twitter_misc":{"Dur\u00e9e de lecture estim\u00e9e":"2 minutes"},"schema":{"@context":"https:\/\/schema.org","@graph":[{"@type":"WebPage","@id":"https:\/\/www.cinesouk.ma\/product\/sony-ecm-44b-broadcast-lavalier-mic-with-xlr\/","url":"https:\/\/www.cinesouk.ma\/product\/sony-ecm-44b-broadcast-lavalier-mic-with-xlr\/","name":"Sony ECM-44B broadcast - lavalier mic with XLR - CineSouk - For rent","isPartOf":{"@id":"https:\/\/www.cinesouk.ma\/#website"},"primaryImageOfPage":{"@id":"https:\/\/www.cinesouk.ma\/product\/sony-ecm-44b-broadcast-lavalier-mic-with-xlr\/#primaryimage"},"image":{"@id":"https:\/\/www.cinesouk.ma\/product\/sony-ecm-44b-broadcast-lavalier-mic-with-xlr\/#primaryimage"},"thumbnailUrl":"https:\/\/www.cinesouk.ma\/wp-content\/uploads\/2025\/05\/Sony-ECM-44B-broadcast-lavalier-mic-with-XLR.jpg","datePublished":"2025-05-23T15:19:57+00:00","dateModified":"2025-08-26T13:00:52+00:00","description":"Sony ECM-44B lavalier microphone with XLR connector, omnidirectional pickup, and dual power options. Designed for broadcast, stage, and video use.","breadcrumb":{"@id":"https:\/\/www.cinesouk.ma\/product\/sony-ecm-44b-broadcast-lavalier-mic-with-xlr\/#breadcrumb"},"inLanguage":"fr-FR","potentialAction":[{"@type":"ReadAction","target":["https:\/\/www.cinesouk.ma\/product\/sony-ecm-44b-broadcast-lavalier-mic-with-xlr\/"]}]},{"@type":"ImageObject","inLanguage":"fr-FR","@id":"https:\/\/www.cinesouk.ma\/product\/sony-ecm-44b-broadcast-lavalier-mic-with-xlr\/#primaryimage","url":"https:\/\/www.cinesouk.ma\/wp-content\/uploads\/2025\/05\/Sony-ECM-44B-broadcast-lavalier-mic-with-XLR.jpg","contentUrl":"https:\/\/www.cinesouk.ma\/wp-content\/uploads\/2025\/05\/Sony-ECM-44B-broadcast-lavalier-mic-with-XLR.jpg","width":300,"height":238,"caption":"Sony ECM-44B broadcast - lavalier mic with XLR"},{"@type":"BreadcrumbList","@id":"https:\/\/www.cinesouk.ma\/product\/sony-ecm-44b-broadcast-lavalier-mic-with-xlr\/#breadcrumb","itemListElement":[{"@type":"ListItem","position":1,"name":"Home","item":"https:\/\/www.cinesouk.ma\/"},{"@type":"ListItem","position":2,"name":"Shop","item":"https:\/\/www.cinesouk.ma\/shop\/"},{"@type":"ListItem","position":3,"name":"Sony ECM-44B broadcast &#8211; lavalier mic with XLR"}]},{"@type":"WebSite","@id":"https:\/\/www.cinesouk.ma\/#website","url":"https:\/\/www.cinesouk.ma\/","name":"CineSouk","description":"","publisher":{"@id":"https:\/\/www.cinesouk.ma\/#organization"},"potentialAction":[{"@type":"SearchAction","target":{"@type":"EntryPoint","urlTemplate":"https:\/\/www.cinesouk.ma\/?s={search_term_string}"},"query-input":{"@type":"PropertyValueSpecification","valueRequired":true,"valueName":"search_term_string"}}],"inLanguage":"fr-FR"},{"@type":"Organization","@id":"https:\/\/www.cinesouk.ma\/#organization","name":"CineSouk","url":"https:\/\/www.cinesouk.ma\/","logo":{"@type":"ImageObject","inLanguage":"fr-FR","@id":"https:\/\/www.cinesouk.ma\/#\/schema\/logo\/image\/","url":"https:\/\/www.cinesouk.ma\/wp-content\/uploads\/2024\/01\/CineSouk-logo-v01-alpha-alligned-left.png","contentUrl":"https:\/\/www.cinesouk.ma\/wp-content\/uploads\/2024\/01\/CineSouk-logo-v01-alpha-alligned-left.png","width":3204,"height":889,"caption":"CineSouk"},"image":{"@id":"https:\/\/www.cinesouk.ma\/#\/schema\/logo\/image\/"}}]}},"_links":{"self":[{"href":"https:\/\/www.cinesouk.ma\/fr\/wp-json\/wp\/v2\/product\/13347","targetHints":{"allow":["GET"]}}],"collection":[{"href":"https:\/\/www.cinesouk.ma\/fr\/wp-json\/wp\/v2\/product"}],"about":[{"href":"https:\/\/www.cinesouk.ma\/fr\/wp-json\/wp\/v2\/types\/product"}],"wp:featuredmedia":[{"embeddable":true,"href":"https:\/\/www.cinesouk.ma\/fr\/wp-json\/wp\/v2\/media\/13358"}],"wp:attachment":[{"href":"https:\/\/www.cinesouk.ma\/fr\/wp-json\/wp\/v2\/media?parent=13347"}],"wp:term":[{"taxonomy":"product_brand","embeddable":true,"href":"https:\/\/www.cinesouk.ma\/fr\/wp-json\/wp\/v2\/product_brand?post=13347"},{"taxonomy":"product_cat","embeddable":true,"href":"https:\/\/www.cinesouk.ma\/fr\/wp-json\/wp\/v2\/product_cat?post=13347"},{"taxonomy":"product_tag","embeddable":true,"href":"https:\/\/www.cinesouk.ma\/fr\/wp-json\/wp\/v2\/product_tag?post=13347"}],"curies":[{"name":"wp","href":"https:\/\/api.w.org\/{rel}","templated":true}]}}