{"id":13359,"date":"2025-05-23T15:46:07","date_gmt":"2025-05-23T15:46:07","guid":{"rendered":"https:\/\/www.cinesouk.ma\/?post_type=product&#038;p=13359"},"modified":"2025-08-22T15:17:34","modified_gmt":"2025-08-22T15:17:34","slug":"panasonic-pt-dz570e-1920x1200-4500lumens","status":"publish","type":"product","link":"https:\/\/www.cinesouk.ma\/fr\/produit\/panasonic-pt-dz570e-1920x1200-4500lumens\/","title":{"rendered":"Panasonic PT-DZ570E (1920\u00d71200 - 4500lumens)"},"content":{"rendered":"<p data-start=\"217\" data-end=\"536\">Le Panasonic PT-DZ570E est un projecteur WUXGA haute performance con\u00e7u pour les entreprises, l'enseignement et les installations fixes. Avec une r\u00e9solution native de 1920 x 1200 (WUXGA) et une luminosit\u00e9 de 4500 lumens, ce projecteur offre des images nettes et d\u00e9taill\u00e9es, m\u00eame dans les salles bien \u00e9clair\u00e9es.<\/p>\n<p data-start=\"538\" data-end=\"800\">Gr\u00e2ce \u00e0 sa technologie 3LCD, le PT-DZ570E produit des couleurs \u00e9clatantes et des d\u00e9grad\u00e9s fluides. Il comprend \u00e9galement des fonctions avanc\u00e9es telles que le d\u00e9placement de l'objectif, la fusion des bords et la correction g\u00e9om\u00e9trique, ce qui le rend id\u00e9al pour les installations \u00e0 projecteurs multiples ou les applications dans les grandes salles.<\/p>\n<h3 data-start=\"807\" data-end=\"827\"><strong data-start=\"811\" data-end=\"827\">Caract\u00e9ristiques principales<\/strong><\/h3>\n<ul data-start=\"829\" data-end=\"1418\">\n<li data-start=\"829\" data-end=\"868\">\n<p data-start=\"831\" data-end=\"868\"><strong data-start=\"831\" data-end=\"845\">R\u00e9solution<\/strong>: 1920 x 1200 (WUXGA)<\/p>\n<\/li>\n<li data-start=\"869\" data-end=\"900\">\n<p data-start=\"871\" data-end=\"900\"><strong data-start=\"871\" data-end=\"885\">Luminosit\u00e9<\/strong>: 4500 lumens<\/p>\n<\/li>\n<li data-start=\"901\" data-end=\"931\">\n<p data-start=\"903\" data-end=\"931\"><strong data-start=\"903\" data-end=\"921\">Rapport de contraste<\/strong>: 2000:1<\/p>\n<\/li>\n<li data-start=\"932\" data-end=\"981\">\n<p data-start=\"934\" data-end=\"981\"><strong data-start=\"934\" data-end=\"948\">Technologie<\/strong>: 3LCD avec Daylight View Basic<\/p>\n<\/li>\n<li data-start=\"982\" data-end=\"1048\">\n<p data-start=\"984\" data-end=\"1048\"><strong data-start=\"984\" data-end=\"998\">D\u00e9calage de l'objectif<\/strong>: Vertical et horizontal pour un placement flexible<\/p>\n<\/li>\n<li data-start=\"1049\" data-end=\"1128\">\n<p data-start=\"1051\" data-end=\"1128\"><strong data-start=\"1051\" data-end=\"1067\">Connectivit\u00e9<\/strong>: HDMI, DVI-D, VGA, LAN, s\u00e9rie (RS-232C) et entr\u00e9e\/sortie audio<\/p>\n<\/li>\n<li data-start=\"1129\" data-end=\"1215\">\n<p data-start=\"1131\" data-end=\"1215\"><strong data-start=\"1131\" data-end=\"1155\">Support multi-\u00e9crans<\/strong>: M\u00e9lange des bords et correspondance des couleurs pour une projection sans faille<\/p>\n<\/li>\n<li data-start=\"1216\" data-end=\"1262\">\n<p data-start=\"1218\" data-end=\"1262\"><strong data-start=\"1218\" data-end=\"1231\">Dur\u00e9e de vie de la lampe<\/strong>: Jusqu'\u00e0 3000 heures (mode Eco)<\/p>\n<\/li>\n<li data-start=\"1263\" data-end=\"1315\">\n<p data-start=\"1265\" data-end=\"1315\"><strong data-start=\"1265\" data-end=\"1288\">Correction du trap\u00e8ze<\/strong>: Vertical et horizontal<\/p>\n<\/li>\n<li data-start=\"1316\" data-end=\"1367\">\n<p data-start=\"1318\" data-end=\"1367\"><strong data-start=\"1318\" data-end=\"1342\">Haut-parleur int\u00e9gr\u00e9 de 10 W<\/strong> pour une sortie audio de base<\/p>\n<\/li>\n<li data-start=\"1368\" data-end=\"1418\">\n<p data-start=\"1370\" data-end=\"1418\"><strong data-start=\"1370\" data-end=\"1389\">Fonctionnement silencieux<\/strong>: Jusqu'\u00e0 29 dB en mode Eco<\/p>\n<\/li>\n<\/ul>\n<h3 data-start=\"1425\" data-end=\"1447\"><strong data-start=\"1429\" data-end=\"1447\">Sp\u00e9cifications<\/strong><\/h3>\n<ul data-start=\"1449\" data-end=\"1901\">\n<li data-start=\"1449\" data-end=\"1483\">\n<p data-start=\"1451\" data-end=\"1483\"><strong data-start=\"1451\" data-end=\"1460\">Mod\u00e8le<\/strong>: Panasonic PT-DZ570E<\/p>\n<\/li>\n<li data-start=\"1484\" data-end=\"1516\">\n<p data-start=\"1486\" data-end=\"1516\"><strong data-start=\"1486\" data-end=\"1508\">Technologie d'affichage<\/strong>: 3LCD<\/p>\n<\/li>\n<li data-start=\"1517\" data-end=\"1548\">\n<p data-start=\"1519\" data-end=\"1548\"><strong data-start=\"1519\" data-end=\"1533\">Luminosit\u00e9<\/strong>: 4500 lumens<\/p>\n<\/li>\n<li data-start=\"1549\" data-end=\"1588\">\n<p data-start=\"1551\" data-end=\"1588\"><strong data-start=\"1551\" data-end=\"1565\">R\u00e9solution<\/strong>: 1920 x 1200 (WUXGA)<\/p>\n<\/li>\n<li data-start=\"1589\" data-end=\"1619\">\n<p data-start=\"1591\" data-end=\"1619\"><strong data-start=\"1591\" data-end=\"1609\">Rapport de contraste<\/strong>: 2000:1<\/p>\n<\/li>\n<li data-start=\"1620\" data-end=\"1647\">\n<p data-start=\"1622\" data-end=\"1647\"><strong data-start=\"1622\" data-end=\"1638\">Rapport d'aspect<\/strong>: 16:10<\/p>\n<\/li>\n<li data-start=\"1648\" data-end=\"1679\">\n<p data-start=\"1650\" data-end=\"1679\"><strong data-start=\"1650\" data-end=\"1658\">Lentille<\/strong>: Zoom\/focus manuel<\/p>\n<\/li>\n<li data-start=\"1680\" data-end=\"1766\">\n<p data-start=\"1682\" data-end=\"1766\"><strong data-start=\"1682\" data-end=\"1701\">Bornes d'entr\u00e9e<\/strong>: HDMI, DVI-D, RGB (VGA), Composant, LAN, RS-232C, Entr\u00e9e\/sortie audio<\/p>\n<\/li>\n<li data-start=\"1767\" data-end=\"1817\">\n<p data-start=\"1769\" data-end=\"1817\"><strong data-start=\"1769\" data-end=\"1783\">Dimensions<\/strong>: 498 x 145 x 398 mm (L x H x P)<\/p>\n<\/li>\n<li data-start=\"1818\" data-end=\"1849\">\n<p data-start=\"1820\" data-end=\"1849\"><strong data-start=\"1820\" data-end=\"1830\">Poids<\/strong>: Environ 10,6 kg<\/p>\n<\/li>\n<li data-start=\"1850\" data-end=\"1901\">\n<p data-start=\"1852\" data-end=\"1901\"><strong data-start=\"1852\" data-end=\"1873\">Consommation \u00e9lectrique<\/strong>: Environ 420 W (mode normal)<\/p>\n<\/li>\n<\/ul>\n<p data-start=\"1928\" data-end=\"2099\">Les amphith\u00e9\u00e2tres, les salles de conf\u00e9rence, les mus\u00e9es, les lieux de culte et les salles de conf\u00e9rence n\u00e9cessitant une projection haute r\u00e9solution avec une excellente clart\u00e9 d'image et une grande souplesse d'installation.<\/p>\n<p>Louez-le maintenant sur <a href=\"https:\/\/www.cinesouk.ma\/fr\">CINESOUK<\/a> - une marque de <a href=\"https:\/\/www.broadway.ma\/\">BROADWAY PRODUCTIONS SARL.<\/a><\/p>","protected":false},"excerpt":{"rendered":"<h3>Sp\u00e9cifications :<\/h3>\n<ul>\n<li data-start=\"1449\" data-end=\"1483\">\n<p data-start=\"1451\" data-end=\"1483\"><strong data-start=\"1451\" data-end=\"1460\">Mod\u00e8le<\/strong>: Panasonic PT-DZ570E<\/p>\n<\/li>\n<li data-start=\"1484\" data-end=\"1516\">\n<p data-start=\"1486\" data-end=\"1516\"><strong data-start=\"1486\" data-end=\"1508\">Technologie d'affichage<\/strong>: 3LCD<\/p>\n<\/li>\n<li data-start=\"1517\" data-end=\"1548\">\n<p data-start=\"1519\" data-end=\"1548\"><strong data-start=\"1519\" data-end=\"1533\">Luminosit\u00e9<\/strong>: 4500 lumens<\/p>\n<\/li>\n<li data-start=\"1549\" data-end=\"1588\">\n<p data-start=\"1551\" data-end=\"1588\"><strong data-start=\"1551\" data-end=\"1565\">R\u00e9solution<\/strong>: 1920 x 1200 (WUXGA)<\/p>\n<\/li>\n<li data-start=\"1589\" data-end=\"1619\">\n<p data-start=\"1591\" data-end=\"1619\"><strong data-start=\"1591\" data-end=\"1609\">Rapport de contraste<\/strong>: 2000:1<\/p>\n<\/li>\n<li data-start=\"1620\" data-end=\"1647\">\n<p data-start=\"1622\" data-end=\"1647\"><strong data-start=\"1622\" data-end=\"1638\">Rapport d'aspect<\/strong>: 16:10<\/p>\n<\/li>\n<li data-start=\"1648\" data-end=\"1679\">\n<p data-start=\"1650\" data-end=\"1679\"><strong data-start=\"1650\" data-end=\"1658\">Lentille<\/strong>: Zoom\/focus manuel<\/p>\n<\/li>\n<li data-start=\"1680\" data-end=\"1766\">\n<p data-start=\"1682\" data-end=\"1766\"><strong data-start=\"1682\" data-end=\"1701\">Bornes d'entr\u00e9e<\/strong>: HDMI, DVI-D, RGB (VGA), Composant, LAN, RS-232C, Entr\u00e9e\/sortie audio<\/p>\n<\/li>\n<li data-start=\"1767\" data-end=\"1817\">\n<p data-start=\"1769\" data-end=\"1817\"><strong data-start=\"1769\" data-end=\"1783\">Dimensions<\/strong>: 498 x 145 x 398 mm (L x H x P)<\/p>\n<\/li>\n<li data-start=\"1818\" data-end=\"1849\">\n<p data-start=\"1820\" data-end=\"1849\"><strong data-start=\"1820\" data-end=\"1830\">Poids<\/strong>: Environ 10,6 kg<\/p>\n<\/li>\n<li data-start=\"1850\" data-end=\"1901\">\n<p data-start=\"1852\" data-end=\"1901\"><strong data-start=\"1852\" data-end=\"1873\">Consommation \u00e9lectrique<\/strong>: Environ 420 W (mode normal)<\/p>\n<\/li>\n<\/ul>","protected":false},"featured_media":13370,"template":"","meta":{"om_disable_all_campaigns":false,"_monsterinsights_skip_tracking":false,"_monsterinsights_sitenote_active":false,"_monsterinsights_sitenote_note":"","_monsterinsights_sitenote_category":0,"_uf_show_specific_survey":0,"_uf_disable_surveys":false},"product_brand":[],"product_cat":[123,30,109,110,112],"product_tag":[],"class_list":{"0":"post-13359","1":"product","2":"type-product","3":"status-publish","4":"has-post-thumbnail","6":"product_cat-featured-eventsouk","7":"product_cat-monitors-and-screens-cinesouk","8":"product_cat-projectors-eventsouk","9":"product_cat-projectors-cinesouk","10":"product_cat-screens-and-tv-eventsouk","12":"entry","13":"has-media","15":"first","16":"instock","17":"taxable","18":"shipping-taxable","19":"purchasable","20":"product-type-variable","21":"has-product-nav","22":"col","23":"span_1_of_3","24":"owp-content-center","25":"owp-thumbs-layout-horizontal","26":"owp-btn-normal","27":"owp-tabs-layout-horizontal","28":"has-no-thumbnails"},"yoast_head":"<!-- This site is optimized with the Yoast SEO Premium plugin v26.0 (Yoast SEO v26.0) - https:\/\/yoast.com\/wordpress\/plugins\/seo\/ -->\n<title>Panasonic PT-DZ570E (1920x1200 - 4500lumens) - CineSouk - For rent<\/title>\n<meta name=\"description\" content=\"Panasonic PT-DZ570E WUXGA 1920x1200 projector with 4500 lumens brightness, lens shift, and 3LCD technology. Ideal for professional installations and bright environments.\" \/>\n<meta name=\"robots\" content=\"index, follow, max-snippet:-1, max-image-preview:large, max-video-preview:-1\" \/>\n<link rel=\"canonical\" href=\"https:\/\/www.cinesouk.ma\/fr\/produit\/panasonic-pt-dz570e-1920x1200-4500lumens\/\" \/>\n<meta property=\"og:locale\" content=\"fr_FR\" \/>\n<meta property=\"og:type\" content=\"article\" \/>\n<meta property=\"og:title\" content=\"Panasonic PT-DZ570E (1920x1200 - 4500lumens)\" \/>\n<meta property=\"og:description\" content=\"Panasonic PT-DZ570E WUXGA 1920x1200 projector with 4500 lumens brightness, lens shift, and 3LCD technology. Ideal for professional installations and bright environments.\" \/>\n<meta property=\"og:url\" content=\"https:\/\/www.cinesouk.ma\/fr\/produit\/panasonic-pt-dz570e-1920x1200-4500lumens\/\" \/>\n<meta property=\"og:site_name\" content=\"CineSouk\" \/>\n<meta property=\"article:modified_time\" content=\"2025-08-22T15:17:34+00:00\" \/>\n<meta property=\"og:image\" content=\"https:\/\/www.cinesouk.ma\/wp-content\/uploads\/2025\/05\/Panasonic-PT-DZ570E-1920x1200-4500lumens.jpg\" \/>\n\t<meta property=\"og:image:width\" content=\"300\" \/>\n\t<meta property=\"og:image:height\" content=\"238\" \/>\n\t<meta property=\"og:image:type\" content=\"image\/jpeg\" \/>\n<meta name=\"twitter:card\" content=\"summary_large_image\" \/>\n<meta name=\"twitter:description\" content=\"Panasonic PT-DZ570E WUXGA 1920x1200 projector with 4500 lumens brightness, lens shift, and 3LCD technology. Ideal for professional installations and bright environments.\" \/>\n<meta name=\"twitter:label1\" content=\"Dur\u00e9e de lecture estim\u00e9e\" \/>\n\t<meta name=\"twitter:data1\" content=\"2 minutes\" \/>\n<script type=\"application\/ld+json\" class=\"yoast-schema-graph\">{\"@context\":\"https:\/\/schema.org\",\"@graph\":[{\"@type\":\"WebPage\",\"@id\":\"https:\/\/www.cinesouk.ma\/product\/panasonic-pt-dz570e-1920x1200-4500lumens\/\",\"url\":\"https:\/\/www.cinesouk.ma\/product\/panasonic-pt-dz570e-1920x1200-4500lumens\/\",\"name\":\"Panasonic PT-DZ570E (1920x1200 - 4500lumens) - CineSouk - For rent\",\"isPartOf\":{\"@id\":\"https:\/\/www.cinesouk.ma\/#website\"},\"primaryImageOfPage\":{\"@id\":\"https:\/\/www.cinesouk.ma\/product\/panasonic-pt-dz570e-1920x1200-4500lumens\/#primaryimage\"},\"image\":{\"@id\":\"https:\/\/www.cinesouk.ma\/product\/panasonic-pt-dz570e-1920x1200-4500lumens\/#primaryimage\"},\"thumbnailUrl\":\"https:\/\/www.cinesouk.ma\/wp-content\/uploads\/2025\/05\/Panasonic-PT-DZ570E-1920x1200-4500lumens.jpg\",\"datePublished\":\"2025-05-23T15:46:07+00:00\",\"dateModified\":\"2025-08-22T15:17:34+00:00\",\"description\":\"Panasonic PT-DZ570E WUXGA 1920x1200 projector with 4500 lumens brightness, lens shift, and 3LCD technology. Ideal for professional installations and bright environments.\",\"breadcrumb\":{\"@id\":\"https:\/\/www.cinesouk.ma\/product\/panasonic-pt-dz570e-1920x1200-4500lumens\/#breadcrumb\"},\"inLanguage\":\"fr-FR\",\"potentialAction\":[{\"@type\":\"ReadAction\",\"target\":[\"https:\/\/www.cinesouk.ma\/product\/panasonic-pt-dz570e-1920x1200-4500lumens\/\"]}]},{\"@type\":\"ImageObject\",\"inLanguage\":\"fr-FR\",\"@id\":\"https:\/\/www.cinesouk.ma\/product\/panasonic-pt-dz570e-1920x1200-4500lumens\/#primaryimage\",\"url\":\"https:\/\/www.cinesouk.ma\/wp-content\/uploads\/2025\/05\/Panasonic-PT-DZ570E-1920x1200-4500lumens.jpg\",\"contentUrl\":\"https:\/\/www.cinesouk.ma\/wp-content\/uploads\/2025\/05\/Panasonic-PT-DZ570E-1920x1200-4500lumens.jpg\",\"width\":300,\"height\":238,\"caption\":\"Panasonic PT-DZ570E (1920x1200 - 4500lumens)\"},{\"@type\":\"BreadcrumbList\",\"@id\":\"https:\/\/www.cinesouk.ma\/product\/panasonic-pt-dz570e-1920x1200-4500lumens\/#breadcrumb\",\"itemListElement\":[{\"@type\":\"ListItem\",\"position\":1,\"name\":\"Home\",\"item\":\"https:\/\/www.cinesouk.ma\/\"},{\"@type\":\"ListItem\",\"position\":2,\"name\":\"Shop\",\"item\":\"https:\/\/www.cinesouk.ma\/shop\/\"},{\"@type\":\"ListItem\",\"position\":3,\"name\":\"Panasonic PT-DZ570E (1920&#215;1200 &#8211; 4500lumens)\"}]},{\"@type\":\"WebSite\",\"@id\":\"https:\/\/www.cinesouk.ma\/#website\",\"url\":\"https:\/\/www.cinesouk.ma\/\",\"name\":\"CineSouk\",\"description\":\"\",\"publisher\":{\"@id\":\"https:\/\/www.cinesouk.ma\/#organization\"},\"potentialAction\":[{\"@type\":\"SearchAction\",\"target\":{\"@type\":\"EntryPoint\",\"urlTemplate\":\"https:\/\/www.cinesouk.ma\/?s={search_term_string}\"},\"query-input\":{\"@type\":\"PropertyValueSpecification\",\"valueRequired\":true,\"valueName\":\"search_term_string\"}}],\"inLanguage\":\"fr-FR\"},{\"@type\":\"Organization\",\"@id\":\"https:\/\/www.cinesouk.ma\/#organization\",\"name\":\"CineSouk\",\"url\":\"https:\/\/www.cinesouk.ma\/\",\"logo\":{\"@type\":\"ImageObject\",\"inLanguage\":\"fr-FR\",\"@id\":\"https:\/\/www.cinesouk.ma\/#\/schema\/logo\/image\/\",\"url\":\"https:\/\/www.cinesouk.ma\/wp-content\/uploads\/2024\/01\/CineSouk-logo-v01-alpha-alligned-left.png\",\"contentUrl\":\"https:\/\/www.cinesouk.ma\/wp-content\/uploads\/2024\/01\/CineSouk-logo-v01-alpha-alligned-left.png\",\"width\":3204,\"height\":889,\"caption\":\"CineSouk\"},\"image\":{\"@id\":\"https:\/\/www.cinesouk.ma\/#\/schema\/logo\/image\/\"}}]}<\/script>\n<!-- \/ Yoast SEO Premium plugin. -->","yoast_head_json":{"title":"Panasonic PT-DZ570E (1920x1200 - 4500lumens) - CineSouk - For rent","description":"Panasonic PT-DZ570E WUXGA 1920x1200 projector with 4500 lumens brightness, lens shift, and 3LCD technology. Ideal for professional installations and bright environments.","robots":{"index":"index","follow":"follow","max-snippet":"max-snippet:-1","max-image-preview":"max-image-preview:large","max-video-preview":"max-video-preview:-1"},"canonical":"https:\/\/www.cinesouk.ma\/fr\/produit\/panasonic-pt-dz570e-1920x1200-4500lumens\/","og_locale":"fr_FR","og_type":"article","og_title":"Panasonic PT-DZ570E (1920x1200 - 4500lumens)","og_description":"Panasonic PT-DZ570E WUXGA 1920x1200 projector with 4500 lumens brightness, lens shift, and 3LCD technology. Ideal for professional installations and bright environments.","og_url":"https:\/\/www.cinesouk.ma\/fr\/produit\/panasonic-pt-dz570e-1920x1200-4500lumens\/","og_site_name":"CineSouk","article_modified_time":"2025-08-22T15:17:34+00:00","og_image":[{"width":300,"height":238,"url":"https:\/\/www.cinesouk.ma\/wp-content\/uploads\/2025\/05\/Panasonic-PT-DZ570E-1920x1200-4500lumens.jpg","type":"image\/jpeg"}],"twitter_card":"summary_large_image","twitter_description":"Panasonic PT-DZ570E WUXGA 1920x1200 projector with 4500 lumens brightness, lens shift, and 3LCD technology. Ideal for professional installations and bright environments.","twitter_misc":{"Dur\u00e9e de lecture estim\u00e9e":"2 minutes"},"schema":{"@context":"https:\/\/schema.org","@graph":[{"@type":"WebPage","@id":"https:\/\/www.cinesouk.ma\/product\/panasonic-pt-dz570e-1920x1200-4500lumens\/","url":"https:\/\/www.cinesouk.ma\/product\/panasonic-pt-dz570e-1920x1200-4500lumens\/","name":"Panasonic PT-DZ570E (1920x1200 - 4500lumens) - CineSouk - For rent","isPartOf":{"@id":"https:\/\/www.cinesouk.ma\/#website"},"primaryImageOfPage":{"@id":"https:\/\/www.cinesouk.ma\/product\/panasonic-pt-dz570e-1920x1200-4500lumens\/#primaryimage"},"image":{"@id":"https:\/\/www.cinesouk.ma\/product\/panasonic-pt-dz570e-1920x1200-4500lumens\/#primaryimage"},"thumbnailUrl":"https:\/\/www.cinesouk.ma\/wp-content\/uploads\/2025\/05\/Panasonic-PT-DZ570E-1920x1200-4500lumens.jpg","datePublished":"2025-05-23T15:46:07+00:00","dateModified":"2025-08-22T15:17:34+00:00","description":"Panasonic PT-DZ570E WUXGA 1920x1200 projector with 4500 lumens brightness, lens shift, and 3LCD technology. Ideal for professional installations and bright environments.","breadcrumb":{"@id":"https:\/\/www.cinesouk.ma\/product\/panasonic-pt-dz570e-1920x1200-4500lumens\/#breadcrumb"},"inLanguage":"fr-FR","potentialAction":[{"@type":"ReadAction","target":["https:\/\/www.cinesouk.ma\/product\/panasonic-pt-dz570e-1920x1200-4500lumens\/"]}]},{"@type":"ImageObject","inLanguage":"fr-FR","@id":"https:\/\/www.cinesouk.ma\/product\/panasonic-pt-dz570e-1920x1200-4500lumens\/#primaryimage","url":"https:\/\/www.cinesouk.ma\/wp-content\/uploads\/2025\/05\/Panasonic-PT-DZ570E-1920x1200-4500lumens.jpg","contentUrl":"https:\/\/www.cinesouk.ma\/wp-content\/uploads\/2025\/05\/Panasonic-PT-DZ570E-1920x1200-4500lumens.jpg","width":300,"height":238,"caption":"Panasonic PT-DZ570E (1920x1200 - 4500lumens)"},{"@type":"BreadcrumbList","@id":"https:\/\/www.cinesouk.ma\/product\/panasonic-pt-dz570e-1920x1200-4500lumens\/#breadcrumb","itemListElement":[{"@type":"ListItem","position":1,"name":"Home","item":"https:\/\/www.cinesouk.ma\/"},{"@type":"ListItem","position":2,"name":"Shop","item":"https:\/\/www.cinesouk.ma\/shop\/"},{"@type":"ListItem","position":3,"name":"Panasonic PT-DZ570E (1920&#215;1200 &#8211; 4500lumens)"}]},{"@type":"WebSite","@id":"https:\/\/www.cinesouk.ma\/#website","url":"https:\/\/www.cinesouk.ma\/","name":"CineSouk","description":"","publisher":{"@id":"https:\/\/www.cinesouk.ma\/#organization"},"potentialAction":[{"@type":"SearchAction","target":{"@type":"EntryPoint","urlTemplate":"https:\/\/www.cinesouk.ma\/?s={search_term_string}"},"query-input":{"@type":"PropertyValueSpecification","valueRequired":true,"valueName":"search_term_string"}}],"inLanguage":"fr-FR"},{"@type":"Organization","@id":"https:\/\/www.cinesouk.ma\/#organization","name":"CineSouk","url":"https:\/\/www.cinesouk.ma\/","logo":{"@type":"ImageObject","inLanguage":"fr-FR","@id":"https:\/\/www.cinesouk.ma\/#\/schema\/logo\/image\/","url":"https:\/\/www.cinesouk.ma\/wp-content\/uploads\/2024\/01\/CineSouk-logo-v01-alpha-alligned-left.png","contentUrl":"https:\/\/www.cinesouk.ma\/wp-content\/uploads\/2024\/01\/CineSouk-logo-v01-alpha-alligned-left.png","width":3204,"height":889,"caption":"CineSouk"},"image":{"@id":"https:\/\/www.cinesouk.ma\/#\/schema\/logo\/image\/"}}]}},"_links":{"self":[{"href":"https:\/\/www.cinesouk.ma\/fr\/wp-json\/wp\/v2\/product\/13359","targetHints":{"allow":["GET"]}}],"collection":[{"href":"https:\/\/www.cinesouk.ma\/fr\/wp-json\/wp\/v2\/product"}],"about":[{"href":"https:\/\/www.cinesouk.ma\/fr\/wp-json\/wp\/v2\/types\/product"}],"wp:featuredmedia":[{"embeddable":true,"href":"https:\/\/www.cinesouk.ma\/fr\/wp-json\/wp\/v2\/media\/13370"}],"wp:attachment":[{"href":"https:\/\/www.cinesouk.ma\/fr\/wp-json\/wp\/v2\/media?parent=13359"}],"wp:term":[{"taxonomy":"product_brand","embeddable":true,"href":"https:\/\/www.cinesouk.ma\/fr\/wp-json\/wp\/v2\/product_brand?post=13359"},{"taxonomy":"product_cat","embeddable":true,"href":"https:\/\/www.cinesouk.ma\/fr\/wp-json\/wp\/v2\/product_cat?post=13359"},{"taxonomy":"product_tag","embeddable":true,"href":"https:\/\/www.cinesouk.ma\/fr\/wp-json\/wp\/v2\/product_tag?post=13359"}],"curies":[{"name":"wp","href":"https:\/\/api.w.org\/{rel}","templated":true}]}}