{"id":13395,"date":"2025-05-24T08:33:15","date_gmt":"2025-05-24T08:33:15","guid":{"rendered":"https:\/\/www.cinesouk.ma\/?post_type=product&#038;p=13395"},"modified":"2025-05-24T09:20:57","modified_gmt":"2025-05-24T09:20:57","slug":"molton-set-black-3x3m-kit-negative-fill-approx-10x10feet","status":"publish","type":"product","link":"https:\/\/www.cinesouk.ma\/fr\/produit\/molton-set-black-3x3m-kit-negative-fill-approx-10x10feet\/","title":{"rendered":"Molton Set Black 3x3m kit - negative fill (approx 10x10feet)"},"content":{"rendered":"<p data-start=\"304\" data-end=\"637\">Le kit Molton Set Black 3x3m est un rideau noir de qualit\u00e9 professionnelle fabriqu\u00e9 \u00e0 partir d'un tissu molton dense et ignifug\u00e9. Mesurant 3 x 3 m\u00e8tres (environ 10 x 10 pieds), il est id\u00e9al pour les th\u00e9\u00e2tres, les sc\u00e8nes d'\u00e9v\u00e9nements en direct et les studios o\u00f9 le contr\u00f4le de la lumi\u00e8re et le masquage de l'arri\u00e8re-plan sont essentiels.<\/p>\n<p data-start=\"639\" data-end=\"962\">Gr\u00e2ce \u00e0 sa finition mate non r\u00e9fl\u00e9chissante, ce rideau fonctionne \u00e9galement tr\u00e8s bien dans les productions cin\u00e9matographiques et photographiques en tant que remplissage n\u00e9gatif, aidant \u00e0 absorber la lumi\u00e8re parasite et \u00e0 cr\u00e9er un contraste dans les configurations d'\u00e9clairage. Le tissu se drape magnifiquement et offre un effet d'occultation net lorsqu'il est suspendu derri\u00e8re un d\u00e9cor ou utilis\u00e9 comme rideau de masquage lat\u00e9ral.<\/p>\n<h3 data-start=\"969\" data-end=\"989\"><strong data-start=\"973\" data-end=\"989\">Caract\u00e9ristiques principales du kit Molton Set Black 3x3m :<\/strong><\/h3>\n<ul data-start=\"991\" data-end=\"1472\">\n<li data-start=\"991\" data-end=\"1046\">\n<p data-start=\"993\" data-end=\"1046\"><strong data-start=\"993\" data-end=\"1007\">Dimensions<\/strong>: 3 x 3 m\u00e8tres (environ 10 x 10 pieds)<\/p>\n<\/li>\n<li data-start=\"1047\" data-end=\"1107\">\n<p data-start=\"1049\" data-end=\"1107\"><strong data-start=\"1049\" data-end=\"1061\">Mat\u00e9riau<\/strong>: 100% coton noir molton, environ 300 g\/m\u00b2.<\/p>\n<\/li>\n<li data-start=\"1108\" data-end=\"1184\">\n<p data-start=\"1110\" data-end=\"1184\"><strong data-start=\"1110\" data-end=\"1120\">Finition<\/strong>: Surface mate et non r\u00e9fl\u00e9chissante pour un contr\u00f4le professionnel de la lumi\u00e8re<\/p>\n<\/li>\n<li data-start=\"1185\" data-end=\"1255\">\n<p data-start=\"1187\" data-end=\"1255\"><strong data-start=\"1187\" data-end=\"1194\">Utilisation<\/strong>: Rideau de sc\u00e8ne, drap de masquage ou remplissage de n\u00e9gatif photo\/film<\/p>\n<\/li>\n<li data-start=\"1256\" data-end=\"1344\">\n<p data-start=\"1258\" data-end=\"1344\"><strong data-start=\"1258\" data-end=\"1277\">Ignifug\u00e9<\/strong>: Certifi\u00e9 B1 (DIN 4102), adapt\u00e9 aux espaces publics de repr\u00e9sentation<\/p>\n<\/li>\n<li data-start=\"1345\" data-end=\"1397\">\n<p data-start=\"1347\" data-end=\"1397\"><strong data-start=\"1347\" data-end=\"1356\">Bords<\/strong>: Cousu et renforc\u00e9 pour une utilisation \u00e0 long terme<\/p>\n<\/li>\n<li data-start=\"1398\" data-end=\"1472\">\n<p data-start=\"1400\" data-end=\"1472\"><strong data-start=\"1400\" data-end=\"1412\">Montage<\/strong>: Peut \u00eatre suspendu \u00e0 l'aide de pinces, de rails pour rideaux ou de gr\u00e9ements de sc\u00e8ne.<\/p>\n<\/li>\n<\/ul>\n<h3 data-start=\"1479\" data-end=\"1499\"><strong data-start=\"1483\" data-end=\"1499\">Applications<\/strong><\/h3>\n<ul data-start=\"1501\" data-end=\"1693\">\n<li data-start=\"1501\" data-end=\"1530\">\n<p data-start=\"1503\" data-end=\"1530\">Masquage de sc\u00e8ne et de th\u00e9\u00e2tre<\/p>\n<\/li>\n<li data-start=\"1531\" data-end=\"1581\">\n<p data-start=\"1533\" data-end=\"1581\">Ailes, toiles de fond ou faux rideaux de proscenium<\/p>\n<\/li>\n<li data-start=\"1582\" data-end=\"1619\">\n<p data-start=\"1584\" data-end=\"1619\">Obscurcissement du studio ou blocage de la lumi\u00e8re<\/p>\n<\/li>\n<li data-start=\"1620\" data-end=\"1657\">\n<p data-start=\"1622\" data-end=\"1657\">Jeux de films\/photos pour le remplissage des n\u00e9gatifs<\/p>\n<\/li>\n<li data-start=\"1658\" data-end=\"1693\">\n<p data-start=\"1660\" data-end=\"1693\">Cloisonnement d'expositions et d'\u00e9v\u00e9nements<\/p>\n<\/li>\n<\/ul>\n<p>Louez-le maintenant sur <a href=\"https:\/\/www.cinesouk.ma\/fr\">CINESOUK<\/a> - une marque de <a href=\"https:\/\/www.broadway.ma\/\">BROADWAY PRODUCTIONS SARL.<\/a><\/p>","protected":false},"excerpt":{"rendered":"<p><strong>Sp\u00e9cifications<\/strong><\/p>\n<ul>\n<li data-start=\"991\" data-end=\"1046\">\n<p data-start=\"993\" data-end=\"1046\"><strong data-start=\"993\" data-end=\"1007\">Dimensions<\/strong>: 3 x 3 m\u00e8tres (environ 10 x 10 pieds)<\/p>\n<\/li>\n<li data-start=\"1047\" data-end=\"1107\">\n<p data-start=\"1049\" data-end=\"1107\"><strong data-start=\"1049\" data-end=\"1061\">Mat\u00e9riau<\/strong>: 100% coton noir molton, environ 300 g\/m\u00b2.<\/p>\n<\/li>\n<li data-start=\"1108\" data-end=\"1184\">\n<p data-start=\"1110\" data-end=\"1184\"><strong data-start=\"1110\" data-end=\"1120\">Finition<\/strong>: Surface mate et non r\u00e9fl\u00e9chissante pour un contr\u00f4le professionnel de la lumi\u00e8re<\/p>\n<\/li>\n<li data-start=\"1185\" data-end=\"1255\">\n<p data-start=\"1187\" data-end=\"1255\"><strong data-start=\"1187\" data-end=\"1194\">Utilisation<\/strong>: Rideau de sc\u00e8ne, drap de masquage ou remplissage de n\u00e9gatif photo\/film<\/p>\n<\/li>\n<li data-start=\"1256\" data-end=\"1344\">\n<p data-start=\"1258\" data-end=\"1344\"><strong data-start=\"1258\" data-end=\"1277\">Ignifug\u00e9<\/strong>: Certifi\u00e9 B1 (DIN 4102), adapt\u00e9 aux espaces publics de repr\u00e9sentation<\/p>\n<\/li>\n<li data-start=\"1345\" data-end=\"1397\">\n<p data-start=\"1347\" data-end=\"1397\"><strong data-start=\"1347\" data-end=\"1356\">Bords<\/strong>: Cousu et renforc\u00e9 pour une utilisation \u00e0 long terme<\/p>\n<\/li>\n<li data-start=\"1398\" data-end=\"1472\">\n<p data-start=\"1400\" data-end=\"1472\"><strong data-start=\"1400\" data-end=\"1412\">Montage<\/strong>: Peut \u00eatre suspendu \u00e0 l'aide de pinces, de rails pour rideaux ou de gr\u00e9ements de sc\u00e8ne.<\/p>\n<\/li>\n<\/ul>","protected":false},"featured_media":13406,"template":"","meta":{"om_disable_all_campaigns":false,"_monsterinsights_skip_tracking":false,"_monsterinsights_sitenote_active":false,"_monsterinsights_sitenote_note":"","_monsterinsights_sitenote_category":0,"_uf_show_specific_survey":0,"_uf_disable_surveys":false},"product_brand":[],"product_cat":[91],"product_tag":[],"class_list":{"0":"post-13395","1":"product","2":"type-product","3":"status-publish","4":"has-post-thumbnail","6":"product_cat-fabrics-and-bounces-cinesouk","8":"entry","9":"has-media","11":"first","12":"instock","13":"taxable","14":"shipping-taxable","15":"purchasable","16":"product-type-variable","17":"has-product-nav","18":"col","19":"span_1_of_3","20":"owp-content-center","21":"owp-thumbs-layout-horizontal","22":"owp-btn-normal","23":"owp-tabs-layout-horizontal"},"yoast_head":"<!-- This site is optimized with the Yoast SEO Premium plugin v26.0 (Yoast SEO v26.0) - https:\/\/yoast.com\/wordpress\/plugins\/seo\/ -->\n<title>Molton Set Black 3x3m kit - negative fill (approx 10x10feet) - CineSouk - For rent<\/title>\n<meta name=\"description\" content=\"Molton Set Black 3x3m kit 3x3m (10x10 ft), flame-retardant and non-reflective. Ideal for stage masking, theater use, or light control in film and photo setups.\" \/>\n<meta name=\"robots\" content=\"index, follow, max-snippet:-1, max-image-preview:large, max-video-preview:-1\" \/>\n<link rel=\"canonical\" href=\"https:\/\/www.cinesouk.ma\/fr\/produit\/molton-set-black-3x3m-kit-negative-fill-approx-10x10feet\/\" \/>\n<meta property=\"og:locale\" content=\"fr_FR\" \/>\n<meta property=\"og:type\" content=\"article\" \/>\n<meta property=\"og:title\" content=\"Molton Set Black 3x3m kit - negative fill (approx 10x10feet)\" \/>\n<meta property=\"og:description\" content=\"Black molton stage curtain 3x3m (10x10 ft), flame-retardant and non-reflective. Ideal for stage masking, theater use, or light control in film and photo setups.\" \/>\n<meta property=\"og:url\" content=\"https:\/\/www.cinesouk.ma\/fr\/produit\/molton-set-black-3x3m-kit-negative-fill-approx-10x10feet\/\" \/>\n<meta property=\"og:site_name\" content=\"CineSouk\" \/>\n<meta property=\"article:modified_time\" content=\"2025-05-24T09:20:57+00:00\" \/>\n<meta property=\"og:image\" content=\"https:\/\/www.cinesouk.ma\/wp-content\/uploads\/2025\/05\/Molton-Set-Black-3x3m-kit-negative-fill-approx-10x10feet_.jpg\" \/>\n\t<meta property=\"og:image:width\" content=\"300\" \/>\n\t<meta property=\"og:image:height\" content=\"238\" \/>\n\t<meta property=\"og:image:type\" content=\"image\/jpeg\" \/>\n<meta name=\"twitter:card\" content=\"summary_large_image\" \/>\n<meta name=\"twitter:description\" content=\"Black molton stage curtain 3x3m (10x10 ft), flame-retardant and non-reflective. Ideal for stage masking, theater use, or light control in film and photo setups.\" \/>\n<meta name=\"twitter:label1\" content=\"Dur\u00e9e de lecture estim\u00e9e\" \/>\n\t<meta name=\"twitter:data1\" content=\"2 minutes\" \/>\n<script type=\"application\/ld+json\" class=\"yoast-schema-graph\">{\"@context\":\"https:\/\/schema.org\",\"@graph\":[{\"@type\":\"WebPage\",\"@id\":\"https:\/\/www.cinesouk.ma\/product\/molton-set-black-3x3m-kit-negative-fill-approx-10x10feet\/\",\"url\":\"https:\/\/www.cinesouk.ma\/product\/molton-set-black-3x3m-kit-negative-fill-approx-10x10feet\/\",\"name\":\"Molton Set Black 3x3m kit - negative fill (approx 10x10feet) - CineSouk - For rent\",\"isPartOf\":{\"@id\":\"https:\/\/www.cinesouk.ma\/#website\"},\"primaryImageOfPage\":{\"@id\":\"https:\/\/www.cinesouk.ma\/product\/molton-set-black-3x3m-kit-negative-fill-approx-10x10feet\/#primaryimage\"},\"image\":{\"@id\":\"https:\/\/www.cinesouk.ma\/product\/molton-set-black-3x3m-kit-negative-fill-approx-10x10feet\/#primaryimage\"},\"thumbnailUrl\":\"https:\/\/www.cinesouk.ma\/wp-content\/uploads\/2025\/05\/Molton-Set-Black-3x3m-kit-negative-fill-approx-10x10feet_.jpg\",\"datePublished\":\"2025-05-24T08:33:15+00:00\",\"dateModified\":\"2025-05-24T09:20:57+00:00\",\"description\":\"Molton Set Black 3x3m kit 3x3m (10x10 ft), flame-retardant and non-reflective. Ideal for stage masking, theater use, or light control in film and photo setups.\",\"breadcrumb\":{\"@id\":\"https:\/\/www.cinesouk.ma\/product\/molton-set-black-3x3m-kit-negative-fill-approx-10x10feet\/#breadcrumb\"},\"inLanguage\":\"fr-FR\",\"potentialAction\":[{\"@type\":\"ReadAction\",\"target\":[\"https:\/\/www.cinesouk.ma\/product\/molton-set-black-3x3m-kit-negative-fill-approx-10x10feet\/\"]}]},{\"@type\":\"ImageObject\",\"inLanguage\":\"fr-FR\",\"@id\":\"https:\/\/www.cinesouk.ma\/product\/molton-set-black-3x3m-kit-negative-fill-approx-10x10feet\/#primaryimage\",\"url\":\"https:\/\/www.cinesouk.ma\/wp-content\/uploads\/2025\/05\/Molton-Set-Black-3x3m-kit-negative-fill-approx-10x10feet_.jpg\",\"contentUrl\":\"https:\/\/www.cinesouk.ma\/wp-content\/uploads\/2025\/05\/Molton-Set-Black-3x3m-kit-negative-fill-approx-10x10feet_.jpg\",\"width\":300,\"height\":238,\"caption\":\"Molton Set Black 3x3m kit - negative fill (approx 10x10feet)\"},{\"@type\":\"BreadcrumbList\",\"@id\":\"https:\/\/www.cinesouk.ma\/product\/molton-set-black-3x3m-kit-negative-fill-approx-10x10feet\/#breadcrumb\",\"itemListElement\":[{\"@type\":\"ListItem\",\"position\":1,\"name\":\"Home\",\"item\":\"https:\/\/www.cinesouk.ma\/\"},{\"@type\":\"ListItem\",\"position\":2,\"name\":\"Shop\",\"item\":\"https:\/\/www.cinesouk.ma\/shop\/\"},{\"@type\":\"ListItem\",\"position\":3,\"name\":\"Molton Set Black 3x3m kit &#8211; negative fill (approx 10x10feet)\"}]},{\"@type\":\"WebSite\",\"@id\":\"https:\/\/www.cinesouk.ma\/#website\",\"url\":\"https:\/\/www.cinesouk.ma\/\",\"name\":\"CineSouk\",\"description\":\"\",\"publisher\":{\"@id\":\"https:\/\/www.cinesouk.ma\/#organization\"},\"potentialAction\":[{\"@type\":\"SearchAction\",\"target\":{\"@type\":\"EntryPoint\",\"urlTemplate\":\"https:\/\/www.cinesouk.ma\/?s={search_term_string}\"},\"query-input\":{\"@type\":\"PropertyValueSpecification\",\"valueRequired\":true,\"valueName\":\"search_term_string\"}}],\"inLanguage\":\"fr-FR\"},{\"@type\":\"Organization\",\"@id\":\"https:\/\/www.cinesouk.ma\/#organization\",\"name\":\"CineSouk\",\"url\":\"https:\/\/www.cinesouk.ma\/\",\"logo\":{\"@type\":\"ImageObject\",\"inLanguage\":\"fr-FR\",\"@id\":\"https:\/\/www.cinesouk.ma\/#\/schema\/logo\/image\/\",\"url\":\"https:\/\/www.cinesouk.ma\/wp-content\/uploads\/2024\/01\/CineSouk-logo-v01-alpha-alligned-left.png\",\"contentUrl\":\"https:\/\/www.cinesouk.ma\/wp-content\/uploads\/2024\/01\/CineSouk-logo-v01-alpha-alligned-left.png\",\"width\":3204,\"height\":889,\"caption\":\"CineSouk\"},\"image\":{\"@id\":\"https:\/\/www.cinesouk.ma\/#\/schema\/logo\/image\/\"}}]}<\/script>\n<!-- \/ Yoast SEO Premium plugin. -->","yoast_head_json":{"title":"Molton Set Black 3x3m kit - negative fill (approx 10x10feet) - CineSouk - For rent","description":"Molton Set Black 3x3m kit 3x3m (10x10 ft), flame-retardant and non-reflective. Ideal for stage masking, theater use, or light control in film and photo setups.","robots":{"index":"index","follow":"follow","max-snippet":"max-snippet:-1","max-image-preview":"max-image-preview:large","max-video-preview":"max-video-preview:-1"},"canonical":"https:\/\/www.cinesouk.ma\/fr\/produit\/molton-set-black-3x3m-kit-negative-fill-approx-10x10feet\/","og_locale":"fr_FR","og_type":"article","og_title":"Molton Set Black 3x3m kit - negative fill (approx 10x10feet)","og_description":"Black molton stage curtain 3x3m (10x10 ft), flame-retardant and non-reflective. Ideal for stage masking, theater use, or light control in film and photo setups.","og_url":"https:\/\/www.cinesouk.ma\/fr\/produit\/molton-set-black-3x3m-kit-negative-fill-approx-10x10feet\/","og_site_name":"CineSouk","article_modified_time":"2025-05-24T09:20:57+00:00","og_image":[{"width":300,"height":238,"url":"https:\/\/www.cinesouk.ma\/wp-content\/uploads\/2025\/05\/Molton-Set-Black-3x3m-kit-negative-fill-approx-10x10feet_.jpg","type":"image\/jpeg"}],"twitter_card":"summary_large_image","twitter_description":"Black molton stage curtain 3x3m (10x10 ft), flame-retardant and non-reflective. Ideal for stage masking, theater use, or light control in film and photo setups.","twitter_misc":{"Dur\u00e9e de lecture estim\u00e9e":"2 minutes"},"schema":{"@context":"https:\/\/schema.org","@graph":[{"@type":"WebPage","@id":"https:\/\/www.cinesouk.ma\/product\/molton-set-black-3x3m-kit-negative-fill-approx-10x10feet\/","url":"https:\/\/www.cinesouk.ma\/product\/molton-set-black-3x3m-kit-negative-fill-approx-10x10feet\/","name":"Molton Set Black 3x3m kit - negative fill (approx 10x10feet) - CineSouk - For rent","isPartOf":{"@id":"https:\/\/www.cinesouk.ma\/#website"},"primaryImageOfPage":{"@id":"https:\/\/www.cinesouk.ma\/product\/molton-set-black-3x3m-kit-negative-fill-approx-10x10feet\/#primaryimage"},"image":{"@id":"https:\/\/www.cinesouk.ma\/product\/molton-set-black-3x3m-kit-negative-fill-approx-10x10feet\/#primaryimage"},"thumbnailUrl":"https:\/\/www.cinesouk.ma\/wp-content\/uploads\/2025\/05\/Molton-Set-Black-3x3m-kit-negative-fill-approx-10x10feet_.jpg","datePublished":"2025-05-24T08:33:15+00:00","dateModified":"2025-05-24T09:20:57+00:00","description":"Molton Set Black 3x3m kit 3x3m (10x10 ft), flame-retardant and non-reflective. Ideal for stage masking, theater use, or light control in film and photo setups.","breadcrumb":{"@id":"https:\/\/www.cinesouk.ma\/product\/molton-set-black-3x3m-kit-negative-fill-approx-10x10feet\/#breadcrumb"},"inLanguage":"fr-FR","potentialAction":[{"@type":"ReadAction","target":["https:\/\/www.cinesouk.ma\/product\/molton-set-black-3x3m-kit-negative-fill-approx-10x10feet\/"]}]},{"@type":"ImageObject","inLanguage":"fr-FR","@id":"https:\/\/www.cinesouk.ma\/product\/molton-set-black-3x3m-kit-negative-fill-approx-10x10feet\/#primaryimage","url":"https:\/\/www.cinesouk.ma\/wp-content\/uploads\/2025\/05\/Molton-Set-Black-3x3m-kit-negative-fill-approx-10x10feet_.jpg","contentUrl":"https:\/\/www.cinesouk.ma\/wp-content\/uploads\/2025\/05\/Molton-Set-Black-3x3m-kit-negative-fill-approx-10x10feet_.jpg","width":300,"height":238,"caption":"Molton Set Black 3x3m kit - negative fill (approx 10x10feet)"},{"@type":"BreadcrumbList","@id":"https:\/\/www.cinesouk.ma\/product\/molton-set-black-3x3m-kit-negative-fill-approx-10x10feet\/#breadcrumb","itemListElement":[{"@type":"ListItem","position":1,"name":"Home","item":"https:\/\/www.cinesouk.ma\/"},{"@type":"ListItem","position":2,"name":"Shop","item":"https:\/\/www.cinesouk.ma\/shop\/"},{"@type":"ListItem","position":3,"name":"Molton Set Black 3x3m kit &#8211; negative fill (approx 10x10feet)"}]},{"@type":"WebSite","@id":"https:\/\/www.cinesouk.ma\/#website","url":"https:\/\/www.cinesouk.ma\/","name":"CineSouk","description":"","publisher":{"@id":"https:\/\/www.cinesouk.ma\/#organization"},"potentialAction":[{"@type":"SearchAction","target":{"@type":"EntryPoint","urlTemplate":"https:\/\/www.cinesouk.ma\/?s={search_term_string}"},"query-input":{"@type":"PropertyValueSpecification","valueRequired":true,"valueName":"search_term_string"}}],"inLanguage":"fr-FR"},{"@type":"Organization","@id":"https:\/\/www.cinesouk.ma\/#organization","name":"CineSouk","url":"https:\/\/www.cinesouk.ma\/","logo":{"@type":"ImageObject","inLanguage":"fr-FR","@id":"https:\/\/www.cinesouk.ma\/#\/schema\/logo\/image\/","url":"https:\/\/www.cinesouk.ma\/wp-content\/uploads\/2024\/01\/CineSouk-logo-v01-alpha-alligned-left.png","contentUrl":"https:\/\/www.cinesouk.ma\/wp-content\/uploads\/2024\/01\/CineSouk-logo-v01-alpha-alligned-left.png","width":3204,"height":889,"caption":"CineSouk"},"image":{"@id":"https:\/\/www.cinesouk.ma\/#\/schema\/logo\/image\/"}}]}},"_links":{"self":[{"href":"https:\/\/www.cinesouk.ma\/fr\/wp-json\/wp\/v2\/product\/13395","targetHints":{"allow":["GET"]}}],"collection":[{"href":"https:\/\/www.cinesouk.ma\/fr\/wp-json\/wp\/v2\/product"}],"about":[{"href":"https:\/\/www.cinesouk.ma\/fr\/wp-json\/wp\/v2\/types\/product"}],"wp:featuredmedia":[{"embeddable":true,"href":"https:\/\/www.cinesouk.ma\/fr\/wp-json\/wp\/v2\/media\/13406"}],"wp:attachment":[{"href":"https:\/\/www.cinesouk.ma\/fr\/wp-json\/wp\/v2\/media?parent=13395"}],"wp:term":[{"taxonomy":"product_brand","embeddable":true,"href":"https:\/\/www.cinesouk.ma\/fr\/wp-json\/wp\/v2\/product_brand?post=13395"},{"taxonomy":"product_cat","embeddable":true,"href":"https:\/\/www.cinesouk.ma\/fr\/wp-json\/wp\/v2\/product_cat?post=13395"},{"taxonomy":"product_tag","embeddable":true,"href":"https:\/\/www.cinesouk.ma\/fr\/wp-json\/wp\/v2\/product_tag?post=13395"}],"curies":[{"name":"wp","href":"https:\/\/api.w.org\/{rel}","templated":true}]}}