{"id":13408,"date":"2025-05-24T09:06:47","date_gmt":"2025-05-24T09:06:47","guid":{"rendered":"https:\/\/www.cinesouk.ma\/?post_type=product&#038;p=13408"},"modified":"2025-07-01T08:13:57","modified_gmt":"2025-07-01T08:13:57","slug":"molton-set-white-6x3m-kit-for-stage-projection-purposes-approx-20x10feet","status":"publish","type":"product","link":"https:\/\/www.cinesouk.ma\/fr\/produit\/molton-set-white-6x3m-kit-for-stage-projection-purposes-approx-20x10feet\/","title":{"rendered":"Molton Set White 6x3m kit - pour la projection sur sc\u00e8ne (approx 20x10feet)"},"content":{"rendered":"<p data-start=\"287\" data-end=\"643\">Le Molton Set White 6x3m est un rideau de sc\u00e8ne de qualit\u00e9 professionnelle fabriqu\u00e9 \u00e0 partir de tissu molton blanc ignifug\u00e9. Avec des dimensions de 6 m\u00e8tres de large sur 3 m\u00e8tres de haut, ce rideau est id\u00e9al pour la projection, la diffusion de la lumi\u00e8re et les applications de fond de sc\u00e8ne dans les th\u00e9\u00e2tres, les \u00e9v\u00e9nements ou les studios.<\/p>\n<p data-start=\"645\" data-end=\"920\">La surface blanche offre un arri\u00e8re-plan neutre et uniform\u00e9ment textur\u00e9, ce qui la rend tout \u00e0 fait adapt\u00e9e \u00e0 la projection frontale ou arri\u00e8re sur sc\u00e8ne ou dans des installations multim\u00e9dias. En outre, le tissu \u00e9pais en molleton de coton permet de r\u00e9duire la transmission de la lumi\u00e8re par l'arri\u00e8re, ce qui am\u00e9liore la clart\u00e9 de l'image.<\/p>\n<h3 data-start=\"927\" data-end=\"947\"><strong data-start=\"931\" data-end=\"947\">Caract\u00e9ristiques principales du Molton Set White 6x3m :<\/strong><\/h3>\n<ul data-start=\"949\" data-end=\"1495\">\n<li data-start=\"949\" data-end=\"1004\">\n<p data-start=\"951\" data-end=\"1004\"><strong data-start=\"951\" data-end=\"965\">Dimensions<\/strong>Dimensions : 6 x 3 m\u00e8tres (environ 20 x 10 pieds)<\/p>\n<\/li>\n<li data-start=\"1005\" data-end=\"1065\">\n<p data-start=\"1007\" data-end=\"1065\"><strong data-start=\"1007\" data-end=\"1019\">Mat\u00e9riau<\/strong>: 100% coton blanc molton, environ 300 g\/m\u00b2.<\/p>\n<\/li>\n<li data-start=\"1066\" data-end=\"1136\">\n<p data-start=\"1068\" data-end=\"1136\"><strong data-start=\"1068\" data-end=\"1088\">Pr\u00eat pour la projection<\/strong>: Convient aux installations de projection avant ou arri\u00e8re<\/p>\n<\/li>\n<li data-start=\"1137\" data-end=\"1208\">\n<p data-start=\"1139\" data-end=\"1208\"><strong data-start=\"1139\" data-end=\"1156\">Contr\u00f4le de la lumi\u00e8re<\/strong>: Aide \u00e0 r\u00e9fl\u00e9chir et \u00e0 diffuser uniform\u00e9ment la lumi\u00e8re projet\u00e9e<\/p>\n<\/li>\n<li data-start=\"1209\" data-end=\"1296\">\n<p data-start=\"1211\" data-end=\"1296\"><strong data-start=\"1211\" data-end=\"1230\">Ignifug\u00e9<\/strong>: Certifi\u00e9 B1 (DIN 4102), conforme aux normes de s\u00e9curit\u00e9 de la sc\u00e8ne<\/p>\n<\/li>\n<li data-start=\"1297\" data-end=\"1354\">\n<p data-start=\"1299\" data-end=\"1354\"><strong data-start=\"1299\" data-end=\"1309\">Finition<\/strong>: Surface mate pour \u00e9viter les reflets ou les points chauds<\/p>\n<\/li>\n<li data-start=\"1355\" data-end=\"1413\">\n<p data-start=\"1357\" data-end=\"1413\"><strong data-start=\"1357\" data-end=\"1366\">Bords<\/strong>: Cousu et renforc\u00e9 pour une utilisation \u00e0 long terme sur sc\u00e8ne<\/p>\n<\/li>\n<li data-start=\"1414\" data-end=\"1495\">\n<p data-start=\"1416\" data-end=\"1495\"><strong data-start=\"1416\" data-end=\"1432\">Installation<\/strong>: Peut \u00eatre mont\u00e9 \u00e0 l'aide de pinces, de rails \u00e0 rideaux ou de points d'ancrage.<\/p>\n<\/li>\n<\/ul>\n<h3 data-start=\"1502\" data-end=\"1522\"><strong data-start=\"1506\" data-end=\"1522\">Applications<\/strong><\/h3>\n<ul data-start=\"1524\" data-end=\"1728\">\n<li data-start=\"1524\" data-end=\"1582\">\n<p data-start=\"1526\" data-end=\"1582\">Surface de projection sc\u00e9nique (th\u00e9\u00e2tre ou spectacle vivant)<\/p>\n<\/li>\n<li data-start=\"1583\" data-end=\"1636\">\n<p data-start=\"1585\" data-end=\"1636\">Toile de fond sc\u00e9nique pour la conception d'\u00e9clairages ou de projections<\/p>\n<\/li>\n<li data-start=\"1637\" data-end=\"1668\">\n<p data-start=\"1639\" data-end=\"1668\">\u00c9crans d'exposition ou d'\u00e9v\u00e9nement<\/p>\n<\/li>\n<li data-start=\"1669\" data-end=\"1728\">\n<p data-start=\"1671\" data-end=\"1728\">Utilisation en studio pour la diffusion d'une lumi\u00e8re douce ou d'un arri\u00e8re-plan neutre<\/p>\n<\/li>\n<\/ul>\n<p>Louez-le maintenant sur <a href=\"https:\/\/www.cinesouk.ma\/fr\">CINESOUK<\/a> - une marque de <a href=\"https:\/\/www.broadway.ma\/\">BROADWAY PRODUCTIONS SARL.<\/a><\/p>","protected":false},"excerpt":{"rendered":"<p><strong>Sp\u00e9cifications<\/strong><\/p>\n<ul>\n<li data-start=\"949\" data-end=\"1004\">\n<p data-start=\"951\" data-end=\"1004\"><strong data-start=\"951\" data-end=\"965\">Dimensions<\/strong>Dimensions : 6 x 3 m\u00e8tres (environ 20 x 10 pieds)<\/p>\n<\/li>\n<li data-start=\"1005\" data-end=\"1065\">\n<p data-start=\"1007\" data-end=\"1065\"><strong data-start=\"1007\" data-end=\"1019\">Mat\u00e9riau<\/strong>: 100% coton blanc molton, environ 300 g\/m\u00b2.<\/p>\n<\/li>\n<li data-start=\"1066\" data-end=\"1136\">\n<p data-start=\"1068\" data-end=\"1136\"><strong data-start=\"1068\" data-end=\"1088\">Pr\u00eat pour la projection<\/strong>: Convient aux installations de projection avant ou arri\u00e8re<\/p>\n<\/li>\n<li data-start=\"1137\" data-end=\"1208\">\n<p data-start=\"1139\" data-end=\"1208\"><strong data-start=\"1139\" data-end=\"1156\">Contr\u00f4le de la lumi\u00e8re<\/strong>: Aide \u00e0 r\u00e9fl\u00e9chir et \u00e0 diffuser uniform\u00e9ment la lumi\u00e8re projet\u00e9e<\/p>\n<\/li>\n<li data-start=\"1209\" data-end=\"1296\">\n<p data-start=\"1211\" data-end=\"1296\"><strong data-start=\"1211\" data-end=\"1230\">Ignifug\u00e9<\/strong>: Certifi\u00e9 B1 (DIN 4102), conforme aux normes de s\u00e9curit\u00e9 de la sc\u00e8ne<\/p>\n<\/li>\n<li data-start=\"1297\" data-end=\"1354\">\n<p data-start=\"1299\" data-end=\"1354\"><strong data-start=\"1299\" data-end=\"1309\">Finition<\/strong>: Surface mate pour \u00e9viter les reflets ou les points chauds<\/p>\n<\/li>\n<li data-start=\"1355\" data-end=\"1413\">\n<p data-start=\"1357\" data-end=\"1413\"><strong data-start=\"1357\" data-end=\"1366\">Bords<\/strong>: Cousu et renforc\u00e9 pour une utilisation \u00e0 long terme sur sc\u00e8ne<\/p>\n<\/li>\n<li data-start=\"1414\" data-end=\"1495\">\n<p data-start=\"1416\" data-end=\"1495\"><strong data-start=\"1416\" data-end=\"1432\">Installation<\/strong>: Peut \u00eatre mont\u00e9 \u00e0 l'aide de pinces, de rails \u00e0 rideaux ou de points d'ancrage.<\/p>\n<\/li>\n<\/ul>","protected":false},"featured_media":13419,"template":"","meta":{"om_disable_all_campaigns":false,"_monsterinsights_skip_tracking":false,"_monsterinsights_sitenote_active":false,"_monsterinsights_sitenote_note":"","_monsterinsights_sitenote_category":0,"_uf_show_specific_survey":0,"_uf_disable_surveys":false},"product_brand":[],"product_cat":[91],"product_tag":[],"class_list":{"0":"post-13408","1":"product","2":"type-product","3":"status-publish","4":"has-post-thumbnail","6":"product_cat-fabrics-and-bounces-cinesouk","8":"entry","9":"has-media","11":"first","12":"instock","13":"taxable","14":"shipping-taxable","15":"purchasable","16":"product-type-variable","17":"has-product-nav","18":"col","19":"span_1_of_3","20":"owp-content-center","21":"owp-thumbs-layout-horizontal","22":"owp-btn-normal","23":"owp-tabs-layout-horizontal","24":"has-no-thumbnails"},"yoast_head":"<!-- This site is optimized with the Yoast SEO Premium plugin v26.0 (Yoast SEO v26.0) - https:\/\/yoast.com\/wordpress\/plugins\/seo\/ -->\n<title>Molton Set White 6x3m kit - for stage projection purposes (approx 20x10feet) - CineSouk - For rent<\/title>\n<meta name=\"description\" content=\"Molton Set White 6x3m (20x10 ft), flame-retardant and projection-ready. Ideal for theater backdrops, stage projection, and light diffusion in event and studio setups.\" \/>\n<meta name=\"robots\" content=\"index, follow, max-snippet:-1, max-image-preview:large, max-video-preview:-1\" \/>\n<link rel=\"canonical\" href=\"https:\/\/www.cinesouk.ma\/fr\/produit\/molton-set-white-6x3m-kit-for-stage-projection-purposes-approx-20x10feet\/\" \/>\n<meta property=\"og:locale\" content=\"fr_FR\" \/>\n<meta property=\"og:type\" content=\"article\" \/>\n<meta property=\"og:title\" content=\"Molton Set White 6x3m kit - for stage projection purposes (approx 20x10feet)\" \/>\n<meta property=\"og:description\" content=\"White molton stage curtain 6x3m (20x10 ft), flame-retardant and projection-ready. Ideal for theater backdrops, stage projection, and light diffusion in event and studio setups.\" \/>\n<meta property=\"og:url\" content=\"https:\/\/www.cinesouk.ma\/fr\/produit\/molton-set-white-6x3m-kit-for-stage-projection-purposes-approx-20x10feet\/\" \/>\n<meta property=\"og:site_name\" content=\"CineSouk\" \/>\n<meta property=\"article:modified_time\" content=\"2025-07-01T08:13:57+00:00\" \/>\n<meta property=\"og:image\" content=\"https:\/\/www.cinesouk.ma\/wp-content\/uploads\/2025\/05\/Molton-Set-White-6x3m-kit-for-stage-projection-purposes-approx-20x10feet.jpg\" \/>\n\t<meta property=\"og:image:width\" content=\"300\" \/>\n\t<meta property=\"og:image:height\" content=\"238\" \/>\n\t<meta property=\"og:image:type\" content=\"image\/jpeg\" \/>\n<meta name=\"twitter:card\" content=\"summary_large_image\" \/>\n<meta name=\"twitter:description\" content=\"White molton stage curtain 6x3m (20x10 ft), flame-retardant and projection-ready. Ideal for theater backdrops, stage projection, and light diffusion in event and studio setups.\" \/>\n<meta name=\"twitter:label1\" content=\"Dur\u00e9e de lecture estim\u00e9e\" \/>\n\t<meta name=\"twitter:data1\" content=\"2 minutes\" \/>\n<script type=\"application\/ld+json\" class=\"yoast-schema-graph\">{\"@context\":\"https:\/\/schema.org\",\"@graph\":[{\"@type\":\"WebPage\",\"@id\":\"https:\/\/www.cinesouk.ma\/product\/molton-set-white-6x3m-kit-for-stage-projection-purposes-approx-20x10feet\/\",\"url\":\"https:\/\/www.cinesouk.ma\/product\/molton-set-white-6x3m-kit-for-stage-projection-purposes-approx-20x10feet\/\",\"name\":\"Molton Set White 6x3m kit - for stage projection purposes (approx 20x10feet) - CineSouk - For rent\",\"isPartOf\":{\"@id\":\"https:\/\/www.cinesouk.ma\/#website\"},\"primaryImageOfPage\":{\"@id\":\"https:\/\/www.cinesouk.ma\/product\/molton-set-white-6x3m-kit-for-stage-projection-purposes-approx-20x10feet\/#primaryimage\"},\"image\":{\"@id\":\"https:\/\/www.cinesouk.ma\/product\/molton-set-white-6x3m-kit-for-stage-projection-purposes-approx-20x10feet\/#primaryimage\"},\"thumbnailUrl\":\"https:\/\/www.cinesouk.ma\/wp-content\/uploads\/2025\/05\/Molton-Set-White-6x3m-kit-for-stage-projection-purposes-approx-20x10feet.jpg\",\"datePublished\":\"2025-05-24T09:06:47+00:00\",\"dateModified\":\"2025-07-01T08:13:57+00:00\",\"description\":\"Molton Set White 6x3m (20x10 ft), flame-retardant and projection-ready. Ideal for theater backdrops, stage projection, and light diffusion in event and studio setups.\",\"breadcrumb\":{\"@id\":\"https:\/\/www.cinesouk.ma\/product\/molton-set-white-6x3m-kit-for-stage-projection-purposes-approx-20x10feet\/#breadcrumb\"},\"inLanguage\":\"fr-FR\",\"potentialAction\":[{\"@type\":\"ReadAction\",\"target\":[\"https:\/\/www.cinesouk.ma\/product\/molton-set-white-6x3m-kit-for-stage-projection-purposes-approx-20x10feet\/\"]}]},{\"@type\":\"ImageObject\",\"inLanguage\":\"fr-FR\",\"@id\":\"https:\/\/www.cinesouk.ma\/product\/molton-set-white-6x3m-kit-for-stage-projection-purposes-approx-20x10feet\/#primaryimage\",\"url\":\"https:\/\/www.cinesouk.ma\/wp-content\/uploads\/2025\/05\/Molton-Set-White-6x3m-kit-for-stage-projection-purposes-approx-20x10feet.jpg\",\"contentUrl\":\"https:\/\/www.cinesouk.ma\/wp-content\/uploads\/2025\/05\/Molton-Set-White-6x3m-kit-for-stage-projection-purposes-approx-20x10feet.jpg\",\"width\":300,\"height\":238,\"caption\":\"Molton Set White 6x3m kit - for stage projection purposes (approx 20x10feet)\"},{\"@type\":\"BreadcrumbList\",\"@id\":\"https:\/\/www.cinesouk.ma\/product\/molton-set-white-6x3m-kit-for-stage-projection-purposes-approx-20x10feet\/#breadcrumb\",\"itemListElement\":[{\"@type\":\"ListItem\",\"position\":1,\"name\":\"Home\",\"item\":\"https:\/\/www.cinesouk.ma\/\"},{\"@type\":\"ListItem\",\"position\":2,\"name\":\"Shop\",\"item\":\"https:\/\/www.cinesouk.ma\/shop\/\"},{\"@type\":\"ListItem\",\"position\":3,\"name\":\"Molton Set White 6x3m kit &#8211; for stage projection purposes (approx 20x10feet)\"}]},{\"@type\":\"WebSite\",\"@id\":\"https:\/\/www.cinesouk.ma\/#website\",\"url\":\"https:\/\/www.cinesouk.ma\/\",\"name\":\"CineSouk\",\"description\":\"\",\"publisher\":{\"@id\":\"https:\/\/www.cinesouk.ma\/#organization\"},\"potentialAction\":[{\"@type\":\"SearchAction\",\"target\":{\"@type\":\"EntryPoint\",\"urlTemplate\":\"https:\/\/www.cinesouk.ma\/?s={search_term_string}\"},\"query-input\":{\"@type\":\"PropertyValueSpecification\",\"valueRequired\":true,\"valueName\":\"search_term_string\"}}],\"inLanguage\":\"fr-FR\"},{\"@type\":\"Organization\",\"@id\":\"https:\/\/www.cinesouk.ma\/#organization\",\"name\":\"CineSouk\",\"url\":\"https:\/\/www.cinesouk.ma\/\",\"logo\":{\"@type\":\"ImageObject\",\"inLanguage\":\"fr-FR\",\"@id\":\"https:\/\/www.cinesouk.ma\/#\/schema\/logo\/image\/\",\"url\":\"https:\/\/www.cinesouk.ma\/wp-content\/uploads\/2024\/01\/CineSouk-logo-v01-alpha-alligned-left.png\",\"contentUrl\":\"https:\/\/www.cinesouk.ma\/wp-content\/uploads\/2024\/01\/CineSouk-logo-v01-alpha-alligned-left.png\",\"width\":3204,\"height\":889,\"caption\":\"CineSouk\"},\"image\":{\"@id\":\"https:\/\/www.cinesouk.ma\/#\/schema\/logo\/image\/\"}}]}<\/script>\n<!-- \/ Yoast SEO Premium plugin. -->","yoast_head_json":{"title":"Molton Set White 6x3m kit - for stage projection purposes (approx 20x10feet) - CineSouk - For rent","description":"Molton Set White 6x3m (20x10 ft), flame-retardant and projection-ready. Ideal for theater backdrops, stage projection, and light diffusion in event and studio setups.","robots":{"index":"index","follow":"follow","max-snippet":"max-snippet:-1","max-image-preview":"max-image-preview:large","max-video-preview":"max-video-preview:-1"},"canonical":"https:\/\/www.cinesouk.ma\/fr\/produit\/molton-set-white-6x3m-kit-for-stage-projection-purposes-approx-20x10feet\/","og_locale":"fr_FR","og_type":"article","og_title":"Molton Set White 6x3m kit - for stage projection purposes (approx 20x10feet)","og_description":"White molton stage curtain 6x3m (20x10 ft), flame-retardant and projection-ready. Ideal for theater backdrops, stage projection, and light diffusion in event and studio setups.","og_url":"https:\/\/www.cinesouk.ma\/fr\/produit\/molton-set-white-6x3m-kit-for-stage-projection-purposes-approx-20x10feet\/","og_site_name":"CineSouk","article_modified_time":"2025-07-01T08:13:57+00:00","og_image":[{"width":300,"height":238,"url":"https:\/\/www.cinesouk.ma\/wp-content\/uploads\/2025\/05\/Molton-Set-White-6x3m-kit-for-stage-projection-purposes-approx-20x10feet.jpg","type":"image\/jpeg"}],"twitter_card":"summary_large_image","twitter_description":"White molton stage curtain 6x3m (20x10 ft), flame-retardant and projection-ready. Ideal for theater backdrops, stage projection, and light diffusion in event and studio setups.","twitter_misc":{"Dur\u00e9e de lecture estim\u00e9e":"2 minutes"},"schema":{"@context":"https:\/\/schema.org","@graph":[{"@type":"WebPage","@id":"https:\/\/www.cinesouk.ma\/product\/molton-set-white-6x3m-kit-for-stage-projection-purposes-approx-20x10feet\/","url":"https:\/\/www.cinesouk.ma\/product\/molton-set-white-6x3m-kit-for-stage-projection-purposes-approx-20x10feet\/","name":"Molton Set White 6x3m kit - for stage projection purposes (approx 20x10feet) - CineSouk - For rent","isPartOf":{"@id":"https:\/\/www.cinesouk.ma\/#website"},"primaryImageOfPage":{"@id":"https:\/\/www.cinesouk.ma\/product\/molton-set-white-6x3m-kit-for-stage-projection-purposes-approx-20x10feet\/#primaryimage"},"image":{"@id":"https:\/\/www.cinesouk.ma\/product\/molton-set-white-6x3m-kit-for-stage-projection-purposes-approx-20x10feet\/#primaryimage"},"thumbnailUrl":"https:\/\/www.cinesouk.ma\/wp-content\/uploads\/2025\/05\/Molton-Set-White-6x3m-kit-for-stage-projection-purposes-approx-20x10feet.jpg","datePublished":"2025-05-24T09:06:47+00:00","dateModified":"2025-07-01T08:13:57+00:00","description":"Molton Set White 6x3m (20x10 ft), flame-retardant and projection-ready. Ideal for theater backdrops, stage projection, and light diffusion in event and studio setups.","breadcrumb":{"@id":"https:\/\/www.cinesouk.ma\/product\/molton-set-white-6x3m-kit-for-stage-projection-purposes-approx-20x10feet\/#breadcrumb"},"inLanguage":"fr-FR","potentialAction":[{"@type":"ReadAction","target":["https:\/\/www.cinesouk.ma\/product\/molton-set-white-6x3m-kit-for-stage-projection-purposes-approx-20x10feet\/"]}]},{"@type":"ImageObject","inLanguage":"fr-FR","@id":"https:\/\/www.cinesouk.ma\/product\/molton-set-white-6x3m-kit-for-stage-projection-purposes-approx-20x10feet\/#primaryimage","url":"https:\/\/www.cinesouk.ma\/wp-content\/uploads\/2025\/05\/Molton-Set-White-6x3m-kit-for-stage-projection-purposes-approx-20x10feet.jpg","contentUrl":"https:\/\/www.cinesouk.ma\/wp-content\/uploads\/2025\/05\/Molton-Set-White-6x3m-kit-for-stage-projection-purposes-approx-20x10feet.jpg","width":300,"height":238,"caption":"Molton Set White 6x3m kit - for stage projection purposes (approx 20x10feet)"},{"@type":"BreadcrumbList","@id":"https:\/\/www.cinesouk.ma\/product\/molton-set-white-6x3m-kit-for-stage-projection-purposes-approx-20x10feet\/#breadcrumb","itemListElement":[{"@type":"ListItem","position":1,"name":"Home","item":"https:\/\/www.cinesouk.ma\/"},{"@type":"ListItem","position":2,"name":"Shop","item":"https:\/\/www.cinesouk.ma\/shop\/"},{"@type":"ListItem","position":3,"name":"Molton Set White 6x3m kit &#8211; for stage projection purposes (approx 20x10feet)"}]},{"@type":"WebSite","@id":"https:\/\/www.cinesouk.ma\/#website","url":"https:\/\/www.cinesouk.ma\/","name":"CineSouk","description":"","publisher":{"@id":"https:\/\/www.cinesouk.ma\/#organization"},"potentialAction":[{"@type":"SearchAction","target":{"@type":"EntryPoint","urlTemplate":"https:\/\/www.cinesouk.ma\/?s={search_term_string}"},"query-input":{"@type":"PropertyValueSpecification","valueRequired":true,"valueName":"search_term_string"}}],"inLanguage":"fr-FR"},{"@type":"Organization","@id":"https:\/\/www.cinesouk.ma\/#organization","name":"CineSouk","url":"https:\/\/www.cinesouk.ma\/","logo":{"@type":"ImageObject","inLanguage":"fr-FR","@id":"https:\/\/www.cinesouk.ma\/#\/schema\/logo\/image\/","url":"https:\/\/www.cinesouk.ma\/wp-content\/uploads\/2024\/01\/CineSouk-logo-v01-alpha-alligned-left.png","contentUrl":"https:\/\/www.cinesouk.ma\/wp-content\/uploads\/2024\/01\/CineSouk-logo-v01-alpha-alligned-left.png","width":3204,"height":889,"caption":"CineSouk"},"image":{"@id":"https:\/\/www.cinesouk.ma\/#\/schema\/logo\/image\/"}}]}},"_links":{"self":[{"href":"https:\/\/www.cinesouk.ma\/fr\/wp-json\/wp\/v2\/product\/13408","targetHints":{"allow":["GET"]}}],"collection":[{"href":"https:\/\/www.cinesouk.ma\/fr\/wp-json\/wp\/v2\/product"}],"about":[{"href":"https:\/\/www.cinesouk.ma\/fr\/wp-json\/wp\/v2\/types\/product"}],"wp:featuredmedia":[{"embeddable":true,"href":"https:\/\/www.cinesouk.ma\/fr\/wp-json\/wp\/v2\/media\/13419"}],"wp:attachment":[{"href":"https:\/\/www.cinesouk.ma\/fr\/wp-json\/wp\/v2\/media?parent=13408"}],"wp:term":[{"taxonomy":"product_brand","embeddable":true,"href":"https:\/\/www.cinesouk.ma\/fr\/wp-json\/wp\/v2\/product_brand?post=13408"},{"taxonomy":"product_cat","embeddable":true,"href":"https:\/\/www.cinesouk.ma\/fr\/wp-json\/wp\/v2\/product_cat?post=13408"},{"taxonomy":"product_tag","embeddable":true,"href":"https:\/\/www.cinesouk.ma\/fr\/wp-json\/wp\/v2\/product_tag?post=13408"}],"curies":[{"name":"wp","href":"https:\/\/api.w.org\/{rel}","templated":true}]}}